{"id":99687,"date":"2025-02-24T15:00:06","date_gmt":"2025-02-24T14:00:06","guid":{"rendered":"https:\/\/cheznu.tv\/familymanagement\/?post_type=product&#038;p=99687"},"modified":"2025-06-16T10:14:41","modified_gmt":"2025-06-16T08:14:41","slug":"umhaengetasche-turin-schnittmuster","status":"publish","type":"product","link":"https:\/\/cheznu.tv\/familymanagement\/produkt\/umhaengetasche-turin-schnittmuster\/","title":{"rendered":"Umh\u00e4ngetasche Turin \u2728 praktisch, modern &#038; vielseitig \ud83d\ude0a Schnittmuster"},"content":{"rendered":"<p>Die N\u00e4hanleitung f\u00fcr die Umh\u00e4ngetasche Turin mit vielen Bildern sowie das Anleitungsvideo findest Du hier:<\/p>\n<p><a href=\"https:\/\/cheznu.tv\/familymanagement\/umhaengetasche-turin-anleitung\/\">Umh\u00e4ngetasche Turin<\/a><\/p>\n<p><a href='https:\/\/www.spoonflower.com\/profiles\/cheznu_tv' target='_blank' title='Spoonflower-Shop mit den ChezNU-Designs'>Unseren neuen Spoonflower-Shop mit Stoffen im ChezNU-Design findest Du hier.<\/a><\/p><p>Neben dem Schnittmuster \/ Schema \/ Anleitung \/ Plotterdatei erh\u00e4ltst Du als Teil der erworbenen Leistung (gilt auch f\u00fcr kostenlose Produkte) auch unseren kostenlosen Newsletter \u201eSchnittmuster-Alarm\u201c. Im Schnittmuster-Alarm informieren wir haupts\u00e4chlich, aber nicht ausschliesslich \u00fcber neue Schnittmuster, Anleitungen, DIY-Projekte, Angebote in unserem Shop, Angebote in anderen Shops, Materialbezugsquellen und allem was irgendwie mit N\u00e4hen, H\u00e4keln, Basteln, Stricken, Upcycling, Organisation und Familie zu tun hat.<\/p><p>Nach Deiner Bestellung erh\u00e4ltst Du die E-Mails automatisch. Du kannst sie allerdings jederzeit und ohne Angabe von Gr\u00fcnden \u00fcber den Link am Ende jeder E-Mail abbestellen.<br>\n\tDie Transparenzerkl\u00e4rung zu unserem Schnittmuster-Alarm findest Du <a title='Transparenzerkl\u00e4rung' href='https:\/\/cheznu.tv\/familymanagement\/transparenzerklaerung-zum-schnittmuster-alarm-newsletter\/' target='_blank'>hier<\/a><\/p>\n<p><strong>Zum Schnittmuster<\/strong><\/p>\n<p><em>Lieferform: Digital (Download)<\/em><\/p>\n<p>Das Schnittmuster kommt als PDF, wenn es sich um mehrere PDFs handelt packen wir diese in eine ZIP-Datei. Diese muss erst abgespeichert und entpackt werden, bevor man sie auf A4-Papier (Standard) ausdrucken und dann zusammenkleben kann.<br \/>\nFalls Du das noch nie gemacht hast findest Du eine Anleitung in unseren <a href=\"https:\/\/cheznu.tv\/familymanagement\/faq\/\">FAQs<\/a>.<\/p>\n<p>So entf\u00e4llt das l\u00e4stige Schnittmuster kopieren mit teurem Seidenpapier. Das Schnittmuster kann nach dem Zusammenkleben direkt ausgeschnitten werden.<\/p>\n<p>Wie das mit dem Zusammenkleben funktioniert haben wir hier kurz erkl\u00e4rt.<br \/>\n<a href=\"http:\/\/cheznu.tv\/familymanagement\/so-gehts\/\">So geht\u00b4s<\/a>.<\/p>\n<p><em>Lieferform Papier (Post)<\/em><\/p>\n<p>Du erh\u00e4ltst einen oder mehrere Papierb\u00f6gen mit dem Schnittmuster. Die Teile \u00fcberlappen sich nicht. Du kannst sie also wahlweise ausschneiden oder auf Schnittmusterpapier kopieren.<br \/>\nWir versenden in der Regel sp\u00e4testens nach 7 Tagen, aber meistens viel schneller.<\/p>\n<p>Eine Ausf\u00fchrliche, reichlich bebilderte N\u00e4hanleitung liegt dem Schnittmuster bei.<\/p>\n<p>&nbsp;<\/p>\n<p>&nbsp;<\/p>\n<p>Dieser Schnitt darf zu privaten Zwecken und zur Fertigung von Einzelst\u00fccken\/Kleinserien (bis 5 Modelle) unter Nennung der Herkunft verwendet werden (ChezNU.TV). Massenproduktion der fertigen Ware sowie Kopieren, Weitergabe, Abdruck oder Ver\u00f6ffentlichung (auch teilweise) des Schnittmusters bedarf der schriftlichen Genehmigung. Wenn Du Dir nicht sicher bist, schreibe uns einfach kurz eine <a href=\"mailto:nu@cheznu.tv\">E-Mail.<\/a><\/p>\n","protected":false},"excerpt":{"rendered":"<p data-start=\"65\" data-end=\"410\">Die <strong data-start=\"69\" data-end=\"92\">Umh\u00e4ngetasche Turin<\/strong> ist der perfekte Begleiter f\u00fcr unterwegs! \ud83c\udf92 Ob <strong data-start=\"141\" data-end=\"170\">vorne oder auf dem R\u00fccken<\/strong> getragen \u2013 sie sitzt bequem und bietet schnellen Zugriff auf den Inhalt. Dank des <strong data-start=\"253\" data-end=\"283\">Reissverschluss-Hauptfachs<\/strong> sind Deine Sachen sicher verstaut, w\u00e4hrend die <strong data-start=\"331\" data-end=\"367\">Aussentasche mit Paspel-Eingriff<\/strong> ideal f\u00fcr Handy oder Schl\u00fcssel ist. \ud83d\udcf1\ud83d\udd11<\/p>\n<p data-start=\"412\" data-end=\"681\">Innen sorgen <strong data-start=\"425\" data-end=\"485\">2 praktische Innentaschen mit individueller Unterteilung<\/strong> f\u00fcr Ordnung.\u00a0\u2728<\/p>\n<p data-start=\"765\" data-end=\"840\"><strong data-start=\"765\" data-end=\"835\">N\u00e4he Dir jetzt Deine eigene stylische &amp; funktionale Crossbody-Bag!<\/strong> \ud83d\udc95<\/p>\n<p>Beim Schnittmuster ist noch ein ausf\u00fchrliches E-Book dabei, die \u00f6ffentliche Videoanleitung findest Du weiter unten verlinkt.<\/p>\n","protected":false},"featured_media":99692,"comment_status":"open","ping_status":"closed","template":"","meta":[],"product_brand":[],"product_cat":[809,901,810,3901,811,812,1071],"product_tag":[4573,4574,4575,1175,1252,4576,4572],"class_list":{"0":"post-99687","1":"product","2":"type-product","3":"status-publish","4":"has-post-thumbnail","6":"product_cat-accessories","7":"product_cat-muttertag","8":"product_cat-naehen","9":"product_cat-papierschnittmuster","10":"product_cat-schnittmuster","11":"product_cat-tasche","12":"product_cat-urlaub","13":"product_tag-crossbody-bag-naehen","14":"product_tag-diy-tasche-naehen","15":"product_tag-einfache-tasche-naehen","16":"product_tag-naehen-fuer-anfaenger","17":"product_tag-tasche-mit-reissverschluss","18":"product_tag-tasche-selber-machen","19":"product_tag-umhaengetasche-naehen","20":"product_shipping_class-grossbrief","22":"first","23":"instock","24":"shipping-taxable","25":"purchasable","26":"product-type-variable"},"yoast_head":"<!-- This site is optimized with the Yoast SEO plugin v27.5 - https:\/\/yoast.com\/product\/yoast-seo-wordpress\/ -->\n<title>Schnittmuster \u2702\ufe0f Einfache Umh\u00e4ngetasche mit Reissverschluss<\/title>\n<meta name=\"description\" content=\"N\u00e4he eine Crossbody-Tasche mit Reissverschluss &amp; Innentaschen! \ud83c\udf92 Perfekt f\u00fcr unterwegs &amp; einfach zu n\u00e4hen \u2013 auch f\u00fcr Anf\u00e4nger. \u2702\ufe0f\ud83e\uddf5 Jetzt Video anschauen!\" \/>\n<meta name=\"robots\" content=\"index, follow, max-snippet:-1, max-image-preview:large, max-video-preview:-1\" \/>\n<link rel=\"canonical\" href=\"https:\/\/cheznu.tv\/familymanagement\/produkt\/umhaengetasche-turin-schnittmuster\/\" \/>\n<meta property=\"og:locale\" content=\"de_DE\" \/>\n<meta property=\"og:type\" content=\"article\" \/>\n<meta property=\"og:title\" content=\"Schnittmuster \u2702\ufe0f Einfache Umh\u00e4ngetasche mit Reissverschluss\" \/>\n<meta property=\"og:description\" content=\"N\u00e4he eine Crossbody-Tasche mit Reissverschluss &amp; Innentaschen! \ud83c\udf92 Perfekt f\u00fcr unterwegs &amp; einfach zu n\u00e4hen \u2013 auch f\u00fcr Anf\u00e4nger. \u2702\ufe0f\ud83e\uddf5 Jetzt Video anschauen!\" \/>\n<meta property=\"og:url\" content=\"https:\/\/cheznu.tv\/familymanagement\/produkt\/umhaengetasche-turin-schnittmuster\/\" \/>\n<meta property=\"og:site_name\" content=\"ChezNU.TV\" \/>\n<meta property=\"article:publisher\" content=\"https:\/\/www.facebook.com\/cheznutv\/\" \/>\n<meta property=\"article:modified_time\" content=\"2025-06-16T08:14:41+00:00\" \/>\n<meta property=\"og:image\" content=\"https:\/\/cheznu.tv\/familymanagement\/wp-content\/uploads\/2025\/02\/Schnittmuster-Umhaengetasche-Turin-mit-Reissverschluss-einfacher-Zugriff.jpg\" \/>\n\t<meta property=\"og:image:width\" content=\"1080\" \/>\n\t<meta property=\"og:image:height\" content=\"1080\" \/>\n\t<meta property=\"og:image:type\" content=\"image\/jpeg\" \/>\n<meta name=\"twitter:card\" content=\"summary_large_image\" \/>\n<meta name=\"twitter:site\" content=\"@cheznu_family\" \/>\n<meta name=\"twitter:label1\" content=\"Gesch\u00e4tzte Lesezeit\" \/>\n\t<meta name=\"twitter:data1\" content=\"2\u00a0Minuten\" \/>\n<script type=\"application\/ld+json\" class=\"yoast-schema-graph\">{\"@context\":\"https:\\\/\\\/schema.org\",\"@graph\":[{\"@type\":\"WebPage\",\"@id\":\"https:\\\/\\\/cheznu.tv\\\/familymanagement\\\/produkt\\\/umhaengetasche-turin-schnittmuster\\\/\",\"url\":\"https:\\\/\\\/cheznu.tv\\\/familymanagement\\\/produkt\\\/umhaengetasche-turin-schnittmuster\\\/\",\"name\":\"Schnittmuster \u2702\ufe0f Einfache Umh\u00e4ngetasche mit Reissverschluss\",\"isPartOf\":{\"@id\":\"https:\\\/\\\/cheznu.tv\\\/familymanagement\\\/#website\"},\"primaryImageOfPage\":{\"@id\":\"https:\\\/\\\/cheznu.tv\\\/familymanagement\\\/produkt\\\/umhaengetasche-turin-schnittmuster\\\/#primaryimage\"},\"image\":{\"@id\":\"https:\\\/\\\/cheznu.tv\\\/familymanagement\\\/produkt\\\/umhaengetasche-turin-schnittmuster\\\/#primaryimage\"},\"thumbnailUrl\":\"https:\\\/\\\/cheznu.tv\\\/familymanagement\\\/wp-content\\\/uploads\\\/2025\\\/02\\\/Schnittmuster-Umhaengetasche-Turin-mit-Reissverschluss-einfacher-Zugriff.jpg\",\"datePublished\":\"2025-02-24T14:00:06+00:00\",\"dateModified\":\"2025-06-16T08:14:41+00:00\",\"description\":\"N\u00e4he eine Crossbody-Tasche mit Reissverschluss & Innentaschen! \ud83c\udf92 Perfekt f\u00fcr unterwegs & einfach zu n\u00e4hen \u2013 auch f\u00fcr Anf\u00e4nger. \u2702\ufe0f\ud83e\uddf5 Jetzt Video anschauen!\",\"breadcrumb\":{\"@id\":\"https:\\\/\\\/cheznu.tv\\\/familymanagement\\\/produkt\\\/umhaengetasche-turin-schnittmuster\\\/#breadcrumb\"},\"inLanguage\":\"de\",\"potentialAction\":[{\"@type\":\"ReadAction\",\"target\":[\"https:\\\/\\\/cheznu.tv\\\/familymanagement\\\/produkt\\\/umhaengetasche-turin-schnittmuster\\\/\"]}]},{\"@type\":\"ImageObject\",\"inLanguage\":\"de\",\"@id\":\"https:\\\/\\\/cheznu.tv\\\/familymanagement\\\/produkt\\\/umhaengetasche-turin-schnittmuster\\\/#primaryimage\",\"url\":\"https:\\\/\\\/cheznu.tv\\\/familymanagement\\\/wp-content\\\/uploads\\\/2025\\\/02\\\/Schnittmuster-Umhaengetasche-Turin-mit-Reissverschluss-einfacher-Zugriff.jpg\",\"contentUrl\":\"https:\\\/\\\/cheznu.tv\\\/familymanagement\\\/wp-content\\\/uploads\\\/2025\\\/02\\\/Schnittmuster-Umhaengetasche-Turin-mit-Reissverschluss-einfacher-Zugriff.jpg\",\"width\":1080,\"height\":1080,\"caption\":\"Schnittmuster Umh\u00e4ngetasche Turin mit Reissverschluss - einfacher Zugriff\"},{\"@type\":\"BreadcrumbList\",\"@id\":\"https:\\\/\\\/cheznu.tv\\\/familymanagement\\\/produkt\\\/umhaengetasche-turin-schnittmuster\\\/#breadcrumb\",\"itemListElement\":[{\"@type\":\"ListItem\",\"position\":1,\"name\":\"Startseite\",\"item\":\"https:\\\/\\\/cheznu.tv\\\/familymanagement\\\/\"},{\"@type\":\"ListItem\",\"position\":2,\"name\":\"Shop\",\"item\":\"https:\\\/\\\/cheznu.tv\\\/familymanagement\\\/shop\\\/\"},{\"@type\":\"ListItem\",\"position\":3,\"name\":\"Umh\u00e4ngetasche Turin \u2728 praktisch, modern &#038; vielseitig \ud83d\ude0a Schnittmuster\"}]},{\"@type\":\"WebSite\",\"@id\":\"https:\\\/\\\/cheznu.tv\\\/familymanagement\\\/#website\",\"url\":\"https:\\\/\\\/cheznu.tv\\\/familymanagement\\\/\",\"name\":\"ChezNU.TV\",\"description\":\"N\u00e4hen | Basteln | Haushalt | Familie\",\"potentialAction\":[{\"@type\":\"SearchAction\",\"target\":{\"@type\":\"EntryPoint\",\"urlTemplate\":\"https:\\\/\\\/cheznu.tv\\\/familymanagement\\\/?s={search_term_string}\"},\"query-input\":{\"@type\":\"PropertyValueSpecification\",\"valueRequired\":true,\"valueName\":\"search_term_string\"}}],\"inLanguage\":\"de\"}]}<\/script>\n<!-- \/ Yoast SEO plugin. -->","yoast_head_json":{"title":"Schnittmuster \u2702\ufe0f Einfache Umh\u00e4ngetasche mit Reissverschluss","description":"N\u00e4he eine Crossbody-Tasche mit Reissverschluss & Innentaschen! \ud83c\udf92 Perfekt f\u00fcr unterwegs & einfach zu n\u00e4hen \u2013 auch f\u00fcr Anf\u00e4nger. \u2702\ufe0f\ud83e\uddf5 Jetzt Video anschauen!","robots":{"index":"index","follow":"follow","max-snippet":"max-snippet:-1","max-image-preview":"max-image-preview:large","max-video-preview":"max-video-preview:-1"},"canonical":"https:\/\/cheznu.tv\/familymanagement\/produkt\/umhaengetasche-turin-schnittmuster\/","og_locale":"de_DE","og_type":"article","og_title":"Schnittmuster \u2702\ufe0f Einfache Umh\u00e4ngetasche mit Reissverschluss","og_description":"N\u00e4he eine Crossbody-Tasche mit Reissverschluss & Innentaschen! \ud83c\udf92 Perfekt f\u00fcr unterwegs & einfach zu n\u00e4hen \u2013 auch f\u00fcr Anf\u00e4nger. \u2702\ufe0f\ud83e\uddf5 Jetzt Video anschauen!","og_url":"https:\/\/cheznu.tv\/familymanagement\/produkt\/umhaengetasche-turin-schnittmuster\/","og_site_name":"ChezNU.TV","article_publisher":"https:\/\/www.facebook.com\/cheznutv\/","article_modified_time":"2025-06-16T08:14:41+00:00","og_image":[{"width":1080,"height":1080,"url":"https:\/\/cheznu.tv\/familymanagement\/wp-content\/uploads\/2025\/02\/Schnittmuster-Umhaengetasche-Turin-mit-Reissverschluss-einfacher-Zugriff.jpg","type":"image\/jpeg"}],"twitter_card":"summary_large_image","twitter_site":"@cheznu_family","twitter_misc":{"Gesch\u00e4tzte Lesezeit":"2\u00a0Minuten"},"schema":{"@context":"https:\/\/schema.org","@graph":[{"@type":"WebPage","@id":"https:\/\/cheznu.tv\/familymanagement\/produkt\/umhaengetasche-turin-schnittmuster\/","url":"https:\/\/cheznu.tv\/familymanagement\/produkt\/umhaengetasche-turin-schnittmuster\/","name":"Schnittmuster \u2702\ufe0f Einfache Umh\u00e4ngetasche mit Reissverschluss","isPartOf":{"@id":"https:\/\/cheznu.tv\/familymanagement\/#website"},"primaryImageOfPage":{"@id":"https:\/\/cheznu.tv\/familymanagement\/produkt\/umhaengetasche-turin-schnittmuster\/#primaryimage"},"image":{"@id":"https:\/\/cheznu.tv\/familymanagement\/produkt\/umhaengetasche-turin-schnittmuster\/#primaryimage"},"thumbnailUrl":"https:\/\/cheznu.tv\/familymanagement\/wp-content\/uploads\/2025\/02\/Schnittmuster-Umhaengetasche-Turin-mit-Reissverschluss-einfacher-Zugriff.jpg","datePublished":"2025-02-24T14:00:06+00:00","dateModified":"2025-06-16T08:14:41+00:00","description":"N\u00e4he eine Crossbody-Tasche mit Reissverschluss & Innentaschen! \ud83c\udf92 Perfekt f\u00fcr unterwegs & einfach zu n\u00e4hen \u2013 auch f\u00fcr Anf\u00e4nger. \u2702\ufe0f\ud83e\uddf5 Jetzt Video anschauen!","breadcrumb":{"@id":"https:\/\/cheznu.tv\/familymanagement\/produkt\/umhaengetasche-turin-schnittmuster\/#breadcrumb"},"inLanguage":"de","potentialAction":[{"@type":"ReadAction","target":["https:\/\/cheznu.tv\/familymanagement\/produkt\/umhaengetasche-turin-schnittmuster\/"]}]},{"@type":"ImageObject","inLanguage":"de","@id":"https:\/\/cheznu.tv\/familymanagement\/produkt\/umhaengetasche-turin-schnittmuster\/#primaryimage","url":"https:\/\/cheznu.tv\/familymanagement\/wp-content\/uploads\/2025\/02\/Schnittmuster-Umhaengetasche-Turin-mit-Reissverschluss-einfacher-Zugriff.jpg","contentUrl":"https:\/\/cheznu.tv\/familymanagement\/wp-content\/uploads\/2025\/02\/Schnittmuster-Umhaengetasche-Turin-mit-Reissverschluss-einfacher-Zugriff.jpg","width":1080,"height":1080,"caption":"Schnittmuster Umh\u00e4ngetasche Turin mit Reissverschluss - einfacher Zugriff"},{"@type":"BreadcrumbList","@id":"https:\/\/cheznu.tv\/familymanagement\/produkt\/umhaengetasche-turin-schnittmuster\/#breadcrumb","itemListElement":[{"@type":"ListItem","position":1,"name":"Startseite","item":"https:\/\/cheznu.tv\/familymanagement\/"},{"@type":"ListItem","position":2,"name":"Shop","item":"https:\/\/cheznu.tv\/familymanagement\/shop\/"},{"@type":"ListItem","position":3,"name":"Umh\u00e4ngetasche Turin \u2728 praktisch, modern &#038; vielseitig \ud83d\ude0a Schnittmuster"}]},{"@type":"WebSite","@id":"https:\/\/cheznu.tv\/familymanagement\/#website","url":"https:\/\/cheznu.tv\/familymanagement\/","name":"ChezNU.TV","description":"N\u00e4hen | Basteln | Haushalt | Familie","potentialAction":[{"@type":"SearchAction","target":{"@type":"EntryPoint","urlTemplate":"https:\/\/cheznu.tv\/familymanagement\/?s={search_term_string}"},"query-input":{"@type":"PropertyValueSpecification","valueRequired":true,"valueName":"search_term_string"}}],"inLanguage":"de"}]}},"_links":{"self":[{"href":"https:\/\/cheznu.tv\/familymanagement\/wp-json\/wp\/v2\/product\/99687","targetHints":{"allow":["GET"]}}],"collection":[{"href":"https:\/\/cheznu.tv\/familymanagement\/wp-json\/wp\/v2\/product"}],"about":[{"href":"https:\/\/cheznu.tv\/familymanagement\/wp-json\/wp\/v2\/types\/product"}],"replies":[{"embeddable":true,"href":"https:\/\/cheznu.tv\/familymanagement\/wp-json\/wp\/v2\/comments?post=99687"}],"wp:featuredmedia":[{"embeddable":true,"href":"https:\/\/cheznu.tv\/familymanagement\/wp-json\/wp\/v2\/media\/99692"}],"wp:attachment":[{"href":"https:\/\/cheznu.tv\/familymanagement\/wp-json\/wp\/v2\/media?parent=99687"}],"wp:term":[{"taxonomy":"product_brand","embeddable":true,"href":"https:\/\/cheznu.tv\/familymanagement\/wp-json\/wp\/v2\/product_brand?post=99687"},{"taxonomy":"product_cat","embeddable":true,"href":"https:\/\/cheznu.tv\/familymanagement\/wp-json\/wp\/v2\/product_cat?post=99687"},{"taxonomy":"product_tag","embeddable":true,"href":"https:\/\/cheznu.tv\/familymanagement\/wp-json\/wp\/v2\/product_tag?post=99687"}],"curies":[{"name":"wp","href":"https:\/\/api.w.org\/{rel}","templated":true}]}}