{"id":98090,"date":"2024-12-16T15:40:30","date_gmt":"2024-12-16T14:40:30","guid":{"rendered":"https:\/\/cheznu.tv\/familymanagement\/?post_type=product&#038;p=98090"},"modified":"2025-06-16T10:14:41","modified_gmt":"2025-06-16T08:14:41","slug":"rock-victoria-schnittmuster","status":"publish","type":"product","link":"https:\/\/cheznu.tv\/familymanagement\/produkt\/rock-victoria-schnittmuster\/","title":{"rendered":"Rock Victoria \u2702\ufe0f 120 Minuten Rock \u23f0 Gr\u00f6sse 36-52 \u2702\ufe0f einfaches Schnittmuster f\u00fcr Anf\u00e4nger"},"content":{"rendered":"<p>Das Anleitungsvideo f\u00fcr den Rock findest Du hier:<\/p>\n<p><a href=\"https:\/\/cheznu.tv\/familymanagement\/rock-victoria-anleitung\/\">120 Minuten \u23f0 Rock n\u00e4hen mit einfachem Schnittmuster f\u00fcr Anf\u00e4nger \ud83c\udd93 Rock Victoria<\/a><\/p>\n<p><a href='https:\/\/www.spoonflower.com\/profiles\/cheznu_tv' target='_blank' title='Spoonflower-Shop mit den ChezNU-Designs'>Unseren neuen Spoonflower-Shop mit Stoffen im ChezNU-Design findest Du hier.<\/a><\/p><p>Neben dem Schnittmuster \/ Schema \/ Anleitung \/ Plotterdatei erh\u00e4ltst Du als Teil der erworbenen Leistung (gilt auch f\u00fcr kostenlose Produkte) auch unseren kostenlosen Newsletter \u201eSchnittmuster-Alarm\u201c. Im Schnittmuster-Alarm informieren wir haupts\u00e4chlich, aber nicht ausschliesslich \u00fcber neue Schnittmuster, Anleitungen, DIY-Projekte, Angebote in unserem Shop, Angebote in anderen Shops, Materialbezugsquellen und allem was irgendwie mit N\u00e4hen, H\u00e4keln, Basteln, Stricken, Upcycling, Organisation und Familie zu tun hat.<\/p><p>Nach Deiner Bestellung erh\u00e4ltst Du die E-Mails automatisch. Du kannst sie allerdings jederzeit und ohne Angabe von Gr\u00fcnden \u00fcber den Link am Ende jeder E-Mail abbestellen.<br>\n\tDie Transparenzerkl\u00e4rung zu unserem Schnittmuster-Alarm findest Du <a title='Transparenzerkl\u00e4rung' href='https:\/\/cheznu.tv\/familymanagement\/transparenzerklaerung-zum-schnittmuster-alarm-newsletter\/' target='_blank'>hier<\/a><\/p>\n<p><strong>Zum Schnittmuster<\/strong><\/p>\n<p><em>Lieferform: Digital (Download)<\/em><\/p>\n<p>Das Schnittmuster kommt als PDF, wenn es sich um mehrere PDFs handelt packen wir diese in eine ZIP-Datei. Diese muss erst abgespeichert und entpackt werden, bevor man sie auf A4-Papier (Standard) ausdrucken und dann zusammenkleben kann.<br \/>\nFalls Du das noch nie gemacht hast findest Du eine Anleitung in unseren <a href=\"https:\/\/cheznu.tv\/familymanagement\/faq\/\">FAQs<\/a>.<\/p>\n<p>So entf\u00e4llt das l\u00e4stige Schnittmuster kopieren mit teurem Seidenpapier. Das Schnittmuster kann nach dem Zusammenkleben direkt ausgeschnitten werden.<\/p>\n<p>Bitte beachte, die richtigen Druckoptionen einzustellen. Das funktioniert genauso, wie bei Burda.<br \/>\n<a href=\"https:\/\/cheznu.tv\/familymanagement\/schnittmuster-ausdrucken-und-zusammenkleben\/\">Schnittmuster ausdrucken und zuammenkleben<\/a><\/p>\n<p><em>Lieferform Papier (Post)<\/em><\/p>\n<p>Du erh\u00e4ltst einen oder mehrere Papierb\u00f6gen mit dem Schnittmuster. Die Teile \u00fcberlappen sich nicht. Du kannst sie also wahlweise ausschneiden oder auf Schnittmusterpapier kopieren.<br \/>\nWir versenden in der Regel sp\u00e4testens nach 7 Tagen, aber meistens viel schneller.<\/p>\n<p>Eine Ausf\u00fchrliche, reichlich bebilderte N\u00e4hanleitung liegt dem Schnittmuster bei.<\/p>\n<p>&nbsp;<\/p>\n<p>Wie das mit dem Zusammenkleben funktioniert haben wir hier kurz erkl\u00e4rt.<br \/>\n<a href=\"http:\/\/cheznu.tv\/familymanagement\/so-gehts\/\">So geht\u00b4s<\/a>.<\/p>\n<p>Dieser Schnitt darf zu privaten Zwecken und zur Fertigung von Einzelst\u00fccken\/Kleinserien (bis 5 Modelle) unter Nennung der Herkunft verwendet werden (ChezNU.TV). Massenproduktion der fertigen Ware sowie Kopieren, Weitergabe, Abdruck oder Ver\u00f6ffentlichung (auch teilweise) des Schnittmusters bedarf der schriftlichen Genehmigung. Wenn Du Dir nicht sicher bist, schreibe uns einfach kurz eine <a href=\"mailto:nu@cheznu.tv\">E-Mail.<\/a><\/p>\n<p><img decoding=\"async\" src=\"https:\/\/klick.cheznu.tv\/pix\/1s8wz4na2zfz75e5\" width=\"1\" height=\"1\" \/><\/p>\n","protected":false},"excerpt":{"rendered":"<p>Dieses Schnittmuster ist perfekt f\u00fcr alle, die <strong>schnell<\/strong> und <strong>einfach<\/strong> einen<strong> eleganten Rock n\u00e4hen<\/strong> m\u00f6chten. Mit <strong>Gummizug<\/strong>, <strong>leichtem Flair<\/strong> und einer L\u00e4nge von ca. 70 cm passt der <strong>Rock zu jeder Gelegenheit<\/strong>.<\/p>\n<p>Egal ob aus Seide, Kunstseide oder leichten Webstoffen \u2013 dieses Projekt ist <strong>ideal f\u00fcr Anf\u00e4nger<\/strong> und erfahrene N\u00e4herinnen. Lade es jetzt herunter und starte Dein neues N\u00e4hprojekt!<\/p>\n<p>Eine <strong>Videoanleitungen <\/strong>findest Du weiter unten verlinkt ausserdem ist beim Schnittmuster eine ausf\u00fchrliche und reichlich bebilderte Anleitung dabei.<\/p>\n<p>Solltest Du dar\u00fcber hinaus noch fragen zum Schnittmuster haben, schreib uns gerne an: <a href=\"mailto:schnittmuster@cheznu.tv\">schnittmuster@cheznu.tv<\/a><\/p>\n","protected":false},"featured_media":98159,"comment_status":"open","ping_status":"closed","template":"","meta":[],"product_brand":[],"product_cat":[822,810,3901,4392,2805,811,1071,1028,851],"product_tag":[4428,4439,2938,4429,4427,1947,4436,4434,4441,4440,4431,4438,4433,4425,4430,4426,4435,4437],"class_list":{"0":"post-98090","1":"product","2":"type-product","3":"status-publish","4":"has-post-thumbnail","6":"product_cat-kleidung","7":"product_cat-naehen","8":"product_cat-papierschnittmuster","9":"product_cat-rock-kleidung","10":"product_cat-romantisch","11":"product_cat-schnittmuster","12":"product_cat-urlaub","13":"product_cat-valentinstag","14":"product_cat-weihnachten","15":"product_tag-anfaenger-schnittmuster","16":"product_tag-diy-rock","17":"product_tag-einfacher-rock","18":"product_tag-eleganter-rock","19":"product_tag-gummizug-naehen","20":"product_tag-kostenloses-schnittmuster","21":"product_tag-kunstseide-naehen","22":"product_tag-leichter-rock","23":"product_tag-naehanleitung-rock","24":"product_tag-naehidee-einfach","25":"product_tag-naehprojekt-anfaenger","26":"product_tag-rock-fuer-anfaenger","27":"product_tag-rock-mit-gummibund","28":"product_tag-rock-naehen","29":"product_tag-schneller-rock","30":"product_tag-schnittmuster-rock","31":"product_tag-seidenrock","32":"product_tag-webstoffe-naehen","33":"product_shipping_class-grossbrief","35":"first","36":"instock","37":"shipping-taxable","38":"purchasable","39":"product-type-variable","40":"has-default-attributes"},"yoast_head":"<!-- This site is optimized with the Yoast SEO plugin v27.4 - https:\/\/yoast.com\/product\/yoast-seo-wordpress\/ -->\n<title>Einfaches Schnittmuster Rock \u2013 Einfach &amp; schnell n\u00e4hen! \ud83d\udc57\u2728<\/title>\n<meta name=\"description\" content=\"Eleganter Rock mit Gummizug in nur 120 Minuten n\u00e4hen! Perfektes Schnittmuster f\u00fcr Anf\u00e4nger und Profis \u2013 Wirklich einfach zu n\u00e4hen. Jetzt downloaden! \u2702\ufe0f\ud83e\uddf5\" \/>\n<meta name=\"robots\" content=\"index, follow, max-snippet:-1, max-image-preview:large, max-video-preview:-1\" \/>\n<link rel=\"canonical\" href=\"https:\/\/cheznu.tv\/familymanagement\/produkt\/rock-victoria-schnittmuster\/\" \/>\n<meta property=\"og:locale\" content=\"de_DE\" \/>\n<meta property=\"og:type\" content=\"article\" \/>\n<meta property=\"og:title\" content=\"Einfaches Schnittmuster Rock \u2013 Einfach &amp; schnell n\u00e4hen! \ud83d\udc57\u2728\" \/>\n<meta property=\"og:description\" content=\"Eleganter Rock mit Gummizug in nur 120 Minuten n\u00e4hen! Perfektes Schnittmuster f\u00fcr Anf\u00e4nger und Profis \u2013 Wirklich einfach zu n\u00e4hen. Jetzt downloaden! \u2702\ufe0f\ud83e\uddf5\" \/>\n<meta property=\"og:url\" content=\"https:\/\/cheznu.tv\/familymanagement\/produkt\/rock-victoria-schnittmuster\/\" \/>\n<meta property=\"og:site_name\" content=\"ChezNU.TV\" \/>\n<meta property=\"article:publisher\" content=\"https:\/\/www.facebook.com\/cheznutv\/\" \/>\n<meta property=\"article:modified_time\" content=\"2025-06-16T08:14:41+00:00\" \/>\n<meta property=\"og:image\" content=\"https:\/\/cheznu.tv\/familymanagement\/wp-content\/uploads\/2024\/12\/120-Minuten-Rock-Victoria-fuer-Anfaenger-Tragebild-von-der-Seite.jpg\" \/>\n\t<meta property=\"og:image:width\" content=\"1080\" \/>\n\t<meta property=\"og:image:height\" content=\"1080\" \/>\n\t<meta property=\"og:image:type\" content=\"image\/jpeg\" \/>\n<meta name=\"twitter:card\" content=\"summary_large_image\" \/>\n<meta name=\"twitter:site\" content=\"@cheznu_family\" \/>\n<meta name=\"twitter:label1\" content=\"Gesch\u00e4tzte Lesezeit\" \/>\n\t<meta name=\"twitter:data1\" content=\"3\u00a0Minuten\" \/>\n<script type=\"application\/ld+json\" class=\"yoast-schema-graph\">{\"@context\":\"https:\\\/\\\/schema.org\",\"@graph\":[{\"@type\":\"WebPage\",\"@id\":\"https:\\\/\\\/cheznu.tv\\\/familymanagement\\\/produkt\\\/rock-victoria-schnittmuster\\\/\",\"url\":\"https:\\\/\\\/cheznu.tv\\\/familymanagement\\\/produkt\\\/rock-victoria-schnittmuster\\\/\",\"name\":\"Einfaches Schnittmuster Rock \u2013 Einfach & schnell n\u00e4hen! \ud83d\udc57\u2728\",\"isPartOf\":{\"@id\":\"https:\\\/\\\/cheznu.tv\\\/familymanagement\\\/#website\"},\"primaryImageOfPage\":{\"@id\":\"https:\\\/\\\/cheznu.tv\\\/familymanagement\\\/produkt\\\/rock-victoria-schnittmuster\\\/#primaryimage\"},\"image\":{\"@id\":\"https:\\\/\\\/cheznu.tv\\\/familymanagement\\\/produkt\\\/rock-victoria-schnittmuster\\\/#primaryimage\"},\"thumbnailUrl\":\"https:\\\/\\\/cheznu.tv\\\/familymanagement\\\/wp-content\\\/uploads\\\/2024\\\/12\\\/120-Minuten-Rock-Victoria-fuer-Anfaenger-Tragebild-von-der-Seite.jpg\",\"datePublished\":\"2024-12-16T14:40:30+00:00\",\"dateModified\":\"2025-06-16T08:14:41+00:00\",\"description\":\"Eleganter Rock mit Gummizug in nur 120 Minuten n\u00e4hen! Perfektes Schnittmuster f\u00fcr Anf\u00e4nger und Profis \u2013 Wirklich einfach zu n\u00e4hen. Jetzt downloaden! \u2702\ufe0f\ud83e\uddf5\",\"breadcrumb\":{\"@id\":\"https:\\\/\\\/cheznu.tv\\\/familymanagement\\\/produkt\\\/rock-victoria-schnittmuster\\\/#breadcrumb\"},\"inLanguage\":\"de\",\"potentialAction\":[{\"@type\":\"ReadAction\",\"target\":[\"https:\\\/\\\/cheznu.tv\\\/familymanagement\\\/produkt\\\/rock-victoria-schnittmuster\\\/\"]}]},{\"@type\":\"ImageObject\",\"inLanguage\":\"de\",\"@id\":\"https:\\\/\\\/cheznu.tv\\\/familymanagement\\\/produkt\\\/rock-victoria-schnittmuster\\\/#primaryimage\",\"url\":\"https:\\\/\\\/cheznu.tv\\\/familymanagement\\\/wp-content\\\/uploads\\\/2024\\\/12\\\/120-Minuten-Rock-Victoria-fuer-Anfaenger-Tragebild-von-der-Seite.jpg\",\"contentUrl\":\"https:\\\/\\\/cheznu.tv\\\/familymanagement\\\/wp-content\\\/uploads\\\/2024\\\/12\\\/120-Minuten-Rock-Victoria-fuer-Anfaenger-Tragebild-von-der-Seite.jpg\",\"width\":1080,\"height\":1080,\"caption\":\"120 Minuten-Rock Victoria f\u00fcr Anf\u00e4nger - Tragebild von der Seite\"},{\"@type\":\"BreadcrumbList\",\"@id\":\"https:\\\/\\\/cheznu.tv\\\/familymanagement\\\/produkt\\\/rock-victoria-schnittmuster\\\/#breadcrumb\",\"itemListElement\":[{\"@type\":\"ListItem\",\"position\":1,\"name\":\"Startseite\",\"item\":\"https:\\\/\\\/cheznu.tv\\\/familymanagement\\\/\"},{\"@type\":\"ListItem\",\"position\":2,\"name\":\"Shop\",\"item\":\"https:\\\/\\\/cheznu.tv\\\/familymanagement\\\/shop\\\/\"},{\"@type\":\"ListItem\",\"position\":3,\"name\":\"Rock Victoria \u2702\ufe0f 120 Minuten Rock \u23f0 Gr\u00f6sse 36-52 \u2702\ufe0f einfaches Schnittmuster f\u00fcr Anf\u00e4nger\"}]},{\"@type\":\"WebSite\",\"@id\":\"https:\\\/\\\/cheznu.tv\\\/familymanagement\\\/#website\",\"url\":\"https:\\\/\\\/cheznu.tv\\\/familymanagement\\\/\",\"name\":\"ChezNU.TV\",\"description\":\"N\u00e4hen | Basteln | Haushalt | Familie\",\"potentialAction\":[{\"@type\":\"SearchAction\",\"target\":{\"@type\":\"EntryPoint\",\"urlTemplate\":\"https:\\\/\\\/cheznu.tv\\\/familymanagement\\\/?s={search_term_string}\"},\"query-input\":{\"@type\":\"PropertyValueSpecification\",\"valueRequired\":true,\"valueName\":\"search_term_string\"}}],\"inLanguage\":\"de\"}]}<\/script>\n<!-- \/ Yoast SEO plugin. -->","yoast_head_json":{"title":"Einfaches Schnittmuster Rock \u2013 Einfach & schnell n\u00e4hen! \ud83d\udc57\u2728","description":"Eleganter Rock mit Gummizug in nur 120 Minuten n\u00e4hen! Perfektes Schnittmuster f\u00fcr Anf\u00e4nger und Profis \u2013 Wirklich einfach zu n\u00e4hen. Jetzt downloaden! \u2702\ufe0f\ud83e\uddf5","robots":{"index":"index","follow":"follow","max-snippet":"max-snippet:-1","max-image-preview":"max-image-preview:large","max-video-preview":"max-video-preview:-1"},"canonical":"https:\/\/cheznu.tv\/familymanagement\/produkt\/rock-victoria-schnittmuster\/","og_locale":"de_DE","og_type":"article","og_title":"Einfaches Schnittmuster Rock \u2013 Einfach & schnell n\u00e4hen! \ud83d\udc57\u2728","og_description":"Eleganter Rock mit Gummizug in nur 120 Minuten n\u00e4hen! Perfektes Schnittmuster f\u00fcr Anf\u00e4nger und Profis \u2013 Wirklich einfach zu n\u00e4hen. Jetzt downloaden! \u2702\ufe0f\ud83e\uddf5","og_url":"https:\/\/cheznu.tv\/familymanagement\/produkt\/rock-victoria-schnittmuster\/","og_site_name":"ChezNU.TV","article_publisher":"https:\/\/www.facebook.com\/cheznutv\/","article_modified_time":"2025-06-16T08:14:41+00:00","og_image":[{"width":1080,"height":1080,"url":"https:\/\/cheznu.tv\/familymanagement\/wp-content\/uploads\/2024\/12\/120-Minuten-Rock-Victoria-fuer-Anfaenger-Tragebild-von-der-Seite.jpg","type":"image\/jpeg"}],"twitter_card":"summary_large_image","twitter_site":"@cheznu_family","twitter_misc":{"Gesch\u00e4tzte Lesezeit":"3\u00a0Minuten"},"schema":{"@context":"https:\/\/schema.org","@graph":[{"@type":"WebPage","@id":"https:\/\/cheznu.tv\/familymanagement\/produkt\/rock-victoria-schnittmuster\/","url":"https:\/\/cheznu.tv\/familymanagement\/produkt\/rock-victoria-schnittmuster\/","name":"Einfaches Schnittmuster Rock \u2013 Einfach & schnell n\u00e4hen! \ud83d\udc57\u2728","isPartOf":{"@id":"https:\/\/cheznu.tv\/familymanagement\/#website"},"primaryImageOfPage":{"@id":"https:\/\/cheznu.tv\/familymanagement\/produkt\/rock-victoria-schnittmuster\/#primaryimage"},"image":{"@id":"https:\/\/cheznu.tv\/familymanagement\/produkt\/rock-victoria-schnittmuster\/#primaryimage"},"thumbnailUrl":"https:\/\/cheznu.tv\/familymanagement\/wp-content\/uploads\/2024\/12\/120-Minuten-Rock-Victoria-fuer-Anfaenger-Tragebild-von-der-Seite.jpg","datePublished":"2024-12-16T14:40:30+00:00","dateModified":"2025-06-16T08:14:41+00:00","description":"Eleganter Rock mit Gummizug in nur 120 Minuten n\u00e4hen! Perfektes Schnittmuster f\u00fcr Anf\u00e4nger und Profis \u2013 Wirklich einfach zu n\u00e4hen. Jetzt downloaden! \u2702\ufe0f\ud83e\uddf5","breadcrumb":{"@id":"https:\/\/cheznu.tv\/familymanagement\/produkt\/rock-victoria-schnittmuster\/#breadcrumb"},"inLanguage":"de","potentialAction":[{"@type":"ReadAction","target":["https:\/\/cheznu.tv\/familymanagement\/produkt\/rock-victoria-schnittmuster\/"]}]},{"@type":"ImageObject","inLanguage":"de","@id":"https:\/\/cheznu.tv\/familymanagement\/produkt\/rock-victoria-schnittmuster\/#primaryimage","url":"https:\/\/cheznu.tv\/familymanagement\/wp-content\/uploads\/2024\/12\/120-Minuten-Rock-Victoria-fuer-Anfaenger-Tragebild-von-der-Seite.jpg","contentUrl":"https:\/\/cheznu.tv\/familymanagement\/wp-content\/uploads\/2024\/12\/120-Minuten-Rock-Victoria-fuer-Anfaenger-Tragebild-von-der-Seite.jpg","width":1080,"height":1080,"caption":"120 Minuten-Rock Victoria f\u00fcr Anf\u00e4nger - Tragebild von der Seite"},{"@type":"BreadcrumbList","@id":"https:\/\/cheznu.tv\/familymanagement\/produkt\/rock-victoria-schnittmuster\/#breadcrumb","itemListElement":[{"@type":"ListItem","position":1,"name":"Startseite","item":"https:\/\/cheznu.tv\/familymanagement\/"},{"@type":"ListItem","position":2,"name":"Shop","item":"https:\/\/cheznu.tv\/familymanagement\/shop\/"},{"@type":"ListItem","position":3,"name":"Rock Victoria \u2702\ufe0f 120 Minuten Rock \u23f0 Gr\u00f6sse 36-52 \u2702\ufe0f einfaches Schnittmuster f\u00fcr Anf\u00e4nger"}]},{"@type":"WebSite","@id":"https:\/\/cheznu.tv\/familymanagement\/#website","url":"https:\/\/cheznu.tv\/familymanagement\/","name":"ChezNU.TV","description":"N\u00e4hen | Basteln | Haushalt | Familie","potentialAction":[{"@type":"SearchAction","target":{"@type":"EntryPoint","urlTemplate":"https:\/\/cheznu.tv\/familymanagement\/?s={search_term_string}"},"query-input":{"@type":"PropertyValueSpecification","valueRequired":true,"valueName":"search_term_string"}}],"inLanguage":"de"}]}},"_links":{"self":[{"href":"https:\/\/cheznu.tv\/familymanagement\/wp-json\/wp\/v2\/product\/98090","targetHints":{"allow":["GET"]}}],"collection":[{"href":"https:\/\/cheznu.tv\/familymanagement\/wp-json\/wp\/v2\/product"}],"about":[{"href":"https:\/\/cheznu.tv\/familymanagement\/wp-json\/wp\/v2\/types\/product"}],"replies":[{"embeddable":true,"href":"https:\/\/cheznu.tv\/familymanagement\/wp-json\/wp\/v2\/comments?post=98090"}],"wp:featuredmedia":[{"embeddable":true,"href":"https:\/\/cheznu.tv\/familymanagement\/wp-json\/wp\/v2\/media\/98159"}],"wp:attachment":[{"href":"https:\/\/cheznu.tv\/familymanagement\/wp-json\/wp\/v2\/media?parent=98090"}],"wp:term":[{"taxonomy":"product_brand","embeddable":true,"href":"https:\/\/cheznu.tv\/familymanagement\/wp-json\/wp\/v2\/product_brand?post=98090"},{"taxonomy":"product_cat","embeddable":true,"href":"https:\/\/cheznu.tv\/familymanagement\/wp-json\/wp\/v2\/product_cat?post=98090"},{"taxonomy":"product_tag","embeddable":true,"href":"https:\/\/cheznu.tv\/familymanagement\/wp-json\/wp\/v2\/product_tag?post=98090"}],"curies":[{"name":"wp","href":"https:\/\/api.w.org\/{rel}","templated":true}]}}