{"id":97529,"date":"2024-11-17T17:06:43","date_gmt":"2024-11-17T16:06:43","guid":{"rendered":"https:\/\/cheznu.tv\/familymanagement\/?post_type=product&#038;p=97529"},"modified":"2025-11-04T16:44:50","modified_gmt":"2025-11-04T15:44:50","slug":"buendchen-mit-daumenloch-schnittmuster","status":"publish","type":"product","link":"https:\/\/cheznu.tv\/familymanagement\/produkt\/buendchen-mit-daumenloch-schnittmuster\/","title":{"rendered":"B\u00fcndchen mit Daumenloch \u2728 stylisch und gem\u00fctlich"},"content":{"rendered":"<p>Die Videoanleitung findest Du hier:<\/p>\n<p><a href=\"https:\/\/cheznu.tv\/familymanagement\/buendchen-mit-daumenloch-anleitung\/\">\u2728 B\u00fcndchen mit Daumenloch n\u00e4hen mit nur 4 N\u00e4hten \u2013 So einfach geht\u2019s! \u2744\ufe0f\ud83e\uddf5<\/a><\/p>\n<p><a href='https:\/\/www.spoonflower.com\/profiles\/cheznu_tv' target='_blank' title='Spoonflower-Shop mit den ChezNU-Designs'>Unseren neuen Spoonflower-Shop mit Stoffen im ChezNU-Design findest Du hier.<\/a><\/p><p>Neben dem Schnittmuster \/ Schema \/ Anleitung \/ Plotterdatei erh\u00e4ltst Du als Teil der erworbenen Leistung (gilt auch f\u00fcr kostenlose Produkte) auch unseren kostenlosen Newsletter \u201eSchnittmuster-Alarm\u201c. Im Schnittmuster-Alarm informieren wir haupts\u00e4chlich, aber nicht ausschliesslich \u00fcber neue Schnittmuster, Anleitungen, DIY-Projekte, Angebote in unserem Shop, Angebote in anderen Shops, Materialbezugsquellen und allem was irgendwie mit N\u00e4hen, H\u00e4keln, Basteln, Stricken, Upcycling, Organisation und Familie zu tun hat.<\/p><p>Nach Deiner Bestellung erh\u00e4ltst Du die E-Mails automatisch. Du kannst sie allerdings jederzeit und ohne Angabe von Gr\u00fcnden \u00fcber den Link am Ende jeder E-Mail abbestellen.<br>\n\tDie Transparenzerkl\u00e4rung zu unserem Schnittmuster-Alarm findest Du <a title='Transparenzerkl\u00e4rung' href='https:\/\/cheznu.tv\/familymanagement\/transparenzerklaerung-zum-schnittmuster-alarm-newsletter\/' target='_blank'>hier<\/a><\/p>\n<p><strong>Zum Schnittmuster<\/strong><\/p>\n<p>Das Schnittmuster kommt als PDF, wenn es sich um mehrere PDFs handelt packen wir diese in eine ZIP-Datei. Diese muss erst abgespeichert und entpackt werden, bevor man sie auf A4-Papier (Standard) ausdrucken und dann zusammenkleben kann.<br \/>\nFalls Du das noch nie gemacht hast findest Du eine Anleitung in unseren <a href=\"https:\/\/cheznu.tv\/familymanagement\/faq\/\">FAQs<\/a>.<\/p>\n<p>So entf\u00e4llt das l\u00e4stige Schnittmuster kopieren mit teurem Seidenpapier. Das Schnittmuster kann nach dem Zusammenkleben direkt ausgeschnitten werden.<\/p>\n<p>Bitte beachte, die richtigen Druckoptionen einzustellen. Das funktioniert genauso, wie bei Burda.<br \/>\n<a href=\"http:\/\/cheznu.tv\/familymanagement\/burda-schnittmuster-ausdrucken\/\">Burda Schnittmuster Ausdrucken.<\/a><\/p>\n<p>Wie das mit dem Zusammenkleben funktioniert haben wir hier kurz erkl\u00e4rt.<br \/>\n<a href=\"http:\/\/cheznu.tv\/familymanagement\/so-gehts\/\">So geht\u00b4s<\/a>.<\/p>\n<p>Dieser Schnitt darf zu privaten Zwecken und zur Fertigung von Einzelst\u00fccken\/Kleinserien (bis 5 Modelle) unter Nennung der Herkunft verwendet werden (ChezNU.TV). Massenproduktion der fertigen Ware sowie Kopieren, Weitergabe, Abdruck oder Ver\u00f6ffentlichung (auch teilweise) des Schnittmusters bedarf der schriftlichen Genehmigung. Wenn Du Dir nicht sicher bist, schreibe uns einfach kurz eine <a href=\"mailto:nu@cheznu.tv\">E-Mail.<\/a><\/p>\n<p><img decoding=\"async\" src=\"https:\/\/klick.cheznu.tv\/pix\/1s8wz4na2zfz75e5\" width=\"1\" height=\"1\" \/><\/p>\n","protected":false},"excerpt":{"rendered":"<p>Das perfekte Detail f\u00fcr k\u00fchle Tage! Mit unserem <strong>Schnittmuster<\/strong> n\u00e4hst Du ganz einfach ein B\u00fcndchen mit Daumenloch, das nicht nur praktisch ist, sondern Deinen Shirts auch einen modernen Look verleiht. Das E-Book enth\u00e4lt alles, was Du brauchst:<\/p>\n<ul>\n<li>leicht verst\u00e4ndliche Anleitungen mit vielen Bildern<\/li>\n<li>Materialtipps<\/li>\n<li>genaue Zuschnitt-Angaben.<\/li>\n<li>F\u00fcr \u00c4rmelweiten von 16 cm &#8211; 20 cm (leicht f\u00fcr andere \u00c4rmelweiten anpassbar)<\/li>\n<\/ul>\n<p>Egal, ob Du mit der <strong>N\u00e4hmaschine oder der Overlock<\/strong> arbeitest \u2013 dieses Projekt ist schnell umgesetzt und auch f\u00fcr Anf\u00e4nger geeignet. Hol Dir das E-Book, drucke das Schnittmuster aus und leg los.<\/p>\n<p>Eine <strong>Videoanleitungen <\/strong>findest Du weiter unten verlinkt.<\/p>\n<p>Solltest Du dar\u00fcber hinaus noch fragen zum Schnittmuster haben, schreib uns gerne an: <a href=\"mailto:schnittmuster@cheznu.tv\">schnittmuster@cheznu.tv<\/a><\/p>\n","protected":false},"featured_media":97541,"comment_status":"open","ping_status":"closed","template":"","meta":[],"product_brand":[],"product_cat":[822,810,887,811,812],"product_tag":[4263,4352,1920,4353,4354],"class_list":{"0":"post-97529","1":"product","2":"type-product","3":"status-publish","4":"has-post-thumbnail","6":"product_cat-kleidung","7":"product_cat-naehen","8":"product_cat-ostern","9":"product_cat-schnittmuster","10":"product_cat-tasche","11":"product_tag-aermelbuendchen","12":"product_tag-buendchenstoff","13":"product_tag-einfach","14":"product_tag-schlauchware","15":"product_tag-style","17":"first","18":"instock","19":"downloadable","20":"virtual","21":"sold-individually","22":"purchasable","23":"product-type-simple"},"yoast_head":"<!-- This site is optimized with the Yoast SEO plugin v27.5 - https:\/\/yoast.com\/product\/yoast-seo-wordpress\/ -->\n<title>B\u00fcndchen mit Daumenloch \u2728 Schnittmuster &amp; Anleitung \u2702\ufe0f<\/title>\n<meta name=\"description\" content=\"Stylisch &amp; praktisch: \ud83e\uddf5 E-Book &#039;B\u00fcndchen mit Daumenloch&#039; f\u00fcr coole Shirts. Schnittmuster &amp; Anleitung als PDF \u2728 Jetzt downloaden und losn\u00e4hen!\" \/>\n<meta name=\"robots\" content=\"index, follow, max-snippet:-1, max-image-preview:large, max-video-preview:-1\" \/>\n<link rel=\"canonical\" href=\"https:\/\/cheznu.tv\/familymanagement\/produkt\/buendchen-mit-daumenloch-schnittmuster\/\" \/>\n<meta property=\"og:locale\" content=\"de_DE\" \/>\n<meta property=\"og:type\" content=\"article\" \/>\n<meta property=\"og:title\" content=\"B\u00fcndchen mit Daumenloch \u2728 Schnittmuster &amp; Anleitung \u2702\ufe0f\" \/>\n<meta property=\"og:description\" content=\"Stylisch &amp; praktisch: \ud83e\uddf5 E-Book &#039;B\u00fcndchen mit Daumenloch&#039; f\u00fcr coole Shirts. Schnittmuster &amp; Anleitung als PDF \u2728 Jetzt downloaden und losn\u00e4hen!\" \/>\n<meta property=\"og:url\" content=\"https:\/\/cheznu.tv\/familymanagement\/produkt\/buendchen-mit-daumenloch-schnittmuster\/\" \/>\n<meta property=\"og:site_name\" content=\"ChezNU.TV\" \/>\n<meta property=\"article:publisher\" content=\"https:\/\/www.facebook.com\/cheznutv\/\" \/>\n<meta property=\"article:modified_time\" content=\"2025-11-04T15:44:50+00:00\" \/>\n<meta property=\"og:image\" content=\"https:\/\/cheznu.tv\/familymanagement\/wp-content\/uploads\/2024\/11\/Buendchen-mit-Daumenloch-1-Schnittmuster.jpg\" \/>\n\t<meta property=\"og:image:width\" content=\"1080\" \/>\n\t<meta property=\"og:image:height\" content=\"1080\" \/>\n\t<meta property=\"og:image:type\" content=\"image\/jpeg\" \/>\n<meta name=\"twitter:card\" content=\"summary_large_image\" \/>\n<meta name=\"twitter:site\" content=\"@cheznu_family\" \/>\n<meta name=\"twitter:label1\" content=\"Gesch\u00e4tzte Lesezeit\" \/>\n\t<meta name=\"twitter:data1\" content=\"2\u00a0Minuten\" \/>\n<script type=\"application\/ld+json\" class=\"yoast-schema-graph\">{\"@context\":\"https:\\\/\\\/schema.org\",\"@graph\":[{\"@type\":\"WebPage\",\"@id\":\"https:\\\/\\\/cheznu.tv\\\/familymanagement\\\/produkt\\\/buendchen-mit-daumenloch-schnittmuster\\\/\",\"url\":\"https:\\\/\\\/cheznu.tv\\\/familymanagement\\\/produkt\\\/buendchen-mit-daumenloch-schnittmuster\\\/\",\"name\":\"B\u00fcndchen mit Daumenloch \u2728 Schnittmuster & Anleitung \u2702\ufe0f\",\"isPartOf\":{\"@id\":\"https:\\\/\\\/cheznu.tv\\\/familymanagement\\\/#website\"},\"primaryImageOfPage\":{\"@id\":\"https:\\\/\\\/cheznu.tv\\\/familymanagement\\\/produkt\\\/buendchen-mit-daumenloch-schnittmuster\\\/#primaryimage\"},\"image\":{\"@id\":\"https:\\\/\\\/cheznu.tv\\\/familymanagement\\\/produkt\\\/buendchen-mit-daumenloch-schnittmuster\\\/#primaryimage\"},\"thumbnailUrl\":\"https:\\\/\\\/cheznu.tv\\\/familymanagement\\\/wp-content\\\/uploads\\\/2024\\\/11\\\/Buendchen-mit-Daumenloch-1-Schnittmuster.jpg\",\"datePublished\":\"2024-11-17T16:06:43+00:00\",\"dateModified\":\"2025-11-04T15:44:50+00:00\",\"description\":\"Stylisch & praktisch: \ud83e\uddf5 E-Book 'B\u00fcndchen mit Daumenloch' f\u00fcr coole Shirts. Schnittmuster & Anleitung als PDF \u2728 Jetzt downloaden und losn\u00e4hen!\",\"breadcrumb\":{\"@id\":\"https:\\\/\\\/cheznu.tv\\\/familymanagement\\\/produkt\\\/buendchen-mit-daumenloch-schnittmuster\\\/#breadcrumb\"},\"inLanguage\":\"de\",\"potentialAction\":[{\"@type\":\"ReadAction\",\"target\":[\"https:\\\/\\\/cheznu.tv\\\/familymanagement\\\/produkt\\\/buendchen-mit-daumenloch-schnittmuster\\\/\"]}]},{\"@type\":\"ImageObject\",\"inLanguage\":\"de\",\"@id\":\"https:\\\/\\\/cheznu.tv\\\/familymanagement\\\/produkt\\\/buendchen-mit-daumenloch-schnittmuster\\\/#primaryimage\",\"url\":\"https:\\\/\\\/cheznu.tv\\\/familymanagement\\\/wp-content\\\/uploads\\\/2024\\\/11\\\/Buendchen-mit-Daumenloch-1-Schnittmuster.jpg\",\"contentUrl\":\"https:\\\/\\\/cheznu.tv\\\/familymanagement\\\/wp-content\\\/uploads\\\/2024\\\/11\\\/Buendchen-mit-Daumenloch-1-Schnittmuster.jpg\",\"width\":1080,\"height\":1080,\"caption\":\"B\u00fcndchen mit Daumenloch 1 Schnittmuster\"},{\"@type\":\"BreadcrumbList\",\"@id\":\"https:\\\/\\\/cheznu.tv\\\/familymanagement\\\/produkt\\\/buendchen-mit-daumenloch-schnittmuster\\\/#breadcrumb\",\"itemListElement\":[{\"@type\":\"ListItem\",\"position\":1,\"name\":\"Startseite\",\"item\":\"https:\\\/\\\/cheznu.tv\\\/familymanagement\\\/\"},{\"@type\":\"ListItem\",\"position\":2,\"name\":\"Shop\",\"item\":\"https:\\\/\\\/cheznu.tv\\\/familymanagement\\\/shop\\\/\"},{\"@type\":\"ListItem\",\"position\":3,\"name\":\"B\u00fcndchen mit Daumenloch \u2728 stylisch und gem\u00fctlich\"}]},{\"@type\":\"WebSite\",\"@id\":\"https:\\\/\\\/cheznu.tv\\\/familymanagement\\\/#website\",\"url\":\"https:\\\/\\\/cheznu.tv\\\/familymanagement\\\/\",\"name\":\"ChezNU.TV\",\"description\":\"N\u00e4hen | Basteln | Haushalt | Familie\",\"potentialAction\":[{\"@type\":\"SearchAction\",\"target\":{\"@type\":\"EntryPoint\",\"urlTemplate\":\"https:\\\/\\\/cheznu.tv\\\/familymanagement\\\/?s={search_term_string}\"},\"query-input\":{\"@type\":\"PropertyValueSpecification\",\"valueRequired\":true,\"valueName\":\"search_term_string\"}}],\"inLanguage\":\"de\"}]}<\/script>\n<!-- \/ Yoast SEO plugin. -->","yoast_head_json":{"title":"B\u00fcndchen mit Daumenloch \u2728 Schnittmuster & Anleitung \u2702\ufe0f","description":"Stylisch & praktisch: \ud83e\uddf5 E-Book 'B\u00fcndchen mit Daumenloch' f\u00fcr coole Shirts. Schnittmuster & Anleitung als PDF \u2728 Jetzt downloaden und losn\u00e4hen!","robots":{"index":"index","follow":"follow","max-snippet":"max-snippet:-1","max-image-preview":"max-image-preview:large","max-video-preview":"max-video-preview:-1"},"canonical":"https:\/\/cheznu.tv\/familymanagement\/produkt\/buendchen-mit-daumenloch-schnittmuster\/","og_locale":"de_DE","og_type":"article","og_title":"B\u00fcndchen mit Daumenloch \u2728 Schnittmuster & Anleitung \u2702\ufe0f","og_description":"Stylisch & praktisch: \ud83e\uddf5 E-Book 'B\u00fcndchen mit Daumenloch' f\u00fcr coole Shirts. Schnittmuster & Anleitung als PDF \u2728 Jetzt downloaden und losn\u00e4hen!","og_url":"https:\/\/cheznu.tv\/familymanagement\/produkt\/buendchen-mit-daumenloch-schnittmuster\/","og_site_name":"ChezNU.TV","article_publisher":"https:\/\/www.facebook.com\/cheznutv\/","article_modified_time":"2025-11-04T15:44:50+00:00","og_image":[{"width":1080,"height":1080,"url":"https:\/\/cheznu.tv\/familymanagement\/wp-content\/uploads\/2024\/11\/Buendchen-mit-Daumenloch-1-Schnittmuster.jpg","type":"image\/jpeg"}],"twitter_card":"summary_large_image","twitter_site":"@cheznu_family","twitter_misc":{"Gesch\u00e4tzte Lesezeit":"2\u00a0Minuten"},"schema":{"@context":"https:\/\/schema.org","@graph":[{"@type":"WebPage","@id":"https:\/\/cheznu.tv\/familymanagement\/produkt\/buendchen-mit-daumenloch-schnittmuster\/","url":"https:\/\/cheznu.tv\/familymanagement\/produkt\/buendchen-mit-daumenloch-schnittmuster\/","name":"B\u00fcndchen mit Daumenloch \u2728 Schnittmuster & Anleitung \u2702\ufe0f","isPartOf":{"@id":"https:\/\/cheznu.tv\/familymanagement\/#website"},"primaryImageOfPage":{"@id":"https:\/\/cheznu.tv\/familymanagement\/produkt\/buendchen-mit-daumenloch-schnittmuster\/#primaryimage"},"image":{"@id":"https:\/\/cheznu.tv\/familymanagement\/produkt\/buendchen-mit-daumenloch-schnittmuster\/#primaryimage"},"thumbnailUrl":"https:\/\/cheznu.tv\/familymanagement\/wp-content\/uploads\/2024\/11\/Buendchen-mit-Daumenloch-1-Schnittmuster.jpg","datePublished":"2024-11-17T16:06:43+00:00","dateModified":"2025-11-04T15:44:50+00:00","description":"Stylisch & praktisch: \ud83e\uddf5 E-Book 'B\u00fcndchen mit Daumenloch' f\u00fcr coole Shirts. Schnittmuster & Anleitung als PDF \u2728 Jetzt downloaden und losn\u00e4hen!","breadcrumb":{"@id":"https:\/\/cheznu.tv\/familymanagement\/produkt\/buendchen-mit-daumenloch-schnittmuster\/#breadcrumb"},"inLanguage":"de","potentialAction":[{"@type":"ReadAction","target":["https:\/\/cheznu.tv\/familymanagement\/produkt\/buendchen-mit-daumenloch-schnittmuster\/"]}]},{"@type":"ImageObject","inLanguage":"de","@id":"https:\/\/cheznu.tv\/familymanagement\/produkt\/buendchen-mit-daumenloch-schnittmuster\/#primaryimage","url":"https:\/\/cheznu.tv\/familymanagement\/wp-content\/uploads\/2024\/11\/Buendchen-mit-Daumenloch-1-Schnittmuster.jpg","contentUrl":"https:\/\/cheznu.tv\/familymanagement\/wp-content\/uploads\/2024\/11\/Buendchen-mit-Daumenloch-1-Schnittmuster.jpg","width":1080,"height":1080,"caption":"B\u00fcndchen mit Daumenloch 1 Schnittmuster"},{"@type":"BreadcrumbList","@id":"https:\/\/cheznu.tv\/familymanagement\/produkt\/buendchen-mit-daumenloch-schnittmuster\/#breadcrumb","itemListElement":[{"@type":"ListItem","position":1,"name":"Startseite","item":"https:\/\/cheznu.tv\/familymanagement\/"},{"@type":"ListItem","position":2,"name":"Shop","item":"https:\/\/cheznu.tv\/familymanagement\/shop\/"},{"@type":"ListItem","position":3,"name":"B\u00fcndchen mit Daumenloch \u2728 stylisch und gem\u00fctlich"}]},{"@type":"WebSite","@id":"https:\/\/cheznu.tv\/familymanagement\/#website","url":"https:\/\/cheznu.tv\/familymanagement\/","name":"ChezNU.TV","description":"N\u00e4hen | Basteln | Haushalt | Familie","potentialAction":[{"@type":"SearchAction","target":{"@type":"EntryPoint","urlTemplate":"https:\/\/cheznu.tv\/familymanagement\/?s={search_term_string}"},"query-input":{"@type":"PropertyValueSpecification","valueRequired":true,"valueName":"search_term_string"}}],"inLanguage":"de"}]}},"_links":{"self":[{"href":"https:\/\/cheznu.tv\/familymanagement\/wp-json\/wp\/v2\/product\/97529","targetHints":{"allow":["GET"]}}],"collection":[{"href":"https:\/\/cheznu.tv\/familymanagement\/wp-json\/wp\/v2\/product"}],"about":[{"href":"https:\/\/cheznu.tv\/familymanagement\/wp-json\/wp\/v2\/types\/product"}],"replies":[{"embeddable":true,"href":"https:\/\/cheznu.tv\/familymanagement\/wp-json\/wp\/v2\/comments?post=97529"}],"wp:featuredmedia":[{"embeddable":true,"href":"https:\/\/cheznu.tv\/familymanagement\/wp-json\/wp\/v2\/media\/97541"}],"wp:attachment":[{"href":"https:\/\/cheznu.tv\/familymanagement\/wp-json\/wp\/v2\/media?parent=97529"}],"wp:term":[{"taxonomy":"product_brand","embeddable":true,"href":"https:\/\/cheznu.tv\/familymanagement\/wp-json\/wp\/v2\/product_brand?post=97529"},{"taxonomy":"product_cat","embeddable":true,"href":"https:\/\/cheznu.tv\/familymanagement\/wp-json\/wp\/v2\/product_cat?post=97529"},{"taxonomy":"product_tag","embeddable":true,"href":"https:\/\/cheznu.tv\/familymanagement\/wp-json\/wp\/v2\/product_tag?post=97529"}],"curies":[{"name":"wp","href":"https:\/\/api.w.org\/{rel}","templated":true}]}}