{"id":94126,"date":"2024-06-23T09:00:03","date_gmt":"2024-06-23T07:00:03","guid":{"rendered":"https:\/\/cheznu.tv\/familymanagement\/?post_type=product&#038;p=94126"},"modified":"2026-04-15T12:17:56","modified_gmt":"2026-04-15T10:17:56","slug":"buch-lust-auf-naehen","status":"publish","type":"product","link":"https:\/\/cheznu.tv\/familymanagement\/produkt\/buch-lust-auf-naehen\/","title":{"rendered":"Lust auf N\u00e4hen \u2013 Das perfekte Buch f\u00fcr deine kreativen Projekte!"},"content":{"rendered":"<p><strong>Warum <em>Lust auf N\u00e4hen<\/em>?<\/strong><\/p>\n<p>Egal, ob Du Anf\u00e4ngerin bist oder bereits Erfahrung hast, <strong>Lust auf N\u00e4hen<\/strong> bietet Dir eine Vielzahl von Projekten, die Dich Schritt f\u00fcr Schritt begleiten. Von stylischer Kleidung bis zu n\u00fctzlichen Accessoires und sch\u00f6ner Dekoration \u2013 hier findest Du alles, um deine N\u00e4hf\u00e4higkeiten zu erweitern und zu vertiefen.<\/p>\n<hr \/>\n<p><strong>Highlights:<\/strong><\/p>\n<ul>\n<li><strong>Leicht verst\u00e4ndliche Anleitungen:<\/strong> Unsere Schritt-f\u00fcr-Schritt-Anleitungen und Fotos machen es Dir einfach, jedes Projekt erfolgreich umzusetzen.<\/li>\n<li><strong>F\u00fcr Anf\u00e4ngerinnen und Fortgeschrittene:<\/strong> Ob Du gerade erst anf\u00e4ngst oder schon lange n\u00e4hst, in diesem Buch findest Du Projekte f\u00fcr jedes Niveau.<\/li>\n<li><strong>Vielseitige N\u00e4hprojekte:<\/strong> N\u00e4he deine eigene Kosmetiktasche, ein stilvolles Kissen oder eine stylische M\u00fctze aus einzigartigem Stoff.<\/li>\n<li><strong>Mit Video-Tutorials:<\/strong> Lerne die wichtigsten Techniken mit unseren Video-Anleitungen, die Dich durch jedes Projekt f\u00fchren.<\/li>\n<li><strong>Pers\u00f6nliche Note:<\/strong> Jedes Buch kann signiert und\/oder mit einer pers\u00f6nlichen Widmung bestellt werden.<\/li>\n<\/ul>\n<hr \/>\n<p><strong>Was ist im Buch enthalten?<\/strong><\/p>\n<p>In <strong>Lust auf N\u00e4hen<\/strong> erwarten Dich 20 liebevoll gestaltete Projekte, darunter 7 Kleidungsst\u00fccke und 13 Deko- und Accessoire-Projekte. Die abwechslungsreichen Anleitungen bieten Dir eine perfekte Mischung aus stylischer Mode und kreativen Deko-Ideen, sodass f\u00fcr jeden Geschmack etwas dabei ist.<\/p>\n<hr \/>\n<p><strong>Technische Details:<\/strong><\/p>\n<ul>\n<li><strong>Autorinnen:<\/strong> Nicole Schmidt und Ute Schmidt<\/li>\n<li><strong>Seitenzahl:<\/strong> 144 Seiten<\/li>\n<li><strong>Format:<\/strong> 19,3 x 26,1 cm<\/li>\n<li><strong>ISBN:<\/strong> 978-3-8410-6786-9<\/li>\n<li><strong>Preis:<\/strong> \u20ac24,99 (D), \u20ac25,70 (A), sFr. 32,90 (CH)<\/li>\n<li><strong>Verlag:<\/strong> Christophorus Verlag<\/li>\n<\/ul>\n<hr \/>\n<p><strong>Bestelle jetzt dein Exemplar:<\/strong><\/p>\n<p>Erh\u00e4ltlich in allen g\u00e4ngigen Buchhandlungen, bei <a href=\"https:\/\/amzn.to\/3KS0R2I\" target=\"_blank\" rel=\"noopener\">Amazon<\/a> und nat\u00fcrlich hier.<\/p>\n<p>Sichere Dir Dein Exemplar mit einer pers\u00f6nlichen Signatur oder Widmung und starte noch heute dein n\u00e4chstes N\u00e4habenteuer!<\/p>\n<p><em>Wir sind nicht so schnell wie andere <a href=\"https:\/\/amzn.to\/3KS0R2I\">Versandh\u00e4ndler<\/a>. Wir versenden nur 1-2 mal pro Woche, daher dauert es bei uns vielleicht etwas l\u00e4nger.\u00a0<\/em><\/p>\n<hr \/>\n<p>Versandkostenfrei f\u00fcr Europa und Schweiz.<\/p>\n<p>F\u00fcr die anderen L\u00e4nder k\u00f6nnen h\u00f6here Versandkosten anfallen, bitte nachfragen <a href=\"mailto:schnittmuster@cheznu.tv\">schnittmuster@cheznu.tv<\/a><\/p>\n<p>Neben dem Buch erh\u00e4ltst Du als Teil der erworbenen Leistung auch unseren kostenlosen Newsletter \u201eSchnittmuster-Alarm\u201c. Im Schnittmuster-Alarm informieren wir haupts\u00e4chlich, aber nicht ausschliesslich \u00fcber neue Schnittmuster, Anleitungen, DIY-Projekte, Angebote in unserem Shop, Angebote in anderen Shops, Materialbezugsquellen und allem was irgendwie mit N\u00e4hen, H\u00e4keln, Basteln, Stricken, Upcycling, Organisation und Familie zu tun hat.<\/p>\n<p>Nach Deiner Bestellung erh\u00e4ltst Du die E-Mails automatisch. Du kannst sie allerdings jederzeit und ohne Angabe von Gr\u00fcnden \u00fcber den Link am Ende jeder E-Mail abbestellen.<br \/>\nDie Transparenzerkl\u00e4rung zu unserem Schnittmuster-Alarm findest Du\u00a0<a title=\"Transparenzerkl\u00e4rung\" href=\"https:\/\/cheznu.tv\/familymanagement\/transparenzerklaerung-zum-schnittmuster-alarm-newsletter\/\" target=\"_blank\" rel=\"noopener\">hier<\/a><\/p>\n<p>Bei Fragen, schreibe uns einfach kurz eine <a href=\"mailto:nu@cheznu.tv\">E-Mail<\/a>.<\/p>\n","protected":false},"excerpt":{"rendered":"<p>\u2b50 <strong>144 Seiten pure N\u00e4hfreude<\/strong><\/p>\n<p>\ud83d\udcda <strong>20 Modelle, die ganz easy gelingen<\/strong><\/p>\n<p>\ud83c\udfa5 <strong>Mit Video-Tutorials f\u00fcr die wichtigsten Basics<\/strong><\/p>\n<p>\ud83d\udccf <strong>Gr\u00f6ssen f\u00fcr Kleidungsschnittmuster im Buch 36-42, zus\u00e4tzlich online 34, 44-60<\/strong><\/p>\n<p>\u2712\ufe0f <strong>Wahlweise mit Signatur oder Widmung <\/strong>(nur in diesem Shop)<\/p>\n","protected":false},"featured_media":94131,"comment_status":"open","ping_status":"closed","template":"","meta":[],"product_brand":[],"product_cat":[4194],"product_tag":[4195,4199,4196,4201,4197,4200,4198],"class_list":{"0":"post-94126","1":"product","2":"type-product","3":"status-publish","4":"has-post-thumbnail","6":"product_cat-buch","7":"product_tag-buch","8":"product_tag-buch-mit-widmung","9":"product_tag-lust-auf-naehen","10":"product_tag-mit-widmung","11":"product_tag-papierschnittmuster","12":"product_tag-signiert","13":"product_tag-signierte-ausgabe","14":"product_shipping_class-buch","16":"first","17":"instock","18":"shipping-taxable","19":"purchasable","20":"product-type-variable","21":"has-default-attributes"},"yoast_head":"<!-- This site is optimized with the Yoast SEO plugin v27.4 - https:\/\/yoast.com\/product\/yoast-seo-wordpress\/ -->\n<title>Lust auf N\u00e4hen \u2013 Buch f\u00fcr Kleidung und Deko-Projekte<\/title>\n<meta name=\"description\" content=\"&quot;Lust auf N\u00e4hen&quot; bietet 20 einfache N\u00e4hprojekte f\u00fcr Anf\u00e4nger und Fortgeschrittene. Jetzt auf bestellen! Hol dir dein Exemplar mit pers\u00f6nlicher Widmung.\" \/>\n<meta name=\"robots\" content=\"index, follow, max-snippet:-1, max-image-preview:large, max-video-preview:-1\" \/>\n<link rel=\"canonical\" href=\"https:\/\/cheznu.tv\/familymanagement\/produkt\/buch-lust-auf-naehen\/\" \/>\n<meta property=\"og:locale\" content=\"de_DE\" \/>\n<meta property=\"og:type\" content=\"article\" \/>\n<meta property=\"og:title\" content=\"Lust auf N\u00e4hen \u2013 Buch f\u00fcr Kleidung und Deko-Projekte\" \/>\n<meta property=\"og:description\" content=\"&quot;Lust auf N\u00e4hen&quot; bietet 20 einfache N\u00e4hprojekte f\u00fcr Anf\u00e4nger und Fortgeschrittene. Jetzt auf bestellen! Hol dir dein Exemplar mit pers\u00f6nlicher Widmung.\" \/>\n<meta property=\"og:url\" content=\"https:\/\/cheznu.tv\/familymanagement\/produkt\/buch-lust-auf-naehen\/\" \/>\n<meta property=\"og:site_name\" content=\"ChezNU.TV\" \/>\n<meta property=\"article:publisher\" content=\"https:\/\/www.facebook.com\/cheznutv\/\" \/>\n<meta property=\"article:modified_time\" content=\"2026-04-15T10:17:56+00:00\" \/>\n<meta property=\"og:image\" content=\"https:\/\/cheznu.tv\/familymanagement\/wp-content\/uploads\/2024\/06\/Buch-Lust-auf-Naehen-Vorderseite-und-Buchruecken.jpg\" \/>\n\t<meta property=\"og:image:width\" content=\"1000\" \/>\n\t<meta property=\"og:image:height\" content=\"1000\" \/>\n\t<meta property=\"og:image:type\" content=\"image\/jpeg\" \/>\n<meta name=\"twitter:card\" content=\"summary_large_image\" \/>\n<meta name=\"twitter:site\" content=\"@cheznu_family\" \/>\n<meta name=\"twitter:label1\" content=\"Gesch\u00e4tzte Lesezeit\" \/>\n\t<meta name=\"twitter:data1\" content=\"3\u00a0Minuten\" \/>\n<script type=\"application\/ld+json\" class=\"yoast-schema-graph\">{\"@context\":\"https:\\\/\\\/schema.org\",\"@graph\":[{\"@type\":\"WebPage\",\"@id\":\"https:\\\/\\\/cheznu.tv\\\/familymanagement\\\/produkt\\\/buch-lust-auf-naehen\\\/\",\"url\":\"https:\\\/\\\/cheznu.tv\\\/familymanagement\\\/produkt\\\/buch-lust-auf-naehen\\\/\",\"name\":\"Lust auf N\u00e4hen \u2013 Buch f\u00fcr Kleidung und Deko-Projekte\",\"isPartOf\":{\"@id\":\"https:\\\/\\\/cheznu.tv\\\/familymanagement\\\/#website\"},\"primaryImageOfPage\":{\"@id\":\"https:\\\/\\\/cheznu.tv\\\/familymanagement\\\/produkt\\\/buch-lust-auf-naehen\\\/#primaryimage\"},\"image\":{\"@id\":\"https:\\\/\\\/cheznu.tv\\\/familymanagement\\\/produkt\\\/buch-lust-auf-naehen\\\/#primaryimage\"},\"thumbnailUrl\":\"https:\\\/\\\/cheznu.tv\\\/familymanagement\\\/wp-content\\\/uploads\\\/2024\\\/06\\\/Buch-Lust-auf-Naehen-Vorderseite-und-Buchruecken.jpg\",\"datePublished\":\"2024-06-23T07:00:03+00:00\",\"dateModified\":\"2026-04-15T10:17:56+00:00\",\"description\":\"\\\"Lust auf N\u00e4hen\\\" bietet 20 einfache N\u00e4hprojekte f\u00fcr Anf\u00e4nger und Fortgeschrittene. Jetzt auf bestellen! Hol dir dein Exemplar mit pers\u00f6nlicher Widmung.\",\"breadcrumb\":{\"@id\":\"https:\\\/\\\/cheznu.tv\\\/familymanagement\\\/produkt\\\/buch-lust-auf-naehen\\\/#breadcrumb\"},\"inLanguage\":\"de\",\"potentialAction\":[{\"@type\":\"ReadAction\",\"target\":[\"https:\\\/\\\/cheznu.tv\\\/familymanagement\\\/produkt\\\/buch-lust-auf-naehen\\\/\"]}]},{\"@type\":\"ImageObject\",\"inLanguage\":\"de\",\"@id\":\"https:\\\/\\\/cheznu.tv\\\/familymanagement\\\/produkt\\\/buch-lust-auf-naehen\\\/#primaryimage\",\"url\":\"https:\\\/\\\/cheznu.tv\\\/familymanagement\\\/wp-content\\\/uploads\\\/2024\\\/06\\\/Buch-Lust-auf-Naehen-Vorderseite-und-Buchruecken.jpg\",\"contentUrl\":\"https:\\\/\\\/cheznu.tv\\\/familymanagement\\\/wp-content\\\/uploads\\\/2024\\\/06\\\/Buch-Lust-auf-Naehen-Vorderseite-und-Buchruecken.jpg\",\"width\":1000,\"height\":1000,\"caption\":\"Buch Lust auf N\u00e4hen - Vorderseite und Buchr\u00fccken\"},{\"@type\":\"BreadcrumbList\",\"@id\":\"https:\\\/\\\/cheznu.tv\\\/familymanagement\\\/produkt\\\/buch-lust-auf-naehen\\\/#breadcrumb\",\"itemListElement\":[{\"@type\":\"ListItem\",\"position\":1,\"name\":\"Startseite\",\"item\":\"https:\\\/\\\/cheznu.tv\\\/familymanagement\\\/\"},{\"@type\":\"ListItem\",\"position\":2,\"name\":\"Shop\",\"item\":\"https:\\\/\\\/cheznu.tv\\\/familymanagement\\\/shop\\\/\"},{\"@type\":\"ListItem\",\"position\":3,\"name\":\"Lust auf N\u00e4hen \u2013 Das perfekte Buch f\u00fcr deine kreativen Projekte!\"}]},{\"@type\":\"WebSite\",\"@id\":\"https:\\\/\\\/cheznu.tv\\\/familymanagement\\\/#website\",\"url\":\"https:\\\/\\\/cheznu.tv\\\/familymanagement\\\/\",\"name\":\"ChezNU.TV\",\"description\":\"N\u00e4hen | Basteln | Haushalt | Familie\",\"potentialAction\":[{\"@type\":\"SearchAction\",\"target\":{\"@type\":\"EntryPoint\",\"urlTemplate\":\"https:\\\/\\\/cheznu.tv\\\/familymanagement\\\/?s={search_term_string}\"},\"query-input\":{\"@type\":\"PropertyValueSpecification\",\"valueRequired\":true,\"valueName\":\"search_term_string\"}}],\"inLanguage\":\"de\"}]}<\/script>\n<!-- \/ Yoast SEO plugin. -->","yoast_head_json":{"title":"Lust auf N\u00e4hen \u2013 Buch f\u00fcr Kleidung und Deko-Projekte","description":"\"Lust auf N\u00e4hen\" bietet 20 einfache N\u00e4hprojekte f\u00fcr Anf\u00e4nger und Fortgeschrittene. Jetzt auf bestellen! Hol dir dein Exemplar mit pers\u00f6nlicher Widmung.","robots":{"index":"index","follow":"follow","max-snippet":"max-snippet:-1","max-image-preview":"max-image-preview:large","max-video-preview":"max-video-preview:-1"},"canonical":"https:\/\/cheznu.tv\/familymanagement\/produkt\/buch-lust-auf-naehen\/","og_locale":"de_DE","og_type":"article","og_title":"Lust auf N\u00e4hen \u2013 Buch f\u00fcr Kleidung und Deko-Projekte","og_description":"\"Lust auf N\u00e4hen\" bietet 20 einfache N\u00e4hprojekte f\u00fcr Anf\u00e4nger und Fortgeschrittene. Jetzt auf bestellen! Hol dir dein Exemplar mit pers\u00f6nlicher Widmung.","og_url":"https:\/\/cheznu.tv\/familymanagement\/produkt\/buch-lust-auf-naehen\/","og_site_name":"ChezNU.TV","article_publisher":"https:\/\/www.facebook.com\/cheznutv\/","article_modified_time":"2026-04-15T10:17:56+00:00","og_image":[{"width":1000,"height":1000,"url":"https:\/\/cheznu.tv\/familymanagement\/wp-content\/uploads\/2024\/06\/Buch-Lust-auf-Naehen-Vorderseite-und-Buchruecken.jpg","type":"image\/jpeg"}],"twitter_card":"summary_large_image","twitter_site":"@cheznu_family","twitter_misc":{"Gesch\u00e4tzte Lesezeit":"3\u00a0Minuten"},"schema":{"@context":"https:\/\/schema.org","@graph":[{"@type":"WebPage","@id":"https:\/\/cheznu.tv\/familymanagement\/produkt\/buch-lust-auf-naehen\/","url":"https:\/\/cheznu.tv\/familymanagement\/produkt\/buch-lust-auf-naehen\/","name":"Lust auf N\u00e4hen \u2013 Buch f\u00fcr Kleidung und Deko-Projekte","isPartOf":{"@id":"https:\/\/cheznu.tv\/familymanagement\/#website"},"primaryImageOfPage":{"@id":"https:\/\/cheznu.tv\/familymanagement\/produkt\/buch-lust-auf-naehen\/#primaryimage"},"image":{"@id":"https:\/\/cheznu.tv\/familymanagement\/produkt\/buch-lust-auf-naehen\/#primaryimage"},"thumbnailUrl":"https:\/\/cheznu.tv\/familymanagement\/wp-content\/uploads\/2024\/06\/Buch-Lust-auf-Naehen-Vorderseite-und-Buchruecken.jpg","datePublished":"2024-06-23T07:00:03+00:00","dateModified":"2026-04-15T10:17:56+00:00","description":"\"Lust auf N\u00e4hen\" bietet 20 einfache N\u00e4hprojekte f\u00fcr Anf\u00e4nger und Fortgeschrittene. Jetzt auf bestellen! Hol dir dein Exemplar mit pers\u00f6nlicher Widmung.","breadcrumb":{"@id":"https:\/\/cheznu.tv\/familymanagement\/produkt\/buch-lust-auf-naehen\/#breadcrumb"},"inLanguage":"de","potentialAction":[{"@type":"ReadAction","target":["https:\/\/cheznu.tv\/familymanagement\/produkt\/buch-lust-auf-naehen\/"]}]},{"@type":"ImageObject","inLanguage":"de","@id":"https:\/\/cheznu.tv\/familymanagement\/produkt\/buch-lust-auf-naehen\/#primaryimage","url":"https:\/\/cheznu.tv\/familymanagement\/wp-content\/uploads\/2024\/06\/Buch-Lust-auf-Naehen-Vorderseite-und-Buchruecken.jpg","contentUrl":"https:\/\/cheznu.tv\/familymanagement\/wp-content\/uploads\/2024\/06\/Buch-Lust-auf-Naehen-Vorderseite-und-Buchruecken.jpg","width":1000,"height":1000,"caption":"Buch Lust auf N\u00e4hen - Vorderseite und Buchr\u00fccken"},{"@type":"BreadcrumbList","@id":"https:\/\/cheznu.tv\/familymanagement\/produkt\/buch-lust-auf-naehen\/#breadcrumb","itemListElement":[{"@type":"ListItem","position":1,"name":"Startseite","item":"https:\/\/cheznu.tv\/familymanagement\/"},{"@type":"ListItem","position":2,"name":"Shop","item":"https:\/\/cheznu.tv\/familymanagement\/shop\/"},{"@type":"ListItem","position":3,"name":"Lust auf N\u00e4hen \u2013 Das perfekte Buch f\u00fcr deine kreativen Projekte!"}]},{"@type":"WebSite","@id":"https:\/\/cheznu.tv\/familymanagement\/#website","url":"https:\/\/cheznu.tv\/familymanagement\/","name":"ChezNU.TV","description":"N\u00e4hen | Basteln | Haushalt | Familie","potentialAction":[{"@type":"SearchAction","target":{"@type":"EntryPoint","urlTemplate":"https:\/\/cheznu.tv\/familymanagement\/?s={search_term_string}"},"query-input":{"@type":"PropertyValueSpecification","valueRequired":true,"valueName":"search_term_string"}}],"inLanguage":"de"}]}},"_links":{"self":[{"href":"https:\/\/cheznu.tv\/familymanagement\/wp-json\/wp\/v2\/product\/94126","targetHints":{"allow":["GET"]}}],"collection":[{"href":"https:\/\/cheznu.tv\/familymanagement\/wp-json\/wp\/v2\/product"}],"about":[{"href":"https:\/\/cheznu.tv\/familymanagement\/wp-json\/wp\/v2\/types\/product"}],"replies":[{"embeddable":true,"href":"https:\/\/cheznu.tv\/familymanagement\/wp-json\/wp\/v2\/comments?post=94126"}],"wp:featuredmedia":[{"embeddable":true,"href":"https:\/\/cheznu.tv\/familymanagement\/wp-json\/wp\/v2\/media\/94131"}],"wp:attachment":[{"href":"https:\/\/cheznu.tv\/familymanagement\/wp-json\/wp\/v2\/media?parent=94126"}],"wp:term":[{"taxonomy":"product_brand","embeddable":true,"href":"https:\/\/cheznu.tv\/familymanagement\/wp-json\/wp\/v2\/product_brand?post=94126"},{"taxonomy":"product_cat","embeddable":true,"href":"https:\/\/cheznu.tv\/familymanagement\/wp-json\/wp\/v2\/product_cat?post=94126"},{"taxonomy":"product_tag","embeddable":true,"href":"https:\/\/cheznu.tv\/familymanagement\/wp-json\/wp\/v2\/product_tag?post=94126"}],"curies":[{"name":"wp","href":"https:\/\/api.w.org\/{rel}","templated":true}]}}