{"id":93514,"date":"2024-05-26T14:00:54","date_gmt":"2024-05-26T12:00:54","guid":{"rendered":"https:\/\/cheznu.tv\/familymanagement\/?post_type=product&#038;p=93514"},"modified":"2024-09-06T15:03:49","modified_gmt":"2024-09-06T13:03:49","slug":"kleid-enja-schnittmuster","status":"publish","type":"product","link":"https:\/\/cheznu.tv\/familymanagement\/produkt\/kleid-enja-schnittmuster\/","title":{"rendered":"Kleid Enja aus Musselin \u2702\ufe0f Gr\u00f6sse 36-52 \u2702\ufe0f Schnittmuster zum Herunterladen und Ausdrucken"},"content":{"rendered":"<p>Die Anleitung mit Video f\u00fcr das Kleid Enja findest Du hier:<\/p>\n<p><a href=\"https:\/\/cheznu.tv\/familymanagement\/kleid-enja-anleitung\/\">Kleid aus Musselin n\u00e4hen\ud83d\udc5a Damen-Schnittmuster Kleid Enja<\/a><\/p>\n<p><a href='https:\/\/www.spoonflower.com\/profiles\/cheznu_tv' target='_blank' title='Spoonflower-Shop mit den ChezNU-Designs'>Unseren neuen Spoonflower-Shop mit Stoffen im ChezNU-Design findest Du hier.<\/a><\/p><p>Neben dem Schnittmuster \/ Schema \/ Anleitung \/ Plotterdatei erh\u00e4ltst Du als Teil der erworbenen Leistung (gilt auch f\u00fcr kostenlose Produkte) auch unseren kostenlosen Newsletter \u201eSchnittmuster-Alarm\u201c. Im Schnittmuster-Alarm informieren wir haupts\u00e4chlich, aber nicht ausschliesslich \u00fcber neue Schnittmuster, Anleitungen, DIY-Projekte, Angebote in unserem Shop, Angebote in anderen Shops, Materialbezugsquellen und allem was irgendwie mit N\u00e4hen, H\u00e4keln, Basteln, Stricken, Upcycling, Organisation und Familie zu tun hat.<\/p><p>Nach Deiner Bestellung erh\u00e4ltst Du die E-Mails automatisch. Du kannst sie allerdings jederzeit und ohne Angabe von Gr\u00fcnden \u00fcber den Link am Ende jeder E-Mail abbestellen.<br>\n\tDie Transparenzerkl\u00e4rung zu unserem Schnittmuster-Alarm findest Du <a title='Transparenzerkl\u00e4rung' href='https:\/\/cheznu.tv\/familymanagement\/transparenzerklaerung-zum-schnittmuster-alarm-newsletter\/' target='_blank'>hier<\/a><\/p>\n<p><strong>Zum Schnittmuster<\/strong><\/p>\n<p>Das Schnittmuster kommt als PDF, wenn es sich um mehrere PDFs handelt packen wir diese in eine ZIP-Datei. Diese muss erst abgespeichert und entpackt werden, bevor man sie auf A4-Papier (Standard) ausdrucken und dann zusammenkleben kann.<br \/>\nFalls Du das noch nie gemacht hast findest Du eine Anleitung in unseren <a href=\"https:\/\/cheznu.tv\/familymanagement\/faq\/\">FAQs<\/a>.<\/p>\n<p>So entf\u00e4llt das l\u00e4stige Schnittmuster kopieren mit teurem Seidenpapier. Das Schnittmuster kann nach dem Zusammenkleben direkt ausgeschnitten werden.<\/p>\n<p>Bitte beachte, die richtigen Druckoptionen einzustellen. Das funktioniert genauso, wie bei Burda.<br \/>\n<a href=\"http:\/\/cheznu.tv\/familymanagement\/burda-schnittmuster-ausdrucken\/\">Burda Schnittmuster Ausdrucken.<\/a><\/p>\n<p>Wie das mit dem Zusammenkleben funktioniert haben wir hier kurz erkl\u00e4rt.<br \/>\n<a href=\"http:\/\/cheznu.tv\/familymanagement\/so-gehts\/\">So geht\u00b4s<\/a>.<\/p>\n<p><a href=\"https:\/\/cheznu.tv\/familymanagement\/wp-content\/uploads\/2021\/09\/ChezNU-Groessentabelle_fuer_Damen_2021.pdf\">Die Gr\u00f6ssentabelle mit den Massen f\u00fcr Damen findest Du hier.<\/a><\/p>\n<p>Dieser Schnitt darf zu privaten Zwecken und zur Fertigung von Einzelst\u00fccken\/Kleinserien (bis 5 Modelle) unter Nennung der Herkunft verwendet werden (ChezNU.TV). Massenproduktion der fertigen Ware sowie Kopieren, Weitergabe, Abdruck oder Ver\u00f6ffentlichung (auch teilweise) des Schnittmusters bedarf der schriftlichen Genehmigung. Wenn Du Dir nicht sicher bist, schreibe uns einfach kurz eine <a href=\"mailto:nu@cheznu.tv\">E-Mail.<\/a><\/p>\n<p><img decoding=\"async\" src=\"https:\/\/klick.cheznu.tv\/pix\/1s8wz4na2zfz75e5\" width=\"1\" height=\"1\" \/><\/p>\n","protected":false},"excerpt":{"rendered":"<p>Das Kleid Enja ist ein <strong>extrem<\/strong> <strong>einfach<\/strong> und <strong>schnell<\/strong> zu n\u00e4hendes N\u00e4hprojekt und schnelles N\u00e4hprojekt. Das Schnittmuster ist perfekt f\u00fcr <strong>Musselin<\/strong> geeignet.<\/p>\n<p><strong>Highlights:<\/strong><\/p>\n<ul>\n<li><strong>U-Boot-Ausschnitt:<\/strong> Moderne und feminine Note.<\/li>\n<li><strong>Angeschnittene \u00c4rmel:<\/strong> L\u00e4ssige und schicke Silhouette und super easy.<\/li>\n<li><strong>Zweifarbiges Design:<\/strong> Individuell anpassbar.<\/li>\n<li><strong>Vielseitige Stoffwahl:<\/strong> Musselin, Leinenmischgewebe, Viskose, leichte Baumwolle.<\/li>\n<li><strong>Einfache Anleitung:<\/strong> Perfekt f\u00fcr Anf\u00e4nger und erfahrene N\u00e4herinnen.<\/li>\n<\/ul>\n<p>Ein sehr einfaches N\u00e4hprojekt, perfekt f\u00fcr die Ferien, den Strand oder auch f\u00fcr zu Hause. \ud83c\udf3f\u2728<\/p>\n<p>Die <strong>Videoanleitungen zum Kleid <\/strong>findest Du weiter unten verlinkt.<\/p>\n<p>Solltest Du dar\u00fcber hinaus noch fragen zum Schnittmuster haben, schreib uns gerne an: <a href=\"mailto:schnittmuster@cheznu.tv\">schnittmuster@cheznu.tv<\/a><\/p>\n","protected":false},"featured_media":93608,"comment_status":"open","ping_status":"closed","template":"","meta":[],"product_brand":[],"product_cat":[840,822,810,811,3221,1071],"product_tag":[1920,872,3483,4101,3222,4167,3223,3224,837,2043],"class_list":{"0":"post-93514","1":"product","2":"type-product","3":"status-publish","4":"has-post-thumbnail","6":"product_cat-kleid","7":"product_cat-kleidung","8":"product_cat-naehen","9":"product_cat-schnittmuster","10":"product_cat-sommer","11":"product_cat-urlaub","12":"product_tag-einfach","13":"product_tag-kleid","14":"product_tag-kleidung-aus-musselin","15":"product_tag-kurze-aermel","16":"product_tag-musselin","17":"product_tag-musselin-kleid","18":"product_tag-schnittmuster-kleid","19":"product_tag-schnittmuster-sommerkleid","20":"product_tag-sommerkleid","21":"product_tag-u-boot-ausschnitt","23":"first","24":"instock","25":"downloadable","26":"virtual","27":"sold-individually","28":"purchasable","29":"product-type-simple"},"yoast_head":"<!-- This site is optimized with the Yoast SEO plugin v27.4 - https:\/\/yoast.com\/product\/yoast-seo-wordpress\/ -->\n<title>Extrem einfaches Schnittmuster \ud83d\udc57 Kleid aus Musselin<\/title>\n<meta name=\"description\" content=\"Es k\u00f6nnte nicht leichter sein ein Kleid zu n\u00e4hen \u2702\ufe0f super Anf\u00e4nger-Schnittmuster \ud83e\uddf5\ud83e\udea1 Musselinkleid f\u00fcr den Sommer \ud83c\udf1e\" \/>\n<meta name=\"robots\" content=\"index, follow, max-snippet:-1, max-image-preview:large, max-video-preview:-1\" \/>\n<link rel=\"canonical\" href=\"https:\/\/cheznu.tv\/familymanagement\/produkt\/kleid-enja-schnittmuster\/\" \/>\n<meta property=\"og:locale\" content=\"de_DE\" \/>\n<meta property=\"og:type\" content=\"article\" \/>\n<meta property=\"og:title\" content=\"Extrem einfaches Schnittmuster \ud83d\udc57 Kleid aus Musselin\" \/>\n<meta property=\"og:description\" content=\"Es k\u00f6nnte nicht leichter sein ein Kleid zu n\u00e4hen \u2702\ufe0f super Anf\u00e4nger-Schnittmuster \ud83e\uddf5\ud83e\udea1 Musselinkleid f\u00fcr den Sommer \ud83c\udf1e\" \/>\n<meta property=\"og:url\" content=\"https:\/\/cheznu.tv\/familymanagement\/produkt\/kleid-enja-schnittmuster\/\" \/>\n<meta property=\"og:site_name\" content=\"ChezNU.TV\" \/>\n<meta property=\"article:publisher\" content=\"https:\/\/www.facebook.com\/cheznutv\/\" \/>\n<meta property=\"article:modified_time\" content=\"2024-09-06T13:03:49+00:00\" \/>\n<meta property=\"og:image\" content=\"https:\/\/cheznu.tv\/familymanagement\/wp-content\/uploads\/2024\/05\/Kleid-aus-Musselin-naehen-Damen-Schnittmuster-frontal.jpg\" \/>\n\t<meta property=\"og:image:width\" content=\"1080\" \/>\n\t<meta property=\"og:image:height\" content=\"1080\" \/>\n\t<meta property=\"og:image:type\" content=\"image\/jpeg\" \/>\n<meta name=\"twitter:card\" content=\"summary_large_image\" \/>\n<meta name=\"twitter:site\" content=\"@cheznu_family\" \/>\n<meta name=\"twitter:label1\" content=\"Gesch\u00e4tzte Lesezeit\" \/>\n\t<meta name=\"twitter:data1\" content=\"2\u00a0Minuten\" \/>\n<script type=\"application\/ld+json\" class=\"yoast-schema-graph\">{\"@context\":\"https:\\\/\\\/schema.org\",\"@graph\":[{\"@type\":\"WebPage\",\"@id\":\"https:\\\/\\\/cheznu.tv\\\/familymanagement\\\/produkt\\\/kleid-enja-schnittmuster\\\/\",\"url\":\"https:\\\/\\\/cheznu.tv\\\/familymanagement\\\/produkt\\\/kleid-enja-schnittmuster\\\/\",\"name\":\"Extrem einfaches Schnittmuster \ud83d\udc57 Kleid aus Musselin\",\"isPartOf\":{\"@id\":\"https:\\\/\\\/cheznu.tv\\\/familymanagement\\\/#website\"},\"primaryImageOfPage\":{\"@id\":\"https:\\\/\\\/cheznu.tv\\\/familymanagement\\\/produkt\\\/kleid-enja-schnittmuster\\\/#primaryimage\"},\"image\":{\"@id\":\"https:\\\/\\\/cheznu.tv\\\/familymanagement\\\/produkt\\\/kleid-enja-schnittmuster\\\/#primaryimage\"},\"thumbnailUrl\":\"https:\\\/\\\/cheznu.tv\\\/familymanagement\\\/wp-content\\\/uploads\\\/2024\\\/05\\\/Kleid-aus-Musselin-naehen-Damen-Schnittmuster-frontal.jpg\",\"datePublished\":\"2024-05-26T12:00:54+00:00\",\"dateModified\":\"2024-09-06T13:03:49+00:00\",\"description\":\"Es k\u00f6nnte nicht leichter sein ein Kleid zu n\u00e4hen \u2702\ufe0f super Anf\u00e4nger-Schnittmuster \ud83e\uddf5\ud83e\udea1 Musselinkleid f\u00fcr den Sommer \ud83c\udf1e\",\"breadcrumb\":{\"@id\":\"https:\\\/\\\/cheznu.tv\\\/familymanagement\\\/produkt\\\/kleid-enja-schnittmuster\\\/#breadcrumb\"},\"inLanguage\":\"de\",\"potentialAction\":[{\"@type\":\"ReadAction\",\"target\":[\"https:\\\/\\\/cheznu.tv\\\/familymanagement\\\/produkt\\\/kleid-enja-schnittmuster\\\/\"]}]},{\"@type\":\"ImageObject\",\"inLanguage\":\"de\",\"@id\":\"https:\\\/\\\/cheznu.tv\\\/familymanagement\\\/produkt\\\/kleid-enja-schnittmuster\\\/#primaryimage\",\"url\":\"https:\\\/\\\/cheznu.tv\\\/familymanagement\\\/wp-content\\\/uploads\\\/2024\\\/05\\\/Kleid-aus-Musselin-naehen-Damen-Schnittmuster-frontal.jpg\",\"contentUrl\":\"https:\\\/\\\/cheznu.tv\\\/familymanagement\\\/wp-content\\\/uploads\\\/2024\\\/05\\\/Kleid-aus-Musselin-naehen-Damen-Schnittmuster-frontal.jpg\",\"width\":1080,\"height\":1080,\"caption\":\"Kleid aus Musselin n\u00e4hen Damen-Schnittmuster - frontal\"},{\"@type\":\"BreadcrumbList\",\"@id\":\"https:\\\/\\\/cheznu.tv\\\/familymanagement\\\/produkt\\\/kleid-enja-schnittmuster\\\/#breadcrumb\",\"itemListElement\":[{\"@type\":\"ListItem\",\"position\":1,\"name\":\"Startseite\",\"item\":\"https:\\\/\\\/cheznu.tv\\\/familymanagement\\\/\"},{\"@type\":\"ListItem\",\"position\":2,\"name\":\"Shop\",\"item\":\"https:\\\/\\\/cheznu.tv\\\/familymanagement\\\/shop\\\/\"},{\"@type\":\"ListItem\",\"position\":3,\"name\":\"Kleid Enja aus Musselin \u2702\ufe0f Gr\u00f6sse 36-52 \u2702\ufe0f Schnittmuster zum Herunterladen und Ausdrucken\"}]},{\"@type\":\"WebSite\",\"@id\":\"https:\\\/\\\/cheznu.tv\\\/familymanagement\\\/#website\",\"url\":\"https:\\\/\\\/cheznu.tv\\\/familymanagement\\\/\",\"name\":\"ChezNU.TV\",\"description\":\"N\u00e4hen | Basteln | Haushalt | Familie\",\"potentialAction\":[{\"@type\":\"SearchAction\",\"target\":{\"@type\":\"EntryPoint\",\"urlTemplate\":\"https:\\\/\\\/cheznu.tv\\\/familymanagement\\\/?s={search_term_string}\"},\"query-input\":{\"@type\":\"PropertyValueSpecification\",\"valueRequired\":true,\"valueName\":\"search_term_string\"}}],\"inLanguage\":\"de\"}]}<\/script>\n<!-- \/ Yoast SEO plugin. -->","yoast_head_json":{"title":"Extrem einfaches Schnittmuster \ud83d\udc57 Kleid aus Musselin","description":"Es k\u00f6nnte nicht leichter sein ein Kleid zu n\u00e4hen \u2702\ufe0f super Anf\u00e4nger-Schnittmuster \ud83e\uddf5\ud83e\udea1 Musselinkleid f\u00fcr den Sommer \ud83c\udf1e","robots":{"index":"index","follow":"follow","max-snippet":"max-snippet:-1","max-image-preview":"max-image-preview:large","max-video-preview":"max-video-preview:-1"},"canonical":"https:\/\/cheznu.tv\/familymanagement\/produkt\/kleid-enja-schnittmuster\/","og_locale":"de_DE","og_type":"article","og_title":"Extrem einfaches Schnittmuster \ud83d\udc57 Kleid aus Musselin","og_description":"Es k\u00f6nnte nicht leichter sein ein Kleid zu n\u00e4hen \u2702\ufe0f super Anf\u00e4nger-Schnittmuster \ud83e\uddf5\ud83e\udea1 Musselinkleid f\u00fcr den Sommer \ud83c\udf1e","og_url":"https:\/\/cheznu.tv\/familymanagement\/produkt\/kleid-enja-schnittmuster\/","og_site_name":"ChezNU.TV","article_publisher":"https:\/\/www.facebook.com\/cheznutv\/","article_modified_time":"2024-09-06T13:03:49+00:00","og_image":[{"width":1080,"height":1080,"url":"https:\/\/cheznu.tv\/familymanagement\/wp-content\/uploads\/2024\/05\/Kleid-aus-Musselin-naehen-Damen-Schnittmuster-frontal.jpg","type":"image\/jpeg"}],"twitter_card":"summary_large_image","twitter_site":"@cheznu_family","twitter_misc":{"Gesch\u00e4tzte Lesezeit":"2\u00a0Minuten"},"schema":{"@context":"https:\/\/schema.org","@graph":[{"@type":"WebPage","@id":"https:\/\/cheznu.tv\/familymanagement\/produkt\/kleid-enja-schnittmuster\/","url":"https:\/\/cheznu.tv\/familymanagement\/produkt\/kleid-enja-schnittmuster\/","name":"Extrem einfaches Schnittmuster \ud83d\udc57 Kleid aus Musselin","isPartOf":{"@id":"https:\/\/cheznu.tv\/familymanagement\/#website"},"primaryImageOfPage":{"@id":"https:\/\/cheznu.tv\/familymanagement\/produkt\/kleid-enja-schnittmuster\/#primaryimage"},"image":{"@id":"https:\/\/cheznu.tv\/familymanagement\/produkt\/kleid-enja-schnittmuster\/#primaryimage"},"thumbnailUrl":"https:\/\/cheznu.tv\/familymanagement\/wp-content\/uploads\/2024\/05\/Kleid-aus-Musselin-naehen-Damen-Schnittmuster-frontal.jpg","datePublished":"2024-05-26T12:00:54+00:00","dateModified":"2024-09-06T13:03:49+00:00","description":"Es k\u00f6nnte nicht leichter sein ein Kleid zu n\u00e4hen \u2702\ufe0f super Anf\u00e4nger-Schnittmuster \ud83e\uddf5\ud83e\udea1 Musselinkleid f\u00fcr den Sommer \ud83c\udf1e","breadcrumb":{"@id":"https:\/\/cheznu.tv\/familymanagement\/produkt\/kleid-enja-schnittmuster\/#breadcrumb"},"inLanguage":"de","potentialAction":[{"@type":"ReadAction","target":["https:\/\/cheznu.tv\/familymanagement\/produkt\/kleid-enja-schnittmuster\/"]}]},{"@type":"ImageObject","inLanguage":"de","@id":"https:\/\/cheznu.tv\/familymanagement\/produkt\/kleid-enja-schnittmuster\/#primaryimage","url":"https:\/\/cheznu.tv\/familymanagement\/wp-content\/uploads\/2024\/05\/Kleid-aus-Musselin-naehen-Damen-Schnittmuster-frontal.jpg","contentUrl":"https:\/\/cheznu.tv\/familymanagement\/wp-content\/uploads\/2024\/05\/Kleid-aus-Musselin-naehen-Damen-Schnittmuster-frontal.jpg","width":1080,"height":1080,"caption":"Kleid aus Musselin n\u00e4hen Damen-Schnittmuster - frontal"},{"@type":"BreadcrumbList","@id":"https:\/\/cheznu.tv\/familymanagement\/produkt\/kleid-enja-schnittmuster\/#breadcrumb","itemListElement":[{"@type":"ListItem","position":1,"name":"Startseite","item":"https:\/\/cheznu.tv\/familymanagement\/"},{"@type":"ListItem","position":2,"name":"Shop","item":"https:\/\/cheznu.tv\/familymanagement\/shop\/"},{"@type":"ListItem","position":3,"name":"Kleid Enja aus Musselin \u2702\ufe0f Gr\u00f6sse 36-52 \u2702\ufe0f Schnittmuster zum Herunterladen und Ausdrucken"}]},{"@type":"WebSite","@id":"https:\/\/cheznu.tv\/familymanagement\/#website","url":"https:\/\/cheznu.tv\/familymanagement\/","name":"ChezNU.TV","description":"N\u00e4hen | Basteln | Haushalt | Familie","potentialAction":[{"@type":"SearchAction","target":{"@type":"EntryPoint","urlTemplate":"https:\/\/cheznu.tv\/familymanagement\/?s={search_term_string}"},"query-input":{"@type":"PropertyValueSpecification","valueRequired":true,"valueName":"search_term_string"}}],"inLanguage":"de"}]}},"_links":{"self":[{"href":"https:\/\/cheznu.tv\/familymanagement\/wp-json\/wp\/v2\/product\/93514","targetHints":{"allow":["GET"]}}],"collection":[{"href":"https:\/\/cheznu.tv\/familymanagement\/wp-json\/wp\/v2\/product"}],"about":[{"href":"https:\/\/cheznu.tv\/familymanagement\/wp-json\/wp\/v2\/types\/product"}],"replies":[{"embeddable":true,"href":"https:\/\/cheznu.tv\/familymanagement\/wp-json\/wp\/v2\/comments?post=93514"}],"wp:featuredmedia":[{"embeddable":true,"href":"https:\/\/cheznu.tv\/familymanagement\/wp-json\/wp\/v2\/media\/93608"}],"wp:attachment":[{"href":"https:\/\/cheznu.tv\/familymanagement\/wp-json\/wp\/v2\/media?parent=93514"}],"wp:term":[{"taxonomy":"product_brand","embeddable":true,"href":"https:\/\/cheznu.tv\/familymanagement\/wp-json\/wp\/v2\/product_brand?post=93514"},{"taxonomy":"product_cat","embeddable":true,"href":"https:\/\/cheznu.tv\/familymanagement\/wp-json\/wp\/v2\/product_cat?post=93514"},{"taxonomy":"product_tag","embeddable":true,"href":"https:\/\/cheznu.tv\/familymanagement\/wp-json\/wp\/v2\/product_tag?post=93514"}],"curies":[{"name":"wp","href":"https:\/\/api.w.org\/{rel}","templated":true}]}}