{"id":92926,"date":"2024-05-05T16:00:25","date_gmt":"2024-05-05T14:00:25","guid":{"rendered":"https:\/\/cheznu.tv\/familymanagement\/?post_type=product&#038;p=92926"},"modified":"2024-05-29T20:47:34","modified_gmt":"2024-05-29T18:47:34","slug":"tortentransporttasche-wien-schnittmuster","status":"publish","type":"product","link":"https:\/\/cheznu.tv\/familymanagement\/produkt\/tortentransporttasche-wien-schnittmuster\/","title":{"rendered":"Tortentransporttasche Wien \u2702\ufe0f gratis Schnittmuster zum Herunterladen und Ausdrucken"},"content":{"rendered":"<p>Die Videoanleitung f\u00fcr die Tortentransporttasche Wien findest Du hier:<\/p>\n<p><a href=\"https:\/\/cheznu.tv\/familymanagement\/tortentransporttasche-wien-anleitung\/\">Geniale und praktische N\u00e4hidee aus Stoffresten f\u00fcr Anf\u00e4nger \ud83d\ude0d GRATIS Schnittmuster Tortentransporttasche Wien<\/a><\/p>\n<p><a href='https:\/\/www.spoonflower.com\/profiles\/cheznu_tv' target='_blank' title='Spoonflower-Shop mit den ChezNU-Designs'>Unseren neuen Spoonflower-Shop mit Stoffen im ChezNU-Design findest Du hier.<\/a><\/p><p>Neben dem Schnittmuster \/ Schema \/ Anleitung \/ Plotterdatei erh\u00e4ltst Du als Teil der erworbenen Leistung (gilt auch f\u00fcr kostenlose Produkte) auch unseren kostenlosen Newsletter \u201eSchnittmuster-Alarm\u201c. Im Schnittmuster-Alarm informieren wir haupts\u00e4chlich, aber nicht ausschliesslich \u00fcber neue Schnittmuster, Anleitungen, DIY-Projekte, Angebote in unserem Shop, Angebote in anderen Shops, Materialbezugsquellen und allem was irgendwie mit N\u00e4hen, H\u00e4keln, Basteln, Stricken, Upcycling, Organisation und Familie zu tun hat.<\/p><p>Nach Deiner Bestellung erh\u00e4ltst Du die E-Mails automatisch. Du kannst sie allerdings jederzeit und ohne Angabe von Gr\u00fcnden \u00fcber den Link am Ende jeder E-Mail abbestellen.<br>\n\tDie Transparenzerkl\u00e4rung zu unserem Schnittmuster-Alarm findest Du <a title='Transparenzerkl\u00e4rung' href='https:\/\/cheznu.tv\/familymanagement\/transparenzerklaerung-zum-schnittmuster-alarm-newsletter\/' target='_blank'>hier<\/a><\/p>\n<p><strong>Zum Schnittmuster<\/strong><\/p>\n<p>Das Schnittmuster kommt als PDF, wenn es sich um mehrere PDFs handelt packen wir diese in eine ZIP-Datei. Diese muss erst abgespeichert und entpackt werden, bevor man sie auf A4-Papier (Standard) ausdrucken und dann zusammenkleben kann.<br \/>\nFalls Du das noch nie gemacht hast findest Du eine Anleitung in unseren <a href=\"https:\/\/cheznu.tv\/familymanagement\/faq\/\">FAQs<\/a>.<\/p>\n<p>So entf\u00e4llt das l\u00e4stige Schnittmuster kopieren mit teurem Seidenpapier. Das Schnittmuster kann nach dem Zusammenkleben direkt ausgeschnitten werden.<\/p>\n<p>Bitte beachte, die richtigen Druckoptionen einzustellen. Das funktioniert genauso, wie bei Burda.<br \/>\n<a href=\"http:\/\/cheznu.tv\/familymanagement\/burda-schnittmuster-ausdrucken\/\">Burda Schnittmuster Ausdrucken.<\/a><\/p>\n<p>Wie das mit dem Zusammenkleben funktioniert haben wir hier kurz erkl\u00e4rt.<br \/>\n<a href=\"http:\/\/cheznu.tv\/familymanagement\/so-gehts\/\">So geht\u00b4s<\/a>.<\/p>\n<p>Dieser Schnitt darf zu privaten Zwecken und zur Fertigung von Einzelst\u00fccken\/Kleinserien (bis 5 Modelle) unter Nennung der Herkunft verwendet werden (ChezNU.TV). Massenproduktion der fertigen Ware sowie Kopieren, Weitergabe, Abdruck oder Ver\u00f6ffentlichung (auch teilweise) des Schnittmusters bedarf der schriftlichen Genehmigung. Wenn Du Dir nicht sicher bist, schreibe uns einfach kurz eine <a href=\"mailto:nu@cheznu.tv\">E-Mail.<\/a><\/p>\n<p><img decoding=\"async\" src=\"https:\/\/klick.cheznu.tv\/pix\/1s8wz4na2zfz75e5\" width=\"1\" height=\"1\" \/><\/p>\n","protected":false},"excerpt":{"rendered":"<p>Dieses <strong>kostenlose Schnittmuster<\/strong> erm\u00f6glicht es Dir, eine praktische <strong>Tortentransporttasche<\/strong> aus <strong>Stoffresten<\/strong> zu n\u00e4hen. Das ganze mit einer super einfachen <strong>Patchwork<\/strong>-Technik.<\/p>\n<p>Die Tasche ist besonders geeignet f\u00fcr das sichere Transportieren von Kuchen und Torten zu besonderen Anl\u00e4ssen wie <strong>Muttertag<\/strong>, <strong>Schulfesten<\/strong> oder <strong>Grillpartys<\/strong>.<\/p>\n<p>Durch die detaillierte N\u00e4hanleitung ist dieses Projekt auch f\u00fcr <strong>N\u00e4hanf\u00e4nger<\/strong> gut umsetzbar und durch das Aufbrauchen von Stoffresten ist es <strong>kosteng\u00fcnstig<\/strong> und <strong>nachhaltig<\/strong>.<\/p>\n<p>Mit dieser Tortentransporttasche sind Deine Kuchen schon vor dem Auspacken ein <strong>Hingucker<\/strong>.<\/p>\n<p>Die <strong>Videoanleitungen <\/strong>dazu findest Du weiter unten verlinkt.<\/p>\n<p>Solltest Du dar\u00fcber hinaus noch fragen zum Schnittmuster haben, schreib uns gerne an: <a href=\"mailto:schnittmuster@cheznu.tv\">schnittmuster@cheznu.tv<\/a><\/p>\n","protected":false},"featured_media":92933,"comment_status":"open","ping_status":"closed","template":"","meta":[],"product_brand":[],"product_cat":[810,812],"product_tag":[854,4141,4145,1920,3626,1054,4151,2456,4138,4147,3611,3523,814,1942,4143,815,1947,4144,4140,4153,4139,4155,4148,4150,2624,4142,4152,4146,808,4149,4137,4154],"class_list":{"0":"post-92926","1":"product","2":"type-product","3":"status-publish","4":"has-post-thumbnail","6":"product_cat-naehen","7":"product_cat-tasche","8":"product_tag-anfaenger","9":"product_tag-anfaenger-naehanleitung","10":"product_tag-diy-patchwork-projekte","11":"product_tag-einfach","12":"product_tag-einfache-tasche","13":"product_tag-einkaufstasche","14":"product_tag-erdbeerkuchen-transportieren","15":"product_tag-freebie","16":"product_tag-freebie-naehanleitung","17":"product_tag-freebie-schnittmuster","18":"product_tag-freebook","19":"product_tag-geschenkidee","20":"product_tag-gratis","21":"product_tag-gratis-schnittmuster","22":"product_tag-grillparty-kuchen-tasche","23":"product_tag-kostenlos","24":"product_tag-kostenloses-schnittmuster","25":"product_tag-kreatives-naehen","26":"product_tag-kuchen-sicher-transportieren","27":"product_tag-kuchentransporttasche-naehen","28":"product_tag-muttertagsgeschenk-naehen","29":"product_tag-nachhaltig","30":"product_tag-naehideen-fuer-geschenke","31":"product_tag-naehtutorials-fuer-anfaenger","32":"product_tag-patchwork","33":"product_tag-patchwork-aus-stoffresten","34":"product_tag-patchwork-kuchentasche","35":"product_tag-stoffreste-verwenden","36":"product_tag-tasche","37":"product_tag-tasche-fuer-kuchentransport","38":"product_tag-tortentransporttasche-diy","39":"product_tag-tortentransporttasche-naehen","41":"first","42":"instock","43":"downloadable","44":"virtual","45":"sold-individually","46":"purchasable","47":"product-type-simple"},"yoast_head":"<!-- This site is optimized with the Yoast SEO plugin v27.5 - https:\/\/yoast.com\/product\/yoast-seo-wordpress\/ -->\n<title>Gratis Schnittmuster: Tortentransporttasche aus Stoffresten<\/title>\n<meta name=\"description\" content=\"Das perfekte Schnittmuster f\u00fcr alle, die ein einfaches N\u00e4hrprojekt suche, das Spass macht, nichts kostet und Stoffreste aufbraucht.\" \/>\n<meta name=\"robots\" content=\"index, follow, max-snippet:-1, max-image-preview:large, max-video-preview:-1\" \/>\n<link rel=\"canonical\" href=\"https:\/\/cheznu.tv\/familymanagement\/produkt\/tortentransporttasche-wien-schnittmuster\/\" \/>\n<meta property=\"og:locale\" content=\"de_DE\" \/>\n<meta property=\"og:type\" content=\"article\" \/>\n<meta property=\"og:title\" content=\"Gratis Schnittmuster: Tortentransporttasche aus Stoffresten\" \/>\n<meta property=\"og:description\" content=\"Das perfekte Schnittmuster f\u00fcr alle, die ein einfaches N\u00e4hrprojekt suche, das Spass macht, nichts kostet und Stoffreste aufbraucht.\" \/>\n<meta property=\"og:url\" content=\"https:\/\/cheznu.tv\/familymanagement\/produkt\/tortentransporttasche-wien-schnittmuster\/\" \/>\n<meta property=\"og:site_name\" content=\"ChezNU.TV\" \/>\n<meta property=\"article:publisher\" content=\"https:\/\/www.facebook.com\/cheznutv\/\" \/>\n<meta property=\"article:modified_time\" content=\"2024-05-29T18:47:34+00:00\" \/>\n<meta property=\"og:image\" content=\"https:\/\/cheznu.tv\/familymanagement\/wp-content\/uploads\/2024\/05\/Tortentransport-Tasche-Freebie-Schnittmuster-Nahaufnahme-von-der-Seite.jpg\" \/>\n\t<meta property=\"og:image:width\" content=\"1080\" \/>\n\t<meta property=\"og:image:height\" content=\"1080\" \/>\n\t<meta property=\"og:image:type\" content=\"image\/jpeg\" \/>\n<meta name=\"twitter:card\" content=\"summary_large_image\" \/>\n<meta name=\"twitter:site\" content=\"@cheznu_family\" \/>\n<meta name=\"twitter:label1\" content=\"Gesch\u00e4tzte Lesezeit\" \/>\n\t<meta name=\"twitter:data1\" content=\"2\u00a0Minuten\" \/>\n<script type=\"application\/ld+json\" class=\"yoast-schema-graph\">{\"@context\":\"https:\\\/\\\/schema.org\",\"@graph\":[{\"@type\":\"WebPage\",\"@id\":\"https:\\\/\\\/cheznu.tv\\\/familymanagement\\\/produkt\\\/tortentransporttasche-wien-schnittmuster\\\/\",\"url\":\"https:\\\/\\\/cheznu.tv\\\/familymanagement\\\/produkt\\\/tortentransporttasche-wien-schnittmuster\\\/\",\"name\":\"Gratis Schnittmuster: Tortentransporttasche aus Stoffresten\",\"isPartOf\":{\"@id\":\"https:\\\/\\\/cheznu.tv\\\/familymanagement\\\/#website\"},\"primaryImageOfPage\":{\"@id\":\"https:\\\/\\\/cheznu.tv\\\/familymanagement\\\/produkt\\\/tortentransporttasche-wien-schnittmuster\\\/#primaryimage\"},\"image\":{\"@id\":\"https:\\\/\\\/cheznu.tv\\\/familymanagement\\\/produkt\\\/tortentransporttasche-wien-schnittmuster\\\/#primaryimage\"},\"thumbnailUrl\":\"https:\\\/\\\/cheznu.tv\\\/familymanagement\\\/wp-content\\\/uploads\\\/2024\\\/05\\\/Tortentransport-Tasche-Freebie-Schnittmuster-Nahaufnahme-von-der-Seite.jpg\",\"datePublished\":\"2024-05-05T14:00:25+00:00\",\"dateModified\":\"2024-05-29T18:47:34+00:00\",\"description\":\"Das perfekte Schnittmuster f\u00fcr alle, die ein einfaches N\u00e4hrprojekt suche, das Spass macht, nichts kostet und Stoffreste aufbraucht.\",\"breadcrumb\":{\"@id\":\"https:\\\/\\\/cheznu.tv\\\/familymanagement\\\/produkt\\\/tortentransporttasche-wien-schnittmuster\\\/#breadcrumb\"},\"inLanguage\":\"de\",\"potentialAction\":[{\"@type\":\"ReadAction\",\"target\":[\"https:\\\/\\\/cheznu.tv\\\/familymanagement\\\/produkt\\\/tortentransporttasche-wien-schnittmuster\\\/\"]}]},{\"@type\":\"ImageObject\",\"inLanguage\":\"de\",\"@id\":\"https:\\\/\\\/cheznu.tv\\\/familymanagement\\\/produkt\\\/tortentransporttasche-wien-schnittmuster\\\/#primaryimage\",\"url\":\"https:\\\/\\\/cheznu.tv\\\/familymanagement\\\/wp-content\\\/uploads\\\/2024\\\/05\\\/Tortentransport-Tasche-Freebie-Schnittmuster-Nahaufnahme-von-der-Seite.jpg\",\"contentUrl\":\"https:\\\/\\\/cheznu.tv\\\/familymanagement\\\/wp-content\\\/uploads\\\/2024\\\/05\\\/Tortentransport-Tasche-Freebie-Schnittmuster-Nahaufnahme-von-der-Seite.jpg\",\"width\":1080,\"height\":1080,\"caption\":\"Tortentransport-Tasche Freebie-Schnittmuster - Nahaufnahme von der Seite\"},{\"@type\":\"BreadcrumbList\",\"@id\":\"https:\\\/\\\/cheznu.tv\\\/familymanagement\\\/produkt\\\/tortentransporttasche-wien-schnittmuster\\\/#breadcrumb\",\"itemListElement\":[{\"@type\":\"ListItem\",\"position\":1,\"name\":\"Startseite\",\"item\":\"https:\\\/\\\/cheznu.tv\\\/familymanagement\\\/\"},{\"@type\":\"ListItem\",\"position\":2,\"name\":\"Shop\",\"item\":\"https:\\\/\\\/cheznu.tv\\\/familymanagement\\\/shop\\\/\"},{\"@type\":\"ListItem\",\"position\":3,\"name\":\"Tortentransporttasche Wien \u2702\ufe0f gratis Schnittmuster zum Herunterladen und Ausdrucken\"}]},{\"@type\":\"WebSite\",\"@id\":\"https:\\\/\\\/cheznu.tv\\\/familymanagement\\\/#website\",\"url\":\"https:\\\/\\\/cheznu.tv\\\/familymanagement\\\/\",\"name\":\"ChezNU.TV\",\"description\":\"N\u00e4hen | Basteln | Haushalt | Familie\",\"potentialAction\":[{\"@type\":\"SearchAction\",\"target\":{\"@type\":\"EntryPoint\",\"urlTemplate\":\"https:\\\/\\\/cheznu.tv\\\/familymanagement\\\/?s={search_term_string}\"},\"query-input\":{\"@type\":\"PropertyValueSpecification\",\"valueRequired\":true,\"valueName\":\"search_term_string\"}}],\"inLanguage\":\"de\"}]}<\/script>\n<!-- \/ Yoast SEO plugin. -->","yoast_head_json":{"title":"Gratis Schnittmuster: Tortentransporttasche aus Stoffresten","description":"Das perfekte Schnittmuster f\u00fcr alle, die ein einfaches N\u00e4hrprojekt suche, das Spass macht, nichts kostet und Stoffreste aufbraucht.","robots":{"index":"index","follow":"follow","max-snippet":"max-snippet:-1","max-image-preview":"max-image-preview:large","max-video-preview":"max-video-preview:-1"},"canonical":"https:\/\/cheznu.tv\/familymanagement\/produkt\/tortentransporttasche-wien-schnittmuster\/","og_locale":"de_DE","og_type":"article","og_title":"Gratis Schnittmuster: Tortentransporttasche aus Stoffresten","og_description":"Das perfekte Schnittmuster f\u00fcr alle, die ein einfaches N\u00e4hrprojekt suche, das Spass macht, nichts kostet und Stoffreste aufbraucht.","og_url":"https:\/\/cheznu.tv\/familymanagement\/produkt\/tortentransporttasche-wien-schnittmuster\/","og_site_name":"ChezNU.TV","article_publisher":"https:\/\/www.facebook.com\/cheznutv\/","article_modified_time":"2024-05-29T18:47:34+00:00","og_image":[{"width":1080,"height":1080,"url":"https:\/\/cheznu.tv\/familymanagement\/wp-content\/uploads\/2024\/05\/Tortentransport-Tasche-Freebie-Schnittmuster-Nahaufnahme-von-der-Seite.jpg","type":"image\/jpeg"}],"twitter_card":"summary_large_image","twitter_site":"@cheznu_family","twitter_misc":{"Gesch\u00e4tzte Lesezeit":"2\u00a0Minuten"},"schema":{"@context":"https:\/\/schema.org","@graph":[{"@type":"WebPage","@id":"https:\/\/cheznu.tv\/familymanagement\/produkt\/tortentransporttasche-wien-schnittmuster\/","url":"https:\/\/cheznu.tv\/familymanagement\/produkt\/tortentransporttasche-wien-schnittmuster\/","name":"Gratis Schnittmuster: Tortentransporttasche aus Stoffresten","isPartOf":{"@id":"https:\/\/cheznu.tv\/familymanagement\/#website"},"primaryImageOfPage":{"@id":"https:\/\/cheznu.tv\/familymanagement\/produkt\/tortentransporttasche-wien-schnittmuster\/#primaryimage"},"image":{"@id":"https:\/\/cheznu.tv\/familymanagement\/produkt\/tortentransporttasche-wien-schnittmuster\/#primaryimage"},"thumbnailUrl":"https:\/\/cheznu.tv\/familymanagement\/wp-content\/uploads\/2024\/05\/Tortentransport-Tasche-Freebie-Schnittmuster-Nahaufnahme-von-der-Seite.jpg","datePublished":"2024-05-05T14:00:25+00:00","dateModified":"2024-05-29T18:47:34+00:00","description":"Das perfekte Schnittmuster f\u00fcr alle, die ein einfaches N\u00e4hrprojekt suche, das Spass macht, nichts kostet und Stoffreste aufbraucht.","breadcrumb":{"@id":"https:\/\/cheznu.tv\/familymanagement\/produkt\/tortentransporttasche-wien-schnittmuster\/#breadcrumb"},"inLanguage":"de","potentialAction":[{"@type":"ReadAction","target":["https:\/\/cheznu.tv\/familymanagement\/produkt\/tortentransporttasche-wien-schnittmuster\/"]}]},{"@type":"ImageObject","inLanguage":"de","@id":"https:\/\/cheznu.tv\/familymanagement\/produkt\/tortentransporttasche-wien-schnittmuster\/#primaryimage","url":"https:\/\/cheznu.tv\/familymanagement\/wp-content\/uploads\/2024\/05\/Tortentransport-Tasche-Freebie-Schnittmuster-Nahaufnahme-von-der-Seite.jpg","contentUrl":"https:\/\/cheznu.tv\/familymanagement\/wp-content\/uploads\/2024\/05\/Tortentransport-Tasche-Freebie-Schnittmuster-Nahaufnahme-von-der-Seite.jpg","width":1080,"height":1080,"caption":"Tortentransport-Tasche Freebie-Schnittmuster - Nahaufnahme von der Seite"},{"@type":"BreadcrumbList","@id":"https:\/\/cheznu.tv\/familymanagement\/produkt\/tortentransporttasche-wien-schnittmuster\/#breadcrumb","itemListElement":[{"@type":"ListItem","position":1,"name":"Startseite","item":"https:\/\/cheznu.tv\/familymanagement\/"},{"@type":"ListItem","position":2,"name":"Shop","item":"https:\/\/cheznu.tv\/familymanagement\/shop\/"},{"@type":"ListItem","position":3,"name":"Tortentransporttasche Wien \u2702\ufe0f gratis Schnittmuster zum Herunterladen und Ausdrucken"}]},{"@type":"WebSite","@id":"https:\/\/cheznu.tv\/familymanagement\/#website","url":"https:\/\/cheznu.tv\/familymanagement\/","name":"ChezNU.TV","description":"N\u00e4hen | Basteln | Haushalt | Familie","potentialAction":[{"@type":"SearchAction","target":{"@type":"EntryPoint","urlTemplate":"https:\/\/cheznu.tv\/familymanagement\/?s={search_term_string}"},"query-input":{"@type":"PropertyValueSpecification","valueRequired":true,"valueName":"search_term_string"}}],"inLanguage":"de"}]}},"_links":{"self":[{"href":"https:\/\/cheznu.tv\/familymanagement\/wp-json\/wp\/v2\/product\/92926","targetHints":{"allow":["GET"]}}],"collection":[{"href":"https:\/\/cheznu.tv\/familymanagement\/wp-json\/wp\/v2\/product"}],"about":[{"href":"https:\/\/cheznu.tv\/familymanagement\/wp-json\/wp\/v2\/types\/product"}],"replies":[{"embeddable":true,"href":"https:\/\/cheznu.tv\/familymanagement\/wp-json\/wp\/v2\/comments?post=92926"}],"wp:featuredmedia":[{"embeddable":true,"href":"https:\/\/cheznu.tv\/familymanagement\/wp-json\/wp\/v2\/media\/92933"}],"wp:attachment":[{"href":"https:\/\/cheznu.tv\/familymanagement\/wp-json\/wp\/v2\/media?parent=92926"}],"wp:term":[{"taxonomy":"product_brand","embeddable":true,"href":"https:\/\/cheznu.tv\/familymanagement\/wp-json\/wp\/v2\/product_brand?post=92926"},{"taxonomy":"product_cat","embeddable":true,"href":"https:\/\/cheznu.tv\/familymanagement\/wp-json\/wp\/v2\/product_cat?post=92926"},{"taxonomy":"product_tag","embeddable":true,"href":"https:\/\/cheznu.tv\/familymanagement\/wp-json\/wp\/v2\/product_tag?post=92926"}],"curies":[{"name":"wp","href":"https:\/\/api.w.org\/{rel}","templated":true}]}}