{"id":91276,"date":"2024-03-10T15:00:28","date_gmt":"2024-03-10T14:00:28","guid":{"rendered":"https:\/\/cheznu.tv\/familymanagement\/?post_type=product&#038;p=91276"},"modified":"2026-04-17T01:55:37","modified_gmt":"2026-04-16T23:55:37","slug":"brotkoerbchen-mit-deckel-schnittmuster","status":"publish","type":"product","link":"https:\/\/cheznu.tv\/familymanagement\/produkt\/brotkoerbchen-mit-deckel-schnittmuster\/","title":{"rendered":"Brotk\u00f6rbchen mit Deckel\ud83d\udc30 Hasen-Patchwork \u2702\ufe0f Schnittmuster zum Herunterladen und Ausdrucken"},"content":{"rendered":"<p>Die Videoanleitung f\u00fcr das Brotk\u00f6rbchen mit dem Patchwork findest Du hier:<\/p>\n<p><a href=\"https:\/\/cheznu.tv\/familymanagement\/brotkoerbchen-mit-deckel-anleitung\/\">Stoffreste? \ud83c\udf37\ud83c\udf5e\ud83e\uddfa\ud83d\udc07 Genial gen\u00e4ht zum DIY-Patchwork Brotk\u00f6rbchen f\u00fcr Ostern!<\/a><\/p>\n<p><a href='https:\/\/www.spoonflower.com\/profiles\/cheznu_tv' target='_blank' title='Spoonflower-Shop mit den ChezNU-Designs'>Unseren neuen Spoonflower-Shop mit Stoffen im ChezNU-Design findest Du hier.<\/a><\/p><p>Neben dem Schnittmuster \/ Schema \/ Anleitung \/ Plotterdatei erh\u00e4ltst Du als Teil der erworbenen Leistung (gilt auch f\u00fcr kostenlose Produkte) auch unseren kostenlosen Newsletter \u201eSchnittmuster-Alarm\u201c. Im Schnittmuster-Alarm informieren wir haupts\u00e4chlich, aber nicht ausschliesslich \u00fcber neue Schnittmuster, Anleitungen, DIY-Projekte, Angebote in unserem Shop, Angebote in anderen Shops, Materialbezugsquellen und allem was irgendwie mit N\u00e4hen, H\u00e4keln, Basteln, Stricken, Upcycling, Organisation und Familie zu tun hat.<\/p><p>Nach Deiner Bestellung erh\u00e4ltst Du die E-Mails automatisch. Du kannst sie allerdings jederzeit und ohne Angabe von Gr\u00fcnden \u00fcber den Link am Ende jeder E-Mail abbestellen.<br>\n\tDie Transparenzerkl\u00e4rung zu unserem Schnittmuster-Alarm findest Du <a title='Transparenzerkl\u00e4rung' href='https:\/\/cheznu.tv\/familymanagement\/transparenzerklaerung-zum-schnittmuster-alarm-newsletter\/' target='_blank'>hier<\/a><\/p>\n<p><strong>Zum Schnittmuster<\/strong><\/p>\n<p>Das Schnittmuster kommt als PDF, wenn es sich um mehrere PDFs handelt packen wir diese in eine ZIP-Datei. Diese muss erst abgespeichert und entpackt werden, bevor man sie auf A4-Papier (Standard) ausdrucken und dann zusammenkleben kann.<br \/>\nFalls Du das noch nie gemacht hast findest Du eine Anleitung in unseren <a href=\"https:\/\/cheznu.tv\/familymanagement\/faq\/\">FAQs<\/a>.<\/p>\n<p>So entf\u00e4llt das l\u00e4stige Schnittmuster kopieren mit teurem Seidenpapier. Das Schnittmuster kann nach dem Zusammenkleben direkt ausgeschnitten werden.<\/p>\n<p>Bitte beachte, die richtigen Druckoptionen einzustellen. Das funktioniert genauso, wie bei Burda.<br \/>\n<a href=\"http:\/\/cheznu.tv\/familymanagement\/burda-schnittmuster-ausdrucken\/\">Burda Schnittmuster Ausdrucken.<\/a><\/p>\n<p>Wie das mit dem Zusammenkleben funktioniert haben wir hier kurz erkl\u00e4rt.<br \/>\n<a href=\"http:\/\/cheznu.tv\/familymanagement\/so-gehts\/\">So geht\u00b4s<\/a>.<\/p>\n<p>Dieser Schnitt darf zu privaten Zwecken und zur Fertigung von Einzelst\u00fccken\/Kleinserien (bis 5 Modelle) unter Nennung der Herkunft verwendet werden (ChezNU.TV). Massenproduktion der fertigen Ware sowie Kopieren, Weitergabe, Abdruck oder Ver\u00f6ffentlichung (auch teilweise) des Schnittmusters bedarf der schriftlichen Genehmigung. Wenn Du Dir nicht sicher bist, schreibe uns einfach kurz eine <a href=\"mailto:nu@cheznu.tv\">E-Mail.<\/a><\/p>\n<p><img decoding=\"async\" src=\"https:\/\/klick.cheznu.tv\/pix\/1s8wz4na2zfz75e5\" width=\"1\" height=\"1\" \/><\/p>\n","protected":false},"excerpt":{"rendered":"<p>Das Schnittmuster f\u00fcr ein gef\u00fcttertes Brotk\u00f6rbchen beinhaltet auch die Vorlage f\u00fcr einen 12 cm <a href=\"https:\/\/cheznu.tv\/familymanagement\/produkt\/hasen-patchwork-vorlage\/\">Patchwork-Hasen<\/a>. Ein tolles Projekt zum verwerten auch kleiner Baumwoll-Stoffresten. Das Ergebnis ist ein etwa 17 cm hohes und 18 cm breites K\u00f6rbchen, komplett mit Deckel.<\/p>\n<p>Die Anleitung ist einfach zu verstehen und ist ideal f\u00fcr N\u00e4herinnen aller Erfahrungsstufen, die einzigartige Osterdekoration selbst n\u00e4hen m\u00f6chten.<\/p>\n<p>Die <strong>Videoanleitungen <\/strong>dazu findest Du weiter unten verlinkt.<\/p>\n<p>Solltest Du dar\u00fcber hinaus noch fragen zum Schnittmuster haben, schreib uns gerne an: <a href=\"mailto:schnittmuster@cheznu.tv\">schnittmuster@cheznu.tv<\/a><\/p>\n","protected":false},"featured_media":91371,"comment_status":"open","ping_status":"closed","template":"","meta":[],"product_brand":[],"product_cat":[2511,817,810,887,4045,811],"product_tag":[4044,2512,888,2624,1945,1427],"class_list":{"0":"post-91276","1":"product","2":"type-product","3":"status-publish","4":"has-post-thumbnail","6":"product_cat-fruehling","7":"product_cat-kueche","8":"product_cat-naehen","9":"product_cat-ostern","10":"product_cat-patchwork","11":"product_cat-schnittmuster","12":"product_tag-brotkoerbchen","13":"product_tag-hase","14":"product_tag-ostern","15":"product_tag-patchwork","16":"product_tag-stoffreste","17":"product_tag-utensilo","19":"first","20":"instock","21":"downloadable","22":"virtual","23":"sold-individually","24":"purchasable","25":"product-type-simple"},"yoast_head":"<!-- This site is optimized with the Yoast SEO plugin v27.4 - https:\/\/yoast.com\/product\/yoast-seo-wordpress\/ -->\n<title>Schnittmuster \ud83c\udf5e\ud83e\uddfa DIY Brotk\u00f6rbchen mit Deckel mit Hasen-Patchwork<\/title>\n<meta name=\"description\" content=\"Schnapp Dir das Schnittmuster f\u00fcr ein Brotk\u00f6rbchen mit Deckel und Hasen-Patchwork. Ideal f\u00fcr Stoffreste, einfach f\u00fcr alle Niveaus. Kreativit\u00e4t zu Ostern!\" \/>\n<meta name=\"robots\" content=\"index, follow, max-snippet:-1, max-image-preview:large, max-video-preview:-1\" \/>\n<link rel=\"canonical\" href=\"https:\/\/cheznu.tv\/familymanagement\/produkt\/brotkoerbchen-mit-deckel-schnittmuster\/\" \/>\n<meta property=\"og:locale\" content=\"de_DE\" \/>\n<meta property=\"og:type\" content=\"article\" \/>\n<meta property=\"og:title\" content=\"Schnittmuster \ud83c\udf5e\ud83e\uddfa DIY Brotk\u00f6rbchen mit Deckel mit Hasen-Patchwork\" \/>\n<meta property=\"og:description\" content=\"Schnapp Dir das Schnittmuster f\u00fcr ein Brotk\u00f6rbchen mit Deckel und Hasen-Patchwork. Ideal f\u00fcr Stoffreste, einfach f\u00fcr alle Niveaus. Kreativit\u00e4t zu Ostern!\" \/>\n<meta property=\"og:url\" content=\"https:\/\/cheznu.tv\/familymanagement\/produkt\/brotkoerbchen-mit-deckel-schnittmuster\/\" \/>\n<meta property=\"og:site_name\" content=\"ChezNU.TV\" \/>\n<meta property=\"article:publisher\" content=\"https:\/\/www.facebook.com\/cheznutv\/\" \/>\n<meta property=\"article:modified_time\" content=\"2026-04-16T23:55:37+00:00\" \/>\n<meta property=\"og:image\" content=\"https:\/\/cheznu.tv\/familymanagement\/wp-content\/uploads\/2024\/03\/Brotkoerbchen-mit-Deckel-und-Patchwork-Deckel-unten-mit-Ostereiern.jpg\" \/>\n\t<meta property=\"og:image:width\" content=\"1080\" \/>\n\t<meta property=\"og:image:height\" content=\"1080\" \/>\n\t<meta property=\"og:image:type\" content=\"image\/jpeg\" \/>\n<meta name=\"twitter:card\" content=\"summary_large_image\" \/>\n<meta name=\"twitter:site\" content=\"@cheznu_family\" \/>\n<meta name=\"twitter:label1\" content=\"Gesch\u00e4tzte Lesezeit\" \/>\n\t<meta name=\"twitter:data1\" content=\"2\u00a0Minuten\" \/>\n<script type=\"application\/ld+json\" class=\"yoast-schema-graph\">{\"@context\":\"https:\\\/\\\/schema.org\",\"@graph\":[{\"@type\":\"WebPage\",\"@id\":\"https:\\\/\\\/cheznu.tv\\\/familymanagement\\\/produkt\\\/brotkoerbchen-mit-deckel-schnittmuster\\\/\",\"url\":\"https:\\\/\\\/cheznu.tv\\\/familymanagement\\\/produkt\\\/brotkoerbchen-mit-deckel-schnittmuster\\\/\",\"name\":\"Schnittmuster \ud83c\udf5e\ud83e\uddfa DIY Brotk\u00f6rbchen mit Deckel mit Hasen-Patchwork\",\"isPartOf\":{\"@id\":\"https:\\\/\\\/cheznu.tv\\\/familymanagement\\\/#website\"},\"primaryImageOfPage\":{\"@id\":\"https:\\\/\\\/cheznu.tv\\\/familymanagement\\\/produkt\\\/brotkoerbchen-mit-deckel-schnittmuster\\\/#primaryimage\"},\"image\":{\"@id\":\"https:\\\/\\\/cheznu.tv\\\/familymanagement\\\/produkt\\\/brotkoerbchen-mit-deckel-schnittmuster\\\/#primaryimage\"},\"thumbnailUrl\":\"https:\\\/\\\/cheznu.tv\\\/familymanagement\\\/wp-content\\\/uploads\\\/2024\\\/03\\\/Brotkoerbchen-mit-Deckel-und-Patchwork-Deckel-unten-mit-Ostereiern.jpg\",\"datePublished\":\"2024-03-10T14:00:28+00:00\",\"dateModified\":\"2026-04-16T23:55:37+00:00\",\"description\":\"Schnapp Dir das Schnittmuster f\u00fcr ein Brotk\u00f6rbchen mit Deckel und Hasen-Patchwork. Ideal f\u00fcr Stoffreste, einfach f\u00fcr alle Niveaus. Kreativit\u00e4t zu Ostern!\",\"breadcrumb\":{\"@id\":\"https:\\\/\\\/cheznu.tv\\\/familymanagement\\\/produkt\\\/brotkoerbchen-mit-deckel-schnittmuster\\\/#breadcrumb\"},\"inLanguage\":\"de\",\"potentialAction\":[{\"@type\":\"ReadAction\",\"target\":[\"https:\\\/\\\/cheznu.tv\\\/familymanagement\\\/produkt\\\/brotkoerbchen-mit-deckel-schnittmuster\\\/\"]}]},{\"@type\":\"ImageObject\",\"inLanguage\":\"de\",\"@id\":\"https:\\\/\\\/cheznu.tv\\\/familymanagement\\\/produkt\\\/brotkoerbchen-mit-deckel-schnittmuster\\\/#primaryimage\",\"url\":\"https:\\\/\\\/cheznu.tv\\\/familymanagement\\\/wp-content\\\/uploads\\\/2024\\\/03\\\/Brotkoerbchen-mit-Deckel-und-Patchwork-Deckel-unten-mit-Ostereiern.jpg\",\"contentUrl\":\"https:\\\/\\\/cheznu.tv\\\/familymanagement\\\/wp-content\\\/uploads\\\/2024\\\/03\\\/Brotkoerbchen-mit-Deckel-und-Patchwork-Deckel-unten-mit-Ostereiern.jpg\",\"width\":1080,\"height\":1080,\"caption\":\"Brotk\u00f6rbchen mit Deckel und Patchwork - Deckel unten mit Ostereiern\"},{\"@type\":\"BreadcrumbList\",\"@id\":\"https:\\\/\\\/cheznu.tv\\\/familymanagement\\\/produkt\\\/brotkoerbchen-mit-deckel-schnittmuster\\\/#breadcrumb\",\"itemListElement\":[{\"@type\":\"ListItem\",\"position\":1,\"name\":\"Startseite\",\"item\":\"https:\\\/\\\/cheznu.tv\\\/familymanagement\\\/\"},{\"@type\":\"ListItem\",\"position\":2,\"name\":\"Shop\",\"item\":\"https:\\\/\\\/cheznu.tv\\\/familymanagement\\\/shop\\\/\"},{\"@type\":\"ListItem\",\"position\":3,\"name\":\"Brotk\u00f6rbchen mit Deckel\ud83d\udc30 Hasen-Patchwork \u2702\ufe0f Schnittmuster zum Herunterladen und Ausdrucken\"}]},{\"@type\":\"WebSite\",\"@id\":\"https:\\\/\\\/cheznu.tv\\\/familymanagement\\\/#website\",\"url\":\"https:\\\/\\\/cheznu.tv\\\/familymanagement\\\/\",\"name\":\"ChezNU.TV\",\"description\":\"N\u00e4hen | Basteln | Haushalt | Familie\",\"potentialAction\":[{\"@type\":\"SearchAction\",\"target\":{\"@type\":\"EntryPoint\",\"urlTemplate\":\"https:\\\/\\\/cheznu.tv\\\/familymanagement\\\/?s={search_term_string}\"},\"query-input\":{\"@type\":\"PropertyValueSpecification\",\"valueRequired\":true,\"valueName\":\"search_term_string\"}}],\"inLanguage\":\"de\"}]}<\/script>\n<!-- \/ Yoast SEO plugin. -->","yoast_head_json":{"title":"Schnittmuster \ud83c\udf5e\ud83e\uddfa DIY Brotk\u00f6rbchen mit Deckel mit Hasen-Patchwork","description":"Schnapp Dir das Schnittmuster f\u00fcr ein Brotk\u00f6rbchen mit Deckel und Hasen-Patchwork. Ideal f\u00fcr Stoffreste, einfach f\u00fcr alle Niveaus. Kreativit\u00e4t zu Ostern!","robots":{"index":"index","follow":"follow","max-snippet":"max-snippet:-1","max-image-preview":"max-image-preview:large","max-video-preview":"max-video-preview:-1"},"canonical":"https:\/\/cheznu.tv\/familymanagement\/produkt\/brotkoerbchen-mit-deckel-schnittmuster\/","og_locale":"de_DE","og_type":"article","og_title":"Schnittmuster \ud83c\udf5e\ud83e\uddfa DIY Brotk\u00f6rbchen mit Deckel mit Hasen-Patchwork","og_description":"Schnapp Dir das Schnittmuster f\u00fcr ein Brotk\u00f6rbchen mit Deckel und Hasen-Patchwork. Ideal f\u00fcr Stoffreste, einfach f\u00fcr alle Niveaus. Kreativit\u00e4t zu Ostern!","og_url":"https:\/\/cheznu.tv\/familymanagement\/produkt\/brotkoerbchen-mit-deckel-schnittmuster\/","og_site_name":"ChezNU.TV","article_publisher":"https:\/\/www.facebook.com\/cheznutv\/","article_modified_time":"2026-04-16T23:55:37+00:00","og_image":[{"width":1080,"height":1080,"url":"https:\/\/cheznu.tv\/familymanagement\/wp-content\/uploads\/2024\/03\/Brotkoerbchen-mit-Deckel-und-Patchwork-Deckel-unten-mit-Ostereiern.jpg","type":"image\/jpeg"}],"twitter_card":"summary_large_image","twitter_site":"@cheznu_family","twitter_misc":{"Gesch\u00e4tzte Lesezeit":"2\u00a0Minuten"},"schema":{"@context":"https:\/\/schema.org","@graph":[{"@type":"WebPage","@id":"https:\/\/cheznu.tv\/familymanagement\/produkt\/brotkoerbchen-mit-deckel-schnittmuster\/","url":"https:\/\/cheznu.tv\/familymanagement\/produkt\/brotkoerbchen-mit-deckel-schnittmuster\/","name":"Schnittmuster \ud83c\udf5e\ud83e\uddfa DIY Brotk\u00f6rbchen mit Deckel mit Hasen-Patchwork","isPartOf":{"@id":"https:\/\/cheznu.tv\/familymanagement\/#website"},"primaryImageOfPage":{"@id":"https:\/\/cheznu.tv\/familymanagement\/produkt\/brotkoerbchen-mit-deckel-schnittmuster\/#primaryimage"},"image":{"@id":"https:\/\/cheznu.tv\/familymanagement\/produkt\/brotkoerbchen-mit-deckel-schnittmuster\/#primaryimage"},"thumbnailUrl":"https:\/\/cheznu.tv\/familymanagement\/wp-content\/uploads\/2024\/03\/Brotkoerbchen-mit-Deckel-und-Patchwork-Deckel-unten-mit-Ostereiern.jpg","datePublished":"2024-03-10T14:00:28+00:00","dateModified":"2026-04-16T23:55:37+00:00","description":"Schnapp Dir das Schnittmuster f\u00fcr ein Brotk\u00f6rbchen mit Deckel und Hasen-Patchwork. Ideal f\u00fcr Stoffreste, einfach f\u00fcr alle Niveaus. Kreativit\u00e4t zu Ostern!","breadcrumb":{"@id":"https:\/\/cheznu.tv\/familymanagement\/produkt\/brotkoerbchen-mit-deckel-schnittmuster\/#breadcrumb"},"inLanguage":"de","potentialAction":[{"@type":"ReadAction","target":["https:\/\/cheznu.tv\/familymanagement\/produkt\/brotkoerbchen-mit-deckel-schnittmuster\/"]}]},{"@type":"ImageObject","inLanguage":"de","@id":"https:\/\/cheznu.tv\/familymanagement\/produkt\/brotkoerbchen-mit-deckel-schnittmuster\/#primaryimage","url":"https:\/\/cheznu.tv\/familymanagement\/wp-content\/uploads\/2024\/03\/Brotkoerbchen-mit-Deckel-und-Patchwork-Deckel-unten-mit-Ostereiern.jpg","contentUrl":"https:\/\/cheznu.tv\/familymanagement\/wp-content\/uploads\/2024\/03\/Brotkoerbchen-mit-Deckel-und-Patchwork-Deckel-unten-mit-Ostereiern.jpg","width":1080,"height":1080,"caption":"Brotk\u00f6rbchen mit Deckel und Patchwork - Deckel unten mit Ostereiern"},{"@type":"BreadcrumbList","@id":"https:\/\/cheznu.tv\/familymanagement\/produkt\/brotkoerbchen-mit-deckel-schnittmuster\/#breadcrumb","itemListElement":[{"@type":"ListItem","position":1,"name":"Startseite","item":"https:\/\/cheznu.tv\/familymanagement\/"},{"@type":"ListItem","position":2,"name":"Shop","item":"https:\/\/cheznu.tv\/familymanagement\/shop\/"},{"@type":"ListItem","position":3,"name":"Brotk\u00f6rbchen mit Deckel\ud83d\udc30 Hasen-Patchwork \u2702\ufe0f Schnittmuster zum Herunterladen und Ausdrucken"}]},{"@type":"WebSite","@id":"https:\/\/cheznu.tv\/familymanagement\/#website","url":"https:\/\/cheznu.tv\/familymanagement\/","name":"ChezNU.TV","description":"N\u00e4hen | Basteln | Haushalt | Familie","potentialAction":[{"@type":"SearchAction","target":{"@type":"EntryPoint","urlTemplate":"https:\/\/cheznu.tv\/familymanagement\/?s={search_term_string}"},"query-input":{"@type":"PropertyValueSpecification","valueRequired":true,"valueName":"search_term_string"}}],"inLanguage":"de"}]}},"_links":{"self":[{"href":"https:\/\/cheznu.tv\/familymanagement\/wp-json\/wp\/v2\/product\/91276","targetHints":{"allow":["GET"]}}],"collection":[{"href":"https:\/\/cheznu.tv\/familymanagement\/wp-json\/wp\/v2\/product"}],"about":[{"href":"https:\/\/cheznu.tv\/familymanagement\/wp-json\/wp\/v2\/types\/product"}],"replies":[{"embeddable":true,"href":"https:\/\/cheznu.tv\/familymanagement\/wp-json\/wp\/v2\/comments?post=91276"}],"wp:featuredmedia":[{"embeddable":true,"href":"https:\/\/cheznu.tv\/familymanagement\/wp-json\/wp\/v2\/media\/91371"}],"wp:attachment":[{"href":"https:\/\/cheznu.tv\/familymanagement\/wp-json\/wp\/v2\/media?parent=91276"}],"wp:term":[{"taxonomy":"product_brand","embeddable":true,"href":"https:\/\/cheznu.tv\/familymanagement\/wp-json\/wp\/v2\/product_brand?post=91276"},{"taxonomy":"product_cat","embeddable":true,"href":"https:\/\/cheznu.tv\/familymanagement\/wp-json\/wp\/v2\/product_cat?post=91276"},{"taxonomy":"product_tag","embeddable":true,"href":"https:\/\/cheznu.tv\/familymanagement\/wp-json\/wp\/v2\/product_tag?post=91276"}],"curies":[{"name":"wp","href":"https:\/\/api.w.org\/{rel}","templated":true}]}}