{"id":9110,"date":"2018-03-14T10:14:45","date_gmt":"2018-03-14T09:14:45","guid":{"rendered":"https:\/\/cheznu.tv\/familymanagement\/?post_type=product&#038;p=9110"},"modified":"2023-06-13T17:03:27","modified_gmt":"2023-06-13T15:03:27","slug":"haeschen-eierwaermer-strickanleitung","status":"publish","type":"product","link":"https:\/\/cheznu.tv\/familymanagement\/produkt\/haeschen-eierwaermer-strickanleitung\/","title":{"rendered":"H\u00e4schen Eierw\u00e4rmer | Strickanleitung"},"content":{"rendered":"<p>Die Anleitung\u00a0mit Bildern sowie das\u00a0\u00a0Anleitungsvideo findest Du hier:<\/p>\n<p><a href=\"https:\/\/cheznu.tv\/familymanagement\/haeschen-eierwaermer-stricken-fuer-anfaenger-ostern\/\">H\u00e4schen Eierw\u00e4rmer stricken f\u00fcr Anf\u00e4nger<\/a><\/p>\n<p><a href='https:\/\/www.spoonflower.com\/profiles\/cheznu_tv' target='_blank' title='Spoonflower-Shop mit den ChezNU-Designs'>Unseren neuen Spoonflower-Shop mit Stoffen im ChezNU-Design findest Du hier.<\/a><\/p><p>Neben dem Schnittmuster \/ Schema \/ Anleitung \/ Plotterdatei erh\u00e4ltst Du als Teil der erworbenen Leistung (gilt auch f\u00fcr kostenlose Produkte) auch unseren kostenlosen Newsletter \u201eSchnittmuster-Alarm\u201c. Im Schnittmuster-Alarm informieren wir haupts\u00e4chlich, aber nicht ausschliesslich \u00fcber neue Schnittmuster, Anleitungen, DIY-Projekte, Angebote in unserem Shop, Angebote in anderen Shops, Materialbezugsquellen und allem was irgendwie mit N\u00e4hen, H\u00e4keln, Basteln, Stricken, Upcycling, Organisation und Familie zu tun hat.<\/p><p>Nach Deiner Bestellung erh\u00e4ltst Du die E-Mails automatisch. Du kannst sie allerdings jederzeit und ohne Angabe von Gr\u00fcnden \u00fcber den Link am Ende jeder E-Mail abbestellen.<br>\n\tDie Transparenzerkl\u00e4rung zu unserem Schnittmuster-Alarm findest Du <a title='Transparenzerkl\u00e4rung' href='https:\/\/cheznu.tv\/familymanagement\/transparenzerklaerung-zum-schnittmuster-alarm-newsletter\/' target='_blank'>hier<\/a><\/p>\n<p>Dieser Strickanleitung\u00a0darf zu privaten Zwecken und zur Fertigung von Einzelst\u00fccken\/Kleinserien (bis 5 Modelle) unter Nennung der Herkunft verwendet werden (ChezNU.TV). Massenproduktion der fertigen Ware sowie Kopieren, Weitergabe, Abdruck oder Ver\u00f6ffentlichung (auch teilweise) der Strickanleitung bedarf der schriftlichen Genehmigung. Wenn Du Dir nicht sicher bist, schreibe uns einfach kurz eine <a href=\"mailto:nu@cheznu.tv\">E-Mail<\/a>.<\/p>\n","protected":false},"excerpt":{"rendered":"<p>Eine kleine Idee f\u00fcr Deine Oster-Deko. Die H\u00e4schen-Eierw\u00e4rmer sind schnell gestrickt und k\u00f6nnen aus\u00a0Wollresten gemacht werden.<\/p>\n","protected":false},"featured_media":9112,"comment_status":"open","ping_status":"closed","template":"","meta":[],"product_brand":[],"product_cat":[869,816,887,811,830],"product_tag":[888,829,860],"class_list":{"0":"post-9110","1":"product","2":"type-product","3":"status-publish","4":"has-post-thumbnail","6":"product_cat-deko","7":"product_cat-kostenlos","8":"product_cat-ostern","9":"product_cat-schnittmuster","10":"product_cat-strickanleitung","11":"product_tag-ostern","12":"product_tag-strickanleitung","13":"product_tag-zaehlmuster","15":"first","16":"instock","17":"downloadable","18":"virtual","19":"sold-individually","20":"purchasable","21":"product-type-simple"},"yoast_head":"<!-- This site is optimized with the Yoast SEO plugin v27.5 - https:\/\/yoast.com\/product\/yoast-seo-wordpress\/ -->\n<title>H\u00e4schen Eierw\u00e4rmer | Strickanleitung - ChezNU.TV<\/title>\n<meta name=\"robots\" content=\"index, follow, max-snippet:-1, max-image-preview:large, max-video-preview:-1\" \/>\n<link rel=\"canonical\" href=\"https:\/\/cheznu.tv\/familymanagement\/produkt\/haeschen-eierwaermer-strickanleitung\/\" \/>\n<meta property=\"og:locale\" content=\"de_DE\" \/>\n<meta property=\"og:type\" content=\"article\" \/>\n<meta property=\"og:title\" content=\"H\u00e4schen Eierw\u00e4rmer | Strickanleitung - ChezNU.TV\" \/>\n<meta property=\"og:description\" content=\"Eine kleine Idee f\u00fcr Deine Oster-Deko. Die H\u00e4schen-Eierw\u00e4rmer sind schnell gestrickt und k\u00f6nnen aus\u00a0Wollresten gemacht werden.\" \/>\n<meta property=\"og:url\" content=\"https:\/\/cheznu.tv\/familymanagement\/produkt\/haeschen-eierwaermer-strickanleitung\/\" \/>\n<meta property=\"og:site_name\" content=\"ChezNU.TV\" \/>\n<meta property=\"article:publisher\" content=\"https:\/\/www.facebook.com\/cheznutv\/\" \/>\n<meta property=\"article:modified_time\" content=\"2023-06-13T15:03:27+00:00\" \/>\n<meta property=\"og:image\" content=\"https:\/\/cheznu.tv\/familymanagement\/wp-content\/uploads\/2018\/03\/H\u00e4schen-Eierw\u00e4rmer-Strickanleitung.png\" \/>\n\t<meta property=\"og:image:width\" content=\"800\" \/>\n\t<meta property=\"og:image:height\" content=\"800\" \/>\n\t<meta property=\"og:image:type\" content=\"image\/png\" \/>\n<meta name=\"twitter:card\" content=\"summary_large_image\" \/>\n<meta name=\"twitter:site\" content=\"@cheznu_family\" \/>\n<meta name=\"twitter:label1\" content=\"Gesch\u00e4tzte Lesezeit\" \/>\n\t<meta name=\"twitter:data1\" content=\"1\u00a0Minute\" \/>\n<script type=\"application\/ld+json\" class=\"yoast-schema-graph\">{\"@context\":\"https:\\\/\\\/schema.org\",\"@graph\":[{\"@type\":\"WebPage\",\"@id\":\"https:\\\/\\\/cheznu.tv\\\/familymanagement\\\/produkt\\\/haeschen-eierwaermer-strickanleitung\\\/\",\"url\":\"https:\\\/\\\/cheznu.tv\\\/familymanagement\\\/produkt\\\/haeschen-eierwaermer-strickanleitung\\\/\",\"name\":\"H\u00e4schen Eierw\u00e4rmer | Strickanleitung - ChezNU.TV\",\"isPartOf\":{\"@id\":\"https:\\\/\\\/cheznu.tv\\\/familymanagement\\\/#website\"},\"primaryImageOfPage\":{\"@id\":\"https:\\\/\\\/cheznu.tv\\\/familymanagement\\\/produkt\\\/haeschen-eierwaermer-strickanleitung\\\/#primaryimage\"},\"image\":{\"@id\":\"https:\\\/\\\/cheznu.tv\\\/familymanagement\\\/produkt\\\/haeschen-eierwaermer-strickanleitung\\\/#primaryimage\"},\"thumbnailUrl\":\"https:\\\/\\\/cheznu.tv\\\/familymanagement\\\/wp-content\\\/uploads\\\/2018\\\/03\\\/H\u00e4schen-Eierw\u00e4rmer-Strickanleitung.png\",\"datePublished\":\"2018-03-14T09:14:45+00:00\",\"dateModified\":\"2023-06-13T15:03:27+00:00\",\"breadcrumb\":{\"@id\":\"https:\\\/\\\/cheznu.tv\\\/familymanagement\\\/produkt\\\/haeschen-eierwaermer-strickanleitung\\\/#breadcrumb\"},\"inLanguage\":\"de\",\"potentialAction\":[{\"@type\":\"ReadAction\",\"target\":[\"https:\\\/\\\/cheznu.tv\\\/familymanagement\\\/produkt\\\/haeschen-eierwaermer-strickanleitung\\\/\"]}]},{\"@type\":\"ImageObject\",\"inLanguage\":\"de\",\"@id\":\"https:\\\/\\\/cheznu.tv\\\/familymanagement\\\/produkt\\\/haeschen-eierwaermer-strickanleitung\\\/#primaryimage\",\"url\":\"https:\\\/\\\/cheznu.tv\\\/familymanagement\\\/wp-content\\\/uploads\\\/2018\\\/03\\\/H\u00e4schen-Eierw\u00e4rmer-Strickanleitung.png\",\"contentUrl\":\"https:\\\/\\\/cheznu.tv\\\/familymanagement\\\/wp-content\\\/uploads\\\/2018\\\/03\\\/H\u00e4schen-Eierw\u00e4rmer-Strickanleitung.png\",\"width\":800,\"height\":800,\"caption\":\"H\u00e4schen-Eierw\u00e4rmer Strickanleitung\"},{\"@type\":\"BreadcrumbList\",\"@id\":\"https:\\\/\\\/cheznu.tv\\\/familymanagement\\\/produkt\\\/haeschen-eierwaermer-strickanleitung\\\/#breadcrumb\",\"itemListElement\":[{\"@type\":\"ListItem\",\"position\":1,\"name\":\"Startseite\",\"item\":\"https:\\\/\\\/cheznu.tv\\\/familymanagement\\\/\"},{\"@type\":\"ListItem\",\"position\":2,\"name\":\"Shop\",\"item\":\"https:\\\/\\\/cheznu.tv\\\/familymanagement\\\/shop\\\/\"},{\"@type\":\"ListItem\",\"position\":3,\"name\":\"H\u00e4schen Eierw\u00e4rmer | Strickanleitung\"}]},{\"@type\":\"WebSite\",\"@id\":\"https:\\\/\\\/cheznu.tv\\\/familymanagement\\\/#website\",\"url\":\"https:\\\/\\\/cheznu.tv\\\/familymanagement\\\/\",\"name\":\"ChezNU.TV\",\"description\":\"N\u00e4hen | Basteln | Haushalt | Familie\",\"potentialAction\":[{\"@type\":\"SearchAction\",\"target\":{\"@type\":\"EntryPoint\",\"urlTemplate\":\"https:\\\/\\\/cheznu.tv\\\/familymanagement\\\/?s={search_term_string}\"},\"query-input\":{\"@type\":\"PropertyValueSpecification\",\"valueRequired\":true,\"valueName\":\"search_term_string\"}}],\"inLanguage\":\"de\"}]}<\/script>\n<!-- \/ Yoast SEO plugin. -->","yoast_head_json":{"title":"H\u00e4schen Eierw\u00e4rmer | Strickanleitung - ChezNU.TV","robots":{"index":"index","follow":"follow","max-snippet":"max-snippet:-1","max-image-preview":"max-image-preview:large","max-video-preview":"max-video-preview:-1"},"canonical":"https:\/\/cheznu.tv\/familymanagement\/produkt\/haeschen-eierwaermer-strickanleitung\/","og_locale":"de_DE","og_type":"article","og_title":"H\u00e4schen Eierw\u00e4rmer | Strickanleitung - ChezNU.TV","og_description":"Eine kleine Idee f\u00fcr Deine Oster-Deko. Die H\u00e4schen-Eierw\u00e4rmer sind schnell gestrickt und k\u00f6nnen aus\u00a0Wollresten gemacht werden.","og_url":"https:\/\/cheznu.tv\/familymanagement\/produkt\/haeschen-eierwaermer-strickanleitung\/","og_site_name":"ChezNU.TV","article_publisher":"https:\/\/www.facebook.com\/cheznutv\/","article_modified_time":"2023-06-13T15:03:27+00:00","og_image":[{"width":800,"height":800,"url":"https:\/\/cheznu.tv\/familymanagement\/wp-content\/uploads\/2018\/03\/H\u00e4schen-Eierw\u00e4rmer-Strickanleitung.png","type":"image\/png"}],"twitter_card":"summary_large_image","twitter_site":"@cheznu_family","twitter_misc":{"Gesch\u00e4tzte Lesezeit":"1\u00a0Minute"},"schema":{"@context":"https:\/\/schema.org","@graph":[{"@type":"WebPage","@id":"https:\/\/cheznu.tv\/familymanagement\/produkt\/haeschen-eierwaermer-strickanleitung\/","url":"https:\/\/cheznu.tv\/familymanagement\/produkt\/haeschen-eierwaermer-strickanleitung\/","name":"H\u00e4schen Eierw\u00e4rmer | Strickanleitung - ChezNU.TV","isPartOf":{"@id":"https:\/\/cheznu.tv\/familymanagement\/#website"},"primaryImageOfPage":{"@id":"https:\/\/cheznu.tv\/familymanagement\/produkt\/haeschen-eierwaermer-strickanleitung\/#primaryimage"},"image":{"@id":"https:\/\/cheznu.tv\/familymanagement\/produkt\/haeschen-eierwaermer-strickanleitung\/#primaryimage"},"thumbnailUrl":"https:\/\/cheznu.tv\/familymanagement\/wp-content\/uploads\/2018\/03\/H\u00e4schen-Eierw\u00e4rmer-Strickanleitung.png","datePublished":"2018-03-14T09:14:45+00:00","dateModified":"2023-06-13T15:03:27+00:00","breadcrumb":{"@id":"https:\/\/cheznu.tv\/familymanagement\/produkt\/haeschen-eierwaermer-strickanleitung\/#breadcrumb"},"inLanguage":"de","potentialAction":[{"@type":"ReadAction","target":["https:\/\/cheznu.tv\/familymanagement\/produkt\/haeschen-eierwaermer-strickanleitung\/"]}]},{"@type":"ImageObject","inLanguage":"de","@id":"https:\/\/cheznu.tv\/familymanagement\/produkt\/haeschen-eierwaermer-strickanleitung\/#primaryimage","url":"https:\/\/cheznu.tv\/familymanagement\/wp-content\/uploads\/2018\/03\/H\u00e4schen-Eierw\u00e4rmer-Strickanleitung.png","contentUrl":"https:\/\/cheznu.tv\/familymanagement\/wp-content\/uploads\/2018\/03\/H\u00e4schen-Eierw\u00e4rmer-Strickanleitung.png","width":800,"height":800,"caption":"H\u00e4schen-Eierw\u00e4rmer Strickanleitung"},{"@type":"BreadcrumbList","@id":"https:\/\/cheznu.tv\/familymanagement\/produkt\/haeschen-eierwaermer-strickanleitung\/#breadcrumb","itemListElement":[{"@type":"ListItem","position":1,"name":"Startseite","item":"https:\/\/cheznu.tv\/familymanagement\/"},{"@type":"ListItem","position":2,"name":"Shop","item":"https:\/\/cheznu.tv\/familymanagement\/shop\/"},{"@type":"ListItem","position":3,"name":"H\u00e4schen Eierw\u00e4rmer | Strickanleitung"}]},{"@type":"WebSite","@id":"https:\/\/cheznu.tv\/familymanagement\/#website","url":"https:\/\/cheznu.tv\/familymanagement\/","name":"ChezNU.TV","description":"N\u00e4hen | Basteln | Haushalt | Familie","potentialAction":[{"@type":"SearchAction","target":{"@type":"EntryPoint","urlTemplate":"https:\/\/cheznu.tv\/familymanagement\/?s={search_term_string}"},"query-input":{"@type":"PropertyValueSpecification","valueRequired":true,"valueName":"search_term_string"}}],"inLanguage":"de"}]}},"_links":{"self":[{"href":"https:\/\/cheznu.tv\/familymanagement\/wp-json\/wp\/v2\/product\/9110","targetHints":{"allow":["GET"]}}],"collection":[{"href":"https:\/\/cheznu.tv\/familymanagement\/wp-json\/wp\/v2\/product"}],"about":[{"href":"https:\/\/cheznu.tv\/familymanagement\/wp-json\/wp\/v2\/types\/product"}],"replies":[{"embeddable":true,"href":"https:\/\/cheznu.tv\/familymanagement\/wp-json\/wp\/v2\/comments?post=9110"}],"wp:featuredmedia":[{"embeddable":true,"href":"https:\/\/cheznu.tv\/familymanagement\/wp-json\/wp\/v2\/media\/9112"}],"wp:attachment":[{"href":"https:\/\/cheznu.tv\/familymanagement\/wp-json\/wp\/v2\/media?parent=9110"}],"wp:term":[{"taxonomy":"product_brand","embeddable":true,"href":"https:\/\/cheznu.tv\/familymanagement\/wp-json\/wp\/v2\/product_brand?post=9110"},{"taxonomy":"product_cat","embeddable":true,"href":"https:\/\/cheznu.tv\/familymanagement\/wp-json\/wp\/v2\/product_cat?post=9110"},{"taxonomy":"product_tag","embeddable":true,"href":"https:\/\/cheznu.tv\/familymanagement\/wp-json\/wp\/v2\/product_tag?post=9110"}],"curies":[{"name":"wp","href":"https:\/\/api.w.org\/{rel}","templated":true}]}}