{"id":89245,"date":"2023-12-11T18:00:03","date_gmt":"2023-12-11T17:00:03","guid":{"rendered":"https:\/\/cheznu.tv\/familymanagement\/?post_type=product&#038;p=89245"},"modified":"2023-12-19T14:39:07","modified_gmt":"2023-12-19T13:39:07","slug":"ak202312-anfaenger-2","status":"publish","type":"product","link":"https:\/\/cheznu.tv\/familymanagement\/produkt\/ak202312-anfaenger-2\/","title":{"rendered":"Adventskalender 2023 T\u00fcr 12 \ud83d\udd6f\ud83d\udd6f Schnittmuster-Paket: Kleidung n\u00e4hen f\u00fcr Anf\u00e4nger IV"},"content":{"rendered":"<p>Die N\u00e4hanleitungen mit vielen Bildern sowie das\u00a0\u00a0Anleitungsvideo findest Du hier:<\/p>\n<ul>\n<li><a href=\"https:\/\/cheznu.tv\/familymanagement\/kleid-merle-anleitung\/\">Sweatkleid schnell und einfach selber n\u00e4hen \ud83e\uddf5 Schnittmuster Kleid Merle<\/a><\/li>\n<li><a href=\"https:\/\/cheznu.tv\/familymanagement\/produkt\/rollkragen-shirt-runa-schnittmuster\/\">Runa Rollkragen-Shirt \ud83c\udf1f Gr\u00f6sse 36-52 \u2702\ufe0f Schnittmuster f\u00fcr Anf\u00e4nger<\/a><\/li>\n<li><a href=\"https:\/\/cheznu.tv\/familymanagement\/einfache-bluse-naehen-fuer-anfaengerschnittmuster-gr-36-52-bluse-doreen\/\">Einfache Bluse n\u00e4hen f\u00fcr Anf\u00e4nger \ud83d\udc5a Schnittmuster Gr. 36-52 \ud83d\udc5a Bluse Doreen<\/a><\/li>\n<li><a href=\"https:\/\/cheznu.tv\/familymanagement\/palazzo-hose-kira-anleitung\/\">Weite Hose mit Gummizug n\u00e4hen \u2702\ufe0f Palazzo Hose Kira<\/a><\/li>\n<li><a href=\"https:\/\/cheznu.tv\/familymanagement\/shirt-naehen-fuer-anfaenger-raglan-shirt-einfach-naehen\/\">Shirt n\u00e4hen f\u00fcr Anf\u00e4nger | Raglan Shirt einfach n\u00e4hen<\/a><\/li>\n<li><a href=\"https:\/\/cheznu.tv\/familymanagement\/kapuzenschal-naehen-naehanleitung-schnittmuster\/\">Kapuzenschal n\u00e4hen N\u00e4hanleitung<\/a><\/li>\n<li><a href=\"https:\/\/cheznu.tv\/familymanagement\/cut-out-shirt-anleitung\">Cut-Out-Shirt Cassy n\u00e4hen<\/a><\/li>\n<li><a href=\"https:\/\/cheznu.tv\/familymanagement\/stretch-hose-kate-anleitung\">Stretch-Hose Kate mit Fake-Reissverschluss n\u00e4hen<\/a><\/li>\n<li><a href=\"http:\/\/cheznu.tv\/familymanagement\/hut-naehen-aus-fleece-mit-schnittmuster-in-3-groessen\/\">Hut n\u00e4hen aus Fleece &#8211; mit Schnittmuster in 3 Gr\u00f6ssen<\/a><\/li>\n<\/ul>\n<p><a href='https:\/\/www.spoonflower.com\/profiles\/cheznu_tv' target='_blank' title='Spoonflower-Shop mit den ChezNU-Designs'>Unseren neuen Spoonflower-Shop mit Stoffen im ChezNU-Design findest Du hier.<\/a><\/p><p>Neben dem Schnittmuster \/ Schema \/ Anleitung \/ Plotterdatei erh\u00e4ltst Du als Teil der erworbenen Leistung (gilt auch f\u00fcr kostenlose Produkte) auch unseren kostenlosen Newsletter \u201eSchnittmuster-Alarm\u201c. Im Schnittmuster-Alarm informieren wir haupts\u00e4chlich, aber nicht ausschliesslich \u00fcber neue Schnittmuster, Anleitungen, DIY-Projekte, Angebote in unserem Shop, Angebote in anderen Shops, Materialbezugsquellen und allem was irgendwie mit N\u00e4hen, H\u00e4keln, Basteln, Stricken, Upcycling, Organisation und Familie zu tun hat.<\/p><p>Nach Deiner Bestellung erh\u00e4ltst Du die E-Mails automatisch. Du kannst sie allerdings jederzeit und ohne Angabe von Gr\u00fcnden \u00fcber den Link am Ende jeder E-Mail abbestellen.<br>\n\tDie Transparenzerkl\u00e4rung zu unserem Schnittmuster-Alarm findest Du <a title='Transparenzerkl\u00e4rung' href='https:\/\/cheznu.tv\/familymanagement\/transparenzerklaerung-zum-schnittmuster-alarm-newsletter\/' target='_blank'>hier<\/a><\/p>\n<p><strong>Zum Schnittmuster<\/strong><\/p>\n<p>Das Schnittmuster kommt als PDF, wenn es sich um mehrere PDFs handelt packen wir diese in eine ZIP-Datei. Diese muss erst abgespeichert und entpackt werden, bevor man sie auf A4-Papier (Standard) ausdrucken und dann zusammenkleben kann.<br \/>\nFalls Du das noch nie gemacht hast findest Du eine Anleitung in unseren <a href=\"https:\/\/cheznu.tv\/familymanagement\/faq\/\">FAQs<\/a>.<\/p>\n<p>So entf\u00e4llt das l\u00e4stige Schnittmuster kopieren mit teurem Seidenpapier. Das Schnittmuster kann nach dem Zusammenkleben direkt ausgeschnitten werden.<\/p>\n<p>Bitte beachte, die richtigen Druckoptionen einzustellen. Das funktioniert genauso, wie bei Burda.<br \/>\n<a href=\"http:\/\/cheznu.tv\/familymanagement\/burda-schnittmuster-ausdrucken\/\">Burda Schnittmuster Ausdrucken.<\/a><\/p>\n<p>Wie das mit dem Zusammenkleben funktioniert haben wir hier kurz erkl\u00e4rt.<br \/>\n<a href=\"http:\/\/cheznu.tv\/familymanagement\/so-gehts\/\">So geht\u00b4s<\/a>.<\/p>\n<p><a href=\"http:\/\/cheznu.tv\/familymanagement\/wp-content\/uploads\/2018\/01\/ChezNU-Groessentabelle_fuer_Damen.pdf\" target=\"_blank\" rel=\"noopener noreferrer\">Die Gr\u00f6ssetabelle mit den Massen f\u00fcr Damen findest Du hier.<\/a><\/p>\n<p>Dieser Schnitt darf zu privaten Zwecken und zur Fertigung von Einzelst\u00fccken\/Kleinserien (bis 5 Modelle) unter Nennung der Herkunft verwendet werden (ChezNU.TV). Massenproduktion der fertigen Ware sowie Kopieren, Weitergabe, Abdruck oder Ver\u00f6ffentlichung (auch teilweise) des Schnittmusters bedarf der schriftlichen Genehmigung. Wenn Du Dir nicht sicher bist, schreibe uns einfach kurz eine <a href=\"mailto:nu@cheznu.tv\">E-Mail.<\/a><\/p>\n<p><img decoding=\"async\" src=\"https:\/\/klick.cheznu.tv\/pix\/1s8uz4na2zfz83c4\" width=\"1\" height=\"1\" \/><\/p>\n","protected":false},"excerpt":{"rendered":"<p><strong>Das Schnittmuster-Paket enth\u00e4lt 9 Schnittmuster<\/strong><\/p>\n<ol>\n<li><a href=\"https:\/\/cheznu.tv\/familymanagement\/produkt\/kleid-merle-schnittmuster\/\"><strong>Sweatkleid Merle<\/strong><\/a>: Ein elegantes Kleid mit Stehkragen und Hoodieband, ideal f\u00fcr Sweatstoff, aber auch toll mit Jersey, French Terry oder Strick. Ein einfaches Projekt, perfekt f\u00fcr N\u00e4hanf\u00e4nger.<\/li>\n<li><a href=\"https:\/\/cheznu.tv\/familymanagement\/rollkragen-shirt-runa-anleitung\/\"><strong>Rollkragen-Shirt Runa<\/strong><\/a>: Modisch und vielseitig, dieses leicht taillierte Shirt ist ideal f\u00fcr jeden Anlass. Geeignet f\u00fcr Jersey, French Terry und mehr. Ideal f\u00fcr N\u00e4hneulinge und Profis. Videoanleitungen helfen Dir auf dem Weg!<\/li>\n<li><a href=\"https:\/\/cheznu.tv\/familymanagement\/produkt\/bluse-doreen-groesse-36-52-schnittmuster-zum-ausdrucken\/\"><strong>Bluse Dorren<\/strong><\/a>: Ein fantastisches Projekt f\u00fcr N\u00e4hanf\u00e4nger, ohne komplizierte Kn\u00f6pfe oder Reissverschl\u00fcsse. Gen\u00e4ht aus Baumwolle, Jersey oder Viskose, begleitet von einem ausf\u00fchrlichen Videotutorial.<\/li>\n<li><a href=\"https:\/\/cheznu.tv\/familymanagement\/produkt\/palazzo-hose-kira-schnittmuster\/\"><strong>Palazzo-Hose Kira<\/strong><\/a>: Eine stylische, weite Hose mit Gummizug, perfekt f\u00fcr flie\u00dfende Stoffe wie Viskose, Seide oder Lyocell. Einfach zu n\u00e4hen und super bequem.<\/li>\n<li><a href=\"https:\/\/cheznu.tv\/familymanagement\/produkt\/raglan-shirt-ilva-schnittmuster\/\"><strong>Raglan-Shirt Ilva<\/strong><\/a>: Ein einfaches Raglan-Shirt, das mit der richtigen Stoffwahl und Norweger-Borte wie ein Pullover aussieht. Perfekt f\u00fcr kreative N\u00e4herinnen.<\/li>\n<li><a href=\"https:\/\/cheznu.tv\/familymanagement\/produkt\/kapuzenschal-schnittmuster-zum-ausdrucken\/\"><strong>Kapuzenschal<\/strong><\/a>: Ein Must-Have Schnittmuster f\u00fcr N\u00e4hanf\u00e4nger und Profis. Ideal als Geschenk oder zum Selbsttragen, passend zur Jacke.<\/li>\n<li><a href=\"https:\/\/cheznu.tv\/familymanagement\/produkt\/cut-out-shirt-schnittmuster\/\"><strong>Cut-Out-Shirt Cassy<\/strong><\/a>: Ein elegantes T-Shirt, perfekt f\u00fcr Arbeit oder Ausgehen, \u00fcberraschend einfach zu n\u00e4hen.<\/li>\n<li><a href=\"https:\/\/cheznu.tv\/familymanagement\/produkt\/stretch-hose-kate-schnittmuster\/\"><strong>Stretch-Hose Kate<\/strong><\/a>: Bequem wie eine Jogginghose, aber mit einem schicken Fake-Reissverschluss. Ideal f\u00fcr alle Gr\u00f6\u00dfen.<\/li>\n<li><a href=\"https:\/\/cheznu.tv\/familymanagement\/produkt\/hut-snowy-morning-in-3-groessen\/\"><strong>Hut Snowy Morning<\/strong><\/a>: Ein stylischer Hut in verschiedenen Gr\u00f6\u00dfen, ideal f\u00fcr N\u00e4heinsteiger und Anf\u00e4nger.<\/li>\n<\/ol>\n<p><strong>Das Paket gibt es nur am 12. Dezember 2023!<\/strong><\/p>\n","protected":false},"featured_media":77950,"comment_status":"open","ping_status":"closed","template":"","meta":[],"product_brand":[],"product_cat":[15],"product_tag":[],"class_list":{"0":"post-89245","1":"product","2":"type-product","3":"status-publish","4":"has-post-thumbnail","6":"product_cat-uncategorized","8":"first","9":"instock","10":"downloadable","11":"virtual","12":"sold-individually","13":"purchasable","14":"product-type-simple"},"yoast_head":"<!-- This site is optimized with the Yoast SEO plugin v27.4 - https:\/\/yoast.com\/product\/yoast-seo-wordpress\/ -->\n<title>Adventskalender 2023 T\u00fcr 12 \ud83d\udd6f\ud83d\udd6f Schnittmuster-Paket: Kleidung n\u00e4hen f\u00fcr Anf\u00e4nger IV - ChezNU.TV<\/title>\n<meta name=\"robots\" content=\"index, follow, max-snippet:-1, max-image-preview:large, max-video-preview:-1\" \/>\n<link rel=\"canonical\" href=\"https:\/\/cheznu.tv\/familymanagement\/produkt\/ak202312-anfaenger-2\/\" \/>\n<meta property=\"og:locale\" content=\"de_DE\" \/>\n<meta property=\"og:type\" content=\"article\" \/>\n<meta property=\"og:title\" content=\"Adventskalender 2023 T\u00fcr 12 \ud83d\udd6f\ud83d\udd6f Schnittmuster-Paket: Kleidung n\u00e4hen f\u00fcr Anf\u00e4nger IV - ChezNU.TV\" \/>\n<meta property=\"og:description\" content=\"Das Schnittmuster-Paket enth\u00e4lt 9 Schnittmuster   Sweatkleid Merle: Ein elegantes Kleid mit Stehkragen und Hoodieband, ideal f\u00fcr Sweatstoff, aber auch toll mit Jersey, French Terry oder Strick. Ein einfaches Projekt, perfekt f\u00fcr N\u00e4hanf\u00e4nger.  Rollkragen-Shirt Runa: Modisch und vielseitig, dieses leicht taillierte Shirt ist ideal f\u00fcr jeden Anlass. Geeignet f\u00fcr Jersey, French Terry und mehr. Ideal f\u00fcr N\u00e4hneulinge und Profis. Videoanleitungen helfen Dir auf dem Weg!  Bluse Dorren: Ein fantastisches Projekt f\u00fcr N\u00e4hanf\u00e4nger, ohne komplizierte Kn\u00f6pfe oder Reissverschl\u00fcsse. Gen\u00e4ht aus Baumwolle, Jersey oder Viskose, begleitet von einem ausf\u00fchrlichen Videotutorial.  Palazzo-Hose Kira: Eine stylische, weite Hose mit Gummizug, perfekt f\u00fcr flie\u00dfende Stoffe wie Viskose, Seide oder Lyocell. Einfach zu n\u00e4hen und super bequem.  Raglan-Shirt Ilva: Ein einfaches Raglan-Shirt, das mit der richtigen Stoffwahl und Norweger-Borte wie ein Pullover aussieht. Perfekt f\u00fcr kreative N\u00e4herinnen.  Kapuzenschal: Ein Must-Have Schnittmuster f\u00fcr N\u00e4hanf\u00e4nger und Profis. Ideal als Geschenk oder zum Selbsttragen, passend zur Jacke.  Cut-Out-Shirt Cassy: Ein elegantes T-Shirt, perfekt f\u00fcr Arbeit oder Ausgehen, \u00fcberraschend einfach zu n\u00e4hen.  Stretch-Hose Kate: Bequem wie eine Jogginghose, aber mit einem schicken Fake-Reissverschluss. Ideal f\u00fcr alle Gr\u00f6\u00dfen.  Hut Snowy Morning: Ein stylischer Hut in verschiedenen Gr\u00f6\u00dfen, ideal f\u00fcr N\u00e4heinsteiger und Anf\u00e4nger.  Das Paket gibt es nur am 12. Dezember 2023!\" \/>\n<meta property=\"og:url\" content=\"https:\/\/cheznu.tv\/familymanagement\/produkt\/ak202312-anfaenger-2\/\" \/>\n<meta property=\"og:site_name\" content=\"ChezNU.TV\" \/>\n<meta property=\"article:publisher\" content=\"https:\/\/www.facebook.com\/cheznutv\/\" \/>\n<meta property=\"article:modified_time\" content=\"2023-12-19T13:39:07+00:00\" \/>\n<meta property=\"og:image\" content=\"https:\/\/cheznu.tv\/familymanagement\/wp-content\/uploads\/2022\/10\/Schnittmuster-Sweat-Kleid-Merle-schraeg-seitlich-links.jpg\" \/>\n\t<meta property=\"og:image:width\" content=\"1080\" \/>\n\t<meta property=\"og:image:height\" content=\"1079\" \/>\n\t<meta property=\"og:image:type\" content=\"image\/jpeg\" \/>\n<meta name=\"twitter:card\" content=\"summary_large_image\" \/>\n<meta name=\"twitter:site\" content=\"@cheznu_family\" \/>\n<meta name=\"twitter:label1\" content=\"Gesch\u00e4tzte Lesezeit\" \/>\n\t<meta name=\"twitter:data1\" content=\"3\u00a0Minuten\" \/>\n<script type=\"application\/ld+json\" class=\"yoast-schema-graph\">{\"@context\":\"https:\\\/\\\/schema.org\",\"@graph\":[{\"@type\":\"WebPage\",\"@id\":\"https:\\\/\\\/cheznu.tv\\\/familymanagement\\\/produkt\\\/ak202312-anfaenger-2\\\/\",\"url\":\"https:\\\/\\\/cheznu.tv\\\/familymanagement\\\/produkt\\\/ak202312-anfaenger-2\\\/\",\"name\":\"Adventskalender 2023 T\u00fcr 12 \ud83d\udd6f\ud83d\udd6f Schnittmuster-Paket: Kleidung n\u00e4hen f\u00fcr Anf\u00e4nger IV - ChezNU.TV\",\"isPartOf\":{\"@id\":\"https:\\\/\\\/cheznu.tv\\\/familymanagement\\\/#website\"},\"primaryImageOfPage\":{\"@id\":\"https:\\\/\\\/cheznu.tv\\\/familymanagement\\\/produkt\\\/ak202312-anfaenger-2\\\/#primaryimage\"},\"image\":{\"@id\":\"https:\\\/\\\/cheznu.tv\\\/familymanagement\\\/produkt\\\/ak202312-anfaenger-2\\\/#primaryimage\"},\"thumbnailUrl\":\"https:\\\/\\\/cheznu.tv\\\/familymanagement\\\/wp-content\\\/uploads\\\/2022\\\/10\\\/Schnittmuster-Sweat-Kleid-Merle-schraeg-seitlich-links.jpg\",\"datePublished\":\"2023-12-11T17:00:03+00:00\",\"dateModified\":\"2023-12-19T13:39:07+00:00\",\"breadcrumb\":{\"@id\":\"https:\\\/\\\/cheznu.tv\\\/familymanagement\\\/produkt\\\/ak202312-anfaenger-2\\\/#breadcrumb\"},\"inLanguage\":\"de\",\"potentialAction\":[{\"@type\":\"ReadAction\",\"target\":[\"https:\\\/\\\/cheznu.tv\\\/familymanagement\\\/produkt\\\/ak202312-anfaenger-2\\\/\"]}]},{\"@type\":\"ImageObject\",\"inLanguage\":\"de\",\"@id\":\"https:\\\/\\\/cheznu.tv\\\/familymanagement\\\/produkt\\\/ak202312-anfaenger-2\\\/#primaryimage\",\"url\":\"https:\\\/\\\/cheznu.tv\\\/familymanagement\\\/wp-content\\\/uploads\\\/2022\\\/10\\\/Schnittmuster-Sweat-Kleid-Merle-schraeg-seitlich-links.jpg\",\"contentUrl\":\"https:\\\/\\\/cheznu.tv\\\/familymanagement\\\/wp-content\\\/uploads\\\/2022\\\/10\\\/Schnittmuster-Sweat-Kleid-Merle-schraeg-seitlich-links.jpg\",\"width\":1080,\"height\":1079,\"caption\":\"Schnittmuster Sweat-Kleid Merle - schr\u00e4g seitlich links\"},{\"@type\":\"BreadcrumbList\",\"@id\":\"https:\\\/\\\/cheznu.tv\\\/familymanagement\\\/produkt\\\/ak202312-anfaenger-2\\\/#breadcrumb\",\"itemListElement\":[{\"@type\":\"ListItem\",\"position\":1,\"name\":\"Startseite\",\"item\":\"https:\\\/\\\/cheznu.tv\\\/familymanagement\\\/\"},{\"@type\":\"ListItem\",\"position\":2,\"name\":\"Shop\",\"item\":\"https:\\\/\\\/cheznu.tv\\\/familymanagement\\\/shop\\\/\"},{\"@type\":\"ListItem\",\"position\":3,\"name\":\"Adventskalender 2023 T\u00fcr 12 \ud83d\udd6f\ud83d\udd6f Schnittmuster-Paket: Kleidung n\u00e4hen f\u00fcr Anf\u00e4nger IV\"}]},{\"@type\":\"WebSite\",\"@id\":\"https:\\\/\\\/cheznu.tv\\\/familymanagement\\\/#website\",\"url\":\"https:\\\/\\\/cheznu.tv\\\/familymanagement\\\/\",\"name\":\"ChezNU.TV\",\"description\":\"N\u00e4hen | Basteln | Haushalt | Familie\",\"potentialAction\":[{\"@type\":\"SearchAction\",\"target\":{\"@type\":\"EntryPoint\",\"urlTemplate\":\"https:\\\/\\\/cheznu.tv\\\/familymanagement\\\/?s={search_term_string}\"},\"query-input\":{\"@type\":\"PropertyValueSpecification\",\"valueRequired\":true,\"valueName\":\"search_term_string\"}}],\"inLanguage\":\"de\"}]}<\/script>\n<!-- \/ Yoast SEO plugin. -->","yoast_head_json":{"title":"Adventskalender 2023 T\u00fcr 12 \ud83d\udd6f\ud83d\udd6f Schnittmuster-Paket: Kleidung n\u00e4hen f\u00fcr Anf\u00e4nger IV - ChezNU.TV","robots":{"index":"index","follow":"follow","max-snippet":"max-snippet:-1","max-image-preview":"max-image-preview:large","max-video-preview":"max-video-preview:-1"},"canonical":"https:\/\/cheznu.tv\/familymanagement\/produkt\/ak202312-anfaenger-2\/","og_locale":"de_DE","og_type":"article","og_title":"Adventskalender 2023 T\u00fcr 12 \ud83d\udd6f\ud83d\udd6f Schnittmuster-Paket: Kleidung n\u00e4hen f\u00fcr Anf\u00e4nger IV - ChezNU.TV","og_description":"Das Schnittmuster-Paket enth\u00e4lt 9 Schnittmuster   Sweatkleid Merle: Ein elegantes Kleid mit Stehkragen und Hoodieband, ideal f\u00fcr Sweatstoff, aber auch toll mit Jersey, French Terry oder Strick. Ein einfaches Projekt, perfekt f\u00fcr N\u00e4hanf\u00e4nger.  Rollkragen-Shirt Runa: Modisch und vielseitig, dieses leicht taillierte Shirt ist ideal f\u00fcr jeden Anlass. Geeignet f\u00fcr Jersey, French Terry und mehr. Ideal f\u00fcr N\u00e4hneulinge und Profis. Videoanleitungen helfen Dir auf dem Weg!  Bluse Dorren: Ein fantastisches Projekt f\u00fcr N\u00e4hanf\u00e4nger, ohne komplizierte Kn\u00f6pfe oder Reissverschl\u00fcsse. Gen\u00e4ht aus Baumwolle, Jersey oder Viskose, begleitet von einem ausf\u00fchrlichen Videotutorial.  Palazzo-Hose Kira: Eine stylische, weite Hose mit Gummizug, perfekt f\u00fcr flie\u00dfende Stoffe wie Viskose, Seide oder Lyocell. Einfach zu n\u00e4hen und super bequem.  Raglan-Shirt Ilva: Ein einfaches Raglan-Shirt, das mit der richtigen Stoffwahl und Norweger-Borte wie ein Pullover aussieht. Perfekt f\u00fcr kreative N\u00e4herinnen.  Kapuzenschal: Ein Must-Have Schnittmuster f\u00fcr N\u00e4hanf\u00e4nger und Profis. Ideal als Geschenk oder zum Selbsttragen, passend zur Jacke.  Cut-Out-Shirt Cassy: Ein elegantes T-Shirt, perfekt f\u00fcr Arbeit oder Ausgehen, \u00fcberraschend einfach zu n\u00e4hen.  Stretch-Hose Kate: Bequem wie eine Jogginghose, aber mit einem schicken Fake-Reissverschluss. Ideal f\u00fcr alle Gr\u00f6\u00dfen.  Hut Snowy Morning: Ein stylischer Hut in verschiedenen Gr\u00f6\u00dfen, ideal f\u00fcr N\u00e4heinsteiger und Anf\u00e4nger.  Das Paket gibt es nur am 12. Dezember 2023!","og_url":"https:\/\/cheznu.tv\/familymanagement\/produkt\/ak202312-anfaenger-2\/","og_site_name":"ChezNU.TV","article_publisher":"https:\/\/www.facebook.com\/cheznutv\/","article_modified_time":"2023-12-19T13:39:07+00:00","og_image":[{"width":1080,"height":1079,"url":"https:\/\/cheznu.tv\/familymanagement\/wp-content\/uploads\/2022\/10\/Schnittmuster-Sweat-Kleid-Merle-schraeg-seitlich-links.jpg","type":"image\/jpeg"}],"twitter_card":"summary_large_image","twitter_site":"@cheznu_family","twitter_misc":{"Gesch\u00e4tzte Lesezeit":"3\u00a0Minuten"},"schema":{"@context":"https:\/\/schema.org","@graph":[{"@type":"WebPage","@id":"https:\/\/cheznu.tv\/familymanagement\/produkt\/ak202312-anfaenger-2\/","url":"https:\/\/cheznu.tv\/familymanagement\/produkt\/ak202312-anfaenger-2\/","name":"Adventskalender 2023 T\u00fcr 12 \ud83d\udd6f\ud83d\udd6f Schnittmuster-Paket: Kleidung n\u00e4hen f\u00fcr Anf\u00e4nger IV - ChezNU.TV","isPartOf":{"@id":"https:\/\/cheznu.tv\/familymanagement\/#website"},"primaryImageOfPage":{"@id":"https:\/\/cheznu.tv\/familymanagement\/produkt\/ak202312-anfaenger-2\/#primaryimage"},"image":{"@id":"https:\/\/cheznu.tv\/familymanagement\/produkt\/ak202312-anfaenger-2\/#primaryimage"},"thumbnailUrl":"https:\/\/cheznu.tv\/familymanagement\/wp-content\/uploads\/2022\/10\/Schnittmuster-Sweat-Kleid-Merle-schraeg-seitlich-links.jpg","datePublished":"2023-12-11T17:00:03+00:00","dateModified":"2023-12-19T13:39:07+00:00","breadcrumb":{"@id":"https:\/\/cheznu.tv\/familymanagement\/produkt\/ak202312-anfaenger-2\/#breadcrumb"},"inLanguage":"de","potentialAction":[{"@type":"ReadAction","target":["https:\/\/cheznu.tv\/familymanagement\/produkt\/ak202312-anfaenger-2\/"]}]},{"@type":"ImageObject","inLanguage":"de","@id":"https:\/\/cheznu.tv\/familymanagement\/produkt\/ak202312-anfaenger-2\/#primaryimage","url":"https:\/\/cheznu.tv\/familymanagement\/wp-content\/uploads\/2022\/10\/Schnittmuster-Sweat-Kleid-Merle-schraeg-seitlich-links.jpg","contentUrl":"https:\/\/cheznu.tv\/familymanagement\/wp-content\/uploads\/2022\/10\/Schnittmuster-Sweat-Kleid-Merle-schraeg-seitlich-links.jpg","width":1080,"height":1079,"caption":"Schnittmuster Sweat-Kleid Merle - schr\u00e4g seitlich links"},{"@type":"BreadcrumbList","@id":"https:\/\/cheznu.tv\/familymanagement\/produkt\/ak202312-anfaenger-2\/#breadcrumb","itemListElement":[{"@type":"ListItem","position":1,"name":"Startseite","item":"https:\/\/cheznu.tv\/familymanagement\/"},{"@type":"ListItem","position":2,"name":"Shop","item":"https:\/\/cheznu.tv\/familymanagement\/shop\/"},{"@type":"ListItem","position":3,"name":"Adventskalender 2023 T\u00fcr 12 \ud83d\udd6f\ud83d\udd6f Schnittmuster-Paket: Kleidung n\u00e4hen f\u00fcr Anf\u00e4nger IV"}]},{"@type":"WebSite","@id":"https:\/\/cheznu.tv\/familymanagement\/#website","url":"https:\/\/cheznu.tv\/familymanagement\/","name":"ChezNU.TV","description":"N\u00e4hen | Basteln | Haushalt | Familie","potentialAction":[{"@type":"SearchAction","target":{"@type":"EntryPoint","urlTemplate":"https:\/\/cheznu.tv\/familymanagement\/?s={search_term_string}"},"query-input":{"@type":"PropertyValueSpecification","valueRequired":true,"valueName":"search_term_string"}}],"inLanguage":"de"}]}},"_links":{"self":[{"href":"https:\/\/cheznu.tv\/familymanagement\/wp-json\/wp\/v2\/product\/89245","targetHints":{"allow":["GET"]}}],"collection":[{"href":"https:\/\/cheznu.tv\/familymanagement\/wp-json\/wp\/v2\/product"}],"about":[{"href":"https:\/\/cheznu.tv\/familymanagement\/wp-json\/wp\/v2\/types\/product"}],"replies":[{"embeddable":true,"href":"https:\/\/cheznu.tv\/familymanagement\/wp-json\/wp\/v2\/comments?post=89245"}],"wp:featuredmedia":[{"embeddable":true,"href":"https:\/\/cheznu.tv\/familymanagement\/wp-json\/wp\/v2\/media\/77950"}],"wp:attachment":[{"href":"https:\/\/cheznu.tv\/familymanagement\/wp-json\/wp\/v2\/media?parent=89245"}],"wp:term":[{"taxonomy":"product_brand","embeddable":true,"href":"https:\/\/cheznu.tv\/familymanagement\/wp-json\/wp\/v2\/product_brand?post=89245"},{"taxonomy":"product_cat","embeddable":true,"href":"https:\/\/cheznu.tv\/familymanagement\/wp-json\/wp\/v2\/product_cat?post=89245"},{"taxonomy":"product_tag","embeddable":true,"href":"https:\/\/cheznu.tv\/familymanagement\/wp-json\/wp\/v2\/product_tag?post=89245"}],"curies":[{"name":"wp","href":"https:\/\/api.w.org\/{rel}","templated":true}]}}