{"id":89080,"date":"2023-12-10T20:00:22","date_gmt":"2023-12-10T19:00:22","guid":{"rendered":"https:\/\/cheznu.tv\/familymanagement\/?post_type=product&#038;p=89080"},"modified":"2023-12-19T14:39:19","modified_gmt":"2023-12-19T13:39:19","slug":"ak202311-anfaenger-3","status":"publish","type":"product","link":"https:\/\/cheznu.tv\/familymanagement\/produkt\/ak202311-anfaenger-3\/","title":{"rendered":"Adventskalender 2023 T\u00fcr 11 \ud83d\udd6f\ud83d\udd6f Schnittmuster-Paket: Kleidung n\u00e4hen f\u00fcr Anf\u00e4nger III"},"content":{"rendered":"<p>Die N\u00e4hanleitungen mit vielen Bildern sowie das\u00a0\u00a0Anleitungsvideo findest Du hier:<\/p>\n<ul>\n<li><a href=\"https:\/\/cheznu.tv\/familymanagement\/einfache-tunika-naehen-aus-musselin-schnittmuster-tunika-jasmin\/\">Einfache Tunika n\u00e4hen aus Musselin \ud83c\udf1e Schnittmuster Tunika Jasmin<\/a><\/li>\n<li><a href=\"https:\/\/cheznu.tv\/familymanagement\/shirt-fleur-anleitung\/\">Shirt mit \u00fcberlappendem V-Ausschnitt n\u00e4hen \ud83c\udf39 Langarm-Shirt Fleur<\/a><\/li>\n<li><a href=\"https:\/\/cheznu.tv\/familymanagement\/bluse-suri-anleitung\/\">So n\u00e4hst Du eine einfache Bluse \ud83d\udc56 Bluse Suri<\/a><\/li>\n<li><a href=\"https:\/\/cheznu.tv\/familymanagement\/einfache-bluse-naehen-fuer-anfaenger-schnittmuster-bluse-bridget\/\">Einfache Bluse n\u00e4hen f\u00fcr Anf\u00e4nger \ud83d\udc5a Schnittmuster Gr. 36-52 \ud83d\udc5a Bluse Bridget<\/a><\/li>\n<li><a href=\"https:\/\/cheznu.tv\/familymanagement\/einfaches-t-shirt-naehen-fuer-anfaenger-t-shirt-olivia\/\">Einfaches T-Shirt n\u00e4hen f\u00fcr Anf\u00e4nger \ud83d\udc55 T-Shirt Olivia<\/a><\/li>\n<li><a href=\"https:\/\/cheznu.tv\/familymanagement\/cardigan-naehen-schnittmuster-cardigan-melissa-mit-schalkragen-gr-36-50\/\">Cardigan n\u00e4hen \ud83d\udc4d Schnittmuster Cardigan Melissa mit Schalkragen Gr. 36-50<\/a><\/li>\n<li><a href=\"https:\/\/cheznu.tv\/familymanagement\/aermelstola-naehen-mit-schnittmuster-groesse-36-46\/\">\u00c4rmelstola n\u00e4hen mit Schnittmuster Gr\u00f6sse 36-46<\/a><\/li>\n<li><a href=\"https:\/\/cheznu.tv\/familymanagement\/teddy-mantel-tammy-anleitung\/\">Teddy-Mantel Tammy Videoanleitung<\/a><\/li>\n<li><a href=\"https:\/\/cheznu.tv\/familymanagement\/shirt-ronja-anleitung\/\">Shirt n\u00e4hen mit einem besonderen Ausschnitt \ud83d\udc55 Shirt Ronja<\/a><\/li>\n<\/ul>\n<p>Unsere Plotterdateien findest Du <a href=\"https:\/\/cheznu.tv\/familymanagement\/plotter\">hier<\/a>.<\/p>\n<p><a href='https:\/\/www.spoonflower.com\/profiles\/cheznu_tv' target='_blank' title='Spoonflower-Shop mit den ChezNU-Designs'>Unseren neuen Spoonflower-Shop mit Stoffen im ChezNU-Design findest Du hier.<\/a><\/p><p>Neben dem Schnittmuster \/ Schema \/ Anleitung \/ Plotterdatei erh\u00e4ltst Du als Teil der erworbenen Leistung (gilt auch f\u00fcr kostenlose Produkte) auch unseren kostenlosen Newsletter \u201eSchnittmuster-Alarm\u201c. Im Schnittmuster-Alarm informieren wir haupts\u00e4chlich, aber nicht ausschliesslich \u00fcber neue Schnittmuster, Anleitungen, DIY-Projekte, Angebote in unserem Shop, Angebote in anderen Shops, Materialbezugsquellen und allem was irgendwie mit N\u00e4hen, H\u00e4keln, Basteln, Stricken, Upcycling, Organisation und Familie zu tun hat.<\/p><p>Nach Deiner Bestellung erh\u00e4ltst Du die E-Mails automatisch. Du kannst sie allerdings jederzeit und ohne Angabe von Gr\u00fcnden \u00fcber den Link am Ende jeder E-Mail abbestellen.<br>\n\tDie Transparenzerkl\u00e4rung zu unserem Schnittmuster-Alarm findest Du <a title='Transparenzerkl\u00e4rung' href='https:\/\/cheznu.tv\/familymanagement\/transparenzerklaerung-zum-schnittmuster-alarm-newsletter\/' target='_blank'>hier<\/a><\/p>\n<p><strong>Zum Schnittmuster<\/strong><\/p>\n<p>Das Schnittmuster kommt als PDF, wenn es sich um mehrere PDFs handelt packen wir diese in eine ZIP-Datei. Diese muss erst abgespeichert und entpackt werden, bevor man sie auf A4-Papier (Standard) ausdrucken und dann zusammenkleben kann.<br \/>\nFalls Du das noch nie gemacht hast findest Du eine Anleitung in unseren <a href=\"https:\/\/cheznu.tv\/familymanagement\/faq\/\">FAQs<\/a>.<\/p>\n<p>So entf\u00e4llt das l\u00e4stige Schnittmuster kopieren mit teurem Seidenpapier. Das Schnittmuster kann nach dem Zusammenkleben direkt ausgeschnitten werden.<\/p>\n<p>Bitte beachte, die richtigen Druckoptionen einzustellen. Das funktioniert genauso, wie bei Burda.<br \/>\n<a href=\"http:\/\/cheznu.tv\/familymanagement\/burda-schnittmuster-ausdrucken\/\">Burda Schnittmuster Ausdrucken.<\/a><\/p>\n<p>Wie das mit dem Zusammenkleben funktioniert haben wir hier kurz erkl\u00e4rt.<br \/>\n<a href=\"http:\/\/cheznu.tv\/familymanagement\/so-gehts\/\">So geht\u00b4s<\/a>.<\/p>\n<p><a href=\"http:\/\/cheznu.tv\/familymanagement\/wp-content\/uploads\/2018\/01\/ChezNU-Groessentabelle_fuer_Damen.pdf\" target=\"_blank\" rel=\"noopener noreferrer\">Die Gr\u00f6ssetabelle mit den Massen f\u00fcr Damen findest Du hier.<\/a><\/p>\n<p>Dieser Schnitt darf zu privaten Zwecken und zur Fertigung von Einzelst\u00fccken\/Kleinserien (bis 5 Modelle) unter Nennung der Herkunft verwendet werden (ChezNU.TV). Massenproduktion der fertigen Ware sowie Kopieren, Weitergabe, Abdruck oder Ver\u00f6ffentlichung (auch teilweise) des Schnittmusters bedarf der schriftlichen Genehmigung. Wenn Du Dir nicht sicher bist, schreibe uns einfach kurz eine <a href=\"mailto:nu@cheznu.tv\">E-Mail.<\/a><\/p>\n<p><img decoding=\"async\" src=\"https:\/\/klick.cheznu.tv\/pix\/1s8wz4na2zfz75e5\" width=\"1\" height=\"1\" \/><\/p>\n","protected":false},"excerpt":{"rendered":"<p><strong>Das Schnittmuster-Paket enth\u00e4lt 9 Schnittmuster.<\/strong><\/p>\n<ol>\n<li><a href=\"https:\/\/cheznu.tv\/familymanagement\/produkt\/tunika-jasmin-schnittmuster\/\"><strong>Tunika Jasmin<\/strong><\/a>: Eine elegante, leicht taillierte Tunika mit Seitenschlitz, perfekt f\u00fcr Webware.<\/li>\n<li><a href=\"https:\/\/cheznu.tv\/familymanagement\/produkt\/shirt-fleur-schnittmuster\/\"><strong>Shirt Fleur<\/strong><\/a>: Ein charmantes Langarmshirt mit \u00fcberlappendem V-Ausschnitt, leicht tailliert.<\/li>\n<li><a href=\"https:\/\/cheznu.tv\/familymanagement\/produkt\/bluse-suri-schnittmuster\/\"><strong>Bluse Suri<\/strong><\/a>: Eine modische, gerade geschnittene Bluse mit weiten, leicht k\u00fcrzeren \u00c4rmeln, Gummibund an den \u00c4rmeln und einem raffinierten R\u00fcckenschlitz.<\/li>\n<li><a href=\"https:\/\/cheznu.tv\/familymanagement\/produkt\/schnittmuster-bluse-bridget\/\"><strong>Bluse Bridget<\/strong><\/a>: Eine stilvolle Schlupfbluse, leicht tailliert mit optionalen aufgesetzten Taschen, ideal f\u00fcr Webware.<\/li>\n<li><a href=\"https:\/\/cheznu.tv\/familymanagement\/produkt\/schnittmuster-t-shirt-olivia\/\"><strong>Shirt Olivia<\/strong><\/a>: Ein Must-have, leicht tailliertes Shirt, einfach und vielseitig.<\/li>\n<li><a href=\"https:\/\/cheznu.tv\/familymanagement\/produkt\/cardigan-melissa-mit-schalkragen\/\"><strong>Cardigan Melissa<\/strong><\/a>: Ein eleganter Cardigan mit Schalkragen, begleitet von einem ausf\u00fchrlichen Videotutorial.<\/li>\n<li><a href=\"https:\/\/cheznu.tv\/familymanagement\/produkt\/aermelschal-groesse-36-46-schnittmuster-zum-audrucken\/\"><strong>\u00c4rmelstola<\/strong><\/a>: Ein Anf\u00e4ngerprojekt, das sich leicht an verschiedene Gr\u00f6ssen anpassen l\u00e4sst.<\/li>\n<li><a href=\"https:\/\/cheznu.tv\/familymanagement\/produkt\/teddy-mantel-tammy-schnittmuster\/\"><strong>Teddy-Mantel Tammy<\/strong><\/a>: Inspiriert vom Max Mara Design, vereinfacht f\u00fcr Anf\u00e4nger ohne Futter, mit aufgesetzten Taschen und Wahl zwischen Kn\u00f6pfen oder Pelzhaken.<\/li>\n<li><a href=\"https:\/\/cheznu.tv\/familymanagement\/produkt\/shirt-ronja-schnittmuster\/\"><strong>Shirt Ronja<\/strong><\/a>: Ein schlichtes Shirt mit Mini-V-Ausschnitt und langen \u00c4rmeln, ideal f\u00fcr elastische Stoffe.<\/li>\n<\/ol>\n<p><strong>Das Paket gibt es nur am 11. Dezember 2023!<\/strong><\/p>\n","protected":false},"featured_media":59221,"comment_status":"open","ping_status":"closed","template":"","meta":[],"product_brand":[],"product_cat":[15],"product_tag":[],"class_list":{"0":"post-89080","1":"product","2":"type-product","3":"status-publish","4":"has-post-thumbnail","6":"product_cat-uncategorized","8":"first","9":"instock","10":"downloadable","11":"virtual","12":"sold-individually","13":"purchasable","14":"product-type-simple"},"yoast_head":"<!-- This site is optimized with the Yoast SEO plugin v27.4 - https:\/\/yoast.com\/product\/yoast-seo-wordpress\/ -->\n<title>Adventskalender 2023 T\u00fcr 11 \ud83d\udd6f\ud83d\udd6f Schnittmuster-Paket: Kleidung n\u00e4hen f\u00fcr Anf\u00e4nger III - ChezNU.TV<\/title>\n<meta name=\"robots\" content=\"index, follow, max-snippet:-1, max-image-preview:large, max-video-preview:-1\" \/>\n<link rel=\"canonical\" href=\"https:\/\/cheznu.tv\/familymanagement\/produkt\/ak202311-anfaenger-3\/\" \/>\n<meta property=\"og:locale\" content=\"de_DE\" \/>\n<meta property=\"og:type\" content=\"article\" \/>\n<meta property=\"og:title\" content=\"Adventskalender 2023 T\u00fcr 11 \ud83d\udd6f\ud83d\udd6f Schnittmuster-Paket: Kleidung n\u00e4hen f\u00fcr Anf\u00e4nger III - ChezNU.TV\" \/>\n<meta property=\"og:description\" content=\"Das Schnittmuster-Paket enth\u00e4lt 9 Schnittmuster.   Tunika Jasmin: Eine elegante, leicht taillierte Tunika mit Seitenschlitz, perfekt f\u00fcr Webware.  Shirt Fleur: Ein charmantes Langarmshirt mit \u00fcberlappendem V-Ausschnitt, leicht tailliert.  Bluse Suri: Eine modische, gerade geschnittene Bluse mit weiten, leicht k\u00fcrzeren \u00c4rmeln, Gummibund an den \u00c4rmeln und einem raffinierten R\u00fcckenschlitz.  Bluse Bridget: Eine stilvolle Schlupfbluse, leicht tailliert mit optionalen aufgesetzten Taschen, ideal f\u00fcr Webware.  Shirt Olivia: Ein Must-have, leicht tailliertes Shirt, einfach und vielseitig.  Cardigan Melissa: Ein eleganter Cardigan mit Schalkragen, begleitet von einem ausf\u00fchrlichen Videotutorial.  \u00c4rmelstola: Ein Anf\u00e4ngerprojekt, das sich leicht an verschiedene Gr\u00f6ssen anpassen l\u00e4sst.  Teddy-Mantel Tammy: Inspiriert vom Max Mara Design, vereinfacht f\u00fcr Anf\u00e4nger ohne Futter, mit aufgesetzten Taschen und Wahl zwischen Kn\u00f6pfen oder Pelzhaken.  Shirt Ronja: Ein schlichtes Shirt mit Mini-V-Ausschnitt und langen \u00c4rmeln, ideal f\u00fcr elastische Stoffe.  Das Paket gibt es nur am 11. Dezember 2023!\" \/>\n<meta property=\"og:url\" content=\"https:\/\/cheznu.tv\/familymanagement\/produkt\/ak202311-anfaenger-3\/\" \/>\n<meta property=\"og:site_name\" content=\"ChezNU.TV\" \/>\n<meta property=\"article:publisher\" content=\"https:\/\/www.facebook.com\/cheznutv\/\" \/>\n<meta property=\"article:modified_time\" content=\"2023-12-19T13:39:19+00:00\" \/>\n<meta property=\"og:image\" content=\"https:\/\/cheznu.tv\/familymanagement\/wp-content\/uploads\/2021\/03\/Tunika-Jasmin-Schnittmuster-Tragebild-Ute-und-Nicole.jpg\" \/>\n\t<meta property=\"og:image:width\" content=\"1000\" \/>\n\t<meta property=\"og:image:height\" content=\"1000\" \/>\n\t<meta property=\"og:image:type\" content=\"image\/jpeg\" \/>\n<meta name=\"twitter:card\" content=\"summary_large_image\" \/>\n<meta name=\"twitter:site\" content=\"@cheznu_family\" \/>\n<meta name=\"twitter:label1\" content=\"Gesch\u00e4tzte Lesezeit\" \/>\n\t<meta name=\"twitter:data1\" content=\"3\u00a0Minuten\" \/>\n<script type=\"application\/ld+json\" class=\"yoast-schema-graph\">{\"@context\":\"https:\\\/\\\/schema.org\",\"@graph\":[{\"@type\":\"WebPage\",\"@id\":\"https:\\\/\\\/cheznu.tv\\\/familymanagement\\\/produkt\\\/ak202311-anfaenger-3\\\/\",\"url\":\"https:\\\/\\\/cheznu.tv\\\/familymanagement\\\/produkt\\\/ak202311-anfaenger-3\\\/\",\"name\":\"Adventskalender 2023 T\u00fcr 11 \ud83d\udd6f\ud83d\udd6f Schnittmuster-Paket: Kleidung n\u00e4hen f\u00fcr Anf\u00e4nger III - ChezNU.TV\",\"isPartOf\":{\"@id\":\"https:\\\/\\\/cheznu.tv\\\/familymanagement\\\/#website\"},\"primaryImageOfPage\":{\"@id\":\"https:\\\/\\\/cheznu.tv\\\/familymanagement\\\/produkt\\\/ak202311-anfaenger-3\\\/#primaryimage\"},\"image\":{\"@id\":\"https:\\\/\\\/cheznu.tv\\\/familymanagement\\\/produkt\\\/ak202311-anfaenger-3\\\/#primaryimage\"},\"thumbnailUrl\":\"https:\\\/\\\/cheznu.tv\\\/familymanagement\\\/wp-content\\\/uploads\\\/2021\\\/03\\\/Tunika-Jasmin-Schnittmuster-Tragebild-Ute-und-Nicole.jpg\",\"datePublished\":\"2023-12-10T19:00:22+00:00\",\"dateModified\":\"2023-12-19T13:39:19+00:00\",\"breadcrumb\":{\"@id\":\"https:\\\/\\\/cheznu.tv\\\/familymanagement\\\/produkt\\\/ak202311-anfaenger-3\\\/#breadcrumb\"},\"inLanguage\":\"de\",\"potentialAction\":[{\"@type\":\"ReadAction\",\"target\":[\"https:\\\/\\\/cheznu.tv\\\/familymanagement\\\/produkt\\\/ak202311-anfaenger-3\\\/\"]}]},{\"@type\":\"ImageObject\",\"inLanguage\":\"de\",\"@id\":\"https:\\\/\\\/cheznu.tv\\\/familymanagement\\\/produkt\\\/ak202311-anfaenger-3\\\/#primaryimage\",\"url\":\"https:\\\/\\\/cheznu.tv\\\/familymanagement\\\/wp-content\\\/uploads\\\/2021\\\/03\\\/Tunika-Jasmin-Schnittmuster-Tragebild-Ute-und-Nicole.jpg\",\"contentUrl\":\"https:\\\/\\\/cheznu.tv\\\/familymanagement\\\/wp-content\\\/uploads\\\/2021\\\/03\\\/Tunika-Jasmin-Schnittmuster-Tragebild-Ute-und-Nicole.jpg\",\"width\":1000,\"height\":1000,\"caption\":\"Tunika Jasmin Schnittmuster - Tragebild Ute und Nicole\"},{\"@type\":\"BreadcrumbList\",\"@id\":\"https:\\\/\\\/cheznu.tv\\\/familymanagement\\\/produkt\\\/ak202311-anfaenger-3\\\/#breadcrumb\",\"itemListElement\":[{\"@type\":\"ListItem\",\"position\":1,\"name\":\"Startseite\",\"item\":\"https:\\\/\\\/cheznu.tv\\\/familymanagement\\\/\"},{\"@type\":\"ListItem\",\"position\":2,\"name\":\"Shop\",\"item\":\"https:\\\/\\\/cheznu.tv\\\/familymanagement\\\/shop\\\/\"},{\"@type\":\"ListItem\",\"position\":3,\"name\":\"Adventskalender 2023 T\u00fcr 11 \ud83d\udd6f\ud83d\udd6f Schnittmuster-Paket: Kleidung n\u00e4hen f\u00fcr Anf\u00e4nger III\"}]},{\"@type\":\"WebSite\",\"@id\":\"https:\\\/\\\/cheznu.tv\\\/familymanagement\\\/#website\",\"url\":\"https:\\\/\\\/cheznu.tv\\\/familymanagement\\\/\",\"name\":\"ChezNU.TV\",\"description\":\"N\u00e4hen | Basteln | Haushalt | Familie\",\"potentialAction\":[{\"@type\":\"SearchAction\",\"target\":{\"@type\":\"EntryPoint\",\"urlTemplate\":\"https:\\\/\\\/cheznu.tv\\\/familymanagement\\\/?s={search_term_string}\"},\"query-input\":{\"@type\":\"PropertyValueSpecification\",\"valueRequired\":true,\"valueName\":\"search_term_string\"}}],\"inLanguage\":\"de\"}]}<\/script>\n<!-- \/ Yoast SEO plugin. -->","yoast_head_json":{"title":"Adventskalender 2023 T\u00fcr 11 \ud83d\udd6f\ud83d\udd6f Schnittmuster-Paket: Kleidung n\u00e4hen f\u00fcr Anf\u00e4nger III - ChezNU.TV","robots":{"index":"index","follow":"follow","max-snippet":"max-snippet:-1","max-image-preview":"max-image-preview:large","max-video-preview":"max-video-preview:-1"},"canonical":"https:\/\/cheznu.tv\/familymanagement\/produkt\/ak202311-anfaenger-3\/","og_locale":"de_DE","og_type":"article","og_title":"Adventskalender 2023 T\u00fcr 11 \ud83d\udd6f\ud83d\udd6f Schnittmuster-Paket: Kleidung n\u00e4hen f\u00fcr Anf\u00e4nger III - ChezNU.TV","og_description":"Das Schnittmuster-Paket enth\u00e4lt 9 Schnittmuster.   Tunika Jasmin: Eine elegante, leicht taillierte Tunika mit Seitenschlitz, perfekt f\u00fcr Webware.  Shirt Fleur: Ein charmantes Langarmshirt mit \u00fcberlappendem V-Ausschnitt, leicht tailliert.  Bluse Suri: Eine modische, gerade geschnittene Bluse mit weiten, leicht k\u00fcrzeren \u00c4rmeln, Gummibund an den \u00c4rmeln und einem raffinierten R\u00fcckenschlitz.  Bluse Bridget: Eine stilvolle Schlupfbluse, leicht tailliert mit optionalen aufgesetzten Taschen, ideal f\u00fcr Webware.  Shirt Olivia: Ein Must-have, leicht tailliertes Shirt, einfach und vielseitig.  Cardigan Melissa: Ein eleganter Cardigan mit Schalkragen, begleitet von einem ausf\u00fchrlichen Videotutorial.  \u00c4rmelstola: Ein Anf\u00e4ngerprojekt, das sich leicht an verschiedene Gr\u00f6ssen anpassen l\u00e4sst.  Teddy-Mantel Tammy: Inspiriert vom Max Mara Design, vereinfacht f\u00fcr Anf\u00e4nger ohne Futter, mit aufgesetzten Taschen und Wahl zwischen Kn\u00f6pfen oder Pelzhaken.  Shirt Ronja: Ein schlichtes Shirt mit Mini-V-Ausschnitt und langen \u00c4rmeln, ideal f\u00fcr elastische Stoffe.  Das Paket gibt es nur am 11. Dezember 2023!","og_url":"https:\/\/cheznu.tv\/familymanagement\/produkt\/ak202311-anfaenger-3\/","og_site_name":"ChezNU.TV","article_publisher":"https:\/\/www.facebook.com\/cheznutv\/","article_modified_time":"2023-12-19T13:39:19+00:00","og_image":[{"width":1000,"height":1000,"url":"https:\/\/cheznu.tv\/familymanagement\/wp-content\/uploads\/2021\/03\/Tunika-Jasmin-Schnittmuster-Tragebild-Ute-und-Nicole.jpg","type":"image\/jpeg"}],"twitter_card":"summary_large_image","twitter_site":"@cheznu_family","twitter_misc":{"Gesch\u00e4tzte Lesezeit":"3\u00a0Minuten"},"schema":{"@context":"https:\/\/schema.org","@graph":[{"@type":"WebPage","@id":"https:\/\/cheznu.tv\/familymanagement\/produkt\/ak202311-anfaenger-3\/","url":"https:\/\/cheznu.tv\/familymanagement\/produkt\/ak202311-anfaenger-3\/","name":"Adventskalender 2023 T\u00fcr 11 \ud83d\udd6f\ud83d\udd6f Schnittmuster-Paket: Kleidung n\u00e4hen f\u00fcr Anf\u00e4nger III - ChezNU.TV","isPartOf":{"@id":"https:\/\/cheznu.tv\/familymanagement\/#website"},"primaryImageOfPage":{"@id":"https:\/\/cheznu.tv\/familymanagement\/produkt\/ak202311-anfaenger-3\/#primaryimage"},"image":{"@id":"https:\/\/cheznu.tv\/familymanagement\/produkt\/ak202311-anfaenger-3\/#primaryimage"},"thumbnailUrl":"https:\/\/cheznu.tv\/familymanagement\/wp-content\/uploads\/2021\/03\/Tunika-Jasmin-Schnittmuster-Tragebild-Ute-und-Nicole.jpg","datePublished":"2023-12-10T19:00:22+00:00","dateModified":"2023-12-19T13:39:19+00:00","breadcrumb":{"@id":"https:\/\/cheznu.tv\/familymanagement\/produkt\/ak202311-anfaenger-3\/#breadcrumb"},"inLanguage":"de","potentialAction":[{"@type":"ReadAction","target":["https:\/\/cheznu.tv\/familymanagement\/produkt\/ak202311-anfaenger-3\/"]}]},{"@type":"ImageObject","inLanguage":"de","@id":"https:\/\/cheznu.tv\/familymanagement\/produkt\/ak202311-anfaenger-3\/#primaryimage","url":"https:\/\/cheznu.tv\/familymanagement\/wp-content\/uploads\/2021\/03\/Tunika-Jasmin-Schnittmuster-Tragebild-Ute-und-Nicole.jpg","contentUrl":"https:\/\/cheznu.tv\/familymanagement\/wp-content\/uploads\/2021\/03\/Tunika-Jasmin-Schnittmuster-Tragebild-Ute-und-Nicole.jpg","width":1000,"height":1000,"caption":"Tunika Jasmin Schnittmuster - Tragebild Ute und Nicole"},{"@type":"BreadcrumbList","@id":"https:\/\/cheznu.tv\/familymanagement\/produkt\/ak202311-anfaenger-3\/#breadcrumb","itemListElement":[{"@type":"ListItem","position":1,"name":"Startseite","item":"https:\/\/cheznu.tv\/familymanagement\/"},{"@type":"ListItem","position":2,"name":"Shop","item":"https:\/\/cheznu.tv\/familymanagement\/shop\/"},{"@type":"ListItem","position":3,"name":"Adventskalender 2023 T\u00fcr 11 \ud83d\udd6f\ud83d\udd6f Schnittmuster-Paket: Kleidung n\u00e4hen f\u00fcr Anf\u00e4nger III"}]},{"@type":"WebSite","@id":"https:\/\/cheznu.tv\/familymanagement\/#website","url":"https:\/\/cheznu.tv\/familymanagement\/","name":"ChezNU.TV","description":"N\u00e4hen | Basteln | Haushalt | Familie","potentialAction":[{"@type":"SearchAction","target":{"@type":"EntryPoint","urlTemplate":"https:\/\/cheznu.tv\/familymanagement\/?s={search_term_string}"},"query-input":{"@type":"PropertyValueSpecification","valueRequired":true,"valueName":"search_term_string"}}],"inLanguage":"de"}]}},"_links":{"self":[{"href":"https:\/\/cheznu.tv\/familymanagement\/wp-json\/wp\/v2\/product\/89080","targetHints":{"allow":["GET"]}}],"collection":[{"href":"https:\/\/cheznu.tv\/familymanagement\/wp-json\/wp\/v2\/product"}],"about":[{"href":"https:\/\/cheznu.tv\/familymanagement\/wp-json\/wp\/v2\/types\/product"}],"replies":[{"embeddable":true,"href":"https:\/\/cheznu.tv\/familymanagement\/wp-json\/wp\/v2\/comments?post=89080"}],"wp:featuredmedia":[{"embeddable":true,"href":"https:\/\/cheznu.tv\/familymanagement\/wp-json\/wp\/v2\/media\/59221"}],"wp:attachment":[{"href":"https:\/\/cheznu.tv\/familymanagement\/wp-json\/wp\/v2\/media?parent=89080"}],"wp:term":[{"taxonomy":"product_brand","embeddable":true,"href":"https:\/\/cheznu.tv\/familymanagement\/wp-json\/wp\/v2\/product_brand?post=89080"},{"taxonomy":"product_cat","embeddable":true,"href":"https:\/\/cheznu.tv\/familymanagement\/wp-json\/wp\/v2\/product_cat?post=89080"},{"taxonomy":"product_tag","embeddable":true,"href":"https:\/\/cheznu.tv\/familymanagement\/wp-json\/wp\/v2\/product_tag?post=89080"}],"curies":[{"name":"wp","href":"https:\/\/api.w.org\/{rel}","templated":true}]}}