{"id":88904,"date":"2023-11-30T18:20:40","date_gmt":"2023-11-30T17:20:40","guid":{"rendered":"https:\/\/cheznu.tv\/familymanagement\/?post_type=product&#038;p=88904"},"modified":"2023-12-19T14:43:05","modified_gmt":"2023-12-19T13:43:05","slug":"ak-202301-anfaenger1","status":"publish","type":"product","link":"https:\/\/cheznu.tv\/familymanagement\/produkt\/ak-202301-anfaenger1\/","title":{"rendered":"Adventskalender 2023 T\u00fcr 1 \ud83d\udd6f Schnittmuster-Paket Kleidung n\u00e4hen f\u00fcr Anf\u00e4nger I"},"content":{"rendered":"<p>Die N\u00e4hanleitungen mit vielen Bildern sowie das\u00a0\u00a0Anleitungsvideo findest Du hier:<\/p>\n<ul>\n<li><a href=\"https:\/\/cheznu.tv\/familymanagement\/shirt-wendy-anleitung\/\">Einfaches Shirt mit U-Boot-Ausschnitt n\u00e4hen f\u00fcr Anf\u00e4nger \ud83d\udc55 Shirt Wendy<\/a><\/li>\n<li><a href=\"https:\/\/cheznu.tv\/familymanagement\/wasserfall-shirt-selina-anleitung\/\">T-Shirt mit Wasserfallkragen n\u00e4hen nach dem Schnittmuster Wasserfallshirt Selina<\/a><\/li>\n<li><a href=\"https:\/\/cheznu.tv\/familymanagement\/produkt\/hose-jana-schnittmuster\/\">Hose Jana \u2702\ufe0f Gr\u00f6sse 36-52 \u2702\ufe0f Schnittmuster zum Herunterladen und Ausdrucken<\/a><\/li>\n<li><a href=\"https:\/\/cheznu.tv\/familymanagement\/einfaches-shirt-naehen-in-vielen-varianten-shirt-emilia\/\">Einfaches Shirt n\u00e4hen in vielen Varianten \ud83d\udc55 Shirt Emilia<\/a><\/li>\n<li><a href=\"https:\/\/cheznu.tv\/familymanagement\/shirt-claire-anleitung\/\">T-Shirt mit asymmetrischem Halsausschnitt n\u00e4hen \ud83d\udc55 Shirt Claire<\/a><\/li>\n<li><a href=\"http:\/\/cheznu.tv\/familymanagement\/kimono-naehen-fuer-anfaenger-aus-ikea-oder-alter-bettwaesche-kimono-kantan-ni\/\">Kimono n\u00e4hen f\u00fcr Anf\u00e4nger aus Ikea- oder alter Bettw\u00e4sche | Kimono Kantan ni Anleitung und Tutorial<\/a><\/li>\n<li><a href=\"http:\/\/cheznu.tv\/familymanagement\/cardigan-naehen-fuer-anfaenger-mit-schalkragen-schnittmuster-36-46-easy-peasy-2-0\/\">Cardigan n\u00e4hen f\u00fcr Anf\u00e4nger mit Schalkragen Anleitung und Tutorial<\/a><\/li>\n<li><a href=\"https:\/\/cheznu.tv\/familymanagement\/morgenrock-ida-anleitung\/\">Morgenrock Ida n\u00e4hen<\/a><\/li>\n<\/ul>\n<p><a href='https:\/\/www.spoonflower.com\/profiles\/cheznu_tv' target='_blank' title='Spoonflower-Shop mit den ChezNU-Designs'>Unseren neuen Spoonflower-Shop mit Stoffen im ChezNU-Design findest Du hier.<\/a><\/p><p>Neben dem Schnittmuster \/ Schema \/ Anleitung \/ Plotterdatei erh\u00e4ltst Du als Teil der erworbenen Leistung (gilt auch f\u00fcr kostenlose Produkte) auch unseren kostenlosen Newsletter \u201eSchnittmuster-Alarm\u201c. Im Schnittmuster-Alarm informieren wir haupts\u00e4chlich, aber nicht ausschliesslich \u00fcber neue Schnittmuster, Anleitungen, DIY-Projekte, Angebote in unserem Shop, Angebote in anderen Shops, Materialbezugsquellen und allem was irgendwie mit N\u00e4hen, H\u00e4keln, Basteln, Stricken, Upcycling, Organisation und Familie zu tun hat.<\/p><p>Nach Deiner Bestellung erh\u00e4ltst Du die E-Mails automatisch. Du kannst sie allerdings jederzeit und ohne Angabe von Gr\u00fcnden \u00fcber den Link am Ende jeder E-Mail abbestellen.<br>\n\tDie Transparenzerkl\u00e4rung zu unserem Schnittmuster-Alarm findest Du <a title='Transparenzerkl\u00e4rung' href='https:\/\/cheznu.tv\/familymanagement\/transparenzerklaerung-zum-schnittmuster-alarm-newsletter\/' target='_blank'>hier<\/a><\/p>\n<p><strong>Zum Schnittmuster<\/strong><\/p>\n<p>Das Schnittmuster kommt als PDF, wenn es sich um mehrere PDFs handelt packen wir diese in eine ZIP-Datei. diese muss erst abgespeichert und entpackt werden, bevor man sie auf A4-Papier (Standard) ausdrucken und dann zusammenkleben kann.<br \/>\nSo entf\u00e4llt das l\u00e4stige Schnittmuster kopieren mit teurem Seidenpapier. Das Schnittmuster kann nach dem Zusammenkleben direkt ausgeschnitten werden.<\/p>\n<p>Bitte beachte, die richtigen Druckoptionen einzustellen. Das funktioniert genauso, wie bei Burda.<br \/>\n<a href=\"http:\/\/cheznu.tv\/familymanagement\/burda-schnittmuster-ausdrucken\/\">Burda Schnittmuster Ausdrucken.<\/a><\/p>\n<p>Wie das mit dem Zusammenkleben funktioniert haben wir hier kurz erkl\u00e4rt.<br \/>\n<a href=\"http:\/\/cheznu.tv\/familymanagement\/so-gehts\/\">So geht\u00b4s<\/a>.<\/p>\n<p><a href=\"http:\/\/cheznu.tv\/familymanagement\/wp-content\/uploads\/2018\/01\/ChezNU-Groessentabelle_fuer_Damen.pdf\" target=\"_blank\" rel=\"noopener noreferrer\">Die Gr\u00f6ssetabelle mit den Massen f\u00fcr Damen findest Du hier.<\/a><\/p>\n<p>Dieser Schnitt darf zu privaten Zwecken und zur Fertigung von Einzelst\u00fccken\/Kleinserien (bis 5 Modelle) unter Nennung der Herkunft verwendet werden (ChezNU.TV). Massenproduktion der fertigen Ware sowie Kopieren, Weitergabe, Abdruck oder Ver\u00f6ffentlichung (auch teilweise) des Schnittmusters bedarf der schriftlichen Genehmigung. Wenn Du Dir nicht sicher bist, schreibe uns einfach kurz eine <a href=\"mailto:nu@cheznu.tv\">E-Mail.<\/a><\/p>\n<p><img decoding=\"async\" src=\"https:\/\/klick.cheznu.tv\/pix\/1jqcz4na2zfze5d5\" width=\"1\" height=\"1\" \/><\/p>\n","protected":false},"excerpt":{"rendered":"<p>Freue Dich auf <strong>8 vielseitige und einfach umzusetzende Schnittmuster<\/strong>, die nur am 1. Dezember exklusiv in unserem Shop erh\u00e4ltlich sind. Dieses Set ist perfekt f\u00fcr N\u00e4hanf\u00e4nger und erfahrene Hobbyn\u00e4herinnen.<\/p>\n<p><strong>Highlights des Pakets:<\/strong><\/p>\n<ol>\n<li><strong><a href=\"https:\/\/cheznu.tv\/familymanagement\/produkt\/shirt-wendy-schnittmuster\/\">Shirt Wendy<\/a>:<\/strong> Ein leicht tailliertes Shirt mit U-Boot-Ausschnitt und langen \u00c4rmeln, komplett ohne B\u00fcndchen \u2013 ideal f\u00fcr Anf\u00e4nger.<\/li>\n<li><strong><a href=\"https:\/\/cheznu.tv\/familymanagement\/produkt\/wasserfall-shirt-selina-schnittmuster\/\">T-Shirt Selina<\/a>:<\/strong> Ein feminines Shirt mit Wasserfallkragen und leichter Taillierung, besonders sch\u00f6n in flie\u00dfendem Jersey.<\/li>\n<li><strong><a href=\"https:\/\/cheznu.tv\/familymanagement\/produkt\/hose-jana-schnittmuster\/\">Hose Jana<\/a>:<\/strong> Eine bequeme Lounge-Hose mit Gummizug und optionalen Taschen, ideal aus Musselin oder \u00e4hnlichen Webstoffen.<\/li>\n<li><strong><a href=\"https:\/\/cheznu.tv\/familymanagement\/produkt\/schnittmuster-shirt-emilia\/\">Shirt Emilia<\/a>:<\/strong> Vielseitig anpassbar mit Optionen wie Stehkragen, Hoodie oder Rollkragen, f\u00fcr ein individuelles Design.<\/li>\n<li><strong><a href=\"https:\/\/cheznu.tv\/familymanagement\/produkt\/asymmetrisches-shirt-claire-schnittmuster\/\">Shirt Claire<\/a>:<\/strong> Ein T-Shirt mit asymmetrischem Halsausschnitt, erweiterbar zu 3\/4-\u00c4rmeln, f\u00fcr einen einzigartigen Look.<\/li>\n<li><strong><a href=\"https:\/\/cheznu.tv\/familymanagement\/produkt\/kimono-katan-ni-schnittmuster-zum-ausdrucken\/\">Kimono Katani<\/a>:<\/strong> Ein einfaches Projekt, ideal f\u00fcr N\u00e4h-Einsteigerinnen, sogar aus Bettw\u00e4sche umsetzbar.<\/li>\n<li><strong><a href=\"https:\/\/cheznu.tv\/familymanagement\/produkt\/cardigan-easy-peasy-2-punkt-0\/\">Cardigan Easy Peasy 2.0<\/a>:<\/strong> Ein schicker Cardigan mit Schalkragen, einfach und perfekt f\u00fcr Anf\u00e4nger.<\/li>\n<li><strong><a href=\"https:\/\/cheznu.tv\/familymanagement\/produkt\/morgenrock-ida-schnittmuster\/\">Morgenrock Ida<\/a>:<\/strong> Einfach zu n\u00e4hen, sogar aus zwei Polarvide Decken von Ikea, mit Kapuze und Taschen.<\/li>\n<\/ol>\n<p>Zu jedem Schnittmuster geh\u00f6rt eine Videoanleitung, die Dir Schritt f\u00fcr Schritt zeigt, wie Du Dein Projekt erfolgreich umsetzen kannst. Diese Anleitungen sind f\u00fcr N\u00e4heinsteiger und bieten hilfreiche Tipps und Tricks.<\/p>\n<p><strong>Starte am 1. Dezember in Dein n\u00e4chstes N\u00e4h-Abenteuer mit unserem Schnittmuster-Paket! <\/strong><\/p>\n<p><strong>Die Videoanleitungen zu den einzelnen Schnittmustern sind weiter unten verlinkt.<\/strong><\/p>\n","protected":false},"featured_media":81484,"comment_status":"open","ping_status":"closed","template":"","meta":[],"product_brand":[],"product_cat":[15],"product_tag":[],"class_list":{"0":"post-88904","1":"product","2":"type-product","3":"status-publish","4":"has-post-thumbnail","6":"product_cat-uncategorized","8":"first","9":"instock","10":"downloadable","11":"virtual","12":"sold-individually","13":"purchasable","14":"product-type-simple"},"yoast_head":"<!-- This site is optimized with the Yoast SEO plugin v27.4 - https:\/\/yoast.com\/product\/yoast-seo-wordpress\/ -->\n<title>Adventskalender 2023 T\u00fcr 1 \ud83d\udd6f Schnittmuster-Paket Kleidung n\u00e4hen f\u00fcr Anf\u00e4nger I - ChezNU.TV<\/title>\n<meta name=\"robots\" content=\"index, follow, max-snippet:-1, max-image-preview:large, max-video-preview:-1\" \/>\n<link rel=\"canonical\" href=\"https:\/\/cheznu.tv\/familymanagement\/produkt\/ak-202301-anfaenger1\/\" \/>\n<meta property=\"og:locale\" content=\"de_DE\" \/>\n<meta property=\"og:type\" content=\"article\" \/>\n<meta property=\"og:title\" content=\"Adventskalender 2023 T\u00fcr 1 \ud83d\udd6f Schnittmuster-Paket Kleidung n\u00e4hen f\u00fcr Anf\u00e4nger I - ChezNU.TV\" \/>\n<meta property=\"og:description\" content=\"Freue Dich auf 8 vielseitige und einfach umzusetzende Schnittmuster, die nur am 1. Dezember exklusiv in unserem Shop erh\u00e4ltlich sind. Dieses Set ist perfekt f\u00fcr N\u00e4hanf\u00e4nger und erfahrene Hobbyn\u00e4herinnen.  Highlights des Pakets:   Shirt Wendy: Ein leicht tailliertes Shirt mit U-Boot-Ausschnitt und langen \u00c4rmeln, komplett ohne B\u00fcndchen \u2013 ideal f\u00fcr Anf\u00e4nger.  T-Shirt Selina: Ein feminines Shirt mit Wasserfallkragen und leichter Taillierung, besonders sch\u00f6n in flie\u00dfendem Jersey.  Hose Jana: Eine bequeme Lounge-Hose mit Gummizug und optionalen Taschen, ideal aus Musselin oder \u00e4hnlichen Webstoffen.  Shirt Emilia: Vielseitig anpassbar mit Optionen wie Stehkragen, Hoodie oder Rollkragen, f\u00fcr ein individuelles Design.  Shirt Claire: Ein T-Shirt mit asymmetrischem Halsausschnitt, erweiterbar zu 3\/4-\u00c4rmeln, f\u00fcr einen einzigartigen Look.  Kimono Katani: Ein einfaches Projekt, ideal f\u00fcr N\u00e4h-Einsteigerinnen, sogar aus Bettw\u00e4sche umsetzbar.  Cardigan Easy Peasy 2.0: Ein schicker Cardigan mit Schalkragen, einfach und perfekt f\u00fcr Anf\u00e4nger.  Morgenrock Ida: Einfach zu n\u00e4hen, sogar aus zwei Polarvide Decken von Ikea, mit Kapuze und Taschen.  Zu jedem Schnittmuster geh\u00f6rt eine Videoanleitung, die Dir Schritt f\u00fcr Schritt zeigt, wie Du Dein Projekt erfolgreich umsetzen kannst. Diese Anleitungen sind f\u00fcr N\u00e4heinsteiger und bieten hilfreiche Tipps und Tricks.  Starte am 1. Dezember in Dein n\u00e4chstes N\u00e4h-Abenteuer mit unserem Schnittmuster-Paket!   Die Videoanleitungen zu den einzelnen Schnittmustern sind weiter unten verlinkt.\" \/>\n<meta property=\"og:url\" content=\"https:\/\/cheznu.tv\/familymanagement\/produkt\/ak-202301-anfaenger1\/\" \/>\n<meta property=\"og:site_name\" content=\"ChezNU.TV\" \/>\n<meta property=\"article:publisher\" content=\"https:\/\/www.facebook.com\/cheznutv\/\" \/>\n<meta property=\"article:modified_time\" content=\"2023-12-19T13:43:05+00:00\" \/>\n<meta property=\"og:image\" content=\"https:\/\/cheznu.tv\/familymanagement\/wp-content\/uploads\/2020\/10\/3D-Stofmaske-naehen-Artikelbild.jpg\" \/>\n\t<meta property=\"og:image:width\" content=\"1200\" \/>\n\t<meta property=\"og:image:height\" content=\"630\" \/>\n\t<meta property=\"og:image:type\" content=\"image\/jpeg\" \/>\n<meta name=\"twitter:card\" content=\"summary_large_image\" \/>\n<meta name=\"twitter:image\" content=\"https:\/\/cheznu.tv\/familymanagement\/wp-content\/uploads\/2020\/08\/Stoffbinde-gratis-Schnittmuster-von-oben-offen-mit-Fluegel.jpg\" \/>\n<meta name=\"twitter:site\" content=\"@cheznu_family\" \/>\n<meta name=\"twitter:label1\" content=\"Gesch\u00e4tzte Lesezeit\" \/>\n\t<meta name=\"twitter:data1\" content=\"3\u00a0Minuten\" \/>\n<script type=\"application\/ld+json\" class=\"yoast-schema-graph\">{\"@context\":\"https:\\\/\\\/schema.org\",\"@graph\":[{\"@type\":\"WebPage\",\"@id\":\"https:\\\/\\\/cheznu.tv\\\/familymanagement\\\/produkt\\\/ak-202301-anfaenger1\\\/\",\"url\":\"https:\\\/\\\/cheznu.tv\\\/familymanagement\\\/produkt\\\/ak-202301-anfaenger1\\\/\",\"name\":\"Adventskalender 2023 T\u00fcr 1 \ud83d\udd6f Schnittmuster-Paket Kleidung n\u00e4hen f\u00fcr Anf\u00e4nger I - ChezNU.TV\",\"isPartOf\":{\"@id\":\"https:\\\/\\\/cheznu.tv\\\/familymanagement\\\/#website\"},\"primaryImageOfPage\":{\"@id\":\"https:\\\/\\\/cheznu.tv\\\/familymanagement\\\/produkt\\\/ak-202301-anfaenger1\\\/#primaryimage\"},\"image\":{\"@id\":\"https:\\\/\\\/cheznu.tv\\\/familymanagement\\\/produkt\\\/ak-202301-anfaenger1\\\/#primaryimage\"},\"thumbnailUrl\":\"https:\\\/\\\/cheznu.tv\\\/familymanagement\\\/wp-content\\\/uploads\\\/2023\\\/02\\\/Shirt-Wendy-Schnittmuster-Tragebild-Nicole-von-vorne-Fokus-auf-Kragen.jpg\",\"datePublished\":\"2023-11-30T17:20:40+00:00\",\"dateModified\":\"2023-12-19T13:43:05+00:00\",\"breadcrumb\":{\"@id\":\"https:\\\/\\\/cheznu.tv\\\/familymanagement\\\/produkt\\\/ak-202301-anfaenger1\\\/#breadcrumb\"},\"inLanguage\":\"de\",\"potentialAction\":[{\"@type\":\"ReadAction\",\"target\":[\"https:\\\/\\\/cheznu.tv\\\/familymanagement\\\/produkt\\\/ak-202301-anfaenger1\\\/\"]}]},{\"@type\":\"ImageObject\",\"inLanguage\":\"de\",\"@id\":\"https:\\\/\\\/cheznu.tv\\\/familymanagement\\\/produkt\\\/ak-202301-anfaenger1\\\/#primaryimage\",\"url\":\"https:\\\/\\\/cheznu.tv\\\/familymanagement\\\/wp-content\\\/uploads\\\/2023\\\/02\\\/Shirt-Wendy-Schnittmuster-Tragebild-Nicole-von-vorne-Fokus-auf-Kragen.jpg\",\"contentUrl\":\"https:\\\/\\\/cheznu.tv\\\/familymanagement\\\/wp-content\\\/uploads\\\/2023\\\/02\\\/Shirt-Wendy-Schnittmuster-Tragebild-Nicole-von-vorne-Fokus-auf-Kragen.jpg\",\"width\":1080,\"height\":1080,\"caption\":\"Shirt Wendy Schnittmuster Tragebild Nicole von vorne Fokus auf Kragen\"},{\"@type\":\"BreadcrumbList\",\"@id\":\"https:\\\/\\\/cheznu.tv\\\/familymanagement\\\/produkt\\\/ak-202301-anfaenger1\\\/#breadcrumb\",\"itemListElement\":[{\"@type\":\"ListItem\",\"position\":1,\"name\":\"Startseite\",\"item\":\"https:\\\/\\\/cheznu.tv\\\/familymanagement\\\/\"},{\"@type\":\"ListItem\",\"position\":2,\"name\":\"Shop\",\"item\":\"https:\\\/\\\/cheznu.tv\\\/familymanagement\\\/shop\\\/\"},{\"@type\":\"ListItem\",\"position\":3,\"name\":\"Adventskalender 2023 T\u00fcr 1 \ud83d\udd6f Schnittmuster-Paket Kleidung n\u00e4hen f\u00fcr Anf\u00e4nger I\"}]},{\"@type\":\"WebSite\",\"@id\":\"https:\\\/\\\/cheznu.tv\\\/familymanagement\\\/#website\",\"url\":\"https:\\\/\\\/cheznu.tv\\\/familymanagement\\\/\",\"name\":\"ChezNU.TV\",\"description\":\"N\u00e4hen | Basteln | Haushalt | Familie\",\"potentialAction\":[{\"@type\":\"SearchAction\",\"target\":{\"@type\":\"EntryPoint\",\"urlTemplate\":\"https:\\\/\\\/cheznu.tv\\\/familymanagement\\\/?s={search_term_string}\"},\"query-input\":{\"@type\":\"PropertyValueSpecification\",\"valueRequired\":true,\"valueName\":\"search_term_string\"}}],\"inLanguage\":\"de\"}]}<\/script>\n<!-- \/ Yoast SEO plugin. -->","yoast_head_json":{"title":"Adventskalender 2023 T\u00fcr 1 \ud83d\udd6f Schnittmuster-Paket Kleidung n\u00e4hen f\u00fcr Anf\u00e4nger I - ChezNU.TV","robots":{"index":"index","follow":"follow","max-snippet":"max-snippet:-1","max-image-preview":"max-image-preview:large","max-video-preview":"max-video-preview:-1"},"canonical":"https:\/\/cheznu.tv\/familymanagement\/produkt\/ak-202301-anfaenger1\/","og_locale":"de_DE","og_type":"article","og_title":"Adventskalender 2023 T\u00fcr 1 \ud83d\udd6f Schnittmuster-Paket Kleidung n\u00e4hen f\u00fcr Anf\u00e4nger I - ChezNU.TV","og_description":"Freue Dich auf 8 vielseitige und einfach umzusetzende Schnittmuster, die nur am 1. Dezember exklusiv in unserem Shop erh\u00e4ltlich sind. Dieses Set ist perfekt f\u00fcr N\u00e4hanf\u00e4nger und erfahrene Hobbyn\u00e4herinnen.  Highlights des Pakets:   Shirt Wendy: Ein leicht tailliertes Shirt mit U-Boot-Ausschnitt und langen \u00c4rmeln, komplett ohne B\u00fcndchen \u2013 ideal f\u00fcr Anf\u00e4nger.  T-Shirt Selina: Ein feminines Shirt mit Wasserfallkragen und leichter Taillierung, besonders sch\u00f6n in flie\u00dfendem Jersey.  Hose Jana: Eine bequeme Lounge-Hose mit Gummizug und optionalen Taschen, ideal aus Musselin oder \u00e4hnlichen Webstoffen.  Shirt Emilia: Vielseitig anpassbar mit Optionen wie Stehkragen, Hoodie oder Rollkragen, f\u00fcr ein individuelles Design.  Shirt Claire: Ein T-Shirt mit asymmetrischem Halsausschnitt, erweiterbar zu 3\/4-\u00c4rmeln, f\u00fcr einen einzigartigen Look.  Kimono Katani: Ein einfaches Projekt, ideal f\u00fcr N\u00e4h-Einsteigerinnen, sogar aus Bettw\u00e4sche umsetzbar.  Cardigan Easy Peasy 2.0: Ein schicker Cardigan mit Schalkragen, einfach und perfekt f\u00fcr Anf\u00e4nger.  Morgenrock Ida: Einfach zu n\u00e4hen, sogar aus zwei Polarvide Decken von Ikea, mit Kapuze und Taschen.  Zu jedem Schnittmuster geh\u00f6rt eine Videoanleitung, die Dir Schritt f\u00fcr Schritt zeigt, wie Du Dein Projekt erfolgreich umsetzen kannst. Diese Anleitungen sind f\u00fcr N\u00e4heinsteiger und bieten hilfreiche Tipps und Tricks.  Starte am 1. Dezember in Dein n\u00e4chstes N\u00e4h-Abenteuer mit unserem Schnittmuster-Paket!   Die Videoanleitungen zu den einzelnen Schnittmustern sind weiter unten verlinkt.","og_url":"https:\/\/cheznu.tv\/familymanagement\/produkt\/ak-202301-anfaenger1\/","og_site_name":"ChezNU.TV","article_publisher":"https:\/\/www.facebook.com\/cheznutv\/","article_modified_time":"2023-12-19T13:43:05+00:00","og_image":[{"width":1200,"height":630,"url":"https:\/\/cheznu.tv\/familymanagement\/wp-content\/uploads\/2020\/10\/3D-Stofmaske-naehen-Artikelbild.jpg","type":"image\/jpeg"}],"twitter_card":"summary_large_image","twitter_image":"https:\/\/cheznu.tv\/familymanagement\/wp-content\/uploads\/2020\/08\/Stoffbinde-gratis-Schnittmuster-von-oben-offen-mit-Fluegel.jpg","twitter_site":"@cheznu_family","twitter_misc":{"Gesch\u00e4tzte Lesezeit":"3\u00a0Minuten"},"schema":{"@context":"https:\/\/schema.org","@graph":[{"@type":"WebPage","@id":"https:\/\/cheznu.tv\/familymanagement\/produkt\/ak-202301-anfaenger1\/","url":"https:\/\/cheznu.tv\/familymanagement\/produkt\/ak-202301-anfaenger1\/","name":"Adventskalender 2023 T\u00fcr 1 \ud83d\udd6f Schnittmuster-Paket Kleidung n\u00e4hen f\u00fcr Anf\u00e4nger I - ChezNU.TV","isPartOf":{"@id":"https:\/\/cheznu.tv\/familymanagement\/#website"},"primaryImageOfPage":{"@id":"https:\/\/cheznu.tv\/familymanagement\/produkt\/ak-202301-anfaenger1\/#primaryimage"},"image":{"@id":"https:\/\/cheznu.tv\/familymanagement\/produkt\/ak-202301-anfaenger1\/#primaryimage"},"thumbnailUrl":"https:\/\/cheznu.tv\/familymanagement\/wp-content\/uploads\/2023\/02\/Shirt-Wendy-Schnittmuster-Tragebild-Nicole-von-vorne-Fokus-auf-Kragen.jpg","datePublished":"2023-11-30T17:20:40+00:00","dateModified":"2023-12-19T13:43:05+00:00","breadcrumb":{"@id":"https:\/\/cheznu.tv\/familymanagement\/produkt\/ak-202301-anfaenger1\/#breadcrumb"},"inLanguage":"de","potentialAction":[{"@type":"ReadAction","target":["https:\/\/cheznu.tv\/familymanagement\/produkt\/ak-202301-anfaenger1\/"]}]},{"@type":"ImageObject","inLanguage":"de","@id":"https:\/\/cheznu.tv\/familymanagement\/produkt\/ak-202301-anfaenger1\/#primaryimage","url":"https:\/\/cheznu.tv\/familymanagement\/wp-content\/uploads\/2023\/02\/Shirt-Wendy-Schnittmuster-Tragebild-Nicole-von-vorne-Fokus-auf-Kragen.jpg","contentUrl":"https:\/\/cheznu.tv\/familymanagement\/wp-content\/uploads\/2023\/02\/Shirt-Wendy-Schnittmuster-Tragebild-Nicole-von-vorne-Fokus-auf-Kragen.jpg","width":1080,"height":1080,"caption":"Shirt Wendy Schnittmuster Tragebild Nicole von vorne Fokus auf Kragen"},{"@type":"BreadcrumbList","@id":"https:\/\/cheznu.tv\/familymanagement\/produkt\/ak-202301-anfaenger1\/#breadcrumb","itemListElement":[{"@type":"ListItem","position":1,"name":"Startseite","item":"https:\/\/cheznu.tv\/familymanagement\/"},{"@type":"ListItem","position":2,"name":"Shop","item":"https:\/\/cheznu.tv\/familymanagement\/shop\/"},{"@type":"ListItem","position":3,"name":"Adventskalender 2023 T\u00fcr 1 \ud83d\udd6f Schnittmuster-Paket Kleidung n\u00e4hen f\u00fcr Anf\u00e4nger I"}]},{"@type":"WebSite","@id":"https:\/\/cheznu.tv\/familymanagement\/#website","url":"https:\/\/cheznu.tv\/familymanagement\/","name":"ChezNU.TV","description":"N\u00e4hen | Basteln | Haushalt | Familie","potentialAction":[{"@type":"SearchAction","target":{"@type":"EntryPoint","urlTemplate":"https:\/\/cheznu.tv\/familymanagement\/?s={search_term_string}"},"query-input":{"@type":"PropertyValueSpecification","valueRequired":true,"valueName":"search_term_string"}}],"inLanguage":"de"}]}},"_links":{"self":[{"href":"https:\/\/cheznu.tv\/familymanagement\/wp-json\/wp\/v2\/product\/88904","targetHints":{"allow":["GET"]}}],"collection":[{"href":"https:\/\/cheznu.tv\/familymanagement\/wp-json\/wp\/v2\/product"}],"about":[{"href":"https:\/\/cheznu.tv\/familymanagement\/wp-json\/wp\/v2\/types\/product"}],"replies":[{"embeddable":true,"href":"https:\/\/cheznu.tv\/familymanagement\/wp-json\/wp\/v2\/comments?post=88904"}],"wp:featuredmedia":[{"embeddable":true,"href":"https:\/\/cheznu.tv\/familymanagement\/wp-json\/wp\/v2\/media\/81484"}],"wp:attachment":[{"href":"https:\/\/cheznu.tv\/familymanagement\/wp-json\/wp\/v2\/media?parent=88904"}],"wp:term":[{"taxonomy":"product_brand","embeddable":true,"href":"https:\/\/cheznu.tv\/familymanagement\/wp-json\/wp\/v2\/product_brand?post=88904"},{"taxonomy":"product_cat","embeddable":true,"href":"https:\/\/cheznu.tv\/familymanagement\/wp-json\/wp\/v2\/product_cat?post=88904"},{"taxonomy":"product_tag","embeddable":true,"href":"https:\/\/cheznu.tv\/familymanagement\/wp-json\/wp\/v2\/product_tag?post=88904"}],"curies":[{"name":"wp","href":"https:\/\/api.w.org\/{rel}","templated":true}]}}