{"id":88231,"date":"2023-11-12T17:00:35","date_gmt":"2023-11-12T16:00:35","guid":{"rendered":"https:\/\/cheznu.tv\/familymanagement\/?post_type=product&#038;p=88231"},"modified":"2023-12-01T00:00:12","modified_gmt":"2023-11-30T23:00:12","slug":"weihnachtskarte-mit-christbaum-plotterdatei","status":"publish","type":"product","link":"https:\/\/cheznu.tv\/familymanagement\/produkt\/weihnachtskarte-mit-christbaum-plotterdatei\/","title":{"rendered":"Weihnachtskarte mit Christbaum\ud83c\udf84Plotterdatei\ud83c\udf84SVG, DFX, FCM und CWPRJ"},"content":{"rendered":"<p>Die Plotterdateien kommen als SVG, DFX, FCM und CWPRJ. SVG-Dateien k\u00f6nnen von Plottern verarbeitet werden. Wir arbeiten mit einem <a href=\"https:\/\/amzn.to\/2yL3Kha\">Brother ScanNCut CM 900<\/a>, wenn Du auch einen ScanNCut von Brother hast, dann kannst Du direkt die FCM bzw. CWPRJ-Dateien in Dein CanvasWorkspace laden und loslegen.<\/p>\n<p><a href='https:\/\/www.spoonflower.com\/profiles\/cheznu_tv' target='_blank' title='Spoonflower-Shop mit den ChezNU-Designs'>Unseren neuen Spoonflower-Shop mit Stoffen im ChezNU-Design findest Du hier.<\/a><\/p><p>Neben dem Schnittmuster \/ Schema \/ Anleitung \/ Plotterdatei erh\u00e4ltst Du als Teil der erworbenen Leistung (gilt auch f\u00fcr kostenlose Produkte) auch unseren kostenlosen Newsletter \u201eSchnittmuster-Alarm\u201c. Im Schnittmuster-Alarm informieren wir haupts\u00e4chlich, aber nicht ausschliesslich \u00fcber neue Schnittmuster, Anleitungen, DIY-Projekte, Angebote in unserem Shop, Angebote in anderen Shops, Materialbezugsquellen und allem was irgendwie mit N\u00e4hen, H\u00e4keln, Basteln, Stricken, Upcycling, Organisation und Familie zu tun hat.<\/p><p>Nach Deiner Bestellung erh\u00e4ltst Du die E-Mails automatisch. Du kannst sie allerdings jederzeit und ohne Angabe von Gr\u00fcnden \u00fcber den Link am Ende jeder E-Mail abbestellen.<br>\n\tDie Transparenzerkl\u00e4rung zu unserem Schnittmuster-Alarm findest Du <a title='Transparenzerkl\u00e4rung' href='https:\/\/cheznu.tv\/familymanagement\/transparenzerklaerung-zum-schnittmuster-alarm-newsletter\/' target='_blank'>hier<\/a><\/p>\n<p>Die Datei ist nur zur privaten Verwendung, keine kommerzielle Nutzung (u.a. also kein Verkauf in irgendeiner Form), keine Massenproduktion auch nicht f\u00fcr Wohlt\u00e4tige Zwecke. Die Weitergabe der Dateien an Dritte ist untersagt.<\/p>\n<p>Gerne darfst Du Deine Ergebnisse auf Deiner Homepage, Facebook, Instagram und anderen sozialen Medien teilen, vergiss nicht hierbei <strong>ChezNU.TV<\/strong> als Urheber zu nennen. \u00dcber einen Tag oder einen <em>#cheznutv<\/em> w\u00fcrden wir uns besonders freuen. Gerne darfst Du uns auch Bilder Deiner Ergebnisse per E-Mail an <a href=\"mailto:plotter@cheznu.tv\">plotter@cheznu.tv<\/a> zusenden. Wir ver\u00f6ffentlichen diese dann auf unserem Blog und den sozialen Medien. Je nach Wunsch mit oder ohne Nennung Deines Namens.<\/p>\n<p>Wenn Du Dir nicht sicher bist oder bei weiteren Fragen schreibe uns eine E-Mail an <a href=\"mailto:plotter@cheznu.tv\">plotter@cheznu.tv<\/a><\/p>\n","protected":false},"excerpt":{"rendered":"<p>Bastle einzigartige Weihnachtsgr\u00fcsse mit unserer vielseitigen Weihnachtskarten-Plotterdatei. Einfach zu nutzen und perfekt f\u00fcr jeden Plotter-Enthusiasten!<\/p>\n<p><strong>Merkmale:<\/strong><\/p>\n<ul>\n<li><strong>Flexibel anpassbar:<\/strong> Gestalte individuelle Karten mit variablen Designelementen.<\/li>\n<li><strong>Benutzerfreundlich:<\/strong> Eignet sich hervorragend f\u00fcr Anf\u00e4nger. Die Datei kommt in den g\u00e4ngigen Formaten (SVG, DFX, um.)<\/li>\n<li><strong>Upcycling-f\u00e4hig:<\/strong> Nutze einzigartige Materialien f\u00fcr besondere Akzente.<\/li>\n<li><strong>Vielseitig einsetzbar:<\/strong> Ideal f\u00fcr Weihnachtskarten, Men\u00fckarten oder als Dekoration.<\/li>\n<\/ul>\n<p><strong>Empfehlung:<\/strong> F\u00fcr beste Ergebnisse empfehlen wir 160g-Papier.<\/p>\n<p>Mit dieser Plotterdatei kannst Du Karten erstellen, die dem Empf\u00e4nger zeigen, wie besonders er oder sie f\u00fcr Dich ist \u2013 jede Karte wird zum <strong>einzigartigen Ausdruck Deiner Wertsch\u00e4tzung<\/strong>.<\/p>\n<p>Beginne jetzt mit dem Plotten und mache Deine Weihnachtskarten zu etwas ganz Pers\u00f6nlichem!<\/p>\n<p><a href=\"https:\/\/cheznu.tv\/familymanagement\/weihnachtskarte-mit-christbaum-anleitung\/\">Ein Video zum Drucken, Plotten und Kleben der der Karte findest Du hier.<\/a><\/p>\n","protected":false},"featured_media":88254,"comment_status":"open","ping_status":"closed","template":"","meta":[],"product_brand":[],"product_cat":[988,851],"product_tag":[841,2308,1920,3972,3687,3971,3688,990,3444,3970],"class_list":{"0":"post-88231","1":"product","2":"type-product","3":"status-publish","4":"has-post-thumbnail","6":"product_cat-plotterdatei","7":"product_cat-weihnachten","8":"product_tag-basteln","9":"product_tag-christbaum","10":"product_tag-einfach","11":"product_tag-individuell","12":"product_tag-papier","13":"product_tag-persoenlich","14":"product_tag-plotten-mit-papier-und-karton","15":"product_tag-plotterdatei","16":"product_tag-upcycling","17":"product_tag-weihnachtskarte","19":"first","20":"instock","21":"downloadable","22":"virtual","23":"purchasable","24":"product-type-simple"},"yoast_head":"<!-- This site is optimized with the Yoast SEO plugin v27.4 - https:\/\/yoast.com\/product\/yoast-seo-wordpress\/ -->\n<title>Plotterdatei : Weihnachtskarte \ud83c\udf84 Kreativ Gestalten mit SVG, ...<\/title>\n<meta name=\"description\" content=\"Individuelle Weihnachtskarten leicht gemacht mit unserer Plotterdatei. Ideal f\u00fcr kreative Gr\u00fcsse! \ud83c\udf84\u2702\ufe0f Ganz pers\u00f6nlich und mit Liebe \u2764\ufe0f\" \/>\n<meta name=\"robots\" content=\"index, follow, max-snippet:-1, max-image-preview:large, max-video-preview:-1\" \/>\n<link rel=\"canonical\" href=\"https:\/\/cheznu.tv\/familymanagement\/produkt\/weihnachtskarte-mit-christbaum-plotterdatei\/\" \/>\n<meta property=\"og:locale\" content=\"de_DE\" \/>\n<meta property=\"og:type\" content=\"article\" \/>\n<meta property=\"og:title\" content=\"Plotterdatei : Weihnachtskarte \ud83c\udf84 Kreativ Gestalten mit SVG, ...\" \/>\n<meta property=\"og:description\" content=\"Individuelle Weihnachtskarten leicht gemacht mit unserer Plotterdatei. Ideal f\u00fcr kreative Gr\u00fcsse! \ud83c\udf84\u2702\ufe0f Ganz pers\u00f6nlich und mit Liebe \u2764\ufe0f\" \/>\n<meta property=\"og:url\" content=\"https:\/\/cheznu.tv\/familymanagement\/produkt\/weihnachtskarte-mit-christbaum-plotterdatei\/\" \/>\n<meta property=\"og:site_name\" content=\"ChezNU.TV\" \/>\n<meta property=\"article:publisher\" content=\"https:\/\/www.facebook.com\/cheznutv\/\" \/>\n<meta property=\"article:modified_time\" content=\"2023-11-30T23:00:12+00:00\" \/>\n<meta property=\"og:image\" content=\"https:\/\/cheznu.tv\/familymanagement\/wp-content\/uploads\/2023\/11\/Weihnachtskarte-basteln-mit-dem-Plotter-beide-Karten.jpg\" \/>\n\t<meta property=\"og:image:width\" content=\"1080\" \/>\n\t<meta property=\"og:image:height\" content=\"1080\" \/>\n\t<meta property=\"og:image:type\" content=\"image\/jpeg\" \/>\n<meta name=\"twitter:card\" content=\"summary_large_image\" \/>\n<meta name=\"twitter:site\" content=\"@cheznu_family\" \/>\n<meta name=\"twitter:label1\" content=\"Gesch\u00e4tzte Lesezeit\" \/>\n\t<meta name=\"twitter:data1\" content=\"1\u00a0Minute\" \/>\n<script type=\"application\/ld+json\" class=\"yoast-schema-graph\">{\"@context\":\"https:\\\/\\\/schema.org\",\"@graph\":[{\"@type\":\"WebPage\",\"@id\":\"https:\\\/\\\/cheznu.tv\\\/familymanagement\\\/produkt\\\/weihnachtskarte-mit-christbaum-plotterdatei\\\/\",\"url\":\"https:\\\/\\\/cheznu.tv\\\/familymanagement\\\/produkt\\\/weihnachtskarte-mit-christbaum-plotterdatei\\\/\",\"name\":\"Plotterdatei : Weihnachtskarte \ud83c\udf84 Kreativ Gestalten mit SVG, ...\",\"isPartOf\":{\"@id\":\"https:\\\/\\\/cheznu.tv\\\/familymanagement\\\/#website\"},\"primaryImageOfPage\":{\"@id\":\"https:\\\/\\\/cheznu.tv\\\/familymanagement\\\/produkt\\\/weihnachtskarte-mit-christbaum-plotterdatei\\\/#primaryimage\"},\"image\":{\"@id\":\"https:\\\/\\\/cheznu.tv\\\/familymanagement\\\/produkt\\\/weihnachtskarte-mit-christbaum-plotterdatei\\\/#primaryimage\"},\"thumbnailUrl\":\"https:\\\/\\\/cheznu.tv\\\/familymanagement\\\/wp-content\\\/uploads\\\/2023\\\/11\\\/Weihnachtskarte-basteln-mit-dem-Plotter-beide-Karten.jpg\",\"datePublished\":\"2023-11-12T16:00:35+00:00\",\"dateModified\":\"2023-11-30T23:00:12+00:00\",\"description\":\"Individuelle Weihnachtskarten leicht gemacht mit unserer Plotterdatei. Ideal f\u00fcr kreative Gr\u00fcsse! \ud83c\udf84\u2702\ufe0f Ganz pers\u00f6nlich und mit Liebe \u2764\ufe0f\",\"breadcrumb\":{\"@id\":\"https:\\\/\\\/cheznu.tv\\\/familymanagement\\\/produkt\\\/weihnachtskarte-mit-christbaum-plotterdatei\\\/#breadcrumb\"},\"inLanguage\":\"de\",\"potentialAction\":[{\"@type\":\"ReadAction\",\"target\":[\"https:\\\/\\\/cheznu.tv\\\/familymanagement\\\/produkt\\\/weihnachtskarte-mit-christbaum-plotterdatei\\\/\"]}]},{\"@type\":\"ImageObject\",\"inLanguage\":\"de\",\"@id\":\"https:\\\/\\\/cheznu.tv\\\/familymanagement\\\/produkt\\\/weihnachtskarte-mit-christbaum-plotterdatei\\\/#primaryimage\",\"url\":\"https:\\\/\\\/cheznu.tv\\\/familymanagement\\\/wp-content\\\/uploads\\\/2023\\\/11\\\/Weihnachtskarte-basteln-mit-dem-Plotter-beide-Karten.jpg\",\"contentUrl\":\"https:\\\/\\\/cheznu.tv\\\/familymanagement\\\/wp-content\\\/uploads\\\/2023\\\/11\\\/Weihnachtskarte-basteln-mit-dem-Plotter-beide-Karten.jpg\",\"width\":1080,\"height\":1080,\"caption\":\"Weihnachtskarte basteln mit dem Plotter - beide Karten\"},{\"@type\":\"BreadcrumbList\",\"@id\":\"https:\\\/\\\/cheznu.tv\\\/familymanagement\\\/produkt\\\/weihnachtskarte-mit-christbaum-plotterdatei\\\/#breadcrumb\",\"itemListElement\":[{\"@type\":\"ListItem\",\"position\":1,\"name\":\"Startseite\",\"item\":\"https:\\\/\\\/cheznu.tv\\\/familymanagement\\\/\"},{\"@type\":\"ListItem\",\"position\":2,\"name\":\"Shop\",\"item\":\"https:\\\/\\\/cheznu.tv\\\/familymanagement\\\/shop\\\/\"},{\"@type\":\"ListItem\",\"position\":3,\"name\":\"Weihnachtskarte mit Christbaum\ud83c\udf84Plotterdatei\ud83c\udf84SVG, DFX, FCM und CWPRJ\"}]},{\"@type\":\"WebSite\",\"@id\":\"https:\\\/\\\/cheznu.tv\\\/familymanagement\\\/#website\",\"url\":\"https:\\\/\\\/cheznu.tv\\\/familymanagement\\\/\",\"name\":\"ChezNU.TV\",\"description\":\"N\u00e4hen | Basteln | Haushalt | Familie\",\"potentialAction\":[{\"@type\":\"SearchAction\",\"target\":{\"@type\":\"EntryPoint\",\"urlTemplate\":\"https:\\\/\\\/cheznu.tv\\\/familymanagement\\\/?s={search_term_string}\"},\"query-input\":{\"@type\":\"PropertyValueSpecification\",\"valueRequired\":true,\"valueName\":\"search_term_string\"}}],\"inLanguage\":\"de\"}]}<\/script>\n<!-- \/ Yoast SEO plugin. -->","yoast_head_json":{"title":"Plotterdatei : Weihnachtskarte \ud83c\udf84 Kreativ Gestalten mit SVG, ...","description":"Individuelle Weihnachtskarten leicht gemacht mit unserer Plotterdatei. Ideal f\u00fcr kreative Gr\u00fcsse! \ud83c\udf84\u2702\ufe0f Ganz pers\u00f6nlich und mit Liebe \u2764\ufe0f","robots":{"index":"index","follow":"follow","max-snippet":"max-snippet:-1","max-image-preview":"max-image-preview:large","max-video-preview":"max-video-preview:-1"},"canonical":"https:\/\/cheznu.tv\/familymanagement\/produkt\/weihnachtskarte-mit-christbaum-plotterdatei\/","og_locale":"de_DE","og_type":"article","og_title":"Plotterdatei : Weihnachtskarte \ud83c\udf84 Kreativ Gestalten mit SVG, ...","og_description":"Individuelle Weihnachtskarten leicht gemacht mit unserer Plotterdatei. Ideal f\u00fcr kreative Gr\u00fcsse! \ud83c\udf84\u2702\ufe0f Ganz pers\u00f6nlich und mit Liebe \u2764\ufe0f","og_url":"https:\/\/cheznu.tv\/familymanagement\/produkt\/weihnachtskarte-mit-christbaum-plotterdatei\/","og_site_name":"ChezNU.TV","article_publisher":"https:\/\/www.facebook.com\/cheznutv\/","article_modified_time":"2023-11-30T23:00:12+00:00","og_image":[{"width":1080,"height":1080,"url":"https:\/\/cheznu.tv\/familymanagement\/wp-content\/uploads\/2023\/11\/Weihnachtskarte-basteln-mit-dem-Plotter-beide-Karten.jpg","type":"image\/jpeg"}],"twitter_card":"summary_large_image","twitter_site":"@cheznu_family","twitter_misc":{"Gesch\u00e4tzte Lesezeit":"1\u00a0Minute"},"schema":{"@context":"https:\/\/schema.org","@graph":[{"@type":"WebPage","@id":"https:\/\/cheznu.tv\/familymanagement\/produkt\/weihnachtskarte-mit-christbaum-plotterdatei\/","url":"https:\/\/cheznu.tv\/familymanagement\/produkt\/weihnachtskarte-mit-christbaum-plotterdatei\/","name":"Plotterdatei : Weihnachtskarte \ud83c\udf84 Kreativ Gestalten mit SVG, ...","isPartOf":{"@id":"https:\/\/cheznu.tv\/familymanagement\/#website"},"primaryImageOfPage":{"@id":"https:\/\/cheznu.tv\/familymanagement\/produkt\/weihnachtskarte-mit-christbaum-plotterdatei\/#primaryimage"},"image":{"@id":"https:\/\/cheznu.tv\/familymanagement\/produkt\/weihnachtskarte-mit-christbaum-plotterdatei\/#primaryimage"},"thumbnailUrl":"https:\/\/cheznu.tv\/familymanagement\/wp-content\/uploads\/2023\/11\/Weihnachtskarte-basteln-mit-dem-Plotter-beide-Karten.jpg","datePublished":"2023-11-12T16:00:35+00:00","dateModified":"2023-11-30T23:00:12+00:00","description":"Individuelle Weihnachtskarten leicht gemacht mit unserer Plotterdatei. Ideal f\u00fcr kreative Gr\u00fcsse! \ud83c\udf84\u2702\ufe0f Ganz pers\u00f6nlich und mit Liebe \u2764\ufe0f","breadcrumb":{"@id":"https:\/\/cheznu.tv\/familymanagement\/produkt\/weihnachtskarte-mit-christbaum-plotterdatei\/#breadcrumb"},"inLanguage":"de","potentialAction":[{"@type":"ReadAction","target":["https:\/\/cheznu.tv\/familymanagement\/produkt\/weihnachtskarte-mit-christbaum-plotterdatei\/"]}]},{"@type":"ImageObject","inLanguage":"de","@id":"https:\/\/cheznu.tv\/familymanagement\/produkt\/weihnachtskarte-mit-christbaum-plotterdatei\/#primaryimage","url":"https:\/\/cheznu.tv\/familymanagement\/wp-content\/uploads\/2023\/11\/Weihnachtskarte-basteln-mit-dem-Plotter-beide-Karten.jpg","contentUrl":"https:\/\/cheznu.tv\/familymanagement\/wp-content\/uploads\/2023\/11\/Weihnachtskarte-basteln-mit-dem-Plotter-beide-Karten.jpg","width":1080,"height":1080,"caption":"Weihnachtskarte basteln mit dem Plotter - beide Karten"},{"@type":"BreadcrumbList","@id":"https:\/\/cheznu.tv\/familymanagement\/produkt\/weihnachtskarte-mit-christbaum-plotterdatei\/#breadcrumb","itemListElement":[{"@type":"ListItem","position":1,"name":"Startseite","item":"https:\/\/cheznu.tv\/familymanagement\/"},{"@type":"ListItem","position":2,"name":"Shop","item":"https:\/\/cheznu.tv\/familymanagement\/shop\/"},{"@type":"ListItem","position":3,"name":"Weihnachtskarte mit Christbaum\ud83c\udf84Plotterdatei\ud83c\udf84SVG, DFX, FCM und CWPRJ"}]},{"@type":"WebSite","@id":"https:\/\/cheznu.tv\/familymanagement\/#website","url":"https:\/\/cheznu.tv\/familymanagement\/","name":"ChezNU.TV","description":"N\u00e4hen | Basteln | Haushalt | Familie","potentialAction":[{"@type":"SearchAction","target":{"@type":"EntryPoint","urlTemplate":"https:\/\/cheznu.tv\/familymanagement\/?s={search_term_string}"},"query-input":{"@type":"PropertyValueSpecification","valueRequired":true,"valueName":"search_term_string"}}],"inLanguage":"de"}]}},"_links":{"self":[{"href":"https:\/\/cheznu.tv\/familymanagement\/wp-json\/wp\/v2\/product\/88231","targetHints":{"allow":["GET"]}}],"collection":[{"href":"https:\/\/cheznu.tv\/familymanagement\/wp-json\/wp\/v2\/product"}],"about":[{"href":"https:\/\/cheznu.tv\/familymanagement\/wp-json\/wp\/v2\/types\/product"}],"replies":[{"embeddable":true,"href":"https:\/\/cheznu.tv\/familymanagement\/wp-json\/wp\/v2\/comments?post=88231"}],"wp:featuredmedia":[{"embeddable":true,"href":"https:\/\/cheznu.tv\/familymanagement\/wp-json\/wp\/v2\/media\/88254"}],"wp:attachment":[{"href":"https:\/\/cheznu.tv\/familymanagement\/wp-json\/wp\/v2\/media?parent=88231"}],"wp:term":[{"taxonomy":"product_brand","embeddable":true,"href":"https:\/\/cheznu.tv\/familymanagement\/wp-json\/wp\/v2\/product_brand?post=88231"},{"taxonomy":"product_cat","embeddable":true,"href":"https:\/\/cheznu.tv\/familymanagement\/wp-json\/wp\/v2\/product_cat?post=88231"},{"taxonomy":"product_tag","embeddable":true,"href":"https:\/\/cheznu.tv\/familymanagement\/wp-json\/wp\/v2\/product_tag?post=88231"}],"curies":[{"name":"wp","href":"https:\/\/api.w.org\/{rel}","templated":true}]}}