{"id":86898,"date":"2023-10-01T13:00:16","date_gmt":"2023-10-01T11:00:16","guid":{"rendered":"https:\/\/cheznu.tv\/familymanagement\/?post_type=product&#038;p=86898"},"modified":"2024-10-02T00:00:00","modified_gmt":"2024-10-01T22:00:00","slug":"jacke-nevis-schnittmuster","status":"publish","type":"product","link":"https:\/\/cheznu.tv\/familymanagement\/produkt\/jacke-nevis-schnittmuster\/","title":{"rendered":"Jacke Nevis \u2702\ufe0f Gr\u00f6sse 36-52 \u2702\ufe0f Schnittmuster zum Herunterladen und Ausdrucken"},"content":{"rendered":"<p>Die Anleitung mit Video f\u00fcr Jacke Nevis findest Du hier:<\/p>\n<p><a href=\"https:\/\/cheznu.tv\/familymanagement\/jacke-nevis-anleitung\/\">Jacke N\u00e4vis mit Reissverschluss, Kapuze und Tr\u00e4gern n\u00e4hen \ud83c\udf26\ufe0f\u2614 Jacke f\u00fcr jedes Wetter \u2600\ufe0f\ud83c\udf24\ufe0f Jacke Nevis<\/a><\/p>\n<p><a href='https:\/\/www.spoonflower.com\/profiles\/cheznu_tv' target='_blank' title='Spoonflower-Shop mit den ChezNU-Designs'>Unseren neuen Spoonflower-Shop mit Stoffen im ChezNU-Design findest Du hier.<\/a><\/p><p>Neben dem Schnittmuster \/ Schema \/ Anleitung \/ Plotterdatei erh\u00e4ltst Du als Teil der erworbenen Leistung (gilt auch f\u00fcr kostenlose Produkte) auch unseren kostenlosen Newsletter \u201eSchnittmuster-Alarm\u201c. Im Schnittmuster-Alarm informieren wir haupts\u00e4chlich, aber nicht ausschliesslich \u00fcber neue Schnittmuster, Anleitungen, DIY-Projekte, Angebote in unserem Shop, Angebote in anderen Shops, Materialbezugsquellen und allem was irgendwie mit N\u00e4hen, H\u00e4keln, Basteln, Stricken, Upcycling, Organisation und Familie zu tun hat.<\/p><p>Nach Deiner Bestellung erh\u00e4ltst Du die E-Mails automatisch. Du kannst sie allerdings jederzeit und ohne Angabe von Gr\u00fcnden \u00fcber den Link am Ende jeder E-Mail abbestellen.<br>\n\tDie Transparenzerkl\u00e4rung zu unserem Schnittmuster-Alarm findest Du <a title='Transparenzerkl\u00e4rung' href='https:\/\/cheznu.tv\/familymanagement\/transparenzerklaerung-zum-schnittmuster-alarm-newsletter\/' target='_blank'>hier<\/a><\/p>\n<p><strong>Zum Schnittmuster<\/strong><\/p>\n<p>Das Schnittmuster kommt als PDF, wenn es sich um mehrere PDFs handelt packen wir diese in eine ZIP-Datei. Diese muss erst abgespeichert und entpackt werden, bevor man sie auf A4-Papier (Standard) ausdrucken und dann zusammenkleben kann.<br \/>\nFalls Du das noch nie gemacht hast findest Du eine Anleitung in unseren <a href=\"https:\/\/cheznu.tv\/familymanagement\/faq\/\">FAQs<\/a>.<\/p>\n<p>So entf\u00e4llt das l\u00e4stige Schnittmuster kopieren mit teurem Seidenpapier. Das Schnittmuster kann nach dem Zusammenkleben direkt ausgeschnitten werden.<\/p>\n<p>Bitte beachte, die richtigen Druckoptionen einzustellen. Das funktioniert genauso, wie bei Burda.<br \/>\n<a href=\"http:\/\/cheznu.tv\/familymanagement\/burda-schnittmuster-ausdrucken\/\">Burda Schnittmuster Ausdrucken.<\/a><\/p>\n<p>Wie das mit dem Zusammenkleben funktioniert haben wir hier kurz erkl\u00e4rt.<br \/>\n<a href=\"http:\/\/cheznu.tv\/familymanagement\/so-gehts\/\">So geht\u00b4s<\/a>.<\/p>\n<p><a href=\"https:\/\/cheznu.tv\/familymanagement\/wp-content\/uploads\/2021\/09\/ChezNU-Groessentabelle_fuer_Damen_2021.pdf\">Die Gr\u00f6ssentabelle mit den Massen f\u00fcr Damen findest Du hier.<\/a><\/p>\n<p>Dieser Schnitt darf zu privaten Zwecken und zur Fertigung von Einzelst\u00fccken\/Kleinserien (bis 5 Modelle) unter Nennung der Herkunft verwendet werden (ChezNU.TV). Massenproduktion der fertigen Ware sowie Kopieren, Weitergabe, Abdruck oder Ver\u00f6ffentlichung (auch teilweise) des Schnittmusters bedarf der schriftlichen Genehmigung. Wenn Du Dir nicht sicher bist, schreibe uns einfach kurz eine <a href=\"mailto:nu@cheznu.tv\">E-Mail.<\/a><\/p>\n<p><img decoding=\"async\" src=\"https:\/\/klick.cheznu.tv\/pix\/1s8wz4na2zfz75e5\" width=\"1\" height=\"1\" \/><\/p>\n","protected":false},"excerpt":{"rendered":"<p>Unentschieden beim Wetter? \u2600\ufe0f\u2614<br \/>\nKein Problem mit der <strong>Jacke Nevis<\/strong>!<br \/>\nMit diesem <strong>Schnittmuster<\/strong> erh\u00e4ltst Du eine Jacke, die nicht nur <strong>gut aussieht<\/strong>, sondern auch <strong>super praktisch<\/strong> ist.<\/p>\n<p><strong>Highlights:<\/strong><\/p>\n<ul>\n<li>Tragegurte zum Umh\u00e4ngen wie einen Rucksack \ud83c\udf92<\/li>\n<li>Seitentaschen f\u00fcr Deine Essentials \ud83d\udcf1<\/li>\n<li>Kapuze mit Hoodieband \ud83c\udf27\ufe0f<\/li>\n<\/ul>\n<p>Ein Muss f\u00fcr alle, die sich nicht zwischen <strong>Komfort<\/strong> und <strong>Stil<\/strong> entscheiden wollen. \ud83c\udf1f\u2702\ufe0f<\/p>\n<p>Die <strong>Videoanleitungen zur Jacke Nevis <\/strong>findest Du weiter unten verlinkt. Beim Schnittmuster ist ein ausf\u00fchrliche E-Book dabei mit vielen Bildern.<\/p>\n<p>Solltest Du dar\u00fcber hinaus noch fragen zum Schnittmuster haben, schreib uns gerne an: <a href=\"mailto:schnittmuster@cheznu.tv\">schnittmuster@cheznu.tv<\/a><\/p>\n","protected":false},"featured_media":86911,"comment_status":"open","ping_status":"closed","template":"","meta":[],"product_brand":[],"product_cat":[3655,822,810,811],"product_tag":[865,3639,3642,3640,3915,3916,1239],"class_list":{"0":"post-86898","1":"product","2":"type-product","3":"status-publish","4":"has-post-thumbnail","6":"product_cat-jacke","7":"product_cat-kleidung","8":"product_cat-naehen","9":"product_cat-schnittmuster","10":"product_tag-jacke","11":"product_tag-kapuzenjacke","12":"product_tag-mit-taschen","13":"product_tag-reissverschluss","14":"product_tag-rucksackjacke","15":"product_tag-softschell","16":"product_tag-softshell-naehen","18":"first","19":"instock","20":"downloadable","21":"virtual","22":"sold-individually","23":"purchasable","24":"product-type-simple"},"yoast_head":"<!-- This site is optimized with the Yoast SEO plugin v27.4 - https:\/\/yoast.com\/product\/yoast-seo-wordpress\/ -->\n<title>Schnittmuster: Jacke mit Reissverschluss, Kapuze und Tr\u00e4gern \u2600\ufe0f\u2614<\/title>\n<meta name=\"description\" content=\"Entdecke das Schnittmuster der Jacke Nevis. Vielseitig und stilvoll mit Kapuze, Taschen und Tragegurten. Perfekt f\u00fcr jede Jahreszeit! \ud83c\udf26\ufe0f\u2702\ufe0f Herunterlden!\" \/>\n<meta name=\"robots\" content=\"index, follow, max-snippet:-1, max-image-preview:large, max-video-preview:-1\" \/>\n<link rel=\"canonical\" href=\"https:\/\/cheznu.tv\/familymanagement\/produkt\/jacke-nevis-schnittmuster\/\" \/>\n<meta property=\"og:locale\" content=\"de_DE\" \/>\n<meta property=\"og:type\" content=\"article\" \/>\n<meta property=\"og:title\" content=\"Schnittmuster: Jacke mit Reissverschluss, Kapuze und Tr\u00e4gern \u2600\ufe0f\u2614\" \/>\n<meta property=\"og:description\" content=\"Entdecke das Schnittmuster der Jacke Nevis. Vielseitig und stilvoll mit Kapuze, Taschen und Tragegurten. Perfekt f\u00fcr jede Jahreszeit! \ud83c\udf26\ufe0f\u2702\ufe0f Herunterlden!\" \/>\n<meta property=\"og:url\" content=\"https:\/\/cheznu.tv\/familymanagement\/produkt\/jacke-nevis-schnittmuster\/\" \/>\n<meta property=\"og:site_name\" content=\"ChezNU.TV\" \/>\n<meta property=\"article:publisher\" content=\"https:\/\/www.facebook.com\/cheznutv\/\" \/>\n<meta property=\"article:modified_time\" content=\"2024-10-01T22:00:00+00:00\" \/>\n<meta property=\"og:image\" content=\"https:\/\/cheznu.tv\/familymanagement\/wp-content\/uploads\/2023\/09\/Jacke-Nevis-beide-Tragearten-von-der-Seite.jpg\" \/>\n\t<meta property=\"og:image:width\" content=\"1080\" \/>\n\t<meta property=\"og:image:height\" content=\"1080\" \/>\n\t<meta property=\"og:image:type\" content=\"image\/jpeg\" \/>\n<meta name=\"twitter:card\" content=\"summary_large_image\" \/>\n<meta name=\"twitter:site\" content=\"@cheznu_family\" \/>\n<meta name=\"twitter:label1\" content=\"Gesch\u00e4tzte Lesezeit\" \/>\n\t<meta name=\"twitter:data1\" content=\"3\u00a0Minuten\" \/>\n<script type=\"application\/ld+json\" class=\"yoast-schema-graph\">{\"@context\":\"https:\\\/\\\/schema.org\",\"@graph\":[{\"@type\":\"WebPage\",\"@id\":\"https:\\\/\\\/cheznu.tv\\\/familymanagement\\\/produkt\\\/jacke-nevis-schnittmuster\\\/\",\"url\":\"https:\\\/\\\/cheznu.tv\\\/familymanagement\\\/produkt\\\/jacke-nevis-schnittmuster\\\/\",\"name\":\"Schnittmuster: Jacke mit Reissverschluss, Kapuze und Tr\u00e4gern \u2600\ufe0f\u2614\",\"isPartOf\":{\"@id\":\"https:\\\/\\\/cheznu.tv\\\/familymanagement\\\/#website\"},\"primaryImageOfPage\":{\"@id\":\"https:\\\/\\\/cheznu.tv\\\/familymanagement\\\/produkt\\\/jacke-nevis-schnittmuster\\\/#primaryimage\"},\"image\":{\"@id\":\"https:\\\/\\\/cheznu.tv\\\/familymanagement\\\/produkt\\\/jacke-nevis-schnittmuster\\\/#primaryimage\"},\"thumbnailUrl\":\"https:\\\/\\\/cheznu.tv\\\/familymanagement\\\/wp-content\\\/uploads\\\/2023\\\/09\\\/Jacke-Nevis-beide-Tragearten-von-der-Seite.jpg\",\"datePublished\":\"2023-10-01T11:00:16+00:00\",\"dateModified\":\"2024-10-01T22:00:00+00:00\",\"description\":\"Entdecke das Schnittmuster der Jacke Nevis. Vielseitig und stilvoll mit Kapuze, Taschen und Tragegurten. Perfekt f\u00fcr jede Jahreszeit! \ud83c\udf26\ufe0f\u2702\ufe0f Herunterlden!\",\"breadcrumb\":{\"@id\":\"https:\\\/\\\/cheznu.tv\\\/familymanagement\\\/produkt\\\/jacke-nevis-schnittmuster\\\/#breadcrumb\"},\"inLanguage\":\"de\",\"potentialAction\":[{\"@type\":\"ReadAction\",\"target\":[\"https:\\\/\\\/cheznu.tv\\\/familymanagement\\\/produkt\\\/jacke-nevis-schnittmuster\\\/\"]}]},{\"@type\":\"ImageObject\",\"inLanguage\":\"de\",\"@id\":\"https:\\\/\\\/cheznu.tv\\\/familymanagement\\\/produkt\\\/jacke-nevis-schnittmuster\\\/#primaryimage\",\"url\":\"https:\\\/\\\/cheznu.tv\\\/familymanagement\\\/wp-content\\\/uploads\\\/2023\\\/09\\\/Jacke-Nevis-beide-Tragearten-von-der-Seite.jpg\",\"contentUrl\":\"https:\\\/\\\/cheznu.tv\\\/familymanagement\\\/wp-content\\\/uploads\\\/2023\\\/09\\\/Jacke-Nevis-beide-Tragearten-von-der-Seite.jpg\",\"width\":1080,\"height\":1080,\"caption\":\"Jacke Nevis - beide Tragearten von der Seite\"},{\"@type\":\"BreadcrumbList\",\"@id\":\"https:\\\/\\\/cheznu.tv\\\/familymanagement\\\/produkt\\\/jacke-nevis-schnittmuster\\\/#breadcrumb\",\"itemListElement\":[{\"@type\":\"ListItem\",\"position\":1,\"name\":\"Startseite\",\"item\":\"https:\\\/\\\/cheznu.tv\\\/familymanagement\\\/\"},{\"@type\":\"ListItem\",\"position\":2,\"name\":\"Shop\",\"item\":\"https:\\\/\\\/cheznu.tv\\\/familymanagement\\\/shop\\\/\"},{\"@type\":\"ListItem\",\"position\":3,\"name\":\"Jacke Nevis \u2702\ufe0f Gr\u00f6sse 36-52 \u2702\ufe0f Schnittmuster zum Herunterladen und Ausdrucken\"}]},{\"@type\":\"WebSite\",\"@id\":\"https:\\\/\\\/cheznu.tv\\\/familymanagement\\\/#website\",\"url\":\"https:\\\/\\\/cheznu.tv\\\/familymanagement\\\/\",\"name\":\"ChezNU.TV\",\"description\":\"N\u00e4hen | Basteln | Haushalt | Familie\",\"potentialAction\":[{\"@type\":\"SearchAction\",\"target\":{\"@type\":\"EntryPoint\",\"urlTemplate\":\"https:\\\/\\\/cheznu.tv\\\/familymanagement\\\/?s={search_term_string}\"},\"query-input\":{\"@type\":\"PropertyValueSpecification\",\"valueRequired\":true,\"valueName\":\"search_term_string\"}}],\"inLanguage\":\"de\"}]}<\/script>\n<!-- \/ Yoast SEO plugin. -->","yoast_head_json":{"title":"Schnittmuster: Jacke mit Reissverschluss, Kapuze und Tr\u00e4gern \u2600\ufe0f\u2614","description":"Entdecke das Schnittmuster der Jacke Nevis. Vielseitig und stilvoll mit Kapuze, Taschen und Tragegurten. Perfekt f\u00fcr jede Jahreszeit! \ud83c\udf26\ufe0f\u2702\ufe0f Herunterlden!","robots":{"index":"index","follow":"follow","max-snippet":"max-snippet:-1","max-image-preview":"max-image-preview:large","max-video-preview":"max-video-preview:-1"},"canonical":"https:\/\/cheznu.tv\/familymanagement\/produkt\/jacke-nevis-schnittmuster\/","og_locale":"de_DE","og_type":"article","og_title":"Schnittmuster: Jacke mit Reissverschluss, Kapuze und Tr\u00e4gern \u2600\ufe0f\u2614","og_description":"Entdecke das Schnittmuster der Jacke Nevis. Vielseitig und stilvoll mit Kapuze, Taschen und Tragegurten. Perfekt f\u00fcr jede Jahreszeit! \ud83c\udf26\ufe0f\u2702\ufe0f Herunterlden!","og_url":"https:\/\/cheznu.tv\/familymanagement\/produkt\/jacke-nevis-schnittmuster\/","og_site_name":"ChezNU.TV","article_publisher":"https:\/\/www.facebook.com\/cheznutv\/","article_modified_time":"2024-10-01T22:00:00+00:00","og_image":[{"width":1080,"height":1080,"url":"https:\/\/cheznu.tv\/familymanagement\/wp-content\/uploads\/2023\/09\/Jacke-Nevis-beide-Tragearten-von-der-Seite.jpg","type":"image\/jpeg"}],"twitter_card":"summary_large_image","twitter_site":"@cheznu_family","twitter_misc":{"Gesch\u00e4tzte Lesezeit":"3\u00a0Minuten"},"schema":{"@context":"https:\/\/schema.org","@graph":[{"@type":"WebPage","@id":"https:\/\/cheznu.tv\/familymanagement\/produkt\/jacke-nevis-schnittmuster\/","url":"https:\/\/cheznu.tv\/familymanagement\/produkt\/jacke-nevis-schnittmuster\/","name":"Schnittmuster: Jacke mit Reissverschluss, Kapuze und Tr\u00e4gern \u2600\ufe0f\u2614","isPartOf":{"@id":"https:\/\/cheznu.tv\/familymanagement\/#website"},"primaryImageOfPage":{"@id":"https:\/\/cheznu.tv\/familymanagement\/produkt\/jacke-nevis-schnittmuster\/#primaryimage"},"image":{"@id":"https:\/\/cheznu.tv\/familymanagement\/produkt\/jacke-nevis-schnittmuster\/#primaryimage"},"thumbnailUrl":"https:\/\/cheznu.tv\/familymanagement\/wp-content\/uploads\/2023\/09\/Jacke-Nevis-beide-Tragearten-von-der-Seite.jpg","datePublished":"2023-10-01T11:00:16+00:00","dateModified":"2024-10-01T22:00:00+00:00","description":"Entdecke das Schnittmuster der Jacke Nevis. Vielseitig und stilvoll mit Kapuze, Taschen und Tragegurten. Perfekt f\u00fcr jede Jahreszeit! \ud83c\udf26\ufe0f\u2702\ufe0f Herunterlden!","breadcrumb":{"@id":"https:\/\/cheznu.tv\/familymanagement\/produkt\/jacke-nevis-schnittmuster\/#breadcrumb"},"inLanguage":"de","potentialAction":[{"@type":"ReadAction","target":["https:\/\/cheznu.tv\/familymanagement\/produkt\/jacke-nevis-schnittmuster\/"]}]},{"@type":"ImageObject","inLanguage":"de","@id":"https:\/\/cheznu.tv\/familymanagement\/produkt\/jacke-nevis-schnittmuster\/#primaryimage","url":"https:\/\/cheznu.tv\/familymanagement\/wp-content\/uploads\/2023\/09\/Jacke-Nevis-beide-Tragearten-von-der-Seite.jpg","contentUrl":"https:\/\/cheznu.tv\/familymanagement\/wp-content\/uploads\/2023\/09\/Jacke-Nevis-beide-Tragearten-von-der-Seite.jpg","width":1080,"height":1080,"caption":"Jacke Nevis - beide Tragearten von der Seite"},{"@type":"BreadcrumbList","@id":"https:\/\/cheznu.tv\/familymanagement\/produkt\/jacke-nevis-schnittmuster\/#breadcrumb","itemListElement":[{"@type":"ListItem","position":1,"name":"Startseite","item":"https:\/\/cheznu.tv\/familymanagement\/"},{"@type":"ListItem","position":2,"name":"Shop","item":"https:\/\/cheznu.tv\/familymanagement\/shop\/"},{"@type":"ListItem","position":3,"name":"Jacke Nevis \u2702\ufe0f Gr\u00f6sse 36-52 \u2702\ufe0f Schnittmuster zum Herunterladen und Ausdrucken"}]},{"@type":"WebSite","@id":"https:\/\/cheznu.tv\/familymanagement\/#website","url":"https:\/\/cheznu.tv\/familymanagement\/","name":"ChezNU.TV","description":"N\u00e4hen | Basteln | Haushalt | Familie","potentialAction":[{"@type":"SearchAction","target":{"@type":"EntryPoint","urlTemplate":"https:\/\/cheznu.tv\/familymanagement\/?s={search_term_string}"},"query-input":{"@type":"PropertyValueSpecification","valueRequired":true,"valueName":"search_term_string"}}],"inLanguage":"de"}]}},"_links":{"self":[{"href":"https:\/\/cheznu.tv\/familymanagement\/wp-json\/wp\/v2\/product\/86898","targetHints":{"allow":["GET"]}}],"collection":[{"href":"https:\/\/cheznu.tv\/familymanagement\/wp-json\/wp\/v2\/product"}],"about":[{"href":"https:\/\/cheznu.tv\/familymanagement\/wp-json\/wp\/v2\/types\/product"}],"replies":[{"embeddable":true,"href":"https:\/\/cheznu.tv\/familymanagement\/wp-json\/wp\/v2\/comments?post=86898"}],"wp:featuredmedia":[{"embeddable":true,"href":"https:\/\/cheznu.tv\/familymanagement\/wp-json\/wp\/v2\/media\/86911"}],"wp:attachment":[{"href":"https:\/\/cheznu.tv\/familymanagement\/wp-json\/wp\/v2\/media?parent=86898"}],"wp:term":[{"taxonomy":"product_brand","embeddable":true,"href":"https:\/\/cheznu.tv\/familymanagement\/wp-json\/wp\/v2\/product_brand?post=86898"},{"taxonomy":"product_cat","embeddable":true,"href":"https:\/\/cheznu.tv\/familymanagement\/wp-json\/wp\/v2\/product_cat?post=86898"},{"taxonomy":"product_tag","embeddable":true,"href":"https:\/\/cheznu.tv\/familymanagement\/wp-json\/wp\/v2\/product_tag?post=86898"}],"curies":[{"name":"wp","href":"https:\/\/api.w.org\/{rel}","templated":true}]}}