{"id":86182,"date":"2023-09-08T09:30:50","date_gmt":"2023-09-08T07:30:50","guid":{"rendered":"https:\/\/cheznu.tv\/familymanagement\/?post_type=product&#038;p=86182"},"modified":"2025-03-17T18:44:10","modified_gmt":"2025-03-17T17:44:10","slug":"wichtel-panel","status":"publish","type":"product","link":"https:\/\/cheznu.tv\/familymanagement\/produkt\/wichtel-panel\/","title":{"rendered":"N\u00e4h-Set: Weihnachts-Wichtel f\u00fcr 2 Wichtel mit Bart"},"content":{"rendered":"<p>Was Du noch brauchst:<\/p>\n<ul>\n<li>2 x 50 g F\u00fcllwatte<\/li>\n<li>Faden (weiss)<\/li>\n<li>Bastelkleber (transparent trocknend)<\/li>\n<\/ul>\n<p>Es gibt auch noch eine <strong>Video-N\u00e4hanleitung<\/strong> f\u00fcr unsere Weihnachtswichtel:<br \/>\n<a href=\"https:\/\/cheznu.tv\/familymanagement\/wichtel-naehen-aus-stoffresten-und-alter-kleidung\/\">Wichtel n\u00e4hen aus Stoffresten und alter Kleidung<\/a><br \/>\nund ein <strong>Schnittmuster mit weiteren 5 Gr\u00f6ssen<\/strong>:<br \/>\n<a href=\"https:\/\/cheznu.tv\/familymanagement\/produkt\/wichtel-in-3-groessen-schnittmuster-zum-audrucken\/\">Wichtel in 6 Gr\u00f6ssen | Schnittmuster zum Ausdrucken<\/a><\/p>\n<p>Die Versandkosten f\u00fcr Europa betragen 2.5 Euro.<\/p>\n<p>F\u00fcr die anderen L\u00e4nder k\u00f6nnen h\u00f6here Versandkosten anfallen, bitte nachfragen <a href=\"mailto:schnittmuster@cheznu.tv\">schnittmuster@cheznu.tv<\/a><\/p>\n<p><a href='https:\/\/www.spoonflower.com\/profiles\/cheznu_tv' target='_blank' title='Spoonflower-Shop mit den ChezNU-Designs'>Unseren neuen Spoonflower-Shop mit Stoffen im ChezNU-Design findest Du hier.<\/a><\/p><p>Neben dem Schnittmuster \/ Schema \/ Anleitung \/ Plotterdatei erh\u00e4ltst Du als Teil der erworbenen Leistung (gilt auch f\u00fcr kostenlose Produkte) auch unseren kostenlosen Newsletter \u201eSchnittmuster-Alarm\u201c. Im Schnittmuster-Alarm informieren wir haupts\u00e4chlich, aber nicht ausschliesslich \u00fcber neue Schnittmuster, Anleitungen, DIY-Projekte, Angebote in unserem Shop, Angebote in anderen Shops, Materialbezugsquellen und allem was irgendwie mit N\u00e4hen, H\u00e4keln, Basteln, Stricken, Upcycling, Organisation und Familie zu tun hat.<\/p><p>Nach Deiner Bestellung erh\u00e4ltst Du die E-Mails automatisch. Du kannst sie allerdings jederzeit und ohne Angabe von Gr\u00fcnden \u00fcber den Link am Ende jeder E-Mail abbestellen.<br>\n\tDie Transparenzerkl\u00e4rung zu unserem Schnittmuster-Alarm findest Du <a title='Transparenzerkl\u00e4rung' href='https:\/\/cheznu.tv\/familymanagement\/transparenzerklaerung-zum-schnittmuster-alarm-newsletter\/' target='_blank'>hier<\/a><\/p>\n<p>Bei Fragen, schreibe uns einfach kurz eine <a href=\"mailto:nu@cheznu.tv\">E-Mail<\/a>.<\/p>\n","protected":false},"excerpt":{"rendered":"<p>Mit diesem <strong>N\u00e4h-Set<\/strong> kannst Du <strong>2 Wichtel<\/strong> n\u00e4hen mit je einer Sitzh\u00f6he von ca. 18 cm.<\/p>\n<p>Im N\u00e4h-Set enthalten:<\/p>\n<ul>\n<li><strong>Panel<\/strong> aus Baumwoll-Jersey 260 g\/m\u00b2<\/li>\n<li>veganes <strong>Fell<\/strong> 15cm x 15cm f\u00fcr die perfekten Wichtelb\u00e4rte<\/li>\n<li><strong>Papierschnittmuster<\/strong> <em>(ohne Nahtzugabe)<\/em> f\u00fcr einen mittleren Wichtel: Sitzh\u00f6he 18 cm<\/li>\n<li><strong>N\u00e4h-Anleitung<\/strong> mit Zuschneideplan und bebilderter Schritt-f\u00fcr-Schritt-Anleitung<\/li>\n<\/ul>\n<p><em><strong>Wir haben nur eine sehr begrenzte St\u00fcckzahl vorr\u00e4tig.<\/strong><\/em><\/p>\n<p><em>Bei der Variante alle Farben sind 3 Panel und 3 B\u00e4rte enthalten damit kannst Du 6 Wichtel n\u00e4hen.<br \/>\n<b><\/b><\/em><\/p>\n<p>Die Farben eisblau und flieder sind bereits ausverkauft und nur noch im Set &#8222;<em>alle Farben<\/em>&#8220; erh\u00e4tlich.<\/p>\n","protected":false},"featured_media":86198,"comment_status":"open","ping_status":"closed","template":"","meta":[],"product_brand":[],"product_cat":[869,2094,810,3901,851],"product_tag":[3903,3902,848,807,952,959],"class_list":{"0":"post-86182","1":"product","2":"type-product","3":"status-publish","4":"has-post-thumbnail","6":"product_cat-deko","7":"product_cat-naeh-set","8":"product_cat-naehen","9":"product_cat-papierschnittmuster","10":"product_cat-weihnachten","11":"product_tag-gnom","12":"product_tag-naeh-set","13":"product_tag-naehen","14":"product_tag-schnittmuster","15":"product_tag-weihnachten","16":"product_tag-wichtel","17":"product_shipping_class-brief","19":"first","20":"instock","21":"sale","22":"shipping-taxable","23":"purchasable","24":"product-type-variable","25":"has-default-attributes"},"yoast_head":"<!-- This site is optimized with the Yoast SEO plugin v27.5 - https:\/\/yoast.com\/product\/yoast-seo-wordpress\/ -->\n<title>N\u00e4h-Set: Weihnachts-Wichtel f\u00fcr 2 Wichtel mit Bart \ud83c\udf84\ud83d\udd6f\ufe0f<\/title>\n<meta name=\"robots\" content=\"index, follow, max-snippet:-1, max-image-preview:large, max-video-preview:-1\" \/>\n<link rel=\"canonical\" href=\"https:\/\/cheznu.tv\/familymanagement\/produkt\/wichtel-panel\/\" \/>\n<meta property=\"og:locale\" content=\"de_DE\" \/>\n<meta property=\"og:type\" content=\"article\" \/>\n<meta property=\"og:title\" content=\"N\u00e4h-Set: Weihnachts-Wichtel f\u00fcr 2 Wichtel mit Bart \ud83c\udf84\ud83d\udd6f\ufe0f\" \/>\n<meta property=\"og:description\" content=\"Mit diesem N\u00e4h-Set kannst Du 2 Wichtel n\u00e4hen mit je einer Sitzh\u00f6he von ca. 18 cm.  Im N\u00e4h-Set enthalten:   Panel aus Baumwoll-Jersey 260 g\/m\u00b2  veganes Fell 15cm x 15cm f\u00fcr die perfekten Wichtelb\u00e4rte  Papierschnittmuster (ohne Nahtzugabe) f\u00fcr einen mittleren Wichtel: Sitzh\u00f6he 18 cm  N\u00e4h-Anleitung mit Zuschneideplan und bebilderter Schritt-f\u00fcr-Schritt-Anleitung  Wir haben nur eine sehr begrenzte St\u00fcckzahl vorr\u00e4tig.  Bei der Variante alle Farben sind 3 Panel und 3 B\u00e4rte enthalten damit kannst Du 6 Wichtel n\u00e4hen.   Die Farben eisblau und flieder sind bereits ausverkauft und nur noch im Set &quot;alle Farben&quot; erh\u00e4tlich.\" \/>\n<meta property=\"og:url\" content=\"https:\/\/cheznu.tv\/familymanagement\/produkt\/wichtel-panel\/\" \/>\n<meta property=\"og:site_name\" content=\"ChezNU.TV\" \/>\n<meta property=\"article:publisher\" content=\"https:\/\/www.facebook.com\/cheznutv\/\" \/>\n<meta property=\"article:modified_time\" content=\"2025-03-17T17:44:10+00:00\" \/>\n<meta property=\"og:image\" content=\"https:\/\/cheznu.tv\/familymanagement\/wp-content\/uploads\/2023\/09\/Wichtel-Panel-alle-3-Wichtel.jpg\" \/>\n\t<meta property=\"og:image:width\" content=\"1080\" \/>\n\t<meta property=\"og:image:height\" content=\"1080\" \/>\n\t<meta property=\"og:image:type\" content=\"image\/jpeg\" \/>\n<meta name=\"twitter:card\" content=\"summary_large_image\" \/>\n<meta name=\"twitter:site\" content=\"@cheznu_family\" \/>\n<meta name=\"twitter:label1\" content=\"Gesch\u00e4tzte Lesezeit\" \/>\n\t<meta name=\"twitter:data1\" content=\"2\u00a0Minuten\" \/>\n<script type=\"application\/ld+json\" class=\"yoast-schema-graph\">{\"@context\":\"https:\\\/\\\/schema.org\",\"@graph\":[{\"@type\":\"WebPage\",\"@id\":\"https:\\\/\\\/cheznu.tv\\\/familymanagement\\\/produkt\\\/wichtel-panel\\\/\",\"url\":\"https:\\\/\\\/cheznu.tv\\\/familymanagement\\\/produkt\\\/wichtel-panel\\\/\",\"name\":\"N\u00e4h-Set: Weihnachts-Wichtel f\u00fcr 2 Wichtel mit Bart \ud83c\udf84\ud83d\udd6f\ufe0f\",\"isPartOf\":{\"@id\":\"https:\\\/\\\/cheznu.tv\\\/familymanagement\\\/#website\"},\"primaryImageOfPage\":{\"@id\":\"https:\\\/\\\/cheznu.tv\\\/familymanagement\\\/produkt\\\/wichtel-panel\\\/#primaryimage\"},\"image\":{\"@id\":\"https:\\\/\\\/cheznu.tv\\\/familymanagement\\\/produkt\\\/wichtel-panel\\\/#primaryimage\"},\"thumbnailUrl\":\"https:\\\/\\\/cheznu.tv\\\/familymanagement\\\/wp-content\\\/uploads\\\/2023\\\/09\\\/Wichtel-Panel-alle-3-Wichtel.jpg\",\"datePublished\":\"2023-09-08T07:30:50+00:00\",\"dateModified\":\"2025-03-17T17:44:10+00:00\",\"breadcrumb\":{\"@id\":\"https:\\\/\\\/cheznu.tv\\\/familymanagement\\\/produkt\\\/wichtel-panel\\\/#breadcrumb\"},\"inLanguage\":\"de\",\"potentialAction\":[{\"@type\":\"ReadAction\",\"target\":[\"https:\\\/\\\/cheznu.tv\\\/familymanagement\\\/produkt\\\/wichtel-panel\\\/\"]}]},{\"@type\":\"ImageObject\",\"inLanguage\":\"de\",\"@id\":\"https:\\\/\\\/cheznu.tv\\\/familymanagement\\\/produkt\\\/wichtel-panel\\\/#primaryimage\",\"url\":\"https:\\\/\\\/cheznu.tv\\\/familymanagement\\\/wp-content\\\/uploads\\\/2023\\\/09\\\/Wichtel-Panel-alle-3-Wichtel.jpg\",\"contentUrl\":\"https:\\\/\\\/cheznu.tv\\\/familymanagement\\\/wp-content\\\/uploads\\\/2023\\\/09\\\/Wichtel-Panel-alle-3-Wichtel.jpg\",\"width\":1080,\"height\":1080,\"caption\":\"Wichtel-Panel alle 3 Wichtel\"},{\"@type\":\"BreadcrumbList\",\"@id\":\"https:\\\/\\\/cheznu.tv\\\/familymanagement\\\/produkt\\\/wichtel-panel\\\/#breadcrumb\",\"itemListElement\":[{\"@type\":\"ListItem\",\"position\":1,\"name\":\"Startseite\",\"item\":\"https:\\\/\\\/cheznu.tv\\\/familymanagement\\\/\"},{\"@type\":\"ListItem\",\"position\":2,\"name\":\"Shop\",\"item\":\"https:\\\/\\\/cheznu.tv\\\/familymanagement\\\/shop\\\/\"},{\"@type\":\"ListItem\",\"position\":3,\"name\":\"N\u00e4h-Set: Weihnachts-Wichtel f\u00fcr 2 Wichtel mit Bart\"}]},{\"@type\":\"WebSite\",\"@id\":\"https:\\\/\\\/cheznu.tv\\\/familymanagement\\\/#website\",\"url\":\"https:\\\/\\\/cheznu.tv\\\/familymanagement\\\/\",\"name\":\"ChezNU.TV\",\"description\":\"N\u00e4hen | Basteln | Haushalt | Familie\",\"potentialAction\":[{\"@type\":\"SearchAction\",\"target\":{\"@type\":\"EntryPoint\",\"urlTemplate\":\"https:\\\/\\\/cheznu.tv\\\/familymanagement\\\/?s={search_term_string}\"},\"query-input\":{\"@type\":\"PropertyValueSpecification\",\"valueRequired\":true,\"valueName\":\"search_term_string\"}}],\"inLanguage\":\"de\"}]}<\/script>\n<!-- \/ Yoast SEO plugin. -->","yoast_head_json":{"title":"N\u00e4h-Set: Weihnachts-Wichtel f\u00fcr 2 Wichtel mit Bart \ud83c\udf84\ud83d\udd6f\ufe0f","robots":{"index":"index","follow":"follow","max-snippet":"max-snippet:-1","max-image-preview":"max-image-preview:large","max-video-preview":"max-video-preview:-1"},"canonical":"https:\/\/cheznu.tv\/familymanagement\/produkt\/wichtel-panel\/","og_locale":"de_DE","og_type":"article","og_title":"N\u00e4h-Set: Weihnachts-Wichtel f\u00fcr 2 Wichtel mit Bart \ud83c\udf84\ud83d\udd6f\ufe0f","og_description":"Mit diesem N\u00e4h-Set kannst Du 2 Wichtel n\u00e4hen mit je einer Sitzh\u00f6he von ca. 18 cm.  Im N\u00e4h-Set enthalten:   Panel aus Baumwoll-Jersey 260 g\/m\u00b2  veganes Fell 15cm x 15cm f\u00fcr die perfekten Wichtelb\u00e4rte  Papierschnittmuster (ohne Nahtzugabe) f\u00fcr einen mittleren Wichtel: Sitzh\u00f6he 18 cm  N\u00e4h-Anleitung mit Zuschneideplan und bebilderter Schritt-f\u00fcr-Schritt-Anleitung  Wir haben nur eine sehr begrenzte St\u00fcckzahl vorr\u00e4tig.  Bei der Variante alle Farben sind 3 Panel und 3 B\u00e4rte enthalten damit kannst Du 6 Wichtel n\u00e4hen.   Die Farben eisblau und flieder sind bereits ausverkauft und nur noch im Set \"alle Farben\" erh\u00e4tlich.","og_url":"https:\/\/cheznu.tv\/familymanagement\/produkt\/wichtel-panel\/","og_site_name":"ChezNU.TV","article_publisher":"https:\/\/www.facebook.com\/cheznutv\/","article_modified_time":"2025-03-17T17:44:10+00:00","og_image":[{"width":1080,"height":1080,"url":"https:\/\/cheznu.tv\/familymanagement\/wp-content\/uploads\/2023\/09\/Wichtel-Panel-alle-3-Wichtel.jpg","type":"image\/jpeg"}],"twitter_card":"summary_large_image","twitter_site":"@cheznu_family","twitter_misc":{"Gesch\u00e4tzte Lesezeit":"2\u00a0Minuten"},"schema":{"@context":"https:\/\/schema.org","@graph":[{"@type":"WebPage","@id":"https:\/\/cheznu.tv\/familymanagement\/produkt\/wichtel-panel\/","url":"https:\/\/cheznu.tv\/familymanagement\/produkt\/wichtel-panel\/","name":"N\u00e4h-Set: Weihnachts-Wichtel f\u00fcr 2 Wichtel mit Bart \ud83c\udf84\ud83d\udd6f\ufe0f","isPartOf":{"@id":"https:\/\/cheznu.tv\/familymanagement\/#website"},"primaryImageOfPage":{"@id":"https:\/\/cheznu.tv\/familymanagement\/produkt\/wichtel-panel\/#primaryimage"},"image":{"@id":"https:\/\/cheznu.tv\/familymanagement\/produkt\/wichtel-panel\/#primaryimage"},"thumbnailUrl":"https:\/\/cheznu.tv\/familymanagement\/wp-content\/uploads\/2023\/09\/Wichtel-Panel-alle-3-Wichtel.jpg","datePublished":"2023-09-08T07:30:50+00:00","dateModified":"2025-03-17T17:44:10+00:00","breadcrumb":{"@id":"https:\/\/cheznu.tv\/familymanagement\/produkt\/wichtel-panel\/#breadcrumb"},"inLanguage":"de","potentialAction":[{"@type":"ReadAction","target":["https:\/\/cheznu.tv\/familymanagement\/produkt\/wichtel-panel\/"]}]},{"@type":"ImageObject","inLanguage":"de","@id":"https:\/\/cheznu.tv\/familymanagement\/produkt\/wichtel-panel\/#primaryimage","url":"https:\/\/cheznu.tv\/familymanagement\/wp-content\/uploads\/2023\/09\/Wichtel-Panel-alle-3-Wichtel.jpg","contentUrl":"https:\/\/cheznu.tv\/familymanagement\/wp-content\/uploads\/2023\/09\/Wichtel-Panel-alle-3-Wichtel.jpg","width":1080,"height":1080,"caption":"Wichtel-Panel alle 3 Wichtel"},{"@type":"BreadcrumbList","@id":"https:\/\/cheznu.tv\/familymanagement\/produkt\/wichtel-panel\/#breadcrumb","itemListElement":[{"@type":"ListItem","position":1,"name":"Startseite","item":"https:\/\/cheznu.tv\/familymanagement\/"},{"@type":"ListItem","position":2,"name":"Shop","item":"https:\/\/cheznu.tv\/familymanagement\/shop\/"},{"@type":"ListItem","position":3,"name":"N\u00e4h-Set: Weihnachts-Wichtel f\u00fcr 2 Wichtel mit Bart"}]},{"@type":"WebSite","@id":"https:\/\/cheznu.tv\/familymanagement\/#website","url":"https:\/\/cheznu.tv\/familymanagement\/","name":"ChezNU.TV","description":"N\u00e4hen | Basteln | Haushalt | Familie","potentialAction":[{"@type":"SearchAction","target":{"@type":"EntryPoint","urlTemplate":"https:\/\/cheznu.tv\/familymanagement\/?s={search_term_string}"},"query-input":{"@type":"PropertyValueSpecification","valueRequired":true,"valueName":"search_term_string"}}],"inLanguage":"de"}]}},"_links":{"self":[{"href":"https:\/\/cheznu.tv\/familymanagement\/wp-json\/wp\/v2\/product\/86182","targetHints":{"allow":["GET"]}}],"collection":[{"href":"https:\/\/cheznu.tv\/familymanagement\/wp-json\/wp\/v2\/product"}],"about":[{"href":"https:\/\/cheznu.tv\/familymanagement\/wp-json\/wp\/v2\/types\/product"}],"replies":[{"embeddable":true,"href":"https:\/\/cheznu.tv\/familymanagement\/wp-json\/wp\/v2\/comments?post=86182"}],"wp:featuredmedia":[{"embeddable":true,"href":"https:\/\/cheznu.tv\/familymanagement\/wp-json\/wp\/v2\/media\/86198"}],"wp:attachment":[{"href":"https:\/\/cheznu.tv\/familymanagement\/wp-json\/wp\/v2\/media?parent=86182"}],"wp:term":[{"taxonomy":"product_brand","embeddable":true,"href":"https:\/\/cheznu.tv\/familymanagement\/wp-json\/wp\/v2\/product_brand?post=86182"},{"taxonomy":"product_cat","embeddable":true,"href":"https:\/\/cheznu.tv\/familymanagement\/wp-json\/wp\/v2\/product_cat?post=86182"},{"taxonomy":"product_tag","embeddable":true,"href":"https:\/\/cheznu.tv\/familymanagement\/wp-json\/wp\/v2\/product_tag?post=86182"}],"curies":[{"name":"wp","href":"https:\/\/api.w.org\/{rel}","templated":true}]}}