{"id":82030,"date":"2023-03-05T09:45:27","date_gmt":"2023-03-05T08:45:27","guid":{"rendered":"https:\/\/cheznu.tv\/familymanagement\/?post_type=product&#038;p=82030"},"modified":"2023-08-20T00:00:02","modified_gmt":"2023-08-19T22:00:02","slug":"tasche-lissabon-schnittmuster","status":"publish","type":"product","link":"https:\/\/cheznu.tv\/familymanagement\/produkt\/tasche-lissabon-schnittmuster\/","title":{"rendered":"Einkaufstasche \ud83c\udf4b\ud83c\udf47Tasche Lissabon \ud83e\udd66\ud83c\udf45 Schnittmuster zum Ausdrucken"},"content":{"rendered":"<p>Die N\u00e4hanleitung f\u00fcr die Tasche Lissabon mit vielen Bildern sowie das Anleitungsvideo findest Du hier:<\/p>\n<p><a href=\"https:\/\/cheznu.tv\/familymanagement\/tasche-lissabon-anleitung\/\">Einkaufstasche n\u00e4hen f\u00fcr Anf\u00e4nger mit Boden und Innenfutter \ud83c\udf4b\ud83c\udf47\ud83e\udd66\ud83c\udf45 Schnittmuster Tasche Lissabon<\/a><\/p>\n<p><a href='https:\/\/www.spoonflower.com\/profiles\/cheznu_tv' target='_blank' title='Spoonflower-Shop mit den ChezNU-Designs'>Unseren neuen Spoonflower-Shop mit Stoffen im ChezNU-Design findest Du hier.<\/a><\/p><p>Neben dem Schnittmuster \/ Schema \/ Anleitung \/ Plotterdatei erh\u00e4ltst Du als Teil der erworbenen Leistung (gilt auch f\u00fcr kostenlose Produkte) auch unseren kostenlosen Newsletter \u201eSchnittmuster-Alarm\u201c. Im Schnittmuster-Alarm informieren wir haupts\u00e4chlich, aber nicht ausschliesslich \u00fcber neue Schnittmuster, Anleitungen, DIY-Projekte, Angebote in unserem Shop, Angebote in anderen Shops, Materialbezugsquellen und allem was irgendwie mit N\u00e4hen, H\u00e4keln, Basteln, Stricken, Upcycling, Organisation und Familie zu tun hat.<\/p><p>Nach Deiner Bestellung erh\u00e4ltst Du die E-Mails automatisch. Du kannst sie allerdings jederzeit und ohne Angabe von Gr\u00fcnden \u00fcber den Link am Ende jeder E-Mail abbestellen.<br>\n\tDie Transparenzerkl\u00e4rung zu unserem Schnittmuster-Alarm findest Du <a title='Transparenzerkl\u00e4rung' href='https:\/\/cheznu.tv\/familymanagement\/transparenzerklaerung-zum-schnittmuster-alarm-newsletter\/' target='_blank'>hier<\/a><\/p>\n<p><strong>Zum Schnittmuster<\/strong><\/p>\n<p>Das Schnittmuster kommt als PDF und kann auf A4-Papier (Standard) ausgedruckt und dann zusammengeklebt werden.<br \/>\nSo entf\u00e4llt das l\u00e4stige Schnittmuster kopieren mit teurem Seidenpapier. Das Schnittmuster kann nach dem Zusammenkleben direkt ausgeschnitten werden.<\/p>\n<p>Bitte beachte, die richtigen Druckoptionen einzustellen.<br \/>\n<a href=\"https:\/\/cheznu.tv\/familymanagement\/schnittmuster-ausdrucken-und-zusammenkleben\/\">Schnittmuster ausdrucken und zusammenkleben<\/a><\/p>\n<p>Wie das mit dem Zusammenkleben funktioniert haben wir hier kurz erkl\u00e4rt.<br \/>\n<a href=\"http:\/\/cheznu.tv\/familymanagement\/so-gehts\/\">So geht\u00b4s<\/a>.<\/p>\n<p>Dieser Schnitt darf zu privaten Zwecken und zur Fertigung von Einzelst\u00fccken\/Kleinserien (bis 5 Modelle) unter Nennung der Herkunft verwendet werden (ChezNU.TV). Massenproduktion der fertigen Ware sowie Kopieren, Weitergabe, Abdruck oder Ver\u00f6ffentlichung (auch teilweise) des Schnittmusters bedarf der schriftlichen Genehmigung. Wenn Du Dir nicht sicher bist, schreibe uns einfach kurz eine <a href=\"mailto:nu@cheznu.tv\">E-Mail.<\/a><\/p>\n","protected":false},"excerpt":{"rendered":"<p>Die Tasche Lissabon ist die perfekte Tasche f\u00fcr den <strong>Einkauf<\/strong> auf dem <strong>Markt<\/strong> oder im <strong>Supermarkt<\/strong>.<\/p>\n<p>Die Tasche ist aussen <strong>geteilt<\/strong>, so kannst Du den Boden aus einem anderen, robusteren Stoff n\u00e4hen. Innen ist die Tasche <strong>gef\u00fcttert<\/strong>.<\/p>\n<p>Aussen hat die Tasche zwischen den Gurten auf beiden Seiten <strong>Aussentaschen<\/strong>.<\/p>\n<p>Sie hat die Masse:<\/p>\n<ul>\n<li>Breite: 45 cm<\/li>\n<li>H\u00f6he: 36 cm<\/li>\n<li>Tiefe: 20 cm<\/li>\n<\/ul>\n<p>Wenn Du wie wir den Boden und das Innenfutter aus <strong>Wachstuch<\/strong> n\u00e4hst, dann kannst Du die Tasche am Boden und innen <strong>leicht reinigen<\/strong> ohne die ganze Tasche waschen zu m\u00fcssen.<\/p>\n<p>Beim Schnittmuster ist noch ein ausf\u00fchrliches E-Book dabei. Die \u00f6ffentliche Videoanleitung findest Du weiter unten verlinkt.<\/p>\n","protected":false},"featured_media":82043,"comment_status":"open","ping_status":"closed","template":"","meta":[],"product_brand":[],"product_cat":[809,901,810,826,811,812],"product_tag":[806,3361,3363,1054,3365,2595,1053,825,807,808,1055,3699,3364],"class_list":{"0":"post-82030","1":"product","2":"type-product","3":"status-publish","4":"has-post-thumbnail","6":"product_cat-accessories","7":"product_cat-muttertag","8":"product_cat-naehen","9":"product_cat-organisation","10":"product_cat-schnittmuster","11":"product_cat-tasche","12":"product_tag-ausdrucken","13":"product_tag-aussentasche","14":"product_tag-einkaufen","15":"product_tag-einkaufstasche","16":"product_tag-familie","17":"product_tag-grosse-tasche","18":"product_tag-markttasche","19":"product_tag-organisation","20":"product_tag-schnittmuster","21":"product_tag-tasche","22":"product_tag-tasche-naehen","23":"product_tag-wachstuch","24":"product_tag-wocheneinkauf","26":"first","27":"instock","28":"downloadable","29":"virtual","30":"sold-individually","31":"purchasable","32":"product-type-simple"},"yoast_head":"<!-- This site is optimized with the Yoast SEO plugin v27.5 - https:\/\/yoast.com\/product\/yoast-seo-wordpress\/ -->\n<title>\u2702\ufe0f Schnittmuster Tasche Lissabon\ud83e\udd66\ud83c\udf45<\/title>\n<meta name=\"description\" content=\"Die Tasche Lissabon ist die perfekte Tasche f\u00fcr den t\u00e4glichen Einkauf auf dem Markt oder im Supermarkt. Sie ist leicht zu n\u00e4hen und leicht zu reinigen.\" \/>\n<meta name=\"robots\" content=\"index, follow, max-snippet:-1, max-image-preview:large, max-video-preview:-1\" \/>\n<link rel=\"canonical\" href=\"https:\/\/cheznu.tv\/familymanagement\/produkt\/tasche-lissabon-schnittmuster\/\" \/>\n<meta property=\"og:locale\" content=\"de_DE\" \/>\n<meta property=\"og:type\" content=\"article\" \/>\n<meta property=\"og:title\" content=\"\u2702\ufe0f Schnittmuster Tasche Lissabon\ud83e\udd66\ud83c\udf45\" \/>\n<meta property=\"og:description\" content=\"Die Tasche Lissabon ist die perfekte Tasche f\u00fcr den t\u00e4glichen Einkauf auf dem Markt oder im Supermarkt. Sie ist leicht zu n\u00e4hen und leicht zu reinigen.\" \/>\n<meta property=\"og:url\" content=\"https:\/\/cheznu.tv\/familymanagement\/produkt\/tasche-lissabon-schnittmuster\/\" \/>\n<meta property=\"og:site_name\" content=\"ChezNU.TV\" \/>\n<meta property=\"article:publisher\" content=\"https:\/\/www.facebook.com\/cheznutv\/\" \/>\n<meta property=\"article:modified_time\" content=\"2023-08-19T22:00:02+00:00\" \/>\n<meta property=\"og:image\" content=\"https:\/\/cheznu.tv\/familymanagement\/wp-content\/uploads\/2023\/03\/Tasche-Lissabon-Schnittmuster-von-vorne.jpg\" \/>\n\t<meta property=\"og:image:width\" content=\"1080\" \/>\n\t<meta property=\"og:image:height\" content=\"1080\" \/>\n\t<meta property=\"og:image:type\" content=\"image\/jpeg\" \/>\n<meta name=\"twitter:card\" content=\"summary_large_image\" \/>\n<meta name=\"twitter:site\" content=\"@cheznu_family\" \/>\n<meta name=\"twitter:label1\" content=\"Gesch\u00e4tzte Lesezeit\" \/>\n\t<meta name=\"twitter:data1\" content=\"1\u00a0Minute\" \/>\n<script type=\"application\/ld+json\" class=\"yoast-schema-graph\">{\"@context\":\"https:\\\/\\\/schema.org\",\"@graph\":[{\"@type\":\"WebPage\",\"@id\":\"https:\\\/\\\/cheznu.tv\\\/familymanagement\\\/produkt\\\/tasche-lissabon-schnittmuster\\\/\",\"url\":\"https:\\\/\\\/cheznu.tv\\\/familymanagement\\\/produkt\\\/tasche-lissabon-schnittmuster\\\/\",\"name\":\"\u2702\ufe0f Schnittmuster Tasche Lissabon\ud83e\udd66\ud83c\udf45\",\"isPartOf\":{\"@id\":\"https:\\\/\\\/cheznu.tv\\\/familymanagement\\\/#website\"},\"primaryImageOfPage\":{\"@id\":\"https:\\\/\\\/cheznu.tv\\\/familymanagement\\\/produkt\\\/tasche-lissabon-schnittmuster\\\/#primaryimage\"},\"image\":{\"@id\":\"https:\\\/\\\/cheznu.tv\\\/familymanagement\\\/produkt\\\/tasche-lissabon-schnittmuster\\\/#primaryimage\"},\"thumbnailUrl\":\"https:\\\/\\\/cheznu.tv\\\/familymanagement\\\/wp-content\\\/uploads\\\/2023\\\/03\\\/Tasche-Lissabon-Schnittmuster-von-vorne.jpg\",\"datePublished\":\"2023-03-05T08:45:27+00:00\",\"dateModified\":\"2023-08-19T22:00:02+00:00\",\"description\":\"Die Tasche Lissabon ist die perfekte Tasche f\u00fcr den t\u00e4glichen Einkauf auf dem Markt oder im Supermarkt. Sie ist leicht zu n\u00e4hen und leicht zu reinigen.\",\"breadcrumb\":{\"@id\":\"https:\\\/\\\/cheznu.tv\\\/familymanagement\\\/produkt\\\/tasche-lissabon-schnittmuster\\\/#breadcrumb\"},\"inLanguage\":\"de\",\"potentialAction\":[{\"@type\":\"ReadAction\",\"target\":[\"https:\\\/\\\/cheznu.tv\\\/familymanagement\\\/produkt\\\/tasche-lissabon-schnittmuster\\\/\"]}]},{\"@type\":\"ImageObject\",\"inLanguage\":\"de\",\"@id\":\"https:\\\/\\\/cheznu.tv\\\/familymanagement\\\/produkt\\\/tasche-lissabon-schnittmuster\\\/#primaryimage\",\"url\":\"https:\\\/\\\/cheznu.tv\\\/familymanagement\\\/wp-content\\\/uploads\\\/2023\\\/03\\\/Tasche-Lissabon-Schnittmuster-von-vorne.jpg\",\"contentUrl\":\"https:\\\/\\\/cheznu.tv\\\/familymanagement\\\/wp-content\\\/uploads\\\/2023\\\/03\\\/Tasche-Lissabon-Schnittmuster-von-vorne.jpg\",\"width\":1080,\"height\":1080,\"caption\":\"Tasche Lissabon Schnittmuster - von vorne\"},{\"@type\":\"BreadcrumbList\",\"@id\":\"https:\\\/\\\/cheznu.tv\\\/familymanagement\\\/produkt\\\/tasche-lissabon-schnittmuster\\\/#breadcrumb\",\"itemListElement\":[{\"@type\":\"ListItem\",\"position\":1,\"name\":\"Startseite\",\"item\":\"https:\\\/\\\/cheznu.tv\\\/familymanagement\\\/\"},{\"@type\":\"ListItem\",\"position\":2,\"name\":\"Shop\",\"item\":\"https:\\\/\\\/cheznu.tv\\\/familymanagement\\\/shop\\\/\"},{\"@type\":\"ListItem\",\"position\":3,\"name\":\"Einkaufstasche \ud83c\udf4b\ud83c\udf47Tasche Lissabon \ud83e\udd66\ud83c\udf45 Schnittmuster zum Ausdrucken\"}]},{\"@type\":\"WebSite\",\"@id\":\"https:\\\/\\\/cheznu.tv\\\/familymanagement\\\/#website\",\"url\":\"https:\\\/\\\/cheznu.tv\\\/familymanagement\\\/\",\"name\":\"ChezNU.TV\",\"description\":\"N\u00e4hen | Basteln | Haushalt | Familie\",\"potentialAction\":[{\"@type\":\"SearchAction\",\"target\":{\"@type\":\"EntryPoint\",\"urlTemplate\":\"https:\\\/\\\/cheznu.tv\\\/familymanagement\\\/?s={search_term_string}\"},\"query-input\":{\"@type\":\"PropertyValueSpecification\",\"valueRequired\":true,\"valueName\":\"search_term_string\"}}],\"inLanguage\":\"de\"}]}<\/script>\n<!-- \/ Yoast SEO plugin. -->","yoast_head_json":{"title":"\u2702\ufe0f Schnittmuster Tasche Lissabon\ud83e\udd66\ud83c\udf45","description":"Die Tasche Lissabon ist die perfekte Tasche f\u00fcr den t\u00e4glichen Einkauf auf dem Markt oder im Supermarkt. Sie ist leicht zu n\u00e4hen und leicht zu reinigen.","robots":{"index":"index","follow":"follow","max-snippet":"max-snippet:-1","max-image-preview":"max-image-preview:large","max-video-preview":"max-video-preview:-1"},"canonical":"https:\/\/cheznu.tv\/familymanagement\/produkt\/tasche-lissabon-schnittmuster\/","og_locale":"de_DE","og_type":"article","og_title":"\u2702\ufe0f Schnittmuster Tasche Lissabon\ud83e\udd66\ud83c\udf45","og_description":"Die Tasche Lissabon ist die perfekte Tasche f\u00fcr den t\u00e4glichen Einkauf auf dem Markt oder im Supermarkt. Sie ist leicht zu n\u00e4hen und leicht zu reinigen.","og_url":"https:\/\/cheznu.tv\/familymanagement\/produkt\/tasche-lissabon-schnittmuster\/","og_site_name":"ChezNU.TV","article_publisher":"https:\/\/www.facebook.com\/cheznutv\/","article_modified_time":"2023-08-19T22:00:02+00:00","og_image":[{"width":1080,"height":1080,"url":"https:\/\/cheznu.tv\/familymanagement\/wp-content\/uploads\/2023\/03\/Tasche-Lissabon-Schnittmuster-von-vorne.jpg","type":"image\/jpeg"}],"twitter_card":"summary_large_image","twitter_site":"@cheznu_family","twitter_misc":{"Gesch\u00e4tzte Lesezeit":"1\u00a0Minute"},"schema":{"@context":"https:\/\/schema.org","@graph":[{"@type":"WebPage","@id":"https:\/\/cheznu.tv\/familymanagement\/produkt\/tasche-lissabon-schnittmuster\/","url":"https:\/\/cheznu.tv\/familymanagement\/produkt\/tasche-lissabon-schnittmuster\/","name":"\u2702\ufe0f Schnittmuster Tasche Lissabon\ud83e\udd66\ud83c\udf45","isPartOf":{"@id":"https:\/\/cheznu.tv\/familymanagement\/#website"},"primaryImageOfPage":{"@id":"https:\/\/cheznu.tv\/familymanagement\/produkt\/tasche-lissabon-schnittmuster\/#primaryimage"},"image":{"@id":"https:\/\/cheznu.tv\/familymanagement\/produkt\/tasche-lissabon-schnittmuster\/#primaryimage"},"thumbnailUrl":"https:\/\/cheznu.tv\/familymanagement\/wp-content\/uploads\/2023\/03\/Tasche-Lissabon-Schnittmuster-von-vorne.jpg","datePublished":"2023-03-05T08:45:27+00:00","dateModified":"2023-08-19T22:00:02+00:00","description":"Die Tasche Lissabon ist die perfekte Tasche f\u00fcr den t\u00e4glichen Einkauf auf dem Markt oder im Supermarkt. Sie ist leicht zu n\u00e4hen und leicht zu reinigen.","breadcrumb":{"@id":"https:\/\/cheznu.tv\/familymanagement\/produkt\/tasche-lissabon-schnittmuster\/#breadcrumb"},"inLanguage":"de","potentialAction":[{"@type":"ReadAction","target":["https:\/\/cheznu.tv\/familymanagement\/produkt\/tasche-lissabon-schnittmuster\/"]}]},{"@type":"ImageObject","inLanguage":"de","@id":"https:\/\/cheznu.tv\/familymanagement\/produkt\/tasche-lissabon-schnittmuster\/#primaryimage","url":"https:\/\/cheznu.tv\/familymanagement\/wp-content\/uploads\/2023\/03\/Tasche-Lissabon-Schnittmuster-von-vorne.jpg","contentUrl":"https:\/\/cheznu.tv\/familymanagement\/wp-content\/uploads\/2023\/03\/Tasche-Lissabon-Schnittmuster-von-vorne.jpg","width":1080,"height":1080,"caption":"Tasche Lissabon Schnittmuster - von vorne"},{"@type":"BreadcrumbList","@id":"https:\/\/cheznu.tv\/familymanagement\/produkt\/tasche-lissabon-schnittmuster\/#breadcrumb","itemListElement":[{"@type":"ListItem","position":1,"name":"Startseite","item":"https:\/\/cheznu.tv\/familymanagement\/"},{"@type":"ListItem","position":2,"name":"Shop","item":"https:\/\/cheznu.tv\/familymanagement\/shop\/"},{"@type":"ListItem","position":3,"name":"Einkaufstasche \ud83c\udf4b\ud83c\udf47Tasche Lissabon \ud83e\udd66\ud83c\udf45 Schnittmuster zum Ausdrucken"}]},{"@type":"WebSite","@id":"https:\/\/cheznu.tv\/familymanagement\/#website","url":"https:\/\/cheznu.tv\/familymanagement\/","name":"ChezNU.TV","description":"N\u00e4hen | Basteln | Haushalt | Familie","potentialAction":[{"@type":"SearchAction","target":{"@type":"EntryPoint","urlTemplate":"https:\/\/cheznu.tv\/familymanagement\/?s={search_term_string}"},"query-input":{"@type":"PropertyValueSpecification","valueRequired":true,"valueName":"search_term_string"}}],"inLanguage":"de"}]}},"_links":{"self":[{"href":"https:\/\/cheznu.tv\/familymanagement\/wp-json\/wp\/v2\/product\/82030","targetHints":{"allow":["GET"]}}],"collection":[{"href":"https:\/\/cheznu.tv\/familymanagement\/wp-json\/wp\/v2\/product"}],"about":[{"href":"https:\/\/cheznu.tv\/familymanagement\/wp-json\/wp\/v2\/types\/product"}],"replies":[{"embeddable":true,"href":"https:\/\/cheznu.tv\/familymanagement\/wp-json\/wp\/v2\/comments?post=82030"}],"wp:featuredmedia":[{"embeddable":true,"href":"https:\/\/cheznu.tv\/familymanagement\/wp-json\/wp\/v2\/media\/82043"}],"wp:attachment":[{"href":"https:\/\/cheznu.tv\/familymanagement\/wp-json\/wp\/v2\/media?parent=82030"}],"wp:term":[{"taxonomy":"product_brand","embeddable":true,"href":"https:\/\/cheznu.tv\/familymanagement\/wp-json\/wp\/v2\/product_brand?post=82030"},{"taxonomy":"product_cat","embeddable":true,"href":"https:\/\/cheznu.tv\/familymanagement\/wp-json\/wp\/v2\/product_cat?post=82030"},{"taxonomy":"product_tag","embeddable":true,"href":"https:\/\/cheznu.tv\/familymanagement\/wp-json\/wp\/v2\/product_tag?post=82030"}],"curies":[{"name":"wp","href":"https:\/\/api.w.org\/{rel}","templated":true}]}}