{"id":79882,"date":"2022-12-25T17:00:15","date_gmt":"2022-12-25T16:00:15","guid":{"rendered":"https:\/\/cheznu.tv\/familymanagement\/?post_type=product&#038;p=79882"},"modified":"2024-08-16T16:03:42","modified_gmt":"2024-08-16T14:03:42","slug":"taeschchen-los-angeles-schnittmuster","status":"publish","type":"product","link":"https:\/\/cheznu.tv\/familymanagement\/produkt\/taeschchen-los-angeles-schnittmuster\/","title":{"rendered":"T\u00e4schchen Los Angeles \u2702\ufe0f gratis Schnittmuster zum Herunterladen und Ausdrucken"},"content":{"rendered":"<p>Die Videoanleitung f\u00fcr das T\u00e4schchen Los Angeles findest Du hier:<\/p>\n<p><a href=\"https:\/\/cheznu.tv\/familymanagement\/taeschchen-los-angeles-anleitung\/\">T\u00e4schchen n\u00e4hen mit Reissverschluss \ud83e\uddf5 Schnittmuster T\u00e4schchen Los Angeles<\/a><\/p>\n<p><a href='https:\/\/www.spoonflower.com\/profiles\/cheznu_tv' target='_blank' title='Spoonflower-Shop mit den ChezNU-Designs'>Unseren neuen Spoonflower-Shop mit Stoffen im ChezNU-Design findest Du hier.<\/a><\/p><p>Neben dem Schnittmuster \/ Schema \/ Anleitung \/ Plotterdatei erh\u00e4ltst Du als Teil der erworbenen Leistung (gilt auch f\u00fcr kostenlose Produkte) auch unseren kostenlosen Newsletter \u201eSchnittmuster-Alarm\u201c. Im Schnittmuster-Alarm informieren wir haupts\u00e4chlich, aber nicht ausschliesslich \u00fcber neue Schnittmuster, Anleitungen, DIY-Projekte, Angebote in unserem Shop, Angebote in anderen Shops, Materialbezugsquellen und allem was irgendwie mit N\u00e4hen, H\u00e4keln, Basteln, Stricken, Upcycling, Organisation und Familie zu tun hat.<\/p><p>Nach Deiner Bestellung erh\u00e4ltst Du die E-Mails automatisch. Du kannst sie allerdings jederzeit und ohne Angabe von Gr\u00fcnden \u00fcber den Link am Ende jeder E-Mail abbestellen.<br>\n\tDie Transparenzerkl\u00e4rung zu unserem Schnittmuster-Alarm findest Du <a title='Transparenzerkl\u00e4rung' href='https:\/\/cheznu.tv\/familymanagement\/transparenzerklaerung-zum-schnittmuster-alarm-newsletter\/' target='_blank'>hier<\/a><\/p>\n<p><strong>Zum Schnittmuster<\/strong><\/p>\n<p>Das Schnittmuster kommt als PDF, wenn es sich um mehrere PDFs handelt packen wir diese in eine ZIP-Datei. Diese muss erst abgespeichert und entpackt werden, bevor man sie auf A4-Papier (Standard) ausdrucken und dann zusammenkleben kann.<br \/>\nFalls Du das noch nie gemacht hast findest Du eine Anleitung in unseren <a href=\"https:\/\/cheznu.tv\/familymanagement\/faq\/\">FAQs<\/a>.<\/p>\n<p>So entf\u00e4llt das l\u00e4stige Schnittmuster kopieren mit teurem Seidenpapier. Das Schnittmuster kann nach dem Zusammenkleben direkt ausgeschnitten werden.<\/p>\n<p>Bitte beachte, die richtigen Druckoptionen einzustellen. Das funktioniert genauso, wie bei Burda.<br \/>\n<a href=\"http:\/\/cheznu.tv\/familymanagement\/burda-schnittmuster-ausdrucken\/\">Burda Schnittmuster Ausdrucken.<\/a><\/p>\n<p>Wie das mit dem Zusammenkleben funktioniert haben wir hier kurz erkl\u00e4rt.<br \/>\n<a href=\"http:\/\/cheznu.tv\/familymanagement\/so-gehts\/\">So geht\u00b4s<\/a>.<\/p>\n<p>Dieser Schnitt darf zu privaten Zwecken und zur Fertigung von Einzelst\u00fccken\/Kleinserien (bis 5 Modelle) unter Nennung der Herkunft verwendet werden (ChezNU.TV). Massenproduktion der fertigen Ware sowie Kopieren, Weitergabe, Abdruck oder Ver\u00f6ffentlichung (auch teilweise) des Schnittmusters bedarf der schriftlichen Genehmigung. Wenn Du Dir nicht sicher bist, schreibe uns einfach kurz eine <a href=\"mailto:nu@cheznu.tv\">E-Mail.<\/a><\/p>\n<p><img decoding=\"async\" src=\"https:\/\/klick.cheznu.tv\/pix\/1s8wz4na2zfz75e5\" width=\"1\" height=\"1\" \/><\/p>\n","protected":false},"excerpt":{"rendered":"<p>Das T\u00e4schchen Los Angelese ist ein <strong>T\u00e4schchen mit Reissverschluss, Innenfutter und Aussentasche<\/strong>. Es ist ein <strong>einfaches N\u00e4hprojekt und f\u00fcr N\u00e4hanf\u00e4nger geeignet <\/strong>&#8211; und alle, die <strong>nicht viel Zeit<\/strong> haben.<br \/>\nMit dem einfachen Schnittmuster und der Video-Anleitungen kannst du einfach und schnell ein T\u00e4schchen mit Aussentasche, Reissverschluss und einem Innenfutter n\u00e4hen.<\/p>\n<p>Dazu gibt es ein PDF-E-Book mit einer Schritt-f\u00fcr-Schritt-Anleitung. Damit ist sichergestellt, dass dein Projekt zum Erfolg wird.<br \/>\nDu kannst das T\u00e4schchen f\u00fcr Kosmetik, Bastelkram und vieles mehr verwenden.<\/p>\n<p>Die <strong>Videoanleitungen zum T\u00e4schchen <\/strong>findest Du weiter unten verlinkt.<\/p>\n<p>Solltest Du dar\u00fcber hinaus noch fragen zum Schnittmuster haben, schreib uns gerne an: <a href=\"mailto:schnittmuster@cheznu.tv\">schnittmuster@cheznu.tv<\/a><\/p>\n","protected":false},"featured_media":79884,"comment_status":"open","ping_status":"closed","template":"","meta":[],"product_brand":[],"product_cat":[3849,810,811,1071],"product_tag":[854,1920,2456,3611,3523,814,1942,1068,815,1947,1070],"class_list":{"0":"post-79882","1":"product","2":"type-product","3":"status-publish","4":"has-post-thumbnail","6":"product_cat-kulturtasche","7":"product_cat-naehen","8":"product_cat-schnittmuster","9":"product_cat-urlaub","10":"product_tag-anfaenger","11":"product_tag-einfach","12":"product_tag-freebie","13":"product_tag-freebook","14":"product_tag-geschenkidee","15":"product_tag-gratis","16":"product_tag-gratis-schnittmuster","17":"product_tag-kosmetiktaeschen","18":"product_tag-kostenlos","19":"product_tag-kostenloses-schnittmuster","20":"product_tag-taeschchen","22":"first","23":"instock","24":"downloadable","25":"virtual","26":"sold-individually","27":"purchasable","28":"product-type-simple"},"yoast_head":"<!-- This site is optimized with the Yoast SEO plugin v27.5 - https:\/\/yoast.com\/product\/yoast-seo-wordpress\/ -->\n<title>Gratis Schnittmuster: T\u00e4schchen Los Angeles f\u00fcr Anf\u00e4nger<\/title>\n<meta name=\"description\" content=\"Mit dem gratis Schnittmuster f\u00fcr das T\u00e4schchen Los Angeles kannst Du ein einfaches T\u00e4schchen mit Rei\u00dfveschluss n\u00e4hen. F\u00fcr N\u00e4hanf\u00e4nger.\" \/>\n<meta name=\"robots\" content=\"index, follow, max-snippet:-1, max-image-preview:large, max-video-preview:-1\" \/>\n<link rel=\"canonical\" href=\"https:\/\/cheznu.tv\/familymanagement\/produkt\/taeschchen-los-angeles-schnittmuster\/\" \/>\n<meta property=\"og:locale\" content=\"de_DE\" \/>\n<meta property=\"og:type\" content=\"article\" \/>\n<meta property=\"og:title\" content=\"Gratis Schnittmuster: T\u00e4schchen Los Angeles f\u00fcr Anf\u00e4nger\" \/>\n<meta property=\"og:description\" content=\"Mit dem gratis Schnittmuster f\u00fcr das T\u00e4schchen Los Angeles kannst Du ein einfaches T\u00e4schchen mit Rei\u00dfveschluss n\u00e4hen. F\u00fcr N\u00e4hanf\u00e4nger.\" \/>\n<meta property=\"og:url\" content=\"https:\/\/cheznu.tv\/familymanagement\/produkt\/taeschchen-los-angeles-schnittmuster\/\" \/>\n<meta property=\"og:site_name\" content=\"ChezNU.TV\" \/>\n<meta property=\"article:publisher\" content=\"https:\/\/www.facebook.com\/cheznutv\/\" \/>\n<meta property=\"article:modified_time\" content=\"2024-08-16T14:03:42+00:00\" \/>\n<meta property=\"og:image\" content=\"https:\/\/cheznu.tv\/familymanagement\/wp-content\/uploads\/2022\/12\/Taeschchen-naehen-mit-Reissverschluss-Schnittmuster-Los-Angeles-mit-Inhalt.jpg\" \/>\n\t<meta property=\"og:image:width\" content=\"1080\" \/>\n\t<meta property=\"og:image:height\" content=\"1080\" \/>\n\t<meta property=\"og:image:type\" content=\"image\/jpeg\" \/>\n<meta name=\"twitter:card\" content=\"summary_large_image\" \/>\n<meta name=\"twitter:site\" content=\"@cheznu_family\" \/>\n<meta name=\"twitter:label1\" content=\"Gesch\u00e4tzte Lesezeit\" \/>\n\t<meta name=\"twitter:data1\" content=\"2\u00a0Minuten\" \/>\n<script type=\"application\/ld+json\" class=\"yoast-schema-graph\">{\"@context\":\"https:\\\/\\\/schema.org\",\"@graph\":[{\"@type\":\"WebPage\",\"@id\":\"https:\\\/\\\/cheznu.tv\\\/familymanagement\\\/produkt\\\/taeschchen-los-angeles-schnittmuster\\\/\",\"url\":\"https:\\\/\\\/cheznu.tv\\\/familymanagement\\\/produkt\\\/taeschchen-los-angeles-schnittmuster\\\/\",\"name\":\"Gratis Schnittmuster: T\u00e4schchen Los Angeles f\u00fcr Anf\u00e4nger\",\"isPartOf\":{\"@id\":\"https:\\\/\\\/cheznu.tv\\\/familymanagement\\\/#website\"},\"primaryImageOfPage\":{\"@id\":\"https:\\\/\\\/cheznu.tv\\\/familymanagement\\\/produkt\\\/taeschchen-los-angeles-schnittmuster\\\/#primaryimage\"},\"image\":{\"@id\":\"https:\\\/\\\/cheznu.tv\\\/familymanagement\\\/produkt\\\/taeschchen-los-angeles-schnittmuster\\\/#primaryimage\"},\"thumbnailUrl\":\"https:\\\/\\\/cheznu.tv\\\/familymanagement\\\/wp-content\\\/uploads\\\/2022\\\/12\\\/Taeschchen-naehen-mit-Reissverschluss-Schnittmuster-Los-Angeles-mit-Inhalt.jpg\",\"datePublished\":\"2022-12-25T16:00:15+00:00\",\"dateModified\":\"2024-08-16T14:03:42+00:00\",\"description\":\"Mit dem gratis Schnittmuster f\u00fcr das T\u00e4schchen Los Angeles kannst Du ein einfaches T\u00e4schchen mit Rei\u00dfveschluss n\u00e4hen. F\u00fcr N\u00e4hanf\u00e4nger.\",\"breadcrumb\":{\"@id\":\"https:\\\/\\\/cheznu.tv\\\/familymanagement\\\/produkt\\\/taeschchen-los-angeles-schnittmuster\\\/#breadcrumb\"},\"inLanguage\":\"de\",\"potentialAction\":[{\"@type\":\"ReadAction\",\"target\":[\"https:\\\/\\\/cheznu.tv\\\/familymanagement\\\/produkt\\\/taeschchen-los-angeles-schnittmuster\\\/\"]}]},{\"@type\":\"ImageObject\",\"inLanguage\":\"de\",\"@id\":\"https:\\\/\\\/cheznu.tv\\\/familymanagement\\\/produkt\\\/taeschchen-los-angeles-schnittmuster\\\/#primaryimage\",\"url\":\"https:\\\/\\\/cheznu.tv\\\/familymanagement\\\/wp-content\\\/uploads\\\/2022\\\/12\\\/Taeschchen-naehen-mit-Reissverschluss-Schnittmuster-Los-Angeles-mit-Inhalt.jpg\",\"contentUrl\":\"https:\\\/\\\/cheznu.tv\\\/familymanagement\\\/wp-content\\\/uploads\\\/2022\\\/12\\\/Taeschchen-naehen-mit-Reissverschluss-Schnittmuster-Los-Angeles-mit-Inhalt.jpg\",\"width\":1080,\"height\":1080,\"caption\":\"T\u00e4schchen n\u00e4hen mit Reissverschluss Schnittmuster Los Angeles mit Inhalt\"},{\"@type\":\"BreadcrumbList\",\"@id\":\"https:\\\/\\\/cheznu.tv\\\/familymanagement\\\/produkt\\\/taeschchen-los-angeles-schnittmuster\\\/#breadcrumb\",\"itemListElement\":[{\"@type\":\"ListItem\",\"position\":1,\"name\":\"Startseite\",\"item\":\"https:\\\/\\\/cheznu.tv\\\/familymanagement\\\/\"},{\"@type\":\"ListItem\",\"position\":2,\"name\":\"Shop\",\"item\":\"https:\\\/\\\/cheznu.tv\\\/familymanagement\\\/shop\\\/\"},{\"@type\":\"ListItem\",\"position\":3,\"name\":\"T\u00e4schchen Los Angeles \u2702\ufe0f gratis Schnittmuster zum Herunterladen und Ausdrucken\"}]},{\"@type\":\"WebSite\",\"@id\":\"https:\\\/\\\/cheznu.tv\\\/familymanagement\\\/#website\",\"url\":\"https:\\\/\\\/cheznu.tv\\\/familymanagement\\\/\",\"name\":\"ChezNU.TV\",\"description\":\"N\u00e4hen | Basteln | Haushalt | Familie\",\"potentialAction\":[{\"@type\":\"SearchAction\",\"target\":{\"@type\":\"EntryPoint\",\"urlTemplate\":\"https:\\\/\\\/cheznu.tv\\\/familymanagement\\\/?s={search_term_string}\"},\"query-input\":{\"@type\":\"PropertyValueSpecification\",\"valueRequired\":true,\"valueName\":\"search_term_string\"}}],\"inLanguage\":\"de\"}]}<\/script>\n<!-- \/ Yoast SEO plugin. -->","yoast_head_json":{"title":"Gratis Schnittmuster: T\u00e4schchen Los Angeles f\u00fcr Anf\u00e4nger","description":"Mit dem gratis Schnittmuster f\u00fcr das T\u00e4schchen Los Angeles kannst Du ein einfaches T\u00e4schchen mit Rei\u00dfveschluss n\u00e4hen. F\u00fcr N\u00e4hanf\u00e4nger.","robots":{"index":"index","follow":"follow","max-snippet":"max-snippet:-1","max-image-preview":"max-image-preview:large","max-video-preview":"max-video-preview:-1"},"canonical":"https:\/\/cheznu.tv\/familymanagement\/produkt\/taeschchen-los-angeles-schnittmuster\/","og_locale":"de_DE","og_type":"article","og_title":"Gratis Schnittmuster: T\u00e4schchen Los Angeles f\u00fcr Anf\u00e4nger","og_description":"Mit dem gratis Schnittmuster f\u00fcr das T\u00e4schchen Los Angeles kannst Du ein einfaches T\u00e4schchen mit Rei\u00dfveschluss n\u00e4hen. F\u00fcr N\u00e4hanf\u00e4nger.","og_url":"https:\/\/cheznu.tv\/familymanagement\/produkt\/taeschchen-los-angeles-schnittmuster\/","og_site_name":"ChezNU.TV","article_publisher":"https:\/\/www.facebook.com\/cheznutv\/","article_modified_time":"2024-08-16T14:03:42+00:00","og_image":[{"width":1080,"height":1080,"url":"https:\/\/cheznu.tv\/familymanagement\/wp-content\/uploads\/2022\/12\/Taeschchen-naehen-mit-Reissverschluss-Schnittmuster-Los-Angeles-mit-Inhalt.jpg","type":"image\/jpeg"}],"twitter_card":"summary_large_image","twitter_site":"@cheznu_family","twitter_misc":{"Gesch\u00e4tzte Lesezeit":"2\u00a0Minuten"},"schema":{"@context":"https:\/\/schema.org","@graph":[{"@type":"WebPage","@id":"https:\/\/cheznu.tv\/familymanagement\/produkt\/taeschchen-los-angeles-schnittmuster\/","url":"https:\/\/cheznu.tv\/familymanagement\/produkt\/taeschchen-los-angeles-schnittmuster\/","name":"Gratis Schnittmuster: T\u00e4schchen Los Angeles f\u00fcr Anf\u00e4nger","isPartOf":{"@id":"https:\/\/cheznu.tv\/familymanagement\/#website"},"primaryImageOfPage":{"@id":"https:\/\/cheznu.tv\/familymanagement\/produkt\/taeschchen-los-angeles-schnittmuster\/#primaryimage"},"image":{"@id":"https:\/\/cheznu.tv\/familymanagement\/produkt\/taeschchen-los-angeles-schnittmuster\/#primaryimage"},"thumbnailUrl":"https:\/\/cheznu.tv\/familymanagement\/wp-content\/uploads\/2022\/12\/Taeschchen-naehen-mit-Reissverschluss-Schnittmuster-Los-Angeles-mit-Inhalt.jpg","datePublished":"2022-12-25T16:00:15+00:00","dateModified":"2024-08-16T14:03:42+00:00","description":"Mit dem gratis Schnittmuster f\u00fcr das T\u00e4schchen Los Angeles kannst Du ein einfaches T\u00e4schchen mit Rei\u00dfveschluss n\u00e4hen. F\u00fcr N\u00e4hanf\u00e4nger.","breadcrumb":{"@id":"https:\/\/cheznu.tv\/familymanagement\/produkt\/taeschchen-los-angeles-schnittmuster\/#breadcrumb"},"inLanguage":"de","potentialAction":[{"@type":"ReadAction","target":["https:\/\/cheznu.tv\/familymanagement\/produkt\/taeschchen-los-angeles-schnittmuster\/"]}]},{"@type":"ImageObject","inLanguage":"de","@id":"https:\/\/cheznu.tv\/familymanagement\/produkt\/taeschchen-los-angeles-schnittmuster\/#primaryimage","url":"https:\/\/cheznu.tv\/familymanagement\/wp-content\/uploads\/2022\/12\/Taeschchen-naehen-mit-Reissverschluss-Schnittmuster-Los-Angeles-mit-Inhalt.jpg","contentUrl":"https:\/\/cheznu.tv\/familymanagement\/wp-content\/uploads\/2022\/12\/Taeschchen-naehen-mit-Reissverschluss-Schnittmuster-Los-Angeles-mit-Inhalt.jpg","width":1080,"height":1080,"caption":"T\u00e4schchen n\u00e4hen mit Reissverschluss Schnittmuster Los Angeles mit Inhalt"},{"@type":"BreadcrumbList","@id":"https:\/\/cheznu.tv\/familymanagement\/produkt\/taeschchen-los-angeles-schnittmuster\/#breadcrumb","itemListElement":[{"@type":"ListItem","position":1,"name":"Startseite","item":"https:\/\/cheznu.tv\/familymanagement\/"},{"@type":"ListItem","position":2,"name":"Shop","item":"https:\/\/cheznu.tv\/familymanagement\/shop\/"},{"@type":"ListItem","position":3,"name":"T\u00e4schchen Los Angeles \u2702\ufe0f gratis Schnittmuster zum Herunterladen und Ausdrucken"}]},{"@type":"WebSite","@id":"https:\/\/cheznu.tv\/familymanagement\/#website","url":"https:\/\/cheznu.tv\/familymanagement\/","name":"ChezNU.TV","description":"N\u00e4hen | Basteln | Haushalt | Familie","potentialAction":[{"@type":"SearchAction","target":{"@type":"EntryPoint","urlTemplate":"https:\/\/cheznu.tv\/familymanagement\/?s={search_term_string}"},"query-input":{"@type":"PropertyValueSpecification","valueRequired":true,"valueName":"search_term_string"}}],"inLanguage":"de"}]}},"_links":{"self":[{"href":"https:\/\/cheznu.tv\/familymanagement\/wp-json\/wp\/v2\/product\/79882","targetHints":{"allow":["GET"]}}],"collection":[{"href":"https:\/\/cheznu.tv\/familymanagement\/wp-json\/wp\/v2\/product"}],"about":[{"href":"https:\/\/cheznu.tv\/familymanagement\/wp-json\/wp\/v2\/types\/product"}],"replies":[{"embeddable":true,"href":"https:\/\/cheznu.tv\/familymanagement\/wp-json\/wp\/v2\/comments?post=79882"}],"wp:featuredmedia":[{"embeddable":true,"href":"https:\/\/cheznu.tv\/familymanagement\/wp-json\/wp\/v2\/media\/79884"}],"wp:attachment":[{"href":"https:\/\/cheznu.tv\/familymanagement\/wp-json\/wp\/v2\/media?parent=79882"}],"wp:term":[{"taxonomy":"product_brand","embeddable":true,"href":"https:\/\/cheznu.tv\/familymanagement\/wp-json\/wp\/v2\/product_brand?post=79882"},{"taxonomy":"product_cat","embeddable":true,"href":"https:\/\/cheznu.tv\/familymanagement\/wp-json\/wp\/v2\/product_cat?post=79882"},{"taxonomy":"product_tag","embeddable":true,"href":"https:\/\/cheznu.tv\/familymanagement\/wp-json\/wp\/v2\/product_tag?post=79882"}],"curies":[{"name":"wp","href":"https:\/\/api.w.org\/{rel}","templated":true}]}}