{"id":79669,"date":"2022-12-18T22:00:53","date_gmt":"2022-12-18T21:00:53","guid":{"rendered":"https:\/\/cheznu.tv\/familymanagement\/?post_type=product&#038;p=79669"},"modified":"2024-06-03T14:18:30","modified_gmt":"2024-06-03T12:18:30","slug":"ak202219-anfaenger-5","status":"publish","type":"product","link":"https:\/\/cheznu.tv\/familymanagement\/produkt\/ak202219-anfaenger-5\/","title":{"rendered":"Adventskalender T\u00fcr 19 \ud83d\udd6f\ud83d\udd6f\ud83d\udd6f\ud83d\udd6f Schnittmuster-Paket: Kleidung n\u00e4hen f\u00fcr Anf\u00e4nger V"},"content":{"rendered":"<p>Die N\u00e4hanleitungen mit vielen Bildern sowie das\u00a0\u00a0Anleitungsvideo findest Du hier:<\/p>\n<ul>\n<li><a href=\"https:\/\/cheznu.tv\/familymanagement\/pullover-romy-anleitung\/\">Zwiebelllook-Pullover n\u00e4hen f\u00fcr Anf\u00e4nger \ud83e\uddc5 Pullover Romy<\/a><\/li>\n<li><a href=\"https:\/\/cheznu.tv\/familymanagement\/shirt-fleur-anleitung\/\">Shirt mit \u00fcberlappendem V-Ausschnitt n\u00e4hen \ud83c\udf39 Langarm-Shirt Fleur<\/a><\/li>\n<li><a href=\"https:\/\/cheznu.tv\/familymanagement\/palazzo-hose-kira-anleitung\/\">Weite Hose mit Gummizug n\u00e4hen \u2702\ufe0f Palazzo Hose Kira<\/a><\/li>\n<li><a href=\"https:\/\/cheznu.tv\/familymanagement\/wasserfall-shirt-selina-anleitung\/\">T-Shirt mit Wasserfallkragen n\u00e4hen nach dem Schnittmuster Wasserfallshirt Selina<\/a><\/li>\n<li><a href=\"https:\/\/cheznu.tv\/familymanagement\/shirt-tessa-anleitung\/\">Schlankmacher-Shirt n\u00e4hen \u2b50 Shirt Tessa<\/a><\/li>\n<\/ul>\n<p><a href='https:\/\/www.spoonflower.com\/profiles\/cheznu_tv' target='_blank' title='Spoonflower-Shop mit den ChezNU-Designs'>Unseren neuen Spoonflower-Shop mit Stoffen im ChezNU-Design findest Du hier.<\/a><\/p><p>Neben dem Schnittmuster \/ Schema \/ Anleitung \/ Plotterdatei erh\u00e4ltst Du als Teil der erworbenen Leistung (gilt auch f\u00fcr kostenlose Produkte) auch unseren kostenlosen Newsletter \u201eSchnittmuster-Alarm\u201c. Im Schnittmuster-Alarm informieren wir haupts\u00e4chlich, aber nicht ausschliesslich \u00fcber neue Schnittmuster, Anleitungen, DIY-Projekte, Angebote in unserem Shop, Angebote in anderen Shops, Materialbezugsquellen und allem was irgendwie mit N\u00e4hen, H\u00e4keln, Basteln, Stricken, Upcycling, Organisation und Familie zu tun hat.<\/p><p>Nach Deiner Bestellung erh\u00e4ltst Du die E-Mails automatisch. Du kannst sie allerdings jederzeit und ohne Angabe von Gr\u00fcnden \u00fcber den Link am Ende jeder E-Mail abbestellen.<br>\n\tDie Transparenzerkl\u00e4rung zu unserem Schnittmuster-Alarm findest Du <a title='Transparenzerkl\u00e4rung' href='https:\/\/cheznu.tv\/familymanagement\/transparenzerklaerung-zum-schnittmuster-alarm-newsletter\/' target='_blank'>hier<\/a><\/p>\n<p><strong>Zum Schnittmuster<\/strong><\/p>\n<p>Das Schnittmuster kommt als PDF und kann auf A4-Papier (Standard) ausgedruckt und dann zusammengeklebt werden.<br \/>\nSo entf\u00e4llt das l\u00e4stige Schnittmuster kopieren mit teurem Seidenpapier. Das Schnittmuster kann nach dem Zusammenkleben direkt ausgeschnitten werden.<\/p>\n<p>Bitte beachte, die richtigen Druckoptionen einzustellen. Das funktioniert genauso, wie bei Burda.<br \/>\n<a href=\"http:\/\/cheznu.tv\/familymanagement\/burda-schnittmuster-ausdrucken\/\">Burda Schnittmuster Ausdrucken.<\/a><\/p>\n<p>Wie das mit dem Zusammenkleben funktioniert haben wir hier kurz erkl\u00e4rt.<br \/>\n<a href=\"http:\/\/cheznu.tv\/familymanagement\/so-gehts\/\">So geht\u00b4s<\/a>.<\/p>\n<p>Dieser Schnitt darf zu privaten Zwecken und zur Fertigung von Einzelst\u00fccken\/Kleinserien (bis 5 Modelle) unter Nennung der Herkunft verwendet werden (ChezNU.TV). Massenproduktion der fertigen Ware sowie Kopieren, Weitergabe, Abdruck oder Ver\u00f6ffentlichung (auch teilweise) des Schnittmusters bedarf der schriftlichen Genehmigung. Wenn Du Dir nicht sicher bist, schreibe uns einfach kurz eine <a href=\"mailto:nu@cheznu.tv\">E-Mail.<\/a><\/p>\n<p><img decoding=\"async\" src=\"https:\/\/klick.cheznu.tv\/pix\/1jqcz4na2zfze5d5\" width=\"1\" height=\"1\" \/><\/p>\n","protected":false},"excerpt":{"rendered":"<p><strong>Das Schnittmuster-Paket enth\u00e4lt 5 Schnittmuster (f\u00fcr Anf\u00e4nger).<\/strong><\/p>\n<p>Das Schnittmuster zum <a href=\"https:\/\/cheznu.tv\/familymanagement\/produkt\/pullover-romy-schnittmuster\/\"><strong>Pullover Romy<\/strong><\/a> ist ideal f\u00fcr den Zwiebellook. Er hat einen relativ grossen Ausschnitt und ist insgesamt so geschnitten, dass er perfekt zum Dr\u00fcber-tragen ist.<br \/>\nEgal ob \u00fcber einem Rollkragenshirt oder einer Bluse, der Pulli Romy sieht super aus.<\/p>\n<p>Das <a href=\"https:\/\/cheznu.tv\/familymanagement\/produkt\/shirt-fleur-schnittmuster\/\"><strong>Shirt Fleur<\/strong><\/a> ist ein Langarmshirt mit V-Ausschnitt. Der V-Ausschnitt wird so gen\u00e4ht, dass er sich vorne in der Spitze \u00fcberlappt. Das Shirt ist leicht tailliert.<br \/>\nDas Schnittmuster f\u00fcr das Shirt Fleur ist f\u00fcr Jersey designt. Wir empfehlen Baumwolle oder Viskosejersey. Es ist in den Gr\u00f6ssen 36-52 verf\u00fcgbar.<br \/>\nWir haben au\u00dferdem noch Plotts auf das Shirt aufgebracht. Den <a href=\"https:\/\/cheznu.tv\/familymanagement\/produkt\/rose-one-line-art-plotterdatei\/\">Plott f\u00fcr die Rose<\/a> findest Du hier und den Plott f\u00fcr den Schriftzug findest Du hier (sobald er online ist).<\/p>\n<p>Die <a href=\"https:\/\/cheznu.tv\/familymanagement\/produkt\/palazzo-hose-kira-schnittmuster\/\"><strong>Hose Kira<\/strong><\/a> ist eine weite Hose mit Gummizug im Palazzo-Stil. Die Hose ist oben etwas schmaler geschnitten, daf\u00fcr unten umso weiter. Der Gummizug macht die Hose nicht nur sehr einfach zu n\u00e4hen, sondern auch sehr bequem zu tragen.\u00a0Das Schnittmuster sieht Taschen in der Seitennaht vor, diese k\u00f6nnen aber auch ganz einfach weggelassen werden. Verf\u00fcgbar ist es in den\u00a0Gr\u00f6ssen 36-52 und ich finde es herrlich bequem.<br \/>\nUnser Design ist f\u00fcr Webware ausgelegt. Entscheide Dich am am besten f\u00fcr einen fliessenden, nicht zu dicken Stoff, wie Viskose, Seide, Lyocell \/ Tencell oder \u00e4hnliches.<\/p>\n<p>Das <a href=\"https:\/\/cheznu.tv\/familymanagement\/produkt\/wasserfall-shirt-selina-schnittmuster\/\"><strong>T-Shirt Selina<\/strong><\/a> ist ein Shirt mit Wasserfallkragen. Es ist leicht tailliert und hat kurze \u00c4rmel.\u00a0 Es ist einfach zu n\u00e4hen und herrlich zu tragen. Das Schnittmuster ist f\u00fcr elastische Stoffe designt. Wir empfehlen fliessenden Jersey Stoffe aus Baumwolle, besser noch Viskosejersey.<\/p>\n<p>Das <a href=\"https:\/\/cheznu.tv\/familymanagement\/produkt\/shirt-tessa-schnittmuster\/\"><strong>Shirt Tessa<\/strong><\/a> hat 3 Besonderheiten:<\/p>\n<ol>\n<li>Dieser geniale \u00fcberkreuzte V-Ausschnitt. Nicht nur super angenehm zu tragen, er sieht auch super aus<\/li>\n<li>Die Teilungsn\u00e4hte, die den ganzen Oberk\u00f6rper optisch strecken und den Tr\u00e4ger somit schlanker wirken lassen<\/li>\n<li>Die super raffiniert gearbeitete innenliegende K\u00e4ngurutasche.<\/li>\n<\/ol>\n<p><strong>Das Paket gibt es nur am 19. Dezember 2022!<\/strong><\/p>\n","protected":false},"featured_media":72507,"comment_status":"open","ping_status":"closed","template":"","meta":[],"product_brand":[],"product_cat":[15],"product_tag":[],"class_list":{"0":"post-79669","1":"product","2":"type-product","3":"status-publish","4":"has-post-thumbnail","6":"product_cat-uncategorized","8":"first","9":"instock","10":"downloadable","11":"virtual","12":"sold-individually","13":"purchasable","14":"product-type-simple"},"yoast_head":"<!-- This site is optimized with the Yoast SEO plugin v27.4 - https:\/\/yoast.com\/product\/yoast-seo-wordpress\/ -->\n<title>Adventskalender T\u00fcr 19 \ud83d\udd6f\ud83d\udd6f\ud83d\udd6f\ud83d\udd6f Schnittmuster-Paket: Kleidung n\u00e4hen f\u00fcr Anf\u00e4nger V - ChezNU.TV<\/title>\n<meta name=\"robots\" content=\"index, follow, max-snippet:-1, max-image-preview:large, max-video-preview:-1\" \/>\n<link rel=\"canonical\" href=\"https:\/\/cheznu.tv\/familymanagement\/produkt\/ak202219-anfaenger-5\/\" \/>\n<meta property=\"og:locale\" content=\"de_DE\" \/>\n<meta property=\"og:type\" content=\"article\" \/>\n<meta property=\"og:title\" content=\"Adventskalender T\u00fcr 19 \ud83d\udd6f\ud83d\udd6f\ud83d\udd6f\ud83d\udd6f Schnittmuster-Paket: Kleidung n\u00e4hen f\u00fcr Anf\u00e4nger V - ChezNU.TV\" \/>\n<meta property=\"og:description\" content=\"Das Schnittmuster-Paket enth\u00e4lt 5 Schnittmuster (f\u00fcr Anf\u00e4nger).  Das Schnittmuster zum Pullover Romy ist ideal f\u00fcr den Zwiebellook. Er hat einen relativ grossen Ausschnitt und ist insgesamt so geschnitten, dass er perfekt zum Dr\u00fcber-tragen ist. Egal ob \u00fcber einem Rollkragenshirt oder einer Bluse, der Pulli Romy sieht super aus.  Das Shirt Fleur ist ein Langarmshirt mit V-Ausschnitt. Der V-Ausschnitt wird so gen\u00e4ht, dass er sich vorne in der Spitze \u00fcberlappt. Das Shirt ist leicht tailliert. Das Schnittmuster f\u00fcr das Shirt Fleur ist f\u00fcr Jersey designt. Wir empfehlen Baumwolle oder Viskosejersey. Es ist in den Gr\u00f6ssen 36-52 verf\u00fcgbar. Wir haben au\u00dferdem noch Plotts auf das Shirt aufgebracht. Den Plott f\u00fcr die Rose findest Du hier und den Plott f\u00fcr den Schriftzug findest Du hier (sobald er online ist).  Die Hose Kira ist eine weite Hose mit Gummizug im Palazzo-Stil. Die Hose ist oben etwas schmaler geschnitten, daf\u00fcr unten umso weiter. Der Gummizug macht die Hose nicht nur sehr einfach zu n\u00e4hen, sondern auch sehr bequem zu tragen.\u00a0Das Schnittmuster sieht Taschen in der Seitennaht vor, diese k\u00f6nnen aber auch ganz einfach weggelassen werden. Verf\u00fcgbar ist es in den\u00a0Gr\u00f6ssen 36-52 und ich finde es herrlich bequem. Unser Design ist f\u00fcr Webware ausgelegt. Entscheide Dich am am besten f\u00fcr einen fliessenden, nicht zu dicken Stoff, wie Viskose, Seide, Lyocell \/ Tencell oder \u00e4hnliches.  Das T-Shirt Selina ist ein Shirt mit Wasserfallkragen. Es ist leicht tailliert und hat kurze \u00c4rmel.\u00a0 Es ist einfach zu n\u00e4hen und herrlich zu tragen. Das Schnittmuster ist f\u00fcr elastische Stoffe designt. Wir empfehlen fliessenden Jersey Stoffe aus Baumwolle, besser noch Viskosejersey.  Das Shirt Tessa hat 3 Besonderheiten:   Dieser geniale \u00fcberkreuzte V-Ausschnitt. Nicht nur super angenehm zu tragen, er sieht auch super aus  Die Teilungsn\u00e4hte, die den ganzen Oberk\u00f6rper optisch strecken und den Tr\u00e4ger somit schlanker wirken lassen  Die super raffiniert gearbeitete innenliegende K\u00e4ngurutasche.  Das Paket gibt es nur am 19. Dezember 2022!\" \/>\n<meta property=\"og:url\" content=\"https:\/\/cheznu.tv\/familymanagement\/produkt\/ak202219-anfaenger-5\/\" \/>\n<meta property=\"og:site_name\" content=\"ChezNU.TV\" \/>\n<meta property=\"article:publisher\" content=\"https:\/\/www.facebook.com\/cheznutv\/\" \/>\n<meta property=\"article:modified_time\" content=\"2024-06-03T12:18:30+00:00\" \/>\n<meta property=\"og:image\" content=\"https:\/\/cheznu.tv\/familymanagement\/wp-content\/uploads\/2020\/10\/3D-Stofmaske-naehen-Artikelbild.jpg\" \/>\n\t<meta property=\"og:image:width\" content=\"1200\" \/>\n\t<meta property=\"og:image:height\" content=\"630\" \/>\n\t<meta property=\"og:image:type\" content=\"image\/jpeg\" \/>\n<meta name=\"twitter:card\" content=\"summary_large_image\" \/>\n<meta name=\"twitter:image\" content=\"https:\/\/cheznu.tv\/familymanagement\/wp-content\/uploads\/2020\/08\/Stoffbinde-gratis-Schnittmuster-von-oben-offen-mit-Fluegel.jpg\" \/>\n<meta name=\"twitter:site\" content=\"@cheznu_family\" \/>\n<meta name=\"twitter:label1\" content=\"Gesch\u00e4tzte Lesezeit\" \/>\n\t<meta name=\"twitter:data1\" content=\"2\u00a0Minuten\" \/>\n<script type=\"application\/ld+json\" class=\"yoast-schema-graph\">{\"@context\":\"https:\\\/\\\/schema.org\",\"@graph\":[{\"@type\":\"WebPage\",\"@id\":\"https:\\\/\\\/cheznu.tv\\\/familymanagement\\\/produkt\\\/ak202219-anfaenger-5\\\/\",\"url\":\"https:\\\/\\\/cheznu.tv\\\/familymanagement\\\/produkt\\\/ak202219-anfaenger-5\\\/\",\"name\":\"Adventskalender T\u00fcr 19 \ud83d\udd6f\ud83d\udd6f\ud83d\udd6f\ud83d\udd6f Schnittmuster-Paket: Kleidung n\u00e4hen f\u00fcr Anf\u00e4nger V - ChezNU.TV\",\"isPartOf\":{\"@id\":\"https:\\\/\\\/cheznu.tv\\\/familymanagement\\\/#website\"},\"primaryImageOfPage\":{\"@id\":\"https:\\\/\\\/cheznu.tv\\\/familymanagement\\\/produkt\\\/ak202219-anfaenger-5\\\/#primaryimage\"},\"image\":{\"@id\":\"https:\\\/\\\/cheznu.tv\\\/familymanagement\\\/produkt\\\/ak202219-anfaenger-5\\\/#primaryimage\"},\"thumbnailUrl\":\"https:\\\/\\\/cheznu.tv\\\/familymanagement\\\/wp-content\\\/uploads\\\/2022\\\/02\\\/Pullover-Romy-Schnittmuster-Tragebild-von-der-Seite-mit-Hand-in-der-Hosentasche-mit-Rolli.jpg\",\"datePublished\":\"2022-12-18T21:00:53+00:00\",\"dateModified\":\"2024-06-03T12:18:30+00:00\",\"breadcrumb\":{\"@id\":\"https:\\\/\\\/cheznu.tv\\\/familymanagement\\\/produkt\\\/ak202219-anfaenger-5\\\/#breadcrumb\"},\"inLanguage\":\"de\",\"potentialAction\":[{\"@type\":\"ReadAction\",\"target\":[\"https:\\\/\\\/cheznu.tv\\\/familymanagement\\\/produkt\\\/ak202219-anfaenger-5\\\/\"]}]},{\"@type\":\"ImageObject\",\"inLanguage\":\"de\",\"@id\":\"https:\\\/\\\/cheznu.tv\\\/familymanagement\\\/produkt\\\/ak202219-anfaenger-5\\\/#primaryimage\",\"url\":\"https:\\\/\\\/cheznu.tv\\\/familymanagement\\\/wp-content\\\/uploads\\\/2022\\\/02\\\/Pullover-Romy-Schnittmuster-Tragebild-von-der-Seite-mit-Hand-in-der-Hosentasche-mit-Rolli.jpg\",\"contentUrl\":\"https:\\\/\\\/cheznu.tv\\\/familymanagement\\\/wp-content\\\/uploads\\\/2022\\\/02\\\/Pullover-Romy-Schnittmuster-Tragebild-von-der-Seite-mit-Hand-in-der-Hosentasche-mit-Rolli.jpg\",\"width\":1080,\"height\":1080,\"caption\":\"Pullover Romy Schnittmuster - Tragebild von der Seite mit Hand in der Hosentasche mit Rolli\"},{\"@type\":\"BreadcrumbList\",\"@id\":\"https:\\\/\\\/cheznu.tv\\\/familymanagement\\\/produkt\\\/ak202219-anfaenger-5\\\/#breadcrumb\",\"itemListElement\":[{\"@type\":\"ListItem\",\"position\":1,\"name\":\"Startseite\",\"item\":\"https:\\\/\\\/cheznu.tv\\\/familymanagement\\\/\"},{\"@type\":\"ListItem\",\"position\":2,\"name\":\"Shop\",\"item\":\"https:\\\/\\\/cheznu.tv\\\/familymanagement\\\/shop\\\/\"},{\"@type\":\"ListItem\",\"position\":3,\"name\":\"Adventskalender T\u00fcr 19 \ud83d\udd6f\ud83d\udd6f\ud83d\udd6f\ud83d\udd6f Schnittmuster-Paket: Kleidung n\u00e4hen f\u00fcr Anf\u00e4nger V\"}]},{\"@type\":\"WebSite\",\"@id\":\"https:\\\/\\\/cheznu.tv\\\/familymanagement\\\/#website\",\"url\":\"https:\\\/\\\/cheznu.tv\\\/familymanagement\\\/\",\"name\":\"ChezNU.TV\",\"description\":\"N\u00e4hen | Basteln | Haushalt | Familie\",\"potentialAction\":[{\"@type\":\"SearchAction\",\"target\":{\"@type\":\"EntryPoint\",\"urlTemplate\":\"https:\\\/\\\/cheznu.tv\\\/familymanagement\\\/?s={search_term_string}\"},\"query-input\":{\"@type\":\"PropertyValueSpecification\",\"valueRequired\":true,\"valueName\":\"search_term_string\"}}],\"inLanguage\":\"de\"}]}<\/script>\n<!-- \/ Yoast SEO plugin. -->","yoast_head_json":{"title":"Adventskalender T\u00fcr 19 \ud83d\udd6f\ud83d\udd6f\ud83d\udd6f\ud83d\udd6f Schnittmuster-Paket: Kleidung n\u00e4hen f\u00fcr Anf\u00e4nger V - ChezNU.TV","robots":{"index":"index","follow":"follow","max-snippet":"max-snippet:-1","max-image-preview":"max-image-preview:large","max-video-preview":"max-video-preview:-1"},"canonical":"https:\/\/cheznu.tv\/familymanagement\/produkt\/ak202219-anfaenger-5\/","og_locale":"de_DE","og_type":"article","og_title":"Adventskalender T\u00fcr 19 \ud83d\udd6f\ud83d\udd6f\ud83d\udd6f\ud83d\udd6f Schnittmuster-Paket: Kleidung n\u00e4hen f\u00fcr Anf\u00e4nger V - ChezNU.TV","og_description":"Das Schnittmuster-Paket enth\u00e4lt 5 Schnittmuster (f\u00fcr Anf\u00e4nger).  Das Schnittmuster zum Pullover Romy ist ideal f\u00fcr den Zwiebellook. Er hat einen relativ grossen Ausschnitt und ist insgesamt so geschnitten, dass er perfekt zum Dr\u00fcber-tragen ist. Egal ob \u00fcber einem Rollkragenshirt oder einer Bluse, der Pulli Romy sieht super aus.  Das Shirt Fleur ist ein Langarmshirt mit V-Ausschnitt. Der V-Ausschnitt wird so gen\u00e4ht, dass er sich vorne in der Spitze \u00fcberlappt. Das Shirt ist leicht tailliert. Das Schnittmuster f\u00fcr das Shirt Fleur ist f\u00fcr Jersey designt. Wir empfehlen Baumwolle oder Viskosejersey. Es ist in den Gr\u00f6ssen 36-52 verf\u00fcgbar. Wir haben au\u00dferdem noch Plotts auf das Shirt aufgebracht. Den Plott f\u00fcr die Rose findest Du hier und den Plott f\u00fcr den Schriftzug findest Du hier (sobald er online ist).  Die Hose Kira ist eine weite Hose mit Gummizug im Palazzo-Stil. Die Hose ist oben etwas schmaler geschnitten, daf\u00fcr unten umso weiter. Der Gummizug macht die Hose nicht nur sehr einfach zu n\u00e4hen, sondern auch sehr bequem zu tragen.\u00a0Das Schnittmuster sieht Taschen in der Seitennaht vor, diese k\u00f6nnen aber auch ganz einfach weggelassen werden. Verf\u00fcgbar ist es in den\u00a0Gr\u00f6ssen 36-52 und ich finde es herrlich bequem. Unser Design ist f\u00fcr Webware ausgelegt. Entscheide Dich am am besten f\u00fcr einen fliessenden, nicht zu dicken Stoff, wie Viskose, Seide, Lyocell \/ Tencell oder \u00e4hnliches.  Das T-Shirt Selina ist ein Shirt mit Wasserfallkragen. Es ist leicht tailliert und hat kurze \u00c4rmel.\u00a0 Es ist einfach zu n\u00e4hen und herrlich zu tragen. Das Schnittmuster ist f\u00fcr elastische Stoffe designt. Wir empfehlen fliessenden Jersey Stoffe aus Baumwolle, besser noch Viskosejersey.  Das Shirt Tessa hat 3 Besonderheiten:   Dieser geniale \u00fcberkreuzte V-Ausschnitt. Nicht nur super angenehm zu tragen, er sieht auch super aus  Die Teilungsn\u00e4hte, die den ganzen Oberk\u00f6rper optisch strecken und den Tr\u00e4ger somit schlanker wirken lassen  Die super raffiniert gearbeitete innenliegende K\u00e4ngurutasche.  Das Paket gibt es nur am 19. Dezember 2022!","og_url":"https:\/\/cheznu.tv\/familymanagement\/produkt\/ak202219-anfaenger-5\/","og_site_name":"ChezNU.TV","article_publisher":"https:\/\/www.facebook.com\/cheznutv\/","article_modified_time":"2024-06-03T12:18:30+00:00","og_image":[{"width":1200,"height":630,"url":"https:\/\/cheznu.tv\/familymanagement\/wp-content\/uploads\/2020\/10\/3D-Stofmaske-naehen-Artikelbild.jpg","type":"image\/jpeg"}],"twitter_card":"summary_large_image","twitter_image":"https:\/\/cheznu.tv\/familymanagement\/wp-content\/uploads\/2020\/08\/Stoffbinde-gratis-Schnittmuster-von-oben-offen-mit-Fluegel.jpg","twitter_site":"@cheznu_family","twitter_misc":{"Gesch\u00e4tzte Lesezeit":"2\u00a0Minuten"},"schema":{"@context":"https:\/\/schema.org","@graph":[{"@type":"WebPage","@id":"https:\/\/cheznu.tv\/familymanagement\/produkt\/ak202219-anfaenger-5\/","url":"https:\/\/cheznu.tv\/familymanagement\/produkt\/ak202219-anfaenger-5\/","name":"Adventskalender T\u00fcr 19 \ud83d\udd6f\ud83d\udd6f\ud83d\udd6f\ud83d\udd6f Schnittmuster-Paket: Kleidung n\u00e4hen f\u00fcr Anf\u00e4nger V - ChezNU.TV","isPartOf":{"@id":"https:\/\/cheznu.tv\/familymanagement\/#website"},"primaryImageOfPage":{"@id":"https:\/\/cheznu.tv\/familymanagement\/produkt\/ak202219-anfaenger-5\/#primaryimage"},"image":{"@id":"https:\/\/cheznu.tv\/familymanagement\/produkt\/ak202219-anfaenger-5\/#primaryimage"},"thumbnailUrl":"https:\/\/cheznu.tv\/familymanagement\/wp-content\/uploads\/2022\/02\/Pullover-Romy-Schnittmuster-Tragebild-von-der-Seite-mit-Hand-in-der-Hosentasche-mit-Rolli.jpg","datePublished":"2022-12-18T21:00:53+00:00","dateModified":"2024-06-03T12:18:30+00:00","breadcrumb":{"@id":"https:\/\/cheznu.tv\/familymanagement\/produkt\/ak202219-anfaenger-5\/#breadcrumb"},"inLanguage":"de","potentialAction":[{"@type":"ReadAction","target":["https:\/\/cheznu.tv\/familymanagement\/produkt\/ak202219-anfaenger-5\/"]}]},{"@type":"ImageObject","inLanguage":"de","@id":"https:\/\/cheznu.tv\/familymanagement\/produkt\/ak202219-anfaenger-5\/#primaryimage","url":"https:\/\/cheznu.tv\/familymanagement\/wp-content\/uploads\/2022\/02\/Pullover-Romy-Schnittmuster-Tragebild-von-der-Seite-mit-Hand-in-der-Hosentasche-mit-Rolli.jpg","contentUrl":"https:\/\/cheznu.tv\/familymanagement\/wp-content\/uploads\/2022\/02\/Pullover-Romy-Schnittmuster-Tragebild-von-der-Seite-mit-Hand-in-der-Hosentasche-mit-Rolli.jpg","width":1080,"height":1080,"caption":"Pullover Romy Schnittmuster - Tragebild von der Seite mit Hand in der Hosentasche mit Rolli"},{"@type":"BreadcrumbList","@id":"https:\/\/cheznu.tv\/familymanagement\/produkt\/ak202219-anfaenger-5\/#breadcrumb","itemListElement":[{"@type":"ListItem","position":1,"name":"Startseite","item":"https:\/\/cheznu.tv\/familymanagement\/"},{"@type":"ListItem","position":2,"name":"Shop","item":"https:\/\/cheznu.tv\/familymanagement\/shop\/"},{"@type":"ListItem","position":3,"name":"Adventskalender T\u00fcr 19 \ud83d\udd6f\ud83d\udd6f\ud83d\udd6f\ud83d\udd6f Schnittmuster-Paket: Kleidung n\u00e4hen f\u00fcr Anf\u00e4nger V"}]},{"@type":"WebSite","@id":"https:\/\/cheznu.tv\/familymanagement\/#website","url":"https:\/\/cheznu.tv\/familymanagement\/","name":"ChezNU.TV","description":"N\u00e4hen | Basteln | Haushalt | Familie","potentialAction":[{"@type":"SearchAction","target":{"@type":"EntryPoint","urlTemplate":"https:\/\/cheznu.tv\/familymanagement\/?s={search_term_string}"},"query-input":{"@type":"PropertyValueSpecification","valueRequired":true,"valueName":"search_term_string"}}],"inLanguage":"de"}]}},"_links":{"self":[{"href":"https:\/\/cheznu.tv\/familymanagement\/wp-json\/wp\/v2\/product\/79669","targetHints":{"allow":["GET"]}}],"collection":[{"href":"https:\/\/cheznu.tv\/familymanagement\/wp-json\/wp\/v2\/product"}],"about":[{"href":"https:\/\/cheznu.tv\/familymanagement\/wp-json\/wp\/v2\/types\/product"}],"replies":[{"embeddable":true,"href":"https:\/\/cheznu.tv\/familymanagement\/wp-json\/wp\/v2\/comments?post=79669"}],"wp:featuredmedia":[{"embeddable":true,"href":"https:\/\/cheznu.tv\/familymanagement\/wp-json\/wp\/v2\/media\/72507"}],"wp:attachment":[{"href":"https:\/\/cheznu.tv\/familymanagement\/wp-json\/wp\/v2\/media?parent=79669"}],"wp:term":[{"taxonomy":"product_brand","embeddable":true,"href":"https:\/\/cheznu.tv\/familymanagement\/wp-json\/wp\/v2\/product_brand?post=79669"},{"taxonomy":"product_cat","embeddable":true,"href":"https:\/\/cheznu.tv\/familymanagement\/wp-json\/wp\/v2\/product_cat?post=79669"},{"taxonomy":"product_tag","embeddable":true,"href":"https:\/\/cheznu.tv\/familymanagement\/wp-json\/wp\/v2\/product_tag?post=79669"}],"curies":[{"name":"wp","href":"https:\/\/api.w.org\/{rel}","templated":true}]}}