{"id":79639,"date":"2022-12-15T22:00:37","date_gmt":"2022-12-15T21:00:37","guid":{"rendered":"https:\/\/cheznu.tv\/familymanagement\/?post_type=product&#038;p=79639"},"modified":"2024-06-03T14:17:57","modified_gmt":"2024-06-03T12:17:57","slug":"ak202216-handtaschen","status":"publish","type":"product","link":"https:\/\/cheznu.tv\/familymanagement\/produkt\/ak202216-handtaschen\/","title":{"rendered":"Adventskalender T\u00fcr 16 \ud83d\udd6f\ud83d\udd6f\ud83d\udd6f Schnittmuster-Paket: Handtaschen"},"content":{"rendered":"<p>Die N\u00e4hanleitungen mit vielen Bildern sowie das\u00a0\u00a0Anleitungsvideo findest Du hier:<\/p>\n<ul>\n<li><a href=\"https:\/\/cheznu.tv\/familymanagement\/handtasche-brighton-anleitung\/\">Einfache Handtasche n\u00e4hen \ud83d\udc5c Handtasche Brighton<\/a><\/li>\n<li><a href=\"https:\/\/cheznu.tv\/familymanagement\/handtasche-mit-klappe-naehen-anleitung-handtasche-valencia\/\">Handtasche mit Klappe n\u00e4hen \ud83c\udf38 Anleitung Schnittmuster Handtasche Valencia<\/a><\/li>\n<li><a href=\"https:\/\/cheznu.tv\/familymanagement\/kosmetiktaeschchen-naehen-new-york\/\">Einfaches Kosmetikt\u00e4schchen n\u00e4hen \ud83d\udc84 New York- rundes T\u00e4schchen in 3 Gr\u00f6ssen<\/a><\/li>\n<li><a href=\"https:\/\/cheznu.tv\/familymanagement\/abendtasche-naehen-schnittmuster-edle-handtasche-naehen-mit-reissverschluss\/\">Abendtasche n\u00e4hen Schnittmuster \ud83d\udc5c edle Handtasche n\u00e4hen mit Reissverschluss<\/a><\/li>\n<li><a href=\"https:\/\/cheznu.tv\/familymanagement\/handtasche-naehen-mit-reissverschluss-handtasche-sylt\/\">Handtasche n\u00e4hen mit Rei\u00dfverschluss \ud83d\udc2c N\u00e4hanleitung &amp;#038; Schnittmuster Handtasche Sylt<\/a><\/li>\n<li><a href=\"https:\/\/cheznu.tv\/familymanagement\/handtasche-naehen-mit-schnittmuster-mit-vielen-innentaschen-handtasche-milano\/\">Handtasche n\u00e4hen mit Schnittmuster mit vielen Innentaschen \ud83d\udc5c Handtasche Milano<\/a><\/li>\n<li><a href=\"https:\/\/cheznu.tv\/familymanagement\/handtasche-rio-naehen\/\">Handtasche n\u00e4hen mit Rei\u00dfverschluss \ud83d\udc5c Handtasche Rio mit Schnittmuster<\/a><\/li>\n<\/ul>\n<p><a href='https:\/\/www.spoonflower.com\/profiles\/cheznu_tv' target='_blank' title='Spoonflower-Shop mit den ChezNU-Designs'>Unseren neuen Spoonflower-Shop mit Stoffen im ChezNU-Design findest Du hier.<\/a><\/p><p>Neben dem Schnittmuster \/ Schema \/ Anleitung \/ Plotterdatei erh\u00e4ltst Du als Teil der erworbenen Leistung (gilt auch f\u00fcr kostenlose Produkte) auch unseren kostenlosen Newsletter \u201eSchnittmuster-Alarm\u201c. Im Schnittmuster-Alarm informieren wir haupts\u00e4chlich, aber nicht ausschliesslich \u00fcber neue Schnittmuster, Anleitungen, DIY-Projekte, Angebote in unserem Shop, Angebote in anderen Shops, Materialbezugsquellen und allem was irgendwie mit N\u00e4hen, H\u00e4keln, Basteln, Stricken, Upcycling, Organisation und Familie zu tun hat.<\/p><p>Nach Deiner Bestellung erh\u00e4ltst Du die E-Mails automatisch. Du kannst sie allerdings jederzeit und ohne Angabe von Gr\u00fcnden \u00fcber den Link am Ende jeder E-Mail abbestellen.<br>\n\tDie Transparenzerkl\u00e4rung zu unserem Schnittmuster-Alarm findest Du <a title='Transparenzerkl\u00e4rung' href='https:\/\/cheznu.tv\/familymanagement\/transparenzerklaerung-zum-schnittmuster-alarm-newsletter\/' target='_blank'>hier<\/a><\/p>\n<p>Das Schnittmuster kommt als PDF und kann auf A4-Papier (Standard) ausgedruckt und dann zusammengeklebt werden.<br \/>\nSo entf\u00e4llt das l\u00e4stige Schnittmuster kopieren mit teurem Seidenpapier. Das Schnittmuster kann nach dem Zusammenkleben direkt ausgeschnitten werden.<\/p>\n<p>Bitte beachte, die richtigen Druckoptionen einzustellen. Das funktioniert genauso, wie bei Burda.<br \/>\n<a href=\"http:\/\/cheznu.tv\/familymanagement\/burda-schnittmuster-ausdrucken\/\">Burda Schnittmuster Ausdrucken.<\/a><\/p>\n<p>Wie das mit dem Zusammenkleben funktioniert haben wir hier kurz erkl\u00e4rt.<br \/>\n<a href=\"http:\/\/cheznu.tv\/familymanagement\/so-gehts\/\">So geht\u00b4s<\/a>.<\/p>\n<p><a href=\"http:\/\/cheznu.tv\/familymanagement\/wp-content\/uploads\/2018\/01\/ChezNU-Groessentabelle_fuer_Damen.pdf\" target=\"_blank\" rel=\"noopener noreferrer\">Die Gr\u00f6ssetabelle mit den Massen f\u00fcr Damen findest Du hier.<\/a><\/p>\n<p>Dieser Schnitt darf zu privaten Zwecken und zur Fertigung von Einzelst\u00fccken\/Kleinserien (bis 5 Modelle) unter Nennung der Herkunft verwendet werden (ChezNU.TV). Massenproduktion der fertigen Ware sowie Kopieren, Weitergabe, Abdruck oder Ver\u00f6ffentlichung (auch teilweise) des Schnittmusters ist bedarf der schriftlichen Genehmigung. Wenn Du Dir nicht sicher bist, schreibe uns einfach kurz eine <a href=\"mailto:nu@cheznu.tv\">E-Mail.<\/a><\/p>\n","protected":false},"excerpt":{"rendered":"<p><strong>Das Schnittmuster-Paket enth\u00e4lt 7 Schnittmuster (f\u00fcr Handtaschen).<\/strong><\/p>\n<p>Mit unserem <a href=\"https:\/\/cheznu.tv\/familymanagement\/produkt\/handtasche-brighton-schnittmuster\/\"><strong>Schnittmuster Brighton<\/strong><\/a> kannst Du eine Handtasche n\u00e4hen. Die Handtasche ist oben mit einem Magnetknopf verschlossen. Sie hat ein Paspeltasche aussen und 2 Innentaschen, eine Paspeltasche mit Reissverschluss und eine einfache Tasche ohne Reissverschluss.<br \/>\nDie Handtasche hat die Masse:<\/p>\n<ul>\n<li>Breite:30 cm<\/li>\n<li>H\u00f6he: 24 cm<\/li>\n<li>Tiefe: 3-4 cm.<\/li>\n<\/ul>\n<p>Unser <a href=\"https:\/\/cheznu.tv\/familymanagement\/produkt\/handtasche-valencia-schnittmuster\/\"><strong>Schnittmuster Valencia<\/strong><\/a> ist f\u00fcr eine Handtasche mit Klappe n\u00e4hen. Sie hat ein Aussenfach mit einem Reissverschluss und 2 Innentaschen, eine mit Reissverschluss und eine ohne Reissverschluss. Die Handtasche hat die Masse:<\/p>\n<ul>\n<li>Breite: 26 cm<\/li>\n<li>H\u00f6he: 18 cm<\/li>\n<li>Tiefe: 6 cm.<\/li>\n<\/ul>\n<p>Das <a href=\"https:\/\/cheznu.tv\/familymanagement\/produkt\/kosmetiktaeschchen-new-york\/\"><strong>Kosmetikt\u00e4schchen New York<\/strong><\/a> ist genial. Es ist super einfach zu n\u00e4hen. Ein tolles Anf\u00e4ngerprojekt. Kein Reissverschluss, keine Kn\u00f6pfe. Du kannst es aus einer griffigen Webware n\u00e4hen. Am Ende hast Du ein Kosmetikt\u00e4schchen, aber nicht nur. Es ist auch toll f\u00fcr Haaraccessoires, Stricksachen, H\u00e4kelsachen, alle Hobbies mit viel Kleinkram, \u00fcber den man die \u00dcbersicht behalten will. Das grosse ist auch toll f\u00fcr Spielsachen, wie Lego oder Playmobil, Silvanians oder andere Puppensachen. Dann k\u00f6nnen die Kinder einfach eine kleine Auswahl der Spielsachen mit zur Oma, Tante oder Tagesmutter nehmen, dort \u00fcbersichtlich ausbreiten und es ist ruck-zuck wieder aufger\u00e4umt und eingepackt.<br \/>\nDas Kosmetikt\u00e4schchen New York kommt in 3 Gr\u00f6ssen:<\/p>\n<ul>\n<li>Grundfl\u00e4che 40cm<\/li>\n<li>Grundfl\u00e4che 60cm<\/li>\n<li>Grundfl\u00e4che 80cm<\/li>\n<\/ul>\n<p>Die <a href=\"https:\/\/cheznu.tv\/familymanagement\/produkt\/schnittmuster-abendtasche-aspen\/\"><strong>Abendtasche Aspen<\/strong><\/a> ist eine gef\u00fctterte Handtasche mit Reissverschluss. Als Tragegurt macht sich eine moderne, grosse Kette besonders gut. Das Schnittmuster enth\u00e4lt eine Innentasche, die Du auch leicht weglassen kannst.<br \/>\nDie Handtasche hat die Masse:<\/p>\n<ul>\n<li>Breite 25 cm<\/li>\n<li>H\u00f6he 15 cm<\/li>\n<li>Tiefe 10 cm<\/li>\n<\/ul>\n<p>Die <a href=\"https:\/\/cheznu.tv\/familymanagement\/produkt\/handtasche-sylt-schnittmuster\/\"><strong>Handtasche Sylt<\/strong><\/a> ist eine kleine Handtasche mit Innenfutter.\u00a0 Die Tragegriffe kannst Du aus dem Aussenstoff arbeiten. Die Tasche hat eine Paspeltasche als Aussentasche und F\u00e4cher im Innenfutter als Innentasche. Als verstecktes Dekoelement haben wir einen Plott auf das Innenfutter aufgebracht. Sie hat die Masse:<\/p>\n<ul>\n<li>Breite 30 cm<\/li>\n<li>H\u00f6he 18 cm<\/li>\n<li>Tiefe 18 cm<\/li>\n<\/ul>\n<p>Unsere <a href=\"https:\/\/cheznu.tv\/familymanagement\/produkt\/handtasche-milano-mit-vielen-innentaschen-schnittmuster-zum-ausdrucken\/\"><strong>Handtasche Milano<\/strong><\/a> hat viele Innentaschen. Sie ist Ideal f\u00fcr eine St\u00e4dterreise oder einen Ausflug. In der Handtasche Milano sind dein Geld und Dokumente optimal gesch\u00fctzt und dank des Cross-Body-Gurts kann sie auch nicht so leicht von der Schulter gestohlen werden. Und als Bonus kannst du sie auch ganz toll als Upcycling-Projekt umsetzen. Wir haben sie aus alten Jeans und einem alten Herrenhemd gen\u00e4ht.<br \/>\nDie Handtasche Milano hat die Abmessungen:<\/p>\n<ul>\n<li>H\u00f6he 25cm<\/li>\n<li>Breite 30cm<\/li>\n<li>Tiefe 10cm (unten)<\/li>\n<\/ul>\n<p>Die <a href=\"https:\/\/cheznu.tv\/familymanagement\/produkt\/handtasche-rio-schnittmuster\/\"><strong>Handtasche Rio<\/strong><\/a> ist eine elegante Handtasche in mittlerer Gr\u00f6sse. Sie ist ideal f\u00fcr einen St\u00e4dtetrip oder f\u00fcrs Shopping. Wie elegant oder sportlich sie ist, entscheidest Du durch die Wahl des Stoffes. Hier ist vieles m\u00f6glich, wir haben hier 2 Varianten f\u00fcr Dich vorgestellt, einmal eine leichte, sportliche aus einem Outdoorstoff und eine aus Kunstleder in eher elegantem Look. Die Handtasche Rio hat 2 Aussentaschen und mehrere Innentaschen. Sie ist oben mit einem Reissverschluss sicher verschlossen.<br \/>\nDer vertikale Reissverschluss an der vorderen Aussentasche ist ein echter Hingucker.<br \/>\nDiese Tasche ist<\/p>\n<ul>\n<li>25cm hoch<\/li>\n<li>30cm breit<\/li>\n<li>unten 10cm tief<\/li>\n<li>oben 5cm tief<\/li>\n<\/ul>\n<p><strong>Das Paket gibt es nur am 16. Dezember 2022!<\/strong><\/p>\n","protected":false},"featured_media":62333,"comment_status":"open","ping_status":"closed","template":"","meta":[],"product_brand":[],"product_cat":[15],"product_tag":[],"class_list":{"0":"post-79639","1":"product","2":"type-product","3":"status-publish","4":"has-post-thumbnail","6":"product_cat-uncategorized","8":"first","9":"instock","10":"downloadable","11":"virtual","12":"purchasable","13":"product-type-simple"},"yoast_head":"<!-- This site is optimized with the Yoast SEO plugin v27.4 - https:\/\/yoast.com\/product\/yoast-seo-wordpress\/ -->\n<title>Adventskalender T\u00fcr 16 \ud83d\udd6f\ud83d\udd6f\ud83d\udd6f Schnittmuster-Paket: Handtaschen - ChezNU.TV<\/title>\n<meta name=\"robots\" content=\"index, follow, max-snippet:-1, max-image-preview:large, max-video-preview:-1\" \/>\n<link rel=\"canonical\" href=\"https:\/\/cheznu.tv\/familymanagement\/produkt\/ak202216-handtaschen\/\" \/>\n<meta property=\"og:locale\" content=\"de_DE\" \/>\n<meta property=\"og:type\" content=\"article\" \/>\n<meta property=\"og:title\" content=\"Adventskalender T\u00fcr 16 \ud83d\udd6f\ud83d\udd6f\ud83d\udd6f Schnittmuster-Paket: Handtaschen - ChezNU.TV\" \/>\n<meta property=\"og:description\" content=\"Das Schnittmuster-Paket enth\u00e4lt 7 Schnittmuster (f\u00fcr Handtaschen).  Mit unserem Schnittmuster Brighton kannst Du eine Handtasche n\u00e4hen. Die Handtasche ist oben mit einem Magnetknopf verschlossen. Sie hat ein Paspeltasche aussen und 2 Innentaschen, eine Paspeltasche mit Reissverschluss und eine einfache Tasche ohne Reissverschluss. Die Handtasche hat die Masse:   Breite:30 cm  H\u00f6he: 24 cm  Tiefe: 3-4 cm.  Unser Schnittmuster Valencia ist f\u00fcr eine Handtasche mit Klappe n\u00e4hen. Sie hat ein Aussenfach mit einem Reissverschluss und 2 Innentaschen, eine mit Reissverschluss und eine ohne Reissverschluss. Die Handtasche hat die Masse:   Breite: 26 cm  H\u00f6he: 18 cm  Tiefe: 6 cm.  Das Kosmetikt\u00e4schchen New York ist genial. Es ist super einfach zu n\u00e4hen. Ein tolles Anf\u00e4ngerprojekt. Kein Reissverschluss, keine Kn\u00f6pfe. Du kannst es aus einer griffigen Webware n\u00e4hen. Am Ende hast Du ein Kosmetikt\u00e4schchen, aber nicht nur. Es ist auch toll f\u00fcr Haaraccessoires, Stricksachen, H\u00e4kelsachen, alle Hobbies mit viel Kleinkram, \u00fcber den man die \u00dcbersicht behalten will. Das grosse ist auch toll f\u00fcr Spielsachen, wie Lego oder Playmobil, Silvanians oder andere Puppensachen. Dann k\u00f6nnen die Kinder einfach eine kleine Auswahl der Spielsachen mit zur Oma, Tante oder Tagesmutter nehmen, dort \u00fcbersichtlich ausbreiten und es ist ruck-zuck wieder aufger\u00e4umt und eingepackt. Das Kosmetikt\u00e4schchen New York kommt in 3 Gr\u00f6ssen:   Grundfl\u00e4che 40cm  Grundfl\u00e4che 60cm  Grundfl\u00e4che 80cm  Die Abendtasche Aspen ist eine gef\u00fctterte Handtasche mit Reissverschluss. Als Tragegurt macht sich eine moderne, grosse Kette besonders gut. Das Schnittmuster enth\u00e4lt eine Innentasche, die Du auch leicht weglassen kannst. Die Handtasche hat die Masse:   Breite 25 cm  H\u00f6he 15 cm  Tiefe 10 cm  Die Handtasche Sylt ist eine kleine Handtasche mit Innenfutter.\u00a0 Die Tragegriffe kannst Du aus dem Aussenstoff arbeiten. Die Tasche hat eine Paspeltasche als Aussentasche und F\u00e4cher im Innenfutter als Innentasche. Als verstecktes Dekoelement haben wir einen Plott auf das Innenfutter aufgebracht. Sie hat die Masse:   Breite 30 cm  H\u00f6he 18 cm  Tiefe 18 cm  Unsere Handtasche Milano hat viele Innentaschen. Sie ist Ideal f\u00fcr eine St\u00e4dterreise oder einen Ausflug. In der Handtasche Milano sind dein Geld und Dokumente optimal gesch\u00fctzt und dank des Cross-Body-Gurts kann sie auch nicht so leicht von der Schulter gestohlen werden. Und als Bonus kannst du sie auch ganz toll als Upcycling-Projekt umsetzen. Wir haben sie aus alten Jeans und einem alten Herrenhemd gen\u00e4ht. Die Handtasche Milano hat die Abmessungen:   H\u00f6he 25cm  Breite 30cm  Tiefe 10cm (unten)  Die Handtasche Rio ist eine elegante Handtasche in mittlerer Gr\u00f6sse. Sie ist ideal f\u00fcr einen St\u00e4dtetrip oder f\u00fcrs Shopping. Wie elegant oder sportlich sie ist, entscheidest Du durch die Wahl des Stoffes. Hier ist vieles m\u00f6glich, wir haben hier 2 Varianten f\u00fcr Dich vorgestellt, einmal eine leichte, sportliche aus einem Outdoorstoff und eine aus Kunstleder in eher elegantem Look. Die Handtasche Rio hat 2 Aussentaschen und mehrere Innentaschen. Sie ist oben mit einem Reissverschluss sicher verschlossen. Der vertikale Reissverschluss an der vorderen Aussentasche ist ein echter Hingucker. Diese Tasche ist   25cm hoch  30cm breit  unten 10cm tief  oben 5cm tief  Das Paket gibt es nur am 16. Dezember 2022!\" \/>\n<meta property=\"og:url\" content=\"https:\/\/cheznu.tv\/familymanagement\/produkt\/ak202216-handtaschen\/\" \/>\n<meta property=\"og:site_name\" content=\"ChezNU.TV\" \/>\n<meta property=\"article:publisher\" content=\"https:\/\/www.facebook.com\/cheznutv\/\" \/>\n<meta property=\"article:modified_time\" content=\"2024-06-03T12:17:57+00:00\" \/>\n<meta property=\"og:image\" content=\"https:\/\/cheznu.tv\/familymanagement\/wp-content\/uploads\/2021\/05\/Handtasche-Brighton-Schnittmuster-von-vorne.jpg\" \/>\n\t<meta property=\"og:image:width\" content=\"1000\" \/>\n\t<meta property=\"og:image:height\" content=\"1000\" \/>\n\t<meta property=\"og:image:type\" content=\"image\/jpeg\" \/>\n<meta name=\"twitter:card\" content=\"summary_large_image\" \/>\n<meta name=\"twitter:site\" content=\"@cheznu_family\" \/>\n<meta name=\"twitter:label1\" content=\"Gesch\u00e4tzte Lesezeit\" \/>\n\t<meta name=\"twitter:data1\" content=\"2\u00a0Minuten\" \/>\n<script type=\"application\/ld+json\" class=\"yoast-schema-graph\">{\"@context\":\"https:\\\/\\\/schema.org\",\"@graph\":[{\"@type\":\"WebPage\",\"@id\":\"https:\\\/\\\/cheznu.tv\\\/familymanagement\\\/produkt\\\/ak202216-handtaschen\\\/\",\"url\":\"https:\\\/\\\/cheznu.tv\\\/familymanagement\\\/produkt\\\/ak202216-handtaschen\\\/\",\"name\":\"Adventskalender T\u00fcr 16 \ud83d\udd6f\ud83d\udd6f\ud83d\udd6f Schnittmuster-Paket: Handtaschen - ChezNU.TV\",\"isPartOf\":{\"@id\":\"https:\\\/\\\/cheznu.tv\\\/familymanagement\\\/#website\"},\"primaryImageOfPage\":{\"@id\":\"https:\\\/\\\/cheznu.tv\\\/familymanagement\\\/produkt\\\/ak202216-handtaschen\\\/#primaryimage\"},\"image\":{\"@id\":\"https:\\\/\\\/cheznu.tv\\\/familymanagement\\\/produkt\\\/ak202216-handtaschen\\\/#primaryimage\"},\"thumbnailUrl\":\"https:\\\/\\\/cheznu.tv\\\/familymanagement\\\/wp-content\\\/uploads\\\/2021\\\/05\\\/Handtasche-Brighton-Schnittmuster-von-vorne.jpg\",\"datePublished\":\"2022-12-15T21:00:37+00:00\",\"dateModified\":\"2024-06-03T12:17:57+00:00\",\"breadcrumb\":{\"@id\":\"https:\\\/\\\/cheznu.tv\\\/familymanagement\\\/produkt\\\/ak202216-handtaschen\\\/#breadcrumb\"},\"inLanguage\":\"de\",\"potentialAction\":[{\"@type\":\"ReadAction\",\"target\":[\"https:\\\/\\\/cheznu.tv\\\/familymanagement\\\/produkt\\\/ak202216-handtaschen\\\/\"]}]},{\"@type\":\"ImageObject\",\"inLanguage\":\"de\",\"@id\":\"https:\\\/\\\/cheznu.tv\\\/familymanagement\\\/produkt\\\/ak202216-handtaschen\\\/#primaryimage\",\"url\":\"https:\\\/\\\/cheznu.tv\\\/familymanagement\\\/wp-content\\\/uploads\\\/2021\\\/05\\\/Handtasche-Brighton-Schnittmuster-von-vorne.jpg\",\"contentUrl\":\"https:\\\/\\\/cheznu.tv\\\/familymanagement\\\/wp-content\\\/uploads\\\/2021\\\/05\\\/Handtasche-Brighton-Schnittmuster-von-vorne.jpg\",\"width\":1000,\"height\":1000,\"caption\":\"Handtasche Brighton Schnittmuster - von vorne\"},{\"@type\":\"BreadcrumbList\",\"@id\":\"https:\\\/\\\/cheznu.tv\\\/familymanagement\\\/produkt\\\/ak202216-handtaschen\\\/#breadcrumb\",\"itemListElement\":[{\"@type\":\"ListItem\",\"position\":1,\"name\":\"Startseite\",\"item\":\"https:\\\/\\\/cheznu.tv\\\/familymanagement\\\/\"},{\"@type\":\"ListItem\",\"position\":2,\"name\":\"Shop\",\"item\":\"https:\\\/\\\/cheznu.tv\\\/familymanagement\\\/shop\\\/\"},{\"@type\":\"ListItem\",\"position\":3,\"name\":\"Adventskalender T\u00fcr 16 \ud83d\udd6f\ud83d\udd6f\ud83d\udd6f Schnittmuster-Paket: Handtaschen\"}]},{\"@type\":\"WebSite\",\"@id\":\"https:\\\/\\\/cheznu.tv\\\/familymanagement\\\/#website\",\"url\":\"https:\\\/\\\/cheznu.tv\\\/familymanagement\\\/\",\"name\":\"ChezNU.TV\",\"description\":\"N\u00e4hen | Basteln | Haushalt | Familie\",\"potentialAction\":[{\"@type\":\"SearchAction\",\"target\":{\"@type\":\"EntryPoint\",\"urlTemplate\":\"https:\\\/\\\/cheznu.tv\\\/familymanagement\\\/?s={search_term_string}\"},\"query-input\":{\"@type\":\"PropertyValueSpecification\",\"valueRequired\":true,\"valueName\":\"search_term_string\"}}],\"inLanguage\":\"de\"}]}<\/script>\n<!-- \/ Yoast SEO plugin. -->","yoast_head_json":{"title":"Adventskalender T\u00fcr 16 \ud83d\udd6f\ud83d\udd6f\ud83d\udd6f Schnittmuster-Paket: Handtaschen - ChezNU.TV","robots":{"index":"index","follow":"follow","max-snippet":"max-snippet:-1","max-image-preview":"max-image-preview:large","max-video-preview":"max-video-preview:-1"},"canonical":"https:\/\/cheznu.tv\/familymanagement\/produkt\/ak202216-handtaschen\/","og_locale":"de_DE","og_type":"article","og_title":"Adventskalender T\u00fcr 16 \ud83d\udd6f\ud83d\udd6f\ud83d\udd6f Schnittmuster-Paket: Handtaschen - ChezNU.TV","og_description":"Das Schnittmuster-Paket enth\u00e4lt 7 Schnittmuster (f\u00fcr Handtaschen).  Mit unserem Schnittmuster Brighton kannst Du eine Handtasche n\u00e4hen. Die Handtasche ist oben mit einem Magnetknopf verschlossen. Sie hat ein Paspeltasche aussen und 2 Innentaschen, eine Paspeltasche mit Reissverschluss und eine einfache Tasche ohne Reissverschluss. Die Handtasche hat die Masse:   Breite:30 cm  H\u00f6he: 24 cm  Tiefe: 3-4 cm.  Unser Schnittmuster Valencia ist f\u00fcr eine Handtasche mit Klappe n\u00e4hen. Sie hat ein Aussenfach mit einem Reissverschluss und 2 Innentaschen, eine mit Reissverschluss und eine ohne Reissverschluss. Die Handtasche hat die Masse:   Breite: 26 cm  H\u00f6he: 18 cm  Tiefe: 6 cm.  Das Kosmetikt\u00e4schchen New York ist genial. Es ist super einfach zu n\u00e4hen. Ein tolles Anf\u00e4ngerprojekt. Kein Reissverschluss, keine Kn\u00f6pfe. Du kannst es aus einer griffigen Webware n\u00e4hen. Am Ende hast Du ein Kosmetikt\u00e4schchen, aber nicht nur. Es ist auch toll f\u00fcr Haaraccessoires, Stricksachen, H\u00e4kelsachen, alle Hobbies mit viel Kleinkram, \u00fcber den man die \u00dcbersicht behalten will. Das grosse ist auch toll f\u00fcr Spielsachen, wie Lego oder Playmobil, Silvanians oder andere Puppensachen. Dann k\u00f6nnen die Kinder einfach eine kleine Auswahl der Spielsachen mit zur Oma, Tante oder Tagesmutter nehmen, dort \u00fcbersichtlich ausbreiten und es ist ruck-zuck wieder aufger\u00e4umt und eingepackt. Das Kosmetikt\u00e4schchen New York kommt in 3 Gr\u00f6ssen:   Grundfl\u00e4che 40cm  Grundfl\u00e4che 60cm  Grundfl\u00e4che 80cm  Die Abendtasche Aspen ist eine gef\u00fctterte Handtasche mit Reissverschluss. Als Tragegurt macht sich eine moderne, grosse Kette besonders gut. Das Schnittmuster enth\u00e4lt eine Innentasche, die Du auch leicht weglassen kannst. Die Handtasche hat die Masse:   Breite 25 cm  H\u00f6he 15 cm  Tiefe 10 cm  Die Handtasche Sylt ist eine kleine Handtasche mit Innenfutter.\u00a0 Die Tragegriffe kannst Du aus dem Aussenstoff arbeiten. Die Tasche hat eine Paspeltasche als Aussentasche und F\u00e4cher im Innenfutter als Innentasche. Als verstecktes Dekoelement haben wir einen Plott auf das Innenfutter aufgebracht. Sie hat die Masse:   Breite 30 cm  H\u00f6he 18 cm  Tiefe 18 cm  Unsere Handtasche Milano hat viele Innentaschen. Sie ist Ideal f\u00fcr eine St\u00e4dterreise oder einen Ausflug. In der Handtasche Milano sind dein Geld und Dokumente optimal gesch\u00fctzt und dank des Cross-Body-Gurts kann sie auch nicht so leicht von der Schulter gestohlen werden. Und als Bonus kannst du sie auch ganz toll als Upcycling-Projekt umsetzen. Wir haben sie aus alten Jeans und einem alten Herrenhemd gen\u00e4ht. Die Handtasche Milano hat die Abmessungen:   H\u00f6he 25cm  Breite 30cm  Tiefe 10cm (unten)  Die Handtasche Rio ist eine elegante Handtasche in mittlerer Gr\u00f6sse. Sie ist ideal f\u00fcr einen St\u00e4dtetrip oder f\u00fcrs Shopping. Wie elegant oder sportlich sie ist, entscheidest Du durch die Wahl des Stoffes. Hier ist vieles m\u00f6glich, wir haben hier 2 Varianten f\u00fcr Dich vorgestellt, einmal eine leichte, sportliche aus einem Outdoorstoff und eine aus Kunstleder in eher elegantem Look. Die Handtasche Rio hat 2 Aussentaschen und mehrere Innentaschen. Sie ist oben mit einem Reissverschluss sicher verschlossen. Der vertikale Reissverschluss an der vorderen Aussentasche ist ein echter Hingucker. Diese Tasche ist   25cm hoch  30cm breit  unten 10cm tief  oben 5cm tief  Das Paket gibt es nur am 16. Dezember 2022!","og_url":"https:\/\/cheznu.tv\/familymanagement\/produkt\/ak202216-handtaschen\/","og_site_name":"ChezNU.TV","article_publisher":"https:\/\/www.facebook.com\/cheznutv\/","article_modified_time":"2024-06-03T12:17:57+00:00","og_image":[{"width":1000,"height":1000,"url":"https:\/\/cheznu.tv\/familymanagement\/wp-content\/uploads\/2021\/05\/Handtasche-Brighton-Schnittmuster-von-vorne.jpg","type":"image\/jpeg"}],"twitter_card":"summary_large_image","twitter_site":"@cheznu_family","twitter_misc":{"Gesch\u00e4tzte Lesezeit":"2\u00a0Minuten"},"schema":{"@context":"https:\/\/schema.org","@graph":[{"@type":"WebPage","@id":"https:\/\/cheznu.tv\/familymanagement\/produkt\/ak202216-handtaschen\/","url":"https:\/\/cheznu.tv\/familymanagement\/produkt\/ak202216-handtaschen\/","name":"Adventskalender T\u00fcr 16 \ud83d\udd6f\ud83d\udd6f\ud83d\udd6f Schnittmuster-Paket: Handtaschen - ChezNU.TV","isPartOf":{"@id":"https:\/\/cheznu.tv\/familymanagement\/#website"},"primaryImageOfPage":{"@id":"https:\/\/cheznu.tv\/familymanagement\/produkt\/ak202216-handtaschen\/#primaryimage"},"image":{"@id":"https:\/\/cheznu.tv\/familymanagement\/produkt\/ak202216-handtaschen\/#primaryimage"},"thumbnailUrl":"https:\/\/cheznu.tv\/familymanagement\/wp-content\/uploads\/2021\/05\/Handtasche-Brighton-Schnittmuster-von-vorne.jpg","datePublished":"2022-12-15T21:00:37+00:00","dateModified":"2024-06-03T12:17:57+00:00","breadcrumb":{"@id":"https:\/\/cheznu.tv\/familymanagement\/produkt\/ak202216-handtaschen\/#breadcrumb"},"inLanguage":"de","potentialAction":[{"@type":"ReadAction","target":["https:\/\/cheznu.tv\/familymanagement\/produkt\/ak202216-handtaschen\/"]}]},{"@type":"ImageObject","inLanguage":"de","@id":"https:\/\/cheznu.tv\/familymanagement\/produkt\/ak202216-handtaschen\/#primaryimage","url":"https:\/\/cheznu.tv\/familymanagement\/wp-content\/uploads\/2021\/05\/Handtasche-Brighton-Schnittmuster-von-vorne.jpg","contentUrl":"https:\/\/cheznu.tv\/familymanagement\/wp-content\/uploads\/2021\/05\/Handtasche-Brighton-Schnittmuster-von-vorne.jpg","width":1000,"height":1000,"caption":"Handtasche Brighton Schnittmuster - von vorne"},{"@type":"BreadcrumbList","@id":"https:\/\/cheznu.tv\/familymanagement\/produkt\/ak202216-handtaschen\/#breadcrumb","itemListElement":[{"@type":"ListItem","position":1,"name":"Startseite","item":"https:\/\/cheznu.tv\/familymanagement\/"},{"@type":"ListItem","position":2,"name":"Shop","item":"https:\/\/cheznu.tv\/familymanagement\/shop\/"},{"@type":"ListItem","position":3,"name":"Adventskalender T\u00fcr 16 \ud83d\udd6f\ud83d\udd6f\ud83d\udd6f Schnittmuster-Paket: Handtaschen"}]},{"@type":"WebSite","@id":"https:\/\/cheznu.tv\/familymanagement\/#website","url":"https:\/\/cheznu.tv\/familymanagement\/","name":"ChezNU.TV","description":"N\u00e4hen | Basteln | Haushalt | Familie","potentialAction":[{"@type":"SearchAction","target":{"@type":"EntryPoint","urlTemplate":"https:\/\/cheznu.tv\/familymanagement\/?s={search_term_string}"},"query-input":{"@type":"PropertyValueSpecification","valueRequired":true,"valueName":"search_term_string"}}],"inLanguage":"de"}]}},"_links":{"self":[{"href":"https:\/\/cheznu.tv\/familymanagement\/wp-json\/wp\/v2\/product\/79639","targetHints":{"allow":["GET"]}}],"collection":[{"href":"https:\/\/cheznu.tv\/familymanagement\/wp-json\/wp\/v2\/product"}],"about":[{"href":"https:\/\/cheznu.tv\/familymanagement\/wp-json\/wp\/v2\/types\/product"}],"replies":[{"embeddable":true,"href":"https:\/\/cheznu.tv\/familymanagement\/wp-json\/wp\/v2\/comments?post=79639"}],"wp:featuredmedia":[{"embeddable":true,"href":"https:\/\/cheznu.tv\/familymanagement\/wp-json\/wp\/v2\/media\/62333"}],"wp:attachment":[{"href":"https:\/\/cheznu.tv\/familymanagement\/wp-json\/wp\/v2\/media?parent=79639"}],"wp:term":[{"taxonomy":"product_brand","embeddable":true,"href":"https:\/\/cheznu.tv\/familymanagement\/wp-json\/wp\/v2\/product_brand?post=79639"},{"taxonomy":"product_cat","embeddable":true,"href":"https:\/\/cheznu.tv\/familymanagement\/wp-json\/wp\/v2\/product_cat?post=79639"},{"taxonomy":"product_tag","embeddable":true,"href":"https:\/\/cheznu.tv\/familymanagement\/wp-json\/wp\/v2\/product_tag?post=79639"}],"curies":[{"name":"wp","href":"https:\/\/api.w.org\/{rel}","templated":true}]}}