{"id":79614,"date":"2022-12-12T22:00:44","date_gmt":"2022-12-12T21:00:44","guid":{"rendered":"https:\/\/cheznu.tv\/familymanagement\/?post_type=product&#038;p=79614"},"modified":"2024-06-03T14:16:51","modified_gmt":"2024-06-03T12:16:51","slug":"ak202213-anfaenger-4","status":"publish","type":"product","link":"https:\/\/cheznu.tv\/familymanagement\/produkt\/ak202213-anfaenger-4\/","title":{"rendered":"Adventskalender T\u00fcr 13 \ud83d\udd6f\ud83d\udd6f\ud83d\udd6f Schnittmuster-Paket: Kleidung n\u00e4hen f\u00fcr Anf\u00e4nger IV"},"content":{"rendered":"<p><strong>Das Schnittmuster-Paket enth\u00e4lt 6 Schnittmuster (f\u00fcr Kleidung f\u00fcr Anf\u00e4nger).<\/strong><\/p>\n<p>Die N\u00e4hanleitungen mit vielen Bildern sowie das\u00a0\u00a0Anleitungsvideo findest Du hier:<\/p>\n<ul>\n<li><a href=\"https:\/\/cheznu.tv\/familymanagement\/bigshirt-sabrina-anleitung\/\">Bigshirt Sabrina n\u00e4hen<\/a><\/li>\n<li><a href=\"https:\/\/cheznu.tv\/familymanagement\/a-linien-kleid-naehen\/\">Einfaches A-Linien Kleid n\u00e4hen \ud83d\udc57\ud83e\uddf5 sehr frigurfreundlich<\/a><\/li>\n<li><a href=\"https:\/\/cheznu.tv\/familymanagement\/faltenrock-felicitas-anleitung\/\">Faltenrock Felicitas Videoanleitung<\/a><\/li>\n<li><a href=\"https:\/\/cheznu.tv\/familymanagement\/stretch-rock-mit-taschen-naehen-fuer-anfaenger\">Stretch-Rock Liz mit Taschen n\u00e4hen f\u00fcr Anf\u00e4nger<\/a><\/li>\n<li><a href=\"http:\/\/cheznu.tv\/familymanagement\/kleid-und-bluse-boyfriend-shirt-naehen-mit-schnittmuster\/\">Kleid und Bluse -Boyfriend Shirt- n\u00e4hen mit Schnittmuster<\/a><\/li>\n<li><a href=\"https:\/\/cheznu.tv\/familymanagement\/palazzo-hose-kira-anleitung\/\">Weite Hose mit Gummizug n\u00e4hen \u2702\ufe0f Palazzo Hose Kira<\/a><\/li>\n<\/ul>\n<p><a href='https:\/\/www.spoonflower.com\/profiles\/cheznu_tv' target='_blank' title='Spoonflower-Shop mit den ChezNU-Designs'>Unseren neuen Spoonflower-Shop mit Stoffen im ChezNU-Design findest Du hier.<\/a><\/p><p>Neben dem Schnittmuster \/ Schema \/ Anleitung \/ Plotterdatei erh\u00e4ltst Du als Teil der erworbenen Leistung (gilt auch f\u00fcr kostenlose Produkte) auch unseren kostenlosen Newsletter \u201eSchnittmuster-Alarm\u201c. Im Schnittmuster-Alarm informieren wir haupts\u00e4chlich, aber nicht ausschliesslich \u00fcber neue Schnittmuster, Anleitungen, DIY-Projekte, Angebote in unserem Shop, Angebote in anderen Shops, Materialbezugsquellen und allem was irgendwie mit N\u00e4hen, H\u00e4keln, Basteln, Stricken, Upcycling, Organisation und Familie zu tun hat.<\/p><p>Nach Deiner Bestellung erh\u00e4ltst Du die E-Mails automatisch. Du kannst sie allerdings jederzeit und ohne Angabe von Gr\u00fcnden \u00fcber den Link am Ende jeder E-Mail abbestellen.<br>\n\tDie Transparenzerkl\u00e4rung zu unserem Schnittmuster-Alarm findest Du <a title='Transparenzerkl\u00e4rung' href='https:\/\/cheznu.tv\/familymanagement\/transparenzerklaerung-zum-schnittmuster-alarm-newsletter\/' target='_blank'>hier<\/a><\/p>\n<p><strong>Zum Schnittmuster<\/strong><\/p>\n<p>Das Schnittmuster kommt als PDF, wenn es sich um mehrere PDFs handelt packen wir diese in eine ZIP-Datei. Diese muss erst abgespeichert und entpackt werden, bevor man sie auf A4-Papier (Standard) ausdrucken und dann zusammenkleben kann.<br \/>\nFalls Du das noch nie gemacht hast findest Du eine Anleitung in unseren <a href=\"https:\/\/cheznu.tv\/familymanagement\/faq\/\">FAQs<\/a>.<\/p>\n<p>So entf\u00e4llt das l\u00e4stige Schnittmuster kopieren mit teurem Seidenpapier. Das Schnittmuster kann nach dem Zusammenkleben direkt ausgeschnitten werden.<\/p>\n<p>Bitte beachte, die richtigen Druckoptionen einzustellen. Das funktioniert genauso, wie bei Burda.<br \/>\n<a href=\"http:\/\/cheznu.tv\/familymanagement\/burda-schnittmuster-ausdrucken\/\">Burda Schnittmuster Ausdrucken.<\/a><\/p>\n<p>Wie das mit dem Zusammenkleben funktioniert haben wir hier kurz erkl\u00e4rt.<br \/>\n<a href=\"http:\/\/cheznu.tv\/familymanagement\/so-gehts\/\">So geht\u00b4s<\/a>.<\/p>\n<p><a href=\"http:\/\/cheznu.tv\/familymanagement\/wp-content\/uploads\/2018\/01\/ChezNU-Groessentabelle_fuer_Damen.pdf\" target=\"_blank\" rel=\"noopener noreferrer\">Die Gr\u00f6ssetabelle mit den Massen f\u00fcr Damen findest Du hier.<\/a><\/p>\n<p>Dieser Schnitt darf zu privaten Zwecken und zur Fertigung von Einzelst\u00fccken\/Kleinserien (bis 5 Modelle) unter Nennung der Herkunft verwendet werden (ChezNU.TV). Massenproduktion der fertigen Ware sowie Kopieren, Weitergabe, Abdruck oder Ver\u00f6ffentlichung (auch teilweise) des Schnittmusters bedarf der schriftlichen Genehmigung. Wenn Du Dir nicht sicher bist, schreibe uns einfach kurz eine <a href=\"mailto:nu@cheznu.tv\">E-Mail.<\/a><\/p>\n<p><img decoding=\"async\" src=\"https:\/\/klick.cheznu.tv\/pix\/1s8wz4na2zfz75e5\" width=\"1\" height=\"1\" \/><\/p>\n","protected":false},"excerpt":{"rendered":"<p><strong>Das Schnittmuster enth\u00e4lt 6 Schnittmuster (f\u00fcr Kleidung).<\/strong><\/p>\n<p>Das <strong><a href=\"https:\/\/cheznu.tv\/familymanagement\/produkt\/bigshirt-sabrina-schnittmuster\/\">Bigshirt Sabrina<\/a><\/strong> ist ein einfaches, gerade geschnittenes Bigshirt (auch Maxishirt oder Longshirt genannt). Es ist einfach zu n\u00e4hen und etwas oversized geschnitten. Es eignet sich als Freizeitshirt, Strandkleid oder auch Schlafshirt. Die L\u00e4nge betr\u00e4gt ca 90cm, aber Du kannst diese sehr leicht an Deine W\u00fcnsche anspassen.<br \/>\nZum Schnittmuster gibt es neben der \u00f6ffentlichen Videoanleitung auch ein ausf\u00fchrliches E-Book.<\/p>\n<p>Schnittmuster f\u00fcr das einfache <strong><a href=\"https:\/\/cheznu.tv\/familymanagement\/produkt\/schnittmuster-a-linien-kleid-amelie\/\">A-Linien Kleid Amelie<\/a><\/strong>. Du kannst es mit oder ohne \u00c4rmel n\u00e4hen, in lang oder kurz, mit oder ohne Volant. Du hast alle M\u00f6glichkeiten. Das Schnittmuster f\u00fcr das Kleid kommt in den Gr\u00f6ssen 36-52 mit detailliertem Anleitungsvideo.<br \/>\nSo kannst Du einfach ein A-Linien Kleid selbst n\u00e4hen.<\/p>\n<p>Der <strong><a href=\"https:\/\/cheznu.tv\/familymanagement\/produkt\/faltenrock-felicitas-schnittmuster\/\">Rock Felicitas<\/a> <\/strong>ist ein Faltenrock mit gerade Passe und Gummizug. Es ist sehr einfach zu n\u00e4hen. Du kannst den Rock mit oder ohne Futter n\u00e4hen, wir erkl\u00e4ren in der Videoanleitung und im E-Book beide Varianten.<br \/>\nOben hat der Rock einen Gummibund, das macht ihn zu einem Schlupfrock. Das Fehlen eines Reissverschlusses oder Knopfes macht den Rock zu einem tollen N\u00e4hrprojekt f\u00fcr Anf\u00e4nger.<\/p>\n<p>Der <strong><a href=\"https:\/\/cheznu.tv\/familymanagement\/produkt\/stretch-rock-liz\/\">Rock Liz<\/a> <\/strong>ist ein einfacher Stretch-Rock f\u00fcr N\u00e4hanf\u00e4nger. Er ist mit seinen 50cm Rockl\u00e4nge etwa knielang. Du kannst ihn mit oder ohne Taschen n\u00e4hen. Er hat einen Gummibund und ist daher super bequem.<\/p>\n<p>Das Schnittschuster f\u00fcr unser <a href=\"https:\/\/cheznu.tv\/familymanagement\/produkt\/boyfried-shirt-oder-boyfried-kleid-groesse-4042-und-4446\/\"><strong>Boyfriend-Shrit und Kleid<\/strong><\/a> kommt in 2 Doppelgr\u00f6ssen: 40\/42 und 42\/44.<br \/>\nUnsere Stoffempfehlung f\u00fcr dieses Produkt: <a href=\"http:\/\/cheznu.tv\/familymanagement\/hemdenstoff\">Hemdenstoff<\/a><\/p>\n<p>Die <a href=\"https:\/\/cheznu.tv\/familymanagement\/produkt\/palazzo-hose-kira-schnittmuster\/\"><strong>Hose Kira<\/strong> <\/a>ist eine\u00a0weite Hose mit Gummizug im Palazzo-Stil. Die Hose ist oben etwas schmaler geschnitten, daf\u00fcr unten umso weiter. Der Gummizug macht die Hose nicht nur sehr einfach zu n\u00e4hen, sondern auch sehr bequem zu tragen.<br \/>\nDas Schnittmuster sieht Taschen in der Seitennaht vor, diese k\u00f6nnen aber auch ganz einfach weggelassen werden. Es kommt in den Gr\u00f6ssen 36-52 und ist herrlich zu tragen. Wir haben es f\u00fcr Webware designt. Entscheide Dich am am besten f\u00fcr einen fliessenden, nicht zu dicken Stoff, wie Viskose, Seide, Lyocell \/ Tencell oder \u00e4hnliches.<\/p>\n<p><strong>Das Paket gibt es nur am 13. Dezember 2022!<\/strong><\/p>\n","protected":false},"featured_media":65810,"comment_status":"open","ping_status":"closed","template":"","meta":[],"product_brand":[],"product_cat":[15],"product_tag":[],"class_list":{"0":"post-79614","1":"product","2":"type-product","3":"status-publish","4":"has-post-thumbnail","6":"product_cat-uncategorized","8":"first","9":"instock","10":"downloadable","11":"virtual","12":"sold-individually","13":"purchasable","14":"product-type-simple"},"yoast_head":"<!-- This site is optimized with the Yoast SEO plugin v27.4 - https:\/\/yoast.com\/product\/yoast-seo-wordpress\/ -->\n<title>Adventskalender T\u00fcr 13 \ud83d\udd6f\ud83d\udd6f\ud83d\udd6f Schnittmuster-Paket: Kleidung n\u00e4hen f\u00fcr Anf\u00e4nger IV - ChezNU.TV<\/title>\n<meta name=\"robots\" content=\"index, follow, max-snippet:-1, max-image-preview:large, max-video-preview:-1\" \/>\n<link rel=\"canonical\" href=\"https:\/\/cheznu.tv\/familymanagement\/produkt\/ak202213-anfaenger-4\/\" \/>\n<meta property=\"og:locale\" content=\"de_DE\" \/>\n<meta property=\"og:type\" content=\"article\" \/>\n<meta property=\"og:title\" content=\"Adventskalender T\u00fcr 13 \ud83d\udd6f\ud83d\udd6f\ud83d\udd6f Schnittmuster-Paket: Kleidung n\u00e4hen f\u00fcr Anf\u00e4nger IV - ChezNU.TV\" \/>\n<meta property=\"og:description\" content=\"Das Schnittmuster enth\u00e4lt 6 Schnittmuster (f\u00fcr Kleidung).  Das Bigshirt Sabrina ist ein einfaches, gerade geschnittenes Bigshirt (auch Maxishirt oder Longshirt genannt). Es ist einfach zu n\u00e4hen und etwas oversized geschnitten. Es eignet sich als Freizeitshirt, Strandkleid oder auch Schlafshirt. Die L\u00e4nge betr\u00e4gt ca 90cm, aber Du kannst diese sehr leicht an Deine W\u00fcnsche anspassen. Zum Schnittmuster gibt es neben der \u00f6ffentlichen Videoanleitung auch ein ausf\u00fchrliches E-Book.  Schnittmuster f\u00fcr das einfache A-Linien Kleid Amelie. Du kannst es mit oder ohne \u00c4rmel n\u00e4hen, in lang oder kurz, mit oder ohne Volant. Du hast alle M\u00f6glichkeiten. Das Schnittmuster f\u00fcr das Kleid kommt in den Gr\u00f6ssen 36-52 mit detailliertem Anleitungsvideo. So kannst Du einfach ein A-Linien Kleid selbst n\u00e4hen.  Der Rock Felicitas ist ein Faltenrock mit gerade Passe und Gummizug. Es ist sehr einfach zu n\u00e4hen. Du kannst den Rock mit oder ohne Futter n\u00e4hen, wir erkl\u00e4ren in der Videoanleitung und im E-Book beide Varianten. Oben hat der Rock einen Gummibund, das macht ihn zu einem Schlupfrock. Das Fehlen eines Reissverschlusses oder Knopfes macht den Rock zu einem tollen N\u00e4hrprojekt f\u00fcr Anf\u00e4nger.  Der Rock Liz ist ein einfacher Stretch-Rock f\u00fcr N\u00e4hanf\u00e4nger. Er ist mit seinen 50cm Rockl\u00e4nge etwa knielang. Du kannst ihn mit oder ohne Taschen n\u00e4hen. Er hat einen Gummibund und ist daher super bequem.  Das Schnittschuster f\u00fcr unser Boyfriend-Shrit und Kleid kommt in 2 Doppelgr\u00f6ssen: 40\/42 und 42\/44. Unsere Stoffempfehlung f\u00fcr dieses Produkt: Hemdenstoff  Die Hose Kira ist eine\u00a0weite Hose mit Gummizug im Palazzo-Stil. Die Hose ist oben etwas schmaler geschnitten, daf\u00fcr unten umso weiter. Der Gummizug macht die Hose nicht nur sehr einfach zu n\u00e4hen, sondern auch sehr bequem zu tragen. Das Schnittmuster sieht Taschen in der Seitennaht vor, diese k\u00f6nnen aber auch ganz einfach weggelassen werden. Es kommt in den Gr\u00f6ssen 36-52 und ist herrlich zu tragen. Wir haben es f\u00fcr Webware designt. Entscheide Dich am am besten f\u00fcr einen fliessenden, nicht zu dicken Stoff, wie Viskose, Seide, Lyocell \/ Tencell oder \u00e4hnliches.  Das Paket gibt es nur am 13. Dezember 2022!\" \/>\n<meta property=\"og:url\" content=\"https:\/\/cheznu.tv\/familymanagement\/produkt\/ak202213-anfaenger-4\/\" \/>\n<meta property=\"og:site_name\" content=\"ChezNU.TV\" \/>\n<meta property=\"article:publisher\" content=\"https:\/\/www.facebook.com\/cheznutv\/\" \/>\n<meta property=\"article:modified_time\" content=\"2024-06-03T12:16:51+00:00\" \/>\n<meta property=\"og:image\" content=\"https:\/\/cheznu.tv\/familymanagement\/wp-content\/uploads\/2021\/05\/Einfache-Bluse-naehen-fuer-Anfaenger-Bluse-Bridget.jpg\" \/>\n\t<meta property=\"og:image:width\" content=\"1200\" \/>\n\t<meta property=\"og:image:height\" content=\"630\" \/>\n\t<meta property=\"og:image:type\" content=\"image\/jpeg\" \/>\n<meta name=\"twitter:card\" content=\"summary_large_image\" \/>\n<meta name=\"twitter:image\" content=\"https:\/\/cheznu.tv\/familymanagement\/wp-content\/uploads\/2021\/05\/Schnittmuster-Bluse-Bridget-Tragebild-von-links-nach-hingen-gelehnt.jpg\" \/>\n<meta name=\"twitter:site\" content=\"@cheznu_family\" \/>\n<meta name=\"twitter:label1\" content=\"Gesch\u00e4tzte Lesezeit\" \/>\n\t<meta name=\"twitter:data1\" content=\"3\u00a0Minuten\" \/>\n<script type=\"application\/ld+json\" class=\"yoast-schema-graph\">{\"@context\":\"https:\\\/\\\/schema.org\",\"@graph\":[{\"@type\":\"WebPage\",\"@id\":\"https:\\\/\\\/cheznu.tv\\\/familymanagement\\\/produkt\\\/ak202213-anfaenger-4\\\/\",\"url\":\"https:\\\/\\\/cheznu.tv\\\/familymanagement\\\/produkt\\\/ak202213-anfaenger-4\\\/\",\"name\":\"Adventskalender T\u00fcr 13 \ud83d\udd6f\ud83d\udd6f\ud83d\udd6f Schnittmuster-Paket: Kleidung n\u00e4hen f\u00fcr Anf\u00e4nger IV - ChezNU.TV\",\"isPartOf\":{\"@id\":\"https:\\\/\\\/cheznu.tv\\\/familymanagement\\\/#website\"},\"primaryImageOfPage\":{\"@id\":\"https:\\\/\\\/cheznu.tv\\\/familymanagement\\\/produkt\\\/ak202213-anfaenger-4\\\/#primaryimage\"},\"image\":{\"@id\":\"https:\\\/\\\/cheznu.tv\\\/familymanagement\\\/produkt\\\/ak202213-anfaenger-4\\\/#primaryimage\"},\"thumbnailUrl\":\"https:\\\/\\\/cheznu.tv\\\/familymanagement\\\/wp-content\\\/uploads\\\/2021\\\/08\\\/Bigshirt-Sabrina-Schnittmuster-frontal-komplett.jpg\",\"datePublished\":\"2022-12-12T21:00:44+00:00\",\"dateModified\":\"2024-06-03T12:16:51+00:00\",\"breadcrumb\":{\"@id\":\"https:\\\/\\\/cheznu.tv\\\/familymanagement\\\/produkt\\\/ak202213-anfaenger-4\\\/#breadcrumb\"},\"inLanguage\":\"de\",\"potentialAction\":[{\"@type\":\"ReadAction\",\"target\":[\"https:\\\/\\\/cheznu.tv\\\/familymanagement\\\/produkt\\\/ak202213-anfaenger-4\\\/\"]}]},{\"@type\":\"ImageObject\",\"inLanguage\":\"de\",\"@id\":\"https:\\\/\\\/cheznu.tv\\\/familymanagement\\\/produkt\\\/ak202213-anfaenger-4\\\/#primaryimage\",\"url\":\"https:\\\/\\\/cheznu.tv\\\/familymanagement\\\/wp-content\\\/uploads\\\/2021\\\/08\\\/Bigshirt-Sabrina-Schnittmuster-frontal-komplett.jpg\",\"contentUrl\":\"https:\\\/\\\/cheznu.tv\\\/familymanagement\\\/wp-content\\\/uploads\\\/2021\\\/08\\\/Bigshirt-Sabrina-Schnittmuster-frontal-komplett.jpg\",\"width\":1000,\"height\":1000,\"caption\":\"Bigshirt Sabrina Schnittmuster - frontal komplett\"},{\"@type\":\"BreadcrumbList\",\"@id\":\"https:\\\/\\\/cheznu.tv\\\/familymanagement\\\/produkt\\\/ak202213-anfaenger-4\\\/#breadcrumb\",\"itemListElement\":[{\"@type\":\"ListItem\",\"position\":1,\"name\":\"Startseite\",\"item\":\"https:\\\/\\\/cheznu.tv\\\/familymanagement\\\/\"},{\"@type\":\"ListItem\",\"position\":2,\"name\":\"Shop\",\"item\":\"https:\\\/\\\/cheznu.tv\\\/familymanagement\\\/shop\\\/\"},{\"@type\":\"ListItem\",\"position\":3,\"name\":\"Adventskalender T\u00fcr 13 \ud83d\udd6f\ud83d\udd6f\ud83d\udd6f Schnittmuster-Paket: Kleidung n\u00e4hen f\u00fcr Anf\u00e4nger IV\"}]},{\"@type\":\"WebSite\",\"@id\":\"https:\\\/\\\/cheznu.tv\\\/familymanagement\\\/#website\",\"url\":\"https:\\\/\\\/cheznu.tv\\\/familymanagement\\\/\",\"name\":\"ChezNU.TV\",\"description\":\"N\u00e4hen | Basteln | Haushalt | Familie\",\"potentialAction\":[{\"@type\":\"SearchAction\",\"target\":{\"@type\":\"EntryPoint\",\"urlTemplate\":\"https:\\\/\\\/cheznu.tv\\\/familymanagement\\\/?s={search_term_string}\"},\"query-input\":{\"@type\":\"PropertyValueSpecification\",\"valueRequired\":true,\"valueName\":\"search_term_string\"}}],\"inLanguage\":\"de\"}]}<\/script>\n<!-- \/ Yoast SEO plugin. -->","yoast_head_json":{"title":"Adventskalender T\u00fcr 13 \ud83d\udd6f\ud83d\udd6f\ud83d\udd6f Schnittmuster-Paket: Kleidung n\u00e4hen f\u00fcr Anf\u00e4nger IV - ChezNU.TV","robots":{"index":"index","follow":"follow","max-snippet":"max-snippet:-1","max-image-preview":"max-image-preview:large","max-video-preview":"max-video-preview:-1"},"canonical":"https:\/\/cheznu.tv\/familymanagement\/produkt\/ak202213-anfaenger-4\/","og_locale":"de_DE","og_type":"article","og_title":"Adventskalender T\u00fcr 13 \ud83d\udd6f\ud83d\udd6f\ud83d\udd6f Schnittmuster-Paket: Kleidung n\u00e4hen f\u00fcr Anf\u00e4nger IV - ChezNU.TV","og_description":"Das Schnittmuster enth\u00e4lt 6 Schnittmuster (f\u00fcr Kleidung).  Das Bigshirt Sabrina ist ein einfaches, gerade geschnittenes Bigshirt (auch Maxishirt oder Longshirt genannt). Es ist einfach zu n\u00e4hen und etwas oversized geschnitten. Es eignet sich als Freizeitshirt, Strandkleid oder auch Schlafshirt. Die L\u00e4nge betr\u00e4gt ca 90cm, aber Du kannst diese sehr leicht an Deine W\u00fcnsche anspassen. Zum Schnittmuster gibt es neben der \u00f6ffentlichen Videoanleitung auch ein ausf\u00fchrliches E-Book.  Schnittmuster f\u00fcr das einfache A-Linien Kleid Amelie. Du kannst es mit oder ohne \u00c4rmel n\u00e4hen, in lang oder kurz, mit oder ohne Volant. Du hast alle M\u00f6glichkeiten. Das Schnittmuster f\u00fcr das Kleid kommt in den Gr\u00f6ssen 36-52 mit detailliertem Anleitungsvideo. So kannst Du einfach ein A-Linien Kleid selbst n\u00e4hen.  Der Rock Felicitas ist ein Faltenrock mit gerade Passe und Gummizug. Es ist sehr einfach zu n\u00e4hen. Du kannst den Rock mit oder ohne Futter n\u00e4hen, wir erkl\u00e4ren in der Videoanleitung und im E-Book beide Varianten. Oben hat der Rock einen Gummibund, das macht ihn zu einem Schlupfrock. Das Fehlen eines Reissverschlusses oder Knopfes macht den Rock zu einem tollen N\u00e4hrprojekt f\u00fcr Anf\u00e4nger.  Der Rock Liz ist ein einfacher Stretch-Rock f\u00fcr N\u00e4hanf\u00e4nger. Er ist mit seinen 50cm Rockl\u00e4nge etwa knielang. Du kannst ihn mit oder ohne Taschen n\u00e4hen. Er hat einen Gummibund und ist daher super bequem.  Das Schnittschuster f\u00fcr unser Boyfriend-Shrit und Kleid kommt in 2 Doppelgr\u00f6ssen: 40\/42 und 42\/44. Unsere Stoffempfehlung f\u00fcr dieses Produkt: Hemdenstoff  Die Hose Kira ist eine\u00a0weite Hose mit Gummizug im Palazzo-Stil. Die Hose ist oben etwas schmaler geschnitten, daf\u00fcr unten umso weiter. Der Gummizug macht die Hose nicht nur sehr einfach zu n\u00e4hen, sondern auch sehr bequem zu tragen. Das Schnittmuster sieht Taschen in der Seitennaht vor, diese k\u00f6nnen aber auch ganz einfach weggelassen werden. Es kommt in den Gr\u00f6ssen 36-52 und ist herrlich zu tragen. Wir haben es f\u00fcr Webware designt. Entscheide Dich am am besten f\u00fcr einen fliessenden, nicht zu dicken Stoff, wie Viskose, Seide, Lyocell \/ Tencell oder \u00e4hnliches.  Das Paket gibt es nur am 13. Dezember 2022!","og_url":"https:\/\/cheznu.tv\/familymanagement\/produkt\/ak202213-anfaenger-4\/","og_site_name":"ChezNU.TV","article_publisher":"https:\/\/www.facebook.com\/cheznutv\/","article_modified_time":"2024-06-03T12:16:51+00:00","og_image":[{"width":1200,"height":630,"url":"https:\/\/cheznu.tv\/familymanagement\/wp-content\/uploads\/2021\/05\/Einfache-Bluse-naehen-fuer-Anfaenger-Bluse-Bridget.jpg","type":"image\/jpeg"}],"twitter_card":"summary_large_image","twitter_image":"https:\/\/cheznu.tv\/familymanagement\/wp-content\/uploads\/2021\/05\/Schnittmuster-Bluse-Bridget-Tragebild-von-links-nach-hingen-gelehnt.jpg","twitter_site":"@cheznu_family","twitter_misc":{"Gesch\u00e4tzte Lesezeit":"3\u00a0Minuten"},"schema":{"@context":"https:\/\/schema.org","@graph":[{"@type":"WebPage","@id":"https:\/\/cheznu.tv\/familymanagement\/produkt\/ak202213-anfaenger-4\/","url":"https:\/\/cheznu.tv\/familymanagement\/produkt\/ak202213-anfaenger-4\/","name":"Adventskalender T\u00fcr 13 \ud83d\udd6f\ud83d\udd6f\ud83d\udd6f Schnittmuster-Paket: Kleidung n\u00e4hen f\u00fcr Anf\u00e4nger IV - ChezNU.TV","isPartOf":{"@id":"https:\/\/cheznu.tv\/familymanagement\/#website"},"primaryImageOfPage":{"@id":"https:\/\/cheznu.tv\/familymanagement\/produkt\/ak202213-anfaenger-4\/#primaryimage"},"image":{"@id":"https:\/\/cheznu.tv\/familymanagement\/produkt\/ak202213-anfaenger-4\/#primaryimage"},"thumbnailUrl":"https:\/\/cheznu.tv\/familymanagement\/wp-content\/uploads\/2021\/08\/Bigshirt-Sabrina-Schnittmuster-frontal-komplett.jpg","datePublished":"2022-12-12T21:00:44+00:00","dateModified":"2024-06-03T12:16:51+00:00","breadcrumb":{"@id":"https:\/\/cheznu.tv\/familymanagement\/produkt\/ak202213-anfaenger-4\/#breadcrumb"},"inLanguage":"de","potentialAction":[{"@type":"ReadAction","target":["https:\/\/cheznu.tv\/familymanagement\/produkt\/ak202213-anfaenger-4\/"]}]},{"@type":"ImageObject","inLanguage":"de","@id":"https:\/\/cheznu.tv\/familymanagement\/produkt\/ak202213-anfaenger-4\/#primaryimage","url":"https:\/\/cheznu.tv\/familymanagement\/wp-content\/uploads\/2021\/08\/Bigshirt-Sabrina-Schnittmuster-frontal-komplett.jpg","contentUrl":"https:\/\/cheznu.tv\/familymanagement\/wp-content\/uploads\/2021\/08\/Bigshirt-Sabrina-Schnittmuster-frontal-komplett.jpg","width":1000,"height":1000,"caption":"Bigshirt Sabrina Schnittmuster - frontal komplett"},{"@type":"BreadcrumbList","@id":"https:\/\/cheznu.tv\/familymanagement\/produkt\/ak202213-anfaenger-4\/#breadcrumb","itemListElement":[{"@type":"ListItem","position":1,"name":"Startseite","item":"https:\/\/cheznu.tv\/familymanagement\/"},{"@type":"ListItem","position":2,"name":"Shop","item":"https:\/\/cheznu.tv\/familymanagement\/shop\/"},{"@type":"ListItem","position":3,"name":"Adventskalender T\u00fcr 13 \ud83d\udd6f\ud83d\udd6f\ud83d\udd6f Schnittmuster-Paket: Kleidung n\u00e4hen f\u00fcr Anf\u00e4nger IV"}]},{"@type":"WebSite","@id":"https:\/\/cheznu.tv\/familymanagement\/#website","url":"https:\/\/cheznu.tv\/familymanagement\/","name":"ChezNU.TV","description":"N\u00e4hen | Basteln | Haushalt | Familie","potentialAction":[{"@type":"SearchAction","target":{"@type":"EntryPoint","urlTemplate":"https:\/\/cheznu.tv\/familymanagement\/?s={search_term_string}"},"query-input":{"@type":"PropertyValueSpecification","valueRequired":true,"valueName":"search_term_string"}}],"inLanguage":"de"}]}},"_links":{"self":[{"href":"https:\/\/cheznu.tv\/familymanagement\/wp-json\/wp\/v2\/product\/79614","targetHints":{"allow":["GET"]}}],"collection":[{"href":"https:\/\/cheznu.tv\/familymanagement\/wp-json\/wp\/v2\/product"}],"about":[{"href":"https:\/\/cheznu.tv\/familymanagement\/wp-json\/wp\/v2\/types\/product"}],"replies":[{"embeddable":true,"href":"https:\/\/cheznu.tv\/familymanagement\/wp-json\/wp\/v2\/comments?post=79614"}],"wp:featuredmedia":[{"embeddable":true,"href":"https:\/\/cheznu.tv\/familymanagement\/wp-json\/wp\/v2\/media\/65810"}],"wp:attachment":[{"href":"https:\/\/cheznu.tv\/familymanagement\/wp-json\/wp\/v2\/media?parent=79614"}],"wp:term":[{"taxonomy":"product_brand","embeddable":true,"href":"https:\/\/cheznu.tv\/familymanagement\/wp-json\/wp\/v2\/product_brand?post=79614"},{"taxonomy":"product_cat","embeddable":true,"href":"https:\/\/cheznu.tv\/familymanagement\/wp-json\/wp\/v2\/product_cat?post=79614"},{"taxonomy":"product_tag","embeddable":true,"href":"https:\/\/cheznu.tv\/familymanagement\/wp-json\/wp\/v2\/product_tag?post=79614"}],"curies":[{"name":"wp","href":"https:\/\/api.w.org\/{rel}","templated":true}]}}