{"id":79414,"date":"2022-12-08T22:00:39","date_gmt":"2022-12-08T21:00:39","guid":{"rendered":"https:\/\/cheznu.tv\/familymanagement\/?post_type=product&#038;p=79414"},"modified":"2024-06-03T14:08:48","modified_gmt":"2024-06-03T12:08:48","slug":"ak202209-anfaenger-2","status":"publish","type":"product","link":"https:\/\/cheznu.tv\/familymanagement\/produkt\/ak202209-anfaenger-2\/","title":{"rendered":"Adventskalender T\u00fcr 9 \ud83d\udd6f\ud83d\udd6f Schnittmuster-Paket: Kleidung n\u00e4hen f\u00fcr Anf\u00e4nger II"},"content":{"rendered":"<p>Die N\u00e4hanleitungen mit vielen Bildern sowie das\u00a0\u00a0Anleitungsvideo findest Du hier:<\/p>\n<ul>\n<li><a href=\"https:\/\/cheznu.tv\/familymanagement\/kleid-merle-anleitung\/\">Sweatkleid schnell und einfach selber n\u00e4hen \ud83e\uddf5 Schnittmuster Kleid Merle<\/a><\/li>\n<li><a href=\"https:\/\/cheznu.tv\/familymanagement\/palazzo-hose-kira-anleitung\/\">Weite Hose mit Gummizug n\u00e4hen \u2702\ufe0f Palazzo Hose Kira<\/a><\/li>\n<li><a href=\"https:\/\/cheznu.tv\/familymanagement\/shirt-naehen-fuer-anfaenger-raglan-shirt-einfach-naehen\/\">Shirt n\u00e4hen f\u00fcr Anf\u00e4nger | Raglan Shirt einfach n\u00e4hen<\/a><\/li>\n<li><a href=\"https:\/\/cheznu.tv\/familymanagement\/kapuzenschal-naehen-naehanleitung-schnittmuster\/\">Kapuzenschal n\u00e4hen N\u00e4hanleitung<\/a><\/li>\n<li><a href=\"https:\/\/cheznu.tv\/familymanagement\/cut-out-shirt-anleitung\">Cut-Out-Shirt Cassy n\u00e4hen<\/a><\/li>\n<li><a href=\"https:\/\/cheznu.tv\/familymanagement\/stretch-hose-kate-anleitung\">Stretch-Hose Kate mit Fake-Reissverschluss n\u00e4hen<\/a><\/li>\n<li><a href=\"http:\/\/cheznu.tv\/familymanagement\/hut-naehen-aus-fleece-mit-schnittmuster-in-3-groessen\/\">Hut n\u00e4hen aus Fleece &#8211; mit Schnittmuster in 3 Gr\u00f6ssen<\/a><\/li>\n<\/ul>\n<p><a href='https:\/\/www.spoonflower.com\/profiles\/cheznu_tv' target='_blank' title='Spoonflower-Shop mit den ChezNU-Designs'>Unseren neuen Spoonflower-Shop mit Stoffen im ChezNU-Design findest Du hier.<\/a><\/p><p>Neben dem Schnittmuster \/ Schema \/ Anleitung \/ Plotterdatei erh\u00e4ltst Du als Teil der erworbenen Leistung (gilt auch f\u00fcr kostenlose Produkte) auch unseren kostenlosen Newsletter \u201eSchnittmuster-Alarm\u201c. Im Schnittmuster-Alarm informieren wir haupts\u00e4chlich, aber nicht ausschliesslich \u00fcber neue Schnittmuster, Anleitungen, DIY-Projekte, Angebote in unserem Shop, Angebote in anderen Shops, Materialbezugsquellen und allem was irgendwie mit N\u00e4hen, H\u00e4keln, Basteln, Stricken, Upcycling, Organisation und Familie zu tun hat.<\/p><p>Nach Deiner Bestellung erh\u00e4ltst Du die E-Mails automatisch. Du kannst sie allerdings jederzeit und ohne Angabe von Gr\u00fcnden \u00fcber den Link am Ende jeder E-Mail abbestellen.<br>\n\tDie Transparenzerkl\u00e4rung zu unserem Schnittmuster-Alarm findest Du <a title='Transparenzerkl\u00e4rung' href='https:\/\/cheznu.tv\/familymanagement\/transparenzerklaerung-zum-schnittmuster-alarm-newsletter\/' target='_blank'>hier<\/a><\/p>\n<p><strong>Zum Schnittmuster<\/strong><\/p>\n<p>Das Schnittmuster kommt als PDF, wenn es sich um mehrere PDFs handelt packen wir diese in eine ZIP-Datei. Diese muss erst abgespeichert und entpackt werden, bevor man sie auf A4-Papier (Standard) ausdrucken und dann zusammenkleben kann.<br \/>\nFalls Du das noch nie gemacht hast findest Du eine Anleitung in unseren <a href=\"https:\/\/cheznu.tv\/familymanagement\/faq\/\">FAQs<\/a>.<\/p>\n<p>So entf\u00e4llt das l\u00e4stige Schnittmuster kopieren mit teurem Seidenpapier. Das Schnittmuster kann nach dem Zusammenkleben direkt ausgeschnitten werden.<\/p>\n<p>Bitte beachte, die richtigen Druckoptionen einzustellen. Das funktioniert genauso, wie bei Burda.<br \/>\n<a href=\"http:\/\/cheznu.tv\/familymanagement\/burda-schnittmuster-ausdrucken\/\">Burda Schnittmuster Ausdrucken.<\/a><\/p>\n<p>Wie das mit dem Zusammenkleben funktioniert haben wir hier kurz erkl\u00e4rt.<br \/>\n<a href=\"http:\/\/cheznu.tv\/familymanagement\/so-gehts\/\">So geht\u00b4s<\/a>.<\/p>\n<p><a href=\"http:\/\/cheznu.tv\/familymanagement\/wp-content\/uploads\/2018\/01\/ChezNU-Groessentabelle_fuer_Damen.pdf\" target=\"_blank\" rel=\"noopener noreferrer\">Die Gr\u00f6ssetabelle mit den Massen f\u00fcr Damen findest Du hier.<\/a><\/p>\n<p>Dieser Schnitt darf zu privaten Zwecken und zur Fertigung von Einzelst\u00fccken\/Kleinserien (bis 5 Modelle) unter Nennung der Herkunft verwendet werden (ChezNU.TV). Massenproduktion der fertigen Ware sowie Kopieren, Weitergabe, Abdruck oder Ver\u00f6ffentlichung (auch teilweise) des Schnittmusters bedarf der schriftlichen Genehmigung. Wenn Du Dir nicht sicher bist, schreibe uns einfach kurz eine <a href=\"mailto:nu@cheznu.tv\">E-Mail.<\/a><\/p>\n<p><img decoding=\"async\" src=\"https:\/\/klick.cheznu.tv\/pix\/1s8uz4na2zfz83c4\" width=\"1\" height=\"1\" \/><\/p>\n","protected":false},"excerpt":{"rendered":"<p><strong>Das Schnittmuster-Paket enth\u00e4lt 7 Schnittmuster<\/strong><\/p>\n<p>Das <a href=\"https:\/\/cheznu.tv\/familymanagement\/produkt\/kleid-merle-schnittmuster\/\"><strong>Sweatkleid<\/strong> <strong>Merle<\/strong><\/a> ist ein Kleid hat einem Stehkragen mit \u00d6sen &#8211; ein bisschen, wie ein Rollkragen. Es hat 3\/4-lange \u00c4rmel und ist knielang (91-93 cm). Durch die \u00d6sen am Kragen habe ich ein Hoodieband gezogen.<br \/>\nDas Schnittmuster ist sehr einfach zu n\u00e4hen und ist daher auch f\u00fcr N\u00e4hanf\u00e4nger super geeignet. Das schwierigste ist eigentlich die \u00d6sen einzuschlagen.<br \/>\nDas Schnittmuster ist f\u00fcr Sweat designt, aber Du kannst auch Jersey, French Terry oder Strick verwenden.<\/p>\n<p>Die <a href=\"https:\/\/cheznu.tv\/familymanagement\/produkt\/palazzo-hose-kira-schnittmuster\/\"><strong>Hose Kira<\/strong><\/a> ist eine weite Hose mit Gummizug im Palazzo-Stil. Die Hose ist oben etwas schmaler geschnitten, daf\u00fcr unten umso weiter. Der Gummizug macht die Hose nicht nur sehr einfach zu n\u00e4hen, sondern auch sehr bequem zu tragen.<br \/>\nDas Schnittmuster sieht Taschen in der Seitennaht vor, diese k\u00f6nnen aber auch ganz einfach weggelassen werden.<br \/>\nDas Schnittmuster f\u00fcr die Palazzo Hose kommt in den Gr\u00f6ssen 36-52, ist einfach zu n\u00e4hen und herrlich zu tragen.<br \/>\nDie Hose ist f\u00fcr Webware designt. Entscheide Dich am am besten f\u00fcr einen fliessenden, nicht zu dicken Stoff, wie Viskose, Seide, Lyocell \/ Tencell oder \u00e4hnliches<\/p>\n<p>Das Schnittmuster f\u00fcr das einfache\u00a0 <a href=\"https:\/\/cheznu.tv\/familymanagement\/produkt\/raglan-shirt-ilva-schnittmuster\/\"><strong>Raglan-Shirt Ilva<\/strong><\/a> in den Gr\u00f6ssen 36-52 mit detailliertem Anleitungsvideo. So n\u00e4hst Du einfach ein Raglan-Shirt selbst. Mit dem passenden Stoff und unserer <a href=\"https:\/\/cheznu.tv\/familymanagement\/produkt\/norweger-borten-plotterdatei\/\">Norweger-Borte<\/a> sieht es dann aus, wie ein Norweger-Pullover, nur eben nicht gestrickt, sondern gen\u00e4ht.<\/p>\n<p>Das Schnittmuster f\u00fcr den <a href=\"https:\/\/cheznu.tv\/familymanagement\/produkt\/kapuzenschal-schnittmuster-zum-ausdrucken\/\"><strong>Kapuzenschal<\/strong><\/a> ist ein tolles Schnittmuster f\u00fcr N\u00e4hanf\u00e4nger, aber nicht nur. Es sieht einfach toll aus, wenn man sich zur Jacke den passenden Kapuzenschal n\u00e4ht. Dadurch, dass es sich um ein Schnittmuster in Einheitsgr\u00f6sse handelt ist es auch eine tolle Geschenkidee, wenn man etwas selbst gen\u00e4htes verschenken m\u00f6chte.<\/p>\n<p>Das <a href=\"https:\/\/cheznu.tv\/familymanagement\/produkt\/cut-out-shirt-schnittmuster\/\"><strong>Cut-Out-Shirt Cassy<\/strong><\/a> ist ein super stylisches T-Shirt.<br \/>\nEs ist viel einfacher zu n\u00e4hen als man zuerst denkt. Es eignet sich als elegantes Shirt f\u00fcr die Arbeit oder zum Ausgehen &#8211; egal ob am Nachmittag oder am Abend.<\/p>\n<p>Die <a href=\"https:\/\/cheznu.tv\/familymanagement\/produkt\/stretch-hose-kate-schnittmuster\/\"><strong>Stretch-Hose Kate<\/strong><\/a> ist eine super bequeme Hose mit einem Fake-Reissverschluss und Eingrifftaschen. Oben hat die Hose einen Gummibund.<br \/>\nDas Schnittmuster ist f\u00fcr die Gr. 36-60.<br \/>\nDer Fake-Reissverschluss wertet den Look extrem auf und obwohl die Hose so bequem wie eine Jogginghose ist, sieht sie nicht so aus.<\/p>\n<p>Das Schnittmuster f\u00fcr den <a href=\"https:\/\/cheznu.tv\/familymanagement\/produkt\/hut-snowy-morning-in-3-groessen\/\"><strong>Hut Snowy Morning<\/strong><\/a> kommt in den Gr\u00f6ssen:<\/p>\n<ul>\n<li>56 cm Kopfumfang<\/li>\n<li>58 cm\u00a0Kopfumfang<\/li>\n<li>60 cm\u00a0Kopfumfang<\/li>\n<\/ul>\n<p>Es ist f\u00fcr N\u00e4heinsteiger und N\u00e4hanf\u00e4nger unbedingt geeignet.<\/p>\n<p><strong>Das Paket gibt es nur am 9. Dezember 2022!<\/strong><\/p>\n","protected":false},"featured_media":77950,"comment_status":"open","ping_status":"closed","template":"","meta":[],"product_brand":[],"product_cat":[15],"product_tag":[],"class_list":{"0":"post-79414","1":"product","2":"type-product","3":"status-publish","4":"has-post-thumbnail","6":"product_cat-uncategorized","8":"first","9":"instock","10":"downloadable","11":"virtual","12":"sold-individually","13":"purchasable","14":"product-type-simple"},"yoast_head":"<!-- This site is optimized with the Yoast SEO plugin v27.4 - https:\/\/yoast.com\/product\/yoast-seo-wordpress\/ -->\n<title>Adventskalender T\u00fcr 9 \ud83d\udd6f\ud83d\udd6f Schnittmuster-Paket: Kleidung n\u00e4hen f\u00fcr Anf\u00e4nger II - ChezNU.TV<\/title>\n<meta name=\"robots\" content=\"index, follow, max-snippet:-1, max-image-preview:large, max-video-preview:-1\" \/>\n<link rel=\"canonical\" href=\"https:\/\/cheznu.tv\/familymanagement\/produkt\/ak202209-anfaenger-2\/\" \/>\n<meta property=\"og:locale\" content=\"de_DE\" \/>\n<meta property=\"og:type\" content=\"article\" \/>\n<meta property=\"og:title\" content=\"Adventskalender T\u00fcr 9 \ud83d\udd6f\ud83d\udd6f Schnittmuster-Paket: Kleidung n\u00e4hen f\u00fcr Anf\u00e4nger II - ChezNU.TV\" \/>\n<meta property=\"og:description\" content=\"Das Schnittmuster-Paket enth\u00e4lt 7 Schnittmuster  Das Sweatkleid Merle ist ein Kleid hat einem Stehkragen mit \u00d6sen - ein bisschen, wie ein Rollkragen. Es hat 3\/4-lange \u00c4rmel und ist knielang (91-93 cm). Durch die \u00d6sen am Kragen habe ich ein Hoodieband gezogen. Das Schnittmuster ist sehr einfach zu n\u00e4hen und ist daher auch f\u00fcr N\u00e4hanf\u00e4nger super geeignet. Das schwierigste ist eigentlich die \u00d6sen einzuschlagen. Das Schnittmuster ist f\u00fcr Sweat designt, aber Du kannst auch Jersey, French Terry oder Strick verwenden.  Die Hose Kira ist eine weite Hose mit Gummizug im Palazzo-Stil. Die Hose ist oben etwas schmaler geschnitten, daf\u00fcr unten umso weiter. Der Gummizug macht die Hose nicht nur sehr einfach zu n\u00e4hen, sondern auch sehr bequem zu tragen. Das Schnittmuster sieht Taschen in der Seitennaht vor, diese k\u00f6nnen aber auch ganz einfach weggelassen werden. Das Schnittmuster f\u00fcr die Palazzo Hose kommt in den Gr\u00f6ssen 36-52, ist einfach zu n\u00e4hen und herrlich zu tragen. Die Hose ist f\u00fcr Webware designt. Entscheide Dich am am besten f\u00fcr einen fliessenden, nicht zu dicken Stoff, wie Viskose, Seide, Lyocell \/ Tencell oder \u00e4hnliches  Das Schnittmuster f\u00fcr das einfache\u00a0 Raglan-Shirt Ilva in den Gr\u00f6ssen 36-52 mit detailliertem Anleitungsvideo. So n\u00e4hst Du einfach ein Raglan-Shirt selbst. Mit dem passenden Stoff und unserer Norweger-Borte sieht es dann aus, wie ein Norweger-Pullover, nur eben nicht gestrickt, sondern gen\u00e4ht.  Das Schnittmuster f\u00fcr den Kapuzenschal ist ein tolles Schnittmuster f\u00fcr N\u00e4hanf\u00e4nger, aber nicht nur. Es sieht einfach toll aus, wenn man sich zur Jacke den passenden Kapuzenschal n\u00e4ht. Dadurch, dass es sich um ein Schnittmuster in Einheitsgr\u00f6sse handelt ist es auch eine tolle Geschenkidee, wenn man etwas selbst gen\u00e4htes verschenken m\u00f6chte.  Das Cut-Out-Shirt Cassy ist ein super stylisches T-Shirt. Es ist viel einfacher zu n\u00e4hen als man zuerst denkt. Es eignet sich als elegantes Shirt f\u00fcr die Arbeit oder zum Ausgehen - egal ob am Nachmittag oder am Abend.  Die Stretch-Hose Kate ist eine super bequeme Hose mit einem Fake-Reissverschluss und Eingrifftaschen. Oben hat die Hose einen Gummibund. Das Schnittmuster ist f\u00fcr die Gr. 36-60. Der Fake-Reissverschluss wertet den Look extrem auf und obwohl die Hose so bequem wie eine Jogginghose ist, sieht sie nicht so aus.  Das Schnittmuster f\u00fcr den Hut Snowy Morning kommt in den Gr\u00f6ssen:   56 cm Kopfumfang  58 cm\u00a0Kopfumfang  60 cm\u00a0Kopfumfang  Es ist f\u00fcr N\u00e4heinsteiger und N\u00e4hanf\u00e4nger unbedingt geeignet.  Das Paket gibt es nur am 9. Dezember 2022!\" \/>\n<meta property=\"og:url\" content=\"https:\/\/cheznu.tv\/familymanagement\/produkt\/ak202209-anfaenger-2\/\" \/>\n<meta property=\"og:site_name\" content=\"ChezNU.TV\" \/>\n<meta property=\"article:publisher\" content=\"https:\/\/www.facebook.com\/cheznutv\/\" \/>\n<meta property=\"article:modified_time\" content=\"2024-06-03T12:08:48+00:00\" \/>\n<meta property=\"og:image\" content=\"https:\/\/cheznu.tv\/familymanagement\/wp-content\/uploads\/2022\/10\/Schnittmuster-Sweat-Kleid-Merle-schraeg-seitlich-links.jpg\" \/>\n\t<meta property=\"og:image:width\" content=\"1080\" \/>\n\t<meta property=\"og:image:height\" content=\"1079\" \/>\n\t<meta property=\"og:image:type\" content=\"image\/jpeg\" \/>\n<meta name=\"twitter:card\" content=\"summary_large_image\" \/>\n<meta name=\"twitter:site\" content=\"@cheznu_family\" \/>\n<meta name=\"twitter:label1\" content=\"Gesch\u00e4tzte Lesezeit\" \/>\n\t<meta name=\"twitter:data1\" content=\"3\u00a0Minuten\" \/>\n<script type=\"application\/ld+json\" class=\"yoast-schema-graph\">{\"@context\":\"https:\\\/\\\/schema.org\",\"@graph\":[{\"@type\":\"WebPage\",\"@id\":\"https:\\\/\\\/cheznu.tv\\\/familymanagement\\\/produkt\\\/ak202209-anfaenger-2\\\/\",\"url\":\"https:\\\/\\\/cheznu.tv\\\/familymanagement\\\/produkt\\\/ak202209-anfaenger-2\\\/\",\"name\":\"Adventskalender T\u00fcr 9 \ud83d\udd6f\ud83d\udd6f Schnittmuster-Paket: Kleidung n\u00e4hen f\u00fcr Anf\u00e4nger II - ChezNU.TV\",\"isPartOf\":{\"@id\":\"https:\\\/\\\/cheznu.tv\\\/familymanagement\\\/#website\"},\"primaryImageOfPage\":{\"@id\":\"https:\\\/\\\/cheznu.tv\\\/familymanagement\\\/produkt\\\/ak202209-anfaenger-2\\\/#primaryimage\"},\"image\":{\"@id\":\"https:\\\/\\\/cheznu.tv\\\/familymanagement\\\/produkt\\\/ak202209-anfaenger-2\\\/#primaryimage\"},\"thumbnailUrl\":\"https:\\\/\\\/cheznu.tv\\\/familymanagement\\\/wp-content\\\/uploads\\\/2022\\\/10\\\/Schnittmuster-Sweat-Kleid-Merle-schraeg-seitlich-links.jpg\",\"datePublished\":\"2022-12-08T21:00:39+00:00\",\"dateModified\":\"2024-06-03T12:08:48+00:00\",\"breadcrumb\":{\"@id\":\"https:\\\/\\\/cheznu.tv\\\/familymanagement\\\/produkt\\\/ak202209-anfaenger-2\\\/#breadcrumb\"},\"inLanguage\":\"de\",\"potentialAction\":[{\"@type\":\"ReadAction\",\"target\":[\"https:\\\/\\\/cheznu.tv\\\/familymanagement\\\/produkt\\\/ak202209-anfaenger-2\\\/\"]}]},{\"@type\":\"ImageObject\",\"inLanguage\":\"de\",\"@id\":\"https:\\\/\\\/cheznu.tv\\\/familymanagement\\\/produkt\\\/ak202209-anfaenger-2\\\/#primaryimage\",\"url\":\"https:\\\/\\\/cheznu.tv\\\/familymanagement\\\/wp-content\\\/uploads\\\/2022\\\/10\\\/Schnittmuster-Sweat-Kleid-Merle-schraeg-seitlich-links.jpg\",\"contentUrl\":\"https:\\\/\\\/cheznu.tv\\\/familymanagement\\\/wp-content\\\/uploads\\\/2022\\\/10\\\/Schnittmuster-Sweat-Kleid-Merle-schraeg-seitlich-links.jpg\",\"width\":1080,\"height\":1079,\"caption\":\"Schnittmuster Sweat-Kleid Merle - schr\u00e4g seitlich links\"},{\"@type\":\"BreadcrumbList\",\"@id\":\"https:\\\/\\\/cheznu.tv\\\/familymanagement\\\/produkt\\\/ak202209-anfaenger-2\\\/#breadcrumb\",\"itemListElement\":[{\"@type\":\"ListItem\",\"position\":1,\"name\":\"Startseite\",\"item\":\"https:\\\/\\\/cheznu.tv\\\/familymanagement\\\/\"},{\"@type\":\"ListItem\",\"position\":2,\"name\":\"Shop\",\"item\":\"https:\\\/\\\/cheznu.tv\\\/familymanagement\\\/shop\\\/\"},{\"@type\":\"ListItem\",\"position\":3,\"name\":\"Adventskalender T\u00fcr 9 \ud83d\udd6f\ud83d\udd6f Schnittmuster-Paket: Kleidung n\u00e4hen f\u00fcr Anf\u00e4nger II\"}]},{\"@type\":\"WebSite\",\"@id\":\"https:\\\/\\\/cheznu.tv\\\/familymanagement\\\/#website\",\"url\":\"https:\\\/\\\/cheznu.tv\\\/familymanagement\\\/\",\"name\":\"ChezNU.TV\",\"description\":\"N\u00e4hen | Basteln | Haushalt | Familie\",\"potentialAction\":[{\"@type\":\"SearchAction\",\"target\":{\"@type\":\"EntryPoint\",\"urlTemplate\":\"https:\\\/\\\/cheznu.tv\\\/familymanagement\\\/?s={search_term_string}\"},\"query-input\":{\"@type\":\"PropertyValueSpecification\",\"valueRequired\":true,\"valueName\":\"search_term_string\"}}],\"inLanguage\":\"de\"}]}<\/script>\n<!-- \/ Yoast SEO plugin. -->","yoast_head_json":{"title":"Adventskalender T\u00fcr 9 \ud83d\udd6f\ud83d\udd6f Schnittmuster-Paket: Kleidung n\u00e4hen f\u00fcr Anf\u00e4nger II - ChezNU.TV","robots":{"index":"index","follow":"follow","max-snippet":"max-snippet:-1","max-image-preview":"max-image-preview:large","max-video-preview":"max-video-preview:-1"},"canonical":"https:\/\/cheznu.tv\/familymanagement\/produkt\/ak202209-anfaenger-2\/","og_locale":"de_DE","og_type":"article","og_title":"Adventskalender T\u00fcr 9 \ud83d\udd6f\ud83d\udd6f Schnittmuster-Paket: Kleidung n\u00e4hen f\u00fcr Anf\u00e4nger II - ChezNU.TV","og_description":"Das Schnittmuster-Paket enth\u00e4lt 7 Schnittmuster  Das Sweatkleid Merle ist ein Kleid hat einem Stehkragen mit \u00d6sen - ein bisschen, wie ein Rollkragen. Es hat 3\/4-lange \u00c4rmel und ist knielang (91-93 cm). Durch die \u00d6sen am Kragen habe ich ein Hoodieband gezogen. Das Schnittmuster ist sehr einfach zu n\u00e4hen und ist daher auch f\u00fcr N\u00e4hanf\u00e4nger super geeignet. Das schwierigste ist eigentlich die \u00d6sen einzuschlagen. Das Schnittmuster ist f\u00fcr Sweat designt, aber Du kannst auch Jersey, French Terry oder Strick verwenden.  Die Hose Kira ist eine weite Hose mit Gummizug im Palazzo-Stil. Die Hose ist oben etwas schmaler geschnitten, daf\u00fcr unten umso weiter. Der Gummizug macht die Hose nicht nur sehr einfach zu n\u00e4hen, sondern auch sehr bequem zu tragen. Das Schnittmuster sieht Taschen in der Seitennaht vor, diese k\u00f6nnen aber auch ganz einfach weggelassen werden. Das Schnittmuster f\u00fcr die Palazzo Hose kommt in den Gr\u00f6ssen 36-52, ist einfach zu n\u00e4hen und herrlich zu tragen. Die Hose ist f\u00fcr Webware designt. Entscheide Dich am am besten f\u00fcr einen fliessenden, nicht zu dicken Stoff, wie Viskose, Seide, Lyocell \/ Tencell oder \u00e4hnliches  Das Schnittmuster f\u00fcr das einfache\u00a0 Raglan-Shirt Ilva in den Gr\u00f6ssen 36-52 mit detailliertem Anleitungsvideo. So n\u00e4hst Du einfach ein Raglan-Shirt selbst. Mit dem passenden Stoff und unserer Norweger-Borte sieht es dann aus, wie ein Norweger-Pullover, nur eben nicht gestrickt, sondern gen\u00e4ht.  Das Schnittmuster f\u00fcr den Kapuzenschal ist ein tolles Schnittmuster f\u00fcr N\u00e4hanf\u00e4nger, aber nicht nur. Es sieht einfach toll aus, wenn man sich zur Jacke den passenden Kapuzenschal n\u00e4ht. Dadurch, dass es sich um ein Schnittmuster in Einheitsgr\u00f6sse handelt ist es auch eine tolle Geschenkidee, wenn man etwas selbst gen\u00e4htes verschenken m\u00f6chte.  Das Cut-Out-Shirt Cassy ist ein super stylisches T-Shirt. Es ist viel einfacher zu n\u00e4hen als man zuerst denkt. Es eignet sich als elegantes Shirt f\u00fcr die Arbeit oder zum Ausgehen - egal ob am Nachmittag oder am Abend.  Die Stretch-Hose Kate ist eine super bequeme Hose mit einem Fake-Reissverschluss und Eingrifftaschen. Oben hat die Hose einen Gummibund. Das Schnittmuster ist f\u00fcr die Gr. 36-60. Der Fake-Reissverschluss wertet den Look extrem auf und obwohl die Hose so bequem wie eine Jogginghose ist, sieht sie nicht so aus.  Das Schnittmuster f\u00fcr den Hut Snowy Morning kommt in den Gr\u00f6ssen:   56 cm Kopfumfang  58 cm\u00a0Kopfumfang  60 cm\u00a0Kopfumfang  Es ist f\u00fcr N\u00e4heinsteiger und N\u00e4hanf\u00e4nger unbedingt geeignet.  Das Paket gibt es nur am 9. Dezember 2022!","og_url":"https:\/\/cheznu.tv\/familymanagement\/produkt\/ak202209-anfaenger-2\/","og_site_name":"ChezNU.TV","article_publisher":"https:\/\/www.facebook.com\/cheznutv\/","article_modified_time":"2024-06-03T12:08:48+00:00","og_image":[{"width":1080,"height":1079,"url":"https:\/\/cheznu.tv\/familymanagement\/wp-content\/uploads\/2022\/10\/Schnittmuster-Sweat-Kleid-Merle-schraeg-seitlich-links.jpg","type":"image\/jpeg"}],"twitter_card":"summary_large_image","twitter_site":"@cheznu_family","twitter_misc":{"Gesch\u00e4tzte Lesezeit":"3\u00a0Minuten"},"schema":{"@context":"https:\/\/schema.org","@graph":[{"@type":"WebPage","@id":"https:\/\/cheznu.tv\/familymanagement\/produkt\/ak202209-anfaenger-2\/","url":"https:\/\/cheznu.tv\/familymanagement\/produkt\/ak202209-anfaenger-2\/","name":"Adventskalender T\u00fcr 9 \ud83d\udd6f\ud83d\udd6f Schnittmuster-Paket: Kleidung n\u00e4hen f\u00fcr Anf\u00e4nger II - ChezNU.TV","isPartOf":{"@id":"https:\/\/cheznu.tv\/familymanagement\/#website"},"primaryImageOfPage":{"@id":"https:\/\/cheznu.tv\/familymanagement\/produkt\/ak202209-anfaenger-2\/#primaryimage"},"image":{"@id":"https:\/\/cheznu.tv\/familymanagement\/produkt\/ak202209-anfaenger-2\/#primaryimage"},"thumbnailUrl":"https:\/\/cheznu.tv\/familymanagement\/wp-content\/uploads\/2022\/10\/Schnittmuster-Sweat-Kleid-Merle-schraeg-seitlich-links.jpg","datePublished":"2022-12-08T21:00:39+00:00","dateModified":"2024-06-03T12:08:48+00:00","breadcrumb":{"@id":"https:\/\/cheznu.tv\/familymanagement\/produkt\/ak202209-anfaenger-2\/#breadcrumb"},"inLanguage":"de","potentialAction":[{"@type":"ReadAction","target":["https:\/\/cheznu.tv\/familymanagement\/produkt\/ak202209-anfaenger-2\/"]}]},{"@type":"ImageObject","inLanguage":"de","@id":"https:\/\/cheznu.tv\/familymanagement\/produkt\/ak202209-anfaenger-2\/#primaryimage","url":"https:\/\/cheznu.tv\/familymanagement\/wp-content\/uploads\/2022\/10\/Schnittmuster-Sweat-Kleid-Merle-schraeg-seitlich-links.jpg","contentUrl":"https:\/\/cheznu.tv\/familymanagement\/wp-content\/uploads\/2022\/10\/Schnittmuster-Sweat-Kleid-Merle-schraeg-seitlich-links.jpg","width":1080,"height":1079,"caption":"Schnittmuster Sweat-Kleid Merle - schr\u00e4g seitlich links"},{"@type":"BreadcrumbList","@id":"https:\/\/cheznu.tv\/familymanagement\/produkt\/ak202209-anfaenger-2\/#breadcrumb","itemListElement":[{"@type":"ListItem","position":1,"name":"Startseite","item":"https:\/\/cheznu.tv\/familymanagement\/"},{"@type":"ListItem","position":2,"name":"Shop","item":"https:\/\/cheznu.tv\/familymanagement\/shop\/"},{"@type":"ListItem","position":3,"name":"Adventskalender T\u00fcr 9 \ud83d\udd6f\ud83d\udd6f Schnittmuster-Paket: Kleidung n\u00e4hen f\u00fcr Anf\u00e4nger II"}]},{"@type":"WebSite","@id":"https:\/\/cheznu.tv\/familymanagement\/#website","url":"https:\/\/cheznu.tv\/familymanagement\/","name":"ChezNU.TV","description":"N\u00e4hen | Basteln | Haushalt | Familie","potentialAction":[{"@type":"SearchAction","target":{"@type":"EntryPoint","urlTemplate":"https:\/\/cheznu.tv\/familymanagement\/?s={search_term_string}"},"query-input":{"@type":"PropertyValueSpecification","valueRequired":true,"valueName":"search_term_string"}}],"inLanguage":"de"}]}},"_links":{"self":[{"href":"https:\/\/cheznu.tv\/familymanagement\/wp-json\/wp\/v2\/product\/79414","targetHints":{"allow":["GET"]}}],"collection":[{"href":"https:\/\/cheznu.tv\/familymanagement\/wp-json\/wp\/v2\/product"}],"about":[{"href":"https:\/\/cheznu.tv\/familymanagement\/wp-json\/wp\/v2\/types\/product"}],"replies":[{"embeddable":true,"href":"https:\/\/cheznu.tv\/familymanagement\/wp-json\/wp\/v2\/comments?post=79414"}],"wp:featuredmedia":[{"embeddable":true,"href":"https:\/\/cheznu.tv\/familymanagement\/wp-json\/wp\/v2\/media\/77950"}],"wp:attachment":[{"href":"https:\/\/cheznu.tv\/familymanagement\/wp-json\/wp\/v2\/media?parent=79414"}],"wp:term":[{"taxonomy":"product_brand","embeddable":true,"href":"https:\/\/cheznu.tv\/familymanagement\/wp-json\/wp\/v2\/product_brand?post=79414"},{"taxonomy":"product_cat","embeddable":true,"href":"https:\/\/cheznu.tv\/familymanagement\/wp-json\/wp\/v2\/product_cat?post=79414"},{"taxonomy":"product_tag","embeddable":true,"href":"https:\/\/cheznu.tv\/familymanagement\/wp-json\/wp\/v2\/product_tag?post=79414"}],"curies":[{"name":"wp","href":"https:\/\/api.w.org\/{rel}","templated":true}]}}