{"id":79290,"date":"2022-12-02T22:00:46","date_gmt":"2022-12-02T21:00:46","guid":{"rendered":"https:\/\/cheznu.tv\/familymanagement\/?post_type=product&#038;p=79290"},"modified":"2024-06-03T14:05:22","modified_gmt":"2024-06-03T12:05:22","slug":"ak-202203-anfaenger1","status":"publish","type":"product","link":"https:\/\/cheznu.tv\/familymanagement\/produkt\/ak-202203-anfaenger1\/","title":{"rendered":"Adventskalender 2022 T\u00fcr 3 \ud83d\udd6f Schnittmuster-Paket Kleidung n\u00e4hen f\u00fcr Anf\u00e4nger I"},"content":{"rendered":"<p>Die N\u00e4hanleitungen mit vielen Bildern sowie das\u00a0\u00a0Anleitungsvideo findest Du hier:<\/p>\n<ul>\n<li><a href=\"https:\/\/cheznu.tv\/familymanagement\/wasserfall-shirt-selina-anleitung\/\">T-Shirt mit Wasserfallkragen n\u00e4hen nach dem Schnittmuster Wasserfallshirt Selina<\/a><\/li>\n<li><a href=\"https:\/\/cheznu.tv\/familymanagement\/einfaches-shirt-naehen-in-vielen-varianten-shirt-emilia\/\">Einfaches Shirt n\u00e4hen in vielen Varianten \ud83d\udc55 Shirt Emilia<\/a><\/li>\n<li><a href=\"https:\/\/cheznu.tv\/familymanagement\/shirt-claire-anleitung\/\">T-Shirt mit asymmetrischem Halsausschnitt n\u00e4hen \ud83d\udc55 Shirt Claire<\/a><\/li>\n<li><a href=\"http:\/\/cheznu.tv\/familymanagement\/kimono-naehen-fuer-anfaenger-aus-ikea-oder-alter-bettwaesche-kimono-kantan-ni\/\">Kimono n\u00e4hen f\u00fcr Anf\u00e4nger aus Ikea- oder alter Bettw\u00e4sche | Kimono Kantan ni Anleitung und Tutorial<\/a><\/li>\n<li><a href=\"http:\/\/cheznu.tv\/familymanagement\/cardigan-naehen-fuer-anfaenger-mit-schalkragen-schnittmuster-36-46-easy-peasy-2-0\/\">Cardigan n\u00e4hen f\u00fcr Anf\u00e4nger mit Schalkragen Anleitung und Tutorial<\/a><\/li>\n<li><a href=\"https:\/\/cheznu.tv\/familymanagement\/morgenrock-ida-anleitung\/\">Morgenrock Ida n\u00e4hen<\/a><\/li>\n<\/ul>\n<p><a href='https:\/\/www.spoonflower.com\/profiles\/cheznu_tv' target='_blank' title='Spoonflower-Shop mit den ChezNU-Designs'>Unseren neuen Spoonflower-Shop mit Stoffen im ChezNU-Design findest Du hier.<\/a><\/p><p>Neben dem Schnittmuster \/ Schema \/ Anleitung \/ Plotterdatei erh\u00e4ltst Du als Teil der erworbenen Leistung (gilt auch f\u00fcr kostenlose Produkte) auch unseren kostenlosen Newsletter \u201eSchnittmuster-Alarm\u201c. Im Schnittmuster-Alarm informieren wir haupts\u00e4chlich, aber nicht ausschliesslich \u00fcber neue Schnittmuster, Anleitungen, DIY-Projekte, Angebote in unserem Shop, Angebote in anderen Shops, Materialbezugsquellen und allem was irgendwie mit N\u00e4hen, H\u00e4keln, Basteln, Stricken, Upcycling, Organisation und Familie zu tun hat.<\/p><p>Nach Deiner Bestellung erh\u00e4ltst Du die E-Mails automatisch. Du kannst sie allerdings jederzeit und ohne Angabe von Gr\u00fcnden \u00fcber den Link am Ende jeder E-Mail abbestellen.<br>\n\tDie Transparenzerkl\u00e4rung zu unserem Schnittmuster-Alarm findest Du <a title='Transparenzerkl\u00e4rung' href='https:\/\/cheznu.tv\/familymanagement\/transparenzerklaerung-zum-schnittmuster-alarm-newsletter\/' target='_blank'>hier<\/a><\/p>\n<p><strong>Zum Schnittmuster<\/strong><\/p>\n<p>Das Schnittmuster kommt als PDF, wenn es sich um mehrere PDFs handelt packen wir diese in eine ZIP-Datei. diese muss erst abgespeichert und entpackt werden, bevor man sie auf A4-Papier (Standard) ausdrucken und dann zusammenkleben kann.<br \/>\nSo entf\u00e4llt das l\u00e4stige Schnittmuster kopieren mit teurem Seidenpapier. Das Schnittmuster kann nach dem Zusammenkleben direkt ausgeschnitten werden.<\/p>\n<p>Bitte beachte, die richtigen Druckoptionen einzustellen. Das funktioniert genauso, wie bei Burda.<br \/>\n<a href=\"http:\/\/cheznu.tv\/familymanagement\/burda-schnittmuster-ausdrucken\/\">Burda Schnittmuster Ausdrucken.<\/a><\/p>\n<p>Wie das mit dem Zusammenkleben funktioniert haben wir hier kurz erkl\u00e4rt.<br \/>\n<a href=\"http:\/\/cheznu.tv\/familymanagement\/so-gehts\/\">So geht\u00b4s<\/a>.<\/p>\n<p><a href=\"http:\/\/cheznu.tv\/familymanagement\/wp-content\/uploads\/2018\/01\/ChezNU-Groessentabelle_fuer_Damen.pdf\" target=\"_blank\" rel=\"noopener noreferrer\">Die Gr\u00f6ssetabelle mit den Massen f\u00fcr Damen findest Du hier.<\/a><\/p>\n<p>Dieser Schnitt darf zu privaten Zwecken und zur Fertigung von Einzelst\u00fccken\/Kleinserien (bis 5 Modelle) unter Nennung der Herkunft verwendet werden (ChezNU.TV). Massenproduktion der fertigen Ware sowie Kopieren, Weitergabe, Abdruck oder Ver\u00f6ffentlichung (auch teilweise) des Schnittmusters bedarf der schriftlichen Genehmigung. Wenn Du Dir nicht sicher bist, schreibe uns einfach kurz eine <a href=\"mailto:nu@cheznu.tv\">E-Mail.<\/a><\/p>\n<p><img decoding=\"async\" src=\"https:\/\/klick.cheznu.tv\/pix\/1jqcz4na2zfze5d5\" width=\"1\" height=\"1\" \/><\/p>\n","protected":false},"excerpt":{"rendered":"<p><strong>Das Schnittmuster-Paket enth\u00e4lt 6 Schnittmuster (f\u00fcr Kleidung).<\/strong><\/p>\n<p>Das <a href=\"https:\/\/cheznu.tv\/familymanagement\/produkt\/wasserfall-shirt-selina-schnittmuster\/\">T-Shirt Selina<\/a> ist ein Shirt mit Wasserfallkragen. Es ist leicht tailliert und hat kurze \u00c4rmel.\u00a0 Es ist\u00a0<strong>einfach zu n\u00e4hen<\/strong>\u00a0und herrlich zu tragen.<\/p>\n<p>Das Schnittmuster ist f\u00fcr elastische Stoffe designt. Wir empfehlen fliessenden Jersey Stoffe aus Baumwolle, besser noch Viskosejersey.<\/p>\n<p>&nbsp;<\/p>\n<p>Das <a href=\"https:\/\/cheznu.tv\/familymanagement\/produkt\/schnittmuster-shirt-emilia\/\">Shirt Emilia<\/a> ist ein super variantenreiches Schnittmuster, dass auch N\u00e4hanf\u00e4nger sehr gut umsetzen k\u00f6nnen. Das Shirt ist leicht tailliert und beinhaltet Gr\u00f6ssen 36-52.<\/p>\n<p>Du kannst das Schnittmuster zum Shirt Emilia umsetzen in<\/p>\n<ul>\n<li>Basis-Variante<\/li>\n<li>mit angeschnittenem Stehkragen<\/li>\n<li>mit Hoodie<\/li>\n<li>mit \u00c4rmelb\u00fcndchen mit Daumenloch<\/li>\n<li>mit Rollkragen<\/li>\n<li>mit K\u00e4nguru-Tasche (mit geradem oder runden Eingriff)<\/li>\n<li>mit runder Eingrifftasche<\/li>\n<\/ul>\n<p>Zum Schnittmuster erh\u00e4ltst Du ein <strong>E-Book mit ausf\u00fchrlichen bebilderten Anleitungen<\/strong> f\u00fcr das Basis-Shirt, die verschieden Varianten, Stoffempfehlungen und Stichempfehlungen.<\/p>\n<p>&nbsp;<\/p>\n<p>Das <a href=\"https:\/\/cheznu.tv\/familymanagement\/produkt\/asymmetrisches-shirt-claire-schnittmuster\/\">Shirt Claire<\/a> ist ein T-Shirt mit asymmetrischem Halsausschnitt. Es ist kurz\u00e4rmlig, aber wir zeigen im Anleitungsvideo, wie Du die \u00c4rmel ganz einfach auf 3\/4-l\u00e4nge verl\u00e4ngern kannst.<\/p>\n<p>Zum Schnittmuster gibt es neben der \u00f6ffentlichen Videoanleitung auch ein ausf\u00fchrliches E-Book.<\/p>\n<p>&nbsp;<\/p>\n<p>Der ganz einfache <a href=\"https:\/\/cheznu.tv\/familymanagement\/produkt\/kimono-katan-ni-schnittmuster-zum-ausdrucken\/\">Kimono Katan<\/a> ist f\u00fcr N\u00e4h-Anf\u00e4nger geeignet.<\/p>\n<p>L\u00e4sst sich auch super aus (Ikea-)Bettw\u00e4sche n\u00e4hen.<\/p>\n<p>&nbsp;<\/p>\n<p>Schicke <a href=\"https:\/\/cheznu.tv\/familymanagement\/produkt\/cardigan-easy-peasy-2-punkt-0\/\">Cardigan Easy Peasy 2.0<\/a> mit Schalkragen. Der Schnitt ist einfach und dank des Anleitungsvideos auch f\u00fcr N\u00e4hanf\u00e4nger geeignet.<\/p>\n<p>&nbsp;<\/p>\n<p>Das Schnittmuster f\u00fcr den <a href=\"https:\/\/cheznu.tv\/familymanagement\/produkt\/morgenrock-ida-schnittmuster\/\">Morgenrock Ida<\/a> ist so\u00a0designt, dass Du ihn aus 2 Polarvide Decken von Ikea n\u00e4hen kannst. Du kannst aber nat\u00fcrlich auch &#8222;normalen&#8220; Stoff verwenden. Das Schnittmuster beinhaltet die Gr\u00f6ssen M-XL.<\/p>\n<p>Es ist ein absolutes Anf\u00e4ngerprojekt. Wir haben auf allen Schnickschnack verzichtet, so dass es wirklich super einfach ist.<\/p>\n<p>Der Morgenrock hat eine Kapuze und 2 einfache aufgesetzte Taschen.<\/p>\n<p><strong>Das Paket gibt es nur am 3. Dezember 2022!<\/strong><\/p>\n","protected":false},"featured_media":55278,"comment_status":"open","ping_status":"closed","template":"","meta":[],"product_brand":[],"product_cat":[15],"product_tag":[],"class_list":{"0":"post-79290","1":"product","2":"type-product","3":"status-publish","4":"has-post-thumbnail","6":"product_cat-uncategorized","8":"first","9":"instock","10":"downloadable","11":"virtual","12":"sold-individually","13":"purchasable","14":"product-type-simple"},"yoast_head":"<!-- This site is optimized with the Yoast SEO plugin v27.4 - https:\/\/yoast.com\/product\/yoast-seo-wordpress\/ -->\n<title>Adventskalender 2022 T\u00fcr 3 \ud83d\udd6f Schnittmuster-Paket Kleidung n\u00e4hen f\u00fcr Anf\u00e4nger I - ChezNU.TV<\/title>\n<meta name=\"robots\" content=\"index, follow, max-snippet:-1, max-image-preview:large, max-video-preview:-1\" \/>\n<link rel=\"canonical\" href=\"https:\/\/cheznu.tv\/familymanagement\/produkt\/ak-202203-anfaenger1\/\" \/>\n<meta property=\"og:locale\" content=\"de_DE\" \/>\n<meta property=\"og:type\" content=\"article\" \/>\n<meta property=\"og:title\" content=\"Adventskalender 2022 T\u00fcr 3 \ud83d\udd6f Schnittmuster-Paket Kleidung n\u00e4hen f\u00fcr Anf\u00e4nger I - ChezNU.TV\" \/>\n<meta property=\"og:description\" content=\"Das Schnittmuster-Paket enth\u00e4lt 6 Schnittmuster (f\u00fcr Kleidung).  Das T-Shirt Selina ist ein Shirt mit Wasserfallkragen. Es ist leicht tailliert und hat kurze \u00c4rmel.\u00a0 Es ist\u00a0einfach zu n\u00e4hen\u00a0und herrlich zu tragen.  Das Schnittmuster ist f\u00fcr elastische Stoffe designt. Wir empfehlen fliessenden Jersey Stoffe aus Baumwolle, besser noch Viskosejersey.  &nbsp;  Das Shirt Emilia ist ein super variantenreiches Schnittmuster, dass auch N\u00e4hanf\u00e4nger sehr gut umsetzen k\u00f6nnen. Das Shirt ist leicht tailliert und beinhaltet Gr\u00f6ssen 36-52.  Du kannst das Schnittmuster zum Shirt Emilia umsetzen in   Basis-Variante  mit angeschnittenem Stehkragen  mit Hoodie  mit \u00c4rmelb\u00fcndchen mit Daumenloch  mit Rollkragen  mit K\u00e4nguru-Tasche (mit geradem oder runden Eingriff)  mit runder Eingrifftasche  Zum Schnittmuster erh\u00e4ltst Du ein E-Book mit ausf\u00fchrlichen bebilderten Anleitungen f\u00fcr das Basis-Shirt, die verschieden Varianten, Stoffempfehlungen und Stichempfehlungen.  &nbsp;  Das Shirt Claire ist ein T-Shirt mit asymmetrischem Halsausschnitt. Es ist kurz\u00e4rmlig, aber wir zeigen im Anleitungsvideo, wie Du die \u00c4rmel ganz einfach auf 3\/4-l\u00e4nge verl\u00e4ngern kannst.  Zum Schnittmuster gibt es neben der \u00f6ffentlichen Videoanleitung auch ein ausf\u00fchrliches E-Book.  &nbsp;  Der ganz einfache Kimono Katan ist f\u00fcr N\u00e4h-Anf\u00e4nger geeignet.  L\u00e4sst sich auch super aus (Ikea-)Bettw\u00e4sche n\u00e4hen.  &nbsp;  Schicke Cardigan Easy Peasy 2.0 mit Schalkragen. Der Schnitt ist einfach und dank des Anleitungsvideos auch f\u00fcr N\u00e4hanf\u00e4nger geeignet.  &nbsp;  Das Schnittmuster f\u00fcr den Morgenrock Ida ist so\u00a0designt, dass Du ihn aus 2 Polarvide Decken von Ikea n\u00e4hen kannst. Du kannst aber nat\u00fcrlich auch &quot;normalen&quot; Stoff verwenden. Das Schnittmuster beinhaltet die Gr\u00f6ssen M-XL.  Es ist ein absolutes Anf\u00e4ngerprojekt. Wir haben auf allen Schnickschnack verzichtet, so dass es wirklich super einfach ist.  Der Morgenrock hat eine Kapuze und 2 einfache aufgesetzte Taschen.  Das Paket gibt es nur am 3. Dezember 2022!\" \/>\n<meta property=\"og:url\" content=\"https:\/\/cheznu.tv\/familymanagement\/produkt\/ak-202203-anfaenger1\/\" \/>\n<meta property=\"og:site_name\" content=\"ChezNU.TV\" \/>\n<meta property=\"article:publisher\" content=\"https:\/\/www.facebook.com\/cheznutv\/\" \/>\n<meta property=\"article:modified_time\" content=\"2024-06-03T12:05:22+00:00\" \/>\n<meta property=\"og:image\" content=\"https:\/\/cheznu.tv\/familymanagement\/wp-content\/uploads\/2020\/10\/3D-Stofmaske-naehen-Artikelbild.jpg\" \/>\n\t<meta property=\"og:image:width\" content=\"1200\" \/>\n\t<meta property=\"og:image:height\" content=\"630\" \/>\n\t<meta property=\"og:image:type\" content=\"image\/jpeg\" \/>\n<meta name=\"twitter:card\" content=\"summary_large_image\" \/>\n<meta name=\"twitter:image\" content=\"https:\/\/cheznu.tv\/familymanagement\/wp-content\/uploads\/2020\/08\/Stoffbinde-gratis-Schnittmuster-von-oben-offen-mit-Fluegel.jpg\" \/>\n<meta name=\"twitter:site\" content=\"@cheznu_family\" \/>\n<meta name=\"twitter:label1\" content=\"Gesch\u00e4tzte Lesezeit\" \/>\n\t<meta name=\"twitter:data1\" content=\"3\u00a0Minuten\" \/>\n<script type=\"application\/ld+json\" class=\"yoast-schema-graph\">{\"@context\":\"https:\\\/\\\/schema.org\",\"@graph\":[{\"@type\":\"WebPage\",\"@id\":\"https:\\\/\\\/cheznu.tv\\\/familymanagement\\\/produkt\\\/ak-202203-anfaenger1\\\/\",\"url\":\"https:\\\/\\\/cheznu.tv\\\/familymanagement\\\/produkt\\\/ak-202203-anfaenger1\\\/\",\"name\":\"Adventskalender 2022 T\u00fcr 3 \ud83d\udd6f Schnittmuster-Paket Kleidung n\u00e4hen f\u00fcr Anf\u00e4nger I - ChezNU.TV\",\"isPartOf\":{\"@id\":\"https:\\\/\\\/cheznu.tv\\\/familymanagement\\\/#website\"},\"primaryImageOfPage\":{\"@id\":\"https:\\\/\\\/cheznu.tv\\\/familymanagement\\\/produkt\\\/ak-202203-anfaenger1\\\/#primaryimage\"},\"image\":{\"@id\":\"https:\\\/\\\/cheznu.tv\\\/familymanagement\\\/produkt\\\/ak-202203-anfaenger1\\\/#primaryimage\"},\"thumbnailUrl\":\"https:\\\/\\\/cheznu.tv\\\/familymanagement\\\/wp-content\\\/uploads\\\/2020\\\/12\\\/Shirt-Emilia-Schnittmuster-alle-Varianten.jpg\",\"datePublished\":\"2022-12-02T21:00:46+00:00\",\"dateModified\":\"2024-06-03T12:05:22+00:00\",\"breadcrumb\":{\"@id\":\"https:\\\/\\\/cheznu.tv\\\/familymanagement\\\/produkt\\\/ak-202203-anfaenger1\\\/#breadcrumb\"},\"inLanguage\":\"de\",\"potentialAction\":[{\"@type\":\"ReadAction\",\"target\":[\"https:\\\/\\\/cheznu.tv\\\/familymanagement\\\/produkt\\\/ak-202203-anfaenger1\\\/\"]}]},{\"@type\":\"ImageObject\",\"inLanguage\":\"de\",\"@id\":\"https:\\\/\\\/cheznu.tv\\\/familymanagement\\\/produkt\\\/ak-202203-anfaenger1\\\/#primaryimage\",\"url\":\"https:\\\/\\\/cheznu.tv\\\/familymanagement\\\/wp-content\\\/uploads\\\/2020\\\/12\\\/Shirt-Emilia-Schnittmuster-alle-Varianten.jpg\",\"contentUrl\":\"https:\\\/\\\/cheznu.tv\\\/familymanagement\\\/wp-content\\\/uploads\\\/2020\\\/12\\\/Shirt-Emilia-Schnittmuster-alle-Varianten.jpg\",\"width\":1000,\"height\":1000,\"caption\":\"Shirt Emilia Schnittmuster - alle Varianten\"},{\"@type\":\"BreadcrumbList\",\"@id\":\"https:\\\/\\\/cheznu.tv\\\/familymanagement\\\/produkt\\\/ak-202203-anfaenger1\\\/#breadcrumb\",\"itemListElement\":[{\"@type\":\"ListItem\",\"position\":1,\"name\":\"Startseite\",\"item\":\"https:\\\/\\\/cheznu.tv\\\/familymanagement\\\/\"},{\"@type\":\"ListItem\",\"position\":2,\"name\":\"Shop\",\"item\":\"https:\\\/\\\/cheznu.tv\\\/familymanagement\\\/shop\\\/\"},{\"@type\":\"ListItem\",\"position\":3,\"name\":\"Adventskalender 2022 T\u00fcr 3 \ud83d\udd6f Schnittmuster-Paket Kleidung n\u00e4hen f\u00fcr Anf\u00e4nger I\"}]},{\"@type\":\"WebSite\",\"@id\":\"https:\\\/\\\/cheznu.tv\\\/familymanagement\\\/#website\",\"url\":\"https:\\\/\\\/cheznu.tv\\\/familymanagement\\\/\",\"name\":\"ChezNU.TV\",\"description\":\"N\u00e4hen | Basteln | Haushalt | Familie\",\"potentialAction\":[{\"@type\":\"SearchAction\",\"target\":{\"@type\":\"EntryPoint\",\"urlTemplate\":\"https:\\\/\\\/cheznu.tv\\\/familymanagement\\\/?s={search_term_string}\"},\"query-input\":{\"@type\":\"PropertyValueSpecification\",\"valueRequired\":true,\"valueName\":\"search_term_string\"}}],\"inLanguage\":\"de\"}]}<\/script>\n<!-- \/ Yoast SEO plugin. -->","yoast_head_json":{"title":"Adventskalender 2022 T\u00fcr 3 \ud83d\udd6f Schnittmuster-Paket Kleidung n\u00e4hen f\u00fcr Anf\u00e4nger I - ChezNU.TV","robots":{"index":"index","follow":"follow","max-snippet":"max-snippet:-1","max-image-preview":"max-image-preview:large","max-video-preview":"max-video-preview:-1"},"canonical":"https:\/\/cheznu.tv\/familymanagement\/produkt\/ak-202203-anfaenger1\/","og_locale":"de_DE","og_type":"article","og_title":"Adventskalender 2022 T\u00fcr 3 \ud83d\udd6f Schnittmuster-Paket Kleidung n\u00e4hen f\u00fcr Anf\u00e4nger I - ChezNU.TV","og_description":"Das Schnittmuster-Paket enth\u00e4lt 6 Schnittmuster (f\u00fcr Kleidung).  Das T-Shirt Selina ist ein Shirt mit Wasserfallkragen. Es ist leicht tailliert und hat kurze \u00c4rmel.\u00a0 Es ist\u00a0einfach zu n\u00e4hen\u00a0und herrlich zu tragen.  Das Schnittmuster ist f\u00fcr elastische Stoffe designt. Wir empfehlen fliessenden Jersey Stoffe aus Baumwolle, besser noch Viskosejersey.  &nbsp;  Das Shirt Emilia ist ein super variantenreiches Schnittmuster, dass auch N\u00e4hanf\u00e4nger sehr gut umsetzen k\u00f6nnen. Das Shirt ist leicht tailliert und beinhaltet Gr\u00f6ssen 36-52.  Du kannst das Schnittmuster zum Shirt Emilia umsetzen in   Basis-Variante  mit angeschnittenem Stehkragen  mit Hoodie  mit \u00c4rmelb\u00fcndchen mit Daumenloch  mit Rollkragen  mit K\u00e4nguru-Tasche (mit geradem oder runden Eingriff)  mit runder Eingrifftasche  Zum Schnittmuster erh\u00e4ltst Du ein E-Book mit ausf\u00fchrlichen bebilderten Anleitungen f\u00fcr das Basis-Shirt, die verschieden Varianten, Stoffempfehlungen und Stichempfehlungen.  &nbsp;  Das Shirt Claire ist ein T-Shirt mit asymmetrischem Halsausschnitt. Es ist kurz\u00e4rmlig, aber wir zeigen im Anleitungsvideo, wie Du die \u00c4rmel ganz einfach auf 3\/4-l\u00e4nge verl\u00e4ngern kannst.  Zum Schnittmuster gibt es neben der \u00f6ffentlichen Videoanleitung auch ein ausf\u00fchrliches E-Book.  &nbsp;  Der ganz einfache Kimono Katan ist f\u00fcr N\u00e4h-Anf\u00e4nger geeignet.  L\u00e4sst sich auch super aus (Ikea-)Bettw\u00e4sche n\u00e4hen.  &nbsp;  Schicke Cardigan Easy Peasy 2.0 mit Schalkragen. Der Schnitt ist einfach und dank des Anleitungsvideos auch f\u00fcr N\u00e4hanf\u00e4nger geeignet.  &nbsp;  Das Schnittmuster f\u00fcr den Morgenrock Ida ist so\u00a0designt, dass Du ihn aus 2 Polarvide Decken von Ikea n\u00e4hen kannst. Du kannst aber nat\u00fcrlich auch \"normalen\" Stoff verwenden. Das Schnittmuster beinhaltet die Gr\u00f6ssen M-XL.  Es ist ein absolutes Anf\u00e4ngerprojekt. Wir haben auf allen Schnickschnack verzichtet, so dass es wirklich super einfach ist.  Der Morgenrock hat eine Kapuze und 2 einfache aufgesetzte Taschen.  Das Paket gibt es nur am 3. Dezember 2022!","og_url":"https:\/\/cheznu.tv\/familymanagement\/produkt\/ak-202203-anfaenger1\/","og_site_name":"ChezNU.TV","article_publisher":"https:\/\/www.facebook.com\/cheznutv\/","article_modified_time":"2024-06-03T12:05:22+00:00","og_image":[{"width":1200,"height":630,"url":"https:\/\/cheznu.tv\/familymanagement\/wp-content\/uploads\/2020\/10\/3D-Stofmaske-naehen-Artikelbild.jpg","type":"image\/jpeg"}],"twitter_card":"summary_large_image","twitter_image":"https:\/\/cheznu.tv\/familymanagement\/wp-content\/uploads\/2020\/08\/Stoffbinde-gratis-Schnittmuster-von-oben-offen-mit-Fluegel.jpg","twitter_site":"@cheznu_family","twitter_misc":{"Gesch\u00e4tzte Lesezeit":"3\u00a0Minuten"},"schema":{"@context":"https:\/\/schema.org","@graph":[{"@type":"WebPage","@id":"https:\/\/cheznu.tv\/familymanagement\/produkt\/ak-202203-anfaenger1\/","url":"https:\/\/cheznu.tv\/familymanagement\/produkt\/ak-202203-anfaenger1\/","name":"Adventskalender 2022 T\u00fcr 3 \ud83d\udd6f Schnittmuster-Paket Kleidung n\u00e4hen f\u00fcr Anf\u00e4nger I - ChezNU.TV","isPartOf":{"@id":"https:\/\/cheznu.tv\/familymanagement\/#website"},"primaryImageOfPage":{"@id":"https:\/\/cheznu.tv\/familymanagement\/produkt\/ak-202203-anfaenger1\/#primaryimage"},"image":{"@id":"https:\/\/cheznu.tv\/familymanagement\/produkt\/ak-202203-anfaenger1\/#primaryimage"},"thumbnailUrl":"https:\/\/cheznu.tv\/familymanagement\/wp-content\/uploads\/2020\/12\/Shirt-Emilia-Schnittmuster-alle-Varianten.jpg","datePublished":"2022-12-02T21:00:46+00:00","dateModified":"2024-06-03T12:05:22+00:00","breadcrumb":{"@id":"https:\/\/cheznu.tv\/familymanagement\/produkt\/ak-202203-anfaenger1\/#breadcrumb"},"inLanguage":"de","potentialAction":[{"@type":"ReadAction","target":["https:\/\/cheznu.tv\/familymanagement\/produkt\/ak-202203-anfaenger1\/"]}]},{"@type":"ImageObject","inLanguage":"de","@id":"https:\/\/cheznu.tv\/familymanagement\/produkt\/ak-202203-anfaenger1\/#primaryimage","url":"https:\/\/cheznu.tv\/familymanagement\/wp-content\/uploads\/2020\/12\/Shirt-Emilia-Schnittmuster-alle-Varianten.jpg","contentUrl":"https:\/\/cheznu.tv\/familymanagement\/wp-content\/uploads\/2020\/12\/Shirt-Emilia-Schnittmuster-alle-Varianten.jpg","width":1000,"height":1000,"caption":"Shirt Emilia Schnittmuster - alle Varianten"},{"@type":"BreadcrumbList","@id":"https:\/\/cheznu.tv\/familymanagement\/produkt\/ak-202203-anfaenger1\/#breadcrumb","itemListElement":[{"@type":"ListItem","position":1,"name":"Startseite","item":"https:\/\/cheznu.tv\/familymanagement\/"},{"@type":"ListItem","position":2,"name":"Shop","item":"https:\/\/cheznu.tv\/familymanagement\/shop\/"},{"@type":"ListItem","position":3,"name":"Adventskalender 2022 T\u00fcr 3 \ud83d\udd6f Schnittmuster-Paket Kleidung n\u00e4hen f\u00fcr Anf\u00e4nger I"}]},{"@type":"WebSite","@id":"https:\/\/cheznu.tv\/familymanagement\/#website","url":"https:\/\/cheznu.tv\/familymanagement\/","name":"ChezNU.TV","description":"N\u00e4hen | Basteln | Haushalt | Familie","potentialAction":[{"@type":"SearchAction","target":{"@type":"EntryPoint","urlTemplate":"https:\/\/cheznu.tv\/familymanagement\/?s={search_term_string}"},"query-input":{"@type":"PropertyValueSpecification","valueRequired":true,"valueName":"search_term_string"}}],"inLanguage":"de"}]}},"_links":{"self":[{"href":"https:\/\/cheznu.tv\/familymanagement\/wp-json\/wp\/v2\/product\/79290","targetHints":{"allow":["GET"]}}],"collection":[{"href":"https:\/\/cheznu.tv\/familymanagement\/wp-json\/wp\/v2\/product"}],"about":[{"href":"https:\/\/cheznu.tv\/familymanagement\/wp-json\/wp\/v2\/types\/product"}],"replies":[{"embeddable":true,"href":"https:\/\/cheznu.tv\/familymanagement\/wp-json\/wp\/v2\/comments?post=79290"}],"wp:featuredmedia":[{"embeddable":true,"href":"https:\/\/cheznu.tv\/familymanagement\/wp-json\/wp\/v2\/media\/55278"}],"wp:attachment":[{"href":"https:\/\/cheznu.tv\/familymanagement\/wp-json\/wp\/v2\/media?parent=79290"}],"wp:term":[{"taxonomy":"product_brand","embeddable":true,"href":"https:\/\/cheznu.tv\/familymanagement\/wp-json\/wp\/v2\/product_brand?post=79290"},{"taxonomy":"product_cat","embeddable":true,"href":"https:\/\/cheznu.tv\/familymanagement\/wp-json\/wp\/v2\/product_cat?post=79290"},{"taxonomy":"product_tag","embeddable":true,"href":"https:\/\/cheznu.tv\/familymanagement\/wp-json\/wp\/v2\/product_tag?post=79290"}],"curies":[{"name":"wp","href":"https:\/\/api.w.org\/{rel}","templated":true}]}}