{"id":77315,"date":"2022-09-11T06:00:49","date_gmt":"2022-09-11T04:00:49","guid":{"rendered":"https:\/\/cheznu.tv\/familymanagement\/?post_type=product&#038;p=77315"},"modified":"2025-06-06T09:20:00","modified_gmt":"2025-06-06T07:20:00","slug":"einkaufswagentasche-leipzig-schnittmuster","status":"publish","type":"product","link":"https:\/\/cheznu.tv\/familymanagement\/produkt\/einkaufswagentasche-leipzig-schnittmuster\/","title":{"rendered":"Einkaufswagentasche zum Einh\u00e4ngen \ud83d\uded2 Einkaufswagentasche Leipzig \ud83d\uded2 Schnittmuster zum Ausdrucken"},"content":{"rendered":"<p>Die N\u00e4hanleitung f\u00fcr die Einkaufswagentasche mit vielen Bildern sowie das Anleitungsvideo findest Du hier:<\/p>\n<p><a href=\"https:\/\/cheznu.tv\/familymanagement\/einkaufswagentasche-leipzig-anleitung\/\">Einkaufswagentasche zum Einh\u00e4ngen n\u00e4hen \ud83d\uded2<\/a><\/p>\n<p><a href=\"https:\/\/amzn.to\/3TYq9zk\" target=\"_blank\" rel=\"noopener\">Die Haken kannst Du hier bestellen.<\/a><\/p>\n<p><a href='https:\/\/www.spoonflower.com\/profiles\/cheznu_tv' target='_blank' title='Spoonflower-Shop mit den ChezNU-Designs'>Unseren neuen Spoonflower-Shop mit Stoffen im ChezNU-Design findest Du hier.<\/a><\/p><p>Neben dem Schnittmuster \/ Schema \/ Anleitung \/ Plotterdatei erh\u00e4ltst Du als Teil der erworbenen Leistung (gilt auch f\u00fcr kostenlose Produkte) auch unseren kostenlosen Newsletter \u201eSchnittmuster-Alarm\u201c. Im Schnittmuster-Alarm informieren wir haupts\u00e4chlich, aber nicht ausschliesslich \u00fcber neue Schnittmuster, Anleitungen, DIY-Projekte, Angebote in unserem Shop, Angebote in anderen Shops, Materialbezugsquellen und allem was irgendwie mit N\u00e4hen, H\u00e4keln, Basteln, Stricken, Upcycling, Organisation und Familie zu tun hat.<\/p><p>Nach Deiner Bestellung erh\u00e4ltst Du die E-Mails automatisch. Du kannst sie allerdings jederzeit und ohne Angabe von Gr\u00fcnden \u00fcber den Link am Ende jeder E-Mail abbestellen.<br>\n\tDie Transparenzerkl\u00e4rung zu unserem Schnittmuster-Alarm findest Du <a title='Transparenzerkl\u00e4rung' href='https:\/\/cheznu.tv\/familymanagement\/transparenzerklaerung-zum-schnittmuster-alarm-newsletter\/' target='_blank'>hier<\/a><\/p>\n<p><strong>Zum Schnittmuster<\/strong><\/p>\n<p>Das Schnittmuster kommt als PDF und kann auf A4-Papier (Standard) ausgedruckt und dann zusammengeklebt werden.<br \/>\nSo entf\u00e4llt das l\u00e4stige Schnittmuster kopieren mit teurem Seidenpapier. Das Schnittmuster kann nach dem Zusammenkleben direkt ausgeschnitten werden.<\/p>\n<p>Bitte beachte, die richtigen Druckoptionen einzustellen.<br \/>\n<a href=\"https:\/\/cheznu.tv\/familymanagement\/schnittmuster-ausdrucken-und-zusammenkleben\/\">Schnittmuster ausdrucken und zusammenkleben<\/a><\/p>\n<p>Wie das mit dem Zusammenkleben funktioniert haben wir hier kurz erkl\u00e4rt.<br \/>\n<a href=\"http:\/\/cheznu.tv\/familymanagement\/so-gehts\/\">So geht\u00b4s<\/a>.<\/p>\n<p>Dieser Schnitt darf zu privaten Zwecken und zur Fertigung von Einzelst\u00fccken\/Kleinserien (bis 5 Modelle) unter Nennung der Herkunft verwendet werden (ChezNU.TV). Massenproduktion der fertigen Ware sowie Kopieren, Weitergabe, Abdruck oder Ver\u00f6ffentlichung (auch teilweise) des Schnittmusters bedarf der schriftlichen Genehmigung. Wenn Du Dir nicht sicher bist, schreibe uns einfach kurz eine <a href=\"mailto:nu@cheznu.tv\">E-Mail.<\/a><\/p>\n","protected":false},"excerpt":{"rendered":"<p>Die Einkaufwagentasche Leipzig ist ein eine grosse Tasche, die Du in den Einkaufwagen h\u00e4ngen kannst.<br \/>\nSie hat die Massen:<\/p>\n<ul>\n<li>Breite: 60 cm breit<\/li>\n<li>H\u00f6he: 50 cm<\/li>\n<li>Tiefe: 24 cm<\/li>\n<\/ul>\n<p>Sie hat eine Aussentaschen\u00a0 mit Reissverschluss. Die Aussentaschen kannst Du nach belieben weglassen.<\/p>\n<p>Wenn Du wie wir den Boden in einem St\u00fcck zuschneidest und ein wasserabweisendes Material verwendest, dann erh\u00e4ltst Du eine robuste, wasserabweisende Tasche f\u00fcr den Einkauf.<\/p>\n<p>Beim Schnittmuster ist noch ein ausf\u00fchrliches E-Book dabei, die \u00f6ffentliche Videoanleitung findest Du weiter unten verlinkt.<\/p>\n","protected":false},"featured_media":77319,"comment_status":"open","ping_status":"closed","template":"","meta":[],"product_brand":[],"product_cat":[901,810,826,811,812],"product_tag":[3361,3362,3363,3359,3365,2595,825,808,3360,1055,3364],"class_list":{"0":"post-77315","1":"product","2":"type-product","3":"status-publish","4":"has-post-thumbnail","6":"product_cat-muttertag","7":"product_cat-naehen","8":"product_cat-organisation","9":"product_cat-schnittmuster","10":"product_cat-tasche","11":"product_tag-aussentasche","12":"product_tag-aussentasche-mit-reissverschluss","13":"product_tag-einkaufen","14":"product_tag-einkaufswagentasche","15":"product_tag-familie","16":"product_tag-grosse-tasche","17":"product_tag-organisation","18":"product_tag-tasche","19":"product_tag-tasche-fuer-den-einkaufswagen","20":"product_tag-tasche-naehen","21":"product_tag-wocheneinkauf","23":"first","24":"instock","25":"downloadable","26":"virtual","27":"sold-individually","28":"purchasable","29":"product-type-simple"},"yoast_head":"<!-- This site is optimized with the Yoast SEO plugin v27.5 - https:\/\/yoast.com\/product\/yoast-seo-wordpress\/ -->\n<title>Schnittmuster Einkaufswagentasche zum Einh\u00e4ngen \ud83d\uded2<\/title>\n<meta name=\"description\" content=\"Die Einkaufwagentasche Leipzig ist ein eine grosse Tasche, die Du in den Einkaufwagen h\u00e4ngen kannst. Perfekt f\u00fcr alle die gerne selber scannen.\" \/>\n<meta name=\"robots\" content=\"index, follow, max-snippet:-1, max-image-preview:large, max-video-preview:-1\" \/>\n<link rel=\"canonical\" href=\"https:\/\/cheznu.tv\/familymanagement\/produkt\/einkaufswagentasche-leipzig-schnittmuster\/\" \/>\n<meta property=\"og:locale\" content=\"de_DE\" \/>\n<meta property=\"og:type\" content=\"article\" \/>\n<meta property=\"og:title\" content=\"Schnittmuster Einkaufswagentasche zum Einh\u00e4ngen \ud83d\uded2\" \/>\n<meta property=\"og:description\" content=\"Die Einkaufwagentasche Leipzig ist ein eine grosse Tasche, die Du in den Einkaufwagen h\u00e4ngen kannst. Perfekt f\u00fcr alle die gerne selber scannen.\" \/>\n<meta property=\"og:url\" content=\"https:\/\/cheznu.tv\/familymanagement\/produkt\/einkaufswagentasche-leipzig-schnittmuster\/\" \/>\n<meta property=\"og:site_name\" content=\"ChezNU.TV\" \/>\n<meta property=\"article:publisher\" content=\"https:\/\/www.facebook.com\/cheznutv\/\" \/>\n<meta property=\"article:modified_time\" content=\"2025-06-06T07:20:00+00:00\" \/>\n<meta property=\"og:image\" content=\"https:\/\/cheznu.tv\/familymanagement\/wp-content\/uploads\/2022\/09\/Einkaufswagentasche-zum-Einhaengen-Schnittmuster-01.jpg\" \/>\n\t<meta property=\"og:image:width\" content=\"1080\" \/>\n\t<meta property=\"og:image:height\" content=\"1080\" \/>\n\t<meta property=\"og:image:type\" content=\"image\/jpeg\" \/>\n<meta name=\"twitter:card\" content=\"summary_large_image\" \/>\n<meta name=\"twitter:site\" content=\"@cheznu_family\" \/>\n<meta name=\"twitter:label1\" content=\"Gesch\u00e4tzte Lesezeit\" \/>\n\t<meta name=\"twitter:data1\" content=\"2\u00a0Minuten\" \/>\n<script type=\"application\/ld+json\" class=\"yoast-schema-graph\">{\"@context\":\"https:\\\/\\\/schema.org\",\"@graph\":[{\"@type\":\"WebPage\",\"@id\":\"https:\\\/\\\/cheznu.tv\\\/familymanagement\\\/produkt\\\/einkaufswagentasche-leipzig-schnittmuster\\\/\",\"url\":\"https:\\\/\\\/cheznu.tv\\\/familymanagement\\\/produkt\\\/einkaufswagentasche-leipzig-schnittmuster\\\/\",\"name\":\"Schnittmuster Einkaufswagentasche zum Einh\u00e4ngen \ud83d\uded2\",\"isPartOf\":{\"@id\":\"https:\\\/\\\/cheznu.tv\\\/familymanagement\\\/#website\"},\"primaryImageOfPage\":{\"@id\":\"https:\\\/\\\/cheznu.tv\\\/familymanagement\\\/produkt\\\/einkaufswagentasche-leipzig-schnittmuster\\\/#primaryimage\"},\"image\":{\"@id\":\"https:\\\/\\\/cheznu.tv\\\/familymanagement\\\/produkt\\\/einkaufswagentasche-leipzig-schnittmuster\\\/#primaryimage\"},\"thumbnailUrl\":\"https:\\\/\\\/cheznu.tv\\\/familymanagement\\\/wp-content\\\/uploads\\\/2022\\\/09\\\/Einkaufswagentasche-zum-Einhaengen-Schnittmuster-01.jpg\",\"datePublished\":\"2022-09-11T04:00:49+00:00\",\"dateModified\":\"2025-06-06T07:20:00+00:00\",\"description\":\"Die Einkaufwagentasche Leipzig ist ein eine grosse Tasche, die Du in den Einkaufwagen h\u00e4ngen kannst. Perfekt f\u00fcr alle die gerne selber scannen.\",\"breadcrumb\":{\"@id\":\"https:\\\/\\\/cheznu.tv\\\/familymanagement\\\/produkt\\\/einkaufswagentasche-leipzig-schnittmuster\\\/#breadcrumb\"},\"inLanguage\":\"de\",\"potentialAction\":[{\"@type\":\"ReadAction\",\"target\":[\"https:\\\/\\\/cheznu.tv\\\/familymanagement\\\/produkt\\\/einkaufswagentasche-leipzig-schnittmuster\\\/\"]}]},{\"@type\":\"ImageObject\",\"inLanguage\":\"de\",\"@id\":\"https:\\\/\\\/cheznu.tv\\\/familymanagement\\\/produkt\\\/einkaufswagentasche-leipzig-schnittmuster\\\/#primaryimage\",\"url\":\"https:\\\/\\\/cheznu.tv\\\/familymanagement\\\/wp-content\\\/uploads\\\/2022\\\/09\\\/Einkaufswagentasche-zum-Einhaengen-Schnittmuster-01.jpg\",\"contentUrl\":\"https:\\\/\\\/cheznu.tv\\\/familymanagement\\\/wp-content\\\/uploads\\\/2022\\\/09\\\/Einkaufswagentasche-zum-Einhaengen-Schnittmuster-01.jpg\",\"width\":1080,\"height\":1080,\"caption\":\"Einkaufswagentasche zum Einh\u00e4ngen Schnittmuster 01\"},{\"@type\":\"BreadcrumbList\",\"@id\":\"https:\\\/\\\/cheznu.tv\\\/familymanagement\\\/produkt\\\/einkaufswagentasche-leipzig-schnittmuster\\\/#breadcrumb\",\"itemListElement\":[{\"@type\":\"ListItem\",\"position\":1,\"name\":\"Startseite\",\"item\":\"https:\\\/\\\/cheznu.tv\\\/familymanagement\\\/\"},{\"@type\":\"ListItem\",\"position\":2,\"name\":\"Shop\",\"item\":\"https:\\\/\\\/cheznu.tv\\\/familymanagement\\\/shop\\\/\"},{\"@type\":\"ListItem\",\"position\":3,\"name\":\"Einkaufswagentasche zum Einh\u00e4ngen \ud83d\uded2 Einkaufswagentasche Leipzig \ud83d\uded2 Schnittmuster zum Ausdrucken\"}]},{\"@type\":\"WebSite\",\"@id\":\"https:\\\/\\\/cheznu.tv\\\/familymanagement\\\/#website\",\"url\":\"https:\\\/\\\/cheznu.tv\\\/familymanagement\\\/\",\"name\":\"ChezNU.TV\",\"description\":\"N\u00e4hen | Basteln | Haushalt | Familie\",\"potentialAction\":[{\"@type\":\"SearchAction\",\"target\":{\"@type\":\"EntryPoint\",\"urlTemplate\":\"https:\\\/\\\/cheznu.tv\\\/familymanagement\\\/?s={search_term_string}\"},\"query-input\":{\"@type\":\"PropertyValueSpecification\",\"valueRequired\":true,\"valueName\":\"search_term_string\"}}],\"inLanguage\":\"de\"}]}<\/script>\n<!-- \/ Yoast SEO plugin. -->","yoast_head_json":{"title":"Schnittmuster Einkaufswagentasche zum Einh\u00e4ngen \ud83d\uded2","description":"Die Einkaufwagentasche Leipzig ist ein eine grosse Tasche, die Du in den Einkaufwagen h\u00e4ngen kannst. Perfekt f\u00fcr alle die gerne selber scannen.","robots":{"index":"index","follow":"follow","max-snippet":"max-snippet:-1","max-image-preview":"max-image-preview:large","max-video-preview":"max-video-preview:-1"},"canonical":"https:\/\/cheznu.tv\/familymanagement\/produkt\/einkaufswagentasche-leipzig-schnittmuster\/","og_locale":"de_DE","og_type":"article","og_title":"Schnittmuster Einkaufswagentasche zum Einh\u00e4ngen \ud83d\uded2","og_description":"Die Einkaufwagentasche Leipzig ist ein eine grosse Tasche, die Du in den Einkaufwagen h\u00e4ngen kannst. Perfekt f\u00fcr alle die gerne selber scannen.","og_url":"https:\/\/cheznu.tv\/familymanagement\/produkt\/einkaufswagentasche-leipzig-schnittmuster\/","og_site_name":"ChezNU.TV","article_publisher":"https:\/\/www.facebook.com\/cheznutv\/","article_modified_time":"2025-06-06T07:20:00+00:00","og_image":[{"width":1080,"height":1080,"url":"https:\/\/cheznu.tv\/familymanagement\/wp-content\/uploads\/2022\/09\/Einkaufswagentasche-zum-Einhaengen-Schnittmuster-01.jpg","type":"image\/jpeg"}],"twitter_card":"summary_large_image","twitter_site":"@cheznu_family","twitter_misc":{"Gesch\u00e4tzte Lesezeit":"2\u00a0Minuten"},"schema":{"@context":"https:\/\/schema.org","@graph":[{"@type":"WebPage","@id":"https:\/\/cheznu.tv\/familymanagement\/produkt\/einkaufswagentasche-leipzig-schnittmuster\/","url":"https:\/\/cheznu.tv\/familymanagement\/produkt\/einkaufswagentasche-leipzig-schnittmuster\/","name":"Schnittmuster Einkaufswagentasche zum Einh\u00e4ngen \ud83d\uded2","isPartOf":{"@id":"https:\/\/cheznu.tv\/familymanagement\/#website"},"primaryImageOfPage":{"@id":"https:\/\/cheznu.tv\/familymanagement\/produkt\/einkaufswagentasche-leipzig-schnittmuster\/#primaryimage"},"image":{"@id":"https:\/\/cheznu.tv\/familymanagement\/produkt\/einkaufswagentasche-leipzig-schnittmuster\/#primaryimage"},"thumbnailUrl":"https:\/\/cheznu.tv\/familymanagement\/wp-content\/uploads\/2022\/09\/Einkaufswagentasche-zum-Einhaengen-Schnittmuster-01.jpg","datePublished":"2022-09-11T04:00:49+00:00","dateModified":"2025-06-06T07:20:00+00:00","description":"Die Einkaufwagentasche Leipzig ist ein eine grosse Tasche, die Du in den Einkaufwagen h\u00e4ngen kannst. Perfekt f\u00fcr alle die gerne selber scannen.","breadcrumb":{"@id":"https:\/\/cheznu.tv\/familymanagement\/produkt\/einkaufswagentasche-leipzig-schnittmuster\/#breadcrumb"},"inLanguage":"de","potentialAction":[{"@type":"ReadAction","target":["https:\/\/cheznu.tv\/familymanagement\/produkt\/einkaufswagentasche-leipzig-schnittmuster\/"]}]},{"@type":"ImageObject","inLanguage":"de","@id":"https:\/\/cheznu.tv\/familymanagement\/produkt\/einkaufswagentasche-leipzig-schnittmuster\/#primaryimage","url":"https:\/\/cheznu.tv\/familymanagement\/wp-content\/uploads\/2022\/09\/Einkaufswagentasche-zum-Einhaengen-Schnittmuster-01.jpg","contentUrl":"https:\/\/cheznu.tv\/familymanagement\/wp-content\/uploads\/2022\/09\/Einkaufswagentasche-zum-Einhaengen-Schnittmuster-01.jpg","width":1080,"height":1080,"caption":"Einkaufswagentasche zum Einh\u00e4ngen Schnittmuster 01"},{"@type":"BreadcrumbList","@id":"https:\/\/cheznu.tv\/familymanagement\/produkt\/einkaufswagentasche-leipzig-schnittmuster\/#breadcrumb","itemListElement":[{"@type":"ListItem","position":1,"name":"Startseite","item":"https:\/\/cheznu.tv\/familymanagement\/"},{"@type":"ListItem","position":2,"name":"Shop","item":"https:\/\/cheznu.tv\/familymanagement\/shop\/"},{"@type":"ListItem","position":3,"name":"Einkaufswagentasche zum Einh\u00e4ngen \ud83d\uded2 Einkaufswagentasche Leipzig \ud83d\uded2 Schnittmuster zum Ausdrucken"}]},{"@type":"WebSite","@id":"https:\/\/cheznu.tv\/familymanagement\/#website","url":"https:\/\/cheznu.tv\/familymanagement\/","name":"ChezNU.TV","description":"N\u00e4hen | Basteln | Haushalt | Familie","potentialAction":[{"@type":"SearchAction","target":{"@type":"EntryPoint","urlTemplate":"https:\/\/cheznu.tv\/familymanagement\/?s={search_term_string}"},"query-input":{"@type":"PropertyValueSpecification","valueRequired":true,"valueName":"search_term_string"}}],"inLanguage":"de"}]}},"_links":{"self":[{"href":"https:\/\/cheznu.tv\/familymanagement\/wp-json\/wp\/v2\/product\/77315","targetHints":{"allow":["GET"]}}],"collection":[{"href":"https:\/\/cheznu.tv\/familymanagement\/wp-json\/wp\/v2\/product"}],"about":[{"href":"https:\/\/cheznu.tv\/familymanagement\/wp-json\/wp\/v2\/types\/product"}],"replies":[{"embeddable":true,"href":"https:\/\/cheznu.tv\/familymanagement\/wp-json\/wp\/v2\/comments?post=77315"}],"wp:featuredmedia":[{"embeddable":true,"href":"https:\/\/cheznu.tv\/familymanagement\/wp-json\/wp\/v2\/media\/77319"}],"wp:attachment":[{"href":"https:\/\/cheznu.tv\/familymanagement\/wp-json\/wp\/v2\/media?parent=77315"}],"wp:term":[{"taxonomy":"product_brand","embeddable":true,"href":"https:\/\/cheznu.tv\/familymanagement\/wp-json\/wp\/v2\/product_brand?post=77315"},{"taxonomy":"product_cat","embeddable":true,"href":"https:\/\/cheznu.tv\/familymanagement\/wp-json\/wp\/v2\/product_cat?post=77315"},{"taxonomy":"product_tag","embeddable":true,"href":"https:\/\/cheznu.tv\/familymanagement\/wp-json\/wp\/v2\/product_tag?post=77315"}],"curies":[{"name":"wp","href":"https:\/\/api.w.org\/{rel}","templated":true}]}}