{"id":77170,"date":"2022-09-04T16:30:18","date_gmt":"2022-09-04T14:30:18","guid":{"rendered":"https:\/\/cheznu.tv\/familymanagement\/?post_type=product&#038;p=77170"},"modified":"2024-04-01T01:00:01","modified_gmt":"2024-03-31T23:00:01","slug":"palazzo-hose-kira-schnittmuster","status":"publish","type":"product","link":"https:\/\/cheznu.tv\/familymanagement\/produkt\/palazzo-hose-kira-schnittmuster\/","title":{"rendered":"Palazzo Hose Kira \u2702\ufe0f Gr\u00f6sse 36-52 \u2702\ufe0f Schnittmuster zum Herunterladen und Ausdrucken"},"content":{"rendered":"<p>Die Videoanleitung f\u00fcr Palazzo Hose Kira findest Du hier:<\/p>\n<p><a href=\"https:\/\/cheznu.tv\/familymanagement\/palazzo-hose-kira-anleitung\/\">Weite Hose mit Gummizug n\u00e4hen \u2702\ufe0f Palazzo Hose Kira<\/a><\/p>\n<p><a href='https:\/\/www.spoonflower.com\/profiles\/cheznu_tv' target='_blank' title='Spoonflower-Shop mit den ChezNU-Designs'>Unseren neuen Spoonflower-Shop mit Stoffen im ChezNU-Design findest Du hier.<\/a><\/p><p>Neben dem Schnittmuster \/ Schema \/ Anleitung \/ Plotterdatei erh\u00e4ltst Du als Teil der erworbenen Leistung (gilt auch f\u00fcr kostenlose Produkte) auch unseren kostenlosen Newsletter \u201eSchnittmuster-Alarm\u201c. Im Schnittmuster-Alarm informieren wir haupts\u00e4chlich, aber nicht ausschliesslich \u00fcber neue Schnittmuster, Anleitungen, DIY-Projekte, Angebote in unserem Shop, Angebote in anderen Shops, Materialbezugsquellen und allem was irgendwie mit N\u00e4hen, H\u00e4keln, Basteln, Stricken, Upcycling, Organisation und Familie zu tun hat.<\/p><p>Nach Deiner Bestellung erh\u00e4ltst Du die E-Mails automatisch. Du kannst sie allerdings jederzeit und ohne Angabe von Gr\u00fcnden \u00fcber den Link am Ende jeder E-Mail abbestellen.<br>\n\tDie Transparenzerkl\u00e4rung zu unserem Schnittmuster-Alarm findest Du <a title='Transparenzerkl\u00e4rung' href='https:\/\/cheznu.tv\/familymanagement\/transparenzerklaerung-zum-schnittmuster-alarm-newsletter\/' target='_blank'>hier<\/a><\/p>\n<p><strong>Zum Schnittmuster<\/strong><\/p>\n<p>Das Schnittmuster kommt als PDF, wenn es sich um mehrere PDFs handelt packen wir diese in eine ZIP-Datei. Diese muss erst abgespeichert und entpackt werden, bevor man sie auf A4-Papier (Standard) ausdrucken und dann zusammenkleben kann.<br \/>\nFalls Du das noch nie gemacht hast findest Du eine Anleitung in unseren <a href=\"https:\/\/cheznu.tv\/familymanagement\/faq\/\">FAQs<\/a>.<\/p>\n<p>So entf\u00e4llt das l\u00e4stige Schnittmuster kopieren mit teurem Seidenpapier. Das Schnittmuster kann nach dem Zusammenkleben direkt ausgeschnitten werden.<\/p>\n<p>Bitte beachte, die richtigen Druckoptionen einzustellen. Das funktioniert genauso, wie bei Burda.<br \/>\n<a href=\"http:\/\/cheznu.tv\/familymanagement\/burda-schnittmuster-ausdrucken\/\">Burda Schnittmuster Ausdrucken.<\/a><\/p>\n<p>Wie das mit dem Zusammenkleben funktioniert haben wir hier kurz erkl\u00e4rt.<br \/>\n<a href=\"http:\/\/cheznu.tv\/familymanagement\/so-gehts\/\">So geht\u00b4s<\/a>.<\/p>\n<p><a href=\"https:\/\/cheznu.tv\/familymanagement\/wp-content\/uploads\/2021\/09\/ChezNU-Groessentabelle_fuer_Damen_2021.pdf\">Die Gr\u00f6ssentabelle mit den Massen f\u00fcr Damen findest Du hier.<\/a><\/p>\n<p>Dieser Schnitt darf zu privaten Zwecken und zur Fertigung von Einzelst\u00fccken\/Kleinserien (bis 5 Modelle) unter Nennung der Herkunft verwendet werden (ChezNU.TV). Massenproduktion der fertigen Ware sowie Kopieren, Weitergabe, Abdruck oder Ver\u00f6ffentlichung (auch teilweise) des Schnittmusters bedarf der schriftlichen Genehmigung. Wenn Du Dir nicht sicher bist, schreibe uns einfach kurz eine <a href=\"mailto:nu@cheznu.tv\">E-Mail.<\/a><\/p>\n<p><img decoding=\"async\" src=\"https:\/\/klick.cheznu.tv\/pix\/1s8wz4na2zfz75e5\" width=\"1\" height=\"1\" \/><\/p>\n","protected":false},"excerpt":{"rendered":"<p>Die Hose Kira ist eine <strong>weite Hose mit Gummizug<\/strong> im <strong>Palazzo-Stil<\/strong>. Die Hose ist oben etwas schmaler geschnitten, daf\u00fcr unten umso weiter. Der Gummizug macht die Hose nicht nur sehr <strong>einfach zu n\u00e4hen<\/strong>, sondern auch sehr <strong>bequem<\/strong> zu tragen.<\/p>\n<p>Das Schnittmuster sieht Taschen in der Seitennaht vor, diese k\u00f6nnen aber auch ganz einfach weggelassen werden.<\/p>\n<p>Das <strong>Schnittmuster f\u00fcr die Palazzo Hose<\/strong> kommt in den Gr\u00f6ssen 36-52, ist <strong>einfach zu n\u00e4hen<\/strong> und herrlich zu tragen.<\/p>\n<p>Das Schnittmuster ist f\u00fcr <strong>Webware<\/strong> designt. Entscheide Dich am am besten f\u00fcr einen fliessenden, nicht zu dicken Stoff, wie Viskose, Seide, Lyocell \/ Tencell oder \u00e4hnliches.<\/p>\n<p>Die <strong>Videoanleitungen zur Palazzo-Hose <\/strong>findest Du weiter unten verlinkt.<\/p>\n<p>Solltest Du dar\u00fcber hinaus noch fragen zum Schnittmuster haben, schreib uns gerne an: <a href=\"mailto:schnittmuster@cheznu.tv\">schnittmuster@cheznu.tv<\/a><\/p>\n","protected":false},"featured_media":77187,"comment_status":"open","ping_status":"closed","template":"","meta":[],"product_brand":[],"product_cat":[2795,822,810,811],"product_tag":[2809,3358,3357,3356,3355],"class_list":{"0":"post-77170","1":"product","2":"type-product","3":"status-publish","4":"has-post-thumbnail","6":"product_cat-hose-kleidung","7":"product_cat-kleidung","8":"product_cat-naehen","9":"product_cat-schnittmuster","10":"product_tag-bequeme-hose","11":"product_tag-hose-mit-gummizug","12":"product_tag-palazohose","13":"product_tag-palazzo-hose","14":"product_tag-weite-hose","16":"first","17":"instock","18":"downloadable","19":"virtual","20":"sold-individually","21":"purchasable","22":"product-type-simple"},"yoast_head":"<!-- This site is optimized with the Yoast SEO plugin v27.5 - https:\/\/yoast.com\/product\/yoast-seo-wordpress\/ -->\n<title>Schnittmuster: Palazzo Hose Kira<\/title>\n<meta name=\"description\" content=\"Die Palazzo Hose Kira ist eine weite Hose mit Gummizug und grossen Taschen. Sie ist einfach zu n\u00e4hen und super bequem zu tragen.\" \/>\n<meta name=\"robots\" content=\"index, follow, max-snippet:-1, max-image-preview:large, max-video-preview:-1\" \/>\n<link rel=\"canonical\" href=\"https:\/\/cheznu.tv\/familymanagement\/produkt\/palazzo-hose-kira-schnittmuster\/\" \/>\n<meta property=\"og:locale\" content=\"de_DE\" \/>\n<meta property=\"og:type\" content=\"article\" \/>\n<meta property=\"og:title\" content=\"Schnittmuster: Palazzo Hose Kira\" \/>\n<meta property=\"og:description\" content=\"Die Palazzo Hose Kira ist eine weite Hose mit Gummizug und grossen Taschen. Sie ist einfach zu n\u00e4hen und super bequem zu tragen.\" \/>\n<meta property=\"og:url\" content=\"https:\/\/cheznu.tv\/familymanagement\/produkt\/palazzo-hose-kira-schnittmuster\/\" \/>\n<meta property=\"og:site_name\" content=\"ChezNU.TV\" \/>\n<meta property=\"article:publisher\" content=\"https:\/\/www.facebook.com\/cheznutv\/\" \/>\n<meta property=\"article:modified_time\" content=\"2024-03-31T23:00:01+00:00\" \/>\n<meta property=\"og:image\" content=\"https:\/\/cheznu.tv\/familymanagement\/wp-content\/uploads\/2022\/09\/Palazzo-Hose-Kira-Schnittmuster-weisse-Hose-von-vorne-Hose-ein-Bein-zur-Seite-gestellt.jpg\" \/>\n\t<meta property=\"og:image:width\" content=\"1080\" \/>\n\t<meta property=\"og:image:height\" content=\"1079\" \/>\n\t<meta property=\"og:image:type\" content=\"image\/jpeg\" \/>\n<meta name=\"twitter:card\" content=\"summary_large_image\" \/>\n<meta name=\"twitter:site\" content=\"@cheznu_family\" \/>\n<meta name=\"twitter:label1\" content=\"Gesch\u00e4tzte Lesezeit\" \/>\n\t<meta name=\"twitter:data1\" content=\"2\u00a0Minuten\" \/>\n<script type=\"application\/ld+json\" class=\"yoast-schema-graph\">{\"@context\":\"https:\\\/\\\/schema.org\",\"@graph\":[{\"@type\":\"WebPage\",\"@id\":\"https:\\\/\\\/cheznu.tv\\\/familymanagement\\\/produkt\\\/palazzo-hose-kira-schnittmuster\\\/\",\"url\":\"https:\\\/\\\/cheznu.tv\\\/familymanagement\\\/produkt\\\/palazzo-hose-kira-schnittmuster\\\/\",\"name\":\"Schnittmuster: Palazzo Hose Kira\",\"isPartOf\":{\"@id\":\"https:\\\/\\\/cheznu.tv\\\/familymanagement\\\/#website\"},\"primaryImageOfPage\":{\"@id\":\"https:\\\/\\\/cheznu.tv\\\/familymanagement\\\/produkt\\\/palazzo-hose-kira-schnittmuster\\\/#primaryimage\"},\"image\":{\"@id\":\"https:\\\/\\\/cheznu.tv\\\/familymanagement\\\/produkt\\\/palazzo-hose-kira-schnittmuster\\\/#primaryimage\"},\"thumbnailUrl\":\"https:\\\/\\\/cheznu.tv\\\/familymanagement\\\/wp-content\\\/uploads\\\/2022\\\/09\\\/Palazzo-Hose-Kira-Schnittmuster-weisse-Hose-von-vorne-Hose-ein-Bein-zur-Seite-gestellt.jpg\",\"datePublished\":\"2022-09-04T14:30:18+00:00\",\"dateModified\":\"2024-03-31T23:00:01+00:00\",\"description\":\"Die Palazzo Hose Kira ist eine weite Hose mit Gummizug und grossen Taschen. Sie ist einfach zu n\u00e4hen und super bequem zu tragen.\",\"breadcrumb\":{\"@id\":\"https:\\\/\\\/cheznu.tv\\\/familymanagement\\\/produkt\\\/palazzo-hose-kira-schnittmuster\\\/#breadcrumb\"},\"inLanguage\":\"de\",\"potentialAction\":[{\"@type\":\"ReadAction\",\"target\":[\"https:\\\/\\\/cheznu.tv\\\/familymanagement\\\/produkt\\\/palazzo-hose-kira-schnittmuster\\\/\"]}]},{\"@type\":\"ImageObject\",\"inLanguage\":\"de\",\"@id\":\"https:\\\/\\\/cheznu.tv\\\/familymanagement\\\/produkt\\\/palazzo-hose-kira-schnittmuster\\\/#primaryimage\",\"url\":\"https:\\\/\\\/cheznu.tv\\\/familymanagement\\\/wp-content\\\/uploads\\\/2022\\\/09\\\/Palazzo-Hose-Kira-Schnittmuster-weisse-Hose-von-vorne-Hose-ein-Bein-zur-Seite-gestellt.jpg\",\"contentUrl\":\"https:\\\/\\\/cheznu.tv\\\/familymanagement\\\/wp-content\\\/uploads\\\/2022\\\/09\\\/Palazzo-Hose-Kira-Schnittmuster-weisse-Hose-von-vorne-Hose-ein-Bein-zur-Seite-gestellt.jpg\",\"width\":1080,\"height\":1079,\"caption\":\"Palazzo Hose Kira Schnittmuster - weisse Hose von vorne Hose ein Bein zur Seite gestellt\"},{\"@type\":\"BreadcrumbList\",\"@id\":\"https:\\\/\\\/cheznu.tv\\\/familymanagement\\\/produkt\\\/palazzo-hose-kira-schnittmuster\\\/#breadcrumb\",\"itemListElement\":[{\"@type\":\"ListItem\",\"position\":1,\"name\":\"Startseite\",\"item\":\"https:\\\/\\\/cheznu.tv\\\/familymanagement\\\/\"},{\"@type\":\"ListItem\",\"position\":2,\"name\":\"Shop\",\"item\":\"https:\\\/\\\/cheznu.tv\\\/familymanagement\\\/shop\\\/\"},{\"@type\":\"ListItem\",\"position\":3,\"name\":\"Palazzo Hose Kira \u2702\ufe0f Gr\u00f6sse 36-52 \u2702\ufe0f Schnittmuster zum Herunterladen und Ausdrucken\"}]},{\"@type\":\"WebSite\",\"@id\":\"https:\\\/\\\/cheznu.tv\\\/familymanagement\\\/#website\",\"url\":\"https:\\\/\\\/cheznu.tv\\\/familymanagement\\\/\",\"name\":\"ChezNU.TV\",\"description\":\"N\u00e4hen | Basteln | Haushalt | Familie\",\"potentialAction\":[{\"@type\":\"SearchAction\",\"target\":{\"@type\":\"EntryPoint\",\"urlTemplate\":\"https:\\\/\\\/cheznu.tv\\\/familymanagement\\\/?s={search_term_string}\"},\"query-input\":{\"@type\":\"PropertyValueSpecification\",\"valueRequired\":true,\"valueName\":\"search_term_string\"}}],\"inLanguage\":\"de\"}]}<\/script>\n<!-- \/ Yoast SEO plugin. -->","yoast_head_json":{"title":"Schnittmuster: Palazzo Hose Kira","description":"Die Palazzo Hose Kira ist eine weite Hose mit Gummizug und grossen Taschen. Sie ist einfach zu n\u00e4hen und super bequem zu tragen.","robots":{"index":"index","follow":"follow","max-snippet":"max-snippet:-1","max-image-preview":"max-image-preview:large","max-video-preview":"max-video-preview:-1"},"canonical":"https:\/\/cheznu.tv\/familymanagement\/produkt\/palazzo-hose-kira-schnittmuster\/","og_locale":"de_DE","og_type":"article","og_title":"Schnittmuster: Palazzo Hose Kira","og_description":"Die Palazzo Hose Kira ist eine weite Hose mit Gummizug und grossen Taschen. Sie ist einfach zu n\u00e4hen und super bequem zu tragen.","og_url":"https:\/\/cheznu.tv\/familymanagement\/produkt\/palazzo-hose-kira-schnittmuster\/","og_site_name":"ChezNU.TV","article_publisher":"https:\/\/www.facebook.com\/cheznutv\/","article_modified_time":"2024-03-31T23:00:01+00:00","og_image":[{"width":1080,"height":1079,"url":"https:\/\/cheznu.tv\/familymanagement\/wp-content\/uploads\/2022\/09\/Palazzo-Hose-Kira-Schnittmuster-weisse-Hose-von-vorne-Hose-ein-Bein-zur-Seite-gestellt.jpg","type":"image\/jpeg"}],"twitter_card":"summary_large_image","twitter_site":"@cheznu_family","twitter_misc":{"Gesch\u00e4tzte Lesezeit":"2\u00a0Minuten"},"schema":{"@context":"https:\/\/schema.org","@graph":[{"@type":"WebPage","@id":"https:\/\/cheznu.tv\/familymanagement\/produkt\/palazzo-hose-kira-schnittmuster\/","url":"https:\/\/cheznu.tv\/familymanagement\/produkt\/palazzo-hose-kira-schnittmuster\/","name":"Schnittmuster: Palazzo Hose Kira","isPartOf":{"@id":"https:\/\/cheznu.tv\/familymanagement\/#website"},"primaryImageOfPage":{"@id":"https:\/\/cheznu.tv\/familymanagement\/produkt\/palazzo-hose-kira-schnittmuster\/#primaryimage"},"image":{"@id":"https:\/\/cheznu.tv\/familymanagement\/produkt\/palazzo-hose-kira-schnittmuster\/#primaryimage"},"thumbnailUrl":"https:\/\/cheznu.tv\/familymanagement\/wp-content\/uploads\/2022\/09\/Palazzo-Hose-Kira-Schnittmuster-weisse-Hose-von-vorne-Hose-ein-Bein-zur-Seite-gestellt.jpg","datePublished":"2022-09-04T14:30:18+00:00","dateModified":"2024-03-31T23:00:01+00:00","description":"Die Palazzo Hose Kira ist eine weite Hose mit Gummizug und grossen Taschen. Sie ist einfach zu n\u00e4hen und super bequem zu tragen.","breadcrumb":{"@id":"https:\/\/cheznu.tv\/familymanagement\/produkt\/palazzo-hose-kira-schnittmuster\/#breadcrumb"},"inLanguage":"de","potentialAction":[{"@type":"ReadAction","target":["https:\/\/cheznu.tv\/familymanagement\/produkt\/palazzo-hose-kira-schnittmuster\/"]}]},{"@type":"ImageObject","inLanguage":"de","@id":"https:\/\/cheznu.tv\/familymanagement\/produkt\/palazzo-hose-kira-schnittmuster\/#primaryimage","url":"https:\/\/cheznu.tv\/familymanagement\/wp-content\/uploads\/2022\/09\/Palazzo-Hose-Kira-Schnittmuster-weisse-Hose-von-vorne-Hose-ein-Bein-zur-Seite-gestellt.jpg","contentUrl":"https:\/\/cheznu.tv\/familymanagement\/wp-content\/uploads\/2022\/09\/Palazzo-Hose-Kira-Schnittmuster-weisse-Hose-von-vorne-Hose-ein-Bein-zur-Seite-gestellt.jpg","width":1080,"height":1079,"caption":"Palazzo Hose Kira Schnittmuster - weisse Hose von vorne Hose ein Bein zur Seite gestellt"},{"@type":"BreadcrumbList","@id":"https:\/\/cheznu.tv\/familymanagement\/produkt\/palazzo-hose-kira-schnittmuster\/#breadcrumb","itemListElement":[{"@type":"ListItem","position":1,"name":"Startseite","item":"https:\/\/cheznu.tv\/familymanagement\/"},{"@type":"ListItem","position":2,"name":"Shop","item":"https:\/\/cheznu.tv\/familymanagement\/shop\/"},{"@type":"ListItem","position":3,"name":"Palazzo Hose Kira \u2702\ufe0f Gr\u00f6sse 36-52 \u2702\ufe0f Schnittmuster zum Herunterladen und Ausdrucken"}]},{"@type":"WebSite","@id":"https:\/\/cheznu.tv\/familymanagement\/#website","url":"https:\/\/cheznu.tv\/familymanagement\/","name":"ChezNU.TV","description":"N\u00e4hen | Basteln | Haushalt | Familie","potentialAction":[{"@type":"SearchAction","target":{"@type":"EntryPoint","urlTemplate":"https:\/\/cheznu.tv\/familymanagement\/?s={search_term_string}"},"query-input":{"@type":"PropertyValueSpecification","valueRequired":true,"valueName":"search_term_string"}}],"inLanguage":"de"}]}},"_links":{"self":[{"href":"https:\/\/cheznu.tv\/familymanagement\/wp-json\/wp\/v2\/product\/77170","targetHints":{"allow":["GET"]}}],"collection":[{"href":"https:\/\/cheznu.tv\/familymanagement\/wp-json\/wp\/v2\/product"}],"about":[{"href":"https:\/\/cheznu.tv\/familymanagement\/wp-json\/wp\/v2\/types\/product"}],"replies":[{"embeddable":true,"href":"https:\/\/cheznu.tv\/familymanagement\/wp-json\/wp\/v2\/comments?post=77170"}],"wp:featuredmedia":[{"embeddable":true,"href":"https:\/\/cheznu.tv\/familymanagement\/wp-json\/wp\/v2\/media\/77187"}],"wp:attachment":[{"href":"https:\/\/cheznu.tv\/familymanagement\/wp-json\/wp\/v2\/media?parent=77170"}],"wp:term":[{"taxonomy":"product_brand","embeddable":true,"href":"https:\/\/cheznu.tv\/familymanagement\/wp-json\/wp\/v2\/product_brand?post=77170"},{"taxonomy":"product_cat","embeddable":true,"href":"https:\/\/cheznu.tv\/familymanagement\/wp-json\/wp\/v2\/product_cat?post=77170"},{"taxonomy":"product_tag","embeddable":true,"href":"https:\/\/cheznu.tv\/familymanagement\/wp-json\/wp\/v2\/product_tag?post=77170"}],"curies":[{"name":"wp","href":"https:\/\/api.w.org\/{rel}","templated":true}]}}