{"id":75304,"date":"2022-05-01T13:00:29","date_gmt":"2022-05-01T11:00:29","guid":{"rendered":"https:\/\/cheznu.tv\/familymanagement\/?post_type=product&#038;p=75304"},"modified":"2025-06-19T00:00:49","modified_gmt":"2025-06-18T22:00:49","slug":"sommerkleid-julie-schnittmuster","status":"publish","type":"product","link":"https:\/\/cheznu.tv\/familymanagement\/produkt\/sommerkleid-julie-schnittmuster\/","title":{"rendered":"Sommerkleid Julie \u2702\ufe0f Gr\u00f6sse 36-52 \u2702\ufe0f Schnittmuster"},"content":{"rendered":"<p>Die Anleitung mit Video f\u00fcr das Kleid Julie findest Du hier:<\/p>\n<p><a href=\"https:\/\/cheznu.tv\/familymanagement\/sommerkleid-julie-anleitung\/\">Kleid Julie Videoanleitung<\/a><\/p>\n<p><a href='https:\/\/www.spoonflower.com\/profiles\/cheznu_tv' target='_blank' title='Spoonflower-Shop mit den ChezNU-Designs'>Unseren neuen Spoonflower-Shop mit Stoffen im ChezNU-Design findest Du hier.<\/a><\/p><p>Neben dem Schnittmuster \/ Schema \/ Anleitung \/ Plotterdatei erh\u00e4ltst Du als Teil der erworbenen Leistung (gilt auch f\u00fcr kostenlose Produkte) auch unseren kostenlosen Newsletter \u201eSchnittmuster-Alarm\u201c. Im Schnittmuster-Alarm informieren wir haupts\u00e4chlich, aber nicht ausschliesslich \u00fcber neue Schnittmuster, Anleitungen, DIY-Projekte, Angebote in unserem Shop, Angebote in anderen Shops, Materialbezugsquellen und allem was irgendwie mit N\u00e4hen, H\u00e4keln, Basteln, Stricken, Upcycling, Organisation und Familie zu tun hat.<\/p><p>Nach Deiner Bestellung erh\u00e4ltst Du die E-Mails automatisch. Du kannst sie allerdings jederzeit und ohne Angabe von Gr\u00fcnden \u00fcber den Link am Ende jeder E-Mail abbestellen.<br>\n\tDie Transparenzerkl\u00e4rung zu unserem Schnittmuster-Alarm findest Du <a title='Transparenzerkl\u00e4rung' href='https:\/\/cheznu.tv\/familymanagement\/transparenzerklaerung-zum-schnittmuster-alarm-newsletter\/' target='_blank'>hier<\/a><\/p>\n<p><strong>Zum Schnittmuster<\/strong><\/p>\n<p>Das Schnittmuster kommt als PDF, wenn es sich um mehrere PDFs handelt packen wir diese in eine ZIP-Datei. Diese muss erst abgespeichert und entpackt werden, bevor man sie auf A4-Papier (Standard) ausdrucken und dann zusammenkleben kann.<br \/>\nFalls Du das noch nie gemacht hast findest Du eine Anleitung in unseren <a href=\"https:\/\/cheznu.tv\/familymanagement\/faq\/\">FAQs<\/a>.<\/p>\n<p>So entf\u00e4llt das l\u00e4stige Schnittmuster kopieren mit teurem Seidenpapier. Das Schnittmuster kann nach dem Zusammenkleben direkt ausgeschnitten werden.<\/p>\n<p>Bitte beachte, die richtigen Druckoptionen einzustellen. Das funktioniert genauso, wie bei Burda.<br \/>\n<a href=\"http:\/\/cheznu.tv\/familymanagement\/burda-schnittmuster-ausdrucken\/\">Burda Schnittmuster Ausdrucken.<\/a><\/p>\n<p>Wie das mit dem Zusammenkleben funktioniert haben wir hier kurz erkl\u00e4rt.<br \/>\n<a href=\"http:\/\/cheznu.tv\/familymanagement\/so-gehts\/\">So geht\u00b4s<\/a>.<\/p>\n<p><a href=\"https:\/\/cheznu.tv\/familymanagement\/wp-content\/uploads\/2021\/09\/ChezNU-Groessentabelle_fuer_Damen_2021.pdf\">Die Gr\u00f6ssentabelle mit den Massen f\u00fcr Damen findest Du hier.<\/a><\/p>\n<p>Dieser Schnitt darf zu privaten Zwecken und zur Fertigung von Einzelst\u00fccken\/Kleinserien (bis 5 Modelle) unter Nennung der Herkunft verwendet werden (ChezNU.TV). Massenproduktion der fertigen Ware sowie Kopieren, Weitergabe, Abdruck oder Ver\u00f6ffentlichung (auch teilweise) des Schnittmusters bedarf der schriftlichen Genehmigung. Wenn Du Dir nicht sicher bist, schreibe uns einfach kurz eine <a href=\"mailto:nu@cheznu.tv\">E-Mail.<\/a><\/p>\n<p><img decoding=\"async\" src=\"https:\/\/klick.cheznu.tv\/pix\/1s8wz4na2zfz75e5\" width=\"1\" height=\"1\" \/><\/p>\n","protected":false},"excerpt":{"rendered":"<p>Das Sommerkleid Julie ist ein Kleid ohne \u00c4rmel. Im Schnittmuster f\u00fcr das Kleid ist unten eine R\u00fcsche vorgesehen, aber die kannst Du auch leicht weglassen, dann wird das Kleid etwas k\u00fcrzer. Du kannst das Kleid mit oder ohne G\u00fcrtel n\u00e4hen. Ich trage es am liebsten mit einem gekauften G\u00fcrtel, den ich mir bei H&amp;M geholt habe. Nat\u00fcrlich kann das Kleid auch ganz toll ohne G\u00fcrtel getragen werden.<\/p>\n<p>Das Schnittmuster ist sehr <strong>einfach<\/strong> zu n\u00e4hen und ist daher auch f\u00fcr N\u00e4hanf\u00e4nger super geeignet.<\/p>\n<p>Das Schnittmuster ist f\u00fcr <strong>Webware<\/strong> designt.<\/p>\n<p>Die <strong>Videoanleitungen zum Kleid\u00a0 <\/strong>findest Du weiter unten verlinkt.<\/p>\n<p>Solltest Du dar\u00fcber hinaus noch fragen zum Schnittmuster haben, schreib uns gerne an: <a href=\"mailto:schnittmuster@cheznu.tv\">schnittmuster@cheznu.tv<\/a><\/p>\n","protected":false},"featured_media":75308,"comment_status":"open","ping_status":"closed","template":"","meta":[],"product_brand":[],"product_cat":[840,822,810,811,3221,1071,851],"product_tag":[1920,872,3282,3223,3224,837],"class_list":{"0":"post-75304","1":"product","2":"type-product","3":"status-publish","4":"has-post-thumbnail","6":"product_cat-kleid","7":"product_cat-kleidung","8":"product_cat-naehen","9":"product_cat-schnittmuster","10":"product_cat-sommer","11":"product_cat-urlaub","12":"product_cat-weihnachten","13":"product_tag-einfach","14":"product_tag-kleid","15":"product_tag-kleid-aermellos","16":"product_tag-schnittmuster-kleid","17":"product_tag-schnittmuster-sommerkleid","18":"product_tag-sommerkleid","20":"first","21":"instock","22":"sold-individually","23":"shipping-taxable","24":"purchasable","25":"product-type-variable"},"yoast_head":"<!-- This site is optimized with the Yoast SEO plugin v27.6 - https:\/\/yoast.com\/product\/yoast-seo-wordpress\/ -->\n<title>Schnittmuster: Sommerkleid Julie<\/title>\n<meta name=\"description\" content=\"Das Schnittmuster zum Kleid Julie ist ein super einfach zu n\u00e4hendes Schnittmuster f\u00fcr ein Sommerkleid. Super f\u00fcr N\u00e4hanf\u00e4nger geeignet.\" \/>\n<meta name=\"robots\" content=\"index, follow, max-snippet:-1, max-image-preview:large, max-video-preview:-1\" \/>\n<link rel=\"canonical\" href=\"https:\/\/cheznu.tv\/familymanagement\/produkt\/sommerkleid-julie-schnittmuster\/\" \/>\n<meta property=\"og:locale\" content=\"de_DE\" \/>\n<meta property=\"og:type\" content=\"article\" \/>\n<meta property=\"og:title\" content=\"Schnittmuster: Sommerkleid Julie\" \/>\n<meta property=\"og:description\" content=\"Das Schnittmuster zum Kleid Julie ist ein super einfach zu n\u00e4hendes Schnittmuster f\u00fcr ein Sommerkleid. Super f\u00fcr N\u00e4hanf\u00e4nger geeignet.\" \/>\n<meta property=\"og:url\" content=\"https:\/\/cheznu.tv\/familymanagement\/produkt\/sommerkleid-julie-schnittmuster\/\" \/>\n<meta property=\"og:site_name\" content=\"ChezNU.TV\" \/>\n<meta property=\"article:publisher\" content=\"https:\/\/www.facebook.com\/cheznutv\/\" \/>\n<meta property=\"article:modified_time\" content=\"2025-06-18T22:00:49+00:00\" \/>\n<meta property=\"og:image\" content=\"https:\/\/cheznu.tv\/familymanagement\/wp-content\/uploads\/2022\/05\/Einfaches-Sommerkleid-selber-naehen-fuer-Anfaenger-von-schraeg-vonre-mit-Bindeband2.jpg\" \/>\n\t<meta property=\"og:image:width\" content=\"1080\" \/>\n\t<meta property=\"og:image:height\" content=\"1080\" \/>\n\t<meta property=\"og:image:type\" content=\"image\/jpeg\" \/>\n<meta name=\"twitter:card\" content=\"summary_large_image\" \/>\n<meta name=\"twitter:site\" content=\"@cheznu_family\" \/>\n<meta name=\"twitter:label1\" content=\"Gesch\u00e4tzte Lesezeit\" \/>\n\t<meta name=\"twitter:data1\" content=\"2\u00a0Minuten\" \/>\n<script type=\"application\/ld+json\" class=\"yoast-schema-graph\">{\"@context\":\"https:\\\/\\\/schema.org\",\"@graph\":[{\"@type\":\"WebPage\",\"@id\":\"https:\\\/\\\/cheznu.tv\\\/familymanagement\\\/produkt\\\/sommerkleid-julie-schnittmuster\\\/\",\"url\":\"https:\\\/\\\/cheznu.tv\\\/familymanagement\\\/produkt\\\/sommerkleid-julie-schnittmuster\\\/\",\"name\":\"Schnittmuster: Sommerkleid Julie\",\"isPartOf\":{\"@id\":\"https:\\\/\\\/cheznu.tv\\\/familymanagement\\\/#website\"},\"primaryImageOfPage\":{\"@id\":\"https:\\\/\\\/cheznu.tv\\\/familymanagement\\\/produkt\\\/sommerkleid-julie-schnittmuster\\\/#primaryimage\"},\"image\":{\"@id\":\"https:\\\/\\\/cheznu.tv\\\/familymanagement\\\/produkt\\\/sommerkleid-julie-schnittmuster\\\/#primaryimage\"},\"thumbnailUrl\":\"https:\\\/\\\/cheznu.tv\\\/familymanagement\\\/wp-content\\\/uploads\\\/2022\\\/05\\\/Einfaches-Sommerkleid-selber-naehen-fuer-Anfaenger-von-schraeg-vonre-mit-Bindeband2.jpg\",\"datePublished\":\"2022-05-01T11:00:29+00:00\",\"dateModified\":\"2025-06-18T22:00:49+00:00\",\"description\":\"Das Schnittmuster zum Kleid Julie ist ein super einfach zu n\u00e4hendes Schnittmuster f\u00fcr ein Sommerkleid. Super f\u00fcr N\u00e4hanf\u00e4nger geeignet.\",\"breadcrumb\":{\"@id\":\"https:\\\/\\\/cheznu.tv\\\/familymanagement\\\/produkt\\\/sommerkleid-julie-schnittmuster\\\/#breadcrumb\"},\"inLanguage\":\"de\",\"potentialAction\":[{\"@type\":\"ReadAction\",\"target\":[\"https:\\\/\\\/cheznu.tv\\\/familymanagement\\\/produkt\\\/sommerkleid-julie-schnittmuster\\\/\"]}]},{\"@type\":\"ImageObject\",\"inLanguage\":\"de\",\"@id\":\"https:\\\/\\\/cheznu.tv\\\/familymanagement\\\/produkt\\\/sommerkleid-julie-schnittmuster\\\/#primaryimage\",\"url\":\"https:\\\/\\\/cheznu.tv\\\/familymanagement\\\/wp-content\\\/uploads\\\/2022\\\/05\\\/Einfaches-Sommerkleid-selber-naehen-fuer-Anfaenger-von-schraeg-vonre-mit-Bindeband2.jpg\",\"contentUrl\":\"https:\\\/\\\/cheznu.tv\\\/familymanagement\\\/wp-content\\\/uploads\\\/2022\\\/05\\\/Einfaches-Sommerkleid-selber-naehen-fuer-Anfaenger-von-schraeg-vonre-mit-Bindeband2.jpg\",\"width\":1080,\"height\":1080,\"caption\":\"Einfaches Sommerkleid selber n\u00e4hen f\u00fcr Anf\u00e4nger - von schr\u00e4g vonre mit Bindeband2\"},{\"@type\":\"BreadcrumbList\",\"@id\":\"https:\\\/\\\/cheznu.tv\\\/familymanagement\\\/produkt\\\/sommerkleid-julie-schnittmuster\\\/#breadcrumb\",\"itemListElement\":[{\"@type\":\"ListItem\",\"position\":1,\"name\":\"Startseite\",\"item\":\"https:\\\/\\\/cheznu.tv\\\/familymanagement\\\/\"},{\"@type\":\"ListItem\",\"position\":2,\"name\":\"Shop\",\"item\":\"https:\\\/\\\/cheznu.tv\\\/familymanagement\\\/shop\\\/\"},{\"@type\":\"ListItem\",\"position\":3,\"name\":\"Sommerkleid Julie \u2702\ufe0f Gr\u00f6sse 36-52 \u2702\ufe0f Schnittmuster\"}]},{\"@type\":\"WebSite\",\"@id\":\"https:\\\/\\\/cheznu.tv\\\/familymanagement\\\/#website\",\"url\":\"https:\\\/\\\/cheznu.tv\\\/familymanagement\\\/\",\"name\":\"ChezNU.TV\",\"description\":\"N\u00e4hen | Basteln | Haushalt | Familie\",\"potentialAction\":[{\"@type\":\"SearchAction\",\"target\":{\"@type\":\"EntryPoint\",\"urlTemplate\":\"https:\\\/\\\/cheznu.tv\\\/familymanagement\\\/?s={search_term_string}\"},\"query-input\":{\"@type\":\"PropertyValueSpecification\",\"valueRequired\":true,\"valueName\":\"search_term_string\"}}],\"inLanguage\":\"de\"}]}<\/script>\n<!-- \/ Yoast SEO plugin. -->","yoast_head_json":{"title":"Schnittmuster: Sommerkleid Julie","description":"Das Schnittmuster zum Kleid Julie ist ein super einfach zu n\u00e4hendes Schnittmuster f\u00fcr ein Sommerkleid. Super f\u00fcr N\u00e4hanf\u00e4nger geeignet.","robots":{"index":"index","follow":"follow","max-snippet":"max-snippet:-1","max-image-preview":"max-image-preview:large","max-video-preview":"max-video-preview:-1"},"canonical":"https:\/\/cheznu.tv\/familymanagement\/produkt\/sommerkleid-julie-schnittmuster\/","og_locale":"de_DE","og_type":"article","og_title":"Schnittmuster: Sommerkleid Julie","og_description":"Das Schnittmuster zum Kleid Julie ist ein super einfach zu n\u00e4hendes Schnittmuster f\u00fcr ein Sommerkleid. Super f\u00fcr N\u00e4hanf\u00e4nger geeignet.","og_url":"https:\/\/cheznu.tv\/familymanagement\/produkt\/sommerkleid-julie-schnittmuster\/","og_site_name":"ChezNU.TV","article_publisher":"https:\/\/www.facebook.com\/cheznutv\/","article_modified_time":"2025-06-18T22:00:49+00:00","og_image":[{"width":1080,"height":1080,"url":"https:\/\/cheznu.tv\/familymanagement\/wp-content\/uploads\/2022\/05\/Einfaches-Sommerkleid-selber-naehen-fuer-Anfaenger-von-schraeg-vonre-mit-Bindeband2.jpg","type":"image\/jpeg"}],"twitter_card":"summary_large_image","twitter_site":"@cheznu_family","twitter_misc":{"Gesch\u00e4tzte Lesezeit":"2\u00a0Minuten"},"schema":{"@context":"https:\/\/schema.org","@graph":[{"@type":"WebPage","@id":"https:\/\/cheznu.tv\/familymanagement\/produkt\/sommerkleid-julie-schnittmuster\/","url":"https:\/\/cheznu.tv\/familymanagement\/produkt\/sommerkleid-julie-schnittmuster\/","name":"Schnittmuster: Sommerkleid Julie","isPartOf":{"@id":"https:\/\/cheznu.tv\/familymanagement\/#website"},"primaryImageOfPage":{"@id":"https:\/\/cheznu.tv\/familymanagement\/produkt\/sommerkleid-julie-schnittmuster\/#primaryimage"},"image":{"@id":"https:\/\/cheznu.tv\/familymanagement\/produkt\/sommerkleid-julie-schnittmuster\/#primaryimage"},"thumbnailUrl":"https:\/\/cheznu.tv\/familymanagement\/wp-content\/uploads\/2022\/05\/Einfaches-Sommerkleid-selber-naehen-fuer-Anfaenger-von-schraeg-vonre-mit-Bindeband2.jpg","datePublished":"2022-05-01T11:00:29+00:00","dateModified":"2025-06-18T22:00:49+00:00","description":"Das Schnittmuster zum Kleid Julie ist ein super einfach zu n\u00e4hendes Schnittmuster f\u00fcr ein Sommerkleid. Super f\u00fcr N\u00e4hanf\u00e4nger geeignet.","breadcrumb":{"@id":"https:\/\/cheznu.tv\/familymanagement\/produkt\/sommerkleid-julie-schnittmuster\/#breadcrumb"},"inLanguage":"de","potentialAction":[{"@type":"ReadAction","target":["https:\/\/cheznu.tv\/familymanagement\/produkt\/sommerkleid-julie-schnittmuster\/"]}]},{"@type":"ImageObject","inLanguage":"de","@id":"https:\/\/cheznu.tv\/familymanagement\/produkt\/sommerkleid-julie-schnittmuster\/#primaryimage","url":"https:\/\/cheznu.tv\/familymanagement\/wp-content\/uploads\/2022\/05\/Einfaches-Sommerkleid-selber-naehen-fuer-Anfaenger-von-schraeg-vonre-mit-Bindeband2.jpg","contentUrl":"https:\/\/cheznu.tv\/familymanagement\/wp-content\/uploads\/2022\/05\/Einfaches-Sommerkleid-selber-naehen-fuer-Anfaenger-von-schraeg-vonre-mit-Bindeband2.jpg","width":1080,"height":1080,"caption":"Einfaches Sommerkleid selber n\u00e4hen f\u00fcr Anf\u00e4nger - von schr\u00e4g vonre mit Bindeband2"},{"@type":"BreadcrumbList","@id":"https:\/\/cheznu.tv\/familymanagement\/produkt\/sommerkleid-julie-schnittmuster\/#breadcrumb","itemListElement":[{"@type":"ListItem","position":1,"name":"Startseite","item":"https:\/\/cheznu.tv\/familymanagement\/"},{"@type":"ListItem","position":2,"name":"Shop","item":"https:\/\/cheznu.tv\/familymanagement\/shop\/"},{"@type":"ListItem","position":3,"name":"Sommerkleid Julie \u2702\ufe0f Gr\u00f6sse 36-52 \u2702\ufe0f Schnittmuster"}]},{"@type":"WebSite","@id":"https:\/\/cheznu.tv\/familymanagement\/#website","url":"https:\/\/cheznu.tv\/familymanagement\/","name":"ChezNU.TV","description":"N\u00e4hen | Basteln | Haushalt | Familie","potentialAction":[{"@type":"SearchAction","target":{"@type":"EntryPoint","urlTemplate":"https:\/\/cheznu.tv\/familymanagement\/?s={search_term_string}"},"query-input":{"@type":"PropertyValueSpecification","valueRequired":true,"valueName":"search_term_string"}}],"inLanguage":"de"}]}},"_links":{"self":[{"href":"https:\/\/cheznu.tv\/familymanagement\/wp-json\/wp\/v2\/product\/75304","targetHints":{"allow":["GET"]}}],"collection":[{"href":"https:\/\/cheznu.tv\/familymanagement\/wp-json\/wp\/v2\/product"}],"about":[{"href":"https:\/\/cheznu.tv\/familymanagement\/wp-json\/wp\/v2\/types\/product"}],"replies":[{"embeddable":true,"href":"https:\/\/cheznu.tv\/familymanagement\/wp-json\/wp\/v2\/comments?post=75304"}],"wp:featuredmedia":[{"embeddable":true,"href":"https:\/\/cheznu.tv\/familymanagement\/wp-json\/wp\/v2\/media\/75308"}],"wp:attachment":[{"href":"https:\/\/cheznu.tv\/familymanagement\/wp-json\/wp\/v2\/media?parent=75304"}],"wp:term":[{"taxonomy":"product_brand","embeddable":true,"href":"https:\/\/cheznu.tv\/familymanagement\/wp-json\/wp\/v2\/product_brand?post=75304"},{"taxonomy":"product_cat","embeddable":true,"href":"https:\/\/cheznu.tv\/familymanagement\/wp-json\/wp\/v2\/product_cat?post=75304"},{"taxonomy":"product_tag","embeddable":true,"href":"https:\/\/cheznu.tv\/familymanagement\/wp-json\/wp\/v2\/product_tag?post=75304"}],"curies":[{"name":"wp","href":"https:\/\/api.w.org\/{rel}","templated":true}]}}