{"id":74236,"date":"2022-03-27T15:05:46","date_gmt":"2022-03-27T13:05:46","guid":{"rendered":"https:\/\/cheznu.tv\/familymanagement\/?post_type=product&#038;p=74236"},"modified":"2024-06-03T13:45:35","modified_gmt":"2024-06-03T11:45:35","slug":"oto-13-abgelaufen","status":"publish","type":"product","link":"https:\/\/cheznu.tv\/familymanagement\/produkt\/oto-13-abgelaufen\/","title":{"rendered":"Schnittmuster-Paket Kleidung n\u00e4hen f\u00fcr Anf\u00e4nger"},"content":{"rendered":"<p>Die <strong><a href=\"https:\/\/cheznu.tv\/familymanagement\/produkt\/tunika-jasmin-schnittmuster\/\">Tunika Jasmin<\/a><\/strong> ist ein super einfach zu n\u00e4hendes Schnittmuster, dass auch N\u00e4hanf\u00e4nger sehr gut umsetzen k\u00f6nnen. Die Tunika ist leicht tailliert, hat an der Seite einen Schlitz und ist f\u00fcr Webware designt und beinhaltet Gr\u00f6ssen 36-52.<\/p>\n<p>Die <strong>Videoanleitungen zur Tunika<\/strong>\u00a0findest Du weiter unten verlinkt.<\/p>\n<p>Das Schnittmuster f\u00fcr <a href=\"https:\/\/cheznu.tv\/familymanagement\/produkt\/bluse-doreen-groesse-36-52-schnittmuster-zum-ausdrucken\/\"><strong>Bluse Dorren<\/strong><\/a> kommt in den Gr\u00f6ssen 36-52. Die Bluse ist ein tolles Einsteigerprojekt, wenn Du zum ersten Mal Kleidung n\u00e4hst. Es sind nur wenige Schritte, keine Kn\u00f6pfe oder Reissverschl\u00fcsse und Du kannst die Bluse Dorren aus Baumwolle (aber auch aus Jersey oder Viskose &#8230;) n\u00e4hen, die mit am einfachsten zu verarbeiten ist. Die einzelnen Schritte zeigen wir Dir in unserem ausf\u00fchrlichen Videotutorial.<\/p>\n<p>Schnittmuster f\u00fcr das einfache <strong><a href=\"https:\/\/cheznu.tv\/familymanagement\/produkt\/raglan-shirt-ilva-schnittmuster\/\">Raglan-Shirt Ilva<\/a><\/strong> in den Gr\u00f6ssen 36-52 mit detailliertem Anleitungsvideo. So n\u00e4hst Du einfach ein Raglan-Shirt selbst. Mit dem passenden Stoff und unserer <a href=\"https:\/\/cheznu.tv\/familymanagement\/produkt\/norweger-borten-plotterdatei\/\">Norweger-Borte<\/a> sieht es dann aus, wie ein Norweger-Pullover, nur eben nicht gestrickt, sondern gen\u00e4ht.<\/p>\n<p>Das Schnittmuster f\u00fcr den <strong><a href=\"https:\/\/cheznu.tv\/familymanagement\/produkt\/kapuzenschal-schnittmuster-zum-ausdrucken\/\">Kapuzenschal<\/a><\/strong> ist ein tolles Schnittmuster f\u00fcr N\u00e4hanf\u00e4nger, aber nicht nur. Es sieht einfach toll aus, wenn man sich zur Jacke den passenden Kapuzenschal n\u00e4ht. Dadurch, dass es sich um ein Schnittmuster in Einheitsgr\u00f6sse handelt ist es auch eine tolle Geschenkidee, wenn man etwas selbst gen\u00e4htes verschenken m\u00f6chte.<\/p>\n<p>Das <strong><a href=\"https:\/\/cheznu.tv\/familymanagement\/produkt\/cut-out-shirt-schnittmuster\/\">Cut-Out-Shirt Cassy<\/a><\/strong> ist ein super stylisches T-Shirt.<br \/>\nEs ist viel einfacher zu n\u00e4hen als man zuerst denkt. Es eignet sich als elegantes Shirt f\u00fcr die Arbeit oder zum Ausgehen &#8211; egal ob am Nachmittag oder am Abend.<\/p>\n<p>Die <a href=\"https:\/\/cheznu.tv\/familymanagement\/produkt\/stretch-hose-kate-schnittmuster\/\"><strong>Stretch-Hose Kate<\/strong><\/a> ist eine super bequeme Hose mit einem <strong>Fake-Reissverschluss<\/strong> und <strong>Eingrifftaschen<\/strong>. Oben hat die Hose einen <strong>Gummibund<\/strong>.<br \/>\nDas Schnittmuster ist f\u00fcr die Gr. 36-60.<br \/>\nDer Fake-Reissverschluss wertet den Look extrem auf und obwohl die Hose <strong>so bequem wie eine Jogginghose<\/strong> ist, sieht sie nicht so aus.<\/p>\n<p>Das <a href=\"https:\/\/cheznu.tv\/familymanagement\/produkt\/bigshirt-sabrina-schnittmuster\/\"><strong>Bigshirt Sabrina<\/strong><\/a> ist ein einfaches, gerade geschnittenes Bigshirt (auch Maxishirt oder Longshirt genannt). Es ist einfach zu n\u00e4hen und etwas oversized geschnitten. Es eignet sich als Freizeitshirt, Strandkleid oder auch Schlafshirt. Die L\u00e4nge betr\u00e4gt ca 90cm, aber Du kannst diese sehr leicht an Deine W\u00fcnsche anspassen.<\/p>\n<p>Zum Schnittmuster gibt es neben der <a href=\"https:\/\/cheznu.tv\/familymanagement\/bigshirt-sabrina-anleitung\/\">\u00f6ffentlichen Videoanleitung<\/a> auch ein ausf\u00fchrliches E-Book.<\/p>\n<p>Der <a href=\"https:\/\/cheznu.tv\/familymanagement\/produkt\/faltenrock-felicitas-schnittmuster\/\"><strong>Rock Felicitas ist ein Faltenrock<\/strong><\/a> mit gerade Passe und Gummizug. Es ist sehr einfach zu n\u00e4hen. Du kannst den Rock mit oder ohne Futter n\u00e4hen, wir erkl\u00e4ren in der Videoanleitung und im E-Book beide Varianten.<\/p>\n<p>Oben hat der Rock einen Gummibund, das macht ihn zu einem Schlupfrock. Das Fehlen eines Reissverschlusses oder Knopfes macht den Rock zu einem tollen N\u00e4hrprojekt f\u00fcr Anf\u00e4nger.<\/p>\n<p>Das Schnittmuster zum <a href=\"https:\/\/cheznu.tv\/familymanagement\/produkt\/pullover-romy-schnittmuster\/\"><strong>Pullover Romy<\/strong><\/a> ist ein super einfach zu n\u00e4hendes Schnittmuster. Der Pulli ist ideal f\u00fcr den Zwiebellook. Er hat einen relativ grossen Ausschnitt und ist insgesamt so geschnitten, dass er perfekt zum Dr\u00fcber-tragen ist.<\/p>\n<p>Egal ob \u00fcber einem Rollkragenshirt oder einer Bluse, der Pulli Romy sieht super aus.<\/p>\n<p>Das <a href=\"https:\/\/cheznu.tv\/familymanagement\/produkt\/shirt-tessa-schnittmuster\/\"><strong>Shirt Tessa<\/strong><\/a> hat 3 Besonderheiten:<\/p>\n<ol>\n<li>Dieser geniale\u00a0<strong>\u00fcberkreuzte V-Ausschnitt<\/strong>. Nicht nur super angenehm zu tragen, er sieht auch super aus<\/li>\n<li>Die\u00a0<strong>Teilungsn\u00e4hte<\/strong>, die den ganzen Oberk\u00f6rper optisch strecken und den Tr\u00e4ger somit\u00a0<strong>schlanker<\/strong>\u00a0wirken lassen<\/li>\n<li>Die super raffiniert gearbeitete\u00a0<strong>innenliegende K\u00e4ngurutasche<\/strong>.<\/li>\n<\/ol>\n<p>Der <strong><a href=\"https:\/\/cheznu.tv\/familymanagement\/produkt\/stretch-rock-liz\/\">Rock Liz<\/a><\/strong> ist ein einfacher Stretch-Rock f\u00fcr N\u00e4hanf\u00e4nger. Er ist mit seinen 50cm Rockl\u00e4nge etwa knielang. Du kannst ihn mit oder ohne Taschen n\u00e4hen. Er hat einen Gummibund und ist daher super bequem.<\/p>\n<p>Das Schnittmuster f\u00fcr die <a href=\"https:\/\/cheznu.tv\/familymanagement\/produkt\/stulpen-groesse-s-m-l-schnittmuster-zum-ausdrucken\/\"><strong>Stulpen<\/strong> <\/a>kommt in den 3 Gr\u00f6ssen: S, M und L. Es ist ein absolutes Anf\u00e4ngerprojekt.<\/p>\n<h2>Die N\u00e4hanleitungen mit vielen Bildern sowie das\u00a0\u00a0Anleitungsvideo findest Du hier:<\/h2>\n<ul>\n<li><a href=\"https:\/\/cheznu.tv\/familymanagement\/einfache-tunika-naehen-aus-musselin-schnittmuster-tunika-jasmin\/\">Einfache Tunika n\u00e4hen aus Musselin \ud83c\udf1e Schnittmuster Tunika Jasmin<\/a><\/li>\n<li><a href=\"https:\/\/cheznu.tv\/familymanagement\/einfache-bluse-naehen-fuer-anfaengerschnittmuster-gr-36-52-bluse-doreen\">Einfache Bluse n\u00e4hen f\u00fcr Anf\u00e4nger \ud83d\udc5a Schnittmuster Gr. 36-52 \ud83d\udc5a Bluse Doreen<\/a><\/li>\n<li><a href=\"https:\/\/cheznu.tv\/familymanagement\/shirt-naehen-fuer-anfaenger-raglan-shirt-einfach-naehen\/\">Shirt n\u00e4hen f\u00fcr Anf\u00e4nger | Raglan Shirt einfach n\u00e4hen<\/a><\/li>\n<li><a href=\"https:\/\/cheznu.tv\/familymanagement\/kapuzenschal-naehen-naehanleitung-schnittmuster\/\">Kapuzenschal n\u00e4hen N\u00e4hanleitung<\/a><\/li>\n<li><a href=\"https:\/\/cheznu.tv\/familymanagement\/cut-out-shirt-anleitung\">Cut-Out-Shirt Cassy n\u00e4hen<\/a><\/li>\n<li><a href=\"https:\/\/cheznu.tv\/familymanagement\/stretch-hose-kate-anleitung\">Stretch-Hose Kate mit Fake-Reissverschluss n\u00e4hen<\/a><\/li>\n<li><a href=\"https:\/\/cheznu.tv\/familymanagement\/bigshirt-sabrina-anleitung\/\">Bigshirt Sabrina n\u00e4hen<\/a><\/li>\n<li><a href=\"https:\/\/cheznu.tv\/familymanagement\/faltenrock-felicitas-anleitung\/\">Faltenrock Felicitas Videoanleitung<\/a><\/li>\n<li><a href=\"https:\/\/cheznu.tv\/familymanagement\/pullover-romy-anleitung\">Pullover Romy Videoanleitung<\/a><\/li>\n<li><a href=\"https:\/\/cheznu.tv\/familymanagement\/shirt-tessa-anleitung\/\">Shirt Tessa Videoanleitung<\/a><\/li>\n<li><a href=\"https:\/\/cheznu.tv\/familymanagement\/stretch-rock-mit-taschen-naehen-fuer-anfaenger\">Stretch-Rock mit Taschen n\u00e4hen f\u00fcr Anf\u00e4nger<\/a><\/li>\n<li><a href=\"https:\/\/cheznu.tv\/familymanagement\/stulpen-naehen-fuer-anfaenger-%f0%9f%91%8c-schnittmuster-in-3-groessen\/\">Stulpen n\u00e4hen f\u00fcr Anf\u00e4nger \ud83d\udc4c Schnittmuster in 3 Gr\u00f6ssen<\/a><\/li>\n<\/ul>\n<p><a href='https:\/\/www.spoonflower.com\/profiles\/cheznu_tv' target='_blank' title='Spoonflower-Shop mit den ChezNU-Designs'>Unseren neuen Spoonflower-Shop mit Stoffen im ChezNU-Design findest Du hier.<\/a><\/p><p>Neben dem Schnittmuster \/ Schema \/ Anleitung \/ Plotterdatei erh\u00e4ltst Du als Teil der erworbenen Leistung (gilt auch f\u00fcr kostenlose Produkte) auch unseren kostenlosen Newsletter \u201eSchnittmuster-Alarm\u201c. Im Schnittmuster-Alarm informieren wir haupts\u00e4chlich, aber nicht ausschliesslich \u00fcber neue Schnittmuster, Anleitungen, DIY-Projekte, Angebote in unserem Shop, Angebote in anderen Shops, Materialbezugsquellen und allem was irgendwie mit N\u00e4hen, H\u00e4keln, Basteln, Stricken, Upcycling, Organisation und Familie zu tun hat.<\/p><p>Nach Deiner Bestellung erh\u00e4ltst Du die E-Mails automatisch. Du kannst sie allerdings jederzeit und ohne Angabe von Gr\u00fcnden \u00fcber den Link am Ende jeder E-Mail abbestellen.<br>\n\tDie Transparenzerkl\u00e4rung zu unserem Schnittmuster-Alarm findest Du <a title='Transparenzerkl\u00e4rung' href='https:\/\/cheznu.tv\/familymanagement\/transparenzerklaerung-zum-schnittmuster-alarm-newsletter\/' target='_blank'>hier<\/a><\/p>\n<p><strong>Zum Schnittmuster<\/strong><\/p>\n<p>Das Schnittmuster kommt als PDF, wenn es sich um mehrere PDFs handelt packen wir diese in eine ZIP-Datei. Diese muss erst abgespeichert und entpackt werden, bevor man sie auf A4-Papier (Standard) ausdrucken und dann zusammenkleben kann.<br \/>\nFalls Du das noch nie gemacht hast findest Du eine Anleitung in unseren <a href=\"https:\/\/cheznu.tv\/familymanagement\/faq\/\">FAQs<\/a>.<\/p>\n<p>So entf\u00e4llt das l\u00e4stige Schnittmuster kopieren mit teurem Seidenpapier. Das Schnittmuster kann nach dem Zusammenkleben direkt ausgeschnitten werden.<\/p>\n<p>Bitte beachte, die richtigen Druckoptionen einzustellen. Das funktioniert genauso, wie bei Burda.<br \/>\n<a href=\"http:\/\/cheznu.tv\/familymanagement\/burda-schnittmuster-ausdrucken\/\">Burda Schnittmuster Ausdrucken.<\/a><\/p>\n<p>Wie das mit dem Zusammenkleben funktioniert haben wir hier kurz erkl\u00e4rt.<br \/>\n<a href=\"http:\/\/cheznu.tv\/familymanagement\/so-gehts\/\">So geht\u00b4s<\/a>.<\/p>\n<p><a href=\"http:\/\/cheznu.tv\/familymanagement\/wp-content\/uploads\/2018\/01\/ChezNU-Groessentabelle_fuer_Damen.pdf\" target=\"_blank\" rel=\"noopener noreferrer\">Die Gr\u00f6ssetabelle mit den Massen f\u00fcr Damen findest Du hier.<\/a><\/p>\n<p>Dieser Schnitt darf zu privaten Zwecken und zur Fertigung von Einzelst\u00fccken\/Kleinserien (bis 5 Modelle) unter Nennung der Herkunft verwendet werden (ChezNU.TV). Massenproduktion der fertigen Ware sowie Kopieren, Weitergabe, Abdruck oder Ver\u00f6ffentlichung (auch teilweise) des Schnittmusters bedarf der schriftlichen Genehmigung. Wenn Du Dir nicht sicher bist, schreibe uns einfach kurz eine <a href=\"mailto:nu@cheznu.tv\">E-Mail.<\/a><\/p>\n<p><img decoding=\"async\" src=\"https:\/\/klick.cheznu.tv\/pix\/1s8uz4na2zfz83c4\" width=\"1\" height=\"1\" \/><\/p>\n","protected":false},"excerpt":{"rendered":"<p><strong>Das Schnittmuster-Paket enth\u00e4lt 12 Schnittmuster. Zu jedem Schnittmuster gibt es eine Videoanleitung.<\/strong><\/p>\n<p>Die Videoanleitungen sind weiter unten verlinkt.<\/p>\n","protected":false},"featured_media":59221,"comment_status":"open","ping_status":"closed","template":"","meta":[],"product_brand":[],"product_cat":[15],"product_tag":[],"class_list":{"0":"post-74236","1":"product","2":"type-product","3":"status-publish","4":"has-post-thumbnail","6":"product_cat-uncategorized","8":"first","9":"instock","10":"downloadable","11":"virtual","12":"sold-individually","13":"purchasable","14":"product-type-simple"},"yoast_head":"<!-- This site is optimized with the Yoast SEO plugin v27.4 - https:\/\/yoast.com\/product\/yoast-seo-wordpress\/ -->\n<title>Schnittmuster-Paket Kleidung n\u00e4hen f\u00fcr Anf\u00e4nger - ChezNU.TV<\/title>\n<meta name=\"robots\" content=\"index, follow, max-snippet:-1, max-image-preview:large, max-video-preview:-1\" \/>\n<link rel=\"canonical\" href=\"https:\/\/cheznu.tv\/familymanagement\/produkt\/oto-13-abgelaufen\/\" \/>\n<meta property=\"og:locale\" content=\"de_DE\" \/>\n<meta property=\"og:type\" content=\"article\" \/>\n<meta property=\"og:title\" content=\"Schnittmuster-Paket Kleidung n\u00e4hen f\u00fcr Anf\u00e4nger - ChezNU.TV\" \/>\n<meta property=\"og:description\" content=\"Das Schnittmuster-Paket enth\u00e4lt 12 Schnittmuster. Zu jedem Schnittmuster gibt es eine Videoanleitung.  Die Videoanleitungen sind weiter unten verlinkt.\" \/>\n<meta property=\"og:url\" content=\"https:\/\/cheznu.tv\/familymanagement\/produkt\/oto-13-abgelaufen\/\" \/>\n<meta property=\"og:site_name\" content=\"ChezNU.TV\" \/>\n<meta property=\"article:publisher\" content=\"https:\/\/www.facebook.com\/cheznutv\/\" \/>\n<meta property=\"article:modified_time\" content=\"2024-06-03T11:45:35+00:00\" \/>\n<meta property=\"og:image\" content=\"https:\/\/cheznu.tv\/familymanagement\/wp-content\/uploads\/2021\/03\/Tunika-Jasmin-Schnittmuster-Tragebild-Ute-und-Nicole.jpg\" \/>\n\t<meta property=\"og:image:width\" content=\"1000\" \/>\n\t<meta property=\"og:image:height\" content=\"1000\" \/>\n\t<meta property=\"og:image:type\" content=\"image\/jpeg\" \/>\n<meta name=\"twitter:card\" content=\"summary_large_image\" \/>\n<meta name=\"twitter:site\" content=\"@cheznu_family\" \/>\n<meta name=\"twitter:label1\" content=\"Gesch\u00e4tzte Lesezeit\" \/>\n\t<meta name=\"twitter:data1\" content=\"6\u00a0Minuten\" \/>\n<script type=\"application\/ld+json\" class=\"yoast-schema-graph\">{\"@context\":\"https:\\\/\\\/schema.org\",\"@graph\":[{\"@type\":\"WebPage\",\"@id\":\"https:\\\/\\\/cheznu.tv\\\/familymanagement\\\/produkt\\\/oto-13-abgelaufen\\\/\",\"url\":\"https:\\\/\\\/cheznu.tv\\\/familymanagement\\\/produkt\\\/oto-13-abgelaufen\\\/\",\"name\":\"Schnittmuster-Paket Kleidung n\u00e4hen f\u00fcr Anf\u00e4nger - ChezNU.TV\",\"isPartOf\":{\"@id\":\"https:\\\/\\\/cheznu.tv\\\/familymanagement\\\/#website\"},\"primaryImageOfPage\":{\"@id\":\"https:\\\/\\\/cheznu.tv\\\/familymanagement\\\/produkt\\\/oto-13-abgelaufen\\\/#primaryimage\"},\"image\":{\"@id\":\"https:\\\/\\\/cheznu.tv\\\/familymanagement\\\/produkt\\\/oto-13-abgelaufen\\\/#primaryimage\"},\"thumbnailUrl\":\"https:\\\/\\\/cheznu.tv\\\/familymanagement\\\/wp-content\\\/uploads\\\/2021\\\/03\\\/Tunika-Jasmin-Schnittmuster-Tragebild-Ute-und-Nicole.jpg\",\"datePublished\":\"2022-03-27T13:05:46+00:00\",\"dateModified\":\"2024-06-03T11:45:35+00:00\",\"breadcrumb\":{\"@id\":\"https:\\\/\\\/cheznu.tv\\\/familymanagement\\\/produkt\\\/oto-13-abgelaufen\\\/#breadcrumb\"},\"inLanguage\":\"de\",\"potentialAction\":[{\"@type\":\"ReadAction\",\"target\":[\"https:\\\/\\\/cheznu.tv\\\/familymanagement\\\/produkt\\\/oto-13-abgelaufen\\\/\"]}]},{\"@type\":\"ImageObject\",\"inLanguage\":\"de\",\"@id\":\"https:\\\/\\\/cheznu.tv\\\/familymanagement\\\/produkt\\\/oto-13-abgelaufen\\\/#primaryimage\",\"url\":\"https:\\\/\\\/cheznu.tv\\\/familymanagement\\\/wp-content\\\/uploads\\\/2021\\\/03\\\/Tunika-Jasmin-Schnittmuster-Tragebild-Ute-und-Nicole.jpg\",\"contentUrl\":\"https:\\\/\\\/cheznu.tv\\\/familymanagement\\\/wp-content\\\/uploads\\\/2021\\\/03\\\/Tunika-Jasmin-Schnittmuster-Tragebild-Ute-und-Nicole.jpg\",\"width\":1000,\"height\":1000,\"caption\":\"Tunika Jasmin Schnittmuster - Tragebild Ute und Nicole\"},{\"@type\":\"BreadcrumbList\",\"@id\":\"https:\\\/\\\/cheznu.tv\\\/familymanagement\\\/produkt\\\/oto-13-abgelaufen\\\/#breadcrumb\",\"itemListElement\":[{\"@type\":\"ListItem\",\"position\":1,\"name\":\"Startseite\",\"item\":\"https:\\\/\\\/cheznu.tv\\\/familymanagement\\\/\"},{\"@type\":\"ListItem\",\"position\":2,\"name\":\"Shop\",\"item\":\"https:\\\/\\\/cheznu.tv\\\/familymanagement\\\/shop\\\/\"},{\"@type\":\"ListItem\",\"position\":3,\"name\":\"Schnittmuster-Paket Kleidung n\u00e4hen f\u00fcr Anf\u00e4nger\"}]},{\"@type\":\"WebSite\",\"@id\":\"https:\\\/\\\/cheznu.tv\\\/familymanagement\\\/#website\",\"url\":\"https:\\\/\\\/cheznu.tv\\\/familymanagement\\\/\",\"name\":\"ChezNU.TV\",\"description\":\"N\u00e4hen | Basteln | Haushalt | Familie\",\"potentialAction\":[{\"@type\":\"SearchAction\",\"target\":{\"@type\":\"EntryPoint\",\"urlTemplate\":\"https:\\\/\\\/cheznu.tv\\\/familymanagement\\\/?s={search_term_string}\"},\"query-input\":{\"@type\":\"PropertyValueSpecification\",\"valueRequired\":true,\"valueName\":\"search_term_string\"}}],\"inLanguage\":\"de\"}]}<\/script>\n<!-- \/ Yoast SEO plugin. -->","yoast_head_json":{"title":"Schnittmuster-Paket Kleidung n\u00e4hen f\u00fcr Anf\u00e4nger - ChezNU.TV","robots":{"index":"index","follow":"follow","max-snippet":"max-snippet:-1","max-image-preview":"max-image-preview:large","max-video-preview":"max-video-preview:-1"},"canonical":"https:\/\/cheznu.tv\/familymanagement\/produkt\/oto-13-abgelaufen\/","og_locale":"de_DE","og_type":"article","og_title":"Schnittmuster-Paket Kleidung n\u00e4hen f\u00fcr Anf\u00e4nger - ChezNU.TV","og_description":"Das Schnittmuster-Paket enth\u00e4lt 12 Schnittmuster. Zu jedem Schnittmuster gibt es eine Videoanleitung.  Die Videoanleitungen sind weiter unten verlinkt.","og_url":"https:\/\/cheznu.tv\/familymanagement\/produkt\/oto-13-abgelaufen\/","og_site_name":"ChezNU.TV","article_publisher":"https:\/\/www.facebook.com\/cheznutv\/","article_modified_time":"2024-06-03T11:45:35+00:00","og_image":[{"width":1000,"height":1000,"url":"https:\/\/cheznu.tv\/familymanagement\/wp-content\/uploads\/2021\/03\/Tunika-Jasmin-Schnittmuster-Tragebild-Ute-und-Nicole.jpg","type":"image\/jpeg"}],"twitter_card":"summary_large_image","twitter_site":"@cheznu_family","twitter_misc":{"Gesch\u00e4tzte Lesezeit":"6\u00a0Minuten"},"schema":{"@context":"https:\/\/schema.org","@graph":[{"@type":"WebPage","@id":"https:\/\/cheznu.tv\/familymanagement\/produkt\/oto-13-abgelaufen\/","url":"https:\/\/cheznu.tv\/familymanagement\/produkt\/oto-13-abgelaufen\/","name":"Schnittmuster-Paket Kleidung n\u00e4hen f\u00fcr Anf\u00e4nger - ChezNU.TV","isPartOf":{"@id":"https:\/\/cheznu.tv\/familymanagement\/#website"},"primaryImageOfPage":{"@id":"https:\/\/cheznu.tv\/familymanagement\/produkt\/oto-13-abgelaufen\/#primaryimage"},"image":{"@id":"https:\/\/cheznu.tv\/familymanagement\/produkt\/oto-13-abgelaufen\/#primaryimage"},"thumbnailUrl":"https:\/\/cheznu.tv\/familymanagement\/wp-content\/uploads\/2021\/03\/Tunika-Jasmin-Schnittmuster-Tragebild-Ute-und-Nicole.jpg","datePublished":"2022-03-27T13:05:46+00:00","dateModified":"2024-06-03T11:45:35+00:00","breadcrumb":{"@id":"https:\/\/cheznu.tv\/familymanagement\/produkt\/oto-13-abgelaufen\/#breadcrumb"},"inLanguage":"de","potentialAction":[{"@type":"ReadAction","target":["https:\/\/cheznu.tv\/familymanagement\/produkt\/oto-13-abgelaufen\/"]}]},{"@type":"ImageObject","inLanguage":"de","@id":"https:\/\/cheznu.tv\/familymanagement\/produkt\/oto-13-abgelaufen\/#primaryimage","url":"https:\/\/cheznu.tv\/familymanagement\/wp-content\/uploads\/2021\/03\/Tunika-Jasmin-Schnittmuster-Tragebild-Ute-und-Nicole.jpg","contentUrl":"https:\/\/cheznu.tv\/familymanagement\/wp-content\/uploads\/2021\/03\/Tunika-Jasmin-Schnittmuster-Tragebild-Ute-und-Nicole.jpg","width":1000,"height":1000,"caption":"Tunika Jasmin Schnittmuster - Tragebild Ute und Nicole"},{"@type":"BreadcrumbList","@id":"https:\/\/cheznu.tv\/familymanagement\/produkt\/oto-13-abgelaufen\/#breadcrumb","itemListElement":[{"@type":"ListItem","position":1,"name":"Startseite","item":"https:\/\/cheznu.tv\/familymanagement\/"},{"@type":"ListItem","position":2,"name":"Shop","item":"https:\/\/cheznu.tv\/familymanagement\/shop\/"},{"@type":"ListItem","position":3,"name":"Schnittmuster-Paket Kleidung n\u00e4hen f\u00fcr Anf\u00e4nger"}]},{"@type":"WebSite","@id":"https:\/\/cheznu.tv\/familymanagement\/#website","url":"https:\/\/cheznu.tv\/familymanagement\/","name":"ChezNU.TV","description":"N\u00e4hen | Basteln | Haushalt | Familie","potentialAction":[{"@type":"SearchAction","target":{"@type":"EntryPoint","urlTemplate":"https:\/\/cheznu.tv\/familymanagement\/?s={search_term_string}"},"query-input":{"@type":"PropertyValueSpecification","valueRequired":true,"valueName":"search_term_string"}}],"inLanguage":"de"}]}},"_links":{"self":[{"href":"https:\/\/cheznu.tv\/familymanagement\/wp-json\/wp\/v2\/product\/74236","targetHints":{"allow":["GET"]}}],"collection":[{"href":"https:\/\/cheznu.tv\/familymanagement\/wp-json\/wp\/v2\/product"}],"about":[{"href":"https:\/\/cheznu.tv\/familymanagement\/wp-json\/wp\/v2\/types\/product"}],"replies":[{"embeddable":true,"href":"https:\/\/cheznu.tv\/familymanagement\/wp-json\/wp\/v2\/comments?post=74236"}],"wp:featuredmedia":[{"embeddable":true,"href":"https:\/\/cheznu.tv\/familymanagement\/wp-json\/wp\/v2\/media\/59221"}],"wp:attachment":[{"href":"https:\/\/cheznu.tv\/familymanagement\/wp-json\/wp\/v2\/media?parent=74236"}],"wp:term":[{"taxonomy":"product_brand","embeddable":true,"href":"https:\/\/cheznu.tv\/familymanagement\/wp-json\/wp\/v2\/product_brand?post=74236"},{"taxonomy":"product_cat","embeddable":true,"href":"https:\/\/cheznu.tv\/familymanagement\/wp-json\/wp\/v2\/product_cat?post=74236"},{"taxonomy":"product_tag","embeddable":true,"href":"https:\/\/cheznu.tv\/familymanagement\/wp-json\/wp\/v2\/product_tag?post=74236"}],"curies":[{"name":"wp","href":"https:\/\/api.w.org\/{rel}","templated":true}]}}