{"id":70643,"date":"2021-12-22T20:00:50","date_gmt":"2021-12-22T19:00:50","guid":{"rendered":"https:\/\/cheznu.tv\/familymanagement\/?post_type=product&#038;p=70643"},"modified":"2024-06-03T14:01:37","modified_gmt":"2024-06-03T12:01:37","slug":"ak202123","status":"publish","type":"product","link":"https:\/\/cheznu.tv\/familymanagement\/produkt\/ak202123\/","title":{"rendered":"Adventskalender T\u00fcr 23 \ud83d\udd6f\ud83d\udd6f\ud83d\udd6f\ud83d\udd6f Schnittmuster-Paket Sch\u00f6nes zu Hause"},"content":{"rendered":"<p>Die N\u00e4hanleitungen mit vielen Bildern sowie das\u00a0\u00a0Anleitungsvideo findest Du hier:<\/p>\n<ul>\n<li><a href=\"https:\/\/cheznu.tv\/familymanagement\/waeschekorb-naehen-mit-herausnehmbarem-futter-diy-riesen-utensilo-naehen\/\">W\u00e4schekorb n\u00e4hen mit herausnehmbarem Futter \ud83e\uddfa DIY Riesen-Utensilo n\u00e4hen<\/a><\/li>\n<li><a href=\"https:\/\/cheznu.tv\/familymanagement\/tasche-mit-reissverschluss-naehen-fuer-ikea-godmorgon-tasche-uppsala\">Tasche mit Rei\u00dfverschluss n\u00e4hen f\u00fcr IKEA Godmorgon | Tasche Uppsala<\/a><\/li>\n<li><a href=\"http:\/\/cheznu.tv\/familymanagement\/boxen-naehen-fuer-den-bettkasten-mit-schnittmuster-kinderzimmer-aufraeumen\/\">Boxen n\u00e4hen f\u00fcr den Bettkasten | mit Schnittmuster | Kinderzimmer aufr\u00e4umen Anleitung und Tutorial<\/a><\/li>\n<li><a href=\"http:\/\/cheznu.tv\/familymanagement\/omas-tasche-fuer-den-rollator-oder-opas\/\">Omas Tasche f\u00fcr den Rollator oder Opas Anleitung und Tutorial<\/a><\/li>\n<\/ul>\n<p><a href='https:\/\/www.spoonflower.com\/profiles\/cheznu_tv' target='_blank' title='Spoonflower-Shop mit den ChezNU-Designs'>Unseren neuen Spoonflower-Shop mit Stoffen im ChezNU-Design findest Du hier.<\/a><\/p><p>Neben dem Schnittmuster \/ Schema \/ Anleitung \/ Plotterdatei erh\u00e4ltst Du als Teil der erworbenen Leistung (gilt auch f\u00fcr kostenlose Produkte) auch unseren kostenlosen Newsletter \u201eSchnittmuster-Alarm\u201c. Im Schnittmuster-Alarm informieren wir haupts\u00e4chlich, aber nicht ausschliesslich \u00fcber neue Schnittmuster, Anleitungen, DIY-Projekte, Angebote in unserem Shop, Angebote in anderen Shops, Materialbezugsquellen und allem was irgendwie mit N\u00e4hen, H\u00e4keln, Basteln, Stricken, Upcycling, Organisation und Familie zu tun hat.<\/p><p>Nach Deiner Bestellung erh\u00e4ltst Du die E-Mails automatisch. Du kannst sie allerdings jederzeit und ohne Angabe von Gr\u00fcnden \u00fcber den Link am Ende jeder E-Mail abbestellen.<br>\n\tDie Transparenzerkl\u00e4rung zu unserem Schnittmuster-Alarm findest Du <a title='Transparenzerkl\u00e4rung' href='https:\/\/cheznu.tv\/familymanagement\/transparenzerklaerung-zum-schnittmuster-alarm-newsletter\/' target='_blank'>hier<\/a><\/p>\n<p>Das Schnittmuster kommt als PDF und kann auf A4-Papier (Standard) ausgedruckt und dann zusammengeklebt werden.<br \/>\nSo entf\u00e4llt das l\u00e4stige Schnittmuster kopieren mit teurem Seidenpapier. Das Schnittmuster kann nach dem Zusammenkleben direkt ausgeschnitten werden.<\/p>\n<p>Bitte beachte, die richtigen Druckoptionen einzustellen. Das funktioniert genauso, wie bei Burda.<br \/>\n<a href=\"http:\/\/cheznu.tv\/familymanagement\/burda-schnittmuster-ausdrucken\/\">Burda Schnittmuster Ausdrucken.<\/a><\/p>\n<p>Wie das mit dem Zusammenkleben funktioniert haben wir hier kurz erkl\u00e4rt.<br \/>\n<a href=\"http:\/\/cheznu.tv\/familymanagement\/so-gehts\/\">So geht\u00b4s<\/a>.<\/p>\n<p>Dieser Schnitt darf zu privaten Zwecken und zur Fertigung von Einzelst\u00fccken\/Kleinserien (bis 5 Modelle) unter Nennung der Herkunft verwendet werden (ChezNU.TV). Massenproduktion der fertigen Ware sowie Kopieren, Weitergabe, Abdruck oder Ver\u00f6ffentlichung (auch teilweise) des Schnittmusters ist bedarf der schriftlichen Genehmigung. Wenn Du Dir nicht sicher bist, schreibe uns einfach kurz eine <a href=\"mailto:nu@cheznu.tv\">E-Mail.<\/a><\/p>\n","protected":false},"excerpt":{"rendered":"<p><strong>Das Schnittmuster-Paket enth\u00e4lt 4 Schnittmuster (f\u00fcr sch\u00f6ne Dinge zu Hause).<\/strong><\/p>\n<p>Das Schnittmuster f\u00fcr den <a href=\"https:\/\/cheznu.tv\/familymanagement\/produkt\/waeschekorb-mit-herausnehmbarem-futter-schnittmuster\/\">W\u00e4schekorb<\/a> kommt in 3 Gr\u00f6ssen:<\/p>\n<ul>\n<li>30 cm Durchmesser und 37 cm H\u00f6he<\/li>\n<li>40 cm Durchmesser und 50 cm H\u00f6he<\/li>\n<li>50 cm Durchmesser und 75 cm H\u00f6he<\/li>\n<\/ul>\n<p>Es besteht aus einem \u00e4usseren Teil mit Henkeln und einem inneren Teil zum Herausnehmen. So ist der Innere Teil leichte Waschbar und hygienisch sauber zu halten.<\/p>\n<p>&nbsp;<\/p>\n<p>Das Schnittmuster f\u00fcr den Kosmetikkoffer <a href=\"https:\/\/cheznu.tv\/familymanagement\/produkt\/kosmetikkoffer-uppsala-fuer-ikea-godmorgon\/\">Uppsala<\/a> ist auf die Gr\u00f6sse von <a href=\"https:\/\/www.ikea.com\/de\/de\/p\/godmorgon-kasten-mit-faechern-rauchfarben-10400267\/\" target=\"_blank\" rel=\"noopener noreferrer\">IKEA Godmorgon<\/a> optimiert. Es enth\u00e4lt 3 T\u00e4schchen, eines direkt passen f\u00fcr Godmorgon und ein H\u00f6hrers, in welches Godmorgon passt plus eine Innentasche als Einsatz.<\/p>\n<p>&nbsp;<\/p>\n<p><a href=\"https:\/\/cheznu.tv\/familymanagement\/produkt\/boxen-in-3-groessen\/\">3 Boxen<\/a> in den Gr\u00f6ssen:<\/p>\n<ul>\n<li>55 cm x 30 cm x 22 cm (hoch)<\/li>\n<li>35 cm x 35 cm x 22 cm (hoch)<\/li>\n<li>30 cm x 27 cm x 22 cm (hoch)<\/li>\n<\/ul>\n<p>&nbsp;<\/p>\n<p>Die <a href=\"https:\/\/cheznu.tv\/familymanagement\/produkt\/tasche-fuer-den-rollartor\/\">Rollator-Tasche<\/a> kannst Du auch ohne viel \u00dcbung f\u00fcr Deine Mutter oder Oma n\u00e4hen. Auch f\u00fcr Herren ist diese Tasche bei der richtigen Stoffwahl sehr gut geeignet. Das Design erm\u00f6glich leichten Zugang den ben\u00f6tigten Dingen bei gleichzeitiger Sicherheit f\u00fcr alle Wertgegenst\u00e4nde.<\/p>\n<p>Die Tasche ist 44cm breit und dank der Bindeb\u00e4nder f\u00fcr unterschiedliche Rollator-Modelle geeignet.<\/p>\n<p><strong>Das Paket gibt es nur am 23. Dezember 2021!<\/strong><\/p>\n","protected":false},"featured_media":25005,"comment_status":"open","ping_status":"closed","template":"","meta":[],"product_brand":[],"product_cat":[15],"product_tag":[],"class_list":{"0":"post-70643","1":"product","2":"type-product","3":"status-publish","4":"has-post-thumbnail","6":"product_cat-uncategorized","8":"first","9":"instock","10":"downloadable","11":"virtual","12":"purchasable","13":"product-type-simple"},"yoast_head":"<!-- This site is optimized with the Yoast SEO plugin v27.4 - https:\/\/yoast.com\/product\/yoast-seo-wordpress\/ -->\n<title>Adventskalender T\u00fcr 23 \ud83d\udd6f\ud83d\udd6f\ud83d\udd6f\ud83d\udd6f Schnittmuster-Paket Sch\u00f6nes zu Hause - ChezNU.TV<\/title>\n<meta name=\"robots\" content=\"index, follow, max-snippet:-1, max-image-preview:large, max-video-preview:-1\" \/>\n<link rel=\"canonical\" href=\"https:\/\/cheznu.tv\/familymanagement\/produkt\/ak202123\/\" \/>\n<meta property=\"og:locale\" content=\"de_DE\" \/>\n<meta property=\"og:type\" content=\"article\" \/>\n<meta property=\"og:title\" content=\"W\u00e4schekorb mit herausnehmbarem Futter \ud83e\uddfa Schnittmuster in 3 Gr\u00f6ssen zum Audrucken\" \/>\n<meta property=\"og:description\" content=\"Das Schnittmuster f\u00fcr den W\u00e4schekorb kommt in 3 Gr\u00f6ssen: 30 cm Durchmesser und 37 cm H\u00f6he 40 cm Durchmesser und 50 cm H\u00f6he\u00a0 50 cm Durchmesser und 75 cm H\u00f6he Es besteht aus einem \u00e4usseren Teil mit Henkeln und einem inneren Teil zum Herausnehmen. So ist der Innere Teil leiche Waschbar und hygienisch sauber zu halten.\" \/>\n<meta property=\"og:url\" content=\"https:\/\/cheznu.tv\/familymanagement\/produkt\/ak202123\/\" \/>\n<meta property=\"og:site_name\" content=\"ChezNU.TV\" \/>\n<meta property=\"article:publisher\" content=\"https:\/\/www.facebook.com\/cheznutv\/\" \/>\n<meta property=\"article:modified_time\" content=\"2024-06-03T12:01:37+00:00\" \/>\n<meta property=\"og:image\" content=\"https:\/\/cheznu.tv\/familymanagement\/wp-content\/uploads\/2019\/12\/W\u00e4schekorb-mit-herausnehmbarem-Futter-Schnittmuster-in-3-Gr\u00f6ssen.jpg\" \/>\n\t<meta property=\"og:image:width\" content=\"1000\" \/>\n\t<meta property=\"og:image:height\" content=\"1000\" \/>\n\t<meta property=\"og:image:type\" content=\"image\/jpeg\" \/>\n<meta name=\"twitter:card\" content=\"summary_large_image\" \/>\n<meta name=\"twitter:site\" content=\"@cheznu_family\" \/>\n<meta name=\"twitter:label1\" content=\"Gesch\u00e4tzte Lesezeit\" \/>\n\t<meta name=\"twitter:data1\" content=\"2\u00a0Minuten\" \/>\n<script type=\"application\/ld+json\" class=\"yoast-schema-graph\">{\"@context\":\"https:\\\/\\\/schema.org\",\"@graph\":[{\"@type\":\"WebPage\",\"@id\":\"https:\\\/\\\/cheznu.tv\\\/familymanagement\\\/produkt\\\/ak202123\\\/\",\"url\":\"https:\\\/\\\/cheznu.tv\\\/familymanagement\\\/produkt\\\/ak202123\\\/\",\"name\":\"Adventskalender T\u00fcr 23 \ud83d\udd6f\ud83d\udd6f\ud83d\udd6f\ud83d\udd6f Schnittmuster-Paket Sch\u00f6nes zu Hause - ChezNU.TV\",\"isPartOf\":{\"@id\":\"https:\\\/\\\/cheznu.tv\\\/familymanagement\\\/#website\"},\"primaryImageOfPage\":{\"@id\":\"https:\\\/\\\/cheznu.tv\\\/familymanagement\\\/produkt\\\/ak202123\\\/#primaryimage\"},\"image\":{\"@id\":\"https:\\\/\\\/cheznu.tv\\\/familymanagement\\\/produkt\\\/ak202123\\\/#primaryimage\"},\"thumbnailUrl\":\"https:\\\/\\\/cheznu.tv\\\/familymanagement\\\/wp-content\\\/uploads\\\/2019\\\/12\\\/W\u00e4schekorb-mit-herausnehmbarem-Futter-Schnittmuster-in-3-Gr\u00f6ssen.jpg\",\"datePublished\":\"2021-12-22T19:00:50+00:00\",\"dateModified\":\"2024-06-03T12:01:37+00:00\",\"breadcrumb\":{\"@id\":\"https:\\\/\\\/cheznu.tv\\\/familymanagement\\\/produkt\\\/ak202123\\\/#breadcrumb\"},\"inLanguage\":\"de\",\"potentialAction\":[{\"@type\":\"ReadAction\",\"target\":[\"https:\\\/\\\/cheznu.tv\\\/familymanagement\\\/produkt\\\/ak202123\\\/\"]}]},{\"@type\":\"ImageObject\",\"inLanguage\":\"de\",\"@id\":\"https:\\\/\\\/cheznu.tv\\\/familymanagement\\\/produkt\\\/ak202123\\\/#primaryimage\",\"url\":\"https:\\\/\\\/cheznu.tv\\\/familymanagement\\\/wp-content\\\/uploads\\\/2019\\\/12\\\/W\u00e4schekorb-mit-herausnehmbarem-Futter-Schnittmuster-in-3-Gr\u00f6ssen.jpg\",\"contentUrl\":\"https:\\\/\\\/cheznu.tv\\\/familymanagement\\\/wp-content\\\/uploads\\\/2019\\\/12\\\/W\u00e4schekorb-mit-herausnehmbarem-Futter-Schnittmuster-in-3-Gr\u00f6ssen.jpg\",\"width\":1000,\"height\":1000,\"caption\":\"W\u00e4schekorb mit herausnehmbarem Futter Schnittmuster in 3 Gr\u00f6ssen\"},{\"@type\":\"BreadcrumbList\",\"@id\":\"https:\\\/\\\/cheznu.tv\\\/familymanagement\\\/produkt\\\/ak202123\\\/#breadcrumb\",\"itemListElement\":[{\"@type\":\"ListItem\",\"position\":1,\"name\":\"Startseite\",\"item\":\"https:\\\/\\\/cheznu.tv\\\/familymanagement\\\/\"},{\"@type\":\"ListItem\",\"position\":2,\"name\":\"Shop\",\"item\":\"https:\\\/\\\/cheznu.tv\\\/familymanagement\\\/shop\\\/\"},{\"@type\":\"ListItem\",\"position\":3,\"name\":\"Adventskalender T\u00fcr 23 \ud83d\udd6f\ud83d\udd6f\ud83d\udd6f\ud83d\udd6f Schnittmuster-Paket Sch\u00f6nes zu Hause\"}]},{\"@type\":\"WebSite\",\"@id\":\"https:\\\/\\\/cheznu.tv\\\/familymanagement\\\/#website\",\"url\":\"https:\\\/\\\/cheznu.tv\\\/familymanagement\\\/\",\"name\":\"ChezNU.TV\",\"description\":\"N\u00e4hen | Basteln | Haushalt | Familie\",\"potentialAction\":[{\"@type\":\"SearchAction\",\"target\":{\"@type\":\"EntryPoint\",\"urlTemplate\":\"https:\\\/\\\/cheznu.tv\\\/familymanagement\\\/?s={search_term_string}\"},\"query-input\":{\"@type\":\"PropertyValueSpecification\",\"valueRequired\":true,\"valueName\":\"search_term_string\"}}],\"inLanguage\":\"de\"}]}<\/script>\n<!-- \/ Yoast SEO plugin. -->","yoast_head_json":{"title":"Adventskalender T\u00fcr 23 \ud83d\udd6f\ud83d\udd6f\ud83d\udd6f\ud83d\udd6f Schnittmuster-Paket Sch\u00f6nes zu Hause - ChezNU.TV","robots":{"index":"index","follow":"follow","max-snippet":"max-snippet:-1","max-image-preview":"max-image-preview:large","max-video-preview":"max-video-preview:-1"},"canonical":"https:\/\/cheznu.tv\/familymanagement\/produkt\/ak202123\/","og_locale":"de_DE","og_type":"article","og_title":"W\u00e4schekorb mit herausnehmbarem Futter \ud83e\uddfa Schnittmuster in 3 Gr\u00f6ssen zum Audrucken","og_description":"Das Schnittmuster f\u00fcr den W\u00e4schekorb kommt in 3 Gr\u00f6ssen: 30 cm Durchmesser und 37 cm H\u00f6he 40 cm Durchmesser und 50 cm H\u00f6he\u00a0 50 cm Durchmesser und 75 cm H\u00f6he Es besteht aus einem \u00e4usseren Teil mit Henkeln und einem inneren Teil zum Herausnehmen. So ist der Innere Teil leiche Waschbar und hygienisch sauber zu halten.","og_url":"https:\/\/cheznu.tv\/familymanagement\/produkt\/ak202123\/","og_site_name":"ChezNU.TV","article_publisher":"https:\/\/www.facebook.com\/cheznutv\/","article_modified_time":"2024-06-03T12:01:37+00:00","og_image":[{"width":1000,"height":1000,"url":"https:\/\/cheznu.tv\/familymanagement\/wp-content\/uploads\/2019\/12\/W\u00e4schekorb-mit-herausnehmbarem-Futter-Schnittmuster-in-3-Gr\u00f6ssen.jpg","type":"image\/jpeg"}],"twitter_card":"summary_large_image","twitter_site":"@cheznu_family","twitter_misc":{"Gesch\u00e4tzte Lesezeit":"2\u00a0Minuten"},"schema":{"@context":"https:\/\/schema.org","@graph":[{"@type":"WebPage","@id":"https:\/\/cheznu.tv\/familymanagement\/produkt\/ak202123\/","url":"https:\/\/cheznu.tv\/familymanagement\/produkt\/ak202123\/","name":"Adventskalender T\u00fcr 23 \ud83d\udd6f\ud83d\udd6f\ud83d\udd6f\ud83d\udd6f Schnittmuster-Paket Sch\u00f6nes zu Hause - ChezNU.TV","isPartOf":{"@id":"https:\/\/cheznu.tv\/familymanagement\/#website"},"primaryImageOfPage":{"@id":"https:\/\/cheznu.tv\/familymanagement\/produkt\/ak202123\/#primaryimage"},"image":{"@id":"https:\/\/cheznu.tv\/familymanagement\/produkt\/ak202123\/#primaryimage"},"thumbnailUrl":"https:\/\/cheznu.tv\/familymanagement\/wp-content\/uploads\/2019\/12\/W\u00e4schekorb-mit-herausnehmbarem-Futter-Schnittmuster-in-3-Gr\u00f6ssen.jpg","datePublished":"2021-12-22T19:00:50+00:00","dateModified":"2024-06-03T12:01:37+00:00","breadcrumb":{"@id":"https:\/\/cheznu.tv\/familymanagement\/produkt\/ak202123\/#breadcrumb"},"inLanguage":"de","potentialAction":[{"@type":"ReadAction","target":["https:\/\/cheznu.tv\/familymanagement\/produkt\/ak202123\/"]}]},{"@type":"ImageObject","inLanguage":"de","@id":"https:\/\/cheznu.tv\/familymanagement\/produkt\/ak202123\/#primaryimage","url":"https:\/\/cheznu.tv\/familymanagement\/wp-content\/uploads\/2019\/12\/W\u00e4schekorb-mit-herausnehmbarem-Futter-Schnittmuster-in-3-Gr\u00f6ssen.jpg","contentUrl":"https:\/\/cheznu.tv\/familymanagement\/wp-content\/uploads\/2019\/12\/W\u00e4schekorb-mit-herausnehmbarem-Futter-Schnittmuster-in-3-Gr\u00f6ssen.jpg","width":1000,"height":1000,"caption":"W\u00e4schekorb mit herausnehmbarem Futter Schnittmuster in 3 Gr\u00f6ssen"},{"@type":"BreadcrumbList","@id":"https:\/\/cheznu.tv\/familymanagement\/produkt\/ak202123\/#breadcrumb","itemListElement":[{"@type":"ListItem","position":1,"name":"Startseite","item":"https:\/\/cheznu.tv\/familymanagement\/"},{"@type":"ListItem","position":2,"name":"Shop","item":"https:\/\/cheznu.tv\/familymanagement\/shop\/"},{"@type":"ListItem","position":3,"name":"Adventskalender T\u00fcr 23 \ud83d\udd6f\ud83d\udd6f\ud83d\udd6f\ud83d\udd6f Schnittmuster-Paket Sch\u00f6nes zu Hause"}]},{"@type":"WebSite","@id":"https:\/\/cheznu.tv\/familymanagement\/#website","url":"https:\/\/cheznu.tv\/familymanagement\/","name":"ChezNU.TV","description":"N\u00e4hen | Basteln | Haushalt | Familie","potentialAction":[{"@type":"SearchAction","target":{"@type":"EntryPoint","urlTemplate":"https:\/\/cheznu.tv\/familymanagement\/?s={search_term_string}"},"query-input":{"@type":"PropertyValueSpecification","valueRequired":true,"valueName":"search_term_string"}}],"inLanguage":"de"}]}},"_links":{"self":[{"href":"https:\/\/cheznu.tv\/familymanagement\/wp-json\/wp\/v2\/product\/70643","targetHints":{"allow":["GET"]}}],"collection":[{"href":"https:\/\/cheznu.tv\/familymanagement\/wp-json\/wp\/v2\/product"}],"about":[{"href":"https:\/\/cheznu.tv\/familymanagement\/wp-json\/wp\/v2\/types\/product"}],"replies":[{"embeddable":true,"href":"https:\/\/cheznu.tv\/familymanagement\/wp-json\/wp\/v2\/comments?post=70643"}],"wp:featuredmedia":[{"embeddable":true,"href":"https:\/\/cheznu.tv\/familymanagement\/wp-json\/wp\/v2\/media\/25005"}],"wp:attachment":[{"href":"https:\/\/cheznu.tv\/familymanagement\/wp-json\/wp\/v2\/media?parent=70643"}],"wp:term":[{"taxonomy":"product_brand","embeddable":true,"href":"https:\/\/cheznu.tv\/familymanagement\/wp-json\/wp\/v2\/product_brand?post=70643"},{"taxonomy":"product_cat","embeddable":true,"href":"https:\/\/cheznu.tv\/familymanagement\/wp-json\/wp\/v2\/product_cat?post=70643"},{"taxonomy":"product_tag","embeddable":true,"href":"https:\/\/cheznu.tv\/familymanagement\/wp-json\/wp\/v2\/product_tag?post=70643"}],"curies":[{"name":"wp","href":"https:\/\/api.w.org\/{rel}","templated":true}]}}