{"id":70272,"date":"2021-12-17T20:00:31","date_gmt":"2021-12-17T19:00:31","guid":{"rendered":"https:\/\/cheznu.tv\/familymanagement\/?post_type=product&#038;p=70272"},"modified":"2024-06-03T14:00:23","modified_gmt":"2024-06-03T12:00:23","slug":"ak202118","status":"publish","type":"product","link":"https:\/\/cheznu.tv\/familymanagement\/produkt\/ak202118\/","title":{"rendered":"Adventskalender T\u00fcr 18 \ud83d\udd6f\ud83d\udd6f\ud83d\udd6f Schnittmuster-Paket Geschenkideen f\u00fcr Anf\u00e4nger"},"content":{"rendered":"<p>Die N\u00e4hanleitungen mit vielen Bildern sowie das\u00a0\u00a0Anleitungsvideo findest Du hier:<\/p>\n<ul>\n<li><a href=\"https:\/\/cheznu.tv\/familymanagement\/stulpen-naehen-fuer-anfaenger-%f0%9f%91%8c-schnittmuster-in-3-groessen\/\">Stulpen n\u00e4hen f\u00fcr Anf\u00e4nger \ud83d\udc4c Schnittmuster in 3 Gr\u00f6ssen<\/a><\/li>\n<li><a href=\"https:\/\/cheznu.tv\/familymanagement\/morgenrock-ida-anleitung\/\">Morgenrock Ida n\u00e4hen<\/a><\/li>\n<li><a href=\"https:\/\/cheznu.tv\/familymanagement\/kischkernkissen-naehen\/\">\ud83c\udf52 Kischkernkissen n\u00e4hen mit Kissenbezug mit Hotelverschluss<\/a><\/li>\n<li><a href=\"http:\/\/cheznu.tv\/familymanagement\/tasche-fuer-den-markt-selst-naehen-diy\/\">Tasche f\u00fcr den Markt selbst n\u00e4hen<\/a><\/li>\n<li><a href=\"http:\/\/cheznu.tv\/familymanagement\/lockenmuetze-naehen-fuer-locken-ohne-hitze\/\">Lockenm\u00fctze n\u00e4hen f\u00fcr Locken ohne Hitze Anleitung und Tutorial<\/a><\/li>\n<li><a href=\"https:\/\/cheznu.tv\/familymanagement\/beutel-bella-anleitung\/\">Beutel n\u00e4hen mit Tunnelzug und Futter \ud83e\udd70 Beutel Bella<\/a><\/li>\n<li><a href=\"http:\/\/cheznu.tv\/familymanagement\/omas-tasche-fuer-den-rollator-oder-opas\/\">Omas Tasche f\u00fcr den Rollator oder Opas Anleitung und Tutorial<\/a><\/li>\n<\/ul>\n<p><a href='https:\/\/www.spoonflower.com\/profiles\/cheznu_tv' target='_blank' title='Spoonflower-Shop mit den ChezNU-Designs'>Unseren neuen Spoonflower-Shop mit Stoffen im ChezNU-Design findest Du hier.<\/a><\/p><p>Neben dem Schnittmuster \/ Schema \/ Anleitung \/ Plotterdatei erh\u00e4ltst Du als Teil der erworbenen Leistung (gilt auch f\u00fcr kostenlose Produkte) auch unseren kostenlosen Newsletter \u201eSchnittmuster-Alarm\u201c. Im Schnittmuster-Alarm informieren wir haupts\u00e4chlich, aber nicht ausschliesslich \u00fcber neue Schnittmuster, Anleitungen, DIY-Projekte, Angebote in unserem Shop, Angebote in anderen Shops, Materialbezugsquellen und allem was irgendwie mit N\u00e4hen, H\u00e4keln, Basteln, Stricken, Upcycling, Organisation und Familie zu tun hat.<\/p><p>Nach Deiner Bestellung erh\u00e4ltst Du die E-Mails automatisch. Du kannst sie allerdings jederzeit und ohne Angabe von Gr\u00fcnden \u00fcber den Link am Ende jeder E-Mail abbestellen.<br>\n\tDie Transparenzerkl\u00e4rung zu unserem Schnittmuster-Alarm findest Du <a title='Transparenzerkl\u00e4rung' href='https:\/\/cheznu.tv\/familymanagement\/transparenzerklaerung-zum-schnittmuster-alarm-newsletter\/' target='_blank'>hier<\/a><\/p>\n<p>Das Schnittmuster kommt als PDF und kann auf A4-Papier (Standard) ausgedruckt und dann zusammengeklebt werden.<br \/>\nSo entf\u00e4llt das l\u00e4stige Schnittmuster kopieren mit teurem Seidenpapier. Das Schnittmuster kann nach dem Zusammenkleben direkt ausgeschnitten werden.<\/p>\n<p>Bitte beachte, die richtigen Druckoptionen einzustellen. Das funktioniert genauso, wie bei Burda.<br \/>\n<a href=\"http:\/\/cheznu.tv\/familymanagement\/burda-schnittmuster-ausdrucken\/\">Burda Schnittmuster Ausdrucken.<\/a><\/p>\n<p>Wie das mit dem Zusammenkleben funktioniert haben wir hier kurz erkl\u00e4rt.<br \/>\n<a href=\"http:\/\/cheznu.tv\/familymanagement\/so-gehts\/\">So geht\u00b4s<\/a>.<\/p>\n<p><a href=\"http:\/\/cheznu.tv\/familymanagement\/wp-content\/uploads\/2018\/01\/ChezNU-Groessentabelle_fuer_Damen.pdf\" target=\"_blank\" rel=\"noopener noreferrer\">Die Gr\u00f6ssetabelle mit den Massen f\u00fcr Damen findest Du hier.<\/a><\/p>\n<p>Dieser Schnitt darf zu privaten Zwecken und zur Fertigung von Einzelst\u00fccken\/Kleinserien (bis 5 Modelle) unter Nennung der Herkunft verwendet werden (ChezNU.TV). Massenproduktion der fertigen Ware sowie Kopieren, Weitergabe, Abdruck oder Ver\u00f6ffentlichung (auch teilweise) des Schnittmusters ist bedarf der schriftlichen Genehmigung. Wenn Du Dir nicht sicher bist, schreibe uns einfach kurz eine <a href=\"mailto:nu@cheznu.tv\">E-Mail.<\/a><\/p>\n","protected":false},"excerpt":{"rendered":"<p><strong>Das Schnittmuster-Paket enth\u00e4lt 7 Schnittmuster (f\u00fcr Anf\u00e4nger).<\/strong><\/p>\n<p>Das Schnittmuster f\u00fcr die <a href=\"https:\/\/cheznu.tv\/familymanagement\/produkt\/stulpen-groesse-s-m-l-schnittmuster-zum-ausdrucken\/\">Stulpen<\/a> kommt in den 3 Gr\u00f6ssen: S, M und L. Es ist ein absolutes Anf\u00e4ngerprojekt.<\/p>\n<p>&nbsp;<\/p>\n<p>Das Schnittmuster f\u00fcr den <a href=\"https:\/\/cheznu.tv\/familymanagement\/produkt\/morgenrock-ida-schnittmuster\/\">Morgenrock Ida<\/a> ist so\u00a0designt, dass Du ihn aus 2 Polarvide Decken von Ikea n\u00e4hen kannst. Du kannst aber nat\u00fcrlich auch &#8222;normalen&#8220; Stoff verwenden. Das Schnittmuster beinhaltet die Gr\u00f6ssen M-XL.<\/p>\n<p>Es ist ein absolutes Anf\u00e4ngerprojekt. Wir haben auf allen Schnickschnack verzichtet, so dass es wirklich super einfach ist.<\/p>\n<p>Der Morgenrock hat eine Kapuze und 2 einfache aufgesetzte Taschen.<\/p>\n<p>&nbsp;<\/p>\n<p>Wir haben 3 Schnittmuster f\u00fcr <a href=\"https:\/\/cheznu.tv\/familymanagement\/produkt\/kirschkernkissen-in-3-varianten-schnittmuster\/\">Kirschkernkissen<\/a> erstellt:<\/p>\n<ul>\n<li>klassisches Kissen<\/li>\n<li>Schal<\/li>\n<li>H\u00f6rnchen<\/li>\n<\/ul>\n<p>Schal und H\u00f6rnchen haben einen Hotelverschluss und die Menge der ben\u00f6tigten Kirschkerne ist im Schnittmuster genau angegeben.<\/p>\n<p>&nbsp;<\/p>\n<p>Die <a href=\"https:\/\/cheznu.tv\/familymanagement\/produkt\/markttasche\/\">Marktasche<\/a> ist perfekt f\u00fcr den Einkauf auf den Markt, den kleinen Einkauf im Supermarkt oder einfach f\u00fcr den Stadtbummel, wenn man sich das Kaufen der Plastikt\u00fcten sparen m\u00f6chte. Ausserdem ist die Tasche einfach zu n\u00e4hen und dank des Videotutorials auch f\u00fcr Anf\u00e4nger geeignet.<\/p>\n<p>&nbsp;<\/p>\n<p>Das Schnittmuster f\u00fcr eine <a href=\"https:\/\/cheznu.tv\/familymanagement\/produkt\/lockenmuetze-locken-ohne-hitze-schnittmuster\/\">einfache Lockenm\u00fctze<\/a> aus elastischem Frottee. F\u00fcr Erwachsene und Kinder.<\/p>\n<p>Wer Naturlocken hat, kann diese \u00fcber Nacht mit der M\u00fctze aufpeppen. Auch f\u00fcr nach dem Schwimmen oder dem Schwimmunterricht in der Schule ist diese M\u00fctze &#8211; nicht nur im Winter &#8211; Gold wert.<\/p>\n<p>&nbsp;<\/p>\n<p>Mit unserem <a href=\"https:\/\/cheznu.tv\/familymanagement\/produkt\/beutel-bella-schnittmuster\/\">Schnittmuster Bella<\/a> kannst Du einen wundersch\u00f6nen Beutel n\u00e4hen.<br \/>\nAussen ist eine Teilung vorgesehen, der Tunnelzug oben ist extra angen\u00e4ht und der Beutel ist gef\u00fcttert.<\/p>\n<p>Das Schnittmuster f\u00fcr den Beutel kommt <strong>in 2 Gr\u00f6ssen<\/strong><\/p>\n<p>Der <strong>grosse<\/strong> Beutel hat die Masse:<\/p>\n<ul>\n<li>Breite: 30 cm<\/li>\n<li>H\u00f6he: 45 cm<\/li>\n<li>Tiefe: 5 cm.<\/li>\n<\/ul>\n<p>Der <strong>kleine<\/strong> Beutel hat die Masse:<\/p>\n<ul>\n<li>Breite: 24 cm<\/li>\n<li>H\u00f6he: 30 cm<\/li>\n<li>Tiefe: 4 cm.<\/li>\n<\/ul>\n<p>Egal, ob als Turnbeutel, f\u00fcr Stricksachen oder als Handtasche, der Beutel Bella sieht einfach klasse aus.<\/p>\n<p>&nbsp;<\/p>\n<p>Die <a href=\"https:\/\/cheznu.tv\/familymanagement\/produkt\/tasche-fuer-den-rollartor\/\">Rollator-Tasche<\/a> kannst Du auch ohne viel \u00dcbung f\u00fcr Deine Mutter oder Oma n\u00e4hen. Auch f\u00fcr Herren ist diese Tasche bei der richtigen Stoffwahl sehr gut geeignet. Das Design erm\u00f6glich leichten Zugang den ben\u00f6tigten Dingen bei gleichzeitiger Sicherheit f\u00fcr alle Wertgegenst\u00e4nde.<\/p>\n<p>Die Tasche ist 44cm breit und dank der Bindeb\u00e4nder f\u00fcr unterschiedliche Rollator-Modelle geeignet.<\/p>\n<p><strong>Das Paket gibt es nur am 18. Dezember 2021!<\/strong><\/p>\n","protected":false},"featured_media":11154,"comment_status":"open","ping_status":"closed","template":"","meta":[],"product_brand":[],"product_cat":[15],"product_tag":[],"class_list":{"0":"post-70272","1":"product","2":"type-product","3":"status-publish","4":"has-post-thumbnail","6":"product_cat-uncategorized","8":"first","9":"instock","10":"downloadable","11":"virtual","12":"purchasable","13":"product-type-simple"},"yoast_head":"<!-- This site is optimized with the Yoast SEO plugin v27.4 - https:\/\/yoast.com\/product\/yoast-seo-wordpress\/ -->\n<title>Adventskalender T\u00fcr 18 \ud83d\udd6f\ud83d\udd6f\ud83d\udd6f Schnittmuster-Paket Geschenkideen f\u00fcr Anf\u00e4nger - ChezNU.TV<\/title>\n<meta name=\"robots\" content=\"index, follow, max-snippet:-1, max-image-preview:large, max-video-preview:-1\" \/>\n<link rel=\"canonical\" href=\"https:\/\/cheznu.tv\/familymanagement\/produkt\/ak202118\/\" \/>\n<meta property=\"og:locale\" content=\"de_DE\" \/>\n<meta property=\"og:type\" content=\"article\" \/>\n<meta property=\"og:title\" content=\"Adventskalender T\u00fcr 18 \ud83d\udd6f\ud83d\udd6f\ud83d\udd6f Schnittmuster-Paket Geschenkideen f\u00fcr Anf\u00e4nger - ChezNU.TV\" \/>\n<meta property=\"og:description\" content=\"Das Schnittmuster-Paket enth\u00e4lt 7 Schnittmuster (f\u00fcr Anf\u00e4nger).  Das Schnittmuster f\u00fcr die Stulpen kommt in den 3 Gr\u00f6ssen: S, M und L. Es ist ein absolutes Anf\u00e4ngerprojekt.  &nbsp;  Das Schnittmuster f\u00fcr den Morgenrock Ida ist so\u00a0designt, dass Du ihn aus 2 Polarvide Decken von Ikea n\u00e4hen kannst. Du kannst aber nat\u00fcrlich auch &quot;normalen&quot; Stoff verwenden. Das Schnittmuster beinhaltet die Gr\u00f6ssen M-XL.  Es ist ein absolutes Anf\u00e4ngerprojekt. Wir haben auf allen Schnickschnack verzichtet, so dass es wirklich super einfach ist.  Der Morgenrock hat eine Kapuze und 2 einfache aufgesetzte Taschen.  &nbsp;  Wir haben 3 Schnittmuster f\u00fcr Kirschkernkissen erstellt:   klassisches Kissen  Schal  H\u00f6rnchen  Schal und H\u00f6rnchen haben einen Hotelverschluss und die Menge der ben\u00f6tigten Kirschkerne ist im Schnittmuster genau angegeben.  &nbsp;  Die Marktasche ist perfekt f\u00fcr den Einkauf auf den Markt, den kleinen Einkauf im Supermarkt oder einfach f\u00fcr den Stadtbummel, wenn man sich das Kaufen der Plastikt\u00fcten sparen m\u00f6chte. Ausserdem ist die Tasche einfach zu n\u00e4hen und dank des Videotutorials auch f\u00fcr Anf\u00e4nger geeignet.  &nbsp;  Das Schnittmuster f\u00fcr eine einfache Lockenm\u00fctze aus elastischem Frottee. F\u00fcr Erwachsene und Kinder.  Wer Naturlocken hat, kann diese \u00fcber Nacht mit der M\u00fctze aufpeppen. Auch f\u00fcr nach dem Schwimmen oder dem Schwimmunterricht in der Schule ist diese M\u00fctze - nicht nur im Winter - Gold wert.  &nbsp;  Mit unserem Schnittmuster Bella kannst Du einen wundersch\u00f6nen Beutel n\u00e4hen. Aussen ist eine Teilung vorgesehen, der Tunnelzug oben ist extra angen\u00e4ht und der Beutel ist gef\u00fcttert.  Das Schnittmuster f\u00fcr den Beutel kommt in 2 Gr\u00f6ssen  Der grosse Beutel hat die Masse:   Breite: 30 cm  H\u00f6he: 45 cm  Tiefe: 5 cm.  Der kleine Beutel hat die Masse:   Breite: 24 cm  H\u00f6he: 30 cm  Tiefe: 4 cm.  Egal, ob als Turnbeutel, f\u00fcr Stricksachen oder als Handtasche, der Beutel Bella sieht einfach klasse aus.  &nbsp;  Die Rollator-Tasche kannst Du auch ohne viel \u00dcbung f\u00fcr Deine Mutter oder Oma n\u00e4hen. Auch f\u00fcr Herren ist diese Tasche bei der richtigen Stoffwahl sehr gut geeignet. Das Design erm\u00f6glich leichten Zugang den ben\u00f6tigten Dingen bei gleichzeitiger Sicherheit f\u00fcr alle Wertgegenst\u00e4nde.  Die Tasche ist 44cm breit und dank der Bindeb\u00e4nder f\u00fcr unterschiedliche Rollator-Modelle geeignet.  Das Paket gibt es nur am 18. Dezember 2021!\" \/>\n<meta property=\"og:url\" content=\"https:\/\/cheznu.tv\/familymanagement\/produkt\/ak202118\/\" \/>\n<meta property=\"og:site_name\" content=\"ChezNU.TV\" \/>\n<meta property=\"article:publisher\" content=\"https:\/\/www.facebook.com\/cheznutv\/\" \/>\n<meta property=\"article:modified_time\" content=\"2024-06-03T12:00:23+00:00\" \/>\n<meta property=\"og:image\" content=\"https:\/\/cheznu.tv\/familymanagement\/wp-content\/uploads\/2018\/10\/01-Stulpen-n\u00e4hen-Schnittmuster.png\" \/>\n\t<meta property=\"og:image:width\" content=\"800\" \/>\n\t<meta property=\"og:image:height\" content=\"800\" \/>\n\t<meta property=\"og:image:type\" content=\"image\/png\" \/>\n<meta name=\"twitter:card\" content=\"summary_large_image\" \/>\n<meta name=\"twitter:site\" content=\"@cheznu_family\" \/>\n<meta name=\"twitter:label1\" content=\"Gesch\u00e4tzte Lesezeit\" \/>\n\t<meta name=\"twitter:data1\" content=\"2\u00a0Minuten\" \/>\n<script type=\"application\/ld+json\" class=\"yoast-schema-graph\">{\"@context\":\"https:\\\/\\\/schema.org\",\"@graph\":[{\"@type\":\"WebPage\",\"@id\":\"https:\\\/\\\/cheznu.tv\\\/familymanagement\\\/produkt\\\/ak202118\\\/\",\"url\":\"https:\\\/\\\/cheznu.tv\\\/familymanagement\\\/produkt\\\/ak202118\\\/\",\"name\":\"Adventskalender T\u00fcr 18 \ud83d\udd6f\ud83d\udd6f\ud83d\udd6f Schnittmuster-Paket Geschenkideen f\u00fcr Anf\u00e4nger - ChezNU.TV\",\"isPartOf\":{\"@id\":\"https:\\\/\\\/cheznu.tv\\\/familymanagement\\\/#website\"},\"primaryImageOfPage\":{\"@id\":\"https:\\\/\\\/cheznu.tv\\\/familymanagement\\\/produkt\\\/ak202118\\\/#primaryimage\"},\"image\":{\"@id\":\"https:\\\/\\\/cheznu.tv\\\/familymanagement\\\/produkt\\\/ak202118\\\/#primaryimage\"},\"thumbnailUrl\":\"https:\\\/\\\/cheznu.tv\\\/familymanagement\\\/wp-content\\\/uploads\\\/2018\\\/10\\\/01-Stulpen-n\u00e4hen-Schnittmuster.png\",\"datePublished\":\"2021-12-17T19:00:31+00:00\",\"dateModified\":\"2024-06-03T12:00:23+00:00\",\"breadcrumb\":{\"@id\":\"https:\\\/\\\/cheznu.tv\\\/familymanagement\\\/produkt\\\/ak202118\\\/#breadcrumb\"},\"inLanguage\":\"de\",\"potentialAction\":[{\"@type\":\"ReadAction\",\"target\":[\"https:\\\/\\\/cheznu.tv\\\/familymanagement\\\/produkt\\\/ak202118\\\/\"]}]},{\"@type\":\"ImageObject\",\"inLanguage\":\"de\",\"@id\":\"https:\\\/\\\/cheznu.tv\\\/familymanagement\\\/produkt\\\/ak202118\\\/#primaryimage\",\"url\":\"https:\\\/\\\/cheznu.tv\\\/familymanagement\\\/wp-content\\\/uploads\\\/2018\\\/10\\\/01-Stulpen-n\u00e4hen-Schnittmuster.png\",\"contentUrl\":\"https:\\\/\\\/cheznu.tv\\\/familymanagement\\\/wp-content\\\/uploads\\\/2018\\\/10\\\/01-Stulpen-n\u00e4hen-Schnittmuster.png\",\"width\":800,\"height\":800,\"caption\":\"Stulpen n\u00e4hen Schnittmuster\"},{\"@type\":\"BreadcrumbList\",\"@id\":\"https:\\\/\\\/cheznu.tv\\\/familymanagement\\\/produkt\\\/ak202118\\\/#breadcrumb\",\"itemListElement\":[{\"@type\":\"ListItem\",\"position\":1,\"name\":\"Startseite\",\"item\":\"https:\\\/\\\/cheznu.tv\\\/familymanagement\\\/\"},{\"@type\":\"ListItem\",\"position\":2,\"name\":\"Shop\",\"item\":\"https:\\\/\\\/cheznu.tv\\\/familymanagement\\\/shop\\\/\"},{\"@type\":\"ListItem\",\"position\":3,\"name\":\"Adventskalender T\u00fcr 18 \ud83d\udd6f\ud83d\udd6f\ud83d\udd6f Schnittmuster-Paket Geschenkideen f\u00fcr Anf\u00e4nger\"}]},{\"@type\":\"WebSite\",\"@id\":\"https:\\\/\\\/cheznu.tv\\\/familymanagement\\\/#website\",\"url\":\"https:\\\/\\\/cheznu.tv\\\/familymanagement\\\/\",\"name\":\"ChezNU.TV\",\"description\":\"N\u00e4hen | Basteln | Haushalt | Familie\",\"potentialAction\":[{\"@type\":\"SearchAction\",\"target\":{\"@type\":\"EntryPoint\",\"urlTemplate\":\"https:\\\/\\\/cheznu.tv\\\/familymanagement\\\/?s={search_term_string}\"},\"query-input\":{\"@type\":\"PropertyValueSpecification\",\"valueRequired\":true,\"valueName\":\"search_term_string\"}}],\"inLanguage\":\"de\"}]}<\/script>\n<!-- \/ Yoast SEO plugin. -->","yoast_head_json":{"title":"Adventskalender T\u00fcr 18 \ud83d\udd6f\ud83d\udd6f\ud83d\udd6f Schnittmuster-Paket Geschenkideen f\u00fcr Anf\u00e4nger - ChezNU.TV","robots":{"index":"index","follow":"follow","max-snippet":"max-snippet:-1","max-image-preview":"max-image-preview:large","max-video-preview":"max-video-preview:-1"},"canonical":"https:\/\/cheznu.tv\/familymanagement\/produkt\/ak202118\/","og_locale":"de_DE","og_type":"article","og_title":"Adventskalender T\u00fcr 18 \ud83d\udd6f\ud83d\udd6f\ud83d\udd6f Schnittmuster-Paket Geschenkideen f\u00fcr Anf\u00e4nger - ChezNU.TV","og_description":"Das Schnittmuster-Paket enth\u00e4lt 7 Schnittmuster (f\u00fcr Anf\u00e4nger).  Das Schnittmuster f\u00fcr die Stulpen kommt in den 3 Gr\u00f6ssen: S, M und L. Es ist ein absolutes Anf\u00e4ngerprojekt.  &nbsp;  Das Schnittmuster f\u00fcr den Morgenrock Ida ist so\u00a0designt, dass Du ihn aus 2 Polarvide Decken von Ikea n\u00e4hen kannst. Du kannst aber nat\u00fcrlich auch \"normalen\" Stoff verwenden. Das Schnittmuster beinhaltet die Gr\u00f6ssen M-XL.  Es ist ein absolutes Anf\u00e4ngerprojekt. Wir haben auf allen Schnickschnack verzichtet, so dass es wirklich super einfach ist.  Der Morgenrock hat eine Kapuze und 2 einfache aufgesetzte Taschen.  &nbsp;  Wir haben 3 Schnittmuster f\u00fcr Kirschkernkissen erstellt:   klassisches Kissen  Schal  H\u00f6rnchen  Schal und H\u00f6rnchen haben einen Hotelverschluss und die Menge der ben\u00f6tigten Kirschkerne ist im Schnittmuster genau angegeben.  &nbsp;  Die Marktasche ist perfekt f\u00fcr den Einkauf auf den Markt, den kleinen Einkauf im Supermarkt oder einfach f\u00fcr den Stadtbummel, wenn man sich das Kaufen der Plastikt\u00fcten sparen m\u00f6chte. Ausserdem ist die Tasche einfach zu n\u00e4hen und dank des Videotutorials auch f\u00fcr Anf\u00e4nger geeignet.  &nbsp;  Das Schnittmuster f\u00fcr eine einfache Lockenm\u00fctze aus elastischem Frottee. F\u00fcr Erwachsene und Kinder.  Wer Naturlocken hat, kann diese \u00fcber Nacht mit der M\u00fctze aufpeppen. Auch f\u00fcr nach dem Schwimmen oder dem Schwimmunterricht in der Schule ist diese M\u00fctze - nicht nur im Winter - Gold wert.  &nbsp;  Mit unserem Schnittmuster Bella kannst Du einen wundersch\u00f6nen Beutel n\u00e4hen. Aussen ist eine Teilung vorgesehen, der Tunnelzug oben ist extra angen\u00e4ht und der Beutel ist gef\u00fcttert.  Das Schnittmuster f\u00fcr den Beutel kommt in 2 Gr\u00f6ssen  Der grosse Beutel hat die Masse:   Breite: 30 cm  H\u00f6he: 45 cm  Tiefe: 5 cm.  Der kleine Beutel hat die Masse:   Breite: 24 cm  H\u00f6he: 30 cm  Tiefe: 4 cm.  Egal, ob als Turnbeutel, f\u00fcr Stricksachen oder als Handtasche, der Beutel Bella sieht einfach klasse aus.  &nbsp;  Die Rollator-Tasche kannst Du auch ohne viel \u00dcbung f\u00fcr Deine Mutter oder Oma n\u00e4hen. Auch f\u00fcr Herren ist diese Tasche bei der richtigen Stoffwahl sehr gut geeignet. Das Design erm\u00f6glich leichten Zugang den ben\u00f6tigten Dingen bei gleichzeitiger Sicherheit f\u00fcr alle Wertgegenst\u00e4nde.  Die Tasche ist 44cm breit und dank der Bindeb\u00e4nder f\u00fcr unterschiedliche Rollator-Modelle geeignet.  Das Paket gibt es nur am 18. Dezember 2021!","og_url":"https:\/\/cheznu.tv\/familymanagement\/produkt\/ak202118\/","og_site_name":"ChezNU.TV","article_publisher":"https:\/\/www.facebook.com\/cheznutv\/","article_modified_time":"2024-06-03T12:00:23+00:00","og_image":[{"width":800,"height":800,"url":"https:\/\/cheznu.tv\/familymanagement\/wp-content\/uploads\/2018\/10\/01-Stulpen-n\u00e4hen-Schnittmuster.png","type":"image\/png"}],"twitter_card":"summary_large_image","twitter_site":"@cheznu_family","twitter_misc":{"Gesch\u00e4tzte Lesezeit":"2\u00a0Minuten"},"schema":{"@context":"https:\/\/schema.org","@graph":[{"@type":"WebPage","@id":"https:\/\/cheznu.tv\/familymanagement\/produkt\/ak202118\/","url":"https:\/\/cheznu.tv\/familymanagement\/produkt\/ak202118\/","name":"Adventskalender T\u00fcr 18 \ud83d\udd6f\ud83d\udd6f\ud83d\udd6f Schnittmuster-Paket Geschenkideen f\u00fcr Anf\u00e4nger - ChezNU.TV","isPartOf":{"@id":"https:\/\/cheznu.tv\/familymanagement\/#website"},"primaryImageOfPage":{"@id":"https:\/\/cheznu.tv\/familymanagement\/produkt\/ak202118\/#primaryimage"},"image":{"@id":"https:\/\/cheznu.tv\/familymanagement\/produkt\/ak202118\/#primaryimage"},"thumbnailUrl":"https:\/\/cheznu.tv\/familymanagement\/wp-content\/uploads\/2018\/10\/01-Stulpen-n\u00e4hen-Schnittmuster.png","datePublished":"2021-12-17T19:00:31+00:00","dateModified":"2024-06-03T12:00:23+00:00","breadcrumb":{"@id":"https:\/\/cheznu.tv\/familymanagement\/produkt\/ak202118\/#breadcrumb"},"inLanguage":"de","potentialAction":[{"@type":"ReadAction","target":["https:\/\/cheznu.tv\/familymanagement\/produkt\/ak202118\/"]}]},{"@type":"ImageObject","inLanguage":"de","@id":"https:\/\/cheznu.tv\/familymanagement\/produkt\/ak202118\/#primaryimage","url":"https:\/\/cheznu.tv\/familymanagement\/wp-content\/uploads\/2018\/10\/01-Stulpen-n\u00e4hen-Schnittmuster.png","contentUrl":"https:\/\/cheznu.tv\/familymanagement\/wp-content\/uploads\/2018\/10\/01-Stulpen-n\u00e4hen-Schnittmuster.png","width":800,"height":800,"caption":"Stulpen n\u00e4hen Schnittmuster"},{"@type":"BreadcrumbList","@id":"https:\/\/cheznu.tv\/familymanagement\/produkt\/ak202118\/#breadcrumb","itemListElement":[{"@type":"ListItem","position":1,"name":"Startseite","item":"https:\/\/cheznu.tv\/familymanagement\/"},{"@type":"ListItem","position":2,"name":"Shop","item":"https:\/\/cheznu.tv\/familymanagement\/shop\/"},{"@type":"ListItem","position":3,"name":"Adventskalender T\u00fcr 18 \ud83d\udd6f\ud83d\udd6f\ud83d\udd6f Schnittmuster-Paket Geschenkideen f\u00fcr Anf\u00e4nger"}]},{"@type":"WebSite","@id":"https:\/\/cheznu.tv\/familymanagement\/#website","url":"https:\/\/cheznu.tv\/familymanagement\/","name":"ChezNU.TV","description":"N\u00e4hen | Basteln | Haushalt | Familie","potentialAction":[{"@type":"SearchAction","target":{"@type":"EntryPoint","urlTemplate":"https:\/\/cheznu.tv\/familymanagement\/?s={search_term_string}"},"query-input":{"@type":"PropertyValueSpecification","valueRequired":true,"valueName":"search_term_string"}}],"inLanguage":"de"}]}},"_links":{"self":[{"href":"https:\/\/cheznu.tv\/familymanagement\/wp-json\/wp\/v2\/product\/70272","targetHints":{"allow":["GET"]}}],"collection":[{"href":"https:\/\/cheznu.tv\/familymanagement\/wp-json\/wp\/v2\/product"}],"about":[{"href":"https:\/\/cheznu.tv\/familymanagement\/wp-json\/wp\/v2\/types\/product"}],"replies":[{"embeddable":true,"href":"https:\/\/cheznu.tv\/familymanagement\/wp-json\/wp\/v2\/comments?post=70272"}],"wp:featuredmedia":[{"embeddable":true,"href":"https:\/\/cheznu.tv\/familymanagement\/wp-json\/wp\/v2\/media\/11154"}],"wp:attachment":[{"href":"https:\/\/cheznu.tv\/familymanagement\/wp-json\/wp\/v2\/media?parent=70272"}],"wp:term":[{"taxonomy":"product_brand","embeddable":true,"href":"https:\/\/cheznu.tv\/familymanagement\/wp-json\/wp\/v2\/product_brand?post=70272"},{"taxonomy":"product_cat","embeddable":true,"href":"https:\/\/cheznu.tv\/familymanagement\/wp-json\/wp\/v2\/product_cat?post=70272"},{"taxonomy":"product_tag","embeddable":true,"href":"https:\/\/cheznu.tv\/familymanagement\/wp-json\/wp\/v2\/product_tag?post=70272"}],"curies":[{"name":"wp","href":"https:\/\/api.w.org\/{rel}","templated":true}]}}