{"id":69852,"date":"2021-12-08T20:00:00","date_gmt":"2021-12-08T19:00:00","guid":{"rendered":"https:\/\/cheznu.tv\/familymanagement\/?post_type=product&#038;p=69852"},"modified":"2025-01-16T22:44:44","modified_gmt":"2025-01-16T21:44:44","slug":"ak202109","status":"publish","type":"product","link":"https:\/\/cheznu.tv\/familymanagement\/produkt\/ak202109\/","title":{"rendered":"Adventskalender T\u00fcr 9 \ud83d\udd6f\ud83d\udd6f Schnittmuster-Paket Kleidung n\u00e4hen f\u00fcr Anf\u00e4nger  II"},"content":{"rendered":"<p>Die N\u00e4hanleitungen mit vielen Bildern sowie das\u00a0\u00a0Anleitungsvideo findest Du hier:<\/p>\n<ul>\n<li><a href=\"https:\/\/cheznu.tv\/familymanagement\/bluse-suri-anleitung\/\">So n\u00e4hst Du eine einfache Bluse \ud83d\udc56 Bluse Suri<\/a><\/li>\n<li><a href=\"https:\/\/cheznu.tv\/familymanagement\/einfache-bluse-naehen-fuer-anfaenger-schnittmuster-bluse-bridget\/\">Einfache Bluse n\u00e4hen f\u00fcr Anf\u00e4nger \ud83d\udc5a Schnittmuster Gr. 36-52 \ud83d\udc5a Bluse Bridget<\/a><\/li>\n<li><a href=\"https:\/\/cheznu.tv\/familymanagement\/einfaches-t-shirt-naehen-fuer-anfaenger-t-shirt-olivia\/\">Einfaches T-Shirt n\u00e4hen f\u00fcr Anf\u00e4nger \ud83d\udc55 T-Shirt Olivia<\/a><\/li>\n<li><a href=\"https:\/\/cheznu.tv\/familymanagement\/cardigan-naehen-schnittmuster-cardigan-melissa-mit-schalkragen-gr-36-50\/\">Cardigan n\u00e4hen \ud83d\udc4d Schnittmuster Cardigan Melissa mit Schalkragen Gr. 36-50<\/a><\/li>\n<li><a href=\"https:\/\/cheznu.tv\/familymanagement\/aermelstola-naehen-mit-schnittmuster-groesse-36-46\/\">\u00c4rmelstola n\u00e4hen mit Schnittmuster Gr\u00f6sse 36-46<\/a><\/li>\n<li><a href=\"https:\/\/cheznu.tv\/familymanagement\/teddy-mantel-tammy-anleitung\/\">Teddy-Mantel Tammy Videoanleitung<\/a><\/li>\n<\/ul>\n<p>Unsere Plotterdateien findest Du <a href=\"https:\/\/cheznu.tv\/familymanagement\/plotter\">hier<\/a>.<\/p>\n<p><a href='https:\/\/www.spoonflower.com\/profiles\/cheznu_tv' target='_blank' title='Spoonflower-Shop mit den ChezNU-Designs'>Unseren neuen Spoonflower-Shop mit Stoffen im ChezNU-Design findest Du hier.<\/a><\/p><p>Neben dem Schnittmuster \/ Schema \/ Anleitung \/ Plotterdatei erh\u00e4ltst Du als Teil der erworbenen Leistung (gilt auch f\u00fcr kostenlose Produkte) auch unseren kostenlosen Newsletter \u201eSchnittmuster-Alarm\u201c. Im Schnittmuster-Alarm informieren wir haupts\u00e4chlich, aber nicht ausschliesslich \u00fcber neue Schnittmuster, Anleitungen, DIY-Projekte, Angebote in unserem Shop, Angebote in anderen Shops, Materialbezugsquellen und allem was irgendwie mit N\u00e4hen, H\u00e4keln, Basteln, Stricken, Upcycling, Organisation und Familie zu tun hat.<\/p><p>Nach Deiner Bestellung erh\u00e4ltst Du die E-Mails automatisch. Du kannst sie allerdings jederzeit und ohne Angabe von Gr\u00fcnden \u00fcber den Link am Ende jeder E-Mail abbestellen.<br>\n\tDie Transparenzerkl\u00e4rung zu unserem Schnittmuster-Alarm findest Du <a title='Transparenzerkl\u00e4rung' href='https:\/\/cheznu.tv\/familymanagement\/transparenzerklaerung-zum-schnittmuster-alarm-newsletter\/' target='_blank'>hier<\/a><\/p>\n<p><strong>Zum Schnittmuster<\/strong><\/p>\n<p>Das Schnittmuster kommt als PDF, wenn es sich um mehrere PDFs handelt packen wir diese in eine ZIP-Datei. Diese muss erst abgespeichert und entpackt werden, bevor man sie auf A4-Papier (Standard) ausdrucken und dann zusammenkleben kann.<br \/>\nFalls Du das noch nie gemacht hast findest Du eine Anleitung in unseren <a href=\"https:\/\/cheznu.tv\/familymanagement\/faq\/\">FAQs<\/a>.<\/p>\n<p>So entf\u00e4llt das l\u00e4stige Schnittmuster kopieren mit teurem Seidenpapier. Das Schnittmuster kann nach dem Zusammenkleben direkt ausgeschnitten werden.<\/p>\n<p>Bitte beachte, die richtigen Druckoptionen einzustellen. Das funktioniert genauso, wie bei Burda.<br \/>\n<a href=\"http:\/\/cheznu.tv\/familymanagement\/burda-schnittmuster-ausdrucken\/\">Burda Schnittmuster Ausdrucken.<\/a><\/p>\n<p>Wie das mit dem Zusammenkleben funktioniert haben wir hier kurz erkl\u00e4rt.<br \/>\n<a href=\"http:\/\/cheznu.tv\/familymanagement\/so-gehts\/\">So geht\u00b4s<\/a>.<\/p>\n<p><a href=\"http:\/\/cheznu.tv\/familymanagement\/wp-content\/uploads\/2018\/01\/ChezNU-Groessentabelle_fuer_Damen.pdf\" target=\"_blank\" rel=\"noopener noreferrer\">Die Gr\u00f6ssetabelle mit den Massen f\u00fcr Damen findest Du hier.<\/a><\/p>\n<p>Dieser Schnitt darf zu privaten Zwecken und zur Fertigung von Einzelst\u00fccken\/Kleinserien (bis 5 Modelle) unter Nennung der Herkunft verwendet werden (ChezNU.TV). Massenproduktion der fertigen Ware sowie Kopieren, Weitergabe, Abdruck oder Ver\u00f6ffentlichung (auch teilweise) des Schnittmusters bedarf der schriftlichen Genehmigung. Wenn Du Dir nicht sicher bist, schreibe uns einfach kurz eine <a href=\"mailto:nu@cheznu.tv\">E-Mail.<\/a><\/p>\n<p><img decoding=\"async\" src=\"https:\/\/klick.cheznu.tv\/pix\/1s8wz4na2zfz75e5\" width=\"1\" height=\"1\" \/><\/p>\n","protected":false},"excerpt":{"rendered":"<p><strong>Das Schnittmuster-Paket enth\u00e4lt 6 Schnittmuster.<\/strong><\/p>\n<p>Die <a href=\"https:\/\/cheznu.tv\/familymanagement\/produkt\/bluse-suri-schnittmuster\/\"><strong>Bluse Suri<\/strong><\/a> ist ein super einfach zu n\u00e4hendes Schnittmuster, dass auch N\u00e4hanf\u00e4nger sehr gut umsetzen k\u00f6nnen. Die Bluse ist gerade geschnitten, hat sehr weite, etwas k\u00fcrzere \u00c4rmel mit einem Gummibund. Hinten hat sie einen Schlitz, der mit einem Knopf geschlossen wird. Der Halsausschnitt ist aber gross genug, dass man auch ohne den Knopf zu \u00f6ffnen durch kommt.<\/p>\n<p>Das Schnittmuster ist f\u00fcr Webware designt und beinhaltet Gr\u00f6ssen 36-52.<\/p>\n<p>Die Plotterdatei, die ich f\u00fcr die Sterne und den Spruch benutzt habe, findest Du <a href=\"https:\/\/cheznu.tv\/familymanagement\/produkt\/sternenborte-per-aspera-ad-astra\/\">hier<\/a>. Alternativ w\u00e4ren auch die <a href=\"https:\/\/cheznu.tv\/familymanagement\/produkt\/norweger-borten-plotterdatei\/\">Norwegerborten<\/a> sehr sch\u00f6n auf dieser Bluse.<\/p>\n<p>&nbsp;<\/p>\n<p>Die <a href=\"https:\/\/cheznu.tv\/familymanagement\/produkt\/schnittmuster-bluse-bridget\/\"><strong>Bluse Bridget<\/strong><\/a> ist ein super einfach zu n\u00e4hendes Schnittmuster, dass auch N\u00e4hanf\u00e4nger sehr gut umsetzen k\u00f6nnen. Die Bluse ist leicht tailliert, hat an der Seite einen Schlitz und ist f\u00fcr Webware designt und beinhaltet Gr\u00f6ssen 36-52.<\/p>\n<p>Es ist eine Schlupfbluse ohne Kn\u00f6pfe, Reissverschl\u00fcsse oder \u00e4hnliches.<\/p>\n<p>Die aufgesetzten Taschen kannst Du nach Belieben auf eine reduzieren oder ganz weglassen.<\/p>\n<p>&nbsp;<\/p>\n<p>Das <strong><a href=\"https:\/\/cheznu.tv\/familymanagement\/produkt\/schnittmuster-t-shirt-olivia\/\">Shirt Olivia<\/a> <\/strong>ist ein super einfach zu n\u00e4hendes Schnittmuster, dass auch N\u00e4hanf\u00e4nger sehr gut umsetzen k\u00f6nnen. Das Shirt ist leicht tailliert und beinhaltet Gr\u00f6ssen 36-52.<\/p>\n<p>&nbsp;<\/p>\n<p>Das Schnittmuster f\u00fcr unseren <strong><a href=\"https:\/\/cheznu.tv\/familymanagement\/produkt\/cardigan-melissa-mit-schalkragen\/\">Cardigan Melissa<\/a> <\/strong>mit Schalkragen kommt in den Gr\u00f6ssen 36-50 und hat eine L\u00e4nge von 70cm.\u00a0 Wie Du den Schalkragen n\u00e4hen musst, erf\u00e4hrst Du in unserem ausf\u00fchrlichen Videotutorial.<\/p>\n<p>&nbsp;<\/p>\n<p>Das Schnittmuster f\u00fcr <a href=\"https:\/\/cheznu.tv\/familymanagement\/produkt\/aermelschal-groesse-36-46-schnittmuster-zum-audrucken\/\">die <strong>\u00c4rmelstola<\/strong><\/a> kommt in den Gr\u00f6ssen 36-46,l\u00e4sst sich aber auch gut auf andere Gr\u00f6ssen anpassen.<\/p>\n<p>Es ist ein Anf\u00e4ngerprojekt.<\/p>\n<p>&nbsp;<\/p>\n<p>Der <a href=\"https:\/\/cheznu.tv\/familymanagement\/produkt\/teddy-mantel-tammy-schnittmuster\/\"><strong>Teddy-Mantel Tammy<\/strong><\/a> ist an den Teddy-Mantel von Max Mara angelehnt. Wir wollten ihn allerdings so designen, dass auch ein N\u00e4hanf\u00e4nger ihn nachn\u00e4hen kann. Deshalb haben wir auf ein Futter verzichtet. Das macht ihn viel einfacher zu n\u00e4hen.<\/p>\n<p>Der Teddy-Mantel hat 2 aufgesetzt Taschen, ein Revers und ich habe ihn mit 4 Kn\u00f6pfen geschlossen, aber alternativ kannst Du auch Pelzhaken verwenden.<\/p>\n<p><em>Der Pl\u00fcsch l\u00e4sst sich super gut n\u00e4hen, probier es aus.<\/em><\/p>\n<p><strong>Das Paket gibt es nur am 9. Dezember 2021!<\/strong><\/p>\n","protected":false},"featured_media":67915,"comment_status":"open","ping_status":"closed","template":"","meta":[],"product_brand":[],"product_cat":[15],"product_tag":[],"class_list":{"0":"post-69852","1":"product","2":"type-product","3":"status-publish","4":"has-post-thumbnail","6":"product_cat-uncategorized","8":"first","9":"instock","10":"downloadable","11":"virtual","12":"sold-individually","13":"purchasable","14":"product-type-simple"},"yoast_head":"<!-- This site is optimized with the Yoast SEO plugin v27.4 - https:\/\/yoast.com\/product\/yoast-seo-wordpress\/ -->\n<title>Adventskalender T\u00fcr 9 \ud83d\udd6f\ud83d\udd6f Schnittmuster-Paket Kleidung n\u00e4hen f\u00fcr Anf\u00e4nger II - ChezNU.TV<\/title>\n<meta name=\"robots\" content=\"index, follow, max-snippet:-1, max-image-preview:large, max-video-preview:-1\" \/>\n<link rel=\"canonical\" href=\"https:\/\/cheznu.tv\/familymanagement\/produkt\/ak202109\/\" \/>\n<meta property=\"og:locale\" content=\"de_DE\" \/>\n<meta property=\"og:type\" content=\"article\" \/>\n<meta property=\"og:title\" content=\"Adventskalender T\u00fcr 9 \ud83d\udd6f\ud83d\udd6f Schnittmuster-Paket Kleidung n\u00e4hen f\u00fcr Anf\u00e4nger II - ChezNU.TV\" \/>\n<meta property=\"og:description\" content=\"Das Schnittmuster-Paket enth\u00e4lt 6 Schnittmuster.  Die Bluse Suri ist ein super einfach zu n\u00e4hendes Schnittmuster, dass auch N\u00e4hanf\u00e4nger sehr gut umsetzen k\u00f6nnen. Die Bluse ist gerade geschnitten, hat sehr weite, etwas k\u00fcrzere \u00c4rmel mit einem Gummibund. Hinten hat sie einen Schlitz, der mit einem Knopf geschlossen wird. Der Halsausschnitt ist aber gross genug, dass man auch ohne den Knopf zu \u00f6ffnen durch kommt.  Das Schnittmuster ist f\u00fcr Webware designt und beinhaltet Gr\u00f6ssen 36-52.  Die Plotterdatei, die ich f\u00fcr die Sterne und den Spruch benutzt habe, findest Du hier. Alternativ w\u00e4ren auch die Norwegerborten sehr sch\u00f6n auf dieser Bluse.  &nbsp;  Die Bluse Bridget ist ein super einfach zu n\u00e4hendes Schnittmuster, dass auch N\u00e4hanf\u00e4nger sehr gut umsetzen k\u00f6nnen. Die Bluse ist leicht tailliert, hat an der Seite einen Schlitz und ist f\u00fcr Webware designt und beinhaltet Gr\u00f6ssen 36-52.  Es ist eine Schlupfbluse ohne Kn\u00f6pfe, Reissverschl\u00fcsse oder \u00e4hnliches.  Die aufgesetzten Taschen kannst Du nach Belieben auf eine reduzieren oder ganz weglassen.  &nbsp;  Das Shirt Olivia ist ein super einfach zu n\u00e4hendes Schnittmuster, dass auch N\u00e4hanf\u00e4nger sehr gut umsetzen k\u00f6nnen. Das Shirt ist leicht tailliert und beinhaltet Gr\u00f6ssen 36-52.  &nbsp;  Das Schnittmuster f\u00fcr unseren Cardigan Melissa mit Schalkragen kommt in den Gr\u00f6ssen 36-50 und hat eine L\u00e4nge von 70cm.\u00a0 Wie Du den Schalkragen n\u00e4hen musst, erf\u00e4hrst Du in unserem ausf\u00fchrlichen Videotutorial.  &nbsp;  Das Schnittmuster f\u00fcr die \u00c4rmelstola kommt in den Gr\u00f6ssen 36-46,l\u00e4sst sich aber auch gut auf andere Gr\u00f6ssen anpassen.  Es ist ein Anf\u00e4ngerprojekt.  &nbsp;  Der Teddy-Mantel Tammy ist an den Teddy-Mantel von Max Mara angelehnt. Wir wollten ihn allerdings so designen, dass auch ein N\u00e4hanf\u00e4nger ihn nachn\u00e4hen kann. Deshalb haben wir auf ein Futter verzichtet. Das macht ihn viel einfacher zu n\u00e4hen.  Der Teddy-Mantel hat 2 aufgesetzt Taschen, ein Revers und ich habe ihn mit 4 Kn\u00f6pfen geschlossen, aber alternativ kannst Du auch Pelzhaken verwenden.  Der Pl\u00fcsch l\u00e4sst sich super gut n\u00e4hen, probier es aus.  Das Paket gibt es nur am 9. Dezember 2021!\" \/>\n<meta property=\"og:url\" content=\"https:\/\/cheznu.tv\/familymanagement\/produkt\/ak202109\/\" \/>\n<meta property=\"og:site_name\" content=\"ChezNU.TV\" \/>\n<meta property=\"article:publisher\" content=\"https:\/\/www.facebook.com\/cheznutv\/\" \/>\n<meta property=\"article:modified_time\" content=\"2025-01-16T21:44:44+00:00\" \/>\n<meta property=\"og:image\" content=\"https:\/\/cheznu.tv\/familymanagement\/wp-content\/uploads\/2021\/10\/Schnittmuster-Bluse-Suri-von-vorne.jpg\" \/>\n\t<meta property=\"og:image:width\" content=\"1000\" \/>\n\t<meta property=\"og:image:height\" content=\"1000\" \/>\n\t<meta property=\"og:image:type\" content=\"image\/jpeg\" \/>\n<meta name=\"twitter:card\" content=\"summary_large_image\" \/>\n<meta name=\"twitter:site\" content=\"@cheznu_family\" \/>\n<meta name=\"twitter:label1\" content=\"Gesch\u00e4tzte Lesezeit\" \/>\n\t<meta name=\"twitter:data1\" content=\"3\u00a0Minuten\" \/>\n<script type=\"application\/ld+json\" class=\"yoast-schema-graph\">{\"@context\":\"https:\\\/\\\/schema.org\",\"@graph\":[{\"@type\":\"WebPage\",\"@id\":\"https:\\\/\\\/cheznu.tv\\\/familymanagement\\\/produkt\\\/ak202109\\\/\",\"url\":\"https:\\\/\\\/cheznu.tv\\\/familymanagement\\\/produkt\\\/ak202109\\\/\",\"name\":\"Adventskalender T\u00fcr 9 \ud83d\udd6f\ud83d\udd6f Schnittmuster-Paket Kleidung n\u00e4hen f\u00fcr Anf\u00e4nger II - ChezNU.TV\",\"isPartOf\":{\"@id\":\"https:\\\/\\\/cheznu.tv\\\/familymanagement\\\/#website\"},\"primaryImageOfPage\":{\"@id\":\"https:\\\/\\\/cheznu.tv\\\/familymanagement\\\/produkt\\\/ak202109\\\/#primaryimage\"},\"image\":{\"@id\":\"https:\\\/\\\/cheznu.tv\\\/familymanagement\\\/produkt\\\/ak202109\\\/#primaryimage\"},\"thumbnailUrl\":\"https:\\\/\\\/cheznu.tv\\\/familymanagement\\\/wp-content\\\/uploads\\\/2021\\\/10\\\/Schnittmuster-Bluse-Suri-von-vorne.jpg\",\"datePublished\":\"2021-12-08T19:00:00+00:00\",\"dateModified\":\"2025-01-16T21:44:44+00:00\",\"breadcrumb\":{\"@id\":\"https:\\\/\\\/cheznu.tv\\\/familymanagement\\\/produkt\\\/ak202109\\\/#breadcrumb\"},\"inLanguage\":\"de\",\"potentialAction\":[{\"@type\":\"ReadAction\",\"target\":[\"https:\\\/\\\/cheznu.tv\\\/familymanagement\\\/produkt\\\/ak202109\\\/\"]}]},{\"@type\":\"ImageObject\",\"inLanguage\":\"de\",\"@id\":\"https:\\\/\\\/cheznu.tv\\\/familymanagement\\\/produkt\\\/ak202109\\\/#primaryimage\",\"url\":\"https:\\\/\\\/cheznu.tv\\\/familymanagement\\\/wp-content\\\/uploads\\\/2021\\\/10\\\/Schnittmuster-Bluse-Suri-von-vorne.jpg\",\"contentUrl\":\"https:\\\/\\\/cheznu.tv\\\/familymanagement\\\/wp-content\\\/uploads\\\/2021\\\/10\\\/Schnittmuster-Bluse-Suri-von-vorne.jpg\",\"width\":1000,\"height\":1000,\"caption\":\"Schnittmuster Bluse Suri von vorne\"},{\"@type\":\"BreadcrumbList\",\"@id\":\"https:\\\/\\\/cheznu.tv\\\/familymanagement\\\/produkt\\\/ak202109\\\/#breadcrumb\",\"itemListElement\":[{\"@type\":\"ListItem\",\"position\":1,\"name\":\"Startseite\",\"item\":\"https:\\\/\\\/cheznu.tv\\\/familymanagement\\\/\"},{\"@type\":\"ListItem\",\"position\":2,\"name\":\"Shop\",\"item\":\"https:\\\/\\\/cheznu.tv\\\/familymanagement\\\/shop\\\/\"},{\"@type\":\"ListItem\",\"position\":3,\"name\":\"Adventskalender T\u00fcr 9 \ud83d\udd6f\ud83d\udd6f Schnittmuster-Paket Kleidung n\u00e4hen f\u00fcr Anf\u00e4nger II\"}]},{\"@type\":\"WebSite\",\"@id\":\"https:\\\/\\\/cheznu.tv\\\/familymanagement\\\/#website\",\"url\":\"https:\\\/\\\/cheznu.tv\\\/familymanagement\\\/\",\"name\":\"ChezNU.TV\",\"description\":\"N\u00e4hen | Basteln | Haushalt | Familie\",\"potentialAction\":[{\"@type\":\"SearchAction\",\"target\":{\"@type\":\"EntryPoint\",\"urlTemplate\":\"https:\\\/\\\/cheznu.tv\\\/familymanagement\\\/?s={search_term_string}\"},\"query-input\":{\"@type\":\"PropertyValueSpecification\",\"valueRequired\":true,\"valueName\":\"search_term_string\"}}],\"inLanguage\":\"de\"}]}<\/script>\n<!-- \/ Yoast SEO plugin. -->","yoast_head_json":{"title":"Adventskalender T\u00fcr 9 \ud83d\udd6f\ud83d\udd6f Schnittmuster-Paket Kleidung n\u00e4hen f\u00fcr Anf\u00e4nger II - ChezNU.TV","robots":{"index":"index","follow":"follow","max-snippet":"max-snippet:-1","max-image-preview":"max-image-preview:large","max-video-preview":"max-video-preview:-1"},"canonical":"https:\/\/cheznu.tv\/familymanagement\/produkt\/ak202109\/","og_locale":"de_DE","og_type":"article","og_title":"Adventskalender T\u00fcr 9 \ud83d\udd6f\ud83d\udd6f Schnittmuster-Paket Kleidung n\u00e4hen f\u00fcr Anf\u00e4nger II - ChezNU.TV","og_description":"Das Schnittmuster-Paket enth\u00e4lt 6 Schnittmuster.  Die Bluse Suri ist ein super einfach zu n\u00e4hendes Schnittmuster, dass auch N\u00e4hanf\u00e4nger sehr gut umsetzen k\u00f6nnen. Die Bluse ist gerade geschnitten, hat sehr weite, etwas k\u00fcrzere \u00c4rmel mit einem Gummibund. Hinten hat sie einen Schlitz, der mit einem Knopf geschlossen wird. Der Halsausschnitt ist aber gross genug, dass man auch ohne den Knopf zu \u00f6ffnen durch kommt.  Das Schnittmuster ist f\u00fcr Webware designt und beinhaltet Gr\u00f6ssen 36-52.  Die Plotterdatei, die ich f\u00fcr die Sterne und den Spruch benutzt habe, findest Du hier. Alternativ w\u00e4ren auch die Norwegerborten sehr sch\u00f6n auf dieser Bluse.  &nbsp;  Die Bluse Bridget ist ein super einfach zu n\u00e4hendes Schnittmuster, dass auch N\u00e4hanf\u00e4nger sehr gut umsetzen k\u00f6nnen. Die Bluse ist leicht tailliert, hat an der Seite einen Schlitz und ist f\u00fcr Webware designt und beinhaltet Gr\u00f6ssen 36-52.  Es ist eine Schlupfbluse ohne Kn\u00f6pfe, Reissverschl\u00fcsse oder \u00e4hnliches.  Die aufgesetzten Taschen kannst Du nach Belieben auf eine reduzieren oder ganz weglassen.  &nbsp;  Das Shirt Olivia ist ein super einfach zu n\u00e4hendes Schnittmuster, dass auch N\u00e4hanf\u00e4nger sehr gut umsetzen k\u00f6nnen. Das Shirt ist leicht tailliert und beinhaltet Gr\u00f6ssen 36-52.  &nbsp;  Das Schnittmuster f\u00fcr unseren Cardigan Melissa mit Schalkragen kommt in den Gr\u00f6ssen 36-50 und hat eine L\u00e4nge von 70cm.\u00a0 Wie Du den Schalkragen n\u00e4hen musst, erf\u00e4hrst Du in unserem ausf\u00fchrlichen Videotutorial.  &nbsp;  Das Schnittmuster f\u00fcr die \u00c4rmelstola kommt in den Gr\u00f6ssen 36-46,l\u00e4sst sich aber auch gut auf andere Gr\u00f6ssen anpassen.  Es ist ein Anf\u00e4ngerprojekt.  &nbsp;  Der Teddy-Mantel Tammy ist an den Teddy-Mantel von Max Mara angelehnt. Wir wollten ihn allerdings so designen, dass auch ein N\u00e4hanf\u00e4nger ihn nachn\u00e4hen kann. Deshalb haben wir auf ein Futter verzichtet. Das macht ihn viel einfacher zu n\u00e4hen.  Der Teddy-Mantel hat 2 aufgesetzt Taschen, ein Revers und ich habe ihn mit 4 Kn\u00f6pfen geschlossen, aber alternativ kannst Du auch Pelzhaken verwenden.  Der Pl\u00fcsch l\u00e4sst sich super gut n\u00e4hen, probier es aus.  Das Paket gibt es nur am 9. Dezember 2021!","og_url":"https:\/\/cheznu.tv\/familymanagement\/produkt\/ak202109\/","og_site_name":"ChezNU.TV","article_publisher":"https:\/\/www.facebook.com\/cheznutv\/","article_modified_time":"2025-01-16T21:44:44+00:00","og_image":[{"width":1000,"height":1000,"url":"https:\/\/cheznu.tv\/familymanagement\/wp-content\/uploads\/2021\/10\/Schnittmuster-Bluse-Suri-von-vorne.jpg","type":"image\/jpeg"}],"twitter_card":"summary_large_image","twitter_site":"@cheznu_family","twitter_misc":{"Gesch\u00e4tzte Lesezeit":"3\u00a0Minuten"},"schema":{"@context":"https:\/\/schema.org","@graph":[{"@type":"WebPage","@id":"https:\/\/cheznu.tv\/familymanagement\/produkt\/ak202109\/","url":"https:\/\/cheznu.tv\/familymanagement\/produkt\/ak202109\/","name":"Adventskalender T\u00fcr 9 \ud83d\udd6f\ud83d\udd6f Schnittmuster-Paket Kleidung n\u00e4hen f\u00fcr Anf\u00e4nger II - ChezNU.TV","isPartOf":{"@id":"https:\/\/cheznu.tv\/familymanagement\/#website"},"primaryImageOfPage":{"@id":"https:\/\/cheznu.tv\/familymanagement\/produkt\/ak202109\/#primaryimage"},"image":{"@id":"https:\/\/cheznu.tv\/familymanagement\/produkt\/ak202109\/#primaryimage"},"thumbnailUrl":"https:\/\/cheznu.tv\/familymanagement\/wp-content\/uploads\/2021\/10\/Schnittmuster-Bluse-Suri-von-vorne.jpg","datePublished":"2021-12-08T19:00:00+00:00","dateModified":"2025-01-16T21:44:44+00:00","breadcrumb":{"@id":"https:\/\/cheznu.tv\/familymanagement\/produkt\/ak202109\/#breadcrumb"},"inLanguage":"de","potentialAction":[{"@type":"ReadAction","target":["https:\/\/cheznu.tv\/familymanagement\/produkt\/ak202109\/"]}]},{"@type":"ImageObject","inLanguage":"de","@id":"https:\/\/cheznu.tv\/familymanagement\/produkt\/ak202109\/#primaryimage","url":"https:\/\/cheznu.tv\/familymanagement\/wp-content\/uploads\/2021\/10\/Schnittmuster-Bluse-Suri-von-vorne.jpg","contentUrl":"https:\/\/cheznu.tv\/familymanagement\/wp-content\/uploads\/2021\/10\/Schnittmuster-Bluse-Suri-von-vorne.jpg","width":1000,"height":1000,"caption":"Schnittmuster Bluse Suri von vorne"},{"@type":"BreadcrumbList","@id":"https:\/\/cheznu.tv\/familymanagement\/produkt\/ak202109\/#breadcrumb","itemListElement":[{"@type":"ListItem","position":1,"name":"Startseite","item":"https:\/\/cheznu.tv\/familymanagement\/"},{"@type":"ListItem","position":2,"name":"Shop","item":"https:\/\/cheznu.tv\/familymanagement\/shop\/"},{"@type":"ListItem","position":3,"name":"Adventskalender T\u00fcr 9 \ud83d\udd6f\ud83d\udd6f Schnittmuster-Paket Kleidung n\u00e4hen f\u00fcr Anf\u00e4nger II"}]},{"@type":"WebSite","@id":"https:\/\/cheznu.tv\/familymanagement\/#website","url":"https:\/\/cheznu.tv\/familymanagement\/","name":"ChezNU.TV","description":"N\u00e4hen | Basteln | Haushalt | Familie","potentialAction":[{"@type":"SearchAction","target":{"@type":"EntryPoint","urlTemplate":"https:\/\/cheznu.tv\/familymanagement\/?s={search_term_string}"},"query-input":{"@type":"PropertyValueSpecification","valueRequired":true,"valueName":"search_term_string"}}],"inLanguage":"de"}]}},"_links":{"self":[{"href":"https:\/\/cheznu.tv\/familymanagement\/wp-json\/wp\/v2\/product\/69852","targetHints":{"allow":["GET"]}}],"collection":[{"href":"https:\/\/cheznu.tv\/familymanagement\/wp-json\/wp\/v2\/product"}],"about":[{"href":"https:\/\/cheznu.tv\/familymanagement\/wp-json\/wp\/v2\/types\/product"}],"replies":[{"embeddable":true,"href":"https:\/\/cheznu.tv\/familymanagement\/wp-json\/wp\/v2\/comments?post=69852"}],"wp:featuredmedia":[{"embeddable":true,"href":"https:\/\/cheznu.tv\/familymanagement\/wp-json\/wp\/v2\/media\/67915"}],"wp:attachment":[{"href":"https:\/\/cheznu.tv\/familymanagement\/wp-json\/wp\/v2\/media?parent=69852"}],"wp:term":[{"taxonomy":"product_brand","embeddable":true,"href":"https:\/\/cheznu.tv\/familymanagement\/wp-json\/wp\/v2\/product_brand?post=69852"},{"taxonomy":"product_cat","embeddable":true,"href":"https:\/\/cheznu.tv\/familymanagement\/wp-json\/wp\/v2\/product_cat?post=69852"},{"taxonomy":"product_tag","embeddable":true,"href":"https:\/\/cheznu.tv\/familymanagement\/wp-json\/wp\/v2\/product_tag?post=69852"}],"curies":[{"name":"wp","href":"https:\/\/api.w.org\/{rel}","templated":true}]}}