{"id":68754,"date":"2021-10-31T15:00:47","date_gmt":"2021-10-31T14:00:47","guid":{"rendered":"https:\/\/cheznu.tv\/familymanagement\/?post_type=product&#038;p=68754"},"modified":"2025-12-13T16:44:38","modified_gmt":"2025-12-13T15:44:38","slug":"faltenrock-felicitas-schnittmuster","status":"publish","type":"product","link":"https:\/\/cheznu.tv\/familymanagement\/produkt\/faltenrock-felicitas-schnittmuster\/","title":{"rendered":"Faltenrock Felicitas \u2b50 Gr\u00f6sse S-XL \ud83d\udc78 Rock Schnittmuster zum Herunterladen und Ausdrucken"},"content":{"rendered":"<p>Die Anleitung mit Video f\u00fcr den Rock Felicitas findest Du hier:<\/p>\n<p><a href=\"https:\/\/cheznu.tv\/familymanagement\/faltenrock-felicitas-anleitung\/\">Faltenrock Felicitas Videoanleitung<\/a><\/p>\n<p><a href='https:\/\/www.spoonflower.com\/profiles\/cheznu_tv' target='_blank' title='Spoonflower-Shop mit den ChezNU-Designs'>Unseren neuen Spoonflower-Shop mit Stoffen im ChezNU-Design findest Du hier.<\/a><\/p><p>Neben dem Schnittmuster \/ Schema \/ Anleitung \/ Plotterdatei erh\u00e4ltst Du als Teil der erworbenen Leistung (gilt auch f\u00fcr kostenlose Produkte) auch unseren kostenlosen Newsletter \u201eSchnittmuster-Alarm\u201c. Im Schnittmuster-Alarm informieren wir haupts\u00e4chlich, aber nicht ausschliesslich \u00fcber neue Schnittmuster, Anleitungen, DIY-Projekte, Angebote in unserem Shop, Angebote in anderen Shops, Materialbezugsquellen und allem was irgendwie mit N\u00e4hen, H\u00e4keln, Basteln, Stricken, Upcycling, Organisation und Familie zu tun hat.<\/p><p>Nach Deiner Bestellung erh\u00e4ltst Du die E-Mails automatisch. Du kannst sie allerdings jederzeit und ohne Angabe von Gr\u00fcnden \u00fcber den Link am Ende jeder E-Mail abbestellen.<br>\n\tDie Transparenzerkl\u00e4rung zu unserem Schnittmuster-Alarm findest Du <a title='Transparenzerkl\u00e4rung' href='https:\/\/cheznu.tv\/familymanagement\/transparenzerklaerung-zum-schnittmuster-alarm-newsletter\/' target='_blank'>hier<\/a><\/p>\n<p><strong>Zum Schnittmuster<\/strong><\/p>\n<p>Das Schnittmuster kommt als PDF, wenn es sich um mehrere PDFs handelt packen wir diese in eine ZIP-Datei. Diese muss erst abgespeichert und entpackt werden, bevor man sie auf A4-Papier (Standard) ausdrucken und dann zusammenkleben kann.<br \/>\nFalls Du das noch nie gemacht hast findest Du eine Anleitung in unseren <a href=\"https:\/\/cheznu.tv\/familymanagement\/faq\/\">FAQs<\/a>.<\/p>\n<p>So entf\u00e4llt das l\u00e4stige Schnittmuster kopieren mit teurem Seidenpapier. Das Schnittmuster kann nach dem Zusammenkleben direkt ausgeschnitten werden.<\/p>\n<p>Bitte beachte, die richtigen Druckoptionen einzustellen. Das funktioniert genauso, wie bei Burda.<br \/>\n<a href=\"http:\/\/cheznu.tv\/familymanagement\/burda-schnittmuster-ausdrucken\/\">Burda Schnittmuster Ausdrucken.<\/a><\/p>\n<p>Wie das mit dem Zusammenkleben funktioniert haben wir hier kurz erkl\u00e4rt.<br \/>\n<a href=\"http:\/\/cheznu.tv\/familymanagement\/so-gehts\/\">So geht\u00b4s<\/a>.<\/p>\n<p><a href=\"https:\/\/cheznu.tv\/familymanagement\/wp-content\/uploads\/2021\/09\/ChezNU-Groessentabelle_fuer_Damen_2021.pdf\">Die Gr\u00f6ssentabelle mit den Massen f\u00fcr Damen findest Du hier.<\/a><\/p>\n<p>Dieser Schnitt darf zu privaten Zwecken und zur Fertigung von Einzelst\u00fccken\/Kleinserien (bis 5 Modelle) unter Nennung der Herkunft verwendet werden (ChezNU.TV). Massenproduktion der fertigen Ware sowie Kopieren, Weitergabe, Abdruck oder Ver\u00f6ffentlichung (auch teilweise) des Schnittmusters bedarf der schriftlichen Genehmigung. Wenn Du Dir nicht sicher bist, schreibe uns einfach kurz eine <a href=\"mailto:nu@cheznu.tv\">E-Mail.<\/a><\/p>\n<p><img decoding=\"async\" src=\"https:\/\/klick.cheznu.tv\/pix\/1s8wz4na2zfz75e5\" width=\"1\" height=\"1\" \/><\/p>\n","protected":false},"excerpt":{"rendered":"<p>Der Rock Felicitas ist ein Faltenrock mit gerade Passe und Gummizug. Es ist sehr einfach zu n\u00e4hen. Du kannst den Rock mit oder ohne Futter n\u00e4hen, wir erkl\u00e4ren in der Videoanleitung und im E-Book beide Varianten.<\/p>\n<p>Oben hat der Rock einen Gummibund, das macht ihn zu einem Schlupfrock. Das Fehlen eines Reissverschlusses oder Knopfes macht den Rock zu einem tollen N\u00e4hrprojekt f\u00fcr Anf\u00e4nger.<\/p>\n<p>Die <strong>Videoanleitungen zum Rock <\/strong>findest Du weiter unten verlinkt.<\/p>\n<p>Solltest Du dar\u00fcber hinaus noch fragen zum Schnittmuster haben, schreib uns gerne an: <a href=\"mailto:schnittmuster@cheznu.tv\">schnittmuster@cheznu.tv<\/a><\/p>\n","protected":false},"featured_media":68761,"comment_status":"open","ping_status":"closed","template":"","meta":[],"product_brand":[],"product_cat":[822,810,4392,811,851],"product_tag":[854,2941,1920,2938,2936,2934,1039,848,1951,2937,2939,2940,2935],"class_list":{"0":"post-68754","1":"product","2":"type-product","3":"status-publish","4":"has-post-thumbnail","6":"product_cat-kleidung","7":"product_cat-naehen","8":"product_cat-rock-kleidung","9":"product_cat-schnittmuster","10":"product_cat-weihnachten","11":"product_tag-anfaenger","12":"product_tag-designer-rock","13":"product_tag-einfach","14":"product_tag-einfacher-rock","15":"product_tag-faltenrock","16":"product_tag-herzogin-kate","17":"product_tag-naehanfaenger","18":"product_tag-naehen","19":"product_tag-rock","20":"product_tag-rock-mit-gummizug","21":"product_tag-rock-naehen-fuer-anfaenger","22":"product_tag-schicker-rock","23":"product_tag-wimbledon","25":"first","26":"instock","27":"downloadable","28":"virtual","29":"sold-individually","30":"purchasable","31":"product-type-simple"},"yoast_head":"<!-- This site is optimized with the Yoast SEO plugin v27.3 - https:\/\/yoast.com\/product\/yoast-seo-wordpress\/ -->\n<title>Rock wie der von Herzogin Kate in Wimbledon \ud83d\udc78 Schnittmuster Rock<\/title>\n<meta name=\"description\" content=\"Ideal f\u00fcr N\u00e4hanf\u00e4nger. Rock mit Gummibund. Der Rock ist ein Faltenrock mit Passe. Super einfach zu n\u00e4hen. Mit oder ohne Futter n\u00e4hbar.\" \/>\n<meta name=\"robots\" content=\"index, follow, max-snippet:-1, max-image-preview:large, max-video-preview:-1\" \/>\n<link rel=\"canonical\" href=\"https:\/\/cheznu.tv\/familymanagement\/produkt\/faltenrock-felicitas-schnittmuster\/\" \/>\n<meta property=\"og:locale\" content=\"de_DE\" \/>\n<meta property=\"og:type\" content=\"article\" \/>\n<meta property=\"og:title\" content=\"Rock wie der von Herzogin Kate in Wimbledon \ud83d\udc78 Schnittmuster Rock\" \/>\n<meta property=\"og:description\" content=\"Ideal f\u00fcr N\u00e4hanf\u00e4nger. Rock mit Gummibund. Der Rock ist ein Faltenrock mit Passe. Super einfach zu n\u00e4hen. Mit oder ohne Futter n\u00e4hbar.\" \/>\n<meta property=\"og:url\" content=\"https:\/\/cheznu.tv\/familymanagement\/produkt\/faltenrock-felicitas-schnittmuster\/\" \/>\n<meta property=\"og:site_name\" content=\"ChezNU.TV\" \/>\n<meta property=\"article:publisher\" content=\"https:\/\/www.facebook.com\/cheznutv\/\" \/>\n<meta property=\"article:modified_time\" content=\"2025-12-13T15:44:38+00:00\" \/>\n<meta property=\"og:image\" content=\"https:\/\/cheznu.tv\/familymanagement\/wp-content\/uploads\/2021\/10\/Rock-Felicitas-Schnittmuster-von-schraeg-vonre-nur-Rock.jpg\" \/>\n\t<meta property=\"og:image:width\" content=\"1000\" \/>\n\t<meta property=\"og:image:height\" content=\"1000\" \/>\n\t<meta property=\"og:image:type\" content=\"image\/jpeg\" \/>\n<meta name=\"twitter:card\" content=\"summary_large_image\" \/>\n<meta name=\"twitter:site\" content=\"@cheznu_family\" \/>\n<meta name=\"twitter:label1\" content=\"Gesch\u00e4tzte Lesezeit\" \/>\n\t<meta name=\"twitter:data1\" content=\"2\u00a0Minuten\" \/>\n<script type=\"application\/ld+json\" class=\"yoast-schema-graph\">{\"@context\":\"https:\\\/\\\/schema.org\",\"@graph\":[{\"@type\":\"WebPage\",\"@id\":\"https:\\\/\\\/cheznu.tv\\\/familymanagement\\\/produkt\\\/faltenrock-felicitas-schnittmuster\\\/\",\"url\":\"https:\\\/\\\/cheznu.tv\\\/familymanagement\\\/produkt\\\/faltenrock-felicitas-schnittmuster\\\/\",\"name\":\"Rock wie der von Herzogin Kate in Wimbledon \ud83d\udc78 Schnittmuster Rock\",\"isPartOf\":{\"@id\":\"https:\\\/\\\/cheznu.tv\\\/familymanagement\\\/#website\"},\"primaryImageOfPage\":{\"@id\":\"https:\\\/\\\/cheznu.tv\\\/familymanagement\\\/produkt\\\/faltenrock-felicitas-schnittmuster\\\/#primaryimage\"},\"image\":{\"@id\":\"https:\\\/\\\/cheznu.tv\\\/familymanagement\\\/produkt\\\/faltenrock-felicitas-schnittmuster\\\/#primaryimage\"},\"thumbnailUrl\":\"https:\\\/\\\/cheznu.tv\\\/familymanagement\\\/wp-content\\\/uploads\\\/2021\\\/10\\\/Rock-Felicitas-Schnittmuster-von-schraeg-vonre-nur-Rock.jpg\",\"datePublished\":\"2021-10-31T14:00:47+00:00\",\"dateModified\":\"2025-12-13T15:44:38+00:00\",\"description\":\"Ideal f\u00fcr N\u00e4hanf\u00e4nger. Rock mit Gummibund. Der Rock ist ein Faltenrock mit Passe. Super einfach zu n\u00e4hen. Mit oder ohne Futter n\u00e4hbar.\",\"breadcrumb\":{\"@id\":\"https:\\\/\\\/cheznu.tv\\\/familymanagement\\\/produkt\\\/faltenrock-felicitas-schnittmuster\\\/#breadcrumb\"},\"inLanguage\":\"de\",\"potentialAction\":[{\"@type\":\"ReadAction\",\"target\":[\"https:\\\/\\\/cheznu.tv\\\/familymanagement\\\/produkt\\\/faltenrock-felicitas-schnittmuster\\\/\"]}]},{\"@type\":\"ImageObject\",\"inLanguage\":\"de\",\"@id\":\"https:\\\/\\\/cheznu.tv\\\/familymanagement\\\/produkt\\\/faltenrock-felicitas-schnittmuster\\\/#primaryimage\",\"url\":\"https:\\\/\\\/cheznu.tv\\\/familymanagement\\\/wp-content\\\/uploads\\\/2021\\\/10\\\/Rock-Felicitas-Schnittmuster-von-schraeg-vonre-nur-Rock.jpg\",\"contentUrl\":\"https:\\\/\\\/cheznu.tv\\\/familymanagement\\\/wp-content\\\/uploads\\\/2021\\\/10\\\/Rock-Felicitas-Schnittmuster-von-schraeg-vonre-nur-Rock.jpg\",\"width\":1000,\"height\":1000,\"caption\":\"Rock Felicitas Schnittmuster - von schr\u00e4g vonre - nur Rock\"},{\"@type\":\"BreadcrumbList\",\"@id\":\"https:\\\/\\\/cheznu.tv\\\/familymanagement\\\/produkt\\\/faltenrock-felicitas-schnittmuster\\\/#breadcrumb\",\"itemListElement\":[{\"@type\":\"ListItem\",\"position\":1,\"name\":\"Startseite\",\"item\":\"https:\\\/\\\/cheznu.tv\\\/familymanagement\\\/\"},{\"@type\":\"ListItem\",\"position\":2,\"name\":\"Shop\",\"item\":\"https:\\\/\\\/cheznu.tv\\\/familymanagement\\\/shop\\\/\"},{\"@type\":\"ListItem\",\"position\":3,\"name\":\"Faltenrock Felicitas \u2b50 Gr\u00f6sse S-XL \ud83d\udc78 Rock Schnittmuster zum Herunterladen und Ausdrucken\"}]},{\"@type\":\"WebSite\",\"@id\":\"https:\\\/\\\/cheznu.tv\\\/familymanagement\\\/#website\",\"url\":\"https:\\\/\\\/cheznu.tv\\\/familymanagement\\\/\",\"name\":\"ChezNU.TV\",\"description\":\"N\u00e4hen | Basteln | Haushalt | Familie\",\"potentialAction\":[{\"@type\":\"SearchAction\",\"target\":{\"@type\":\"EntryPoint\",\"urlTemplate\":\"https:\\\/\\\/cheznu.tv\\\/familymanagement\\\/?s={search_term_string}\"},\"query-input\":{\"@type\":\"PropertyValueSpecification\",\"valueRequired\":true,\"valueName\":\"search_term_string\"}}],\"inLanguage\":\"de\"}]}<\/script>\n<!-- \/ Yoast SEO plugin. -->","yoast_head_json":{"title":"Rock wie der von Herzogin Kate in Wimbledon \ud83d\udc78 Schnittmuster Rock","description":"Ideal f\u00fcr N\u00e4hanf\u00e4nger. Rock mit Gummibund. Der Rock ist ein Faltenrock mit Passe. Super einfach zu n\u00e4hen. Mit oder ohne Futter n\u00e4hbar.","robots":{"index":"index","follow":"follow","max-snippet":"max-snippet:-1","max-image-preview":"max-image-preview:large","max-video-preview":"max-video-preview:-1"},"canonical":"https:\/\/cheznu.tv\/familymanagement\/produkt\/faltenrock-felicitas-schnittmuster\/","og_locale":"de_DE","og_type":"article","og_title":"Rock wie der von Herzogin Kate in Wimbledon \ud83d\udc78 Schnittmuster Rock","og_description":"Ideal f\u00fcr N\u00e4hanf\u00e4nger. Rock mit Gummibund. Der Rock ist ein Faltenrock mit Passe. Super einfach zu n\u00e4hen. Mit oder ohne Futter n\u00e4hbar.","og_url":"https:\/\/cheznu.tv\/familymanagement\/produkt\/faltenrock-felicitas-schnittmuster\/","og_site_name":"ChezNU.TV","article_publisher":"https:\/\/www.facebook.com\/cheznutv\/","article_modified_time":"2025-12-13T15:44:38+00:00","og_image":[{"width":1000,"height":1000,"url":"https:\/\/cheznu.tv\/familymanagement\/wp-content\/uploads\/2021\/10\/Rock-Felicitas-Schnittmuster-von-schraeg-vonre-nur-Rock.jpg","type":"image\/jpeg"}],"twitter_card":"summary_large_image","twitter_site":"@cheznu_family","twitter_misc":{"Gesch\u00e4tzte Lesezeit":"2\u00a0Minuten"},"schema":{"@context":"https:\/\/schema.org","@graph":[{"@type":"WebPage","@id":"https:\/\/cheznu.tv\/familymanagement\/produkt\/faltenrock-felicitas-schnittmuster\/","url":"https:\/\/cheznu.tv\/familymanagement\/produkt\/faltenrock-felicitas-schnittmuster\/","name":"Rock wie der von Herzogin Kate in Wimbledon \ud83d\udc78 Schnittmuster Rock","isPartOf":{"@id":"https:\/\/cheznu.tv\/familymanagement\/#website"},"primaryImageOfPage":{"@id":"https:\/\/cheznu.tv\/familymanagement\/produkt\/faltenrock-felicitas-schnittmuster\/#primaryimage"},"image":{"@id":"https:\/\/cheznu.tv\/familymanagement\/produkt\/faltenrock-felicitas-schnittmuster\/#primaryimage"},"thumbnailUrl":"https:\/\/cheznu.tv\/familymanagement\/wp-content\/uploads\/2021\/10\/Rock-Felicitas-Schnittmuster-von-schraeg-vonre-nur-Rock.jpg","datePublished":"2021-10-31T14:00:47+00:00","dateModified":"2025-12-13T15:44:38+00:00","description":"Ideal f\u00fcr N\u00e4hanf\u00e4nger. Rock mit Gummibund. Der Rock ist ein Faltenrock mit Passe. Super einfach zu n\u00e4hen. Mit oder ohne Futter n\u00e4hbar.","breadcrumb":{"@id":"https:\/\/cheznu.tv\/familymanagement\/produkt\/faltenrock-felicitas-schnittmuster\/#breadcrumb"},"inLanguage":"de","potentialAction":[{"@type":"ReadAction","target":["https:\/\/cheznu.tv\/familymanagement\/produkt\/faltenrock-felicitas-schnittmuster\/"]}]},{"@type":"ImageObject","inLanguage":"de","@id":"https:\/\/cheznu.tv\/familymanagement\/produkt\/faltenrock-felicitas-schnittmuster\/#primaryimage","url":"https:\/\/cheznu.tv\/familymanagement\/wp-content\/uploads\/2021\/10\/Rock-Felicitas-Schnittmuster-von-schraeg-vonre-nur-Rock.jpg","contentUrl":"https:\/\/cheznu.tv\/familymanagement\/wp-content\/uploads\/2021\/10\/Rock-Felicitas-Schnittmuster-von-schraeg-vonre-nur-Rock.jpg","width":1000,"height":1000,"caption":"Rock Felicitas Schnittmuster - von schr\u00e4g vonre - nur Rock"},{"@type":"BreadcrumbList","@id":"https:\/\/cheznu.tv\/familymanagement\/produkt\/faltenrock-felicitas-schnittmuster\/#breadcrumb","itemListElement":[{"@type":"ListItem","position":1,"name":"Startseite","item":"https:\/\/cheznu.tv\/familymanagement\/"},{"@type":"ListItem","position":2,"name":"Shop","item":"https:\/\/cheznu.tv\/familymanagement\/shop\/"},{"@type":"ListItem","position":3,"name":"Faltenrock Felicitas \u2b50 Gr\u00f6sse S-XL \ud83d\udc78 Rock Schnittmuster zum Herunterladen und Ausdrucken"}]},{"@type":"WebSite","@id":"https:\/\/cheznu.tv\/familymanagement\/#website","url":"https:\/\/cheznu.tv\/familymanagement\/","name":"ChezNU.TV","description":"N\u00e4hen | Basteln | Haushalt | Familie","potentialAction":[{"@type":"SearchAction","target":{"@type":"EntryPoint","urlTemplate":"https:\/\/cheznu.tv\/familymanagement\/?s={search_term_string}"},"query-input":{"@type":"PropertyValueSpecification","valueRequired":true,"valueName":"search_term_string"}}],"inLanguage":"de"}]}},"_links":{"self":[{"href":"https:\/\/cheznu.tv\/familymanagement\/wp-json\/wp\/v2\/product\/68754","targetHints":{"allow":["GET"]}}],"collection":[{"href":"https:\/\/cheznu.tv\/familymanagement\/wp-json\/wp\/v2\/product"}],"about":[{"href":"https:\/\/cheznu.tv\/familymanagement\/wp-json\/wp\/v2\/types\/product"}],"replies":[{"embeddable":true,"href":"https:\/\/cheznu.tv\/familymanagement\/wp-json\/wp\/v2\/comments?post=68754"}],"wp:featuredmedia":[{"embeddable":true,"href":"https:\/\/cheznu.tv\/familymanagement\/wp-json\/wp\/v2\/media\/68761"}],"wp:attachment":[{"href":"https:\/\/cheznu.tv\/familymanagement\/wp-json\/wp\/v2\/media?parent=68754"}],"wp:term":[{"taxonomy":"product_brand","embeddable":true,"href":"https:\/\/cheznu.tv\/familymanagement\/wp-json\/wp\/v2\/product_brand?post=68754"},{"taxonomy":"product_cat","embeddable":true,"href":"https:\/\/cheznu.tv\/familymanagement\/wp-json\/wp\/v2\/product_cat?post=68754"},{"taxonomy":"product_tag","embeddable":true,"href":"https:\/\/cheznu.tv\/familymanagement\/wp-json\/wp\/v2\/product_tag?post=68754"}],"curies":[{"name":"wp","href":"https:\/\/api.w.org\/{rel}","templated":true}]}}