{"id":67479,"date":"2021-09-19T10:52:57","date_gmt":"2021-09-19T08:52:57","guid":{"rendered":"https:\/\/cheznu.tv\/familymanagement\/?post_type=product&#038;p=67479"},"modified":"2024-06-03T13:42:24","modified_gmt":"2024-06-03T11:42:24","slug":"herbst-winter-schnittmuster-paket","status":"publish","type":"product","link":"https:\/\/cheznu.tv\/familymanagement\/produkt\/herbst-winter-schnittmuster-paket\/","title":{"rendered":"Schnittmuster-Paket: Herbst-Winter-Kleidung"},"content":{"rendered":"<p>Das Angebot endet am Dienstag, den 21.09.2021 Uhr um Mitternacht.<\/p>\n<p>Die Anleitungen mit den Anleitungsvideos f\u00fcr die einzelnen Schnittmuster sind hier verlinkt.<\/p>\n<ul>\n<li style=\"list-style-type: none;\">\n<ul>\n<li><a href=\"https:\/\/cheznu.tv\/familymanagement\/kapuzenschal-naehen-naehanleitung-schnittmuster\/\">1000089-Kaputzenschal<\/a><\/li>\n<li><a href=\"https:\/\/cheznu.tv\/familymanagement\/einfaches-shirt-naehen-in-vielen-varianten-shirt-emilia\/\">2000026-Shirt Emilia<\/a><\/li>\n<li><a href=\"http:\/\/cheznu.tv\/familymanagement\/cardigan-naehen-fuer-anfaenger-mit-schalkragen-schnittmuster-36-46-easy-peasy-2-0\/\">1000031-Cardigan-Easy-Peasy-2.0<\/a><\/li>\n<li><a href=\"https:\/\/cheznu.tv\/familymanagement\/shirt-naehen-fuer-anfaenger-raglan-shirt-einfach-naehen\/\">2000016-Raglan Shirt Ilva<\/a><\/li>\n<li><a href=\"https:\/\/cheznu.tv\/familymanagement\/stulpen-naehen-fuer-anfaenger-%f0%9f%91%8c-schnittmuster-in-3-groessen\/\">2000003-Stulpen<\/a><\/li>\n<li><a href=\"http:\/\/cheznu.tv\/familymanagement\/hut-naehen-aus-fleece-mit-schnittmuster-in-3-groessen\/\">1000042-Hut Snowy Morning<\/a><\/li>\n<li><a href=\"https:\/\/cheznu.tv\/familymanagement\/wendebeanie-naehen-mit-zopfloch-fuer-den-pferdeschwanz\/\">2000014 \u2013 Wendebeanie mit Zopfloch<\/a><\/li>\n<li><a href=\"https:\/\/cheznu.tv\/familymanagement\/aermelstola-naehen-mit-schnittmuster-groesse-36-46\/\">2000005 &#8211; \u00c4rmelstola \/ \u00c4rmelschal<\/a><\/li>\n<li><a href=\"https:\/\/cheznu.tv\/familymanagement\/poncho-schal-naehen-rollsaum-naehen-mit-der-normalen-naehmaschine-fuer-anfaenger\/\">1000070 Poncho Schal<\/a><\/li>\n<\/ul>\n<\/li>\n<\/ul>\n<p><a href='https:\/\/www.spoonflower.com\/profiles\/cheznu_tv' target='_blank' title='Spoonflower-Shop mit den ChezNU-Designs'>Unseren neuen Spoonflower-Shop mit Stoffen im ChezNU-Design findest Du hier.<\/a><\/p><p>Neben dem Schnittmuster \/ Schema \/ Anleitung \/ Plotterdatei erh\u00e4ltst Du als Teil der erworbenen Leistung (gilt auch f\u00fcr kostenlose Produkte) auch unseren kostenlosen Newsletter \u201eSchnittmuster-Alarm\u201c. Im Schnittmuster-Alarm informieren wir haupts\u00e4chlich, aber nicht ausschliesslich \u00fcber neue Schnittmuster, Anleitungen, DIY-Projekte, Angebote in unserem Shop, Angebote in anderen Shops, Materialbezugsquellen und allem was irgendwie mit N\u00e4hen, H\u00e4keln, Basteln, Stricken, Upcycling, Organisation und Familie zu tun hat.<\/p><p>Nach Deiner Bestellung erh\u00e4ltst Du die E-Mails automatisch. Du kannst sie allerdings jederzeit und ohne Angabe von Gr\u00fcnden \u00fcber den Link am Ende jeder E-Mail abbestellen.<br>\n\tDie Transparenzerkl\u00e4rung zu unserem Schnittmuster-Alarm findest Du <a title='Transparenzerkl\u00e4rung' href='https:\/\/cheznu.tv\/familymanagement\/transparenzerklaerung-zum-schnittmuster-alarm-newsletter\/' target='_blank'>hier<\/a><\/p>\n<p>Das Schnittmuster kommt als PDF und kann auf A4-Papier (Standard) ausgedruckt und dann zusammengeklebt werden.<br \/>\nSo entf\u00e4llt das l\u00e4stige Schnittmuster kopieren mit teurem Seidenpapier. Das Schnittmuster kann nach dem Zusammenkleben direkt ausgeschnitten werden.<\/p>\n<p>Bitte beachte, die richtigen Druckoptionen einzustellen. Das funktioniert genauso, wie bei Burda.<br \/>\n<a href=\"http:\/\/cheznu.tv\/familymanagement\/burda-schnittmuster-ausdrucken\/\">Burda Schnittmuster Ausdrucken.<\/a><\/p>\n<p>Wie das mit dem Zusammenkleben funktioniert haben wir hier kurz erkl\u00e4rt.<br \/>\n<a href=\"http:\/\/cheznu.tv\/familymanagement\/so-gehts\/\">So geht\u00b4s<\/a>.<\/p>\n<p><a href=\"http:\/\/cheznu.tv\/familymanagement\/wp-content\/uploads\/2018\/01\/ChezNU-Groessentabelle_fuer_Damen.pdf\" target=\"_blank\" rel=\"noopener noreferrer\">Die Gr\u00f6ssetabelle mit den Massen f\u00fcr Damen findest Du hier.<\/a><\/p>\n<p>Dieser Schnitt darf zu privaten Zwecken und zur Fertigung von Einzelst\u00fccken\/Kleinserien (bis 5 Modelle) unter Nennung der Herkunft verwendet werden (ChezNU.TV). Massenproduktion der fertigen Ware sowie Kopieren, Weitergabe, Abdruck oder Ver\u00f6ffentlichung (auch teilweise) des Schnittmusters ist bedarf der schriftlichen Genehmigung. Wenn Du Dir nicht sicher bist, schreibe uns einfach kurz eine <a href=\"mailto:nu@cheznu.tv\">E-Mail.<\/a><\/p>\n","protected":false},"excerpt":{"rendered":"<h2>Das Angebot ist abgelaufen<\/h2>\n[fusion_countdown countdown_end=\"2021-09-22 00:00:00\" timezone=\"\" layout=\"stacked\" show_weeks=\"\" label_position=\"bottom\" border_radius=\"\" heading_text=\"\" subheading_text=\"\" link_url=\"\" link_text=\"\" link_target=\"default\" hide_on_mobile=\"small-visibility,medium-visibility,large-visibility\" class=\"\" id=\"\" background_color=\"#ffffff\" background_image=\"\" background_position=\"\" background_repeat=\"\" counter_box_spacing=\"\" counter_box_color=\"#fe59f2\" counter_border_size=\"0\" counter_border_color=\"\" counter_border_radius=\"\" counter_padding_top=\"\" counter_padding_right=\"\" counter_padding_bottom=\"\" counter_padding_left=\"\" counter_font_size=\"\" counter_text_color=\"\" label_font_size=\"\" label_color=\"\" heading_font_size=\"\" heading_text_color=\"\" subheading_font_size=\"\" subheading_text_color=\"\" link_text_color=\"\" \/]\n<ul>\n<li>Das Paket enth\u00e4lt 9 Schnittmuster\u00a0 im Gesamtwert von 47,91 Euro:\n<ul>\n<li><a href=\"https:\/\/cheznu.tv\/familymanagement\/produkt\/kapuzenschal-schnittmuster-zum-ausdrucken\/\">1000089-Kaputzenschal<\/a><\/li>\n<li><a href=\"https:\/\/cheznu.tv\/familymanagement\/produkt\/schnittmuster-shirt-emilia\/\">2000026-Shirt Emilia<\/a><\/li>\n<li><a href=\"https:\/\/cheznu.tv\/familymanagement\/produkt\/cardigan-easy-peasy-2-punkt-0\/\">1000031-Cardigan-Easy-Peasy-2.0<\/a><\/li>\n<li><a href=\"https:\/\/cheznu.tv\/familymanagement\/produkt\/raglan-shirt-ilva-schnittmuster\/\">2000016-Raglan Shirt Ilva<\/a><\/li>\n<li><a href=\"https:\/\/cheznu.tv\/familymanagement\/stulpen-naehen-fuer-anfaenger-%f0%9f%91%8c-schnittmuster-in-3-groessen\/\">2000003-Stulpen<\/a><\/li>\n<li><a href=\"https:\/\/cheznu.tv\/familymanagement\/produkt\/hut-snowy-morning-in-3-groessen\/\">1000042-Hut Snowy Morning<\/a><\/li>\n<li><a href=\"https:\/\/cheznu.tv\/familymanagement\/produkt\/wendebeanie-mit-zopfloch-schnittmuster\/\">2000014 \u2013 Wendebeanie mit Zopfloch<\/a><\/li>\n<li><a href=\"https:\/\/cheznu.tv\/familymanagement\/produkt\/aermelschal-groesse-36-46-schnittmuster-zum-audrucken\/\">2000005 &#8211; \u00c4rmelstola<\/a><\/li>\n<li><a href=\"https:\/\/cheznu.tv\/familymanagement\/produkt\/poncho-schal\/\">1000070 &#8211; Poncho Schal<\/a><\/li>\n<\/ul>\n<p>Die Anleitungen mit Video findest Du weiter unten verlinkt.<\/li>\n<\/ul>\n","protected":false},"featured_media":67483,"comment_status":"open","ping_status":"closed","template":"","meta":[],"product_brand":[],"product_cat":[15],"product_tag":[],"class_list":{"0":"post-67479","1":"product","2":"type-product","3":"status-publish","4":"has-post-thumbnail","6":"product_cat-uncategorized","8":"first","9":"instock","10":"downloadable","11":"virtual","12":"sold-individually","13":"purchasable","14":"product-type-simple"},"yoast_head":"<!-- This site is optimized with the Yoast SEO plugin v27.4 - https:\/\/yoast.com\/product\/yoast-seo-wordpress\/ -->\n<title>Schnittmuster-Paket: Herbst-Winter-Kleidung - ChezNU.TV<\/title>\n<meta name=\"robots\" content=\"noindex, nofollow\" \/>\n<meta property=\"og:locale\" content=\"de_DE\" \/>\n<meta property=\"og:type\" content=\"article\" \/>\n<meta property=\"og:title\" content=\"Schnittmuster-Paket: Herbst-Winter-Kleidung - ChezNU.TV\" \/>\n<meta property=\"og:description\" content=\"Das Angebot ist abgelaufen    Das Paket enth\u00e4lt 9 Schnittmuster\u00a0 im Gesamtwert von 47,91 Euro:   1000089-Kaputzenschal  2000026-Shirt Emilia  1000031-Cardigan-Easy-Peasy-2.0  2000016-Raglan Shirt Ilva  2000003-Stulpen  1000042-Hut Snowy Morning  2000014 \u2013 Wendebeanie mit Zopfloch  2000005 - \u00c4rmelstola  1000070 - Poncho Schal  Die Anleitungen mit Video findest Du weiter unten verlinkt.\" \/>\n<meta property=\"og:url\" content=\"https:\/\/cheznu.tv\/familymanagement\/produkt\/herbst-winter-schnittmuster-paket\/\" \/>\n<meta property=\"og:site_name\" content=\"ChezNU.TV\" \/>\n<meta property=\"article:publisher\" content=\"https:\/\/www.facebook.com\/cheznutv\/\" \/>\n<meta property=\"article:modified_time\" content=\"2024-06-03T11:42:24+00:00\" \/>\n<meta property=\"og:image\" content=\"https:\/\/cheznu.tv\/familymanagement\/wp-content\/uploads\/2021\/09\/9202112-Herbst-Winter-Kleidung-Schnittmuster-Paket.jpg\" \/>\n\t<meta property=\"og:image:width\" content=\"1000\" \/>\n\t<meta property=\"og:image:height\" content=\"1000\" \/>\n\t<meta property=\"og:image:type\" content=\"image\/jpeg\" \/>\n<meta name=\"twitter:card\" content=\"summary_large_image\" \/>\n<meta name=\"twitter:site\" content=\"@cheznu_family\" \/>\n<meta name=\"twitter:label1\" content=\"Gesch\u00e4tzte Lesezeit\" \/>\n\t<meta name=\"twitter:data1\" content=\"2\u00a0Minuten\" \/>\n<script type=\"application\/ld+json\" class=\"yoast-schema-graph\">{\"@context\":\"https:\\\/\\\/schema.org\",\"@graph\":[{\"@type\":\"WebPage\",\"@id\":\"https:\\\/\\\/cheznu.tv\\\/familymanagement\\\/produkt\\\/herbst-winter-schnittmuster-paket\\\/\",\"url\":\"https:\\\/\\\/cheznu.tv\\\/familymanagement\\\/produkt\\\/herbst-winter-schnittmuster-paket\\\/\",\"name\":\"Schnittmuster-Paket: Herbst-Winter-Kleidung - ChezNU.TV\",\"isPartOf\":{\"@id\":\"https:\\\/\\\/cheznu.tv\\\/familymanagement\\\/#website\"},\"primaryImageOfPage\":{\"@id\":\"https:\\\/\\\/cheznu.tv\\\/familymanagement\\\/produkt\\\/herbst-winter-schnittmuster-paket\\\/#primaryimage\"},\"image\":{\"@id\":\"https:\\\/\\\/cheznu.tv\\\/familymanagement\\\/produkt\\\/herbst-winter-schnittmuster-paket\\\/#primaryimage\"},\"thumbnailUrl\":\"https:\\\/\\\/cheznu.tv\\\/familymanagement\\\/wp-content\\\/uploads\\\/2021\\\/09\\\/9202112-Herbst-Winter-Kleidung-Schnittmuster-Paket.jpg\",\"datePublished\":\"2021-09-19T08:52:57+00:00\",\"dateModified\":\"2024-06-03T11:42:24+00:00\",\"breadcrumb\":{\"@id\":\"https:\\\/\\\/cheznu.tv\\\/familymanagement\\\/produkt\\\/herbst-winter-schnittmuster-paket\\\/#breadcrumb\"},\"inLanguage\":\"de\",\"potentialAction\":[{\"@type\":\"ReadAction\",\"target\":[\"https:\\\/\\\/cheznu.tv\\\/familymanagement\\\/produkt\\\/herbst-winter-schnittmuster-paket\\\/\"]}]},{\"@type\":\"ImageObject\",\"inLanguage\":\"de\",\"@id\":\"https:\\\/\\\/cheznu.tv\\\/familymanagement\\\/produkt\\\/herbst-winter-schnittmuster-paket\\\/#primaryimage\",\"url\":\"https:\\\/\\\/cheznu.tv\\\/familymanagement\\\/wp-content\\\/uploads\\\/2021\\\/09\\\/9202112-Herbst-Winter-Kleidung-Schnittmuster-Paket.jpg\",\"contentUrl\":\"https:\\\/\\\/cheznu.tv\\\/familymanagement\\\/wp-content\\\/uploads\\\/2021\\\/09\\\/9202112-Herbst-Winter-Kleidung-Schnittmuster-Paket.jpg\",\"width\":1000,\"height\":1000,\"caption\":\"Herbst-Winter-Kleidung - Schnittmuster-Paket\"},{\"@type\":\"BreadcrumbList\",\"@id\":\"https:\\\/\\\/cheznu.tv\\\/familymanagement\\\/produkt\\\/herbst-winter-schnittmuster-paket\\\/#breadcrumb\",\"itemListElement\":[{\"@type\":\"ListItem\",\"position\":1,\"name\":\"Startseite\",\"item\":\"https:\\\/\\\/cheznu.tv\\\/familymanagement\\\/\"},{\"@type\":\"ListItem\",\"position\":2,\"name\":\"Shop\",\"item\":\"https:\\\/\\\/cheznu.tv\\\/familymanagement\\\/shop\\\/\"},{\"@type\":\"ListItem\",\"position\":3,\"name\":\"Schnittmuster-Paket: Herbst-Winter-Kleidung\"}]},{\"@type\":\"WebSite\",\"@id\":\"https:\\\/\\\/cheznu.tv\\\/familymanagement\\\/#website\",\"url\":\"https:\\\/\\\/cheznu.tv\\\/familymanagement\\\/\",\"name\":\"ChezNU.TV\",\"description\":\"N\u00e4hen | Basteln | Haushalt | Familie\",\"potentialAction\":[{\"@type\":\"SearchAction\",\"target\":{\"@type\":\"EntryPoint\",\"urlTemplate\":\"https:\\\/\\\/cheznu.tv\\\/familymanagement\\\/?s={search_term_string}\"},\"query-input\":{\"@type\":\"PropertyValueSpecification\",\"valueRequired\":true,\"valueName\":\"search_term_string\"}}],\"inLanguage\":\"de\"}]}<\/script>\n<!-- \/ Yoast SEO plugin. -->","yoast_head_json":{"title":"Schnittmuster-Paket: Herbst-Winter-Kleidung - ChezNU.TV","robots":{"index":"noindex","follow":"nofollow"},"og_locale":"de_DE","og_type":"article","og_title":"Schnittmuster-Paket: Herbst-Winter-Kleidung - ChezNU.TV","og_description":"Das Angebot ist abgelaufen    Das Paket enth\u00e4lt 9 Schnittmuster\u00a0 im Gesamtwert von 47,91 Euro:   1000089-Kaputzenschal  2000026-Shirt Emilia  1000031-Cardigan-Easy-Peasy-2.0  2000016-Raglan Shirt Ilva  2000003-Stulpen  1000042-Hut Snowy Morning  2000014 \u2013 Wendebeanie mit Zopfloch  2000005 - \u00c4rmelstola  1000070 - Poncho Schal  Die Anleitungen mit Video findest Du weiter unten verlinkt.","og_url":"https:\/\/cheznu.tv\/familymanagement\/produkt\/herbst-winter-schnittmuster-paket\/","og_site_name":"ChezNU.TV","article_publisher":"https:\/\/www.facebook.com\/cheznutv\/","article_modified_time":"2024-06-03T11:42:24+00:00","og_image":[{"width":1000,"height":1000,"url":"https:\/\/cheznu.tv\/familymanagement\/wp-content\/uploads\/2021\/09\/9202112-Herbst-Winter-Kleidung-Schnittmuster-Paket.jpg","type":"image\/jpeg"}],"twitter_card":"summary_large_image","twitter_site":"@cheznu_family","twitter_misc":{"Gesch\u00e4tzte Lesezeit":"2\u00a0Minuten"},"schema":{"@context":"https:\/\/schema.org","@graph":[{"@type":"WebPage","@id":"https:\/\/cheznu.tv\/familymanagement\/produkt\/herbst-winter-schnittmuster-paket\/","url":"https:\/\/cheznu.tv\/familymanagement\/produkt\/herbst-winter-schnittmuster-paket\/","name":"Schnittmuster-Paket: Herbst-Winter-Kleidung - ChezNU.TV","isPartOf":{"@id":"https:\/\/cheznu.tv\/familymanagement\/#website"},"primaryImageOfPage":{"@id":"https:\/\/cheznu.tv\/familymanagement\/produkt\/herbst-winter-schnittmuster-paket\/#primaryimage"},"image":{"@id":"https:\/\/cheznu.tv\/familymanagement\/produkt\/herbst-winter-schnittmuster-paket\/#primaryimage"},"thumbnailUrl":"https:\/\/cheznu.tv\/familymanagement\/wp-content\/uploads\/2021\/09\/9202112-Herbst-Winter-Kleidung-Schnittmuster-Paket.jpg","datePublished":"2021-09-19T08:52:57+00:00","dateModified":"2024-06-03T11:42:24+00:00","breadcrumb":{"@id":"https:\/\/cheznu.tv\/familymanagement\/produkt\/herbst-winter-schnittmuster-paket\/#breadcrumb"},"inLanguage":"de","potentialAction":[{"@type":"ReadAction","target":["https:\/\/cheznu.tv\/familymanagement\/produkt\/herbst-winter-schnittmuster-paket\/"]}]},{"@type":"ImageObject","inLanguage":"de","@id":"https:\/\/cheznu.tv\/familymanagement\/produkt\/herbst-winter-schnittmuster-paket\/#primaryimage","url":"https:\/\/cheznu.tv\/familymanagement\/wp-content\/uploads\/2021\/09\/9202112-Herbst-Winter-Kleidung-Schnittmuster-Paket.jpg","contentUrl":"https:\/\/cheznu.tv\/familymanagement\/wp-content\/uploads\/2021\/09\/9202112-Herbst-Winter-Kleidung-Schnittmuster-Paket.jpg","width":1000,"height":1000,"caption":"Herbst-Winter-Kleidung - Schnittmuster-Paket"},{"@type":"BreadcrumbList","@id":"https:\/\/cheznu.tv\/familymanagement\/produkt\/herbst-winter-schnittmuster-paket\/#breadcrumb","itemListElement":[{"@type":"ListItem","position":1,"name":"Startseite","item":"https:\/\/cheznu.tv\/familymanagement\/"},{"@type":"ListItem","position":2,"name":"Shop","item":"https:\/\/cheznu.tv\/familymanagement\/shop\/"},{"@type":"ListItem","position":3,"name":"Schnittmuster-Paket: Herbst-Winter-Kleidung"}]},{"@type":"WebSite","@id":"https:\/\/cheznu.tv\/familymanagement\/#website","url":"https:\/\/cheznu.tv\/familymanagement\/","name":"ChezNU.TV","description":"N\u00e4hen | Basteln | Haushalt | Familie","potentialAction":[{"@type":"SearchAction","target":{"@type":"EntryPoint","urlTemplate":"https:\/\/cheznu.tv\/familymanagement\/?s={search_term_string}"},"query-input":{"@type":"PropertyValueSpecification","valueRequired":true,"valueName":"search_term_string"}}],"inLanguage":"de"}]}},"_links":{"self":[{"href":"https:\/\/cheznu.tv\/familymanagement\/wp-json\/wp\/v2\/product\/67479","targetHints":{"allow":["GET"]}}],"collection":[{"href":"https:\/\/cheznu.tv\/familymanagement\/wp-json\/wp\/v2\/product"}],"about":[{"href":"https:\/\/cheznu.tv\/familymanagement\/wp-json\/wp\/v2\/types\/product"}],"replies":[{"embeddable":true,"href":"https:\/\/cheznu.tv\/familymanagement\/wp-json\/wp\/v2\/comments?post=67479"}],"wp:featuredmedia":[{"embeddable":true,"href":"https:\/\/cheznu.tv\/familymanagement\/wp-json\/wp\/v2\/media\/67483"}],"wp:attachment":[{"href":"https:\/\/cheznu.tv\/familymanagement\/wp-json\/wp\/v2\/media?parent=67479"}],"wp:term":[{"taxonomy":"product_brand","embeddable":true,"href":"https:\/\/cheznu.tv\/familymanagement\/wp-json\/wp\/v2\/product_brand?post=67479"},{"taxonomy":"product_cat","embeddable":true,"href":"https:\/\/cheznu.tv\/familymanagement\/wp-json\/wp\/v2\/product_cat?post=67479"},{"taxonomy":"product_tag","embeddable":true,"href":"https:\/\/cheznu.tv\/familymanagement\/wp-json\/wp\/v2\/product_tag?post=67479"}],"curies":[{"name":"wp","href":"https:\/\/api.w.org\/{rel}","templated":true}]}}