{"id":65799,"date":"2021-08-01T10:30:42","date_gmt":"2021-08-01T08:30:42","guid":{"rendered":"https:\/\/cheznu.tv\/familymanagement\/?post_type=product&#038;p=65799"},"modified":"2023-10-04T08:34:13","modified_gmt":"2023-10-04T06:34:13","slug":"bigshirt-sabrina-schnittmuster","status":"publish","type":"product","link":"https:\/\/cheznu.tv\/familymanagement\/produkt\/bigshirt-sabrina-schnittmuster\/","title":{"rendered":"Bigshirt Sabrina \ud83d\ude0a Gr\u00f6sse S-XXL \ud83d\udc55 Schnittmuster zum Herunterladen und Ausdrucken"},"content":{"rendered":"<p>Die Anleitung mit Video f\u00fcr <i>das Bigshirt Sabrina <\/i>findest Du hier:<\/p>\n<p><a href=\"https:\/\/cheznu.tv\/familymanagement\/bigshirt-sabrina-anleitung\/\">Bigshirt Sabrina n\u00e4hen<\/a><\/p>\n<p><a href='https:\/\/www.spoonflower.com\/profiles\/cheznu_tv' target='_blank' title='Spoonflower-Shop mit den ChezNU-Designs'>Unseren neuen Spoonflower-Shop mit Stoffen im ChezNU-Design findest Du hier.<\/a><\/p><p>Neben dem Schnittmuster \/ Schema \/ Anleitung \/ Plotterdatei erh\u00e4ltst Du als Teil der erworbenen Leistung (gilt auch f\u00fcr kostenlose Produkte) auch unseren kostenlosen Newsletter \u201eSchnittmuster-Alarm\u201c. Im Schnittmuster-Alarm informieren wir haupts\u00e4chlich, aber nicht ausschliesslich \u00fcber neue Schnittmuster, Anleitungen, DIY-Projekte, Angebote in unserem Shop, Angebote in anderen Shops, Materialbezugsquellen und allem was irgendwie mit N\u00e4hen, H\u00e4keln, Basteln, Stricken, Upcycling, Organisation und Familie zu tun hat.<\/p><p>Nach Deiner Bestellung erh\u00e4ltst Du die E-Mails automatisch. Du kannst sie allerdings jederzeit und ohne Angabe von Gr\u00fcnden \u00fcber den Link am Ende jeder E-Mail abbestellen.<br>\n\tDie Transparenzerkl\u00e4rung zu unserem Schnittmuster-Alarm findest Du <a title='Transparenzerkl\u00e4rung' href='https:\/\/cheznu.tv\/familymanagement\/transparenzerklaerung-zum-schnittmuster-alarm-newsletter\/' target='_blank'>hier<\/a><\/p>\n<p><strong>Zum Schnittmuster<\/strong><\/p>\n<p>Das Schnittmuster kommt als PDF, wenn es sich um mehrere PDFs handelt packen wir diese in eine ZIP-Datei. Diese muss erst abgespeichert und entpackt werden, bevor man sie auf A4-Papier (Standard) ausdrucken und dann zusammenkleben kann.<br \/>\nFalls Du das noch nie gemacht hast findest Du eine Anleitung in unseren <a href=\"https:\/\/cheznu.tv\/familymanagement\/faq\/\">FAQs<\/a>.<\/p>\n<p>So entf\u00e4llt das l\u00e4stige Schnittmuster kopieren mit teurem Seidenpapier. Das Schnittmuster kann nach dem Zusammenkleben direkt ausgeschnitten werden.<\/p>\n<p>Bitte beachte, die richtigen Druckoptionen einzustellen. Das funktioniert genauso, wie bei Burda.<br \/>\n<a href=\"http:\/\/cheznu.tv\/familymanagement\/burda-schnittmuster-ausdrucken\/\">Burda Schnittmuster Ausdrucken.<\/a><\/p>\n<p>Wie das mit dem Zusammenkleben funktioniert haben wir hier kurz erkl\u00e4rt.<br \/>\n<a href=\"http:\/\/cheznu.tv\/familymanagement\/so-gehts\/\">So geht\u00b4s<\/a>.<\/p>\n<p><a href=\"http:\/\/cheznu.tv\/familymanagement\/wp-content\/uploads\/2018\/01\/ChezNU-Groessentabelle_fuer_Damen.pdf\" target=\"_blank\" rel=\"noopener noreferrer\">Die Gr\u00f6ssetabelle mit den Massen f\u00fcr Damen findest Du hier.<\/a><\/p>\n<p>Dieser Schnitt darf zu privaten Zwecken und zur Fertigung von Einzelst\u00fccken\/Kleinserien (bis 5 Modelle) unter Nennung der Herkunft verwendet werden (ChezNU.TV). Massenproduktion der fertigen Ware sowie Kopieren, Weitergabe, Abdruck oder Ver\u00f6ffentlichung (auch teilweise) des Schnittmusters bedarf der schriftlichen Genehmigung. Wenn Du Dir nicht sicher bist, schreibe uns einfach kurz eine <a href=\"mailto:nu@cheznu.tv\">E-Mail.<\/a><\/p>\n<p><img decoding=\"async\" src=\"https:\/\/klick.cheznu.tv\/pix\/1s8wz4na2zfz75e5\" width=\"1\" height=\"1\" \/><\/p>\n","protected":false},"excerpt":{"rendered":"<p>Das Bigshirt Sabrina ist ein einfaches, gerade geschnittenes Bigshirt (auch Maxishirt oder Longshirt genannt). Es ist einfach zu n\u00e4hen und etwas oversized geschnitten. Es eignet sich als Freizeitshirt, Strandkleid oder auch Schlafshirt. Die L\u00e4nge betr\u00e4gt ca 90cm, aber Du kannst diese sehr leicht an Deine W\u00fcnsche anspassen.<\/p>\n<p>Zum Schnittmuster gibt es neben der \u00f6ffentlichen Videoanleitung auch ein ausf\u00fchrliches E-Book.<\/p>\n<p>Die <strong>Videoanleitungen zum Shirt <\/strong>findest Du weiter unten verlinkt.<\/p>\n<p>Solltest Du dar\u00fcber hinaus noch fragen zum Schnittmuster haben, schreib uns gerne an: <a href=\"mailto:schnittmuster@cheznu.tv\">schnittmuster@cheznu.tv<\/a><\/p>\n","protected":false},"featured_media":65810,"comment_status":"open","ping_status":"closed","template":"","meta":[],"product_brand":[],"product_cat":[822,810,811,2412],"product_tag":[2700,2696,2699,2698,2697,848,2701,2702,2703,1482,839,1484],"class_list":{"0":"post-65799","1":"product","2":"type-product","3":"status-publish","4":"has-post-thumbnail","6":"product_cat-kleidung","7":"product_cat-naehen","8":"product_cat-schnittmuster","9":"product_cat-t-shirt","10":"product_tag-big-shirt","11":"product_tag-bigshirt","12":"product_tag-long-shirt","13":"product_tag-longshirt","14":"product_tag-maxishirt","15":"product_tag-naehen","16":"product_tag-oversize","17":"product_tag-oversized","18":"product_tag-schlafshirt","19":"product_tag-shirt","20":"product_tag-strandkleid","21":"product_tag-t-shirt","23":"first","24":"instock","25":"downloadable","26":"virtual","27":"sold-individually","28":"purchasable","29":"product-type-simple"},"yoast_head":"<!-- This site is optimized with the Yoast SEO plugin v27.6 - https:\/\/yoast.com\/product\/yoast-seo-wordpress\/ -->\n<title>Bigshirt Sabrina \ud83d\ude0a Gr\u00f6sse S-XXL \ud83d\udc55 Schnittmuster zum Herunterladen und Ausdrucken - ChezNU.TV<\/title>\n<meta name=\"description\" content=\"Ein einfaches Schnittmuster f\u00fcr ein Bigshirt, Maxishirt oder Longshirt, dass auch ein N\u00e4hanf\u00e4nger gut n\u00e4hen kann.\" \/>\n<meta name=\"robots\" content=\"index, follow, max-snippet:-1, max-image-preview:large, max-video-preview:-1\" \/>\n<link rel=\"canonical\" href=\"https:\/\/cheznu.tv\/familymanagement\/produkt\/bigshirt-sabrina-schnittmuster\/\" \/>\n<meta property=\"og:locale\" content=\"de_DE\" \/>\n<meta property=\"og:type\" content=\"article\" \/>\n<meta property=\"og:title\" content=\"Bigshirt Sabrina \ud83d\ude0a Gr\u00f6sse S-XXL \ud83d\udc55 Schnittmuster zum Herunterladen und Ausdrucken - ChezNU.TV\" \/>\n<meta property=\"og:description\" content=\"Ein einfaches Schnittmuster f\u00fcr ein Bigshirt, Maxishirt oder Longshirt, dass auch ein N\u00e4hanf\u00e4nger gut n\u00e4hen kann.\" \/>\n<meta property=\"og:url\" content=\"https:\/\/cheznu.tv\/familymanagement\/produkt\/bigshirt-sabrina-schnittmuster\/\" \/>\n<meta property=\"og:site_name\" content=\"ChezNU.TV\" \/>\n<meta property=\"article:publisher\" content=\"https:\/\/www.facebook.com\/cheznutv\/\" \/>\n<meta property=\"article:modified_time\" content=\"2023-10-04T06:34:13+00:00\" \/>\n<meta property=\"og:image\" content=\"https:\/\/cheznu.tv\/familymanagement\/wp-content\/uploads\/2021\/05\/Einfache-Bluse-naehen-fuer-Anfaenger-Bluse-Bridget.jpg\" \/>\n\t<meta property=\"og:image:width\" content=\"1200\" \/>\n\t<meta property=\"og:image:height\" content=\"630\" \/>\n\t<meta property=\"og:image:type\" content=\"image\/jpeg\" \/>\n<meta name=\"twitter:card\" content=\"summary_large_image\" \/>\n<meta name=\"twitter:image\" content=\"https:\/\/cheznu.tv\/familymanagement\/wp-content\/uploads\/2021\/05\/Schnittmuster-Bluse-Bridget-Tragebild-von-links-nach-hingen-gelehnt.jpg\" \/>\n<meta name=\"twitter:site\" content=\"@cheznu_family\" \/>\n<meta name=\"twitter:label1\" content=\"Gesch\u00e4tzte Lesezeit\" \/>\n\t<meta name=\"twitter:data1\" content=\"2\u00a0Minuten\" \/>\n<script type=\"application\/ld+json\" class=\"yoast-schema-graph\">{\"@context\":\"https:\\\/\\\/schema.org\",\"@graph\":[{\"@type\":\"WebPage\",\"@id\":\"https:\\\/\\\/cheznu.tv\\\/familymanagement\\\/produkt\\\/bigshirt-sabrina-schnittmuster\\\/\",\"url\":\"https:\\\/\\\/cheznu.tv\\\/familymanagement\\\/produkt\\\/bigshirt-sabrina-schnittmuster\\\/\",\"name\":\"Bigshirt Sabrina \ud83d\ude0a Gr\u00f6sse S-XXL \ud83d\udc55 Schnittmuster zum Herunterladen und Ausdrucken - ChezNU.TV\",\"isPartOf\":{\"@id\":\"https:\\\/\\\/cheznu.tv\\\/familymanagement\\\/#website\"},\"primaryImageOfPage\":{\"@id\":\"https:\\\/\\\/cheznu.tv\\\/familymanagement\\\/produkt\\\/bigshirt-sabrina-schnittmuster\\\/#primaryimage\"},\"image\":{\"@id\":\"https:\\\/\\\/cheznu.tv\\\/familymanagement\\\/produkt\\\/bigshirt-sabrina-schnittmuster\\\/#primaryimage\"},\"thumbnailUrl\":\"https:\\\/\\\/cheznu.tv\\\/familymanagement\\\/wp-content\\\/uploads\\\/2021\\\/08\\\/Bigshirt-Sabrina-Schnittmuster-frontal-komplett.jpg\",\"datePublished\":\"2021-08-01T08:30:42+00:00\",\"dateModified\":\"2023-10-04T06:34:13+00:00\",\"description\":\"Ein einfaches Schnittmuster f\u00fcr ein Bigshirt, Maxishirt oder Longshirt, dass auch ein N\u00e4hanf\u00e4nger gut n\u00e4hen kann.\",\"breadcrumb\":{\"@id\":\"https:\\\/\\\/cheznu.tv\\\/familymanagement\\\/produkt\\\/bigshirt-sabrina-schnittmuster\\\/#breadcrumb\"},\"inLanguage\":\"de\",\"potentialAction\":[{\"@type\":\"ReadAction\",\"target\":[\"https:\\\/\\\/cheznu.tv\\\/familymanagement\\\/produkt\\\/bigshirt-sabrina-schnittmuster\\\/\"]}]},{\"@type\":\"ImageObject\",\"inLanguage\":\"de\",\"@id\":\"https:\\\/\\\/cheznu.tv\\\/familymanagement\\\/produkt\\\/bigshirt-sabrina-schnittmuster\\\/#primaryimage\",\"url\":\"https:\\\/\\\/cheznu.tv\\\/familymanagement\\\/wp-content\\\/uploads\\\/2021\\\/08\\\/Bigshirt-Sabrina-Schnittmuster-frontal-komplett.jpg\",\"contentUrl\":\"https:\\\/\\\/cheznu.tv\\\/familymanagement\\\/wp-content\\\/uploads\\\/2021\\\/08\\\/Bigshirt-Sabrina-Schnittmuster-frontal-komplett.jpg\",\"width\":1000,\"height\":1000,\"caption\":\"Bigshirt Sabrina Schnittmuster - frontal komplett\"},{\"@type\":\"BreadcrumbList\",\"@id\":\"https:\\\/\\\/cheznu.tv\\\/familymanagement\\\/produkt\\\/bigshirt-sabrina-schnittmuster\\\/#breadcrumb\",\"itemListElement\":[{\"@type\":\"ListItem\",\"position\":1,\"name\":\"Startseite\",\"item\":\"https:\\\/\\\/cheznu.tv\\\/familymanagement\\\/\"},{\"@type\":\"ListItem\",\"position\":2,\"name\":\"Shop\",\"item\":\"https:\\\/\\\/cheznu.tv\\\/familymanagement\\\/shop\\\/\"},{\"@type\":\"ListItem\",\"position\":3,\"name\":\"Bigshirt Sabrina \ud83d\ude0a Gr\u00f6sse S-XXL \ud83d\udc55 Schnittmuster zum Herunterladen und Ausdrucken\"}]},{\"@type\":\"WebSite\",\"@id\":\"https:\\\/\\\/cheznu.tv\\\/familymanagement\\\/#website\",\"url\":\"https:\\\/\\\/cheznu.tv\\\/familymanagement\\\/\",\"name\":\"ChezNU.TV\",\"description\":\"N\u00e4hen | Basteln | Haushalt | Familie\",\"potentialAction\":[{\"@type\":\"SearchAction\",\"target\":{\"@type\":\"EntryPoint\",\"urlTemplate\":\"https:\\\/\\\/cheznu.tv\\\/familymanagement\\\/?s={search_term_string}\"},\"query-input\":{\"@type\":\"PropertyValueSpecification\",\"valueRequired\":true,\"valueName\":\"search_term_string\"}}],\"inLanguage\":\"de\"}]}<\/script>\n<!-- \/ Yoast SEO plugin. -->","yoast_head_json":{"title":"Bigshirt Sabrina \ud83d\ude0a Gr\u00f6sse S-XXL \ud83d\udc55 Schnittmuster zum Herunterladen und Ausdrucken - ChezNU.TV","description":"Ein einfaches Schnittmuster f\u00fcr ein Bigshirt, Maxishirt oder Longshirt, dass auch ein N\u00e4hanf\u00e4nger gut n\u00e4hen kann.","robots":{"index":"index","follow":"follow","max-snippet":"max-snippet:-1","max-image-preview":"max-image-preview:large","max-video-preview":"max-video-preview:-1"},"canonical":"https:\/\/cheznu.tv\/familymanagement\/produkt\/bigshirt-sabrina-schnittmuster\/","og_locale":"de_DE","og_type":"article","og_title":"Bigshirt Sabrina \ud83d\ude0a Gr\u00f6sse S-XXL \ud83d\udc55 Schnittmuster zum Herunterladen und Ausdrucken - ChezNU.TV","og_description":"Ein einfaches Schnittmuster f\u00fcr ein Bigshirt, Maxishirt oder Longshirt, dass auch ein N\u00e4hanf\u00e4nger gut n\u00e4hen kann.","og_url":"https:\/\/cheznu.tv\/familymanagement\/produkt\/bigshirt-sabrina-schnittmuster\/","og_site_name":"ChezNU.TV","article_publisher":"https:\/\/www.facebook.com\/cheznutv\/","article_modified_time":"2023-10-04T06:34:13+00:00","og_image":[{"width":1200,"height":630,"url":"https:\/\/cheznu.tv\/familymanagement\/wp-content\/uploads\/2021\/05\/Einfache-Bluse-naehen-fuer-Anfaenger-Bluse-Bridget.jpg","type":"image\/jpeg"}],"twitter_card":"summary_large_image","twitter_image":"https:\/\/cheznu.tv\/familymanagement\/wp-content\/uploads\/2021\/05\/Schnittmuster-Bluse-Bridget-Tragebild-von-links-nach-hingen-gelehnt.jpg","twitter_site":"@cheznu_family","twitter_misc":{"Gesch\u00e4tzte Lesezeit":"2\u00a0Minuten"},"schema":{"@context":"https:\/\/schema.org","@graph":[{"@type":"WebPage","@id":"https:\/\/cheznu.tv\/familymanagement\/produkt\/bigshirt-sabrina-schnittmuster\/","url":"https:\/\/cheznu.tv\/familymanagement\/produkt\/bigshirt-sabrina-schnittmuster\/","name":"Bigshirt Sabrina \ud83d\ude0a Gr\u00f6sse S-XXL \ud83d\udc55 Schnittmuster zum Herunterladen und Ausdrucken - ChezNU.TV","isPartOf":{"@id":"https:\/\/cheznu.tv\/familymanagement\/#website"},"primaryImageOfPage":{"@id":"https:\/\/cheznu.tv\/familymanagement\/produkt\/bigshirt-sabrina-schnittmuster\/#primaryimage"},"image":{"@id":"https:\/\/cheznu.tv\/familymanagement\/produkt\/bigshirt-sabrina-schnittmuster\/#primaryimage"},"thumbnailUrl":"https:\/\/cheznu.tv\/familymanagement\/wp-content\/uploads\/2021\/08\/Bigshirt-Sabrina-Schnittmuster-frontal-komplett.jpg","datePublished":"2021-08-01T08:30:42+00:00","dateModified":"2023-10-04T06:34:13+00:00","description":"Ein einfaches Schnittmuster f\u00fcr ein Bigshirt, Maxishirt oder Longshirt, dass auch ein N\u00e4hanf\u00e4nger gut n\u00e4hen kann.","breadcrumb":{"@id":"https:\/\/cheznu.tv\/familymanagement\/produkt\/bigshirt-sabrina-schnittmuster\/#breadcrumb"},"inLanguage":"de","potentialAction":[{"@type":"ReadAction","target":["https:\/\/cheznu.tv\/familymanagement\/produkt\/bigshirt-sabrina-schnittmuster\/"]}]},{"@type":"ImageObject","inLanguage":"de","@id":"https:\/\/cheznu.tv\/familymanagement\/produkt\/bigshirt-sabrina-schnittmuster\/#primaryimage","url":"https:\/\/cheznu.tv\/familymanagement\/wp-content\/uploads\/2021\/08\/Bigshirt-Sabrina-Schnittmuster-frontal-komplett.jpg","contentUrl":"https:\/\/cheznu.tv\/familymanagement\/wp-content\/uploads\/2021\/08\/Bigshirt-Sabrina-Schnittmuster-frontal-komplett.jpg","width":1000,"height":1000,"caption":"Bigshirt Sabrina Schnittmuster - frontal komplett"},{"@type":"BreadcrumbList","@id":"https:\/\/cheznu.tv\/familymanagement\/produkt\/bigshirt-sabrina-schnittmuster\/#breadcrumb","itemListElement":[{"@type":"ListItem","position":1,"name":"Startseite","item":"https:\/\/cheznu.tv\/familymanagement\/"},{"@type":"ListItem","position":2,"name":"Shop","item":"https:\/\/cheznu.tv\/familymanagement\/shop\/"},{"@type":"ListItem","position":3,"name":"Bigshirt Sabrina \ud83d\ude0a Gr\u00f6sse S-XXL \ud83d\udc55 Schnittmuster zum Herunterladen und Ausdrucken"}]},{"@type":"WebSite","@id":"https:\/\/cheznu.tv\/familymanagement\/#website","url":"https:\/\/cheznu.tv\/familymanagement\/","name":"ChezNU.TV","description":"N\u00e4hen | Basteln | Haushalt | Familie","potentialAction":[{"@type":"SearchAction","target":{"@type":"EntryPoint","urlTemplate":"https:\/\/cheznu.tv\/familymanagement\/?s={search_term_string}"},"query-input":{"@type":"PropertyValueSpecification","valueRequired":true,"valueName":"search_term_string"}}],"inLanguage":"de"}]}},"_links":{"self":[{"href":"https:\/\/cheznu.tv\/familymanagement\/wp-json\/wp\/v2\/product\/65799","targetHints":{"allow":["GET"]}}],"collection":[{"href":"https:\/\/cheznu.tv\/familymanagement\/wp-json\/wp\/v2\/product"}],"about":[{"href":"https:\/\/cheznu.tv\/familymanagement\/wp-json\/wp\/v2\/types\/product"}],"replies":[{"embeddable":true,"href":"https:\/\/cheznu.tv\/familymanagement\/wp-json\/wp\/v2\/comments?post=65799"}],"wp:featuredmedia":[{"embeddable":true,"href":"https:\/\/cheznu.tv\/familymanagement\/wp-json\/wp\/v2\/media\/65810"}],"wp:attachment":[{"href":"https:\/\/cheznu.tv\/familymanagement\/wp-json\/wp\/v2\/media?parent=65799"}],"wp:term":[{"taxonomy":"product_brand","embeddable":true,"href":"https:\/\/cheznu.tv\/familymanagement\/wp-json\/wp\/v2\/product_brand?post=65799"},{"taxonomy":"product_cat","embeddable":true,"href":"https:\/\/cheznu.tv\/familymanagement\/wp-json\/wp\/v2\/product_cat?post=65799"},{"taxonomy":"product_tag","embeddable":true,"href":"https:\/\/cheznu.tv\/familymanagement\/wp-json\/wp\/v2\/product_tag?post=65799"}],"curies":[{"name":"wp","href":"https:\/\/api.w.org\/{rel}","templated":true}]}}