{"id":6431,"date":"2017-12-01T11:05:21","date_gmt":"2017-12-01T09:05:21","guid":{"rendered":"http:\/\/cheznu.tv\/familymanagement\/produkt\/stern-und-stiefel-fuer-weihnachten-schnittmuster\/"},"modified":"2024-12-01T23:00:24","modified_gmt":"2024-12-01T22:00:24","slug":"stern-und-stiefel-fuer-weihnachten-schnittmuster","status":"publish","type":"product","link":"https:\/\/cheznu.tv\/familymanagement\/produkt\/stern-und-stiefel-fuer-weihnachten-schnittmuster\/","title":{"rendered":"Stern &#038; Stiefel: Festliche Schnittmuster f\u00fcr Weihnachten"},"content":{"rendered":"<p>Die N\u00e4hanleitung mit vielen Bildern sowie das\u00a0\u00a0Anleitungsvideo findest Du hier:<\/p>\n<p><a href=\"https:\/\/cheznu.tv\/familymanagement\/stern-und-stiefel-naehen-fuer-weihnachten\/\">Stern und Stiefel n\u00e4hen f\u00fcr Weihnachten Anleitung und Tutorial<\/a><\/p>\n<p><a href='https:\/\/www.spoonflower.com\/profiles\/cheznu_tv' target='_blank' title='Spoonflower-Shop mit den ChezNU-Designs'>Unseren neuen Spoonflower-Shop mit Stoffen im ChezNU-Design findest Du hier.<\/a><\/p><p>Neben dem Schnittmuster \/ Schema \/ Anleitung \/ Plotterdatei erh\u00e4ltst Du als Teil der erworbenen Leistung (gilt auch f\u00fcr kostenlose Produkte) auch unseren kostenlosen Newsletter \u201eSchnittmuster-Alarm\u201c. Im Schnittmuster-Alarm informieren wir haupts\u00e4chlich, aber nicht ausschliesslich \u00fcber neue Schnittmuster, Anleitungen, DIY-Projekte, Angebote in unserem Shop, Angebote in anderen Shops, Materialbezugsquellen und allem was irgendwie mit N\u00e4hen, H\u00e4keln, Basteln, Stricken, Upcycling, Organisation und Familie zu tun hat.<\/p><p>Nach Deiner Bestellung erh\u00e4ltst Du die E-Mails automatisch. Du kannst sie allerdings jederzeit und ohne Angabe von Gr\u00fcnden \u00fcber den Link am Ende jeder E-Mail abbestellen.<br>\n\tDie Transparenzerkl\u00e4rung zu unserem Schnittmuster-Alarm findest Du <a title='Transparenzerkl\u00e4rung' href='https:\/\/cheznu.tv\/familymanagement\/transparenzerklaerung-zum-schnittmuster-alarm-newsletter\/' target='_blank'>hier<\/a><\/p>\n<p>Das Schnittmuster kommt als PDF und kann auf A4-Papier (Standard) ausgedruckt und dann zusammengeklebt werden.<br \/>\nSo entf\u00e4llt das l\u00e4stige Schnittmuster kopieren mit teurem Seidenpapier. Das Schnittmuster kann nach dem Zusammenkleben direkt ausgeschnitten werden.<\/p>\n<p>Bitte beachte, die richtigen Druckoptionen einzustellen. Das funktioniert genauso, wie bei Burda.<br \/>\n<a href=\"http:\/\/cheznu.tv\/familymanagement\/burda-schnittmuster-ausdrucken\/\">Burda Schnittmuster Ausdrucken.<\/a><\/p>\n<p>Wie das mit dem Zusammenkleben funktioniert haben wir hier kurz erkl\u00e4rt.<br \/>\n<a href=\"http:\/\/cheznu.tv\/familymanagement\/so-gehts\/\">So geht\u00b4s<\/a>.<\/p>\n<p>Dieser Schnitt darf zu privaten Zwecken und zur Fertigung von Einzelst\u00fccken\/Kleinserien (bis 5 Modelle) unter Nennung der Herkunft verwendet werden (ChezNU.TV). Massenproduktion der fertigen Ware sowie Kopieren, Weitergabe, Abdruck oder Ver\u00f6ffentlichung (auch teilweise) des Schnittmusters ist bedarf der schriftlichen Genehmigung. Wenn Du Dir nicht sicher bist, schreibe uns einfach kurz eine <a href=\"mailto:nu@cheznu.tv\">E-Mail.<\/a><\/p>\n","protected":false},"excerpt":{"rendered":"<p>Gestalte festliche Deko f\u00fcr Weihnachten mit diesen einfachen Schnittmustern. Ob f\u00fcr den Baum, den Tisch oder als Geschenk \u2013 diese Projekte sind ideal f\u00fcr Anf\u00e4nger und Fortgeschrittene und bringen pers\u00f6nliche Akzente in Dein Zuhause.<\/p>\n<p>Den Stern gibt es in 2 Gr\u00f6ssen:<\/p>\n<ul>\n<li>30cm<\/li>\n<li>60cm<\/li>\n<\/ul>\n<p>und den Stiefel in 3 Gr\u00f6ssen:<\/p>\n<ul>\n<li>20cm<\/li>\n<li>40cm<\/li>\n<li>60cm<\/li>\n<\/ul>\n","protected":false},"featured_media":79071,"comment_status":"open","ping_status":"closed","template":"","meta":[],"product_brand":[],"product_cat":[869,810,811,851],"product_tag":[806,879,850,880,807,808],"class_list":{"0":"post-6431","1":"product","2":"type-product","3":"status-publish","4":"has-post-thumbnail","6":"product_cat-deko","7":"product_cat-naehen","8":"product_cat-schnittmuster","9":"product_cat-weihnachten","10":"product_tag-ausdrucken","11":"product_tag-baby-annabell","12":"product_tag-baby-born","13":"product_tag-puppe","14":"product_tag-schnittmuster","15":"product_tag-tasche","17":"first","18":"instock","19":"downloadable","20":"virtual","21":"purchasable","22":"product-type-simple"},"yoast_head":"<!-- This site is optimized with the Yoast SEO plugin v27.4 - https:\/\/yoast.com\/product\/yoast-seo-wordpress\/ -->\n<title>Stern &amp; Stiefel: Festliche Schnittmuster f\u00fcr Weihnachten - ChezNU.TV<\/title>\n<meta name=\"robots\" content=\"index, follow, max-snippet:-1, max-image-preview:large, max-video-preview:-1\" \/>\n<link rel=\"canonical\" href=\"https:\/\/cheznu.tv\/familymanagement\/produkt\/stern-und-stiefel-fuer-weihnachten-schnittmuster\/\" \/>\n<meta property=\"og:locale\" content=\"de_DE\" \/>\n<meta property=\"og:type\" content=\"article\" \/>\n<meta property=\"og:title\" content=\"Stern &amp; Stiefel: Festliche Schnittmuster f\u00fcr Weihnachten - ChezNU.TV\" \/>\n<meta property=\"og:description\" content=\"Gestalte festliche Deko f\u00fcr Weihnachten mit diesen einfachen Schnittmustern. Ob f\u00fcr den Baum, den Tisch oder als Geschenk \u2013 diese Projekte sind ideal f\u00fcr Anf\u00e4nger und Fortgeschrittene und bringen pers\u00f6nliche Akzente in Dein Zuhause.  Den Stern gibt es in 2 Gr\u00f6ssen:   30cm  60cm  und den Stiefel in 3 Gr\u00f6ssen:   20cm  40cm  60cm\" \/>\n<meta property=\"og:url\" content=\"https:\/\/cheznu.tv\/familymanagement\/produkt\/stern-und-stiefel-fuer-weihnachten-schnittmuster\/\" \/>\n<meta property=\"og:site_name\" content=\"ChezNU.TV\" \/>\n<meta property=\"article:publisher\" content=\"https:\/\/www.facebook.com\/cheznutv\/\" \/>\n<meta property=\"article:modified_time\" content=\"2024-12-01T22:00:24+00:00\" \/>\n<meta property=\"og:image\" content=\"https:\/\/cheznu.tv\/familymanagement\/wp-content\/uploads\/2017\/12\/Stern_und_Stiefel_naehen_fuer_Weihnachten_0_mit_Schnittmuster.jpg\" \/>\n\t<meta property=\"og:image:width\" content=\"1080\" \/>\n\t<meta property=\"og:image:height\" content=\"1080\" \/>\n\t<meta property=\"og:image:type\" content=\"image\/jpeg\" \/>\n<meta name=\"twitter:card\" content=\"summary_large_image\" \/>\n<meta name=\"twitter:site\" content=\"@cheznu_family\" \/>\n<meta name=\"twitter:label1\" content=\"Gesch\u00e4tzte Lesezeit\" \/>\n\t<meta name=\"twitter:data1\" content=\"2\u00a0Minuten\" \/>\n<script type=\"application\/ld+json\" class=\"yoast-schema-graph\">{\"@context\":\"https:\\\/\\\/schema.org\",\"@graph\":[{\"@type\":\"WebPage\",\"@id\":\"https:\\\/\\\/cheznu.tv\\\/familymanagement\\\/produkt\\\/stern-und-stiefel-fuer-weihnachten-schnittmuster\\\/\",\"url\":\"https:\\\/\\\/cheznu.tv\\\/familymanagement\\\/produkt\\\/stern-und-stiefel-fuer-weihnachten-schnittmuster\\\/\",\"name\":\"Stern & Stiefel: Festliche Schnittmuster f\u00fcr Weihnachten - ChezNU.TV\",\"isPartOf\":{\"@id\":\"https:\\\/\\\/cheznu.tv\\\/familymanagement\\\/#website\"},\"primaryImageOfPage\":{\"@id\":\"https:\\\/\\\/cheznu.tv\\\/familymanagement\\\/produkt\\\/stern-und-stiefel-fuer-weihnachten-schnittmuster\\\/#primaryimage\"},\"image\":{\"@id\":\"https:\\\/\\\/cheznu.tv\\\/familymanagement\\\/produkt\\\/stern-und-stiefel-fuer-weihnachten-schnittmuster\\\/#primaryimage\"},\"thumbnailUrl\":\"https:\\\/\\\/cheznu.tv\\\/familymanagement\\\/wp-content\\\/uploads\\\/2017\\\/12\\\/Stern_und_Stiefel_naehen_fuer_Weihnachten_0_mit_Schnittmuster.jpg\",\"datePublished\":\"2017-12-01T09:05:21+00:00\",\"dateModified\":\"2024-12-01T22:00:24+00:00\",\"breadcrumb\":{\"@id\":\"https:\\\/\\\/cheznu.tv\\\/familymanagement\\\/produkt\\\/stern-und-stiefel-fuer-weihnachten-schnittmuster\\\/#breadcrumb\"},\"inLanguage\":\"de\",\"potentialAction\":[{\"@type\":\"ReadAction\",\"target\":[\"https:\\\/\\\/cheznu.tv\\\/familymanagement\\\/produkt\\\/stern-und-stiefel-fuer-weihnachten-schnittmuster\\\/\"]}]},{\"@type\":\"ImageObject\",\"inLanguage\":\"de\",\"@id\":\"https:\\\/\\\/cheznu.tv\\\/familymanagement\\\/produkt\\\/stern-und-stiefel-fuer-weihnachten-schnittmuster\\\/#primaryimage\",\"url\":\"https:\\\/\\\/cheznu.tv\\\/familymanagement\\\/wp-content\\\/uploads\\\/2017\\\/12\\\/Stern_und_Stiefel_naehen_fuer_Weihnachten_0_mit_Schnittmuster.jpg\",\"contentUrl\":\"https:\\\/\\\/cheznu.tv\\\/familymanagement\\\/wp-content\\\/uploads\\\/2017\\\/12\\\/Stern_und_Stiefel_naehen_fuer_Weihnachten_0_mit_Schnittmuster.jpg\",\"width\":1080,\"height\":1080,\"caption\":\"Stern und Stiefel n\u00e4hen f\u00fcr Weihnachten mit Schnittmuster\"},{\"@type\":\"BreadcrumbList\",\"@id\":\"https:\\\/\\\/cheznu.tv\\\/familymanagement\\\/produkt\\\/stern-und-stiefel-fuer-weihnachten-schnittmuster\\\/#breadcrumb\",\"itemListElement\":[{\"@type\":\"ListItem\",\"position\":1,\"name\":\"Startseite\",\"item\":\"https:\\\/\\\/cheznu.tv\\\/familymanagement\\\/\"},{\"@type\":\"ListItem\",\"position\":2,\"name\":\"Shop\",\"item\":\"https:\\\/\\\/cheznu.tv\\\/familymanagement\\\/shop\\\/\"},{\"@type\":\"ListItem\",\"position\":3,\"name\":\"Stern &#038; Stiefel: Festliche Schnittmuster f\u00fcr Weihnachten\"}]},{\"@type\":\"WebSite\",\"@id\":\"https:\\\/\\\/cheznu.tv\\\/familymanagement\\\/#website\",\"url\":\"https:\\\/\\\/cheznu.tv\\\/familymanagement\\\/\",\"name\":\"ChezNU.TV\",\"description\":\"N\u00e4hen | Basteln | Haushalt | Familie\",\"potentialAction\":[{\"@type\":\"SearchAction\",\"target\":{\"@type\":\"EntryPoint\",\"urlTemplate\":\"https:\\\/\\\/cheznu.tv\\\/familymanagement\\\/?s={search_term_string}\"},\"query-input\":{\"@type\":\"PropertyValueSpecification\",\"valueRequired\":true,\"valueName\":\"search_term_string\"}}],\"inLanguage\":\"de\"}]}<\/script>\n<!-- \/ Yoast SEO plugin. -->","yoast_head_json":{"title":"Stern & Stiefel: Festliche Schnittmuster f\u00fcr Weihnachten - ChezNU.TV","robots":{"index":"index","follow":"follow","max-snippet":"max-snippet:-1","max-image-preview":"max-image-preview:large","max-video-preview":"max-video-preview:-1"},"canonical":"https:\/\/cheznu.tv\/familymanagement\/produkt\/stern-und-stiefel-fuer-weihnachten-schnittmuster\/","og_locale":"de_DE","og_type":"article","og_title":"Stern & Stiefel: Festliche Schnittmuster f\u00fcr Weihnachten - ChezNU.TV","og_description":"Gestalte festliche Deko f\u00fcr Weihnachten mit diesen einfachen Schnittmustern. Ob f\u00fcr den Baum, den Tisch oder als Geschenk \u2013 diese Projekte sind ideal f\u00fcr Anf\u00e4nger und Fortgeschrittene und bringen pers\u00f6nliche Akzente in Dein Zuhause.  Den Stern gibt es in 2 Gr\u00f6ssen:   30cm  60cm  und den Stiefel in 3 Gr\u00f6ssen:   20cm  40cm  60cm","og_url":"https:\/\/cheznu.tv\/familymanagement\/produkt\/stern-und-stiefel-fuer-weihnachten-schnittmuster\/","og_site_name":"ChezNU.TV","article_publisher":"https:\/\/www.facebook.com\/cheznutv\/","article_modified_time":"2024-12-01T22:00:24+00:00","og_image":[{"width":1080,"height":1080,"url":"https:\/\/cheznu.tv\/familymanagement\/wp-content\/uploads\/2017\/12\/Stern_und_Stiefel_naehen_fuer_Weihnachten_0_mit_Schnittmuster.jpg","type":"image\/jpeg"}],"twitter_card":"summary_large_image","twitter_site":"@cheznu_family","twitter_misc":{"Gesch\u00e4tzte Lesezeit":"2\u00a0Minuten"},"schema":{"@context":"https:\/\/schema.org","@graph":[{"@type":"WebPage","@id":"https:\/\/cheznu.tv\/familymanagement\/produkt\/stern-und-stiefel-fuer-weihnachten-schnittmuster\/","url":"https:\/\/cheznu.tv\/familymanagement\/produkt\/stern-und-stiefel-fuer-weihnachten-schnittmuster\/","name":"Stern & Stiefel: Festliche Schnittmuster f\u00fcr Weihnachten - ChezNU.TV","isPartOf":{"@id":"https:\/\/cheznu.tv\/familymanagement\/#website"},"primaryImageOfPage":{"@id":"https:\/\/cheznu.tv\/familymanagement\/produkt\/stern-und-stiefel-fuer-weihnachten-schnittmuster\/#primaryimage"},"image":{"@id":"https:\/\/cheznu.tv\/familymanagement\/produkt\/stern-und-stiefel-fuer-weihnachten-schnittmuster\/#primaryimage"},"thumbnailUrl":"https:\/\/cheznu.tv\/familymanagement\/wp-content\/uploads\/2017\/12\/Stern_und_Stiefel_naehen_fuer_Weihnachten_0_mit_Schnittmuster.jpg","datePublished":"2017-12-01T09:05:21+00:00","dateModified":"2024-12-01T22:00:24+00:00","breadcrumb":{"@id":"https:\/\/cheznu.tv\/familymanagement\/produkt\/stern-und-stiefel-fuer-weihnachten-schnittmuster\/#breadcrumb"},"inLanguage":"de","potentialAction":[{"@type":"ReadAction","target":["https:\/\/cheznu.tv\/familymanagement\/produkt\/stern-und-stiefel-fuer-weihnachten-schnittmuster\/"]}]},{"@type":"ImageObject","inLanguage":"de","@id":"https:\/\/cheznu.tv\/familymanagement\/produkt\/stern-und-stiefel-fuer-weihnachten-schnittmuster\/#primaryimage","url":"https:\/\/cheznu.tv\/familymanagement\/wp-content\/uploads\/2017\/12\/Stern_und_Stiefel_naehen_fuer_Weihnachten_0_mit_Schnittmuster.jpg","contentUrl":"https:\/\/cheznu.tv\/familymanagement\/wp-content\/uploads\/2017\/12\/Stern_und_Stiefel_naehen_fuer_Weihnachten_0_mit_Schnittmuster.jpg","width":1080,"height":1080,"caption":"Stern und Stiefel n\u00e4hen f\u00fcr Weihnachten mit Schnittmuster"},{"@type":"BreadcrumbList","@id":"https:\/\/cheznu.tv\/familymanagement\/produkt\/stern-und-stiefel-fuer-weihnachten-schnittmuster\/#breadcrumb","itemListElement":[{"@type":"ListItem","position":1,"name":"Startseite","item":"https:\/\/cheznu.tv\/familymanagement\/"},{"@type":"ListItem","position":2,"name":"Shop","item":"https:\/\/cheznu.tv\/familymanagement\/shop\/"},{"@type":"ListItem","position":3,"name":"Stern &#038; Stiefel: Festliche Schnittmuster f\u00fcr Weihnachten"}]},{"@type":"WebSite","@id":"https:\/\/cheznu.tv\/familymanagement\/#website","url":"https:\/\/cheznu.tv\/familymanagement\/","name":"ChezNU.TV","description":"N\u00e4hen | Basteln | Haushalt | Familie","potentialAction":[{"@type":"SearchAction","target":{"@type":"EntryPoint","urlTemplate":"https:\/\/cheznu.tv\/familymanagement\/?s={search_term_string}"},"query-input":{"@type":"PropertyValueSpecification","valueRequired":true,"valueName":"search_term_string"}}],"inLanguage":"de"}]}},"_links":{"self":[{"href":"https:\/\/cheznu.tv\/familymanagement\/wp-json\/wp\/v2\/product\/6431","targetHints":{"allow":["GET"]}}],"collection":[{"href":"https:\/\/cheznu.tv\/familymanagement\/wp-json\/wp\/v2\/product"}],"about":[{"href":"https:\/\/cheznu.tv\/familymanagement\/wp-json\/wp\/v2\/types\/product"}],"replies":[{"embeddable":true,"href":"https:\/\/cheznu.tv\/familymanagement\/wp-json\/wp\/v2\/comments?post=6431"}],"wp:featuredmedia":[{"embeddable":true,"href":"https:\/\/cheznu.tv\/familymanagement\/wp-json\/wp\/v2\/media\/79071"}],"wp:attachment":[{"href":"https:\/\/cheznu.tv\/familymanagement\/wp-json\/wp\/v2\/media?parent=6431"}],"wp:term":[{"taxonomy":"product_brand","embeddable":true,"href":"https:\/\/cheznu.tv\/familymanagement\/wp-json\/wp\/v2\/product_brand?post=6431"},{"taxonomy":"product_cat","embeddable":true,"href":"https:\/\/cheznu.tv\/familymanagement\/wp-json\/wp\/v2\/product_cat?post=6431"},{"taxonomy":"product_tag","embeddable":true,"href":"https:\/\/cheznu.tv\/familymanagement\/wp-json\/wp\/v2\/product_tag?post=6431"}],"curies":[{"name":"wp","href":"https:\/\/api.w.org\/{rel}","templated":true}]}}