{"id":62876,"date":"2021-05-23T09:00:50","date_gmt":"2021-05-23T07:00:50","guid":{"rendered":"https:\/\/cheznu.tv\/familymanagement\/?post_type=product&#038;p=62876"},"modified":"2023-06-13T14:24:06","modified_gmt":"2023-06-13T12:24:06","slug":"schema-tischdecke-mit-briefecken","status":"publish","type":"product","link":"https:\/\/cheznu.tv\/familymanagement\/produkt\/schema-tischdecke-mit-briefecken\/","title":{"rendered":"Tischdecke \u2702\ufe0f rechteckig mit Briefecken \ud83d\udca1 gratis Schema zum Herunterladen und Ausdrucken"},"content":{"rendered":"<p>Die N\u00e4hanleitung f\u00fcr die Tischdecke mit Briefecken mit vielen Bildern sowie das Anleitungsvideo findest Du hier:<\/p>\n<p><a href=\"https:\/\/cheznu.tv\/familymanagement\/perfekte-tischdecke-mit-briefecken-naehen\/\">Perfekte Tischdecke mit Briefecken n\u00e4hen \u2615<\/a><\/p>\n<p><a href='https:\/\/www.spoonflower.com\/profiles\/cheznu_tv' target='_blank' title='Spoonflower-Shop mit den ChezNU-Designs'>Unseren neuen Spoonflower-Shop mit Stoffen im ChezNU-Design findest Du hier.<\/a><\/p><p>Neben dem Schnittmuster \/ Schema \/ Anleitung \/ Plotterdatei erh\u00e4ltst Du als Teil der erworbenen Leistung (gilt auch f\u00fcr kostenlose Produkte) auch unseren kostenlosen Newsletter \u201eSchnittmuster-Alarm\u201c. Im Schnittmuster-Alarm informieren wir haupts\u00e4chlich, aber nicht ausschliesslich \u00fcber neue Schnittmuster, Anleitungen, DIY-Projekte, Angebote in unserem Shop, Angebote in anderen Shops, Materialbezugsquellen und allem was irgendwie mit N\u00e4hen, H\u00e4keln, Basteln, Stricken, Upcycling, Organisation und Familie zu tun hat.<\/p><p>Nach Deiner Bestellung erh\u00e4ltst Du die E-Mails automatisch. Du kannst sie allerdings jederzeit und ohne Angabe von Gr\u00fcnden \u00fcber den Link am Ende jeder E-Mail abbestellen.<br>\n\tDie Transparenzerkl\u00e4rung zu unserem Schnittmuster-Alarm findest Du <a title='Transparenzerkl\u00e4rung' href='https:\/\/cheznu.tv\/familymanagement\/transparenzerklaerung-zum-schnittmuster-alarm-newsletter\/' target='_blank'>hier<\/a><\/p>\n<p><strong>Zum Schnittmuster<\/strong><\/p>\n<p>Das Schnittmuster kommt als PDF und kann auf A4-Papier (Standard) ausgedruckt und dann zusammengeklebt werden.<br \/>\nSo entf\u00e4llt das l\u00e4stige Schnittmuster kopieren mit teurem Seidenpapier. Das Schnittmuster kann nach dem Zusammenkleben direkt ausgeschnitten werden.<\/p>\n<p>Bitte beachte, die richtigen Druckoptionen einzustellen. Das funktioniert genauso, wie bei Burda.<br \/>\n<a href=\"http:\/\/cheznu.tv\/familymanagement\/burda-schnittmuster-ausdrucken\/\">Burda Schnittmuster Ausdrucken.<\/a><\/p>\n<p>Wie das mit dem Zusammenkleben funktioniert haben wir hier kurz erkl\u00e4rt.<br \/>\n<a href=\"http:\/\/cheznu.tv\/familymanagement\/so-gehts\/\">So geht\u00b4s<\/a>.<\/p>\n<p>Dieser Schnitt darf zu privaten Zwecken und zur Fertigung von Einzelst\u00fccken\/Kleinserien (bis 5 Modelle) unter Nennung der Herkunft verwendet werden (ChezNU.TV). Massenproduktion der fertigen Ware sowie Kopieren, Weitergabe, Abdruck oder Ver\u00f6ffentlichung (auch teilweise) des Schnittmusters bedarf der schriftlichen Genehmigung. Wenn Du Dir nicht sicher bist, schreibe uns einfach kurz eine <a href=\"mailto:nu@cheznu.tv\">E-Mail.<\/a><\/p>\n","protected":false},"excerpt":{"rendered":"<p>Mit diesem Schema n\u00e4hst Du ganz einfach eine rechteckige Tischdecke. Im Anleitungsvideo (weiter unten verlinkt) zeigen wir, die perfekte Briefecke dazu.<\/p>\n<p>Mit dem Schema, kannst Du eine rechteckige Tischdecke passend zu jeder Tischgr\u00f6sse n\u00e4hen. Das geht ganz einfach und kann auch ein N\u00e4hanf\u00e4nger.<\/p>\n","protected":false},"featured_media":62929,"comment_status":"open","ping_status":"closed","template":"","meta":[],"product_brand":[],"product_cat":[869,816,891,817,901,810,811,851],"product_tag":[854,2659,1920,2456,814,1942,2658,815,1947,1064,1030,1039,2657,2656],"class_list":{"0":"post-62876","1":"product","2":"type-product","3":"status-publish","4":"has-post-thumbnail","6":"product_cat-deko","7":"product_cat-kostenlos","8":"product_cat-kostenloses-schnittmuster","9":"product_cat-kueche","10":"product_cat-muttertag","11":"product_cat-naehen","12":"product_cat-schnittmuster","13":"product_cat-weihnachten","14":"product_tag-anfaenger","15":"product_tag-deko-fuer-zu-hause","16":"product_tag-einfach","17":"product_tag-freebie","18":"product_tag-gratis","19":"product_tag-gratis-schnittmuster","20":"product_tag-homedecor","21":"product_tag-kostenlos","22":"product_tag-kostenloses-schnittmuster","23":"product_tag-kueche","24":"product_tag-muttertag","25":"product_tag-naehanfaenger","26":"product_tag-schoener-wohnen","27":"product_tag-schoenes-zuhause","29":"first","30":"instock","31":"downloadable","32":"virtual","33":"sold-individually","34":"purchasable","35":"product-type-simple"},"yoast_head":"<!-- This site is optimized with the Yoast SEO plugin v27.5 - https:\/\/yoast.com\/product\/yoast-seo-wordpress\/ -->\n<title>\u2702 Gratis Schema: Tischdecke mit Briefecken f\u00fcr alle Tischgr\u00f6ssen<\/title>\n<meta name=\"description\" content=\"Mit diesem Schema n\u00e4hst Du ganz einfach eine rechteckige Tischdecke. Im Anleitungsvideo zeigen wir, die perfekte Briefecke dazu.\" \/>\n<meta name=\"robots\" content=\"index, follow, max-snippet:-1, max-image-preview:large, max-video-preview:-1\" \/>\n<link rel=\"canonical\" href=\"https:\/\/cheznu.tv\/familymanagement\/produkt\/schema-tischdecke-mit-briefecken\/\" \/>\n<meta property=\"og:locale\" content=\"de_DE\" \/>\n<meta property=\"og:type\" content=\"article\" \/>\n<meta property=\"og:title\" content=\"\u2702 Gratis Schema: Tischdecke mit Briefecken f\u00fcr alle Tischgr\u00f6ssen\" \/>\n<meta property=\"og:description\" content=\"Mit diesem Schema n\u00e4hst Du ganz einfach eine rechteckige Tischdecke. Im Anleitungsvideo zeigen wir, die perfekte Briefecke dazu.\" \/>\n<meta property=\"og:url\" content=\"https:\/\/cheznu.tv\/familymanagement\/produkt\/schema-tischdecke-mit-briefecken\/\" \/>\n<meta property=\"og:site_name\" content=\"ChezNU.TV\" \/>\n<meta property=\"article:publisher\" content=\"https:\/\/www.facebook.com\/cheznutv\/\" \/>\n<meta property=\"article:modified_time\" content=\"2023-06-13T12:24:06+00:00\" \/>\n<meta property=\"og:image\" content=\"https:\/\/cheznu.tv\/familymanagement\/wp-content\/uploads\/2021\/05\/Ecken-der-Tischdecke.jpg\" \/>\n\t<meta property=\"og:image:width\" content=\"1000\" \/>\n\t<meta property=\"og:image:height\" content=\"1000\" \/>\n\t<meta property=\"og:image:type\" content=\"image\/jpeg\" \/>\n<meta name=\"twitter:card\" content=\"summary_large_image\" \/>\n<meta name=\"twitter:site\" content=\"@cheznu_family\" \/>\n<meta name=\"twitter:label1\" content=\"Gesch\u00e4tzte Lesezeit\" \/>\n\t<meta name=\"twitter:data1\" content=\"1\u00a0Minute\" \/>\n<script type=\"application\/ld+json\" class=\"yoast-schema-graph\">{\"@context\":\"https:\\\/\\\/schema.org\",\"@graph\":[{\"@type\":\"WebPage\",\"@id\":\"https:\\\/\\\/cheznu.tv\\\/familymanagement\\\/produkt\\\/schema-tischdecke-mit-briefecken\\\/\",\"url\":\"https:\\\/\\\/cheznu.tv\\\/familymanagement\\\/produkt\\\/schema-tischdecke-mit-briefecken\\\/\",\"name\":\"\u2702 Gratis Schema: Tischdecke mit Briefecken f\u00fcr alle Tischgr\u00f6ssen\",\"isPartOf\":{\"@id\":\"https:\\\/\\\/cheznu.tv\\\/familymanagement\\\/#website\"},\"primaryImageOfPage\":{\"@id\":\"https:\\\/\\\/cheznu.tv\\\/familymanagement\\\/produkt\\\/schema-tischdecke-mit-briefecken\\\/#primaryimage\"},\"image\":{\"@id\":\"https:\\\/\\\/cheznu.tv\\\/familymanagement\\\/produkt\\\/schema-tischdecke-mit-briefecken\\\/#primaryimage\"},\"thumbnailUrl\":\"https:\\\/\\\/cheznu.tv\\\/familymanagement\\\/wp-content\\\/uploads\\\/2021\\\/05\\\/Ecken-der-Tischdecke.jpg\",\"datePublished\":\"2021-05-23T07:00:50+00:00\",\"dateModified\":\"2023-06-13T12:24:06+00:00\",\"description\":\"Mit diesem Schema n\u00e4hst Du ganz einfach eine rechteckige Tischdecke. Im Anleitungsvideo zeigen wir, die perfekte Briefecke dazu.\",\"breadcrumb\":{\"@id\":\"https:\\\/\\\/cheznu.tv\\\/familymanagement\\\/produkt\\\/schema-tischdecke-mit-briefecken\\\/#breadcrumb\"},\"inLanguage\":\"de\",\"potentialAction\":[{\"@type\":\"ReadAction\",\"target\":[\"https:\\\/\\\/cheznu.tv\\\/familymanagement\\\/produkt\\\/schema-tischdecke-mit-briefecken\\\/\"]}]},{\"@type\":\"ImageObject\",\"inLanguage\":\"de\",\"@id\":\"https:\\\/\\\/cheznu.tv\\\/familymanagement\\\/produkt\\\/schema-tischdecke-mit-briefecken\\\/#primaryimage\",\"url\":\"https:\\\/\\\/cheznu.tv\\\/familymanagement\\\/wp-content\\\/uploads\\\/2021\\\/05\\\/Ecken-der-Tischdecke.jpg\",\"contentUrl\":\"https:\\\/\\\/cheznu.tv\\\/familymanagement\\\/wp-content\\\/uploads\\\/2021\\\/05\\\/Ecken-der-Tischdecke.jpg\",\"width\":1000,\"height\":1000,\"caption\":\"Ecken der Tischdecke\"},{\"@type\":\"BreadcrumbList\",\"@id\":\"https:\\\/\\\/cheznu.tv\\\/familymanagement\\\/produkt\\\/schema-tischdecke-mit-briefecken\\\/#breadcrumb\",\"itemListElement\":[{\"@type\":\"ListItem\",\"position\":1,\"name\":\"Startseite\",\"item\":\"https:\\\/\\\/cheznu.tv\\\/familymanagement\\\/\"},{\"@type\":\"ListItem\",\"position\":2,\"name\":\"Shop\",\"item\":\"https:\\\/\\\/cheznu.tv\\\/familymanagement\\\/shop\\\/\"},{\"@type\":\"ListItem\",\"position\":3,\"name\":\"Tischdecke \u2702\ufe0f rechteckig mit Briefecken \ud83d\udca1 gratis Schema zum Herunterladen und Ausdrucken\"}]},{\"@type\":\"WebSite\",\"@id\":\"https:\\\/\\\/cheznu.tv\\\/familymanagement\\\/#website\",\"url\":\"https:\\\/\\\/cheznu.tv\\\/familymanagement\\\/\",\"name\":\"ChezNU.TV\",\"description\":\"N\u00e4hen | Basteln | Haushalt | Familie\",\"potentialAction\":[{\"@type\":\"SearchAction\",\"target\":{\"@type\":\"EntryPoint\",\"urlTemplate\":\"https:\\\/\\\/cheznu.tv\\\/familymanagement\\\/?s={search_term_string}\"},\"query-input\":{\"@type\":\"PropertyValueSpecification\",\"valueRequired\":true,\"valueName\":\"search_term_string\"}}],\"inLanguage\":\"de\"}]}<\/script>\n<!-- \/ Yoast SEO plugin. -->","yoast_head_json":{"title":"\u2702 Gratis Schema: Tischdecke mit Briefecken f\u00fcr alle Tischgr\u00f6ssen","description":"Mit diesem Schema n\u00e4hst Du ganz einfach eine rechteckige Tischdecke. Im Anleitungsvideo zeigen wir, die perfekte Briefecke dazu.","robots":{"index":"index","follow":"follow","max-snippet":"max-snippet:-1","max-image-preview":"max-image-preview:large","max-video-preview":"max-video-preview:-1"},"canonical":"https:\/\/cheznu.tv\/familymanagement\/produkt\/schema-tischdecke-mit-briefecken\/","og_locale":"de_DE","og_type":"article","og_title":"\u2702 Gratis Schema: Tischdecke mit Briefecken f\u00fcr alle Tischgr\u00f6ssen","og_description":"Mit diesem Schema n\u00e4hst Du ganz einfach eine rechteckige Tischdecke. Im Anleitungsvideo zeigen wir, die perfekte Briefecke dazu.","og_url":"https:\/\/cheznu.tv\/familymanagement\/produkt\/schema-tischdecke-mit-briefecken\/","og_site_name":"ChezNU.TV","article_publisher":"https:\/\/www.facebook.com\/cheznutv\/","article_modified_time":"2023-06-13T12:24:06+00:00","og_image":[{"width":1000,"height":1000,"url":"https:\/\/cheznu.tv\/familymanagement\/wp-content\/uploads\/2021\/05\/Ecken-der-Tischdecke.jpg","type":"image\/jpeg"}],"twitter_card":"summary_large_image","twitter_site":"@cheznu_family","twitter_misc":{"Gesch\u00e4tzte Lesezeit":"1\u00a0Minute"},"schema":{"@context":"https:\/\/schema.org","@graph":[{"@type":"WebPage","@id":"https:\/\/cheznu.tv\/familymanagement\/produkt\/schema-tischdecke-mit-briefecken\/","url":"https:\/\/cheznu.tv\/familymanagement\/produkt\/schema-tischdecke-mit-briefecken\/","name":"\u2702 Gratis Schema: Tischdecke mit Briefecken f\u00fcr alle Tischgr\u00f6ssen","isPartOf":{"@id":"https:\/\/cheznu.tv\/familymanagement\/#website"},"primaryImageOfPage":{"@id":"https:\/\/cheznu.tv\/familymanagement\/produkt\/schema-tischdecke-mit-briefecken\/#primaryimage"},"image":{"@id":"https:\/\/cheznu.tv\/familymanagement\/produkt\/schema-tischdecke-mit-briefecken\/#primaryimage"},"thumbnailUrl":"https:\/\/cheznu.tv\/familymanagement\/wp-content\/uploads\/2021\/05\/Ecken-der-Tischdecke.jpg","datePublished":"2021-05-23T07:00:50+00:00","dateModified":"2023-06-13T12:24:06+00:00","description":"Mit diesem Schema n\u00e4hst Du ganz einfach eine rechteckige Tischdecke. Im Anleitungsvideo zeigen wir, die perfekte Briefecke dazu.","breadcrumb":{"@id":"https:\/\/cheznu.tv\/familymanagement\/produkt\/schema-tischdecke-mit-briefecken\/#breadcrumb"},"inLanguage":"de","potentialAction":[{"@type":"ReadAction","target":["https:\/\/cheznu.tv\/familymanagement\/produkt\/schema-tischdecke-mit-briefecken\/"]}]},{"@type":"ImageObject","inLanguage":"de","@id":"https:\/\/cheznu.tv\/familymanagement\/produkt\/schema-tischdecke-mit-briefecken\/#primaryimage","url":"https:\/\/cheznu.tv\/familymanagement\/wp-content\/uploads\/2021\/05\/Ecken-der-Tischdecke.jpg","contentUrl":"https:\/\/cheznu.tv\/familymanagement\/wp-content\/uploads\/2021\/05\/Ecken-der-Tischdecke.jpg","width":1000,"height":1000,"caption":"Ecken der Tischdecke"},{"@type":"BreadcrumbList","@id":"https:\/\/cheznu.tv\/familymanagement\/produkt\/schema-tischdecke-mit-briefecken\/#breadcrumb","itemListElement":[{"@type":"ListItem","position":1,"name":"Startseite","item":"https:\/\/cheznu.tv\/familymanagement\/"},{"@type":"ListItem","position":2,"name":"Shop","item":"https:\/\/cheznu.tv\/familymanagement\/shop\/"},{"@type":"ListItem","position":3,"name":"Tischdecke \u2702\ufe0f rechteckig mit Briefecken \ud83d\udca1 gratis Schema zum Herunterladen und Ausdrucken"}]},{"@type":"WebSite","@id":"https:\/\/cheznu.tv\/familymanagement\/#website","url":"https:\/\/cheznu.tv\/familymanagement\/","name":"ChezNU.TV","description":"N\u00e4hen | Basteln | Haushalt | Familie","potentialAction":[{"@type":"SearchAction","target":{"@type":"EntryPoint","urlTemplate":"https:\/\/cheznu.tv\/familymanagement\/?s={search_term_string}"},"query-input":{"@type":"PropertyValueSpecification","valueRequired":true,"valueName":"search_term_string"}}],"inLanguage":"de"}]}},"_links":{"self":[{"href":"https:\/\/cheznu.tv\/familymanagement\/wp-json\/wp\/v2\/product\/62876","targetHints":{"allow":["GET"]}}],"collection":[{"href":"https:\/\/cheznu.tv\/familymanagement\/wp-json\/wp\/v2\/product"}],"about":[{"href":"https:\/\/cheznu.tv\/familymanagement\/wp-json\/wp\/v2\/types\/product"}],"replies":[{"embeddable":true,"href":"https:\/\/cheznu.tv\/familymanagement\/wp-json\/wp\/v2\/comments?post=62876"}],"wp:featuredmedia":[{"embeddable":true,"href":"https:\/\/cheznu.tv\/familymanagement\/wp-json\/wp\/v2\/media\/62929"}],"wp:attachment":[{"href":"https:\/\/cheznu.tv\/familymanagement\/wp-json\/wp\/v2\/media?parent=62876"}],"wp:term":[{"taxonomy":"product_brand","embeddable":true,"href":"https:\/\/cheznu.tv\/familymanagement\/wp-json\/wp\/v2\/product_brand?post=62876"},{"taxonomy":"product_cat","embeddable":true,"href":"https:\/\/cheznu.tv\/familymanagement\/wp-json\/wp\/v2\/product_cat?post=62876"},{"taxonomy":"product_tag","embeddable":true,"href":"https:\/\/cheznu.tv\/familymanagement\/wp-json\/wp\/v2\/product_tag?post=62876"}],"curies":[{"name":"wp","href":"https:\/\/api.w.org\/{rel}","templated":true}]}}