{"id":62159,"date":"2021-05-09T14:30:35","date_gmt":"2021-05-09T12:30:35","guid":{"rendered":"https:\/\/cheznu.tv\/familymanagement\/?post_type=product&#038;p=62159"},"modified":"2024-09-01T00:00:04","modified_gmt":"2024-08-31T22:00:04","slug":"handtasche-brighton-schnittmuster","status":"publish","type":"product","link":"https:\/\/cheznu.tv\/familymanagement\/produkt\/handtasche-brighton-schnittmuster\/","title":{"rendered":"Handtasche Brighton \ud83c\udf38 Schnittmuster zum Ausdrucken"},"content":{"rendered":"<p>Die N\u00e4hanleitung f\u00fcr die Handtasche Brighton mit vielen Bildern sowie das Anleitungsvideo findest Du hier:<br \/>\n<a href=\"https:\/\/cheznu.tv\/familymanagement\/handtasche-brighton-anleitung\/\">Einfache Handtasche n\u00e4hen \ud83d\udc5c Handtasche Brighton<\/a><\/p>\n<p><a href='https:\/\/www.spoonflower.com\/profiles\/cheznu_tv' target='_blank' title='Spoonflower-Shop mit den ChezNU-Designs'>Unseren neuen Spoonflower-Shop mit Stoffen im ChezNU-Design findest Du hier.<\/a><\/p><p>Neben dem Schnittmuster \/ Schema \/ Anleitung \/ Plotterdatei erh\u00e4ltst Du als Teil der erworbenen Leistung (gilt auch f\u00fcr kostenlose Produkte) auch unseren kostenlosen Newsletter \u201eSchnittmuster-Alarm\u201c. Im Schnittmuster-Alarm informieren wir haupts\u00e4chlich, aber nicht ausschliesslich \u00fcber neue Schnittmuster, Anleitungen, DIY-Projekte, Angebote in unserem Shop, Angebote in anderen Shops, Materialbezugsquellen und allem was irgendwie mit N\u00e4hen, H\u00e4keln, Basteln, Stricken, Upcycling, Organisation und Familie zu tun hat.<\/p><p>Nach Deiner Bestellung erh\u00e4ltst Du die E-Mails automatisch. Du kannst sie allerdings jederzeit und ohne Angabe von Gr\u00fcnden \u00fcber den Link am Ende jeder E-Mail abbestellen.<br>\n\tDie Transparenzerkl\u00e4rung zu unserem Schnittmuster-Alarm findest Du <a title='Transparenzerkl\u00e4rung' href='https:\/\/cheznu.tv\/familymanagement\/transparenzerklaerung-zum-schnittmuster-alarm-newsletter\/' target='_blank'>hier<\/a><\/p>\n<p><strong>Zum Schnittmuster<\/strong><\/p>\n<p>Das Schnittmuster kommt als PDF und kann auf A4-Papier (Standard) ausgedruckt und dann zusammengeklebt werden.<br \/>\nSo entf\u00e4llt das l\u00e4stige Schnittmuster kopieren mit teurem Seidenpapier. Das Schnittmuster kann nach dem Zusammenkleben direkt ausgeschnitten werden.<\/p>\n<p>Bitte beachte, die richtigen Druckoptionen einzustellen.<br \/>\n<a href=\"https:\/\/cheznu.tv\/familymanagement\/schnittmuster-ausdrucken-und-zusammenkleben\/\">Schnittmuster ausdrucken und zusammenkleben<\/a><\/p>\n<p>Wie das mit dem Zusammenkleben funktioniert haben wir hier kurz erkl\u00e4rt.<br \/>\n<a href=\"http:\/\/cheznu.tv\/familymanagement\/so-gehts\/\">So geht\u00b4s<\/a>.<\/p>\n<p>Dieser Schnitt darf zu privaten Zwecken und zur Fertigung von Einzelst\u00fccken\/Kleinserien (bis 5 Modelle) unter Nennung der Herkunft verwendet werden (ChezNU.TV). Massenproduktion der fertigen Ware sowie Kopieren, Weitergabe, Abdruck oder Ver\u00f6ffentlichung (auch teilweise) des Schnittmusters bedarf der schriftlichen Genehmigung. Wenn Du Dir nicht sicher bist, schreibe uns einfach kurz eine <a href=\"mailto:nu@cheznu.tv\">E-Mail.<\/a><\/p>\n","protected":false},"excerpt":{"rendered":"<p>Mit unserem Schnittmuster Brighton kannst Du eine Handtasche n\u00e4hen. Die Handtasche ist oben mit einem Magnetknopf verschlossen.<\/p>\n<p>Die Handtasche hat die Masse:<\/p>\n<ul>\n<li>Breite:30 cm<\/li>\n<li>H\u00f6he: 24 cm<\/li>\n<li>Tiefe: 3-4 cm.<\/li>\n<\/ul>\n<p>Sie hat ein Paspeltasche aussen und 2 Innentaschen, eine Paspeltasche mit Reissverschluss und eine einfache Tasche ohne Reissverschluss.<\/p>\n","protected":false},"featured_media":62333,"comment_status":"open","ping_status":"closed","template":"","meta":[],"product_brand":[],"product_cat":[809,914,901,810,811,812,1071],"product_tag":[873,1528,1525,1529],"class_list":{"0":"post-62159","1":"product","2":"type-product","3":"status-publish","4":"has-post-thumbnail","6":"product_cat-accessories","7":"product_cat-handtasche","8":"product_cat-muttertag","9":"product_cat-naehen","10":"product_cat-schnittmuster","11":"product_cat-tasche","12":"product_cat-urlaub","13":"product_tag-handtasche","14":"product_tag-handtasche-mit-vielen-faechern-selber-naehen","15":"product_tag-handtasche-naehen-mit-reissverschluss","16":"product_tag-handtasche-schnittmuster","18":"first","19":"instock","20":"downloadable","21":"virtual","22":"sold-individually","23":"purchasable","24":"product-type-simple"},"yoast_head":"<!-- This site is optimized with the Yoast SEO plugin v27.5 - https:\/\/yoast.com\/product\/yoast-seo-wordpress\/ -->\n<title>Handtasche Brighton \ud83c\udf38 Schnittmuster zum Ausdrucken<\/title>\n<meta name=\"description\" content=\"Mit unserem Schnittmuster Brighton kannst Du eine Handtasche n\u00e4hen. Das geht wirklich ganz einfach und kann auch ein Anf\u00e4nger.\" \/>\n<meta name=\"robots\" content=\"index, follow, max-snippet:-1, max-image-preview:large, max-video-preview:-1\" \/>\n<link rel=\"canonical\" href=\"https:\/\/cheznu.tv\/familymanagement\/produkt\/handtasche-brighton-schnittmuster\/\" \/>\n<meta property=\"og:locale\" content=\"de_DE\" \/>\n<meta property=\"og:type\" content=\"article\" \/>\n<meta property=\"og:title\" content=\"Handtasche Brighton \ud83c\udf38 Schnittmuster zum Ausdrucken\" \/>\n<meta property=\"og:description\" content=\"Mit unserem Schnittmuster Brighton kannst Du eine Handtasche n\u00e4hen. Das geht wirklich ganz einfach und kann auch ein Anf\u00e4nger.\" \/>\n<meta property=\"og:url\" content=\"https:\/\/cheznu.tv\/familymanagement\/produkt\/handtasche-brighton-schnittmuster\/\" \/>\n<meta property=\"og:site_name\" content=\"ChezNU.TV\" \/>\n<meta property=\"article:publisher\" content=\"https:\/\/www.facebook.com\/cheznutv\/\" \/>\n<meta property=\"article:modified_time\" content=\"2024-08-31T22:00:04+00:00\" \/>\n<meta property=\"og:image\" content=\"https:\/\/cheznu.tv\/familymanagement\/wp-content\/uploads\/2021\/05\/Handtasche-Brighton-Schnittmuster-von-vorne.jpg\" \/>\n\t<meta property=\"og:image:width\" content=\"1000\" \/>\n\t<meta property=\"og:image:height\" content=\"1000\" \/>\n\t<meta property=\"og:image:type\" content=\"image\/jpeg\" \/>\n<meta name=\"twitter:card\" content=\"summary_large_image\" \/>\n<meta name=\"twitter:site\" content=\"@cheznu_family\" \/>\n<meta name=\"twitter:label1\" content=\"Gesch\u00e4tzte Lesezeit\" \/>\n\t<meta name=\"twitter:data1\" content=\"2\u00a0Minuten\" \/>\n<script type=\"application\/ld+json\" class=\"yoast-schema-graph\">{\"@context\":\"https:\\\/\\\/schema.org\",\"@graph\":[{\"@type\":\"WebPage\",\"@id\":\"https:\\\/\\\/cheznu.tv\\\/familymanagement\\\/produkt\\\/handtasche-brighton-schnittmuster\\\/\",\"url\":\"https:\\\/\\\/cheznu.tv\\\/familymanagement\\\/produkt\\\/handtasche-brighton-schnittmuster\\\/\",\"name\":\"Handtasche Brighton \ud83c\udf38 Schnittmuster zum Ausdrucken\",\"isPartOf\":{\"@id\":\"https:\\\/\\\/cheznu.tv\\\/familymanagement\\\/#website\"},\"primaryImageOfPage\":{\"@id\":\"https:\\\/\\\/cheznu.tv\\\/familymanagement\\\/produkt\\\/handtasche-brighton-schnittmuster\\\/#primaryimage\"},\"image\":{\"@id\":\"https:\\\/\\\/cheznu.tv\\\/familymanagement\\\/produkt\\\/handtasche-brighton-schnittmuster\\\/#primaryimage\"},\"thumbnailUrl\":\"https:\\\/\\\/cheznu.tv\\\/familymanagement\\\/wp-content\\\/uploads\\\/2021\\\/05\\\/Handtasche-Brighton-Schnittmuster-von-vorne.jpg\",\"datePublished\":\"2021-05-09T12:30:35+00:00\",\"dateModified\":\"2024-08-31T22:00:04+00:00\",\"description\":\"Mit unserem Schnittmuster Brighton kannst Du eine Handtasche n\u00e4hen. Das geht wirklich ganz einfach und kann auch ein Anf\u00e4nger.\",\"breadcrumb\":{\"@id\":\"https:\\\/\\\/cheznu.tv\\\/familymanagement\\\/produkt\\\/handtasche-brighton-schnittmuster\\\/#breadcrumb\"},\"inLanguage\":\"de\",\"potentialAction\":[{\"@type\":\"ReadAction\",\"target\":[\"https:\\\/\\\/cheznu.tv\\\/familymanagement\\\/produkt\\\/handtasche-brighton-schnittmuster\\\/\"]}]},{\"@type\":\"ImageObject\",\"inLanguage\":\"de\",\"@id\":\"https:\\\/\\\/cheznu.tv\\\/familymanagement\\\/produkt\\\/handtasche-brighton-schnittmuster\\\/#primaryimage\",\"url\":\"https:\\\/\\\/cheznu.tv\\\/familymanagement\\\/wp-content\\\/uploads\\\/2021\\\/05\\\/Handtasche-Brighton-Schnittmuster-von-vorne.jpg\",\"contentUrl\":\"https:\\\/\\\/cheznu.tv\\\/familymanagement\\\/wp-content\\\/uploads\\\/2021\\\/05\\\/Handtasche-Brighton-Schnittmuster-von-vorne.jpg\",\"width\":1000,\"height\":1000,\"caption\":\"Handtasche Brighton Schnittmuster - von vorne\"},{\"@type\":\"BreadcrumbList\",\"@id\":\"https:\\\/\\\/cheznu.tv\\\/familymanagement\\\/produkt\\\/handtasche-brighton-schnittmuster\\\/#breadcrumb\",\"itemListElement\":[{\"@type\":\"ListItem\",\"position\":1,\"name\":\"Startseite\",\"item\":\"https:\\\/\\\/cheznu.tv\\\/familymanagement\\\/\"},{\"@type\":\"ListItem\",\"position\":2,\"name\":\"Shop\",\"item\":\"https:\\\/\\\/cheznu.tv\\\/familymanagement\\\/shop\\\/\"},{\"@type\":\"ListItem\",\"position\":3,\"name\":\"Handtasche Brighton \ud83c\udf38 Schnittmuster zum Ausdrucken\"}]},{\"@type\":\"WebSite\",\"@id\":\"https:\\\/\\\/cheznu.tv\\\/familymanagement\\\/#website\",\"url\":\"https:\\\/\\\/cheznu.tv\\\/familymanagement\\\/\",\"name\":\"ChezNU.TV\",\"description\":\"N\u00e4hen | Basteln | Haushalt | Familie\",\"potentialAction\":[{\"@type\":\"SearchAction\",\"target\":{\"@type\":\"EntryPoint\",\"urlTemplate\":\"https:\\\/\\\/cheznu.tv\\\/familymanagement\\\/?s={search_term_string}\"},\"query-input\":{\"@type\":\"PropertyValueSpecification\",\"valueRequired\":true,\"valueName\":\"search_term_string\"}}],\"inLanguage\":\"de\"}]}<\/script>\n<!-- \/ Yoast SEO plugin. -->","yoast_head_json":{"title":"Handtasche Brighton \ud83c\udf38 Schnittmuster zum Ausdrucken","description":"Mit unserem Schnittmuster Brighton kannst Du eine Handtasche n\u00e4hen. Das geht wirklich ganz einfach und kann auch ein Anf\u00e4nger.","robots":{"index":"index","follow":"follow","max-snippet":"max-snippet:-1","max-image-preview":"max-image-preview:large","max-video-preview":"max-video-preview:-1"},"canonical":"https:\/\/cheznu.tv\/familymanagement\/produkt\/handtasche-brighton-schnittmuster\/","og_locale":"de_DE","og_type":"article","og_title":"Handtasche Brighton \ud83c\udf38 Schnittmuster zum Ausdrucken","og_description":"Mit unserem Schnittmuster Brighton kannst Du eine Handtasche n\u00e4hen. Das geht wirklich ganz einfach und kann auch ein Anf\u00e4nger.","og_url":"https:\/\/cheznu.tv\/familymanagement\/produkt\/handtasche-brighton-schnittmuster\/","og_site_name":"ChezNU.TV","article_publisher":"https:\/\/www.facebook.com\/cheznutv\/","article_modified_time":"2024-08-31T22:00:04+00:00","og_image":[{"width":1000,"height":1000,"url":"https:\/\/cheznu.tv\/familymanagement\/wp-content\/uploads\/2021\/05\/Handtasche-Brighton-Schnittmuster-von-vorne.jpg","type":"image\/jpeg"}],"twitter_card":"summary_large_image","twitter_site":"@cheznu_family","twitter_misc":{"Gesch\u00e4tzte Lesezeit":"2\u00a0Minuten"},"schema":{"@context":"https:\/\/schema.org","@graph":[{"@type":"WebPage","@id":"https:\/\/cheznu.tv\/familymanagement\/produkt\/handtasche-brighton-schnittmuster\/","url":"https:\/\/cheznu.tv\/familymanagement\/produkt\/handtasche-brighton-schnittmuster\/","name":"Handtasche Brighton \ud83c\udf38 Schnittmuster zum Ausdrucken","isPartOf":{"@id":"https:\/\/cheznu.tv\/familymanagement\/#website"},"primaryImageOfPage":{"@id":"https:\/\/cheznu.tv\/familymanagement\/produkt\/handtasche-brighton-schnittmuster\/#primaryimage"},"image":{"@id":"https:\/\/cheznu.tv\/familymanagement\/produkt\/handtasche-brighton-schnittmuster\/#primaryimage"},"thumbnailUrl":"https:\/\/cheznu.tv\/familymanagement\/wp-content\/uploads\/2021\/05\/Handtasche-Brighton-Schnittmuster-von-vorne.jpg","datePublished":"2021-05-09T12:30:35+00:00","dateModified":"2024-08-31T22:00:04+00:00","description":"Mit unserem Schnittmuster Brighton kannst Du eine Handtasche n\u00e4hen. Das geht wirklich ganz einfach und kann auch ein Anf\u00e4nger.","breadcrumb":{"@id":"https:\/\/cheznu.tv\/familymanagement\/produkt\/handtasche-brighton-schnittmuster\/#breadcrumb"},"inLanguage":"de","potentialAction":[{"@type":"ReadAction","target":["https:\/\/cheznu.tv\/familymanagement\/produkt\/handtasche-brighton-schnittmuster\/"]}]},{"@type":"ImageObject","inLanguage":"de","@id":"https:\/\/cheznu.tv\/familymanagement\/produkt\/handtasche-brighton-schnittmuster\/#primaryimage","url":"https:\/\/cheznu.tv\/familymanagement\/wp-content\/uploads\/2021\/05\/Handtasche-Brighton-Schnittmuster-von-vorne.jpg","contentUrl":"https:\/\/cheznu.tv\/familymanagement\/wp-content\/uploads\/2021\/05\/Handtasche-Brighton-Schnittmuster-von-vorne.jpg","width":1000,"height":1000,"caption":"Handtasche Brighton Schnittmuster - von vorne"},{"@type":"BreadcrumbList","@id":"https:\/\/cheznu.tv\/familymanagement\/produkt\/handtasche-brighton-schnittmuster\/#breadcrumb","itemListElement":[{"@type":"ListItem","position":1,"name":"Startseite","item":"https:\/\/cheznu.tv\/familymanagement\/"},{"@type":"ListItem","position":2,"name":"Shop","item":"https:\/\/cheznu.tv\/familymanagement\/shop\/"},{"@type":"ListItem","position":3,"name":"Handtasche Brighton \ud83c\udf38 Schnittmuster zum Ausdrucken"}]},{"@type":"WebSite","@id":"https:\/\/cheznu.tv\/familymanagement\/#website","url":"https:\/\/cheznu.tv\/familymanagement\/","name":"ChezNU.TV","description":"N\u00e4hen | Basteln | Haushalt | Familie","potentialAction":[{"@type":"SearchAction","target":{"@type":"EntryPoint","urlTemplate":"https:\/\/cheznu.tv\/familymanagement\/?s={search_term_string}"},"query-input":{"@type":"PropertyValueSpecification","valueRequired":true,"valueName":"search_term_string"}}],"inLanguage":"de"}]}},"_links":{"self":[{"href":"https:\/\/cheznu.tv\/familymanagement\/wp-json\/wp\/v2\/product\/62159","targetHints":{"allow":["GET"]}}],"collection":[{"href":"https:\/\/cheznu.tv\/familymanagement\/wp-json\/wp\/v2\/product"}],"about":[{"href":"https:\/\/cheznu.tv\/familymanagement\/wp-json\/wp\/v2\/types\/product"}],"replies":[{"embeddable":true,"href":"https:\/\/cheznu.tv\/familymanagement\/wp-json\/wp\/v2\/comments?post=62159"}],"wp:featuredmedia":[{"embeddable":true,"href":"https:\/\/cheznu.tv\/familymanagement\/wp-json\/wp\/v2\/media\/62333"}],"wp:attachment":[{"href":"https:\/\/cheznu.tv\/familymanagement\/wp-json\/wp\/v2\/media?parent=62159"}],"wp:term":[{"taxonomy":"product_brand","embeddable":true,"href":"https:\/\/cheznu.tv\/familymanagement\/wp-json\/wp\/v2\/product_brand?post=62159"},{"taxonomy":"product_cat","embeddable":true,"href":"https:\/\/cheznu.tv\/familymanagement\/wp-json\/wp\/v2\/product_cat?post=62159"},{"taxonomy":"product_tag","embeddable":true,"href":"https:\/\/cheznu.tv\/familymanagement\/wp-json\/wp\/v2\/product_tag?post=62159"}],"curies":[{"name":"wp","href":"https:\/\/api.w.org\/{rel}","templated":true}]}}