{"id":58278,"date":"2021-02-17T19:27:10","date_gmt":"2021-02-17T18:27:10","guid":{"rendered":"https:\/\/cheznu.tv\/familymanagement\/?post_type=product&#038;p=58278"},"modified":"2023-06-13T16:01:58","modified_gmt":"2023-06-13T14:01:58","slug":"stricktasche-auckland-stricktasche-fuers-handgelenk-schnittmuster-zum-ausdrucken","status":"publish","type":"product","link":"https:\/\/cheznu.tv\/familymanagement\/produkt\/stricktasche-auckland-stricktasche-fuers-handgelenk-schnittmuster-zum-ausdrucken\/","title":{"rendered":"Stricktasche Auckland \ud83d\udc11 Stricktasche f\u00fcrs Handgelenk \ud83e\uddf6 Schnittmuster zum Ausdrucken"},"content":{"rendered":"<p>Die N\u00e4hanleitung mit vielen Bildern sowie das\u00a0\u00a0Anleitungsvideo findest Du hier:<\/p>\n<p><a href=\"https:\/\/cheznu.tv\/familymanagement\/stricktasche-naehen-fuers-handgelenk-mit-schnittmuster-plotterdatei\/\">Stricktasche n\u00e4hen f\u00fcrs Handgelenk<\/a><\/p>\n<p><a href='https:\/\/www.spoonflower.com\/profiles\/cheznu_tv' target='_blank' title='Spoonflower-Shop mit den ChezNU-Designs'>Unseren neuen Spoonflower-Shop mit Stoffen im ChezNU-Design findest Du hier.<\/a><\/p><p>Neben dem Schnittmuster \/ Schema \/ Anleitung \/ Plotterdatei erh\u00e4ltst Du als Teil der erworbenen Leistung (gilt auch f\u00fcr kostenlose Produkte) auch unseren kostenlosen Newsletter \u201eSchnittmuster-Alarm\u201c. Im Schnittmuster-Alarm informieren wir haupts\u00e4chlich, aber nicht ausschliesslich \u00fcber neue Schnittmuster, Anleitungen, DIY-Projekte, Angebote in unserem Shop, Angebote in anderen Shops, Materialbezugsquellen und allem was irgendwie mit N\u00e4hen, H\u00e4keln, Basteln, Stricken, Upcycling, Organisation und Familie zu tun hat.<\/p><p>Nach Deiner Bestellung erh\u00e4ltst Du die E-Mails automatisch. Du kannst sie allerdings jederzeit und ohne Angabe von Gr\u00fcnden \u00fcber den Link am Ende jeder E-Mail abbestellen.<br>\n\tDie Transparenzerkl\u00e4rung zu unserem Schnittmuster-Alarm findest Du <a title='Transparenzerkl\u00e4rung' href='https:\/\/cheznu.tv\/familymanagement\/transparenzerklaerung-zum-schnittmuster-alarm-newsletter\/' target='_blank'>hier<\/a><\/p>\n<p><strong>Zum Schnittmuster<\/strong><\/p>\n<p>Das Schnittmuster kommt als PDF und kann auf A4-Papier (Standard) ausgedruckt und dann zusammengeklebt werden.<br \/>\nSo entf\u00e4llt das l\u00e4stige Schnittmuster kopieren mit teurem Seidenpapier. Das Schnittmuster kann nach dem Zusammenkleben direkt ausgeschnitten werden.<\/p>\n<p>Bitte beachte, die richtigen Druckoptionen einzustellen. Das funktioniert genauso, wie bei Burda.<br \/>\n<a href=\"http:\/\/cheznu.tv\/familymanagement\/burda-schnittmuster-ausdrucken\/\">Burda Schnittmuster Ausdrucken.<\/a><\/p>\n<p>Wie das mit dem Zusammenkleben funktioniert haben wir hier kurz erkl\u00e4rt.<br \/>\n<a href=\"http:\/\/cheznu.tv\/familymanagement\/so-gehts\/\">So geht\u00b4s<\/a>.<\/p>\n<p>Dieser Schnitt darf zu privaten Zwecken und zur Fertigung von Einzelst\u00fccken\/Kleinserien (bis 5 Modelle) unter Nennung der Herkunft verwendet werden (ChezNU.TV). Massenproduktion der fertigen Ware sowie Kopieren, Weitergabe, Abdruck oder Ver\u00f6ffentlichung (auch teilweise) des Schnittmusters bedarf der schriftlichen Genehmigung. Wenn Du Dir nicht sicher bist, schreibe uns einfach kurz eine <a href=\"mailto:nu@cheznu.tv\">E-Mail.<\/a><\/p>\n<p>Gerne darfst Du Deine Ergebnisse auf Deiner Homepage, Facebook, Instagram und anderen sozialen Medien teilen, vergiss nicht hierbei <strong>ChezNU.TV<\/strong> als Urheber zu nennen. \u00dcber einen Tag oder einen <em>#cheznutv<\/em> w\u00fcrden wir uns besonders freuen. Gerne darfst Du uns auch Bilder Deiner Ergebnisse per E-Mail an <a href=\"mailto:plotter@cheznu.tv\">plotter@cheznu.tv<\/a> zusenden. Wir ver\u00f6ffentlichen diese dann auf unserem Blog und den sozialen Medien. Je nach Wunsch mit oder ohne Nennung Deines Namens.<\/p>\n","protected":false},"excerpt":{"rendered":"<p>Das Strickt\u00e4schchen ist ein MUSS f\u00fcr alle Strickbegeisterten oder auch H\u00e4kelfans. So kannst Du unterwegs immer stricken oder h\u00e4keln. Du hast einen Wollkn\u00e4ul, Stricknadeln \/ H\u00e4kelnadel und eine Nadel zum Vern\u00e4hen dabei. Wir haben beim Design an alles gedacht. Die Stricktasche ist sehr einfach zu n\u00e4hen und wir zeigen im Videotutorial Schritt f\u00fcr Schritt wie es geht.<\/p>\n<p>Die Gr\u00f6sse:<\/p>\n<ul>\n<li>H\u00f6he 30cm<\/li>\n<li>Breite 23cm<\/li>\n<li>Tiefe 4cm<\/li>\n<\/ul>\n","protected":false},"featured_media":16649,"comment_status":"open","ping_status":"closed","template":"","meta":[],"product_brand":[],"product_cat":[809,914,901,810,826,811,812,1071,851],"product_tag":[806,1103,1104,824,807,1070,808,1055,1101,1102],"class_list":{"0":"post-58278","1":"product","2":"type-product","3":"status-publish","4":"has-post-thumbnail","6":"product_cat-accessories","7":"product_cat-handtasche","8":"product_cat-muttertag","9":"product_cat-naehen","10":"product_cat-organisation","11":"product_cat-schnittmuster","12":"product_cat-tasche","13":"product_cat-urlaub","14":"product_cat-weihnachten","15":"product_tag-ausdrucken","16":"product_tag-box","17":"product_tag-box-naehen","18":"product_tag-boxbag","19":"product_tag-schnittmuster","20":"product_tag-taeschchen","21":"product_tag-tasche","22":"product_tag-tasche-naehen","23":"product_tag-taeschen-naehen","24":"product_tag-taeschen-naehen-mit-reissverschluss","26":"first","27":"instock","28":"downloadable","29":"virtual","30":"sold-individually","31":"purchasable","32":"product-type-simple"},"yoast_head":"<!-- This site is optimized with the Yoast SEO plugin v27.5 - https:\/\/yoast.com\/product\/yoast-seo-wordpress\/ -->\n<title>Stricktasche Auckland \ud83d\udc11 f\u00fcrs Handgelenk \ud83e\uddf6 Schnittmuster<\/title>\n<meta name=\"description\" content=\"Das Strickt\u00e4schchen ist ein MUSS f\u00fcr alle Strickbegeisterten und H\u00e4kelfans. Wollkn\u00e4ul, Stricknadeln \/ H\u00e4kelnadel und N\u00e4hnadel direkt am Handgelenk.\" \/>\n<meta name=\"robots\" content=\"index, follow, max-snippet:-1, max-image-preview:large, max-video-preview:-1\" \/>\n<link rel=\"canonical\" href=\"https:\/\/cheznu.tv\/familymanagement\/produkt\/stricktasche-auckland-stricktasche-fuers-handgelenk-schnittmuster-zum-ausdrucken\/\" \/>\n<meta property=\"og:locale\" content=\"de_DE\" \/>\n<meta property=\"og:type\" content=\"article\" \/>\n<meta property=\"og:title\" content=\"Stricktasche Auckland \ud83d\udc11 Stricktasche f\u00fcrs Handgelenk \ud83e\uddf6 Schnittmuster zum Ausdrucken &amp; Plotterdatei Wollkn\u00e4ul\" \/>\n<meta property=\"og:description\" content=\"Ein T\u00e4schchen n\u00e4hen, dass wenn man es \u00f6ffent zur Box wird. Absolut genial, wenn Du die \u00dcbersicht behalten willst \u00fcber Deine Stricknadeln, Kosmetik, Bastelsachen oder vielleicht auch Ausstecherformen.\" \/>\n<meta property=\"og:url\" content=\"https:\/\/cheznu.tv\/familymanagement\/produkt\/stricktasche-auckland-stricktasche-fuers-handgelenk-schnittmuster-zum-ausdrucken\/\" \/>\n<meta property=\"og:site_name\" content=\"ChezNU.TV\" \/>\n<meta property=\"article:publisher\" content=\"https:\/\/www.facebook.com\/cheznutv\/\" \/>\n<meta property=\"article:modified_time\" content=\"2023-06-13T14:01:58+00:00\" \/>\n<meta property=\"og:image\" content=\"https:\/\/cheznu.tv\/familymanagement\/wp-content\/uploads\/2019\/09\/Stricktasche-n\u00e4hen-Anleitung-mit-Schnittmuster-und-Plotterdatei.jpg\" \/>\n\t<meta property=\"og:image:width\" content=\"1200\" \/>\n\t<meta property=\"og:image:height\" content=\"630\" \/>\n\t<meta property=\"og:image:type\" content=\"image\/jpeg\" \/>\n<meta name=\"twitter:card\" content=\"summary_large_image\" \/>\n<meta name=\"twitter:site\" content=\"@cheznu_family\" \/>\n<meta name=\"twitter:label1\" content=\"Gesch\u00e4tzte Lesezeit\" \/>\n\t<meta name=\"twitter:data1\" content=\"2\u00a0Minuten\" \/>\n<script type=\"application\/ld+json\" class=\"yoast-schema-graph\">{\"@context\":\"https:\\\/\\\/schema.org\",\"@graph\":[{\"@type\":\"WebPage\",\"@id\":\"https:\\\/\\\/cheznu.tv\\\/familymanagement\\\/produkt\\\/stricktasche-auckland-stricktasche-fuers-handgelenk-schnittmuster-zum-ausdrucken\\\/\",\"url\":\"https:\\\/\\\/cheznu.tv\\\/familymanagement\\\/produkt\\\/stricktasche-auckland-stricktasche-fuers-handgelenk-schnittmuster-zum-ausdrucken\\\/\",\"name\":\"Stricktasche Auckland \ud83d\udc11 f\u00fcrs Handgelenk \ud83e\uddf6 Schnittmuster\",\"isPartOf\":{\"@id\":\"https:\\\/\\\/cheznu.tv\\\/familymanagement\\\/#website\"},\"primaryImageOfPage\":{\"@id\":\"https:\\\/\\\/cheznu.tv\\\/familymanagement\\\/produkt\\\/stricktasche-auckland-stricktasche-fuers-handgelenk-schnittmuster-zum-ausdrucken\\\/#primaryimage\"},\"image\":{\"@id\":\"https:\\\/\\\/cheznu.tv\\\/familymanagement\\\/produkt\\\/stricktasche-auckland-stricktasche-fuers-handgelenk-schnittmuster-zum-ausdrucken\\\/#primaryimage\"},\"thumbnailUrl\":\"https:\\\/\\\/cheznu.tv\\\/familymanagement\\\/wp-content\\\/uploads\\\/2019\\\/09\\\/Stricktasche-n\u00e4hen-Schnittmuster-und-Plotterdatei-Stricktasche-Auckland-am-Handgelenk.jpg\",\"datePublished\":\"2021-02-17T18:27:10+00:00\",\"dateModified\":\"2023-06-13T14:01:58+00:00\",\"description\":\"Das Strickt\u00e4schchen ist ein MUSS f\u00fcr alle Strickbegeisterten und H\u00e4kelfans. Wollkn\u00e4ul, Stricknadeln \\\/ H\u00e4kelnadel und N\u00e4hnadel direkt am Handgelenk.\",\"breadcrumb\":{\"@id\":\"https:\\\/\\\/cheznu.tv\\\/familymanagement\\\/produkt\\\/stricktasche-auckland-stricktasche-fuers-handgelenk-schnittmuster-zum-ausdrucken\\\/#breadcrumb\"},\"inLanguage\":\"de\",\"potentialAction\":[{\"@type\":\"ReadAction\",\"target\":[\"https:\\\/\\\/cheznu.tv\\\/familymanagement\\\/produkt\\\/stricktasche-auckland-stricktasche-fuers-handgelenk-schnittmuster-zum-ausdrucken\\\/\"]}]},{\"@type\":\"ImageObject\",\"inLanguage\":\"de\",\"@id\":\"https:\\\/\\\/cheznu.tv\\\/familymanagement\\\/produkt\\\/stricktasche-auckland-stricktasche-fuers-handgelenk-schnittmuster-zum-ausdrucken\\\/#primaryimage\",\"url\":\"https:\\\/\\\/cheznu.tv\\\/familymanagement\\\/wp-content\\\/uploads\\\/2019\\\/09\\\/Stricktasche-n\u00e4hen-Schnittmuster-und-Plotterdatei-Stricktasche-Auckland-am-Handgelenk.jpg\",\"contentUrl\":\"https:\\\/\\\/cheznu.tv\\\/familymanagement\\\/wp-content\\\/uploads\\\/2019\\\/09\\\/Stricktasche-n\u00e4hen-Schnittmuster-und-Plotterdatei-Stricktasche-Auckland-am-Handgelenk.jpg\",\"width\":1000,\"height\":1000,\"caption\":\"Stricktasche n\u00e4hen Schnittmuster und Plotterdatei - Stricktasche Auckland am Handgelenk\"},{\"@type\":\"BreadcrumbList\",\"@id\":\"https:\\\/\\\/cheznu.tv\\\/familymanagement\\\/produkt\\\/stricktasche-auckland-stricktasche-fuers-handgelenk-schnittmuster-zum-ausdrucken\\\/#breadcrumb\",\"itemListElement\":[{\"@type\":\"ListItem\",\"position\":1,\"name\":\"Startseite\",\"item\":\"https:\\\/\\\/cheznu.tv\\\/familymanagement\\\/\"},{\"@type\":\"ListItem\",\"position\":2,\"name\":\"Shop\",\"item\":\"https:\\\/\\\/cheznu.tv\\\/familymanagement\\\/shop\\\/\"},{\"@type\":\"ListItem\",\"position\":3,\"name\":\"Stricktasche Auckland \ud83d\udc11 Stricktasche f\u00fcrs Handgelenk \ud83e\uddf6 Schnittmuster zum Ausdrucken\"}]},{\"@type\":\"WebSite\",\"@id\":\"https:\\\/\\\/cheznu.tv\\\/familymanagement\\\/#website\",\"url\":\"https:\\\/\\\/cheznu.tv\\\/familymanagement\\\/\",\"name\":\"ChezNU.TV\",\"description\":\"N\u00e4hen | Basteln | Haushalt | Familie\",\"potentialAction\":[{\"@type\":\"SearchAction\",\"target\":{\"@type\":\"EntryPoint\",\"urlTemplate\":\"https:\\\/\\\/cheznu.tv\\\/familymanagement\\\/?s={search_term_string}\"},\"query-input\":{\"@type\":\"PropertyValueSpecification\",\"valueRequired\":true,\"valueName\":\"search_term_string\"}}],\"inLanguage\":\"de\"}]}<\/script>\n<!-- \/ Yoast SEO plugin. -->","yoast_head_json":{"title":"Stricktasche Auckland \ud83d\udc11 f\u00fcrs Handgelenk \ud83e\uddf6 Schnittmuster","description":"Das Strickt\u00e4schchen ist ein MUSS f\u00fcr alle Strickbegeisterten und H\u00e4kelfans. Wollkn\u00e4ul, Stricknadeln \/ H\u00e4kelnadel und N\u00e4hnadel direkt am Handgelenk.","robots":{"index":"index","follow":"follow","max-snippet":"max-snippet:-1","max-image-preview":"max-image-preview:large","max-video-preview":"max-video-preview:-1"},"canonical":"https:\/\/cheznu.tv\/familymanagement\/produkt\/stricktasche-auckland-stricktasche-fuers-handgelenk-schnittmuster-zum-ausdrucken\/","og_locale":"de_DE","og_type":"article","og_title":"Stricktasche Auckland \ud83d\udc11 Stricktasche f\u00fcrs Handgelenk \ud83e\uddf6 Schnittmuster zum Ausdrucken & Plotterdatei Wollkn\u00e4ul","og_description":"Ein T\u00e4schchen n\u00e4hen, dass wenn man es \u00f6ffent zur Box wird. Absolut genial, wenn Du die \u00dcbersicht behalten willst \u00fcber Deine Stricknadeln, Kosmetik, Bastelsachen oder vielleicht auch Ausstecherformen.","og_url":"https:\/\/cheznu.tv\/familymanagement\/produkt\/stricktasche-auckland-stricktasche-fuers-handgelenk-schnittmuster-zum-ausdrucken\/","og_site_name":"ChezNU.TV","article_publisher":"https:\/\/www.facebook.com\/cheznutv\/","article_modified_time":"2023-06-13T14:01:58+00:00","og_image":[{"width":1200,"height":630,"url":"https:\/\/cheznu.tv\/familymanagement\/wp-content\/uploads\/2019\/09\/Stricktasche-n\u00e4hen-Anleitung-mit-Schnittmuster-und-Plotterdatei.jpg","type":"image\/jpeg"}],"twitter_card":"summary_large_image","twitter_site":"@cheznu_family","twitter_misc":{"Gesch\u00e4tzte Lesezeit":"2\u00a0Minuten"},"schema":{"@context":"https:\/\/schema.org","@graph":[{"@type":"WebPage","@id":"https:\/\/cheznu.tv\/familymanagement\/produkt\/stricktasche-auckland-stricktasche-fuers-handgelenk-schnittmuster-zum-ausdrucken\/","url":"https:\/\/cheznu.tv\/familymanagement\/produkt\/stricktasche-auckland-stricktasche-fuers-handgelenk-schnittmuster-zum-ausdrucken\/","name":"Stricktasche Auckland \ud83d\udc11 f\u00fcrs Handgelenk \ud83e\uddf6 Schnittmuster","isPartOf":{"@id":"https:\/\/cheznu.tv\/familymanagement\/#website"},"primaryImageOfPage":{"@id":"https:\/\/cheznu.tv\/familymanagement\/produkt\/stricktasche-auckland-stricktasche-fuers-handgelenk-schnittmuster-zum-ausdrucken\/#primaryimage"},"image":{"@id":"https:\/\/cheznu.tv\/familymanagement\/produkt\/stricktasche-auckland-stricktasche-fuers-handgelenk-schnittmuster-zum-ausdrucken\/#primaryimage"},"thumbnailUrl":"https:\/\/cheznu.tv\/familymanagement\/wp-content\/uploads\/2019\/09\/Stricktasche-n\u00e4hen-Schnittmuster-und-Plotterdatei-Stricktasche-Auckland-am-Handgelenk.jpg","datePublished":"2021-02-17T18:27:10+00:00","dateModified":"2023-06-13T14:01:58+00:00","description":"Das Strickt\u00e4schchen ist ein MUSS f\u00fcr alle Strickbegeisterten und H\u00e4kelfans. Wollkn\u00e4ul, Stricknadeln \/ H\u00e4kelnadel und N\u00e4hnadel direkt am Handgelenk.","breadcrumb":{"@id":"https:\/\/cheznu.tv\/familymanagement\/produkt\/stricktasche-auckland-stricktasche-fuers-handgelenk-schnittmuster-zum-ausdrucken\/#breadcrumb"},"inLanguage":"de","potentialAction":[{"@type":"ReadAction","target":["https:\/\/cheznu.tv\/familymanagement\/produkt\/stricktasche-auckland-stricktasche-fuers-handgelenk-schnittmuster-zum-ausdrucken\/"]}]},{"@type":"ImageObject","inLanguage":"de","@id":"https:\/\/cheznu.tv\/familymanagement\/produkt\/stricktasche-auckland-stricktasche-fuers-handgelenk-schnittmuster-zum-ausdrucken\/#primaryimage","url":"https:\/\/cheznu.tv\/familymanagement\/wp-content\/uploads\/2019\/09\/Stricktasche-n\u00e4hen-Schnittmuster-und-Plotterdatei-Stricktasche-Auckland-am-Handgelenk.jpg","contentUrl":"https:\/\/cheznu.tv\/familymanagement\/wp-content\/uploads\/2019\/09\/Stricktasche-n\u00e4hen-Schnittmuster-und-Plotterdatei-Stricktasche-Auckland-am-Handgelenk.jpg","width":1000,"height":1000,"caption":"Stricktasche n\u00e4hen Schnittmuster und Plotterdatei - Stricktasche Auckland am Handgelenk"},{"@type":"BreadcrumbList","@id":"https:\/\/cheznu.tv\/familymanagement\/produkt\/stricktasche-auckland-stricktasche-fuers-handgelenk-schnittmuster-zum-ausdrucken\/#breadcrumb","itemListElement":[{"@type":"ListItem","position":1,"name":"Startseite","item":"https:\/\/cheznu.tv\/familymanagement\/"},{"@type":"ListItem","position":2,"name":"Shop","item":"https:\/\/cheznu.tv\/familymanagement\/shop\/"},{"@type":"ListItem","position":3,"name":"Stricktasche Auckland \ud83d\udc11 Stricktasche f\u00fcrs Handgelenk \ud83e\uddf6 Schnittmuster zum Ausdrucken"}]},{"@type":"WebSite","@id":"https:\/\/cheznu.tv\/familymanagement\/#website","url":"https:\/\/cheznu.tv\/familymanagement\/","name":"ChezNU.TV","description":"N\u00e4hen | Basteln | Haushalt | Familie","potentialAction":[{"@type":"SearchAction","target":{"@type":"EntryPoint","urlTemplate":"https:\/\/cheznu.tv\/familymanagement\/?s={search_term_string}"},"query-input":{"@type":"PropertyValueSpecification","valueRequired":true,"valueName":"search_term_string"}}],"inLanguage":"de"}]}},"_links":{"self":[{"href":"https:\/\/cheznu.tv\/familymanagement\/wp-json\/wp\/v2\/product\/58278","targetHints":{"allow":["GET"]}}],"collection":[{"href":"https:\/\/cheznu.tv\/familymanagement\/wp-json\/wp\/v2\/product"}],"about":[{"href":"https:\/\/cheznu.tv\/familymanagement\/wp-json\/wp\/v2\/types\/product"}],"replies":[{"embeddable":true,"href":"https:\/\/cheznu.tv\/familymanagement\/wp-json\/wp\/v2\/comments?post=58278"}],"wp:featuredmedia":[{"embeddable":true,"href":"https:\/\/cheznu.tv\/familymanagement\/wp-json\/wp\/v2\/media\/16649"}],"wp:attachment":[{"href":"https:\/\/cheznu.tv\/familymanagement\/wp-json\/wp\/v2\/media?parent=58278"}],"wp:term":[{"taxonomy":"product_brand","embeddable":true,"href":"https:\/\/cheznu.tv\/familymanagement\/wp-json\/wp\/v2\/product_brand?post=58278"},{"taxonomy":"product_cat","embeddable":true,"href":"https:\/\/cheznu.tv\/familymanagement\/wp-json\/wp\/v2\/product_cat?post=58278"},{"taxonomy":"product_tag","embeddable":true,"href":"https:\/\/cheznu.tv\/familymanagement\/wp-json\/wp\/v2\/product_tag?post=58278"}],"curies":[{"name":"wp","href":"https:\/\/api.w.org\/{rel}","templated":true}]}}