{"id":56225,"date":"2021-01-17T13:30:22","date_gmt":"2021-01-17T12:30:22","guid":{"rendered":"https:\/\/cheznu.tv\/familymanagement\/?post_type=product&#038;p=56225"},"modified":"2023-06-13T15:13:37","modified_gmt":"2023-06-13T13:13:37","slug":"kosmetiktaeschchen-new-york","status":"publish","type":"product","link":"https:\/\/cheznu.tv\/familymanagement\/produkt\/kosmetiktaeschchen-new-york\/","title":{"rendered":"Kosmetikt\u00e4schchen New York \u2702\ufe0f T\u00e4schchen mit Tunnelzug in 3 Gr\u00f6ssen \u2702\ufe0f Schnittmuster zum Ausdrucken"},"content":{"rendered":"<p>Die N\u00e4hanleitung f\u00fcr das Kosmetikt\u00e4schchen mit vielen Bildern sowie das\u00a0\u00a0Anleitungsvideo findest Du hier:<\/p>\n<p><a href=\"https:\/\/cheznu.tv\/familymanagement\/kosmetiktaeschchen-naehen-new-york\/\">Kosmetikt\u00e4schchen n\u00e4hen \ud83d\udc84 New York- rundes T\u00e4schchen in 3 Gr\u00f6ssen<\/a><\/p>\n<p><a href='https:\/\/www.spoonflower.com\/profiles\/cheznu_tv' target='_blank' title='Spoonflower-Shop mit den ChezNU-Designs'>Unseren neuen Spoonflower-Shop mit Stoffen im ChezNU-Design findest Du hier.<\/a><\/p><p>Neben dem Schnittmuster \/ Schema \/ Anleitung \/ Plotterdatei erh\u00e4ltst Du als Teil der erworbenen Leistung (gilt auch f\u00fcr kostenlose Produkte) auch unseren kostenlosen Newsletter \u201eSchnittmuster-Alarm\u201c. Im Schnittmuster-Alarm informieren wir haupts\u00e4chlich, aber nicht ausschliesslich \u00fcber neue Schnittmuster, Anleitungen, DIY-Projekte, Angebote in unserem Shop, Angebote in anderen Shops, Materialbezugsquellen und allem was irgendwie mit N\u00e4hen, H\u00e4keln, Basteln, Stricken, Upcycling, Organisation und Familie zu tun hat.<\/p><p>Nach Deiner Bestellung erh\u00e4ltst Du die E-Mails automatisch. Du kannst sie allerdings jederzeit und ohne Angabe von Gr\u00fcnden \u00fcber den Link am Ende jeder E-Mail abbestellen.<br>\n\tDie Transparenzerkl\u00e4rung zu unserem Schnittmuster-Alarm findest Du <a title='Transparenzerkl\u00e4rung' href='https:\/\/cheznu.tv\/familymanagement\/transparenzerklaerung-zum-schnittmuster-alarm-newsletter\/' target='_blank'>hier<\/a><\/p>\n<p>Das Schnittmuster kommt als PDF und kann auf A4-Papier (Standard) ausgedruckt und dann zusammengeklebt werden.<br \/>\nSo entf\u00e4llt das l\u00e4stige Schnittmuster kopieren mit teurem Seidenpapier. Das Schnittmuster kann nach dem Zusammenkleben direkt ausgeschnitten werden.<\/p>\n<p>Bitte beachte, die richtigen Druckoptionen einzustellen. Das funktioniert genauso, wie bei Burda.<br \/>\n<a href=\"http:\/\/cheznu.tv\/familymanagement\/burda-schnittmuster-ausdrucken\/\">Burda Schnittmuster Ausdrucken.<\/a><\/p>\n<p>Wie das mit dem Zusammenkleben funktioniert haben wir hier kurz erkl\u00e4rt.<br \/>\n<a href=\"http:\/\/cheznu.tv\/familymanagement\/so-gehts\/\">So geht\u00b4s<\/a>.<\/p>\n<p>Dieser Schnitt darf zu privaten Zwecken und zur Fertigung von Einzelst\u00fccken\/Kleinserien (bis 5 Modelle) unter Nennung der Herkunft verwendet werden (ChezNU.TV). Massenproduktion der fertigen Ware sowie Kopieren, Weitergabe, Abdruck oder Ver\u00f6ffentlichung (auch teilweise) des Schnittmusters bedarf der schriftlichen Genehmigung. Wenn Du Dir nicht sicher bist, schreibe uns einfach kurz eine <a href=\"mailto:nu@cheznu.tv\">E-Mail.<\/a><\/p>\n","protected":false},"excerpt":{"rendered":"<p>Das Kosmetikt\u00e4schchen New York ist genial. Es ist super einfach zu n\u00e4hen. Ein tolles Anf\u00e4ngerprojekt. Kein Reissverschluss, keine Kn\u00f6pfe. Du kannst es aus einer griffigen Webware n\u00e4hen. Am Ende hast Du ein Kosmetikt\u00e4schchen, aber nicht nur. Es ist auch toll f\u00fcr Haaraccessoires, Stricksachen, H\u00e4kelsachen, alle Hobbies mit viel Kleinkram, \u00fcber den man die \u00dcbersicht behalten will. Das grosse ist auch toll f\u00fcr Spielsachen, wie Lego oder Playmobil, Silvanians oder andere Puppensachen. Dann k\u00f6nnen die Kinder einfach eine kleine Auswahl der Spielsachen mit zur Oma, Tante oder Tagesmutter nehmen, dort \u00fcbersichtlich ausbreiten und es ist ruck-zuck wieder aufger\u00e4umt und eingepackt.<\/p>\n<p>Das Kosmetikt\u00e4schchen New York kommt in 3 Gr\u00f6ssen:<\/p>\n<ul>\n<li>Grundfl\u00e4che 40cm<\/li>\n<li>Grundfl\u00e4che 60cm<\/li>\n<li>Grundfl\u00e4che 80cm<\/li>\n<\/ul>\n","protected":false},"featured_media":56833,"comment_status":"open","ping_status":"closed","template":"","meta":[],"product_brand":[],"product_cat":[901,810,826,887,811,812],"product_tag":[806,2392,2389,2390,2388,825,2391,807,1070,808,1055,1101,2387],"class_list":{"0":"post-56225","1":"product","2":"type-product","3":"status-publish","4":"has-post-thumbnail","6":"product_cat-muttertag","7":"product_cat-naehen","8":"product_cat-organisation","9":"product_cat-ostern","10":"product_cat-schnittmuster","11":"product_cat-tasche","12":"product_tag-ausdrucken","13":"product_tag-beutel","14":"product_tag-kosemtiktaeschchen","15":"product_tag-kosmetiktaeschchen-naehen","16":"product_tag-ohne-reissverschluss","17":"product_tag-organisation","18":"product_tag-pompadour","19":"product_tag-schnittmuster","20":"product_tag-taeschchen","21":"product_tag-tasche","22":"product_tag-tasche-naehen","23":"product_tag-taeschen-naehen","24":"product_tag-tunnelzug","26":"first","27":"instock","28":"downloadable","29":"virtual","30":"sold-individually","31":"purchasable","32":"product-type-simple"},"yoast_head":"<!-- This site is optimized with the Yoast SEO plugin v27.5 - https:\/\/yoast.com\/product\/yoast-seo-wordpress\/ -->\n<title>Schnittmuster: Einfaches Kosmetikt\u00e4schchen mit Tunnelzug f\u00fcr Anf\u00e4nger<\/title>\n<meta name=\"description\" content=\"Super einfaches Kosmetikt\u00e4schen zum selber n\u00e4hen f\u00fcr Anf\u00e4nger. Kein Reissverschluss. Keine Kn\u00f6pfe. Schnittmuster zum Herunterladen.\" \/>\n<meta name=\"robots\" content=\"index, follow, max-snippet:-1, max-image-preview:large, max-video-preview:-1\" \/>\n<link rel=\"canonical\" href=\"https:\/\/cheznu.tv\/familymanagement\/produkt\/kosmetiktaeschchen-new-york\/\" \/>\n<meta property=\"og:locale\" content=\"de_DE\" \/>\n<meta property=\"og:type\" content=\"article\" \/>\n<meta property=\"og:title\" content=\"Schnittmuster: Einfaches Kosmetikt\u00e4schchen mit Tunnelzug f\u00fcr Anf\u00e4nger\" \/>\n<meta property=\"og:description\" content=\"Kosmetikt\u00e4schchen NewYorkEinfaches Kosmetikt\u00e4schen n\u00e4chen mit Tunnelzug - Kosmetikt\u00e4schchen NewYork\" \/>\n<meta property=\"og:url\" content=\"https:\/\/cheznu.tv\/familymanagement\/produkt\/kosmetiktaeschchen-new-york\/\" \/>\n<meta property=\"og:site_name\" content=\"ChezNU.TV\" \/>\n<meta property=\"article:publisher\" content=\"https:\/\/www.facebook.com\/cheznutv\/\" \/>\n<meta property=\"article:modified_time\" content=\"2023-06-13T13:13:37+00:00\" \/>\n<meta property=\"og:image\" content=\"https:\/\/cheznu.tv\/familymanagement\/wp-content\/uploads\/2021\/01\/Kosmetiktaeschen-New-York-mit-Tunnelzug-Schnittmuster-geschlossen.jpg\" \/>\n\t<meta property=\"og:image:width\" content=\"1000\" \/>\n\t<meta property=\"og:image:height\" content=\"1000\" \/>\n\t<meta property=\"og:image:type\" content=\"image\/jpeg\" \/>\n<meta name=\"twitter:card\" content=\"summary_large_image\" \/>\n<meta name=\"twitter:site\" content=\"@cheznu_family\" \/>\n<meta name=\"twitter:label1\" content=\"Gesch\u00e4tzte Lesezeit\" \/>\n\t<meta name=\"twitter:data1\" content=\"1\u00a0Minute\" \/>\n<script type=\"application\/ld+json\" class=\"yoast-schema-graph\">{\"@context\":\"https:\\\/\\\/schema.org\",\"@graph\":[{\"@type\":\"WebPage\",\"@id\":\"https:\\\/\\\/cheznu.tv\\\/familymanagement\\\/produkt\\\/kosmetiktaeschchen-new-york\\\/\",\"url\":\"https:\\\/\\\/cheznu.tv\\\/familymanagement\\\/produkt\\\/kosmetiktaeschchen-new-york\\\/\",\"name\":\"Schnittmuster: Einfaches Kosmetikt\u00e4schchen mit Tunnelzug f\u00fcr Anf\u00e4nger\",\"isPartOf\":{\"@id\":\"https:\\\/\\\/cheznu.tv\\\/familymanagement\\\/#website\"},\"primaryImageOfPage\":{\"@id\":\"https:\\\/\\\/cheznu.tv\\\/familymanagement\\\/produkt\\\/kosmetiktaeschchen-new-york\\\/#primaryimage\"},\"image\":{\"@id\":\"https:\\\/\\\/cheznu.tv\\\/familymanagement\\\/produkt\\\/kosmetiktaeschchen-new-york\\\/#primaryimage\"},\"thumbnailUrl\":\"https:\\\/\\\/cheznu.tv\\\/familymanagement\\\/wp-content\\\/uploads\\\/2021\\\/01\\\/Kosmetiktaeschen-New-York-mit-Tunnelzug-Schnittmuster-geschlossen.jpg\",\"datePublished\":\"2021-01-17T12:30:22+00:00\",\"dateModified\":\"2023-06-13T13:13:37+00:00\",\"description\":\"Super einfaches Kosmetikt\u00e4schen zum selber n\u00e4hen f\u00fcr Anf\u00e4nger. Kein Reissverschluss. Keine Kn\u00f6pfe. Schnittmuster zum Herunterladen.\",\"breadcrumb\":{\"@id\":\"https:\\\/\\\/cheznu.tv\\\/familymanagement\\\/produkt\\\/kosmetiktaeschchen-new-york\\\/#breadcrumb\"},\"inLanguage\":\"de\",\"potentialAction\":[{\"@type\":\"ReadAction\",\"target\":[\"https:\\\/\\\/cheznu.tv\\\/familymanagement\\\/produkt\\\/kosmetiktaeschchen-new-york\\\/\"]}]},{\"@type\":\"ImageObject\",\"inLanguage\":\"de\",\"@id\":\"https:\\\/\\\/cheznu.tv\\\/familymanagement\\\/produkt\\\/kosmetiktaeschchen-new-york\\\/#primaryimage\",\"url\":\"https:\\\/\\\/cheznu.tv\\\/familymanagement\\\/wp-content\\\/uploads\\\/2021\\\/01\\\/Kosmetiktaeschen-New-York-mit-Tunnelzug-Schnittmuster-geschlossen.jpg\",\"contentUrl\":\"https:\\\/\\\/cheznu.tv\\\/familymanagement\\\/wp-content\\\/uploads\\\/2021\\\/01\\\/Kosmetiktaeschen-New-York-mit-Tunnelzug-Schnittmuster-geschlossen.jpg\",\"width\":1000,\"height\":1000,\"caption\":\"Kosmetikt\u00e4schen New York mit Tunnelzug Schnittmuster - geschlossen\"},{\"@type\":\"BreadcrumbList\",\"@id\":\"https:\\\/\\\/cheznu.tv\\\/familymanagement\\\/produkt\\\/kosmetiktaeschchen-new-york\\\/#breadcrumb\",\"itemListElement\":[{\"@type\":\"ListItem\",\"position\":1,\"name\":\"Startseite\",\"item\":\"https:\\\/\\\/cheznu.tv\\\/familymanagement\\\/\"},{\"@type\":\"ListItem\",\"position\":2,\"name\":\"Shop\",\"item\":\"https:\\\/\\\/cheznu.tv\\\/familymanagement\\\/shop\\\/\"},{\"@type\":\"ListItem\",\"position\":3,\"name\":\"Kosmetikt\u00e4schchen New York \u2702\ufe0f T\u00e4schchen mit Tunnelzug in 3 Gr\u00f6ssen \u2702\ufe0f Schnittmuster zum Ausdrucken\"}]},{\"@type\":\"WebSite\",\"@id\":\"https:\\\/\\\/cheznu.tv\\\/familymanagement\\\/#website\",\"url\":\"https:\\\/\\\/cheznu.tv\\\/familymanagement\\\/\",\"name\":\"ChezNU.TV\",\"description\":\"N\u00e4hen | Basteln | Haushalt | Familie\",\"potentialAction\":[{\"@type\":\"SearchAction\",\"target\":{\"@type\":\"EntryPoint\",\"urlTemplate\":\"https:\\\/\\\/cheznu.tv\\\/familymanagement\\\/?s={search_term_string}\"},\"query-input\":{\"@type\":\"PropertyValueSpecification\",\"valueRequired\":true,\"valueName\":\"search_term_string\"}}],\"inLanguage\":\"de\"}]}<\/script>\n<!-- \/ Yoast SEO plugin. -->","yoast_head_json":{"title":"Schnittmuster: Einfaches Kosmetikt\u00e4schchen mit Tunnelzug f\u00fcr Anf\u00e4nger","description":"Super einfaches Kosmetikt\u00e4schen zum selber n\u00e4hen f\u00fcr Anf\u00e4nger. Kein Reissverschluss. Keine Kn\u00f6pfe. Schnittmuster zum Herunterladen.","robots":{"index":"index","follow":"follow","max-snippet":"max-snippet:-1","max-image-preview":"max-image-preview:large","max-video-preview":"max-video-preview:-1"},"canonical":"https:\/\/cheznu.tv\/familymanagement\/produkt\/kosmetiktaeschchen-new-york\/","og_locale":"de_DE","og_type":"article","og_title":"Schnittmuster: Einfaches Kosmetikt\u00e4schchen mit Tunnelzug f\u00fcr Anf\u00e4nger","og_description":"Kosmetikt\u00e4schchen NewYorkEinfaches Kosmetikt\u00e4schen n\u00e4chen mit Tunnelzug - Kosmetikt\u00e4schchen NewYork","og_url":"https:\/\/cheznu.tv\/familymanagement\/produkt\/kosmetiktaeschchen-new-york\/","og_site_name":"ChezNU.TV","article_publisher":"https:\/\/www.facebook.com\/cheznutv\/","article_modified_time":"2023-06-13T13:13:37+00:00","og_image":[{"width":1000,"height":1000,"url":"https:\/\/cheznu.tv\/familymanagement\/wp-content\/uploads\/2021\/01\/Kosmetiktaeschen-New-York-mit-Tunnelzug-Schnittmuster-geschlossen.jpg","type":"image\/jpeg"}],"twitter_card":"summary_large_image","twitter_site":"@cheznu_family","twitter_misc":{"Gesch\u00e4tzte Lesezeit":"1\u00a0Minute"},"schema":{"@context":"https:\/\/schema.org","@graph":[{"@type":"WebPage","@id":"https:\/\/cheznu.tv\/familymanagement\/produkt\/kosmetiktaeschchen-new-york\/","url":"https:\/\/cheznu.tv\/familymanagement\/produkt\/kosmetiktaeschchen-new-york\/","name":"Schnittmuster: Einfaches Kosmetikt\u00e4schchen mit Tunnelzug f\u00fcr Anf\u00e4nger","isPartOf":{"@id":"https:\/\/cheznu.tv\/familymanagement\/#website"},"primaryImageOfPage":{"@id":"https:\/\/cheznu.tv\/familymanagement\/produkt\/kosmetiktaeschchen-new-york\/#primaryimage"},"image":{"@id":"https:\/\/cheznu.tv\/familymanagement\/produkt\/kosmetiktaeschchen-new-york\/#primaryimage"},"thumbnailUrl":"https:\/\/cheznu.tv\/familymanagement\/wp-content\/uploads\/2021\/01\/Kosmetiktaeschen-New-York-mit-Tunnelzug-Schnittmuster-geschlossen.jpg","datePublished":"2021-01-17T12:30:22+00:00","dateModified":"2023-06-13T13:13:37+00:00","description":"Super einfaches Kosmetikt\u00e4schen zum selber n\u00e4hen f\u00fcr Anf\u00e4nger. Kein Reissverschluss. Keine Kn\u00f6pfe. Schnittmuster zum Herunterladen.","breadcrumb":{"@id":"https:\/\/cheznu.tv\/familymanagement\/produkt\/kosmetiktaeschchen-new-york\/#breadcrumb"},"inLanguage":"de","potentialAction":[{"@type":"ReadAction","target":["https:\/\/cheznu.tv\/familymanagement\/produkt\/kosmetiktaeschchen-new-york\/"]}]},{"@type":"ImageObject","inLanguage":"de","@id":"https:\/\/cheznu.tv\/familymanagement\/produkt\/kosmetiktaeschchen-new-york\/#primaryimage","url":"https:\/\/cheznu.tv\/familymanagement\/wp-content\/uploads\/2021\/01\/Kosmetiktaeschen-New-York-mit-Tunnelzug-Schnittmuster-geschlossen.jpg","contentUrl":"https:\/\/cheznu.tv\/familymanagement\/wp-content\/uploads\/2021\/01\/Kosmetiktaeschen-New-York-mit-Tunnelzug-Schnittmuster-geschlossen.jpg","width":1000,"height":1000,"caption":"Kosmetikt\u00e4schen New York mit Tunnelzug Schnittmuster - geschlossen"},{"@type":"BreadcrumbList","@id":"https:\/\/cheznu.tv\/familymanagement\/produkt\/kosmetiktaeschchen-new-york\/#breadcrumb","itemListElement":[{"@type":"ListItem","position":1,"name":"Startseite","item":"https:\/\/cheznu.tv\/familymanagement\/"},{"@type":"ListItem","position":2,"name":"Shop","item":"https:\/\/cheznu.tv\/familymanagement\/shop\/"},{"@type":"ListItem","position":3,"name":"Kosmetikt\u00e4schchen New York \u2702\ufe0f T\u00e4schchen mit Tunnelzug in 3 Gr\u00f6ssen \u2702\ufe0f Schnittmuster zum Ausdrucken"}]},{"@type":"WebSite","@id":"https:\/\/cheznu.tv\/familymanagement\/#website","url":"https:\/\/cheznu.tv\/familymanagement\/","name":"ChezNU.TV","description":"N\u00e4hen | Basteln | Haushalt | Familie","potentialAction":[{"@type":"SearchAction","target":{"@type":"EntryPoint","urlTemplate":"https:\/\/cheznu.tv\/familymanagement\/?s={search_term_string}"},"query-input":{"@type":"PropertyValueSpecification","valueRequired":true,"valueName":"search_term_string"}}],"inLanguage":"de"}]}},"_links":{"self":[{"href":"https:\/\/cheznu.tv\/familymanagement\/wp-json\/wp\/v2\/product\/56225","targetHints":{"allow":["GET"]}}],"collection":[{"href":"https:\/\/cheznu.tv\/familymanagement\/wp-json\/wp\/v2\/product"}],"about":[{"href":"https:\/\/cheznu.tv\/familymanagement\/wp-json\/wp\/v2\/types\/product"}],"replies":[{"embeddable":true,"href":"https:\/\/cheznu.tv\/familymanagement\/wp-json\/wp\/v2\/comments?post=56225"}],"wp:featuredmedia":[{"embeddable":true,"href":"https:\/\/cheznu.tv\/familymanagement\/wp-json\/wp\/v2\/media\/56833"}],"wp:attachment":[{"href":"https:\/\/cheznu.tv\/familymanagement\/wp-json\/wp\/v2\/media?parent=56225"}],"wp:term":[{"taxonomy":"product_brand","embeddable":true,"href":"https:\/\/cheznu.tv\/familymanagement\/wp-json\/wp\/v2\/product_brand?post=56225"},{"taxonomy":"product_cat","embeddable":true,"href":"https:\/\/cheznu.tv\/familymanagement\/wp-json\/wp\/v2\/product_cat?post=56225"},{"taxonomy":"product_tag","embeddable":true,"href":"https:\/\/cheznu.tv\/familymanagement\/wp-json\/wp\/v2\/product_tag?post=56225"}],"curies":[{"name":"wp","href":"https:\/\/api.w.org\/{rel}","templated":true}]}}