{"id":53799,"date":"2020-12-06T19:37:22","date_gmt":"2020-12-06T18:37:22","guid":{"rendered":"https:\/\/cheznu.tv\/familymanagement\/?post_type=product&#038;p=53799"},"modified":"2024-06-03T13:33:37","modified_gmt":"2024-06-03T11:33:37","slug":"adventskalender-07","status":"publish","type":"product","link":"https:\/\/cheznu.tv\/familymanagement\/produkt\/adventskalender-07\/","title":{"rendered":"Adventskalender T\u00fcr 7 \ud83d\udd6f\ud83d\udd6f winterliches Schnittmuster-Paket"},"content":{"rendered":"<p>Die N\u00e4hanleitungen mit vielen Bildern sowie das\u00a0\u00a0Anleitungsvideo findest Du hier:<\/p>\n<ul>\n<li><a href=\"https:\/\/cheznu.tv\/familymanagement\/shirt-naehen-fuer-anfaenger-raglan-shirt-einfach-naehen\/\">Shirt n\u00e4hen f\u00fcr Anf\u00e4nger | Raglan Shirt einfach n\u00e4hen<\/a><\/li>\n<li><a href=\"http:\/\/cheznu.tv\/familymanagement\/hut-naehen-aus-fleece-mit-schnittmuster-in-3-groessen\/\">Hut n\u00e4hen aus Fleece \u2013 mit Schnittmuster in 3 Gr\u00f6ssen<\/a><\/li>\n<li><a href=\"https:\/\/cheznu.tv\/familymanagement\/nikolaus-deko-fuer-den-advent-naehen-basteln-und-plotten\/\">Nikolaus Deko f\u00fcr den Advent n\u00e4hen, basteln und plotten<\/a><\/li>\n<\/ul>\n<p><a href='https:\/\/www.spoonflower.com\/profiles\/cheznu_tv' target='_blank' title='Spoonflower-Shop mit den ChezNU-Designs'>Unseren neuen Spoonflower-Shop mit Stoffen im ChezNU-Design findest Du hier.<\/a><\/p><p>Neben dem Schnittmuster \/ Schema \/ Anleitung \/ Plotterdatei erh\u00e4ltst Du als Teil der erworbenen Leistung (gilt auch f\u00fcr kostenlose Produkte) auch unseren kostenlosen Newsletter \u201eSchnittmuster-Alarm\u201c. Im Schnittmuster-Alarm informieren wir haupts\u00e4chlich, aber nicht ausschliesslich \u00fcber neue Schnittmuster, Anleitungen, DIY-Projekte, Angebote in unserem Shop, Angebote in anderen Shops, Materialbezugsquellen und allem was irgendwie mit N\u00e4hen, H\u00e4keln, Basteln, Stricken, Upcycling, Organisation und Familie zu tun hat.<\/p><p>Nach Deiner Bestellung erh\u00e4ltst Du die E-Mails automatisch. Du kannst sie allerdings jederzeit und ohne Angabe von Gr\u00fcnden \u00fcber den Link am Ende jeder E-Mail abbestellen.<br>\n\tDie Transparenzerkl\u00e4rung zu unserem Schnittmuster-Alarm findest Du <a title='Transparenzerkl\u00e4rung' href='https:\/\/cheznu.tv\/familymanagement\/transparenzerklaerung-zum-schnittmuster-alarm-newsletter\/' target='_blank'>hier<\/a><\/p>\n<p><strong>Zum Schnittmuster<\/strong><\/p>\n<p>Das Schnittmuster kommt als PDF und kann auf A4-Papier (Standard) ausgedruckt und dann zusammengeklebt werden.<br \/>\nSo entf\u00e4llt das l\u00e4stige Schnittmuster kopieren mit teurem Seidenpapier. Das Schnittmuster kann nach dem Zusammenkleben direkt ausgeschnitten werden.<\/p>\n<p>Bitte beachte, die richtigen Druckoptionen einzustellen. Das funktioniert genauso, wie bei Burda.<br \/>\n<a href=\"http:\/\/cheznu.tv\/familymanagement\/burda-schnittmuster-ausdrucken\/\">Burda Schnittmuster Ausdrucken.<\/a><\/p>\n<p>Wie das mit dem Zusammenkleben funktioniert haben wir hier kurz erkl\u00e4rt.<br \/>\n<a href=\"http:\/\/cheznu.tv\/familymanagement\/so-gehts\/\">So geht\u00b4s<\/a>.<\/p>\n<p>Dieser Schnitt darf zu privaten Zwecken und zur Fertigung von Einzelst\u00fccken\/Kleinserien (bis 5 Modelle) unter Nennung der Herkunft verwendet werden (ChezNU.TV). Massenproduktion der fertigen Ware sowie Kopieren, Weitergabe, Abdruck oder Ver\u00f6ffentlichung (auch teilweise) des Schnittmusters bedarf der schriftlichen Genehmigung. Wenn Du Dir nicht sicher bist, schreibe uns einfach kurz eine <a href=\"mailto:nu@cheznu.tv\">E-Mail.<\/a><\/p>\n","protected":false},"excerpt":{"rendered":"<p>Das Schnittmuster-Paket enth\u00e4lt 3 winterliche Schnittmuster<\/p>\n<ul>\n<li><a href=\"https:\/\/cheznu.tv\/familymanagement\/produkt\/raglan-shirt-ilva-schnittmuster\/\">2000016 Raglan-Shirt Ilva | Schnittmuster in Gr\u00f6sse 36-52 zum Ausdrucken<\/a><\/li>\n<li><a href=\"https:\/\/cheznu.tv\/familymanagement\/produkt\/hut-snowy-morning-in-3-groessen\/\">1000042 Hut Snowy Morning in 3 Gr\u00f6ssen<\/a><\/li>\n<li><a href=\"https:\/\/cheznu.tv\/familymanagement\/produkt\/nikolaus-applikationsvorlage-und-plotterdatei\/\">2700001 Nikolaus \ud83c\udf85 Applikationsvorlage in 3 Gr\u00f6ssen zum Ausdrucken und Plotterdatei<\/a><\/li>\n<\/ul>\n<p>Schnittmuster f\u00fcr ein einfaches Raglan-Shirt Ilva in den Gr\u00f6ssen 36-52 mit detailliertem Anleitungsvideo. So n\u00e4hst Du einfach ein Raglan-Shirt selbst. Mit dem passenden Stoff und unserer <a href=\"https:\/\/cheznu.tv\/familymanagement\/produkt\/norweger-borten-plotterdatei\/\">Norweger-Borte<\/a>\u00a0sieht es dann aus, wie ein Norweger-Pullover, nur eben nicht gestrickt, sondern gen\u00e4ht.<\/p>\n<p>Das Schnittmuster zum Hut Snowy Morning kommt in den Gr\u00f6ssen:<\/p>\n<ul>\n<li>56 cm Kopfumfang<\/li>\n<li>58 cm\u00a0Kopfumfang<\/li>\n<li>60 cm\u00a0Kopfumfang<\/li>\n<\/ul>\n<p>Es ist f\u00fcr N\u00e4heinsteiger und N\u00e4hanf\u00e4nger unbedingt geeignet.<\/p>\n<p>Unser Nikolaus kann auf vielf\u00e4ltigste Weise umgesetzt werden. Er kommt als Schnittmuster in 3 Gr\u00f6ssen:<\/p>\n<ul>\n<li>20cm<\/li>\n<li>35cm<\/li>\n<li>50cm<\/li>\n<\/ul>\n<p>Mit der Vorlage kann (wir wir es im Video gezeigt haben) der Nikolaus auf ein Kissen appliziert werden, Ein T\u00fcrschmuck gen\u00e4ht (oder auch geklebt) werden. Hierbei bist Du was das Material angeht ganz flexibel. Wir arbeiten mit Filz und Fotokarton.<\/p>\n<p>Ausserdem kommt er auch als Plotterdatei. F\u00fcr alle die das mehrfarbig Plotten noch nicht so oft gemacht haben ist die Datei mit und ohne \u00dcberlappungen vorbereitet. Du kannst sie also sowohl mit Karton plotten und damit basteln als auch mit Flock oder Flexfolie aufb\u00fcgeln und beispielsweise einen Ugly Christmas Sweater kreieren.<\/p>\n<p>Die N\u00e4hanleitungen mit den Videotutorials sind jeweils unten verlinkt.<\/p>\n<p><strong>Das Paket gibt es nur heute!<\/strong><\/p>\n","protected":false},"featured_media":26729,"comment_status":"open","ping_status":"closed","template":"","meta":[],"product_brand":[],"product_cat":[811,812,15,851],"product_tag":[],"class_list":{"0":"post-53799","1":"product","2":"type-product","3":"status-publish","4":"has-post-thumbnail","6":"product_cat-schnittmuster","7":"product_cat-tasche","8":"product_cat-uncategorized","9":"product_cat-weihnachten","11":"first","12":"instock","13":"downloadable","14":"virtual","15":"sold-individually","16":"purchasable","17":"product-type-simple"},"yoast_head":"<!-- This site is optimized with the Yoast SEO plugin v27.4 - https:\/\/yoast.com\/product\/yoast-seo-wordpress\/ -->\n<title>Adventskalender T\u00fcr 7 \ud83d\udd6f\ud83d\udd6f winterliches Schnittmuster-Paket<\/title>\n<meta name=\"description\" content=\"Das Schnittmuster-Paket enth\u00e4lt 3 winterliche Schnittmuster: das Raglan-Shirt Ilva, den Hut Snowy Morning und den Nikolaus.\" \/>\n<meta name=\"robots\" content=\"index, follow, max-snippet:-1, max-image-preview:large, max-video-preview:-1\" \/>\n<link rel=\"canonical\" href=\"https:\/\/cheznu.tv\/familymanagement\/produkt\/adventskalender-07\/\" \/>\n<meta property=\"og:locale\" content=\"de_DE\" \/>\n<meta property=\"og:type\" content=\"article\" \/>\n<meta property=\"og:title\" content=\"Adventskalender T\u00fcr 7 \ud83d\udd6f\ud83d\udd6f winterliches Schnittmuster-Paket\" \/>\n<meta property=\"og:description\" content=\"Das Schnittmuster-Paket enth\u00e4lt 3 winterliche Schnittmuster: das Raglan-Shirt Ilva, den Hut Snowy Morning und den Nikolaus.\" \/>\n<meta property=\"og:url\" content=\"https:\/\/cheznu.tv\/familymanagement\/produkt\/adventskalender-07\/\" \/>\n<meta property=\"og:site_name\" content=\"ChezNU.TV\" \/>\n<meta property=\"article:publisher\" content=\"https:\/\/www.facebook.com\/cheznutv\/\" \/>\n<meta property=\"article:modified_time\" content=\"2024-06-03T11:33:37+00:00\" \/>\n<meta property=\"og:image\" content=\"https:\/\/cheznu.tv\/familymanagement\/wp-content\/uploads\/2020\/01\/Reglan-Shirt-Ilva-Tragebild-b-frontal.jpg\" \/>\n\t<meta property=\"og:image:width\" content=\"1000\" \/>\n\t<meta property=\"og:image:height\" content=\"1000\" \/>\n\t<meta property=\"og:image:type\" content=\"image\/jpeg\" \/>\n<meta name=\"twitter:card\" content=\"summary_large_image\" \/>\n<meta name=\"twitter:site\" content=\"@cheznu_family\" \/>\n<meta name=\"twitter:label1\" content=\"Gesch\u00e4tzte Lesezeit\" \/>\n\t<meta name=\"twitter:data1\" content=\"2\u00a0Minuten\" \/>\n<script type=\"application\/ld+json\" class=\"yoast-schema-graph\">{\"@context\":\"https:\\\/\\\/schema.org\",\"@graph\":[{\"@type\":\"WebPage\",\"@id\":\"https:\\\/\\\/cheznu.tv\\\/familymanagement\\\/produkt\\\/adventskalender-07\\\/\",\"url\":\"https:\\\/\\\/cheznu.tv\\\/familymanagement\\\/produkt\\\/adventskalender-07\\\/\",\"name\":\"Adventskalender T\u00fcr 7 \ud83d\udd6f\ud83d\udd6f winterliches Schnittmuster-Paket\",\"isPartOf\":{\"@id\":\"https:\\\/\\\/cheznu.tv\\\/familymanagement\\\/#website\"},\"primaryImageOfPage\":{\"@id\":\"https:\\\/\\\/cheznu.tv\\\/familymanagement\\\/produkt\\\/adventskalender-07\\\/#primaryimage\"},\"image\":{\"@id\":\"https:\\\/\\\/cheznu.tv\\\/familymanagement\\\/produkt\\\/adventskalender-07\\\/#primaryimage\"},\"thumbnailUrl\":\"https:\\\/\\\/cheznu.tv\\\/familymanagement\\\/wp-content\\\/uploads\\\/2020\\\/01\\\/Reglan-Shirt-Ilva-Tragebild-b-frontal.jpg\",\"datePublished\":\"2020-12-06T18:37:22+00:00\",\"dateModified\":\"2024-06-03T11:33:37+00:00\",\"description\":\"Das Schnittmuster-Paket enth\u00e4lt 3 winterliche Schnittmuster: das Raglan-Shirt Ilva, den Hut Snowy Morning und den Nikolaus.\",\"breadcrumb\":{\"@id\":\"https:\\\/\\\/cheznu.tv\\\/familymanagement\\\/produkt\\\/adventskalender-07\\\/#breadcrumb\"},\"inLanguage\":\"de\",\"potentialAction\":[{\"@type\":\"ReadAction\",\"target\":[\"https:\\\/\\\/cheznu.tv\\\/familymanagement\\\/produkt\\\/adventskalender-07\\\/\"]}]},{\"@type\":\"ImageObject\",\"inLanguage\":\"de\",\"@id\":\"https:\\\/\\\/cheznu.tv\\\/familymanagement\\\/produkt\\\/adventskalender-07\\\/#primaryimage\",\"url\":\"https:\\\/\\\/cheznu.tv\\\/familymanagement\\\/wp-content\\\/uploads\\\/2020\\\/01\\\/Reglan-Shirt-Ilva-Tragebild-b-frontal.jpg\",\"contentUrl\":\"https:\\\/\\\/cheznu.tv\\\/familymanagement\\\/wp-content\\\/uploads\\\/2020\\\/01\\\/Reglan-Shirt-Ilva-Tragebild-b-frontal.jpg\",\"width\":1000,\"height\":1000,\"caption\":\"Raglan-Shirt-Ilva Tragebild b frontal\"},{\"@type\":\"BreadcrumbList\",\"@id\":\"https:\\\/\\\/cheznu.tv\\\/familymanagement\\\/produkt\\\/adventskalender-07\\\/#breadcrumb\",\"itemListElement\":[{\"@type\":\"ListItem\",\"position\":1,\"name\":\"Startseite\",\"item\":\"https:\\\/\\\/cheznu.tv\\\/familymanagement\\\/\"},{\"@type\":\"ListItem\",\"position\":2,\"name\":\"Shop\",\"item\":\"https:\\\/\\\/cheznu.tv\\\/familymanagement\\\/shop\\\/\"},{\"@type\":\"ListItem\",\"position\":3,\"name\":\"Adventskalender T\u00fcr 7 \ud83d\udd6f\ud83d\udd6f winterliches Schnittmuster-Paket\"}]},{\"@type\":\"WebSite\",\"@id\":\"https:\\\/\\\/cheznu.tv\\\/familymanagement\\\/#website\",\"url\":\"https:\\\/\\\/cheznu.tv\\\/familymanagement\\\/\",\"name\":\"ChezNU.TV\",\"description\":\"N\u00e4hen | Basteln | Haushalt | Familie\",\"potentialAction\":[{\"@type\":\"SearchAction\",\"target\":{\"@type\":\"EntryPoint\",\"urlTemplate\":\"https:\\\/\\\/cheznu.tv\\\/familymanagement\\\/?s={search_term_string}\"},\"query-input\":{\"@type\":\"PropertyValueSpecification\",\"valueRequired\":true,\"valueName\":\"search_term_string\"}}],\"inLanguage\":\"de\"}]}<\/script>\n<!-- \/ Yoast SEO plugin. -->","yoast_head_json":{"title":"Adventskalender T\u00fcr 7 \ud83d\udd6f\ud83d\udd6f winterliches Schnittmuster-Paket","description":"Das Schnittmuster-Paket enth\u00e4lt 3 winterliche Schnittmuster: das Raglan-Shirt Ilva, den Hut Snowy Morning und den Nikolaus.","robots":{"index":"index","follow":"follow","max-snippet":"max-snippet:-1","max-image-preview":"max-image-preview:large","max-video-preview":"max-video-preview:-1"},"canonical":"https:\/\/cheznu.tv\/familymanagement\/produkt\/adventskalender-07\/","og_locale":"de_DE","og_type":"article","og_title":"Adventskalender T\u00fcr 7 \ud83d\udd6f\ud83d\udd6f winterliches Schnittmuster-Paket","og_description":"Das Schnittmuster-Paket enth\u00e4lt 3 winterliche Schnittmuster: das Raglan-Shirt Ilva, den Hut Snowy Morning und den Nikolaus.","og_url":"https:\/\/cheznu.tv\/familymanagement\/produkt\/adventskalender-07\/","og_site_name":"ChezNU.TV","article_publisher":"https:\/\/www.facebook.com\/cheznutv\/","article_modified_time":"2024-06-03T11:33:37+00:00","og_image":[{"width":1000,"height":1000,"url":"https:\/\/cheznu.tv\/familymanagement\/wp-content\/uploads\/2020\/01\/Reglan-Shirt-Ilva-Tragebild-b-frontal.jpg","type":"image\/jpeg"}],"twitter_card":"summary_large_image","twitter_site":"@cheznu_family","twitter_misc":{"Gesch\u00e4tzte Lesezeit":"2\u00a0Minuten"},"schema":{"@context":"https:\/\/schema.org","@graph":[{"@type":"WebPage","@id":"https:\/\/cheznu.tv\/familymanagement\/produkt\/adventskalender-07\/","url":"https:\/\/cheznu.tv\/familymanagement\/produkt\/adventskalender-07\/","name":"Adventskalender T\u00fcr 7 \ud83d\udd6f\ud83d\udd6f winterliches Schnittmuster-Paket","isPartOf":{"@id":"https:\/\/cheznu.tv\/familymanagement\/#website"},"primaryImageOfPage":{"@id":"https:\/\/cheznu.tv\/familymanagement\/produkt\/adventskalender-07\/#primaryimage"},"image":{"@id":"https:\/\/cheznu.tv\/familymanagement\/produkt\/adventskalender-07\/#primaryimage"},"thumbnailUrl":"https:\/\/cheznu.tv\/familymanagement\/wp-content\/uploads\/2020\/01\/Reglan-Shirt-Ilva-Tragebild-b-frontal.jpg","datePublished":"2020-12-06T18:37:22+00:00","dateModified":"2024-06-03T11:33:37+00:00","description":"Das Schnittmuster-Paket enth\u00e4lt 3 winterliche Schnittmuster: das Raglan-Shirt Ilva, den Hut Snowy Morning und den Nikolaus.","breadcrumb":{"@id":"https:\/\/cheznu.tv\/familymanagement\/produkt\/adventskalender-07\/#breadcrumb"},"inLanguage":"de","potentialAction":[{"@type":"ReadAction","target":["https:\/\/cheznu.tv\/familymanagement\/produkt\/adventskalender-07\/"]}]},{"@type":"ImageObject","inLanguage":"de","@id":"https:\/\/cheznu.tv\/familymanagement\/produkt\/adventskalender-07\/#primaryimage","url":"https:\/\/cheznu.tv\/familymanagement\/wp-content\/uploads\/2020\/01\/Reglan-Shirt-Ilva-Tragebild-b-frontal.jpg","contentUrl":"https:\/\/cheznu.tv\/familymanagement\/wp-content\/uploads\/2020\/01\/Reglan-Shirt-Ilva-Tragebild-b-frontal.jpg","width":1000,"height":1000,"caption":"Raglan-Shirt-Ilva Tragebild b frontal"},{"@type":"BreadcrumbList","@id":"https:\/\/cheznu.tv\/familymanagement\/produkt\/adventskalender-07\/#breadcrumb","itemListElement":[{"@type":"ListItem","position":1,"name":"Startseite","item":"https:\/\/cheznu.tv\/familymanagement\/"},{"@type":"ListItem","position":2,"name":"Shop","item":"https:\/\/cheznu.tv\/familymanagement\/shop\/"},{"@type":"ListItem","position":3,"name":"Adventskalender T\u00fcr 7 \ud83d\udd6f\ud83d\udd6f winterliches Schnittmuster-Paket"}]},{"@type":"WebSite","@id":"https:\/\/cheznu.tv\/familymanagement\/#website","url":"https:\/\/cheznu.tv\/familymanagement\/","name":"ChezNU.TV","description":"N\u00e4hen | Basteln | Haushalt | Familie","potentialAction":[{"@type":"SearchAction","target":{"@type":"EntryPoint","urlTemplate":"https:\/\/cheznu.tv\/familymanagement\/?s={search_term_string}"},"query-input":{"@type":"PropertyValueSpecification","valueRequired":true,"valueName":"search_term_string"}}],"inLanguage":"de"}]}},"_links":{"self":[{"href":"https:\/\/cheznu.tv\/familymanagement\/wp-json\/wp\/v2\/product\/53799","targetHints":{"allow":["GET"]}}],"collection":[{"href":"https:\/\/cheznu.tv\/familymanagement\/wp-json\/wp\/v2\/product"}],"about":[{"href":"https:\/\/cheznu.tv\/familymanagement\/wp-json\/wp\/v2\/types\/product"}],"replies":[{"embeddable":true,"href":"https:\/\/cheznu.tv\/familymanagement\/wp-json\/wp\/v2\/comments?post=53799"}],"wp:featuredmedia":[{"embeddable":true,"href":"https:\/\/cheznu.tv\/familymanagement\/wp-json\/wp\/v2\/media\/26729"}],"wp:attachment":[{"href":"https:\/\/cheznu.tv\/familymanagement\/wp-json\/wp\/v2\/media?parent=53799"}],"wp:term":[{"taxonomy":"product_brand","embeddable":true,"href":"https:\/\/cheznu.tv\/familymanagement\/wp-json\/wp\/v2\/product_brand?post=53799"},{"taxonomy":"product_cat","embeddable":true,"href":"https:\/\/cheznu.tv\/familymanagement\/wp-json\/wp\/v2\/product_cat?post=53799"},{"taxonomy":"product_tag","embeddable":true,"href":"https:\/\/cheznu.tv\/familymanagement\/wp-json\/wp\/v2\/product_tag?post=53799"}],"curies":[{"name":"wp","href":"https:\/\/api.w.org\/{rel}","templated":true}]}}