{"id":53112,"date":"2020-11-29T16:15:57","date_gmt":"2020-11-29T15:15:57","guid":{"rendered":"https:\/\/cheznu.tv\/familymanagement\/?post_type=product&#038;p=53112"},"modified":"2023-11-01T00:00:05","modified_gmt":"2023-10-31T23:00:05","slug":"schnittmuster-abendtasche-aspen","status":"publish","type":"product","link":"https:\/\/cheznu.tv\/familymanagement\/produkt\/schnittmuster-abendtasche-aspen\/","title":{"rendered":"Abendtasche Aspen \ud83d\udc5c Dein Style-Statement f\u00fcr den Abend \ud83c\udf1fSchnittmuster zum Ausdrucken"},"content":{"rendered":"<p>Die N\u00e4hanleitung f\u00fcr die Abendtasche Aspen mit vielen Bildern sowie das Anleitungsvideo findest Du hier:<\/p>\n<p><a href=\"https:\/\/cheznu.tv\/familymanagement\/abendtasche-naehen-schnittmuster-edle-handtasche-naehen-mit-reissverschluss\/\">Abendtasche n\u00e4hen Schnittmuster \ud83d\udc5c edle Handtasche n\u00e4hen mit Reissverschluss<\/a><\/p>\n<p><a href='https:\/\/www.spoonflower.com\/profiles\/cheznu_tv' target='_blank' title='Spoonflower-Shop mit den ChezNU-Designs'>Unseren neuen Spoonflower-Shop mit Stoffen im ChezNU-Design findest Du hier.<\/a><\/p><p>Neben dem Schnittmuster \/ Schema \/ Anleitung \/ Plotterdatei erh\u00e4ltst Du als Teil der erworbenen Leistung (gilt auch f\u00fcr kostenlose Produkte) auch unseren kostenlosen Newsletter \u201eSchnittmuster-Alarm\u201c. Im Schnittmuster-Alarm informieren wir haupts\u00e4chlich, aber nicht ausschliesslich \u00fcber neue Schnittmuster, Anleitungen, DIY-Projekte, Angebote in unserem Shop, Angebote in anderen Shops, Materialbezugsquellen und allem was irgendwie mit N\u00e4hen, H\u00e4keln, Basteln, Stricken, Upcycling, Organisation und Familie zu tun hat.<\/p><p>Nach Deiner Bestellung erh\u00e4ltst Du die E-Mails automatisch. Du kannst sie allerdings jederzeit und ohne Angabe von Gr\u00fcnden \u00fcber den Link am Ende jeder E-Mail abbestellen.<br>\n\tDie Transparenzerkl\u00e4rung zu unserem Schnittmuster-Alarm findest Du <a title='Transparenzerkl\u00e4rung' href='https:\/\/cheznu.tv\/familymanagement\/transparenzerklaerung-zum-schnittmuster-alarm-newsletter\/' target='_blank'>hier<\/a><\/p>\n<p><strong>Zum Schnittmuster<\/strong><\/p>\n<p>Das Schnittmuster kommt als PDF und kann auf A4-Papier (Standard) ausgedruckt und dann zusammengeklebt werden.<br \/>\nSo entf\u00e4llt das l\u00e4stige Schnittmuster kopieren mit teurem Seidenpapier. Das Schnittmuster kann nach dem Zusammenkleben direkt ausgeschnitten werden.<\/p>\n<p>Bitte beachte, die richtigen Druckoptionen einzustellen. Das funktioniert genauso, wie bei Burda.<br \/>\n<a href=\"http:\/\/cheznu.tv\/familymanagement\/burda-schnittmuster-ausdrucken\/\">Burda Schnittmuster Ausdrucken.<\/a><\/p>\n<p>Wie das mit dem Zusammenkleben funktioniert haben wir hier kurz erkl\u00e4rt.<br \/>\n<a href=\"http:\/\/cheznu.tv\/familymanagement\/so-gehts\/\">So geht\u00b4s<\/a>.<\/p>\n<p>Dieser Schnitt darf zu privaten Zwecken und zur Fertigung von Einzelst\u00fccken\/Kleinserien (bis 5 Modelle) unter Nennung der Herkunft verwendet werden (ChezNU.TV). Massenproduktion der fertigen Ware sowie Kopieren, Weitergabe, Abdruck oder Ver\u00f6ffentlichung (auch teilweise) des Schnittmusters bedarf der schriftlichen Genehmigung. Wenn Du Dir nicht sicher bist, schreibe uns einfach kurz eine <a href=\"mailto:nu@cheznu.tv\">E-Mail.<\/a><\/p>\n<p><img decoding=\"async\" src=\"https:\/\/klick.cheznu.tv\/pix\/1jqcz4na2zfze5d5\" width=\"1\" height=\"1\" \/><\/p>\n","protected":false},"excerpt":{"rendered":"<p>Erf\u00fclle Dir Deinen Taschentraum mit der Abendtasche Aspen! Diese charmante Handtasche kommt nicht nur mit einem schicken Reissverschluss, sondern auch mit einem glamour\u00f6sen, grossen Kettentragegurt, der jedes Outfit aufwertet. \ud83c\udf1f<\/p>\n<p>Das Schnittmuster ist so gestaltet, dass Du auch als N\u00e4hanf\u00e4ngerin voll durchstarten kannst. Und das Beste: Es enth\u00e4lt sogar eine optionale Innentasche f\u00fcr all Deine kleinen Essentials. F\u00fchl Dich frei, sie einzun\u00e4hen oder wegzulassen \u2013 ganz nach Deinem Gusto! \ud83d\ude0d<\/p>\n<p>\ud83d\udccf Abmessungen:<\/p>\n<ul>\n<li>Breite: 25 cm<\/li>\n<li>H\u00f6he: 15 cm<\/li>\n<li>Tiefe: 10 cm<\/li>\n<\/ul>\n<p>Geniesse den N\u00e4hprozess und erweitere Deine Taschenkollektion um ein absolutes Highlight! \ud83d\udc95<\/p>\n","protected":false},"featured_media":53119,"comment_status":"open","ping_status":"closed","template":"","meta":[],"product_brand":[],"product_cat":[809,914,810,811,812,1071],"product_tag":[2334,2333,873,2336,2337,2335],"class_list":{"0":"post-53112","1":"product","2":"type-product","3":"status-publish","4":"has-post-thumbnail","6":"product_cat-accessories","7":"product_cat-handtasche","8":"product_cat-naehen","9":"product_cat-schnittmuster","10":"product_cat-tasche","11":"product_cat-urlaub","12":"product_tag-abendtasche","13":"product_tag-edel","14":"product_tag-handtasche","15":"product_tag-kette","16":"product_tag-modern","17":"product_tag-umhaengetasche","19":"first","20":"instock","21":"downloadable","22":"virtual","23":"sold-individually","24":"purchasable","25":"product-type-simple"},"yoast_head":"<!-- This site is optimized with the Yoast SEO plugin v27.5 - https:\/\/yoast.com\/product\/yoast-seo-wordpress\/ -->\n<title>Abendtasche Aspen \ud83d\udc5c Schnittmuster zum Ausdrucken<\/title>\n<meta name=\"description\" content=\"Die Abendtasche Aspen ist eine super moderne, edle Handtasche f\u00fcr den Abend. Sie hat einen Reissverschluss eine Innentasche.\" \/>\n<meta name=\"robots\" content=\"index, follow, max-snippet:-1, max-image-preview:large, max-video-preview:-1\" \/>\n<link rel=\"canonical\" href=\"https:\/\/cheznu.tv\/familymanagement\/produkt\/schnittmuster-abendtasche-aspen\/\" \/>\n<meta property=\"og:locale\" content=\"de_DE\" \/>\n<meta property=\"og:type\" content=\"article\" \/>\n<meta property=\"og:title\" content=\"Abendtasche Aspen \ud83d\udc5c Schnittmuster zum Ausdrucken\" \/>\n<meta property=\"og:description\" content=\"Die Abendtasche Aspen ist eine super moderne, edle Handtasche f\u00fcr den Abend. Sie hat einen Reissverschluss eine Innentasche.\" \/>\n<meta property=\"og:url\" content=\"https:\/\/cheznu.tv\/familymanagement\/produkt\/schnittmuster-abendtasche-aspen\/\" \/>\n<meta property=\"og:site_name\" content=\"ChezNU.TV\" \/>\n<meta property=\"article:publisher\" content=\"https:\/\/www.facebook.com\/cheznutv\/\" \/>\n<meta property=\"article:modified_time\" content=\"2023-10-31T23:00:05+00:00\" \/>\n<meta property=\"og:image\" content=\"https:\/\/cheznu.tv\/familymanagement\/wp-content\/uploads\/2020\/11\/Abendtasche-Aspen-Schnittmuster-05.jpg\" \/>\n\t<meta property=\"og:image:width\" content=\"1000\" \/>\n\t<meta property=\"og:image:height\" content=\"1000\" \/>\n\t<meta property=\"og:image:type\" content=\"image\/jpeg\" \/>\n<meta name=\"twitter:card\" content=\"summary_large_image\" \/>\n<meta name=\"twitter:site\" content=\"@cheznu_family\" \/>\n<meta name=\"twitter:label1\" content=\"Gesch\u00e4tzte Lesezeit\" \/>\n\t<meta name=\"twitter:data1\" content=\"1\u00a0Minute\" \/>\n<script type=\"application\/ld+json\" class=\"yoast-schema-graph\">{\"@context\":\"https:\\\/\\\/schema.org\",\"@graph\":[{\"@type\":\"WebPage\",\"@id\":\"https:\\\/\\\/cheznu.tv\\\/familymanagement\\\/produkt\\\/schnittmuster-abendtasche-aspen\\\/\",\"url\":\"https:\\\/\\\/cheznu.tv\\\/familymanagement\\\/produkt\\\/schnittmuster-abendtasche-aspen\\\/\",\"name\":\"Abendtasche Aspen \ud83d\udc5c Schnittmuster zum Ausdrucken\",\"isPartOf\":{\"@id\":\"https:\\\/\\\/cheznu.tv\\\/familymanagement\\\/#website\"},\"primaryImageOfPage\":{\"@id\":\"https:\\\/\\\/cheznu.tv\\\/familymanagement\\\/produkt\\\/schnittmuster-abendtasche-aspen\\\/#primaryimage\"},\"image\":{\"@id\":\"https:\\\/\\\/cheznu.tv\\\/familymanagement\\\/produkt\\\/schnittmuster-abendtasche-aspen\\\/#primaryimage\"},\"thumbnailUrl\":\"https:\\\/\\\/cheznu.tv\\\/familymanagement\\\/wp-content\\\/uploads\\\/2020\\\/11\\\/Abendtasche-Aspen-Schnittmuster-05.jpg\",\"datePublished\":\"2020-11-29T15:15:57+00:00\",\"dateModified\":\"2023-10-31T23:00:05+00:00\",\"description\":\"Die Abendtasche Aspen ist eine super moderne, edle Handtasche f\u00fcr den Abend. Sie hat einen Reissverschluss eine Innentasche.\",\"breadcrumb\":{\"@id\":\"https:\\\/\\\/cheznu.tv\\\/familymanagement\\\/produkt\\\/schnittmuster-abendtasche-aspen\\\/#breadcrumb\"},\"inLanguage\":\"de\",\"potentialAction\":[{\"@type\":\"ReadAction\",\"target\":[\"https:\\\/\\\/cheznu.tv\\\/familymanagement\\\/produkt\\\/schnittmuster-abendtasche-aspen\\\/\"]}]},{\"@type\":\"ImageObject\",\"inLanguage\":\"de\",\"@id\":\"https:\\\/\\\/cheznu.tv\\\/familymanagement\\\/produkt\\\/schnittmuster-abendtasche-aspen\\\/#primaryimage\",\"url\":\"https:\\\/\\\/cheznu.tv\\\/familymanagement\\\/wp-content\\\/uploads\\\/2020\\\/11\\\/Abendtasche-Aspen-Schnittmuster-05.jpg\",\"contentUrl\":\"https:\\\/\\\/cheznu.tv\\\/familymanagement\\\/wp-content\\\/uploads\\\/2020\\\/11\\\/Abendtasche-Aspen-Schnittmuster-05.jpg\",\"width\":1000,\"height\":1000,\"caption\":\"Abendtasche Aspen Schnittmuster 05\"},{\"@type\":\"BreadcrumbList\",\"@id\":\"https:\\\/\\\/cheznu.tv\\\/familymanagement\\\/produkt\\\/schnittmuster-abendtasche-aspen\\\/#breadcrumb\",\"itemListElement\":[{\"@type\":\"ListItem\",\"position\":1,\"name\":\"Startseite\",\"item\":\"https:\\\/\\\/cheznu.tv\\\/familymanagement\\\/\"},{\"@type\":\"ListItem\",\"position\":2,\"name\":\"Shop\",\"item\":\"https:\\\/\\\/cheznu.tv\\\/familymanagement\\\/shop\\\/\"},{\"@type\":\"ListItem\",\"position\":3,\"name\":\"Abendtasche Aspen \ud83d\udc5c Dein Style-Statement f\u00fcr den Abend \ud83c\udf1fSchnittmuster zum Ausdrucken\"}]},{\"@type\":\"WebSite\",\"@id\":\"https:\\\/\\\/cheznu.tv\\\/familymanagement\\\/#website\",\"url\":\"https:\\\/\\\/cheznu.tv\\\/familymanagement\\\/\",\"name\":\"ChezNU.TV\",\"description\":\"N\u00e4hen | Basteln | Haushalt | Familie\",\"potentialAction\":[{\"@type\":\"SearchAction\",\"target\":{\"@type\":\"EntryPoint\",\"urlTemplate\":\"https:\\\/\\\/cheznu.tv\\\/familymanagement\\\/?s={search_term_string}\"},\"query-input\":{\"@type\":\"PropertyValueSpecification\",\"valueRequired\":true,\"valueName\":\"search_term_string\"}}],\"inLanguage\":\"de\"}]}<\/script>\n<!-- \/ Yoast SEO plugin. -->","yoast_head_json":{"title":"Abendtasche Aspen \ud83d\udc5c Schnittmuster zum Ausdrucken","description":"Die Abendtasche Aspen ist eine super moderne, edle Handtasche f\u00fcr den Abend. Sie hat einen Reissverschluss eine Innentasche.","robots":{"index":"index","follow":"follow","max-snippet":"max-snippet:-1","max-image-preview":"max-image-preview:large","max-video-preview":"max-video-preview:-1"},"canonical":"https:\/\/cheznu.tv\/familymanagement\/produkt\/schnittmuster-abendtasche-aspen\/","og_locale":"de_DE","og_type":"article","og_title":"Abendtasche Aspen \ud83d\udc5c Schnittmuster zum Ausdrucken","og_description":"Die Abendtasche Aspen ist eine super moderne, edle Handtasche f\u00fcr den Abend. Sie hat einen Reissverschluss eine Innentasche.","og_url":"https:\/\/cheznu.tv\/familymanagement\/produkt\/schnittmuster-abendtasche-aspen\/","og_site_name":"ChezNU.TV","article_publisher":"https:\/\/www.facebook.com\/cheznutv\/","article_modified_time":"2023-10-31T23:00:05+00:00","og_image":[{"width":1000,"height":1000,"url":"https:\/\/cheznu.tv\/familymanagement\/wp-content\/uploads\/2020\/11\/Abendtasche-Aspen-Schnittmuster-05.jpg","type":"image\/jpeg"}],"twitter_card":"summary_large_image","twitter_site":"@cheznu_family","twitter_misc":{"Gesch\u00e4tzte Lesezeit":"1\u00a0Minute"},"schema":{"@context":"https:\/\/schema.org","@graph":[{"@type":"WebPage","@id":"https:\/\/cheznu.tv\/familymanagement\/produkt\/schnittmuster-abendtasche-aspen\/","url":"https:\/\/cheznu.tv\/familymanagement\/produkt\/schnittmuster-abendtasche-aspen\/","name":"Abendtasche Aspen \ud83d\udc5c Schnittmuster zum Ausdrucken","isPartOf":{"@id":"https:\/\/cheznu.tv\/familymanagement\/#website"},"primaryImageOfPage":{"@id":"https:\/\/cheznu.tv\/familymanagement\/produkt\/schnittmuster-abendtasche-aspen\/#primaryimage"},"image":{"@id":"https:\/\/cheznu.tv\/familymanagement\/produkt\/schnittmuster-abendtasche-aspen\/#primaryimage"},"thumbnailUrl":"https:\/\/cheznu.tv\/familymanagement\/wp-content\/uploads\/2020\/11\/Abendtasche-Aspen-Schnittmuster-05.jpg","datePublished":"2020-11-29T15:15:57+00:00","dateModified":"2023-10-31T23:00:05+00:00","description":"Die Abendtasche Aspen ist eine super moderne, edle Handtasche f\u00fcr den Abend. Sie hat einen Reissverschluss eine Innentasche.","breadcrumb":{"@id":"https:\/\/cheznu.tv\/familymanagement\/produkt\/schnittmuster-abendtasche-aspen\/#breadcrumb"},"inLanguage":"de","potentialAction":[{"@type":"ReadAction","target":["https:\/\/cheznu.tv\/familymanagement\/produkt\/schnittmuster-abendtasche-aspen\/"]}]},{"@type":"ImageObject","inLanguage":"de","@id":"https:\/\/cheznu.tv\/familymanagement\/produkt\/schnittmuster-abendtasche-aspen\/#primaryimage","url":"https:\/\/cheznu.tv\/familymanagement\/wp-content\/uploads\/2020\/11\/Abendtasche-Aspen-Schnittmuster-05.jpg","contentUrl":"https:\/\/cheznu.tv\/familymanagement\/wp-content\/uploads\/2020\/11\/Abendtasche-Aspen-Schnittmuster-05.jpg","width":1000,"height":1000,"caption":"Abendtasche Aspen Schnittmuster 05"},{"@type":"BreadcrumbList","@id":"https:\/\/cheznu.tv\/familymanagement\/produkt\/schnittmuster-abendtasche-aspen\/#breadcrumb","itemListElement":[{"@type":"ListItem","position":1,"name":"Startseite","item":"https:\/\/cheznu.tv\/familymanagement\/"},{"@type":"ListItem","position":2,"name":"Shop","item":"https:\/\/cheznu.tv\/familymanagement\/shop\/"},{"@type":"ListItem","position":3,"name":"Abendtasche Aspen \ud83d\udc5c Dein Style-Statement f\u00fcr den Abend \ud83c\udf1fSchnittmuster zum Ausdrucken"}]},{"@type":"WebSite","@id":"https:\/\/cheznu.tv\/familymanagement\/#website","url":"https:\/\/cheznu.tv\/familymanagement\/","name":"ChezNU.TV","description":"N\u00e4hen | Basteln | Haushalt | Familie","potentialAction":[{"@type":"SearchAction","target":{"@type":"EntryPoint","urlTemplate":"https:\/\/cheznu.tv\/familymanagement\/?s={search_term_string}"},"query-input":{"@type":"PropertyValueSpecification","valueRequired":true,"valueName":"search_term_string"}}],"inLanguage":"de"}]}},"_links":{"self":[{"href":"https:\/\/cheznu.tv\/familymanagement\/wp-json\/wp\/v2\/product\/53112","targetHints":{"allow":["GET"]}}],"collection":[{"href":"https:\/\/cheznu.tv\/familymanagement\/wp-json\/wp\/v2\/product"}],"about":[{"href":"https:\/\/cheznu.tv\/familymanagement\/wp-json\/wp\/v2\/types\/product"}],"replies":[{"embeddable":true,"href":"https:\/\/cheznu.tv\/familymanagement\/wp-json\/wp\/v2\/comments?post=53112"}],"wp:featuredmedia":[{"embeddable":true,"href":"https:\/\/cheznu.tv\/familymanagement\/wp-json\/wp\/v2\/media\/53119"}],"wp:attachment":[{"href":"https:\/\/cheznu.tv\/familymanagement\/wp-json\/wp\/v2\/media?parent=53112"}],"wp:term":[{"taxonomy":"product_brand","embeddable":true,"href":"https:\/\/cheznu.tv\/familymanagement\/wp-json\/wp\/v2\/product_brand?post=53112"},{"taxonomy":"product_cat","embeddable":true,"href":"https:\/\/cheznu.tv\/familymanagement\/wp-json\/wp\/v2\/product_cat?post=53112"},{"taxonomy":"product_tag","embeddable":true,"href":"https:\/\/cheznu.tv\/familymanagement\/wp-json\/wp\/v2\/product_tag?post=53112"}],"curies":[{"name":"wp","href":"https:\/\/api.w.org\/{rel}","templated":true}]}}