{"id":47665,"date":"2020-10-03T22:42:54","date_gmt":"2020-10-03T20:42:54","guid":{"rendered":"https:\/\/cheznu.tv\/familymanagement\/?post_type=product&#038;p=47665"},"modified":"2026-03-02T15:06:16","modified_gmt":"2026-03-02T14:06:16","slug":"2-in-1-tasche-amsterdam-shopper-rucksack-schnittmuster","status":"publish","type":"product","link":"https:\/\/cheznu.tv\/familymanagement\/produkt\/2-in-1-tasche-amsterdam-shopper-rucksack-schnittmuster\/","title":{"rendered":"2 in 1 Tasche Amsterdam \ud83d\udecd\ufe0f Shopper &#038; Rucksack \ud83c\udf92 Schnittmuster zum Ausdrucken"},"content":{"rendered":"<p>Die N\u00e4hanleitung f\u00fcr die 2 in 1 Tasche Amsterdam mit vielen Bildern sowie das Anleitungsvideo findest Du hier:<\/p>\n<p><a href=\"https:\/\/cheznu.tv\/familymanagement\/tasche-aus-oilskin-naehen-2-in-1-shopper-rucksack-tasche-amsterdam\/\">Tasche aus Oilskin n\u00e4hen \ud83d\udecd\ufe0f 2 in 1 Shopper &amp; Rucksack \ud83c\udf92 Tasche Amsterdam<\/a><\/p>\n<p><a href='https:\/\/www.spoonflower.com\/profiles\/cheznu_tv' target='_blank' title='Spoonflower-Shop mit den ChezNU-Designs'>Unseren neuen Spoonflower-Shop mit Stoffen im ChezNU-Design findest Du hier.<\/a><\/p><p>Neben dem Schnittmuster \/ Schema \/ Anleitung \/ Plotterdatei erh\u00e4ltst Du als Teil der erworbenen Leistung (gilt auch f\u00fcr kostenlose Produkte) auch unseren kostenlosen Newsletter \u201eSchnittmuster-Alarm\u201c. Im Schnittmuster-Alarm informieren wir haupts\u00e4chlich, aber nicht ausschliesslich \u00fcber neue Schnittmuster, Anleitungen, DIY-Projekte, Angebote in unserem Shop, Angebote in anderen Shops, Materialbezugsquellen und allem was irgendwie mit N\u00e4hen, H\u00e4keln, Basteln, Stricken, Upcycling, Organisation und Familie zu tun hat.<\/p><p>Nach Deiner Bestellung erh\u00e4ltst Du die E-Mails automatisch. Du kannst sie allerdings jederzeit und ohne Angabe von Gr\u00fcnden \u00fcber den Link am Ende jeder E-Mail abbestellen.<br>\n\tDie Transparenzerkl\u00e4rung zu unserem Schnittmuster-Alarm findest Du <a title='Transparenzerkl\u00e4rung' href='https:\/\/cheznu.tv\/familymanagement\/transparenzerklaerung-zum-schnittmuster-alarm-newsletter\/' target='_blank'>hier<\/a><\/p>\n<p><strong>Zum Schnittmuster<\/strong><\/p>\n<p>Das Schnittmuster kommt als PDF und kann auf A4-Papier (Standard) ausgedruckt und dann zusammengeklebt werden.<br \/>\nSo entf\u00e4llt das l\u00e4stige Schnittmuster kopieren mit teurem Seidenpapier. Das Schnittmuster kann nach dem Zusammenkleben direkt ausgeschnitten werden.<\/p>\n<p>Bitte beachte, die richtigen Druckoptionen einzustellen. Das funktioniert genauso, wie bei Burda.<br \/>\n<a href=\"http:\/\/cheznu.tv\/familymanagement\/burda-schnittmuster-ausdrucken\/\">Burda Schnittmuster Ausdrucken.<\/a><\/p>\n<p>Wie das mit dem Zusammenkleben funktioniert haben wir hier kurz erkl\u00e4rt.<br \/>\n<a href=\"http:\/\/cheznu.tv\/familymanagement\/so-gehts\/\">So geht\u00b4s<\/a>.<\/p>\n<p>Dieser Schnitt darf zu privaten Zwecken und zur Fertigung von Einzelst\u00fccken\/Kleinserien (bis 5 Modelle) unter Nennung der Herkunft verwendet werden (ChezNU.TV). Massenproduktion der fertigen Ware sowie Kopieren, Weitergabe, Abdruck oder Ver\u00f6ffentlichung (auch teilweise) des Schnittmusters bedarf der schriftlichen Genehmigung. Wenn Du Dir nicht sicher bist, schreibe uns einfach kurz eine <a href=\"mailto:nu@cheznu.tv\">E-Mail.<\/a><\/p>\n<p><img decoding=\"async\" src=\"https:\/\/klick.cheznu.tv\/pix\/1jqcz4na2zfze5d5\" width=\"1\" height=\"1\" \/><\/p>\n","protected":false},"excerpt":{"rendered":"<p>Die Tasche Amsterdam ist ein praktischer und stylischer Shopper, den Du auch als Rucksack tragen kannst. Einfach die Gurte umschnallen und fertig.<\/p>\n<p>Die Tasche hat die Masse:<\/p>\n<ul>\n<li>Breite 32 cm<\/li>\n<li>H\u00f6he 30 cm<\/li>\n<li>Tiefe 14 cm<\/li>\n<\/ul>\n<p>Ausserdem verf\u00fcgt die Tasche \u00fcber 2 ins Futter eingen\u00e4hte Innentaschen, jeweils mit Reissverschluss und eine Aussentasche, ebenfalls mit Reissverschluss.<\/p>\n","protected":false},"featured_media":47662,"comment_status":"open","ping_status":"closed","template":"","meta":[],"product_brand":[],"product_cat":[809,907,810,811,812,1071],"product_tag":[2227,873,1525,1529,1530,1531,808,2226,2225],"class_list":{"0":"post-47665","1":"product","2":"type-product","3":"status-publish","4":"has-post-thumbnail","6":"product_cat-accessories","7":"product_cat-maenner","8":"product_cat-naehen","9":"product_cat-schnittmuster","10":"product_cat-tasche","11":"product_cat-urlaub","12":"product_tag-2-in-1-tache-naehen","13":"product_tag-handtasche","14":"product_tag-handtasche-naehen-mit-reissverschluss","15":"product_tag-handtasche-schnittmuster","16":"product_tag-handtasche-selber-machen","17":"product_tag-handtasche-selber-naehen","18":"product_tag-tasche","19":"product_tag-tasche-mit-aussentasche-naehen","20":"product_tag-tasche-mit-innentasche-naehen","22":"first","23":"instock","24":"downloadable","25":"virtual","26":"sold-individually","27":"purchasable","28":"product-type-simple"},"yoast_head":"<!-- This site is optimized with the Yoast SEO plugin v27.5 - https:\/\/yoast.com\/product\/yoast-seo-wordpress\/ -->\n<title>2 in 1 Tasche Amsterdam \ud83d\udecd\ufe0f Shopper &amp; Rucksack \ud83c\udf92 Schnittmuster<\/title>\n<meta name=\"description\" content=\"Die Tasche Amsterdam ist ein praktischer und stylischer Shopper, den Du auch als Rucksack tragen kannst. Das Schnittmuster zum Nachn\u00e4hen ..\" \/>\n<meta name=\"robots\" content=\"index, follow, max-snippet:-1, max-image-preview:large, max-video-preview:-1\" \/>\n<link rel=\"canonical\" href=\"https:\/\/cheznu.tv\/familymanagement\/produkt\/2-in-1-tasche-amsterdam-shopper-rucksack-schnittmuster\/\" \/>\n<meta property=\"og:locale\" content=\"de_DE\" \/>\n<meta property=\"og:type\" content=\"article\" \/>\n<meta property=\"og:title\" content=\"2 in 1 Tasche Amsterdam \ud83d\udecd\ufe0f Shopper &amp; Rucksack \ud83c\udf92 Schnittmuster\" \/>\n<meta property=\"og:description\" content=\"Die Tasche Amsterdam ist ein praktischer und stylischer Shopper, den Du auch als Rucksack tragen kannst. Das Schnittmuster zum Nachn\u00e4hen ..\" \/>\n<meta property=\"og:url\" content=\"https:\/\/cheznu.tv\/familymanagement\/produkt\/2-in-1-tasche-amsterdam-shopper-rucksack-schnittmuster\/\" \/>\n<meta property=\"og:site_name\" content=\"ChezNU.TV\" \/>\n<meta property=\"article:publisher\" content=\"https:\/\/www.facebook.com\/cheznutv\/\" \/>\n<meta property=\"article:modified_time\" content=\"2026-03-02T14:06:16+00:00\" \/>\n<meta property=\"og:image\" content=\"https:\/\/cheznu.tv\/familymanagement\/wp-content\/uploads\/2020\/10\/Schnittmuster-Tasche-Amsterdam-als-Shopper-von-vorne-mit-den-2-Reissverschluessen.jpg\" \/>\n\t<meta property=\"og:image:width\" content=\"1000\" \/>\n\t<meta property=\"og:image:height\" content=\"1000\" \/>\n\t<meta property=\"og:image:type\" content=\"image\/jpeg\" \/>\n<meta name=\"twitter:card\" content=\"summary_large_image\" \/>\n<meta name=\"twitter:site\" content=\"@cheznu_family\" \/>\n<meta name=\"twitter:label1\" content=\"Gesch\u00e4tzte Lesezeit\" \/>\n\t<meta name=\"twitter:data1\" content=\"2\u00a0Minuten\" \/>\n<script type=\"application\/ld+json\" class=\"yoast-schema-graph\">{\"@context\":\"https:\\\/\\\/schema.org\",\"@graph\":[{\"@type\":\"WebPage\",\"@id\":\"https:\\\/\\\/cheznu.tv\\\/familymanagement\\\/produkt\\\/2-in-1-tasche-amsterdam-shopper-rucksack-schnittmuster\\\/\",\"url\":\"https:\\\/\\\/cheznu.tv\\\/familymanagement\\\/produkt\\\/2-in-1-tasche-amsterdam-shopper-rucksack-schnittmuster\\\/\",\"name\":\"2 in 1 Tasche Amsterdam \ud83d\udecd\ufe0f Shopper & Rucksack \ud83c\udf92 Schnittmuster\",\"isPartOf\":{\"@id\":\"https:\\\/\\\/cheznu.tv\\\/familymanagement\\\/#website\"},\"primaryImageOfPage\":{\"@id\":\"https:\\\/\\\/cheznu.tv\\\/familymanagement\\\/produkt\\\/2-in-1-tasche-amsterdam-shopper-rucksack-schnittmuster\\\/#primaryimage\"},\"image\":{\"@id\":\"https:\\\/\\\/cheznu.tv\\\/familymanagement\\\/produkt\\\/2-in-1-tasche-amsterdam-shopper-rucksack-schnittmuster\\\/#primaryimage\"},\"thumbnailUrl\":\"https:\\\/\\\/cheznu.tv\\\/familymanagement\\\/wp-content\\\/uploads\\\/2020\\\/10\\\/Schnittmuster-Tasche-Amsterdam-als-Shopper-von-vorne-mit-den-2-Reissverschluessen.jpg\",\"datePublished\":\"2020-10-03T20:42:54+00:00\",\"dateModified\":\"2026-03-02T14:06:16+00:00\",\"description\":\"Die Tasche Amsterdam ist ein praktischer und stylischer Shopper, den Du auch als Rucksack tragen kannst. Das Schnittmuster zum Nachn\u00e4hen ..\",\"breadcrumb\":{\"@id\":\"https:\\\/\\\/cheznu.tv\\\/familymanagement\\\/produkt\\\/2-in-1-tasche-amsterdam-shopper-rucksack-schnittmuster\\\/#breadcrumb\"},\"inLanguage\":\"de\",\"potentialAction\":[{\"@type\":\"ReadAction\",\"target\":[\"https:\\\/\\\/cheznu.tv\\\/familymanagement\\\/produkt\\\/2-in-1-tasche-amsterdam-shopper-rucksack-schnittmuster\\\/\"]}]},{\"@type\":\"ImageObject\",\"inLanguage\":\"de\",\"@id\":\"https:\\\/\\\/cheznu.tv\\\/familymanagement\\\/produkt\\\/2-in-1-tasche-amsterdam-shopper-rucksack-schnittmuster\\\/#primaryimage\",\"url\":\"https:\\\/\\\/cheznu.tv\\\/familymanagement\\\/wp-content\\\/uploads\\\/2020\\\/10\\\/Schnittmuster-Tasche-Amsterdam-als-Shopper-von-vorne-mit-den-2-Reissverschluessen.jpg\",\"contentUrl\":\"https:\\\/\\\/cheznu.tv\\\/familymanagement\\\/wp-content\\\/uploads\\\/2020\\\/10\\\/Schnittmuster-Tasche-Amsterdam-als-Shopper-von-vorne-mit-den-2-Reissverschluessen.jpg\",\"width\":1000,\"height\":1000,\"caption\":\"Schnittmuster Tasche Amsterdam als Shopper von vorne mit den 2 Reissverschl\u00fcssen\"},{\"@type\":\"BreadcrumbList\",\"@id\":\"https:\\\/\\\/cheznu.tv\\\/familymanagement\\\/produkt\\\/2-in-1-tasche-amsterdam-shopper-rucksack-schnittmuster\\\/#breadcrumb\",\"itemListElement\":[{\"@type\":\"ListItem\",\"position\":1,\"name\":\"Startseite\",\"item\":\"https:\\\/\\\/cheznu.tv\\\/familymanagement\\\/\"},{\"@type\":\"ListItem\",\"position\":2,\"name\":\"Shop\",\"item\":\"https:\\\/\\\/cheznu.tv\\\/familymanagement\\\/shop\\\/\"},{\"@type\":\"ListItem\",\"position\":3,\"name\":\"2 in 1 Tasche Amsterdam \ud83d\udecd\ufe0f Shopper &#038; Rucksack \ud83c\udf92 Schnittmuster zum Ausdrucken\"}]},{\"@type\":\"WebSite\",\"@id\":\"https:\\\/\\\/cheznu.tv\\\/familymanagement\\\/#website\",\"url\":\"https:\\\/\\\/cheznu.tv\\\/familymanagement\\\/\",\"name\":\"ChezNU.TV\",\"description\":\"N\u00e4hen | Basteln | Haushalt | Familie\",\"potentialAction\":[{\"@type\":\"SearchAction\",\"target\":{\"@type\":\"EntryPoint\",\"urlTemplate\":\"https:\\\/\\\/cheznu.tv\\\/familymanagement\\\/?s={search_term_string}\"},\"query-input\":{\"@type\":\"PropertyValueSpecification\",\"valueRequired\":true,\"valueName\":\"search_term_string\"}}],\"inLanguage\":\"de\"}]}<\/script>\n<!-- \/ Yoast SEO plugin. -->","yoast_head_json":{"title":"2 in 1 Tasche Amsterdam \ud83d\udecd\ufe0f Shopper & Rucksack \ud83c\udf92 Schnittmuster","description":"Die Tasche Amsterdam ist ein praktischer und stylischer Shopper, den Du auch als Rucksack tragen kannst. Das Schnittmuster zum Nachn\u00e4hen ..","robots":{"index":"index","follow":"follow","max-snippet":"max-snippet:-1","max-image-preview":"max-image-preview:large","max-video-preview":"max-video-preview:-1"},"canonical":"https:\/\/cheznu.tv\/familymanagement\/produkt\/2-in-1-tasche-amsterdam-shopper-rucksack-schnittmuster\/","og_locale":"de_DE","og_type":"article","og_title":"2 in 1 Tasche Amsterdam \ud83d\udecd\ufe0f Shopper & Rucksack \ud83c\udf92 Schnittmuster","og_description":"Die Tasche Amsterdam ist ein praktischer und stylischer Shopper, den Du auch als Rucksack tragen kannst. Das Schnittmuster zum Nachn\u00e4hen ..","og_url":"https:\/\/cheznu.tv\/familymanagement\/produkt\/2-in-1-tasche-amsterdam-shopper-rucksack-schnittmuster\/","og_site_name":"ChezNU.TV","article_publisher":"https:\/\/www.facebook.com\/cheznutv\/","article_modified_time":"2026-03-02T14:06:16+00:00","og_image":[{"width":1000,"height":1000,"url":"https:\/\/cheznu.tv\/familymanagement\/wp-content\/uploads\/2020\/10\/Schnittmuster-Tasche-Amsterdam-als-Shopper-von-vorne-mit-den-2-Reissverschluessen.jpg","type":"image\/jpeg"}],"twitter_card":"summary_large_image","twitter_site":"@cheznu_family","twitter_misc":{"Gesch\u00e4tzte Lesezeit":"2\u00a0Minuten"},"schema":{"@context":"https:\/\/schema.org","@graph":[{"@type":"WebPage","@id":"https:\/\/cheznu.tv\/familymanagement\/produkt\/2-in-1-tasche-amsterdam-shopper-rucksack-schnittmuster\/","url":"https:\/\/cheznu.tv\/familymanagement\/produkt\/2-in-1-tasche-amsterdam-shopper-rucksack-schnittmuster\/","name":"2 in 1 Tasche Amsterdam \ud83d\udecd\ufe0f Shopper & Rucksack \ud83c\udf92 Schnittmuster","isPartOf":{"@id":"https:\/\/cheznu.tv\/familymanagement\/#website"},"primaryImageOfPage":{"@id":"https:\/\/cheznu.tv\/familymanagement\/produkt\/2-in-1-tasche-amsterdam-shopper-rucksack-schnittmuster\/#primaryimage"},"image":{"@id":"https:\/\/cheznu.tv\/familymanagement\/produkt\/2-in-1-tasche-amsterdam-shopper-rucksack-schnittmuster\/#primaryimage"},"thumbnailUrl":"https:\/\/cheznu.tv\/familymanagement\/wp-content\/uploads\/2020\/10\/Schnittmuster-Tasche-Amsterdam-als-Shopper-von-vorne-mit-den-2-Reissverschluessen.jpg","datePublished":"2020-10-03T20:42:54+00:00","dateModified":"2026-03-02T14:06:16+00:00","description":"Die Tasche Amsterdam ist ein praktischer und stylischer Shopper, den Du auch als Rucksack tragen kannst. Das Schnittmuster zum Nachn\u00e4hen ..","breadcrumb":{"@id":"https:\/\/cheznu.tv\/familymanagement\/produkt\/2-in-1-tasche-amsterdam-shopper-rucksack-schnittmuster\/#breadcrumb"},"inLanguage":"de","potentialAction":[{"@type":"ReadAction","target":["https:\/\/cheznu.tv\/familymanagement\/produkt\/2-in-1-tasche-amsterdam-shopper-rucksack-schnittmuster\/"]}]},{"@type":"ImageObject","inLanguage":"de","@id":"https:\/\/cheznu.tv\/familymanagement\/produkt\/2-in-1-tasche-amsterdam-shopper-rucksack-schnittmuster\/#primaryimage","url":"https:\/\/cheznu.tv\/familymanagement\/wp-content\/uploads\/2020\/10\/Schnittmuster-Tasche-Amsterdam-als-Shopper-von-vorne-mit-den-2-Reissverschluessen.jpg","contentUrl":"https:\/\/cheznu.tv\/familymanagement\/wp-content\/uploads\/2020\/10\/Schnittmuster-Tasche-Amsterdam-als-Shopper-von-vorne-mit-den-2-Reissverschluessen.jpg","width":1000,"height":1000,"caption":"Schnittmuster Tasche Amsterdam als Shopper von vorne mit den 2 Reissverschl\u00fcssen"},{"@type":"BreadcrumbList","@id":"https:\/\/cheznu.tv\/familymanagement\/produkt\/2-in-1-tasche-amsterdam-shopper-rucksack-schnittmuster\/#breadcrumb","itemListElement":[{"@type":"ListItem","position":1,"name":"Startseite","item":"https:\/\/cheznu.tv\/familymanagement\/"},{"@type":"ListItem","position":2,"name":"Shop","item":"https:\/\/cheznu.tv\/familymanagement\/shop\/"},{"@type":"ListItem","position":3,"name":"2 in 1 Tasche Amsterdam \ud83d\udecd\ufe0f Shopper &#038; Rucksack \ud83c\udf92 Schnittmuster zum Ausdrucken"}]},{"@type":"WebSite","@id":"https:\/\/cheznu.tv\/familymanagement\/#website","url":"https:\/\/cheznu.tv\/familymanagement\/","name":"ChezNU.TV","description":"N\u00e4hen | Basteln | Haushalt | Familie","potentialAction":[{"@type":"SearchAction","target":{"@type":"EntryPoint","urlTemplate":"https:\/\/cheznu.tv\/familymanagement\/?s={search_term_string}"},"query-input":{"@type":"PropertyValueSpecification","valueRequired":true,"valueName":"search_term_string"}}],"inLanguage":"de"}]}},"_links":{"self":[{"href":"https:\/\/cheznu.tv\/familymanagement\/wp-json\/wp\/v2\/product\/47665","targetHints":{"allow":["GET"]}}],"collection":[{"href":"https:\/\/cheznu.tv\/familymanagement\/wp-json\/wp\/v2\/product"}],"about":[{"href":"https:\/\/cheznu.tv\/familymanagement\/wp-json\/wp\/v2\/types\/product"}],"replies":[{"embeddable":true,"href":"https:\/\/cheznu.tv\/familymanagement\/wp-json\/wp\/v2\/comments?post=47665"}],"wp:featuredmedia":[{"embeddable":true,"href":"https:\/\/cheznu.tv\/familymanagement\/wp-json\/wp\/v2\/media\/47662"}],"wp:attachment":[{"href":"https:\/\/cheznu.tv\/familymanagement\/wp-json\/wp\/v2\/media?parent=47665"}],"wp:term":[{"taxonomy":"product_brand","embeddable":true,"href":"https:\/\/cheznu.tv\/familymanagement\/wp-json\/wp\/v2\/product_brand?post=47665"},{"taxonomy":"product_cat","embeddable":true,"href":"https:\/\/cheznu.tv\/familymanagement\/wp-json\/wp\/v2\/product_cat?post=47665"},{"taxonomy":"product_tag","embeddable":true,"href":"https:\/\/cheznu.tv\/familymanagement\/wp-json\/wp\/v2\/product_tag?post=47665"}],"curies":[{"name":"wp","href":"https:\/\/api.w.org\/{rel}","templated":true}]}}