{"id":45586,"date":"2020-08-16T09:59:22","date_gmt":"2020-08-16T07:59:22","guid":{"rendered":"https:\/\/cheznu.tv\/familymanagement\/?post_type=product&#038;p=45586"},"modified":"2023-06-13T15:23:57","modified_gmt":"2023-06-13T13:23:57","slug":"damenbinde-und-slipeinlage-mit-und-ohne-fluegel","status":"publish","type":"product","link":"https:\/\/cheznu.tv\/familymanagement\/produkt\/damenbinde-und-slipeinlage-mit-und-ohne-fluegel\/","title":{"rendered":"Damenbinde und Slipeinlage mit und ohne Fl\u00fcgel \ud83c\udf53 Schnittmuster 3 Gr\u00f6ssen"},"content":{"rendered":"<p>Die N\u00e4hanleitung f\u00fcr die Stoffbinde mit Fl\u00fcgeln sowie das Anleitungsvideo findest Du hier:<\/p>\n<p><a href=\"https:\/\/cheznu.tv\/familymanagement\/stoffbinden-naehen-frottee-und-baumwolle\/\">https:\/\/cheznu.tv\/familymanagement\/stoffbinden-naehen-frottee-und-baumwolle<\/a><\/p>\n<p><a href='https:\/\/www.spoonflower.com\/profiles\/cheznu_tv' target='_blank' title='Spoonflower-Shop mit den ChezNU-Designs'>Unseren neuen Spoonflower-Shop mit Stoffen im ChezNU-Design findest Du hier.<\/a><\/p><p>Neben dem Schnittmuster \/ Schema \/ Anleitung \/ Plotterdatei erh\u00e4ltst Du als Teil der erworbenen Leistung (gilt auch f\u00fcr kostenlose Produkte) auch unseren kostenlosen Newsletter \u201eSchnittmuster-Alarm\u201c. Im Schnittmuster-Alarm informieren wir haupts\u00e4chlich, aber nicht ausschliesslich \u00fcber neue Schnittmuster, Anleitungen, DIY-Projekte, Angebote in unserem Shop, Angebote in anderen Shops, Materialbezugsquellen und allem was irgendwie mit N\u00e4hen, H\u00e4keln, Basteln, Stricken, Upcycling, Organisation und Familie zu tun hat.<\/p><p>Nach Deiner Bestellung erh\u00e4ltst Du die E-Mails automatisch. Du kannst sie allerdings jederzeit und ohne Angabe von Gr\u00fcnden \u00fcber den Link am Ende jeder E-Mail abbestellen.<br>\n\tDie Transparenzerkl\u00e4rung zu unserem Schnittmuster-Alarm findest Du <a title='Transparenzerkl\u00e4rung' href='https:\/\/cheznu.tv\/familymanagement\/transparenzerklaerung-zum-schnittmuster-alarm-newsletter\/' target='_blank'>hier<\/a><\/p>\n<p><strong>Zum Schnittmuster<\/strong><\/p>\n<p>Das Schnittmuster kommt als PDF und kann auf A4-Papier (Standard) ausgedruckt und dann zusammengeklebt werden.<br \/>\nSo entf\u00e4llt das l\u00e4stige Schnittmuster kopieren mit teurem Seidenpapier. Das Schnittmuster kann nach dem Zusammenkleben direkt ausgeschnitten werden.<\/p>\n<p>Bitte beachte, die richtigen Druckoptionen einzustellen. Das funktioniert genauso, wie bei Burda.<br \/>\n<a href=\"http:\/\/cheznu.tv\/familymanagement\/burda-schnittmuster-ausdrucken\/\">Burda Schnittmuster Ausdrucken.<\/a><\/p>\n<p>Wie das mit dem Zusammenkleben funktioniert haben wir hier kurz erkl\u00e4rt.<br \/>\n<a href=\"http:\/\/cheznu.tv\/familymanagement\/so-gehts\/\">So geht\u00b4s<\/a>.<\/p>\n<p>Dieser Schnitt darf zu privaten Zwecken und zur Fertigung von Einzelst\u00fccken\/Kleinserien (bis 5 Modelle) unter Nennung der Herkunft verwendet werden (ChezNU.TV). Massenproduktion der fertigen Ware sowie Kopieren, Weitergabe, Abdruck oder Ver\u00f6ffentlichung (auch teilweise) des Schnittmusters bedarf der schriftlichen Genehmigung. Wenn Du Dir nicht sicher bist, schreibe uns einfach kurz eine <a href=\"mailto:nu@cheznu.tv\">E-Mail.<\/a><\/p>\n<p><img decoding=\"async\" src=\"https:\/\/klick.cheznu.tv\/pix\/1jqcz4na2zfze5d5\" width=\"1\" height=\"1\" \/><\/p>\n","protected":false},"excerpt":{"rendered":"<p>Ein super einfaches Schnittmuster f\u00fcr eine Damenbinde \/ Stoffbinde \/ Slipeinlage.<\/p>\n<p>Das Schnittmuster ist in 3 Gr\u00f6ssen:<\/p>\n<ul>\n<li>16cm<\/li>\n<li>18cm<\/li>\n<li>20cm<\/li>\n<\/ul>\n<p>so kannst Du selbst, entsprechend Deiner pers\u00f6nlichen Bed\u00fcrfnisse, entscheiden, welche Gr\u00f6sse Du brauchst.<\/p>\n","protected":false},"featured_media":45596,"comment_status":"open","ping_status":"closed","template":"","meta":[],"product_brand":[],"product_cat":[809,810,811],"product_tag":[854,814,844,815,1039,848,1175,1951,1952],"class_list":{"0":"post-45586","1":"product","2":"type-product","3":"status-publish","4":"has-post-thumbnail","6":"product_cat-accessories","7":"product_cat-naehen","8":"product_cat-schnittmuster","9":"product_tag-anfaenger","10":"product_tag-gratis","11":"product_tag-kinder","12":"product_tag-kostenlos","13":"product_tag-naehanfaenger","14":"product_tag-naehen","15":"product_tag-naehen-fuer-anfaenger","16":"product_tag-rock","17":"product_tag-stufenrock","19":"first","20":"instock","21":"downloadable","22":"virtual","23":"sold-individually","24":"purchasable","25":"product-type-simple"},"yoast_head":"<!-- This site is optimized with the Yoast SEO plugin v27.6 - https:\/\/yoast.com\/product\/yoast-seo-wordpress\/ -->\n<title>Gratis Schnittmuster Damenbinde und Slipeinlage in 3 Gr\u00f6ssen \ud83c\udf53<\/title>\n<meta name=\"description\" content=\"Ein super einfaches gratis Schnittmuster f\u00fcr eine Damenbinde \/ Slipeinlage mit oder ohne Fl\u00fcgel in 3 Gr\u00f6ssen. Mit Videoanleitung.\" \/>\n<meta name=\"robots\" content=\"index, follow, max-snippet:-1, max-image-preview:large, max-video-preview:-1\" \/>\n<link rel=\"canonical\" href=\"https:\/\/cheznu.tv\/familymanagement\/produkt\/damenbinde-und-slipeinlage-mit-und-ohne-fluegel\/\" \/>\n<meta property=\"og:locale\" content=\"de_DE\" \/>\n<meta property=\"og:type\" content=\"article\" \/>\n<meta property=\"og:title\" content=\"Damenbinde und Slipeinlage mit und ohne Fl\u00fcgel in 3 Gr\u00f6ssen\" \/>\n<meta property=\"og:description\" content=\"Ein super einfaches Schnittmuster f\u00fcr eine Damenbinde \/ Stoffbinde \/ Slipeinlage. Das Schnittmuster ist in 3 Gr\u00f6ssen:16cm18cm20cm, so kannst Du selbst, entsprechend Deiner pers\u00f6nlichen Bed\u00fcrfnisse, entscheiden, welche Gr\u00f6sse Du brauchst.\" \/>\n<meta property=\"og:url\" content=\"https:\/\/cheznu.tv\/familymanagement\/produkt\/damenbinde-und-slipeinlage-mit-und-ohne-fluegel\/\" \/>\n<meta property=\"og:site_name\" content=\"ChezNU.TV\" \/>\n<meta property=\"article:publisher\" content=\"https:\/\/www.facebook.com\/cheznutv\/\" \/>\n<meta property=\"article:modified_time\" content=\"2023-06-13T13:23:57+00:00\" \/>\n<meta property=\"og:image\" content=\"https:\/\/cheznu.tv\/familymanagement\/wp-content\/uploads\/2020\/08\/Stoffbinden-naehen-Frottee-und-Baumwolle.jpg\" \/>\n\t<meta property=\"og:image:width\" content=\"1200\" \/>\n\t<meta property=\"og:image:height\" content=\"630\" \/>\n\t<meta property=\"og:image:type\" content=\"image\/jpeg\" \/>\n<meta name=\"twitter:card\" content=\"summary_large_image\" \/>\n<meta name=\"twitter:title\" content=\"Damenbinde und Slipeinlage mit und ohne Fl\u00fcgel in 3 Gr\u00f6ssen\" \/>\n<meta name=\"twitter:description\" content=\"Ein super einfaches Schnittmuster f\u00fcr eine Damenbinde \/ Stoffbinde \/ Slipeinlage. Das Schnittmuster ist in 3 Gr\u00f6ssen:16cm18cm20cm, so kannst Du selbst, entsprechend Deiner pers\u00f6nlichen Bed\u00fcrfnisse, entscheiden, welche Gr\u00f6sse Du brauchst.\" \/>\n<meta name=\"twitter:image\" content=\"https:\/\/cheznu.tv\/familymanagement\/wp-content\/uploads\/2020\/08\/Stoffbinde-gratis-Schnittmuster-von-oben-offen-mit-Fluegel.jpg\" \/>\n<meta name=\"twitter:site\" content=\"@cheznu_family\" \/>\n<meta name=\"twitter:label1\" content=\"Gesch\u00e4tzte Lesezeit\" \/>\n\t<meta name=\"twitter:data1\" content=\"1\u00a0Minute\" \/>\n<script type=\"application\/ld+json\" class=\"yoast-schema-graph\">{\"@context\":\"https:\\\/\\\/schema.org\",\"@graph\":[{\"@type\":\"WebPage\",\"@id\":\"https:\\\/\\\/cheznu.tv\\\/familymanagement\\\/produkt\\\/damenbinde-und-slipeinlage-mit-und-ohne-fluegel\\\/\",\"url\":\"https:\\\/\\\/cheznu.tv\\\/familymanagement\\\/produkt\\\/damenbinde-und-slipeinlage-mit-und-ohne-fluegel\\\/\",\"name\":\"Gratis Schnittmuster Damenbinde und Slipeinlage in 3 Gr\u00f6ssen \ud83c\udf53\",\"isPartOf\":{\"@id\":\"https:\\\/\\\/cheznu.tv\\\/familymanagement\\\/#website\"},\"primaryImageOfPage\":{\"@id\":\"https:\\\/\\\/cheznu.tv\\\/familymanagement\\\/produkt\\\/damenbinde-und-slipeinlage-mit-und-ohne-fluegel\\\/#primaryimage\"},\"image\":{\"@id\":\"https:\\\/\\\/cheznu.tv\\\/familymanagement\\\/produkt\\\/damenbinde-und-slipeinlage-mit-und-ohne-fluegel\\\/#primaryimage\"},\"thumbnailUrl\":\"https:\\\/\\\/cheznu.tv\\\/familymanagement\\\/wp-content\\\/uploads\\\/2020\\\/08\\\/Stoffbinde-gratis-Schnittmuster-von-oben-offen-mit-Fluegel.jpg\",\"datePublished\":\"2020-08-16T07:59:22+00:00\",\"dateModified\":\"2023-06-13T13:23:57+00:00\",\"description\":\"Ein super einfaches gratis Schnittmuster f\u00fcr eine Damenbinde \\\/ Slipeinlage mit oder ohne Fl\u00fcgel in 3 Gr\u00f6ssen. Mit Videoanleitung.\",\"breadcrumb\":{\"@id\":\"https:\\\/\\\/cheznu.tv\\\/familymanagement\\\/produkt\\\/damenbinde-und-slipeinlage-mit-und-ohne-fluegel\\\/#breadcrumb\"},\"inLanguage\":\"de\",\"potentialAction\":[{\"@type\":\"ReadAction\",\"target\":[\"https:\\\/\\\/cheznu.tv\\\/familymanagement\\\/produkt\\\/damenbinde-und-slipeinlage-mit-und-ohne-fluegel\\\/\"]}]},{\"@type\":\"ImageObject\",\"inLanguage\":\"de\",\"@id\":\"https:\\\/\\\/cheznu.tv\\\/familymanagement\\\/produkt\\\/damenbinde-und-slipeinlage-mit-und-ohne-fluegel\\\/#primaryimage\",\"url\":\"https:\\\/\\\/cheznu.tv\\\/familymanagement\\\/wp-content\\\/uploads\\\/2020\\\/08\\\/Stoffbinde-gratis-Schnittmuster-von-oben-offen-mit-Fluegel.jpg\",\"contentUrl\":\"https:\\\/\\\/cheznu.tv\\\/familymanagement\\\/wp-content\\\/uploads\\\/2020\\\/08\\\/Stoffbinde-gratis-Schnittmuster-von-oben-offen-mit-Fluegel.jpg\",\"width\":1000,\"height\":1000,\"caption\":\"Stoffbinde gratis Schnittmuster von oben offen mit Fl\u00fcgel\"},{\"@type\":\"BreadcrumbList\",\"@id\":\"https:\\\/\\\/cheznu.tv\\\/familymanagement\\\/produkt\\\/damenbinde-und-slipeinlage-mit-und-ohne-fluegel\\\/#breadcrumb\",\"itemListElement\":[{\"@type\":\"ListItem\",\"position\":1,\"name\":\"Startseite\",\"item\":\"https:\\\/\\\/cheznu.tv\\\/familymanagement\\\/\"},{\"@type\":\"ListItem\",\"position\":2,\"name\":\"Shop\",\"item\":\"https:\\\/\\\/cheznu.tv\\\/familymanagement\\\/shop\\\/\"},{\"@type\":\"ListItem\",\"position\":3,\"name\":\"Damenbinde und Slipeinlage mit und ohne Fl\u00fcgel \ud83c\udf53 Schnittmuster 3 Gr\u00f6ssen\"}]},{\"@type\":\"WebSite\",\"@id\":\"https:\\\/\\\/cheznu.tv\\\/familymanagement\\\/#website\",\"url\":\"https:\\\/\\\/cheznu.tv\\\/familymanagement\\\/\",\"name\":\"ChezNU.TV\",\"description\":\"N\u00e4hen | Basteln | Haushalt | Familie\",\"potentialAction\":[{\"@type\":\"SearchAction\",\"target\":{\"@type\":\"EntryPoint\",\"urlTemplate\":\"https:\\\/\\\/cheznu.tv\\\/familymanagement\\\/?s={search_term_string}\"},\"query-input\":{\"@type\":\"PropertyValueSpecification\",\"valueRequired\":true,\"valueName\":\"search_term_string\"}}],\"inLanguage\":\"de\"}]}<\/script>\n<!-- \/ Yoast SEO plugin. -->","yoast_head_json":{"title":"Gratis Schnittmuster Damenbinde und Slipeinlage in 3 Gr\u00f6ssen \ud83c\udf53","description":"Ein super einfaches gratis Schnittmuster f\u00fcr eine Damenbinde \/ Slipeinlage mit oder ohne Fl\u00fcgel in 3 Gr\u00f6ssen. Mit Videoanleitung.","robots":{"index":"index","follow":"follow","max-snippet":"max-snippet:-1","max-image-preview":"max-image-preview:large","max-video-preview":"max-video-preview:-1"},"canonical":"https:\/\/cheznu.tv\/familymanagement\/produkt\/damenbinde-und-slipeinlage-mit-und-ohne-fluegel\/","og_locale":"de_DE","og_type":"article","og_title":"Damenbinde und Slipeinlage mit und ohne Fl\u00fcgel in 3 Gr\u00f6ssen","og_description":"Ein super einfaches Schnittmuster f\u00fcr eine Damenbinde \/ Stoffbinde \/ Slipeinlage. Das Schnittmuster ist in 3 Gr\u00f6ssen:16cm18cm20cm, so kannst Du selbst, entsprechend Deiner pers\u00f6nlichen Bed\u00fcrfnisse, entscheiden, welche Gr\u00f6sse Du brauchst.","og_url":"https:\/\/cheznu.tv\/familymanagement\/produkt\/damenbinde-und-slipeinlage-mit-und-ohne-fluegel\/","og_site_name":"ChezNU.TV","article_publisher":"https:\/\/www.facebook.com\/cheznutv\/","article_modified_time":"2023-06-13T13:23:57+00:00","og_image":[{"width":1200,"height":630,"url":"https:\/\/cheznu.tv\/familymanagement\/wp-content\/uploads\/2020\/08\/Stoffbinden-naehen-Frottee-und-Baumwolle.jpg","type":"image\/jpeg"}],"twitter_card":"summary_large_image","twitter_title":"Damenbinde und Slipeinlage mit und ohne Fl\u00fcgel in 3 Gr\u00f6ssen","twitter_description":"Ein super einfaches Schnittmuster f\u00fcr eine Damenbinde \/ Stoffbinde \/ Slipeinlage. Das Schnittmuster ist in 3 Gr\u00f6ssen:16cm18cm20cm, so kannst Du selbst, entsprechend Deiner pers\u00f6nlichen Bed\u00fcrfnisse, entscheiden, welche Gr\u00f6sse Du brauchst.","twitter_image":"https:\/\/cheznu.tv\/familymanagement\/wp-content\/uploads\/2020\/08\/Stoffbinde-gratis-Schnittmuster-von-oben-offen-mit-Fluegel.jpg","twitter_site":"@cheznu_family","twitter_misc":{"Gesch\u00e4tzte Lesezeit":"1\u00a0Minute"},"schema":{"@context":"https:\/\/schema.org","@graph":[{"@type":"WebPage","@id":"https:\/\/cheznu.tv\/familymanagement\/produkt\/damenbinde-und-slipeinlage-mit-und-ohne-fluegel\/","url":"https:\/\/cheznu.tv\/familymanagement\/produkt\/damenbinde-und-slipeinlage-mit-und-ohne-fluegel\/","name":"Gratis Schnittmuster Damenbinde und Slipeinlage in 3 Gr\u00f6ssen \ud83c\udf53","isPartOf":{"@id":"https:\/\/cheznu.tv\/familymanagement\/#website"},"primaryImageOfPage":{"@id":"https:\/\/cheznu.tv\/familymanagement\/produkt\/damenbinde-und-slipeinlage-mit-und-ohne-fluegel\/#primaryimage"},"image":{"@id":"https:\/\/cheznu.tv\/familymanagement\/produkt\/damenbinde-und-slipeinlage-mit-und-ohne-fluegel\/#primaryimage"},"thumbnailUrl":"https:\/\/cheznu.tv\/familymanagement\/wp-content\/uploads\/2020\/08\/Stoffbinde-gratis-Schnittmuster-von-oben-offen-mit-Fluegel.jpg","datePublished":"2020-08-16T07:59:22+00:00","dateModified":"2023-06-13T13:23:57+00:00","description":"Ein super einfaches gratis Schnittmuster f\u00fcr eine Damenbinde \/ Slipeinlage mit oder ohne Fl\u00fcgel in 3 Gr\u00f6ssen. Mit Videoanleitung.","breadcrumb":{"@id":"https:\/\/cheznu.tv\/familymanagement\/produkt\/damenbinde-und-slipeinlage-mit-und-ohne-fluegel\/#breadcrumb"},"inLanguage":"de","potentialAction":[{"@type":"ReadAction","target":["https:\/\/cheznu.tv\/familymanagement\/produkt\/damenbinde-und-slipeinlage-mit-und-ohne-fluegel\/"]}]},{"@type":"ImageObject","inLanguage":"de","@id":"https:\/\/cheznu.tv\/familymanagement\/produkt\/damenbinde-und-slipeinlage-mit-und-ohne-fluegel\/#primaryimage","url":"https:\/\/cheznu.tv\/familymanagement\/wp-content\/uploads\/2020\/08\/Stoffbinde-gratis-Schnittmuster-von-oben-offen-mit-Fluegel.jpg","contentUrl":"https:\/\/cheznu.tv\/familymanagement\/wp-content\/uploads\/2020\/08\/Stoffbinde-gratis-Schnittmuster-von-oben-offen-mit-Fluegel.jpg","width":1000,"height":1000,"caption":"Stoffbinde gratis Schnittmuster von oben offen mit Fl\u00fcgel"},{"@type":"BreadcrumbList","@id":"https:\/\/cheznu.tv\/familymanagement\/produkt\/damenbinde-und-slipeinlage-mit-und-ohne-fluegel\/#breadcrumb","itemListElement":[{"@type":"ListItem","position":1,"name":"Startseite","item":"https:\/\/cheznu.tv\/familymanagement\/"},{"@type":"ListItem","position":2,"name":"Shop","item":"https:\/\/cheznu.tv\/familymanagement\/shop\/"},{"@type":"ListItem","position":3,"name":"Damenbinde und Slipeinlage mit und ohne Fl\u00fcgel \ud83c\udf53 Schnittmuster 3 Gr\u00f6ssen"}]},{"@type":"WebSite","@id":"https:\/\/cheznu.tv\/familymanagement\/#website","url":"https:\/\/cheznu.tv\/familymanagement\/","name":"ChezNU.TV","description":"N\u00e4hen | Basteln | Haushalt | Familie","potentialAction":[{"@type":"SearchAction","target":{"@type":"EntryPoint","urlTemplate":"https:\/\/cheznu.tv\/familymanagement\/?s={search_term_string}"},"query-input":{"@type":"PropertyValueSpecification","valueRequired":true,"valueName":"search_term_string"}}],"inLanguage":"de"}]}},"_links":{"self":[{"href":"https:\/\/cheznu.tv\/familymanagement\/wp-json\/wp\/v2\/product\/45586","targetHints":{"allow":["GET"]}}],"collection":[{"href":"https:\/\/cheznu.tv\/familymanagement\/wp-json\/wp\/v2\/product"}],"about":[{"href":"https:\/\/cheznu.tv\/familymanagement\/wp-json\/wp\/v2\/types\/product"}],"replies":[{"embeddable":true,"href":"https:\/\/cheznu.tv\/familymanagement\/wp-json\/wp\/v2\/comments?post=45586"}],"wp:featuredmedia":[{"embeddable":true,"href":"https:\/\/cheznu.tv\/familymanagement\/wp-json\/wp\/v2\/media\/45596"}],"wp:attachment":[{"href":"https:\/\/cheznu.tv\/familymanagement\/wp-json\/wp\/v2\/media?parent=45586"}],"wp:term":[{"taxonomy":"product_brand","embeddable":true,"href":"https:\/\/cheznu.tv\/familymanagement\/wp-json\/wp\/v2\/product_brand?post=45586"},{"taxonomy":"product_cat","embeddable":true,"href":"https:\/\/cheznu.tv\/familymanagement\/wp-json\/wp\/v2\/product_cat?post=45586"},{"taxonomy":"product_tag","embeddable":true,"href":"https:\/\/cheznu.tv\/familymanagement\/wp-json\/wp\/v2\/product_tag?post=45586"}],"curies":[{"name":"wp","href":"https:\/\/api.w.org\/{rel}","templated":true}]}}