{"id":43785,"date":"2020-06-14T11:05:11","date_gmt":"2020-06-14T09:05:11","guid":{"rendered":"https:\/\/cheznu.tv\/familymanagement\/?post_type=product&#038;p=43785"},"modified":"2024-12-01T04:28:47","modified_gmt":"2024-12-01T03:28:47","slug":"sonnenhut-aurora-schnittmuster","status":"publish","type":"product","link":"https:\/\/cheznu.tv\/familymanagement\/produkt\/sonnenhut-aurora-schnittmuster\/","title":{"rendered":"Sonnenhut Aurora \ud83c\udf1e Schnittmuster Sonnenhut f\u00fcr Damen \ud83c\udf1e Gr\u00f6ssen 55, 56, 57, 58"},"content":{"rendered":"<p>Die N\u00e4hanleitung mit vielen Bildern sowie das\u00a0\u00a0Anleitungsvideo f\u00fcr den Sonnenhut findest Du hier:<\/p>\n<p><a href=\"https:\/\/cheznu.tv\/familymanagement\/sonnenhut-fuer-damen-naehen-sonnenhut-aurora\/\">Sonnenhut f\u00fcr Damen n\u00e4hen \ud83c\udf1e Sonnenhut Aurora<\/a><\/p>\n<p><a href='https:\/\/www.spoonflower.com\/profiles\/cheznu_tv' target='_blank' title='Spoonflower-Shop mit den ChezNU-Designs'>Unseren neuen Spoonflower-Shop mit Stoffen im ChezNU-Design findest Du hier.<\/a><\/p><p>Neben dem Schnittmuster \/ Schema \/ Anleitung \/ Plotterdatei erh\u00e4ltst Du als Teil der erworbenen Leistung (gilt auch f\u00fcr kostenlose Produkte) auch unseren kostenlosen Newsletter \u201eSchnittmuster-Alarm\u201c. Im Schnittmuster-Alarm informieren wir haupts\u00e4chlich, aber nicht ausschliesslich \u00fcber neue Schnittmuster, Anleitungen, DIY-Projekte, Angebote in unserem Shop, Angebote in anderen Shops, Materialbezugsquellen und allem was irgendwie mit N\u00e4hen, H\u00e4keln, Basteln, Stricken, Upcycling, Organisation und Familie zu tun hat.<\/p><p>Nach Deiner Bestellung erh\u00e4ltst Du die E-Mails automatisch. Du kannst sie allerdings jederzeit und ohne Angabe von Gr\u00fcnden \u00fcber den Link am Ende jeder E-Mail abbestellen.<br>\n\tDie Transparenzerkl\u00e4rung zu unserem Schnittmuster-Alarm findest Du <a title='Transparenzerkl\u00e4rung' href='https:\/\/cheznu.tv\/familymanagement\/transparenzerklaerung-zum-schnittmuster-alarm-newsletter\/' target='_blank'>hier<\/a><\/p>\n<p>Das Schnittmuster kommt als PDF und kann auf A4-Papier (Standard) ausgedruckt und dann zusammengeklebt werden.<br \/>\nSo entf\u00e4llt das l\u00e4stige Schnittmuster kopieren mit teurem Seidenpapier. Das Schnittmuster kann nach dem Zusammenkleben direkt ausgeschnitten werden.<\/p>\n<p>Bitte beachte, die richtigen Druckoptionen einzustellen. Das funktioniert genauso, wie bei Burda.<br \/>\n<a href=\"http:\/\/cheznu.tv\/familymanagement\/burda-schnittmuster-ausdrucken\/\">Burda Schnittmuster Ausdrucken.<\/a><\/p>\n<p>Wie das mit dem Zusammenkleben funktioniert haben wir hier kurz erkl\u00e4rt.<br \/>\n<a href=\"http:\/\/cheznu.tv\/familymanagement\/so-gehts\/\">So geht\u00b4s<\/a>.<\/p>\n<p>Dieser Schnitt darf zu privaten Zwecken und zur Fertigung von Einzelst\u00fccken\/Kleinserien (bis 5 Modelle) unter Nennung der Herkunft verwendet werden (ChezNU.TV). Massenproduktion der fertigen Ware sowie Kopieren, Weitergabe, Abdruck oder Ver\u00f6ffentlichung (auch teilweise) des Schnittmusters ist bedarf der schriftlichen Genehmigung. Wenn Du Dir nicht sicher bist, schreibe uns einfach kurz eine <a href=\"mailto:nu@cheznu.tv\">E-Mail.<\/a><\/p>\n","protected":false},"excerpt":{"rendered":"<p>Das Schnittmuster f\u00fcr den <strong>Sonnenhut Aurora<\/strong> kommt in <strong>4 Gr\u00f6ssen<\/strong> \/ Weiten. F\u00fcr einen Kopfumfang von 55-58cm. Am Hut befinden sich <strong>4 Schlaufen<\/strong> durch die ein Band oder Schal gezogen werden kann. So kannst Du den Hut passend zur Hose, Tasche, Bluse oder \u00e4hnliches tragen. Einfach einen Stoffrest zum Band n\u00e4hen und einziehen.<br \/>\n<em>Die Krempe hat eine Breite von 9 cm, Die Krone eine H\u00f6he von 9 cm, die Weite variiert je nach Gr\u00f6sse 55 cm \u2013 58 cm.<\/em><\/p>\n","protected":false},"featured_media":43786,"comment_status":"open","ping_status":"closed","template":"","meta":[],"product_brand":[],"product_cat":[809,810,811,1071],"product_tag":[877,1896,1897,1894,807,1895,1893,1898],"class_list":{"0":"post-43785","1":"product","2":"type-product","3":"status-publish","4":"has-post-thumbnail","6":"product_cat-accessories","7":"product_cat-naehen","8":"product_cat-schnittmuster","9":"product_cat-urlaub","10":"product_tag-hut","11":"product_tag-hut-mit-band","12":"product_tag-hut-mit-schlaufe","13":"product_tag-safarihut","14":"product_tag-schnittmuster","15":"product_tag-sonnehut-mit-schlaufe","16":"product_tag-sonnenhut","17":"product_tag-sonnenhut-mit-band","19":"first","20":"instock","21":"downloadable","22":"virtual","23":"purchasable","24":"product-type-simple"},"yoast_head":"<!-- This site is optimized with the Yoast SEO plugin v27.4 - https:\/\/yoast.com\/product\/yoast-seo-wordpress\/ -->\n<title>Schnittmuster Sonnenhut Aurora \ud83c\udf1e Sonnenhut f\u00fcr Damen<\/title>\n<meta name=\"description\" content=\"Mit dem Schnittmuster Sonnenhut Aurora kannst Du einen Sonnenhut im Safarilook n\u00e4hen. Dank der Schlaufen kannst Du immer ein passendes Tuch einziehen. \ud83c\udf1e\" \/>\n<meta name=\"robots\" content=\"index, follow, max-snippet:-1, max-image-preview:large, max-video-preview:-1\" \/>\n<link rel=\"canonical\" href=\"https:\/\/cheznu.tv\/familymanagement\/produkt\/sonnenhut-aurora-schnittmuster\/\" \/>\n<meta property=\"og:locale\" content=\"de_DE\" \/>\n<meta property=\"og:type\" content=\"article\" \/>\n<meta property=\"og:title\" content=\"Sonnenhut Aurora \ud83c\udf1e Schnittmuster Sonnenhut f\u00fcr Damen \ud83c\udf1e Gr\u00f6ssen 55, 56, 57, 58\" \/>\n<meta property=\"og:description\" content=\"Das Schnittmuster f\u00fcr den Sonnenhut Aurora kommt in 4 Gr\u00f6ssen \/ Weiten. F\u00fcr einen Kopfumfang von 55-58cm. Am Hut befinden sich 4 Schlaufen durch die ein Band oder Schal gezogen werden kann. So kannst Du den Hut passend zur Hose, Tasche, Bluse oder \u00e4hnliches tragen. Einfach einen Stoffrest zum Band n\u00e4hen und einziehen. Die Krempe hat eine Breite von 9 cm, Die Krone eine H\u00f6he von 9 cm, die Weite variiert je nach Gr\u00f6sse 55 cm \u2013 58 cm.\" \/>\n<meta property=\"og:url\" content=\"https:\/\/cheznu.tv\/familymanagement\/produkt\/sonnenhut-aurora-schnittmuster\/\" \/>\n<meta property=\"og:site_name\" content=\"ChezNU.TV\" \/>\n<meta property=\"article:publisher\" content=\"https:\/\/www.facebook.com\/cheznutv\/\" \/>\n<meta property=\"article:modified_time\" content=\"2024-12-01T03:28:47+00:00\" \/>\n<meta property=\"og:image\" content=\"https:\/\/cheznu.tv\/familymanagement\/wp-content\/uploads\/2020\/06\/Artikelbild-Sonnenhut-n\u00e4hen-f\u00fcr-Damen-Sonnenhut-Aurora-1.jpg\" \/>\n\t<meta property=\"og:image:width\" content=\"1200\" \/>\n\t<meta property=\"og:image:height\" content=\"630\" \/>\n\t<meta property=\"og:image:type\" content=\"image\/jpeg\" \/>\n<meta name=\"twitter:card\" content=\"summary_large_image\" \/>\n<meta name=\"twitter:site\" content=\"@cheznu_family\" \/>\n<meta name=\"twitter:label1\" content=\"Gesch\u00e4tzte Lesezeit\" \/>\n\t<meta name=\"twitter:data1\" content=\"2\u00a0Minuten\" \/>\n<script type=\"application\/ld+json\" class=\"yoast-schema-graph\">{\"@context\":\"https:\\\/\\\/schema.org\",\"@graph\":[{\"@type\":\"WebPage\",\"@id\":\"https:\\\/\\\/cheznu.tv\\\/familymanagement\\\/produkt\\\/sonnenhut-aurora-schnittmuster\\\/\",\"url\":\"https:\\\/\\\/cheznu.tv\\\/familymanagement\\\/produkt\\\/sonnenhut-aurora-schnittmuster\\\/\",\"name\":\"Schnittmuster Sonnenhut Aurora \ud83c\udf1e Sonnenhut f\u00fcr Damen\",\"isPartOf\":{\"@id\":\"https:\\\/\\\/cheznu.tv\\\/familymanagement\\\/#website\"},\"primaryImageOfPage\":{\"@id\":\"https:\\\/\\\/cheznu.tv\\\/familymanagement\\\/produkt\\\/sonnenhut-aurora-schnittmuster\\\/#primaryimage\"},\"image\":{\"@id\":\"https:\\\/\\\/cheznu.tv\\\/familymanagement\\\/produkt\\\/sonnenhut-aurora-schnittmuster\\\/#primaryimage\"},\"thumbnailUrl\":\"https:\\\/\\\/cheznu.tv\\\/familymanagement\\\/wp-content\\\/uploads\\\/2020\\\/06\\\/Schnittmuster-Sonnenhut-Aurora-1.jpg\",\"datePublished\":\"2020-06-14T09:05:11+00:00\",\"dateModified\":\"2024-12-01T03:28:47+00:00\",\"description\":\"Mit dem Schnittmuster Sonnenhut Aurora kannst Du einen Sonnenhut im Safarilook n\u00e4hen. Dank der Schlaufen kannst Du immer ein passendes Tuch einziehen. \ud83c\udf1e\",\"breadcrumb\":{\"@id\":\"https:\\\/\\\/cheznu.tv\\\/familymanagement\\\/produkt\\\/sonnenhut-aurora-schnittmuster\\\/#breadcrumb\"},\"inLanguage\":\"de\",\"potentialAction\":[{\"@type\":\"ReadAction\",\"target\":[\"https:\\\/\\\/cheznu.tv\\\/familymanagement\\\/produkt\\\/sonnenhut-aurora-schnittmuster\\\/\"]}]},{\"@type\":\"ImageObject\",\"inLanguage\":\"de\",\"@id\":\"https:\\\/\\\/cheznu.tv\\\/familymanagement\\\/produkt\\\/sonnenhut-aurora-schnittmuster\\\/#primaryimage\",\"url\":\"https:\\\/\\\/cheznu.tv\\\/familymanagement\\\/wp-content\\\/uploads\\\/2020\\\/06\\\/Schnittmuster-Sonnenhut-Aurora-1.jpg\",\"contentUrl\":\"https:\\\/\\\/cheznu.tv\\\/familymanagement\\\/wp-content\\\/uploads\\\/2020\\\/06\\\/Schnittmuster-Sonnenhut-Aurora-1.jpg\",\"width\":1000,\"height\":1000,\"caption\":\"Schnittmuster Sonnenhut Aurora 1\"},{\"@type\":\"BreadcrumbList\",\"@id\":\"https:\\\/\\\/cheznu.tv\\\/familymanagement\\\/produkt\\\/sonnenhut-aurora-schnittmuster\\\/#breadcrumb\",\"itemListElement\":[{\"@type\":\"ListItem\",\"position\":1,\"name\":\"Startseite\",\"item\":\"https:\\\/\\\/cheznu.tv\\\/familymanagement\\\/\"},{\"@type\":\"ListItem\",\"position\":2,\"name\":\"Shop\",\"item\":\"https:\\\/\\\/cheznu.tv\\\/familymanagement\\\/shop\\\/\"},{\"@type\":\"ListItem\",\"position\":3,\"name\":\"Sonnenhut Aurora \ud83c\udf1e Schnittmuster Sonnenhut f\u00fcr Damen \ud83c\udf1e Gr\u00f6ssen 55, 56, 57, 58\"}]},{\"@type\":\"WebSite\",\"@id\":\"https:\\\/\\\/cheznu.tv\\\/familymanagement\\\/#website\",\"url\":\"https:\\\/\\\/cheznu.tv\\\/familymanagement\\\/\",\"name\":\"ChezNU.TV\",\"description\":\"N\u00e4hen | Basteln | Haushalt | Familie\",\"potentialAction\":[{\"@type\":\"SearchAction\",\"target\":{\"@type\":\"EntryPoint\",\"urlTemplate\":\"https:\\\/\\\/cheznu.tv\\\/familymanagement\\\/?s={search_term_string}\"},\"query-input\":{\"@type\":\"PropertyValueSpecification\",\"valueRequired\":true,\"valueName\":\"search_term_string\"}}],\"inLanguage\":\"de\"}]}<\/script>\n<!-- \/ Yoast SEO plugin. -->","yoast_head_json":{"title":"Schnittmuster Sonnenhut Aurora \ud83c\udf1e Sonnenhut f\u00fcr Damen","description":"Mit dem Schnittmuster Sonnenhut Aurora kannst Du einen Sonnenhut im Safarilook n\u00e4hen. Dank der Schlaufen kannst Du immer ein passendes Tuch einziehen. \ud83c\udf1e","robots":{"index":"index","follow":"follow","max-snippet":"max-snippet:-1","max-image-preview":"max-image-preview:large","max-video-preview":"max-video-preview:-1"},"canonical":"https:\/\/cheznu.tv\/familymanagement\/produkt\/sonnenhut-aurora-schnittmuster\/","og_locale":"de_DE","og_type":"article","og_title":"Sonnenhut Aurora \ud83c\udf1e Schnittmuster Sonnenhut f\u00fcr Damen \ud83c\udf1e Gr\u00f6ssen 55, 56, 57, 58","og_description":"Das Schnittmuster f\u00fcr den Sonnenhut Aurora kommt in 4 Gr\u00f6ssen \/ Weiten. F\u00fcr einen Kopfumfang von 55-58cm. Am Hut befinden sich 4 Schlaufen durch die ein Band oder Schal gezogen werden kann. So kannst Du den Hut passend zur Hose, Tasche, Bluse oder \u00e4hnliches tragen. Einfach einen Stoffrest zum Band n\u00e4hen und einziehen. Die Krempe hat eine Breite von 9 cm, Die Krone eine H\u00f6he von 9 cm, die Weite variiert je nach Gr\u00f6sse 55 cm \u2013 58 cm.","og_url":"https:\/\/cheznu.tv\/familymanagement\/produkt\/sonnenhut-aurora-schnittmuster\/","og_site_name":"ChezNU.TV","article_publisher":"https:\/\/www.facebook.com\/cheznutv\/","article_modified_time":"2024-12-01T03:28:47+00:00","og_image":[{"width":1200,"height":630,"url":"https:\/\/cheznu.tv\/familymanagement\/wp-content\/uploads\/2020\/06\/Artikelbild-Sonnenhut-n\u00e4hen-f\u00fcr-Damen-Sonnenhut-Aurora-1.jpg","type":"image\/jpeg"}],"twitter_card":"summary_large_image","twitter_site":"@cheznu_family","twitter_misc":{"Gesch\u00e4tzte Lesezeit":"2\u00a0Minuten"},"schema":{"@context":"https:\/\/schema.org","@graph":[{"@type":"WebPage","@id":"https:\/\/cheznu.tv\/familymanagement\/produkt\/sonnenhut-aurora-schnittmuster\/","url":"https:\/\/cheznu.tv\/familymanagement\/produkt\/sonnenhut-aurora-schnittmuster\/","name":"Schnittmuster Sonnenhut Aurora \ud83c\udf1e Sonnenhut f\u00fcr Damen","isPartOf":{"@id":"https:\/\/cheznu.tv\/familymanagement\/#website"},"primaryImageOfPage":{"@id":"https:\/\/cheznu.tv\/familymanagement\/produkt\/sonnenhut-aurora-schnittmuster\/#primaryimage"},"image":{"@id":"https:\/\/cheznu.tv\/familymanagement\/produkt\/sonnenhut-aurora-schnittmuster\/#primaryimage"},"thumbnailUrl":"https:\/\/cheznu.tv\/familymanagement\/wp-content\/uploads\/2020\/06\/Schnittmuster-Sonnenhut-Aurora-1.jpg","datePublished":"2020-06-14T09:05:11+00:00","dateModified":"2024-12-01T03:28:47+00:00","description":"Mit dem Schnittmuster Sonnenhut Aurora kannst Du einen Sonnenhut im Safarilook n\u00e4hen. Dank der Schlaufen kannst Du immer ein passendes Tuch einziehen. \ud83c\udf1e","breadcrumb":{"@id":"https:\/\/cheznu.tv\/familymanagement\/produkt\/sonnenhut-aurora-schnittmuster\/#breadcrumb"},"inLanguage":"de","potentialAction":[{"@type":"ReadAction","target":["https:\/\/cheznu.tv\/familymanagement\/produkt\/sonnenhut-aurora-schnittmuster\/"]}]},{"@type":"ImageObject","inLanguage":"de","@id":"https:\/\/cheznu.tv\/familymanagement\/produkt\/sonnenhut-aurora-schnittmuster\/#primaryimage","url":"https:\/\/cheznu.tv\/familymanagement\/wp-content\/uploads\/2020\/06\/Schnittmuster-Sonnenhut-Aurora-1.jpg","contentUrl":"https:\/\/cheznu.tv\/familymanagement\/wp-content\/uploads\/2020\/06\/Schnittmuster-Sonnenhut-Aurora-1.jpg","width":1000,"height":1000,"caption":"Schnittmuster Sonnenhut Aurora 1"},{"@type":"BreadcrumbList","@id":"https:\/\/cheznu.tv\/familymanagement\/produkt\/sonnenhut-aurora-schnittmuster\/#breadcrumb","itemListElement":[{"@type":"ListItem","position":1,"name":"Startseite","item":"https:\/\/cheznu.tv\/familymanagement\/"},{"@type":"ListItem","position":2,"name":"Shop","item":"https:\/\/cheznu.tv\/familymanagement\/shop\/"},{"@type":"ListItem","position":3,"name":"Sonnenhut Aurora \ud83c\udf1e Schnittmuster Sonnenhut f\u00fcr Damen \ud83c\udf1e Gr\u00f6ssen 55, 56, 57, 58"}]},{"@type":"WebSite","@id":"https:\/\/cheznu.tv\/familymanagement\/#website","url":"https:\/\/cheznu.tv\/familymanagement\/","name":"ChezNU.TV","description":"N\u00e4hen | Basteln | Haushalt | Familie","potentialAction":[{"@type":"SearchAction","target":{"@type":"EntryPoint","urlTemplate":"https:\/\/cheznu.tv\/familymanagement\/?s={search_term_string}"},"query-input":{"@type":"PropertyValueSpecification","valueRequired":true,"valueName":"search_term_string"}}],"inLanguage":"de"}]}},"_links":{"self":[{"href":"https:\/\/cheznu.tv\/familymanagement\/wp-json\/wp\/v2\/product\/43785","targetHints":{"allow":["GET"]}}],"collection":[{"href":"https:\/\/cheznu.tv\/familymanagement\/wp-json\/wp\/v2\/product"}],"about":[{"href":"https:\/\/cheznu.tv\/familymanagement\/wp-json\/wp\/v2\/types\/product"}],"replies":[{"embeddable":true,"href":"https:\/\/cheznu.tv\/familymanagement\/wp-json\/wp\/v2\/comments?post=43785"}],"wp:featuredmedia":[{"embeddable":true,"href":"https:\/\/cheznu.tv\/familymanagement\/wp-json\/wp\/v2\/media\/43786"}],"wp:attachment":[{"href":"https:\/\/cheznu.tv\/familymanagement\/wp-json\/wp\/v2\/media?parent=43785"}],"wp:term":[{"taxonomy":"product_brand","embeddable":true,"href":"https:\/\/cheznu.tv\/familymanagement\/wp-json\/wp\/v2\/product_brand?post=43785"},{"taxonomy":"product_cat","embeddable":true,"href":"https:\/\/cheznu.tv\/familymanagement\/wp-json\/wp\/v2\/product_cat?post=43785"},{"taxonomy":"product_tag","embeddable":true,"href":"https:\/\/cheznu.tv\/familymanagement\/wp-json\/wp\/v2\/product_tag?post=43785"}],"curies":[{"name":"wp","href":"https:\/\/api.w.org\/{rel}","templated":true}]}}