{"id":43247,"date":"2020-05-24T13:01:52","date_gmt":"2020-05-24T11:01:52","guid":{"rendered":"https:\/\/cheznu.tv\/familymanagement\/?post_type=product&#038;p=43247"},"modified":"2024-11-06T21:57:00","modified_gmt":"2024-11-06T20:57:00","slug":"wal-3-farbige-plotterdatei","status":"publish","type":"product","link":"https:\/\/cheznu.tv\/familymanagement\/produkt\/wal-3-farbige-plotterdatei\/","title":{"rendered":"Wal | Plotterdatei SVG, DFX, PNG, FCM und CWPRJ"},"content":{"rendered":"<p>Die Plotterdateien kommen als SVG, DFX, PNG, FCM und CWPRJ. SVG-Dateine k\u00f6nnen von Plottern verarbeitet werden. Wir arbeiten mit einem <a href=\"https:\/\/amzn.to\/2yL3Kha\">Brother ScanNCut CM 900<\/a>, wenn Du auch einen ScanNCut von Brother hast, dann kannst Du direkt die FCM bzw. CWPRJ-Dateien in Dein CanvasWorkspace laden und loslegen.<\/p>\n<p><a href='https:\/\/www.spoonflower.com\/profiles\/cheznu_tv' target='_blank' title='Spoonflower-Shop mit den ChezNU-Designs'>Unseren neuen Spoonflower-Shop mit Stoffen im ChezNU-Design findest Du hier.<\/a><\/p><p>Neben dem Schnittmuster \/ Schema \/ Anleitung \/ Plotterdatei erh\u00e4ltst Du als Teil der erworbenen Leistung (gilt auch f\u00fcr kostenlose Produkte) auch unseren kostenlosen Newsletter \u201eSchnittmuster-Alarm\u201c. Im Schnittmuster-Alarm informieren wir haupts\u00e4chlich, aber nicht ausschliesslich \u00fcber neue Schnittmuster, Anleitungen, DIY-Projekte, Angebote in unserem Shop, Angebote in anderen Shops, Materialbezugsquellen und allem was irgendwie mit N\u00e4hen, H\u00e4keln, Basteln, Stricken, Upcycling, Organisation und Familie zu tun hat.<\/p><p>Nach Deiner Bestellung erh\u00e4ltst Du die E-Mails automatisch. Du kannst sie allerdings jederzeit und ohne Angabe von Gr\u00fcnden \u00fcber den Link am Ende jeder E-Mail abbestellen.<br>\n\tDie Transparenzerkl\u00e4rung zu unserem Schnittmuster-Alarm findest Du <a title='Transparenzerkl\u00e4rung' href='https:\/\/cheznu.tv\/familymanagement\/transparenzerklaerung-zum-schnittmuster-alarm-newsletter\/' target='_blank'>hier<\/a><\/p>\n<p>Die Datei ist nur zur privaten Verwendung, keine kommerzielle Nutzung (u.a. also kein Verkauf in irgendeiner Form), keine Massenproduktion auch nicht f\u00fcr Wohlt\u00e4tige Zwecke. Die Weitergabe der Dateien an Dritte ist untersagt.<\/p>\n<p>Gerne darfst Du Deine Ergebnisse auf Deiner Homepage, Facebook, Instagram und anderen sozialen Medien teilen, vergiss nicht hierbei <strong>ChezNU.TV<\/strong> als Urheber zu nennen. \u00dcber einen Tag oder einen <em>#cheznutv<\/em> w\u00fcrden wir uns besonders freuen. Gerne darfst Du uns auch Bilder Deiner Ergebnisse per E-Mail an <a href=\"mailto:plotter@cheznu.tv\">plotter@cheznu.tv<\/a> zusenden. Wir ver\u00f6ffentlichen diese dann auf unserem Blog und den sozialen Medien. Je nach Wunsch mit oder ohne Nennung Deines Namens.<\/p>\n<p>Wenn Du Dir nicht sicher bist oder bei weiteren Fragen schreibe uns eine E-Mail an <a href=\"mailto:plotter@cheznu.tv\">plotter@cheznu.tv<\/a><\/p>\n<p>Wir bedanken uns mit ganz vielen \ud83d\udc99\ud83d\udc9b\ud83d\udc9a\ud83e\udde1 bei<\/p>\n<ul>\n<li><a href=\"https:\/\/www.facebook.com\/NoKi89\/\" target=\"_blank\" rel=\"noopener noreferrer\">No-Ki<\/a><\/li>\n<\/ul>\n<p>&nbsp;<\/p>\n<p>f\u00fcr ihre fantastische Arbeit, den vielen hilfreichen Input und die Freude, die sie uns mit ihren Werken gemacht haben.<\/p>\n","protected":false},"excerpt":{"rendered":"<p>Der Wahl ist eine einfache 3 farbige Plotterdatei. Sie ist direkt so vorbereitet, dass Du ohne weitere Bearbeitung direkt \u00fcberlappungsfrei plotten kannst. Du kannst auch nur die Kontur plotten oder die Kontur weglassen. In jedem Fall erh\u00e4ltst Du ein sch\u00f6nes Motiv.<\/p>\n","protected":false},"featured_media":45262,"comment_status":"open","ping_status":"closed","template":"","meta":[],"product_brand":[],"product_cat":[866,988,1071],"product_tag":[1988,990,1987],"class_list":{"0":"post-43247","1":"product","2":"type-product","3":"status-publish","4":"has-post-thumbnail","6":"product_cat-kinder","7":"product_cat-plotterdatei","8":"product_cat-urlaub","9":"product_tag-applikationsvorlage","10":"product_tag-plotterdatei","11":"product_tag-wal","13":"first","14":"instock","15":"sale","16":"downloadable","17":"virtual","18":"sold-individually","19":"purchasable","20":"product-type-simple"},"yoast_head":"<!-- This site is optimized with the Yoast SEO plugin v27.4 - https:\/\/yoast.com\/product\/yoast-seo-wordpress\/ -->\n<title>Wal | Gratis Plotterdatei SVG, DFX, PNG, FCM und CWPRJ<\/title>\n<meta name=\"description\" content=\"Mit der kostenlosen Plotterdatei Wal kannst Du leicht Deinen ersten 3-farbigen Plott machen. Wir haben alles schon f\u00fcr Dich vorbereitet, damit Du ...\" \/>\n<meta name=\"robots\" content=\"index, follow, max-snippet:-1, max-image-preview:large, max-video-preview:-1\" \/>\n<link rel=\"canonical\" href=\"https:\/\/cheznu.tv\/familymanagement\/produkt\/wal-3-farbige-plotterdatei\/\" \/>\n<meta property=\"og:locale\" content=\"de_DE\" \/>\n<meta property=\"og:type\" content=\"article\" \/>\n<meta property=\"og:title\" content=\"Wal | Gratis Plotterdatei SVG, DFX, PNG, FCM und CWPRJ\" \/>\n<meta property=\"og:description\" content=\"Mit der kostenlosen Plotterdatei Wal kannst Du leicht Deinen ersten 3-farbigen Plott machen. Wir haben alles schon f\u00fcr Dich vorbereitet, damit Du ...\" \/>\n<meta property=\"og:url\" content=\"https:\/\/cheznu.tv\/familymanagement\/produkt\/wal-3-farbige-plotterdatei\/\" \/>\n<meta property=\"og:site_name\" content=\"ChezNU.TV\" \/>\n<meta property=\"article:publisher\" content=\"https:\/\/www.facebook.com\/cheznutv\/\" \/>\n<meta property=\"article:modified_time\" content=\"2024-11-06T20:57:00+00:00\" \/>\n<meta property=\"og:image\" content=\"https:\/\/cheznu.tv\/familymanagement\/wp-content\/uploads\/2020\/05\/Filigrane-Eule-FB.jpg\" \/>\n\t<meta property=\"og:image:width\" content=\"1200\" \/>\n\t<meta property=\"og:image:height\" content=\"630\" \/>\n\t<meta property=\"og:image:type\" content=\"image\/jpeg\" \/>\n<meta name=\"twitter:card\" content=\"summary_large_image\" \/>\n<meta name=\"twitter:site\" content=\"@cheznu_family\" \/>\n<meta name=\"twitter:label1\" content=\"Gesch\u00e4tzte Lesezeit\" \/>\n\t<meta name=\"twitter:data1\" content=\"2\u00a0Minuten\" \/>\n<script type=\"application\/ld+json\" class=\"yoast-schema-graph\">{\"@context\":\"https:\\\/\\\/schema.org\",\"@graph\":[{\"@type\":\"WebPage\",\"@id\":\"https:\\\/\\\/cheznu.tv\\\/familymanagement\\\/produkt\\\/wal-3-farbige-plotterdatei\\\/\",\"url\":\"https:\\\/\\\/cheznu.tv\\\/familymanagement\\\/produkt\\\/wal-3-farbige-plotterdatei\\\/\",\"name\":\"Wal | Gratis Plotterdatei SVG, DFX, PNG, FCM und CWPRJ\",\"isPartOf\":{\"@id\":\"https:\\\/\\\/cheznu.tv\\\/familymanagement\\\/#website\"},\"primaryImageOfPage\":{\"@id\":\"https:\\\/\\\/cheznu.tv\\\/familymanagement\\\/produkt\\\/wal-3-farbige-plotterdatei\\\/#primaryimage\"},\"image\":{\"@id\":\"https:\\\/\\\/cheznu.tv\\\/familymanagement\\\/produkt\\\/wal-3-farbige-plotterdatei\\\/#primaryimage\"},\"thumbnailUrl\":\"https:\\\/\\\/cheznu.tv\\\/familymanagement\\\/wp-content\\\/uploads\\\/2020\\\/05\\\/Plotterdatei-Wal-3-farbig-ganzes-Nahaufnahem.jpg\",\"datePublished\":\"2020-05-24T11:01:52+00:00\",\"dateModified\":\"2024-11-06T20:57:00+00:00\",\"description\":\"Mit der kostenlosen Plotterdatei Wal kannst Du leicht Deinen ersten 3-farbigen Plott machen. Wir haben alles schon f\u00fcr Dich vorbereitet, damit Du ...\",\"breadcrumb\":{\"@id\":\"https:\\\/\\\/cheznu.tv\\\/familymanagement\\\/produkt\\\/wal-3-farbige-plotterdatei\\\/#breadcrumb\"},\"inLanguage\":\"de\",\"potentialAction\":[{\"@type\":\"ReadAction\",\"target\":[\"https:\\\/\\\/cheznu.tv\\\/familymanagement\\\/produkt\\\/wal-3-farbige-plotterdatei\\\/\"]}]},{\"@type\":\"ImageObject\",\"inLanguage\":\"de\",\"@id\":\"https:\\\/\\\/cheznu.tv\\\/familymanagement\\\/produkt\\\/wal-3-farbige-plotterdatei\\\/#primaryimage\",\"url\":\"https:\\\/\\\/cheznu.tv\\\/familymanagement\\\/wp-content\\\/uploads\\\/2020\\\/05\\\/Plotterdatei-Wal-3-farbig-ganzes-Nahaufnahem.jpg\",\"contentUrl\":\"https:\\\/\\\/cheznu.tv\\\/familymanagement\\\/wp-content\\\/uploads\\\/2020\\\/05\\\/Plotterdatei-Wal-3-farbig-ganzes-Nahaufnahem.jpg\",\"width\":1000,\"height\":1000,\"caption\":\"Plotterdatei Wal 3-farbig ganzes Nahaufnahem\"},{\"@type\":\"BreadcrumbList\",\"@id\":\"https:\\\/\\\/cheznu.tv\\\/familymanagement\\\/produkt\\\/wal-3-farbige-plotterdatei\\\/#breadcrumb\",\"itemListElement\":[{\"@type\":\"ListItem\",\"position\":1,\"name\":\"Startseite\",\"item\":\"https:\\\/\\\/cheznu.tv\\\/familymanagement\\\/\"},{\"@type\":\"ListItem\",\"position\":2,\"name\":\"Shop\",\"item\":\"https:\\\/\\\/cheznu.tv\\\/familymanagement\\\/shop\\\/\"},{\"@type\":\"ListItem\",\"position\":3,\"name\":\"Wal | Plotterdatei SVG, DFX, PNG, FCM und CWPRJ\"}]},{\"@type\":\"WebSite\",\"@id\":\"https:\\\/\\\/cheznu.tv\\\/familymanagement\\\/#website\",\"url\":\"https:\\\/\\\/cheznu.tv\\\/familymanagement\\\/\",\"name\":\"ChezNU.TV\",\"description\":\"N\u00e4hen | Basteln | Haushalt | Familie\",\"potentialAction\":[{\"@type\":\"SearchAction\",\"target\":{\"@type\":\"EntryPoint\",\"urlTemplate\":\"https:\\\/\\\/cheznu.tv\\\/familymanagement\\\/?s={search_term_string}\"},\"query-input\":{\"@type\":\"PropertyValueSpecification\",\"valueRequired\":true,\"valueName\":\"search_term_string\"}}],\"inLanguage\":\"de\"}]}<\/script>\n<!-- \/ Yoast SEO plugin. -->","yoast_head_json":{"title":"Wal | Gratis Plotterdatei SVG, DFX, PNG, FCM und CWPRJ","description":"Mit der kostenlosen Plotterdatei Wal kannst Du leicht Deinen ersten 3-farbigen Plott machen. Wir haben alles schon f\u00fcr Dich vorbereitet, damit Du ...","robots":{"index":"index","follow":"follow","max-snippet":"max-snippet:-1","max-image-preview":"max-image-preview:large","max-video-preview":"max-video-preview:-1"},"canonical":"https:\/\/cheznu.tv\/familymanagement\/produkt\/wal-3-farbige-plotterdatei\/","og_locale":"de_DE","og_type":"article","og_title":"Wal | Gratis Plotterdatei SVG, DFX, PNG, FCM und CWPRJ","og_description":"Mit der kostenlosen Plotterdatei Wal kannst Du leicht Deinen ersten 3-farbigen Plott machen. Wir haben alles schon f\u00fcr Dich vorbereitet, damit Du ...","og_url":"https:\/\/cheznu.tv\/familymanagement\/produkt\/wal-3-farbige-plotterdatei\/","og_site_name":"ChezNU.TV","article_publisher":"https:\/\/www.facebook.com\/cheznutv\/","article_modified_time":"2024-11-06T20:57:00+00:00","og_image":[{"width":1200,"height":630,"url":"https:\/\/cheznu.tv\/familymanagement\/wp-content\/uploads\/2020\/05\/Filigrane-Eule-FB.jpg","type":"image\/jpeg"}],"twitter_card":"summary_large_image","twitter_site":"@cheznu_family","twitter_misc":{"Gesch\u00e4tzte Lesezeit":"2\u00a0Minuten"},"schema":{"@context":"https:\/\/schema.org","@graph":[{"@type":"WebPage","@id":"https:\/\/cheznu.tv\/familymanagement\/produkt\/wal-3-farbige-plotterdatei\/","url":"https:\/\/cheznu.tv\/familymanagement\/produkt\/wal-3-farbige-plotterdatei\/","name":"Wal | Gratis Plotterdatei SVG, DFX, PNG, FCM und CWPRJ","isPartOf":{"@id":"https:\/\/cheznu.tv\/familymanagement\/#website"},"primaryImageOfPage":{"@id":"https:\/\/cheznu.tv\/familymanagement\/produkt\/wal-3-farbige-plotterdatei\/#primaryimage"},"image":{"@id":"https:\/\/cheznu.tv\/familymanagement\/produkt\/wal-3-farbige-plotterdatei\/#primaryimage"},"thumbnailUrl":"https:\/\/cheznu.tv\/familymanagement\/wp-content\/uploads\/2020\/05\/Plotterdatei-Wal-3-farbig-ganzes-Nahaufnahem.jpg","datePublished":"2020-05-24T11:01:52+00:00","dateModified":"2024-11-06T20:57:00+00:00","description":"Mit der kostenlosen Plotterdatei Wal kannst Du leicht Deinen ersten 3-farbigen Plott machen. Wir haben alles schon f\u00fcr Dich vorbereitet, damit Du ...","breadcrumb":{"@id":"https:\/\/cheznu.tv\/familymanagement\/produkt\/wal-3-farbige-plotterdatei\/#breadcrumb"},"inLanguage":"de","potentialAction":[{"@type":"ReadAction","target":["https:\/\/cheznu.tv\/familymanagement\/produkt\/wal-3-farbige-plotterdatei\/"]}]},{"@type":"ImageObject","inLanguage":"de","@id":"https:\/\/cheznu.tv\/familymanagement\/produkt\/wal-3-farbige-plotterdatei\/#primaryimage","url":"https:\/\/cheznu.tv\/familymanagement\/wp-content\/uploads\/2020\/05\/Plotterdatei-Wal-3-farbig-ganzes-Nahaufnahem.jpg","contentUrl":"https:\/\/cheznu.tv\/familymanagement\/wp-content\/uploads\/2020\/05\/Plotterdatei-Wal-3-farbig-ganzes-Nahaufnahem.jpg","width":1000,"height":1000,"caption":"Plotterdatei Wal 3-farbig ganzes Nahaufnahem"},{"@type":"BreadcrumbList","@id":"https:\/\/cheznu.tv\/familymanagement\/produkt\/wal-3-farbige-plotterdatei\/#breadcrumb","itemListElement":[{"@type":"ListItem","position":1,"name":"Startseite","item":"https:\/\/cheznu.tv\/familymanagement\/"},{"@type":"ListItem","position":2,"name":"Shop","item":"https:\/\/cheznu.tv\/familymanagement\/shop\/"},{"@type":"ListItem","position":3,"name":"Wal | Plotterdatei SVG, DFX, PNG, FCM und CWPRJ"}]},{"@type":"WebSite","@id":"https:\/\/cheznu.tv\/familymanagement\/#website","url":"https:\/\/cheznu.tv\/familymanagement\/","name":"ChezNU.TV","description":"N\u00e4hen | Basteln | Haushalt | Familie","potentialAction":[{"@type":"SearchAction","target":{"@type":"EntryPoint","urlTemplate":"https:\/\/cheznu.tv\/familymanagement\/?s={search_term_string}"},"query-input":{"@type":"PropertyValueSpecification","valueRequired":true,"valueName":"search_term_string"}}],"inLanguage":"de"}]}},"_links":{"self":[{"href":"https:\/\/cheznu.tv\/familymanagement\/wp-json\/wp\/v2\/product\/43247","targetHints":{"allow":["GET"]}}],"collection":[{"href":"https:\/\/cheznu.tv\/familymanagement\/wp-json\/wp\/v2\/product"}],"about":[{"href":"https:\/\/cheznu.tv\/familymanagement\/wp-json\/wp\/v2\/types\/product"}],"replies":[{"embeddable":true,"href":"https:\/\/cheznu.tv\/familymanagement\/wp-json\/wp\/v2\/comments?post=43247"}],"wp:featuredmedia":[{"embeddable":true,"href":"https:\/\/cheznu.tv\/familymanagement\/wp-json\/wp\/v2\/media\/45262"}],"wp:attachment":[{"href":"https:\/\/cheznu.tv\/familymanagement\/wp-json\/wp\/v2\/media?parent=43247"}],"wp:term":[{"taxonomy":"product_brand","embeddable":true,"href":"https:\/\/cheznu.tv\/familymanagement\/wp-json\/wp\/v2\/product_brand?post=43247"},{"taxonomy":"product_cat","embeddable":true,"href":"https:\/\/cheznu.tv\/familymanagement\/wp-json\/wp\/v2\/product_cat?post=43247"},{"taxonomy":"product_tag","embeddable":true,"href":"https:\/\/cheznu.tv\/familymanagement\/wp-json\/wp\/v2\/product_tag?post=43247"}],"curies":[{"name":"wp","href":"https:\/\/api.w.org\/{rel}","templated":true}]}}