{"id":43246,"date":"2020-08-02T11:50:52","date_gmt":"2020-08-02T09:50:52","guid":{"rendered":"https:\/\/cheznu.tv\/familymanagement\/?post_type=product&#038;p=43246"},"modified":"2023-06-13T15:23:43","modified_gmt":"2023-06-13T13:23:43","slug":"kleid-arielle-kinderkleid","status":"publish","type":"product","link":"https:\/\/cheznu.tv\/familymanagement\/produkt\/kleid-arielle-kinderkleid\/","title":{"rendered":"Kleid Arielle \ud83c\udf0a Kinderkleid Gr\u00f6sse 98 &#8211; 152 \ud83c\udf0a  Schnittmuster zum Ausdrucken"},"content":{"rendered":"<p>Die N\u00e4hanleitung mit vielen Bildern sowie das\u00a0\u00a0Anleitungsvideo f\u00fcr das Kinderkleid Arielle findest Du hier:<\/p>\n<p><a href=\"https:\/\/cheznu.tv\/familymanagement\/einfaches-kinderkleid-naehen\/\">Einfaches Kinderkleid n\u00e4hen Schnittmuster kostenlos \ud83c\udf0a<\/a><\/p>\n<p>Die Plotterdatei \/ Applikationsvorlage findest Du hier:<\/p>\n<p><a href=\"https:\/\/cheznu.tv\/familymanagement\/produkt\/wal-3-farbige-plotterdatei\/\">Wal | Plotterdatei SVG, DFX, PNG, FCM und CWPRJ<\/a><\/p>\n<p><a href='https:\/\/www.spoonflower.com\/profiles\/cheznu_tv' target='_blank' title='Spoonflower-Shop mit den ChezNU-Designs'>Unseren neuen Spoonflower-Shop mit Stoffen im ChezNU-Design findest Du hier.<\/a><\/p><p>Neben dem Schnittmuster \/ Schema \/ Anleitung \/ Plotterdatei erh\u00e4ltst Du als Teil der erworbenen Leistung (gilt auch f\u00fcr kostenlose Produkte) auch unseren kostenlosen Newsletter \u201eSchnittmuster-Alarm\u201c. Im Schnittmuster-Alarm informieren wir haupts\u00e4chlich, aber nicht ausschliesslich \u00fcber neue Schnittmuster, Anleitungen, DIY-Projekte, Angebote in unserem Shop, Angebote in anderen Shops, Materialbezugsquellen und allem was irgendwie mit N\u00e4hen, H\u00e4keln, Basteln, Stricken, Upcycling, Organisation und Familie zu tun hat.<\/p><p>Nach Deiner Bestellung erh\u00e4ltst Du die E-Mails automatisch. Du kannst sie allerdings jederzeit und ohne Angabe von Gr\u00fcnden \u00fcber den Link am Ende jeder E-Mail abbestellen.<br>\n\tDie Transparenzerkl\u00e4rung zu unserem Schnittmuster-Alarm findest Du <a title='Transparenzerkl\u00e4rung' href='https:\/\/cheznu.tv\/familymanagement\/transparenzerklaerung-zum-schnittmuster-alarm-newsletter\/' target='_blank'>hier<\/a><\/p>\n<p>Das Schnittmuster kommt als PDF und kann auf A4-Papier (Standard) ausgedruckt und dann zusammengeklebt werden.<br \/>\nSo entf\u00e4llt das l\u00e4stige Schnittmuster kopieren mit teurem Seidenpapier. Das Schnittmuster kann nach dem Zusammenkleben direkt ausgeschnitten werden.<\/p>\n<p>Bitte beachte, die richtigen Druckoptionen einzustellen. Das funktioniert genauso, wie bei Burda.<br \/>\n<a href=\"http:\/\/cheznu.tv\/familymanagement\/burda-schnittmuster-ausdrucken\/\">Burda Schnittmuster Ausdrucken.<\/a><\/p>\n<p>Wie das mit dem Zusammenkleben funktioniert haben wir hier kurz erkl\u00e4rt.<br \/>\n<a href=\"http:\/\/cheznu.tv\/familymanagement\/so-gehts\/\">So geht\u00b4s<\/a>.<\/p>\n<p><a href=\"https:\/\/cheznu.tv\/familymanagement\/wp-content\/uploads\/2019\/10\/Kindergr\u00f6ssenTabelle.pdf\" target=\"_blank\" rel=\"noopener noreferrer\">Die Kindergr\u00f6ssen-Tabelle findest Du hier.<\/a><\/p>\n<p>Dieser Schnitt darf zu privaten Zwecken und zur Fertigung von Einzelst\u00fccken\/Kleinserien (bis 5 Modelle) unter Nennung der Herkunft verwendet werden (ChezNU.TV). Massenproduktion der fertigen Ware sowie Kopieren, Weitergabe, Abdruck oder Ver\u00f6ffentlichung (auch teilweise) des Schnittmusters ist bedarf der schriftlichen Genehmigung. Wenn Du Dir nicht sicher bist, schreibe uns einfach kurz eine <a href=\"mailto:nu@cheznu.tv\">E-Mail.<\/a><\/p>\n","protected":false},"excerpt":{"rendered":"<p>Das Kinderkleid Arielle ist ein einfaches Kinderkleid mit Taschen. Wir haben es aus Frottee gen\u00e4ht, speziell f\u00fcrs Freibad oder den Strand. Die <a href=\"https:\/\/cheznu.tv\/familymanagement\/produkt\/wal-3-farbige-plotterdatei\/\">Applikationsvorlage \/ Plotterdatei<\/a> kannst Du ebenfalls gratis in unserem Shop finden.<\/p>\n","protected":false},"featured_media":45270,"comment_status":"open","ping_status":"closed","template":"","meta":[],"product_brand":[],"product_cat":[2305,866,822,810,823,811],"product_tag":[807],"class_list":{"0":"post-43246","1":"product","2":"type-product","3":"status-publish","4":"has-post-thumbnail","6":"product_cat-applikationsvorlage","7":"product_cat-kinder","8":"product_cat-kleidung","9":"product_cat-naehen","10":"product_cat-oberteil","11":"product_cat-schnittmuster","12":"product_tag-schnittmuster","14":"first","15":"instock","16":"sale","17":"downloadable","18":"virtual","19":"sold-individually","20":"purchasable","21":"product-type-simple"},"yoast_head":"<!-- This site is optimized with the Yoast SEO plugin v27.5 - https:\/\/yoast.com\/product\/yoast-seo-wordpress\/ -->\n<title>Gratis Schnittmuster Kleid Arielle \ud83c\udf0a Kinderkleid Gr\u00f6sse 98 - 152<\/title>\n<meta name=\"description\" content=\"Ein einfaches Kinderkleid mit Taschen. Das Schnittmuster und das Videotutorial sind gratis. Ebenfalls gratis sind die Plotterdatei und die ...\" \/>\n<meta name=\"robots\" content=\"index, follow, max-snippet:-1, max-image-preview:large, max-video-preview:-1\" \/>\n<link rel=\"canonical\" href=\"https:\/\/cheznu.tv\/familymanagement\/produkt\/kleid-arielle-kinderkleid\/\" \/>\n<meta property=\"og:locale\" content=\"de_DE\" \/>\n<meta property=\"og:type\" content=\"article\" \/>\n<meta property=\"og:title\" content=\"Gratis Schnittmuster Kleid Arielle \ud83c\udf0a Kinderkleid Gr\u00f6sse 98 - 152\" \/>\n<meta property=\"og:description\" content=\"Ein einfaches Kinderkleid mit Taschen. Das Schnittmuster und das Videotutorial sind gratis. Ebenfalls gratis sind die Plotterdatei und die ...\" \/>\n<meta property=\"og:url\" content=\"https:\/\/cheznu.tv\/familymanagement\/produkt\/kleid-arielle-kinderkleid\/\" \/>\n<meta property=\"og:site_name\" content=\"ChezNU.TV\" \/>\n<meta property=\"article:publisher\" content=\"https:\/\/www.facebook.com\/cheznutv\/\" \/>\n<meta property=\"article:modified_time\" content=\"2023-06-13T13:23:43+00:00\" \/>\n<meta property=\"og:image\" content=\"https:\/\/cheznu.tv\/familymanagement\/wp-content\/uploads\/2020\/05\/FB-Kinderkleid-Arielle-mit-Wal-Applikation.jpg\" \/>\n\t<meta property=\"og:image:width\" content=\"1200\" \/>\n\t<meta property=\"og:image:height\" content=\"630\" \/>\n\t<meta property=\"og:image:type\" content=\"image\/jpeg\" \/>\n<meta name=\"twitter:card\" content=\"summary_large_image\" \/>\n<meta name=\"twitter:site\" content=\"@cheznu_family\" \/>\n<meta name=\"twitter:label1\" content=\"Gesch\u00e4tzte Lesezeit\" \/>\n\t<meta name=\"twitter:data1\" content=\"1\u00a0Minute\" \/>\n<script type=\"application\/ld+json\" class=\"yoast-schema-graph\">{\"@context\":\"https:\\\/\\\/schema.org\",\"@graph\":[{\"@type\":\"WebPage\",\"@id\":\"https:\\\/\\\/cheznu.tv\\\/familymanagement\\\/produkt\\\/kleid-arielle-kinderkleid\\\/\",\"url\":\"https:\\\/\\\/cheznu.tv\\\/familymanagement\\\/produkt\\\/kleid-arielle-kinderkleid\\\/\",\"name\":\"Gratis Schnittmuster Kleid Arielle \ud83c\udf0a Kinderkleid Gr\u00f6sse 98 - 152\",\"isPartOf\":{\"@id\":\"https:\\\/\\\/cheznu.tv\\\/familymanagement\\\/#website\"},\"primaryImageOfPage\":{\"@id\":\"https:\\\/\\\/cheznu.tv\\\/familymanagement\\\/produkt\\\/kleid-arielle-kinderkleid\\\/#primaryimage\"},\"image\":{\"@id\":\"https:\\\/\\\/cheznu.tv\\\/familymanagement\\\/produkt\\\/kleid-arielle-kinderkleid\\\/#primaryimage\"},\"thumbnailUrl\":\"https:\\\/\\\/cheznu.tv\\\/familymanagement\\\/wp-content\\\/uploads\\\/2020\\\/05\\\/Kinderkleid-Arielle-mit-Wal-Applikation.jpg\",\"datePublished\":\"2020-08-02T09:50:52+00:00\",\"dateModified\":\"2023-06-13T13:23:43+00:00\",\"description\":\"Ein einfaches Kinderkleid mit Taschen. Das Schnittmuster und das Videotutorial sind gratis. Ebenfalls gratis sind die Plotterdatei und die ...\",\"breadcrumb\":{\"@id\":\"https:\\\/\\\/cheznu.tv\\\/familymanagement\\\/produkt\\\/kleid-arielle-kinderkleid\\\/#breadcrumb\"},\"inLanguage\":\"de\",\"potentialAction\":[{\"@type\":\"ReadAction\",\"target\":[\"https:\\\/\\\/cheznu.tv\\\/familymanagement\\\/produkt\\\/kleid-arielle-kinderkleid\\\/\"]}]},{\"@type\":\"ImageObject\",\"inLanguage\":\"de\",\"@id\":\"https:\\\/\\\/cheznu.tv\\\/familymanagement\\\/produkt\\\/kleid-arielle-kinderkleid\\\/#primaryimage\",\"url\":\"https:\\\/\\\/cheznu.tv\\\/familymanagement\\\/wp-content\\\/uploads\\\/2020\\\/05\\\/Kinderkleid-Arielle-mit-Wal-Applikation.jpg\",\"contentUrl\":\"https:\\\/\\\/cheznu.tv\\\/familymanagement\\\/wp-content\\\/uploads\\\/2020\\\/05\\\/Kinderkleid-Arielle-mit-Wal-Applikation.jpg\",\"width\":1000,\"height\":1000,\"caption\":\"Kinderkleid Arielle mit Wal-Applikation\"},{\"@type\":\"BreadcrumbList\",\"@id\":\"https:\\\/\\\/cheznu.tv\\\/familymanagement\\\/produkt\\\/kleid-arielle-kinderkleid\\\/#breadcrumb\",\"itemListElement\":[{\"@type\":\"ListItem\",\"position\":1,\"name\":\"Startseite\",\"item\":\"https:\\\/\\\/cheznu.tv\\\/familymanagement\\\/\"},{\"@type\":\"ListItem\",\"position\":2,\"name\":\"Shop\",\"item\":\"https:\\\/\\\/cheznu.tv\\\/familymanagement\\\/shop\\\/\"},{\"@type\":\"ListItem\",\"position\":3,\"name\":\"Kleid Arielle \ud83c\udf0a Kinderkleid Gr\u00f6sse 98 &#8211; 152 \ud83c\udf0a Schnittmuster zum Ausdrucken\"}]},{\"@type\":\"WebSite\",\"@id\":\"https:\\\/\\\/cheznu.tv\\\/familymanagement\\\/#website\",\"url\":\"https:\\\/\\\/cheznu.tv\\\/familymanagement\\\/\",\"name\":\"ChezNU.TV\",\"description\":\"N\u00e4hen | Basteln | Haushalt | Familie\",\"potentialAction\":[{\"@type\":\"SearchAction\",\"target\":{\"@type\":\"EntryPoint\",\"urlTemplate\":\"https:\\\/\\\/cheznu.tv\\\/familymanagement\\\/?s={search_term_string}\"},\"query-input\":{\"@type\":\"PropertyValueSpecification\",\"valueRequired\":true,\"valueName\":\"search_term_string\"}}],\"inLanguage\":\"de\"}]}<\/script>\n<!-- \/ Yoast SEO plugin. -->","yoast_head_json":{"title":"Gratis Schnittmuster Kleid Arielle \ud83c\udf0a Kinderkleid Gr\u00f6sse 98 - 152","description":"Ein einfaches Kinderkleid mit Taschen. Das Schnittmuster und das Videotutorial sind gratis. Ebenfalls gratis sind die Plotterdatei und die ...","robots":{"index":"index","follow":"follow","max-snippet":"max-snippet:-1","max-image-preview":"max-image-preview:large","max-video-preview":"max-video-preview:-1"},"canonical":"https:\/\/cheznu.tv\/familymanagement\/produkt\/kleid-arielle-kinderkleid\/","og_locale":"de_DE","og_type":"article","og_title":"Gratis Schnittmuster Kleid Arielle \ud83c\udf0a Kinderkleid Gr\u00f6sse 98 - 152","og_description":"Ein einfaches Kinderkleid mit Taschen. Das Schnittmuster und das Videotutorial sind gratis. Ebenfalls gratis sind die Plotterdatei und die ...","og_url":"https:\/\/cheznu.tv\/familymanagement\/produkt\/kleid-arielle-kinderkleid\/","og_site_name":"ChezNU.TV","article_publisher":"https:\/\/www.facebook.com\/cheznutv\/","article_modified_time":"2023-06-13T13:23:43+00:00","og_image":[{"width":1200,"height":630,"url":"https:\/\/cheznu.tv\/familymanagement\/wp-content\/uploads\/2020\/05\/FB-Kinderkleid-Arielle-mit-Wal-Applikation.jpg","type":"image\/jpeg"}],"twitter_card":"summary_large_image","twitter_site":"@cheznu_family","twitter_misc":{"Gesch\u00e4tzte Lesezeit":"1\u00a0Minute"},"schema":{"@context":"https:\/\/schema.org","@graph":[{"@type":"WebPage","@id":"https:\/\/cheznu.tv\/familymanagement\/produkt\/kleid-arielle-kinderkleid\/","url":"https:\/\/cheznu.tv\/familymanagement\/produkt\/kleid-arielle-kinderkleid\/","name":"Gratis Schnittmuster Kleid Arielle \ud83c\udf0a Kinderkleid Gr\u00f6sse 98 - 152","isPartOf":{"@id":"https:\/\/cheznu.tv\/familymanagement\/#website"},"primaryImageOfPage":{"@id":"https:\/\/cheznu.tv\/familymanagement\/produkt\/kleid-arielle-kinderkleid\/#primaryimage"},"image":{"@id":"https:\/\/cheznu.tv\/familymanagement\/produkt\/kleid-arielle-kinderkleid\/#primaryimage"},"thumbnailUrl":"https:\/\/cheznu.tv\/familymanagement\/wp-content\/uploads\/2020\/05\/Kinderkleid-Arielle-mit-Wal-Applikation.jpg","datePublished":"2020-08-02T09:50:52+00:00","dateModified":"2023-06-13T13:23:43+00:00","description":"Ein einfaches Kinderkleid mit Taschen. Das Schnittmuster und das Videotutorial sind gratis. Ebenfalls gratis sind die Plotterdatei und die ...","breadcrumb":{"@id":"https:\/\/cheznu.tv\/familymanagement\/produkt\/kleid-arielle-kinderkleid\/#breadcrumb"},"inLanguage":"de","potentialAction":[{"@type":"ReadAction","target":["https:\/\/cheznu.tv\/familymanagement\/produkt\/kleid-arielle-kinderkleid\/"]}]},{"@type":"ImageObject","inLanguage":"de","@id":"https:\/\/cheznu.tv\/familymanagement\/produkt\/kleid-arielle-kinderkleid\/#primaryimage","url":"https:\/\/cheznu.tv\/familymanagement\/wp-content\/uploads\/2020\/05\/Kinderkleid-Arielle-mit-Wal-Applikation.jpg","contentUrl":"https:\/\/cheznu.tv\/familymanagement\/wp-content\/uploads\/2020\/05\/Kinderkleid-Arielle-mit-Wal-Applikation.jpg","width":1000,"height":1000,"caption":"Kinderkleid Arielle mit Wal-Applikation"},{"@type":"BreadcrumbList","@id":"https:\/\/cheznu.tv\/familymanagement\/produkt\/kleid-arielle-kinderkleid\/#breadcrumb","itemListElement":[{"@type":"ListItem","position":1,"name":"Startseite","item":"https:\/\/cheznu.tv\/familymanagement\/"},{"@type":"ListItem","position":2,"name":"Shop","item":"https:\/\/cheznu.tv\/familymanagement\/shop\/"},{"@type":"ListItem","position":3,"name":"Kleid Arielle \ud83c\udf0a Kinderkleid Gr\u00f6sse 98 &#8211; 152 \ud83c\udf0a Schnittmuster zum Ausdrucken"}]},{"@type":"WebSite","@id":"https:\/\/cheznu.tv\/familymanagement\/#website","url":"https:\/\/cheznu.tv\/familymanagement\/","name":"ChezNU.TV","description":"N\u00e4hen | Basteln | Haushalt | Familie","potentialAction":[{"@type":"SearchAction","target":{"@type":"EntryPoint","urlTemplate":"https:\/\/cheznu.tv\/familymanagement\/?s={search_term_string}"},"query-input":{"@type":"PropertyValueSpecification","valueRequired":true,"valueName":"search_term_string"}}],"inLanguage":"de"}]}},"_links":{"self":[{"href":"https:\/\/cheznu.tv\/familymanagement\/wp-json\/wp\/v2\/product\/43246","targetHints":{"allow":["GET"]}}],"collection":[{"href":"https:\/\/cheznu.tv\/familymanagement\/wp-json\/wp\/v2\/product"}],"about":[{"href":"https:\/\/cheznu.tv\/familymanagement\/wp-json\/wp\/v2\/types\/product"}],"replies":[{"embeddable":true,"href":"https:\/\/cheznu.tv\/familymanagement\/wp-json\/wp\/v2\/comments?post=43246"}],"wp:featuredmedia":[{"embeddable":true,"href":"https:\/\/cheznu.tv\/familymanagement\/wp-json\/wp\/v2\/media\/45270"}],"wp:attachment":[{"href":"https:\/\/cheznu.tv\/familymanagement\/wp-json\/wp\/v2\/media?parent=43246"}],"wp:term":[{"taxonomy":"product_brand","embeddable":true,"href":"https:\/\/cheznu.tv\/familymanagement\/wp-json\/wp\/v2\/product_brand?post=43246"},{"taxonomy":"product_cat","embeddable":true,"href":"https:\/\/cheznu.tv\/familymanagement\/wp-json\/wp\/v2\/product_cat?post=43246"},{"taxonomy":"product_tag","embeddable":true,"href":"https:\/\/cheznu.tv\/familymanagement\/wp-json\/wp\/v2\/product_tag?post=43246"}],"curies":[{"name":"wp","href":"https:\/\/api.w.org\/{rel}","templated":true}]}}