{"id":39781,"date":"2020-04-19T10:00:44","date_gmt":"2020-04-19T08:00:44","guid":{"rendered":"https:\/\/cheznu.tv\/familymanagement\/?post_type=product&#038;p=39781"},"modified":"2024-08-15T20:38:23","modified_gmt":"2024-08-15T18:38:23","slug":"facie-loop-als-mundschutz-schnittmuster","status":"publish","type":"product","link":"https:\/\/cheznu.tv\/familymanagement\/produkt\/facie-loop-als-mundschutz-schnittmuster\/","title":{"rendered":"Facie-Loop als Mundschutz \ud83e\udda0 Schnittmuster in 3 Gr\u00f6ssen zum Audrucken"},"content":{"rendered":"<p>Die N\u00e4hanleitung mit Video f\u00fcr den Facie-Loop als Mundschutz findest Du hier:<\/p>\n<p><a href=\"https:\/\/cheznu.tv\/familymanagement\/mundschutz-naehen-fuer-anfaenger-facie-loop\/\">Mundschutz n\u00e4hen f\u00fcr Anf\u00e4nger \ud83d\ude37 Facie-Loop \ud83e\udda0<\/a><\/p>\n<p><em>Kleiner Disclaimer: Es handelt sich um einen Behelf-Mundschutz f\u00fcr den privaten Bereich. Es dient haupts\u00e4chlich dazu andere zu sch\u00fctzen. Wenn wir alle einen Mundschutz tragen, wird sich das Virus (nicht nur Corona) langsamer verbreiten.<\/em><\/p>\n<p><a href='https:\/\/www.spoonflower.com\/profiles\/cheznu_tv' target='_blank' title='Spoonflower-Shop mit den ChezNU-Designs'>Unseren neuen Spoonflower-Shop mit Stoffen im ChezNU-Design findest Du hier.<\/a><\/p><p>Neben dem Schnittmuster \/ Schema \/ Anleitung \/ Plotterdatei erh\u00e4ltst Du als Teil der erworbenen Leistung (gilt auch f\u00fcr kostenlose Produkte) auch unseren kostenlosen Newsletter \u201eSchnittmuster-Alarm\u201c. Im Schnittmuster-Alarm informieren wir haupts\u00e4chlich, aber nicht ausschliesslich \u00fcber neue Schnittmuster, Anleitungen, DIY-Projekte, Angebote in unserem Shop, Angebote in anderen Shops, Materialbezugsquellen und allem was irgendwie mit N\u00e4hen, H\u00e4keln, Basteln, Stricken, Upcycling, Organisation und Familie zu tun hat.<\/p><p>Nach Deiner Bestellung erh\u00e4ltst Du die E-Mails automatisch. Du kannst sie allerdings jederzeit und ohne Angabe von Gr\u00fcnden \u00fcber den Link am Ende jeder E-Mail abbestellen.<br>\n\tDie Transparenzerkl\u00e4rung zu unserem Schnittmuster-Alarm findest Du <a title='Transparenzerkl\u00e4rung' href='https:\/\/cheznu.tv\/familymanagement\/transparenzerklaerung-zum-schnittmuster-alarm-newsletter\/' target='_blank'>hier<\/a><\/p>\n<p>Das Schnittmuster kommt als PDF und kann auf A4-Papier (Standard) ausgedruckt und dann zusammengeklebt werden.<br \/>\nSo entf\u00e4llt das l\u00e4stige Schnittmuster kopieren mit teurem Seidenpapier. Das Schnittmuster kann nach dem Zusammenkleben direkt ausgeschnitten werden.<\/p>\n<p>Bitte beachte, die richtigen Druckoptionen einzustellen. Das funktioniert genauso, wie bei Burda.<br \/>\n<a href=\"http:\/\/cheznu.tv\/familymanagement\/burda-schnittmuster-ausdrucken\/\">Burda Schnittmuster Ausdrucken.<\/a><\/p>\n<p>Wie das mit dem Zusammenkleben funktioniert haben wir hier kurz erkl\u00e4rt.<br \/>\n<a href=\"http:\/\/cheznu.tv\/familymanagement\/so-gehts\/\">So geht\u00b4s<\/a>.<\/p>\n<p><a href=\"http:\/\/cheznu.tv\/familymanagement\/wp-content\/uploads\/2018\/01\/ChezNU-Groessentabelle_fuer_Damen.pdf\" target=\"_blank\" rel=\"noopener noreferrer\">Die Gr\u00f6ssetabelle mit den Massen f\u00fcr Damen findest Du hier.<\/a><\/p>\n<p>Dieser Schnitt darf zu privaten Zwecken und zur Fertigung von Einzelst\u00fccken\/Kleinserien (bis 5 Modelle) unter Nennung der Herkunft verwendet werden (ChezNU.TV). Massenproduktion der fertigen Ware sowie Kopieren, Weitergabe, Abdruck oder Ver\u00f6ffentlichung (auch teilweise) des Schnittmusters ist bedarf der schriftlichen Genehmigung. Wenn Du Dir nicht sicher bist, schreibe uns einfach kurz eine <a href=\"mailto:nu@cheznu.tv\">E-Mail.<\/a><\/p>\n","protected":false},"excerpt":{"rendered":"<p>Das Schnittmuster f\u00fcr eine Mundschutz f\u00fcr den privaten Bereich. Das Schnittmuster kommt in 3 Gr\u00f6ssen. F\u00fcr IHN, SIE und sie\/ihn. Er ist ideal f\u00fcr den Einkauf. Wir finden ihn angenehmer zu tragen, als die \u00fcblichen Behelfsmasken ausserdem sieht er hipper aus.<\/p>\n<p>Fragen zum Schnittmuster? <a href=\"mailto:schnittmuster@cheznu.tv\">Schreib uns an schnittmuster@cheznu.tv<\/a><\/p>\n","protected":false},"featured_media":39827,"comment_status":"open","ping_status":"closed","template":"","meta":[],"product_brand":[],"product_cat":[15],"product_tag":[1587],"class_list":{"0":"post-39781","1":"product","2":"type-product","3":"status-publish","4":"has-post-thumbnail","6":"product_cat-uncategorized","7":"product_tag-gesichtsmaske","9":"first","10":"instock","11":"sale","12":"downloadable","13":"virtual","14":"sold-individually","15":"purchasable","16":"product-type-simple"},"yoast_head":"<!-- This site is optimized with the Yoast SEO plugin v27.5 - https:\/\/yoast.com\/product\/yoast-seo-wordpress\/ -->\n<title>Facie-Loop als Mundschutz \ud83e\udda0 Schnittmuster in 3 Gr\u00f6ssen<\/title>\n<meta name=\"description\" content=\"Das Schnittmuster f\u00fcr eine Mundschutz f\u00fcr den privaten Bereich. Das Schnittmuster kommt in 3 Gr\u00f6ssen. Sieht einfach hipper aus, als die anderen Masken.\" \/>\n<meta name=\"robots\" content=\"index, follow, max-snippet:-1, max-image-preview:large, max-video-preview:-1\" \/>\n<link rel=\"canonical\" href=\"https:\/\/cheznu.tv\/familymanagement\/produkt\/facie-loop-als-mundschutz-schnittmuster\/\" \/>\n<meta property=\"og:locale\" content=\"de_DE\" \/>\n<meta property=\"og:type\" content=\"article\" \/>\n<meta property=\"og:title\" content=\"Facie-Loop als Mundschutz \ud83e\udda0 Schnittmuster in 3 Gr\u00f6ssen\" \/>\n<meta property=\"og:description\" content=\"Das Schnittmuster f\u00fcr eine Mundschutz f\u00fcr den privaten Bereich. Das Schnittmuster kommt in 3 Gr\u00f6ssen. Sieht einfach hipper aus, als die anderen Masken.\" \/>\n<meta property=\"og:url\" content=\"https:\/\/cheznu.tv\/familymanagement\/produkt\/facie-loop-als-mundschutz-schnittmuster\/\" \/>\n<meta property=\"og:site_name\" content=\"ChezNU.TV\" \/>\n<meta property=\"article:publisher\" content=\"https:\/\/www.facebook.com\/cheznutv\/\" \/>\n<meta property=\"article:modified_time\" content=\"2024-08-15T18:38:23+00:00\" \/>\n<meta property=\"og:image\" content=\"https:\/\/cheznu.tv\/familymanagement\/wp-content\/uploads\/2020\/04\/Mundschutz-n\u00e4hen-f\u00fcr-Anf\u00e4nger-Facie-Loop-Schnittmuster-1.jpg\" \/>\n\t<meta property=\"og:image:width\" content=\"1000\" \/>\n\t<meta property=\"og:image:height\" content=\"1000\" \/>\n\t<meta property=\"og:image:type\" content=\"image\/jpeg\" \/>\n<meta name=\"twitter:card\" content=\"summary_large_image\" \/>\n<meta name=\"twitter:site\" content=\"@cheznu_family\" \/>\n<meta name=\"twitter:label1\" content=\"Gesch\u00e4tzte Lesezeit\" \/>\n\t<meta name=\"twitter:data1\" content=\"1\u00a0Minute\" \/>\n<script type=\"application\/ld+json\" class=\"yoast-schema-graph\">{\"@context\":\"https:\\\/\\\/schema.org\",\"@graph\":[{\"@type\":\"WebPage\",\"@id\":\"https:\\\/\\\/cheznu.tv\\\/familymanagement\\\/produkt\\\/facie-loop-als-mundschutz-schnittmuster\\\/\",\"url\":\"https:\\\/\\\/cheznu.tv\\\/familymanagement\\\/produkt\\\/facie-loop-als-mundschutz-schnittmuster\\\/\",\"name\":\"Facie-Loop als Mundschutz \ud83e\udda0 Schnittmuster in 3 Gr\u00f6ssen\",\"isPartOf\":{\"@id\":\"https:\\\/\\\/cheznu.tv\\\/familymanagement\\\/#website\"},\"primaryImageOfPage\":{\"@id\":\"https:\\\/\\\/cheznu.tv\\\/familymanagement\\\/produkt\\\/facie-loop-als-mundschutz-schnittmuster\\\/#primaryimage\"},\"image\":{\"@id\":\"https:\\\/\\\/cheznu.tv\\\/familymanagement\\\/produkt\\\/facie-loop-als-mundschutz-schnittmuster\\\/#primaryimage\"},\"thumbnailUrl\":\"https:\\\/\\\/cheznu.tv\\\/familymanagement\\\/wp-content\\\/uploads\\\/2020\\\/04\\\/Mundschutz-n\u00e4hen-f\u00fcr-Anf\u00e4nger-Facie-Loop-Schnittmuster-1.jpg\",\"datePublished\":\"2020-04-19T08:00:44+00:00\",\"dateModified\":\"2024-08-15T18:38:23+00:00\",\"description\":\"Das Schnittmuster f\u00fcr eine Mundschutz f\u00fcr den privaten Bereich. Das Schnittmuster kommt in 3 Gr\u00f6ssen. Sieht einfach hipper aus, als die anderen Masken.\",\"breadcrumb\":{\"@id\":\"https:\\\/\\\/cheznu.tv\\\/familymanagement\\\/produkt\\\/facie-loop-als-mundschutz-schnittmuster\\\/#breadcrumb\"},\"inLanguage\":\"de\",\"potentialAction\":[{\"@type\":\"ReadAction\",\"target\":[\"https:\\\/\\\/cheznu.tv\\\/familymanagement\\\/produkt\\\/facie-loop-als-mundschutz-schnittmuster\\\/\"]}]},{\"@type\":\"ImageObject\",\"inLanguage\":\"de\",\"@id\":\"https:\\\/\\\/cheznu.tv\\\/familymanagement\\\/produkt\\\/facie-loop-als-mundschutz-schnittmuster\\\/#primaryimage\",\"url\":\"https:\\\/\\\/cheznu.tv\\\/familymanagement\\\/wp-content\\\/uploads\\\/2020\\\/04\\\/Mundschutz-n\u00e4hen-f\u00fcr-Anf\u00e4nger-Facie-Loop-Schnittmuster-1.jpg\",\"contentUrl\":\"https:\\\/\\\/cheznu.tv\\\/familymanagement\\\/wp-content\\\/uploads\\\/2020\\\/04\\\/Mundschutz-n\u00e4hen-f\u00fcr-Anf\u00e4nger-Facie-Loop-Schnittmuster-1.jpg\",\"width\":1000,\"height\":1000,\"caption\":\"Mundschutz n\u00e4hen f\u00fcr Anf\u00e4nger - Facie-Loop - Schnittmuster 1\"},{\"@type\":\"BreadcrumbList\",\"@id\":\"https:\\\/\\\/cheznu.tv\\\/familymanagement\\\/produkt\\\/facie-loop-als-mundschutz-schnittmuster\\\/#breadcrumb\",\"itemListElement\":[{\"@type\":\"ListItem\",\"position\":1,\"name\":\"Startseite\",\"item\":\"https:\\\/\\\/cheznu.tv\\\/familymanagement\\\/\"},{\"@type\":\"ListItem\",\"position\":2,\"name\":\"Shop\",\"item\":\"https:\\\/\\\/cheznu.tv\\\/familymanagement\\\/shop\\\/\"},{\"@type\":\"ListItem\",\"position\":3,\"name\":\"Facie-Loop als Mundschutz \ud83e\udda0 Schnittmuster in 3 Gr\u00f6ssen zum Audrucken\"}]},{\"@type\":\"WebSite\",\"@id\":\"https:\\\/\\\/cheznu.tv\\\/familymanagement\\\/#website\",\"url\":\"https:\\\/\\\/cheznu.tv\\\/familymanagement\\\/\",\"name\":\"ChezNU.TV\",\"description\":\"N\u00e4hen | Basteln | Haushalt | Familie\",\"potentialAction\":[{\"@type\":\"SearchAction\",\"target\":{\"@type\":\"EntryPoint\",\"urlTemplate\":\"https:\\\/\\\/cheznu.tv\\\/familymanagement\\\/?s={search_term_string}\"},\"query-input\":{\"@type\":\"PropertyValueSpecification\",\"valueRequired\":true,\"valueName\":\"search_term_string\"}}],\"inLanguage\":\"de\"}]}<\/script>\n<!-- \/ Yoast SEO plugin. -->","yoast_head_json":{"title":"Facie-Loop als Mundschutz \ud83e\udda0 Schnittmuster in 3 Gr\u00f6ssen","description":"Das Schnittmuster f\u00fcr eine Mundschutz f\u00fcr den privaten Bereich. Das Schnittmuster kommt in 3 Gr\u00f6ssen. Sieht einfach hipper aus, als die anderen Masken.","robots":{"index":"index","follow":"follow","max-snippet":"max-snippet:-1","max-image-preview":"max-image-preview:large","max-video-preview":"max-video-preview:-1"},"canonical":"https:\/\/cheznu.tv\/familymanagement\/produkt\/facie-loop-als-mundschutz-schnittmuster\/","og_locale":"de_DE","og_type":"article","og_title":"Facie-Loop als Mundschutz \ud83e\udda0 Schnittmuster in 3 Gr\u00f6ssen","og_description":"Das Schnittmuster f\u00fcr eine Mundschutz f\u00fcr den privaten Bereich. Das Schnittmuster kommt in 3 Gr\u00f6ssen. Sieht einfach hipper aus, als die anderen Masken.","og_url":"https:\/\/cheznu.tv\/familymanagement\/produkt\/facie-loop-als-mundschutz-schnittmuster\/","og_site_name":"ChezNU.TV","article_publisher":"https:\/\/www.facebook.com\/cheznutv\/","article_modified_time":"2024-08-15T18:38:23+00:00","og_image":[{"width":1000,"height":1000,"url":"https:\/\/cheznu.tv\/familymanagement\/wp-content\/uploads\/2020\/04\/Mundschutz-n\u00e4hen-f\u00fcr-Anf\u00e4nger-Facie-Loop-Schnittmuster-1.jpg","type":"image\/jpeg"}],"twitter_card":"summary_large_image","twitter_site":"@cheznu_family","twitter_misc":{"Gesch\u00e4tzte Lesezeit":"1\u00a0Minute"},"schema":{"@context":"https:\/\/schema.org","@graph":[{"@type":"WebPage","@id":"https:\/\/cheznu.tv\/familymanagement\/produkt\/facie-loop-als-mundschutz-schnittmuster\/","url":"https:\/\/cheznu.tv\/familymanagement\/produkt\/facie-loop-als-mundschutz-schnittmuster\/","name":"Facie-Loop als Mundschutz \ud83e\udda0 Schnittmuster in 3 Gr\u00f6ssen","isPartOf":{"@id":"https:\/\/cheznu.tv\/familymanagement\/#website"},"primaryImageOfPage":{"@id":"https:\/\/cheznu.tv\/familymanagement\/produkt\/facie-loop-als-mundschutz-schnittmuster\/#primaryimage"},"image":{"@id":"https:\/\/cheznu.tv\/familymanagement\/produkt\/facie-loop-als-mundschutz-schnittmuster\/#primaryimage"},"thumbnailUrl":"https:\/\/cheznu.tv\/familymanagement\/wp-content\/uploads\/2020\/04\/Mundschutz-n\u00e4hen-f\u00fcr-Anf\u00e4nger-Facie-Loop-Schnittmuster-1.jpg","datePublished":"2020-04-19T08:00:44+00:00","dateModified":"2024-08-15T18:38:23+00:00","description":"Das Schnittmuster f\u00fcr eine Mundschutz f\u00fcr den privaten Bereich. Das Schnittmuster kommt in 3 Gr\u00f6ssen. Sieht einfach hipper aus, als die anderen Masken.","breadcrumb":{"@id":"https:\/\/cheznu.tv\/familymanagement\/produkt\/facie-loop-als-mundschutz-schnittmuster\/#breadcrumb"},"inLanguage":"de","potentialAction":[{"@type":"ReadAction","target":["https:\/\/cheznu.tv\/familymanagement\/produkt\/facie-loop-als-mundschutz-schnittmuster\/"]}]},{"@type":"ImageObject","inLanguage":"de","@id":"https:\/\/cheznu.tv\/familymanagement\/produkt\/facie-loop-als-mundschutz-schnittmuster\/#primaryimage","url":"https:\/\/cheznu.tv\/familymanagement\/wp-content\/uploads\/2020\/04\/Mundschutz-n\u00e4hen-f\u00fcr-Anf\u00e4nger-Facie-Loop-Schnittmuster-1.jpg","contentUrl":"https:\/\/cheznu.tv\/familymanagement\/wp-content\/uploads\/2020\/04\/Mundschutz-n\u00e4hen-f\u00fcr-Anf\u00e4nger-Facie-Loop-Schnittmuster-1.jpg","width":1000,"height":1000,"caption":"Mundschutz n\u00e4hen f\u00fcr Anf\u00e4nger - Facie-Loop - Schnittmuster 1"},{"@type":"BreadcrumbList","@id":"https:\/\/cheznu.tv\/familymanagement\/produkt\/facie-loop-als-mundschutz-schnittmuster\/#breadcrumb","itemListElement":[{"@type":"ListItem","position":1,"name":"Startseite","item":"https:\/\/cheznu.tv\/familymanagement\/"},{"@type":"ListItem","position":2,"name":"Shop","item":"https:\/\/cheznu.tv\/familymanagement\/shop\/"},{"@type":"ListItem","position":3,"name":"Facie-Loop als Mundschutz \ud83e\udda0 Schnittmuster in 3 Gr\u00f6ssen zum Audrucken"}]},{"@type":"WebSite","@id":"https:\/\/cheznu.tv\/familymanagement\/#website","url":"https:\/\/cheznu.tv\/familymanagement\/","name":"ChezNU.TV","description":"N\u00e4hen | Basteln | Haushalt | Familie","potentialAction":[{"@type":"SearchAction","target":{"@type":"EntryPoint","urlTemplate":"https:\/\/cheznu.tv\/familymanagement\/?s={search_term_string}"},"query-input":{"@type":"PropertyValueSpecification","valueRequired":true,"valueName":"search_term_string"}}],"inLanguage":"de"}]}},"_links":{"self":[{"href":"https:\/\/cheznu.tv\/familymanagement\/wp-json\/wp\/v2\/product\/39781","targetHints":{"allow":["GET"]}}],"collection":[{"href":"https:\/\/cheznu.tv\/familymanagement\/wp-json\/wp\/v2\/product"}],"about":[{"href":"https:\/\/cheznu.tv\/familymanagement\/wp-json\/wp\/v2\/types\/product"}],"replies":[{"embeddable":true,"href":"https:\/\/cheznu.tv\/familymanagement\/wp-json\/wp\/v2\/comments?post=39781"}],"wp:featuredmedia":[{"embeddable":true,"href":"https:\/\/cheznu.tv\/familymanagement\/wp-json\/wp\/v2\/media\/39827"}],"wp:attachment":[{"href":"https:\/\/cheznu.tv\/familymanagement\/wp-json\/wp\/v2\/media?parent=39781"}],"wp:term":[{"taxonomy":"product_brand","embeddable":true,"href":"https:\/\/cheznu.tv\/familymanagement\/wp-json\/wp\/v2\/product_brand?post=39781"},{"taxonomy":"product_cat","embeddable":true,"href":"https:\/\/cheznu.tv\/familymanagement\/wp-json\/wp\/v2\/product_cat?post=39781"},{"taxonomy":"product_tag","embeddable":true,"href":"https:\/\/cheznu.tv\/familymanagement\/wp-json\/wp\/v2\/product_tag?post=39781"}],"curies":[{"name":"wp","href":"https:\/\/api.w.org\/{rel}","templated":true}]}}