{"id":3793,"date":"2016-10-17T10:13:55","date_gmt":"2016-10-17T08:13:55","guid":{"rendered":"http:\/\/cheznu.tv\/familymanagement\/produkt\/dokumentenmappe-a4-mit-trenner-schnittmuster-zum-ausdrucken\/"},"modified":"2023-06-13T17:16:20","modified_gmt":"2023-06-13T15:16:20","slug":"dokumentenmappe-mit-trenner-schnittmuster","status":"publish","type":"product","link":"https:\/\/cheznu.tv\/familymanagement\/produkt\/dokumentenmappe-mit-trenner-schnittmuster\/","title":{"rendered":"Dokumentenmappe A4 mit Trenner | Schnittmuster zum Ausdrucken"},"content":{"rendered":"<p>Die N\u00e4hanleitung mit vielen Bildern sowie das\u00a0\u00a0Anleitungsvideo findest Du hier:<\/p>\n<p><a href=\"http:\/\/cheznu.tv\/familymanagement\/dokumenten-mappe-a4-mit-unterteilung-naehen-diy\/\">Dokumenten Mappe A4 mit Unterteilung n\u00e4hen Anleitung und Tutorial<\/a><\/p>\n<p>Unsere Stoffempfehlung f\u00fcr dieses Projekt:<\/p>\n<ul>\n<li><a href=\"http:\/\/cheznu.tv\/familymanagement\/schraegband-auswahl\">Schr\u00e4gband<\/a><\/li>\n<li><a href=\"http:\/\/cheznu.tv\/familymanagement\/klarfolie\">Klarfolie \/ Vinyl<\/a><\/li>\n<li><a href=\"http:\/\/cheznu.tv\/familymanagement\/snappap-weiss\">SnapPap<\/a><\/li>\n<li><a href=\"http:\/\/cheznu.tv\/familymanagement\/klett-2cm-weiss\">Klettband<\/a><\/li>\n<\/ul>\n<p><a href='https:\/\/www.spoonflower.com\/profiles\/cheznu_tv' target='_blank' title='Spoonflower-Shop mit den ChezNU-Designs'>Unseren neuen Spoonflower-Shop mit Stoffen im ChezNU-Design findest Du hier.<\/a><\/p><p>Neben dem Schnittmuster \/ Schema \/ Anleitung \/ Plotterdatei erh\u00e4ltst Du als Teil der erworbenen Leistung (gilt auch f\u00fcr kostenlose Produkte) auch unseren kostenlosen Newsletter \u201eSchnittmuster-Alarm\u201c. Im Schnittmuster-Alarm informieren wir haupts\u00e4chlich, aber nicht ausschliesslich \u00fcber neue Schnittmuster, Anleitungen, DIY-Projekte, Angebote in unserem Shop, Angebote in anderen Shops, Materialbezugsquellen und allem was irgendwie mit N\u00e4hen, H\u00e4keln, Basteln, Stricken, Upcycling, Organisation und Familie zu tun hat.<\/p><p>Nach Deiner Bestellung erh\u00e4ltst Du die E-Mails automatisch. Du kannst sie allerdings jederzeit und ohne Angabe von Gr\u00fcnden \u00fcber den Link am Ende jeder E-Mail abbestellen.<br>\n\tDie Transparenzerkl\u00e4rung zu unserem Schnittmuster-Alarm findest Du <a title='Transparenzerkl\u00e4rung' href='https:\/\/cheznu.tv\/familymanagement\/transparenzerklaerung-zum-schnittmuster-alarm-newsletter\/' target='_blank'>hier<\/a><\/p>\n<p>Dieser Schnitt darf zu privaten Zwecken und zur Fertigung von Einzelst\u00fccken\/Kleinserien (bis 5 Modelle) unter Nennung der Herkunft verwendet werden (ChezNU.TV). Massenproduktion der fertigen Ware sowie Kopieren, Weitergabe, Abdruck oder Ver\u00f6ffentlichung (auch teilweise) des Schnittmusters ist bedarf der schriftlichen Genehmigung. Wenn Du Dir nicht sicher bist, schreibe uns einfach kurz eine <a href=\"mailto:nu@cheznu.tv\">E-Mail<\/a>.<\/p>\n","protected":false},"excerpt":{"rendered":"<p>Einfache Mappe f\u00fcr A4-grosse Dokumente. Die Mappe hat einen Trenner innen und ist sehr einfach zu n\u00e4hen.<\/p>\n","protected":false},"featured_media":8757,"comment_status":"open","ping_status":"closed","template":"","meta":[],"product_brand":[],"product_cat":[809,816,810,826,811,1071],"product_tag":[854,806,863,825,807],"class_list":{"0":"post-3793","1":"product","2":"type-product","3":"status-publish","4":"has-post-thumbnail","6":"product_cat-accessories","7":"product_cat-kostenlos","8":"product_cat-naehen","9":"product_cat-organisation","10":"product_cat-schnittmuster","11":"product_cat-urlaub","12":"product_tag-anfaenger","13":"product_tag-ausdrucken","14":"product_tag-ordnung","15":"product_tag-organisation","16":"product_tag-schnittmuster","18":"first","19":"instock","20":"downloadable","21":"virtual","22":"sold-individually","23":"purchasable","24":"product-type-simple"},"yoast_head":"<!-- This site is optimized with the Yoast SEO plugin v27.5 - https:\/\/yoast.com\/product\/yoast-seo-wordpress\/ -->\n<title>Dokumentenmappe A4 mit Trenner | Schnittmuster<\/title>\n<meta name=\"description\" content=\"Einfache Mappe f\u00fcr A4-grosse Dokumente. Die Mappe hat einen Trenner innen und ist sehr einfach zu n\u00e4hen. Gratis Schnittmuster zum Download.\" \/>\n<meta name=\"robots\" content=\"index, follow, max-snippet:-1, max-image-preview:large, max-video-preview:-1\" \/>\n<link rel=\"canonical\" href=\"https:\/\/cheznu.tv\/familymanagement\/produkt\/dokumentenmappe-mit-trenner-schnittmuster\/\" \/>\n<meta property=\"og:locale\" content=\"de_DE\" \/>\n<meta property=\"og:type\" content=\"article\" \/>\n<meta property=\"og:title\" content=\"Dokumentenmappe A4 mit Trenner | Schnittmuster\" \/>\n<meta property=\"og:description\" content=\"Einfache Mappe f\u00fcr A4-grosse Dokumente. Die Mappe hat einen Trenner innen und ist sehr einfach zu n\u00e4hen. Gratis Schnittmuster zum Download.\" \/>\n<meta property=\"og:url\" content=\"https:\/\/cheznu.tv\/familymanagement\/produkt\/dokumentenmappe-mit-trenner-schnittmuster\/\" \/>\n<meta property=\"og:site_name\" content=\"ChezNU.TV\" \/>\n<meta property=\"article:publisher\" content=\"https:\/\/www.facebook.com\/cheznutv\/\" \/>\n<meta property=\"article:modified_time\" content=\"2023-06-13T15:16:20+00:00\" \/>\n<meta property=\"og:image\" content=\"https:\/\/cheznu.tv\/familymanagement\/wp-content\/uploads\/2016\/10\/Din_A4_Dokumenten-Mappe_naehen_fuer_Anfaenger_1_gratis_Schnittmuster.png\" \/>\n\t<meta property=\"og:image:width\" content=\"800\" \/>\n\t<meta property=\"og:image:height\" content=\"800\" \/>\n\t<meta property=\"og:image:type\" content=\"image\/png\" \/>\n<meta name=\"twitter:card\" content=\"summary_large_image\" \/>\n<meta name=\"twitter:site\" content=\"@cheznu_family\" \/>\n<meta name=\"twitter:label1\" content=\"Gesch\u00e4tzte Lesezeit\" \/>\n\t<meta name=\"twitter:data1\" content=\"1\u00a0Minute\" \/>\n<script type=\"application\/ld+json\" class=\"yoast-schema-graph\">{\"@context\":\"https:\\\/\\\/schema.org\",\"@graph\":[{\"@type\":\"WebPage\",\"@id\":\"https:\\\/\\\/cheznu.tv\\\/familymanagement\\\/produkt\\\/dokumentenmappe-mit-trenner-schnittmuster\\\/\",\"url\":\"https:\\\/\\\/cheznu.tv\\\/familymanagement\\\/produkt\\\/dokumentenmappe-mit-trenner-schnittmuster\\\/\",\"name\":\"Dokumentenmappe A4 mit Trenner | Schnittmuster\",\"isPartOf\":{\"@id\":\"https:\\\/\\\/cheznu.tv\\\/familymanagement\\\/#website\"},\"primaryImageOfPage\":{\"@id\":\"https:\\\/\\\/cheznu.tv\\\/familymanagement\\\/produkt\\\/dokumentenmappe-mit-trenner-schnittmuster\\\/#primaryimage\"},\"image\":{\"@id\":\"https:\\\/\\\/cheznu.tv\\\/familymanagement\\\/produkt\\\/dokumentenmappe-mit-trenner-schnittmuster\\\/#primaryimage\"},\"thumbnailUrl\":\"https:\\\/\\\/cheznu.tv\\\/familymanagement\\\/wp-content\\\/uploads\\\/2016\\\/10\\\/Din_A4_Dokumenten-Mappe_naehen_fuer_Anfaenger_1_gratis_Schnittmuster.png\",\"datePublished\":\"2016-10-17T08:13:55+00:00\",\"dateModified\":\"2023-06-13T15:16:20+00:00\",\"description\":\"Einfache Mappe f\u00fcr A4-grosse Dokumente. Die Mappe hat einen Trenner innen und ist sehr einfach zu n\u00e4hen. Gratis Schnittmuster zum Download.\",\"breadcrumb\":{\"@id\":\"https:\\\/\\\/cheznu.tv\\\/familymanagement\\\/produkt\\\/dokumentenmappe-mit-trenner-schnittmuster\\\/#breadcrumb\"},\"inLanguage\":\"de\",\"potentialAction\":[{\"@type\":\"ReadAction\",\"target\":[\"https:\\\/\\\/cheznu.tv\\\/familymanagement\\\/produkt\\\/dokumentenmappe-mit-trenner-schnittmuster\\\/\"]}]},{\"@type\":\"ImageObject\",\"inLanguage\":\"de\",\"@id\":\"https:\\\/\\\/cheznu.tv\\\/familymanagement\\\/produkt\\\/dokumentenmappe-mit-trenner-schnittmuster\\\/#primaryimage\",\"url\":\"https:\\\/\\\/cheznu.tv\\\/familymanagement\\\/wp-content\\\/uploads\\\/2016\\\/10\\\/Din_A4_Dokumenten-Mappe_naehen_fuer_Anfaenger_1_gratis_Schnittmuster.png\",\"contentUrl\":\"https:\\\/\\\/cheznu.tv\\\/familymanagement\\\/wp-content\\\/uploads\\\/2016\\\/10\\\/Din_A4_Dokumenten-Mappe_naehen_fuer_Anfaenger_1_gratis_Schnittmuster.png\",\"width\":800,\"height\":800,\"caption\":\"Din A4 Dokumenten-Mappe n\u00e4hen mit gratis Schnittmuster\"},{\"@type\":\"BreadcrumbList\",\"@id\":\"https:\\\/\\\/cheznu.tv\\\/familymanagement\\\/produkt\\\/dokumentenmappe-mit-trenner-schnittmuster\\\/#breadcrumb\",\"itemListElement\":[{\"@type\":\"ListItem\",\"position\":1,\"name\":\"Startseite\",\"item\":\"https:\\\/\\\/cheznu.tv\\\/familymanagement\\\/\"},{\"@type\":\"ListItem\",\"position\":2,\"name\":\"Shop\",\"item\":\"https:\\\/\\\/cheznu.tv\\\/familymanagement\\\/shop\\\/\"},{\"@type\":\"ListItem\",\"position\":3,\"name\":\"Dokumentenmappe A4 mit Trenner | Schnittmuster zum Ausdrucken\"}]},{\"@type\":\"WebSite\",\"@id\":\"https:\\\/\\\/cheznu.tv\\\/familymanagement\\\/#website\",\"url\":\"https:\\\/\\\/cheznu.tv\\\/familymanagement\\\/\",\"name\":\"ChezNU.TV\",\"description\":\"N\u00e4hen | Basteln | Haushalt | Familie\",\"potentialAction\":[{\"@type\":\"SearchAction\",\"target\":{\"@type\":\"EntryPoint\",\"urlTemplate\":\"https:\\\/\\\/cheznu.tv\\\/familymanagement\\\/?s={search_term_string}\"},\"query-input\":{\"@type\":\"PropertyValueSpecification\",\"valueRequired\":true,\"valueName\":\"search_term_string\"}}],\"inLanguage\":\"de\"}]}<\/script>\n<!-- \/ Yoast SEO plugin. -->","yoast_head_json":{"title":"Dokumentenmappe A4 mit Trenner | Schnittmuster","description":"Einfache Mappe f\u00fcr A4-grosse Dokumente. Die Mappe hat einen Trenner innen und ist sehr einfach zu n\u00e4hen. Gratis Schnittmuster zum Download.","robots":{"index":"index","follow":"follow","max-snippet":"max-snippet:-1","max-image-preview":"max-image-preview:large","max-video-preview":"max-video-preview:-1"},"canonical":"https:\/\/cheznu.tv\/familymanagement\/produkt\/dokumentenmappe-mit-trenner-schnittmuster\/","og_locale":"de_DE","og_type":"article","og_title":"Dokumentenmappe A4 mit Trenner | Schnittmuster","og_description":"Einfache Mappe f\u00fcr A4-grosse Dokumente. Die Mappe hat einen Trenner innen und ist sehr einfach zu n\u00e4hen. Gratis Schnittmuster zum Download.","og_url":"https:\/\/cheznu.tv\/familymanagement\/produkt\/dokumentenmappe-mit-trenner-schnittmuster\/","og_site_name":"ChezNU.TV","article_publisher":"https:\/\/www.facebook.com\/cheznutv\/","article_modified_time":"2023-06-13T15:16:20+00:00","og_image":[{"width":800,"height":800,"url":"https:\/\/cheznu.tv\/familymanagement\/wp-content\/uploads\/2016\/10\/Din_A4_Dokumenten-Mappe_naehen_fuer_Anfaenger_1_gratis_Schnittmuster.png","type":"image\/png"}],"twitter_card":"summary_large_image","twitter_site":"@cheznu_family","twitter_misc":{"Gesch\u00e4tzte Lesezeit":"1\u00a0Minute"},"schema":{"@context":"https:\/\/schema.org","@graph":[{"@type":"WebPage","@id":"https:\/\/cheznu.tv\/familymanagement\/produkt\/dokumentenmappe-mit-trenner-schnittmuster\/","url":"https:\/\/cheznu.tv\/familymanagement\/produkt\/dokumentenmappe-mit-trenner-schnittmuster\/","name":"Dokumentenmappe A4 mit Trenner | Schnittmuster","isPartOf":{"@id":"https:\/\/cheznu.tv\/familymanagement\/#website"},"primaryImageOfPage":{"@id":"https:\/\/cheznu.tv\/familymanagement\/produkt\/dokumentenmappe-mit-trenner-schnittmuster\/#primaryimage"},"image":{"@id":"https:\/\/cheznu.tv\/familymanagement\/produkt\/dokumentenmappe-mit-trenner-schnittmuster\/#primaryimage"},"thumbnailUrl":"https:\/\/cheznu.tv\/familymanagement\/wp-content\/uploads\/2016\/10\/Din_A4_Dokumenten-Mappe_naehen_fuer_Anfaenger_1_gratis_Schnittmuster.png","datePublished":"2016-10-17T08:13:55+00:00","dateModified":"2023-06-13T15:16:20+00:00","description":"Einfache Mappe f\u00fcr A4-grosse Dokumente. Die Mappe hat einen Trenner innen und ist sehr einfach zu n\u00e4hen. Gratis Schnittmuster zum Download.","breadcrumb":{"@id":"https:\/\/cheznu.tv\/familymanagement\/produkt\/dokumentenmappe-mit-trenner-schnittmuster\/#breadcrumb"},"inLanguage":"de","potentialAction":[{"@type":"ReadAction","target":["https:\/\/cheznu.tv\/familymanagement\/produkt\/dokumentenmappe-mit-trenner-schnittmuster\/"]}]},{"@type":"ImageObject","inLanguage":"de","@id":"https:\/\/cheznu.tv\/familymanagement\/produkt\/dokumentenmappe-mit-trenner-schnittmuster\/#primaryimage","url":"https:\/\/cheznu.tv\/familymanagement\/wp-content\/uploads\/2016\/10\/Din_A4_Dokumenten-Mappe_naehen_fuer_Anfaenger_1_gratis_Schnittmuster.png","contentUrl":"https:\/\/cheznu.tv\/familymanagement\/wp-content\/uploads\/2016\/10\/Din_A4_Dokumenten-Mappe_naehen_fuer_Anfaenger_1_gratis_Schnittmuster.png","width":800,"height":800,"caption":"Din A4 Dokumenten-Mappe n\u00e4hen mit gratis Schnittmuster"},{"@type":"BreadcrumbList","@id":"https:\/\/cheznu.tv\/familymanagement\/produkt\/dokumentenmappe-mit-trenner-schnittmuster\/#breadcrumb","itemListElement":[{"@type":"ListItem","position":1,"name":"Startseite","item":"https:\/\/cheznu.tv\/familymanagement\/"},{"@type":"ListItem","position":2,"name":"Shop","item":"https:\/\/cheznu.tv\/familymanagement\/shop\/"},{"@type":"ListItem","position":3,"name":"Dokumentenmappe A4 mit Trenner | Schnittmuster zum Ausdrucken"}]},{"@type":"WebSite","@id":"https:\/\/cheznu.tv\/familymanagement\/#website","url":"https:\/\/cheznu.tv\/familymanagement\/","name":"ChezNU.TV","description":"N\u00e4hen | Basteln | Haushalt | Familie","potentialAction":[{"@type":"SearchAction","target":{"@type":"EntryPoint","urlTemplate":"https:\/\/cheznu.tv\/familymanagement\/?s={search_term_string}"},"query-input":{"@type":"PropertyValueSpecification","valueRequired":true,"valueName":"search_term_string"}}],"inLanguage":"de"}]}},"_links":{"self":[{"href":"https:\/\/cheznu.tv\/familymanagement\/wp-json\/wp\/v2\/product\/3793","targetHints":{"allow":["GET"]}}],"collection":[{"href":"https:\/\/cheznu.tv\/familymanagement\/wp-json\/wp\/v2\/product"}],"about":[{"href":"https:\/\/cheznu.tv\/familymanagement\/wp-json\/wp\/v2\/types\/product"}],"replies":[{"embeddable":true,"href":"https:\/\/cheznu.tv\/familymanagement\/wp-json\/wp\/v2\/comments?post=3793"}],"wp:featuredmedia":[{"embeddable":true,"href":"https:\/\/cheznu.tv\/familymanagement\/wp-json\/wp\/v2\/media\/8757"}],"wp:attachment":[{"href":"https:\/\/cheznu.tv\/familymanagement\/wp-json\/wp\/v2\/media?parent=3793"}],"wp:term":[{"taxonomy":"product_brand","embeddable":true,"href":"https:\/\/cheznu.tv\/familymanagement\/wp-json\/wp\/v2\/product_brand?post=3793"},{"taxonomy":"product_cat","embeddable":true,"href":"https:\/\/cheznu.tv\/familymanagement\/wp-json\/wp\/v2\/product_cat?post=3793"},{"taxonomy":"product_tag","embeddable":true,"href":"https:\/\/cheznu.tv\/familymanagement\/wp-json\/wp\/v2\/product_tag?post=3793"}],"curies":[{"name":"wp","href":"https:\/\/api.w.org\/{rel}","templated":true}]}}