{"id":3333,"date":"2016-08-31T10:20:18","date_gmt":"2016-08-31T08:20:18","guid":{"rendered":"http:\/\/cheznu.tv\/familymanagement\/produkt\/lockenmuetze-locken-ohne-hitze-schnittmuster\/"},"modified":"2023-06-13T17:20:45","modified_gmt":"2023-06-13T15:20:45","slug":"lockenmuetze-locken-ohne-hitze-schnittmuster","status":"publish","type":"product","link":"https:\/\/cheznu.tv\/familymanagement\/produkt\/lockenmuetze-locken-ohne-hitze-schnittmuster\/","title":{"rendered":"Lockenm\u00fctze f\u00fcr Locken ohne Hitze | Schnittmuster zum Ausdrucken"},"content":{"rendered":"<p>Diese M\u00fctze ist nicht nur zum Locken machen geeignet. Sie ist auch super f\u00fcr alle, die lange Haare haben. Egal ob nach dem Schwimmbad oder zu Hause mit der Lockenm\u00fctze sind die Haare aufger\u00e4umt, der Kopf wird nicht kalt und die Erk\u00e4ltung hat keine Chance. Daher ist die Locken-M\u00fctze besonders geeignet f\u00fcr Schulkinder, die Schwimmunterricht haben, aber nicht immer gen\u00fcgend Zeit zum f\u00f6hnen.<\/p>\n<p>Die N\u00e4hanleitung mit vielen Bildern sowie das\u00a0\u00a0Anleitungsvideo findest Du hier:<\/p>\n<p><a href=\"http:\/\/cheznu.tv\/familymanagement\/lockenmuetze-naehen-fuer-locken-ohne-hitze\/\">Lockenm\u00fctze n\u00e4hen f\u00fcr Locken ohne Hitze Anleitung und Tutorial<\/a><\/p>\n<p><a href='https:\/\/www.spoonflower.com\/profiles\/cheznu_tv' target='_blank' title='Spoonflower-Shop mit den ChezNU-Designs'>Unseren neuen Spoonflower-Shop mit Stoffen im ChezNU-Design findest Du hier.<\/a><\/p><p>Neben dem Schnittmuster \/ Schema \/ Anleitung \/ Plotterdatei erh\u00e4ltst Du als Teil der erworbenen Leistung (gilt auch f\u00fcr kostenlose Produkte) auch unseren kostenlosen Newsletter \u201eSchnittmuster-Alarm\u201c. Im Schnittmuster-Alarm informieren wir haupts\u00e4chlich, aber nicht ausschliesslich \u00fcber neue Schnittmuster, Anleitungen, DIY-Projekte, Angebote in unserem Shop, Angebote in anderen Shops, Materialbezugsquellen und allem was irgendwie mit N\u00e4hen, H\u00e4keln, Basteln, Stricken, Upcycling, Organisation und Familie zu tun hat.<\/p><p>Nach Deiner Bestellung erh\u00e4ltst Du die E-Mails automatisch. Du kannst sie allerdings jederzeit und ohne Angabe von Gr\u00fcnden \u00fcber den Link am Ende jeder E-Mail abbestellen.<br>\n\tDie Transparenzerkl\u00e4rung zu unserem Schnittmuster-Alarm findest Du <a title='Transparenzerkl\u00e4rung' href='https:\/\/cheznu.tv\/familymanagement\/transparenzerklaerung-zum-schnittmuster-alarm-newsletter\/' target='_blank'>hier<\/a><\/p>\n<h4><strong>Zum Schnittmuster<\/strong><\/h4>\n<p>Das Schnittmuster kommt als PDF und kann auf A4-Papier (Standard) ausgedruckt und dann zusammengeklebt werden.<br \/>\nSo entf\u00e4llt das l\u00e4stige Schnittmuster kopieren mit teurem Seidenpapier. Das Schnittmuster kann nach dem Zusammenkleben direkt ausgeschnitten werden.<\/p>\n<p>Bitte beachte, die richtigen Druckoptionen einzustellen. Das funktioniert genauso, wie bei Burda.<br \/>\n<a href=\"http:\/\/cheznu.tv\/familymanagement\/burda-schnittmuster-ausdrucken\/\">Burda Schnittmuster Ausdrucken.<\/a><\/p>\n<p>Wie das mit dem Zusammenkleben funktioniert haben wir hier kurz erkl\u00e4rt.<br \/>\n<a href=\"http:\/\/cheznu.tv\/familymanagement\/so-gehts\/\">So geht\u00b4s<\/a>.<\/p>\n<p>Unsere <a href=\"http:\/\/cheznu.tv\/familymanagement\/Frottee-Stretch\" target=\"_blank\" rel=\"noopener\">Stoffempfehlung<\/a> f\u00fcr dieses Projekt.<\/p>\n<p>Dieser Schnitt darf zu privaten Zwecken und zur Fertigung von Einzelst\u00fccken\/Kleinserien (bis 5 Modelle) unter Nennung der Herkunft verwendet werden (ChezNU.TV). Massenproduktion der fertigen Ware sowie Kopieren, Weitergabe, Abdruck oder Ver\u00f6ffentlichung (auch teilweise) des Schnittmusters ist bedarf der schriftlichen Genehmigung. Wenn Du Dir nicht sicher bist, schreibe uns einfach kurz eine <a href=\"mailto:nu@cheznu.tv\">E-Mail<\/a>.<\/p>\n","protected":false},"excerpt":{"rendered":"<p>Das Schnittmuster f\u00fcr eine einfache\u00a0M\u00fctze aus elastischem Frottee. F\u00fcr Erwachsene und Kinder.<\/p>\n<p>Wer Naturlocken hat, kann diese \u00fcber Nacht mit der M\u00fctze aufpeppen. Auch f\u00fcr nach dem Schwimmen oder dem Schwimmunterricht in der Schule ist diese M\u00fctze &#8211; nicht nur im Winter &#8211; Gold wert.<\/p>\n","protected":false},"featured_media":8698,"comment_status":"open","ping_status":"closed","template":"","meta":[],"product_brand":[],"product_cat":[809,821,822,810,823,811],"product_tag":[806,807,820],"class_list":{"0":"post-3333","1":"product","2":"type-product","3":"status-publish","4":"has-post-thumbnail","6":"product_cat-accessories","7":"product_cat-bluse","8":"product_cat-kleidung","9":"product_cat-naehen","10":"product_cat-oberteil","11":"product_cat-schnittmuster","12":"product_tag-ausdrucken","13":"product_tag-schnittmuster","14":"product_tag-tunika","16":"first","17":"instock","18":"downloadable","19":"virtual","20":"purchasable","21":"product-type-simple"},"yoast_head":"<!-- This site is optimized with the Yoast SEO plugin v27.6 - https:\/\/yoast.com\/product\/yoast-seo-wordpress\/ -->\n<title>Lockenm\u00fctze f\u00fcr Locken ohne Hitze | Schnittmuster zum Ausdrucken<\/title>\n<meta name=\"description\" content=\"Das Schnittmuster f\u00fcr eine Lockenm\u00fctze aus elastischem Frottee. F\u00fcr Erwachsene und Kinder. Auch Naturlocken kann man mit ihr aufpeppen.\" \/>\n<meta name=\"robots\" content=\"index, follow, max-snippet:-1, max-image-preview:large, max-video-preview:-1\" \/>\n<link rel=\"canonical\" href=\"https:\/\/cheznu.tv\/familymanagement\/produkt\/lockenmuetze-locken-ohne-hitze-schnittmuster\/\" \/>\n<meta property=\"og:locale\" content=\"de_DE\" \/>\n<meta property=\"og:type\" content=\"article\" \/>\n<meta property=\"og:title\" content=\"Lockenm\u00fctze f\u00fcr Locken ohne Hitze | Schnittmuster zum Ausdrucken\" \/>\n<meta property=\"og:description\" content=\"Das Schnittmuster f\u00fcr eine Lockenm\u00fctze aus elastischem Frottee. F\u00fcr Erwachsene und Kinder. Auch Naturlocken kann man mit ihr aufpeppen.\" \/>\n<meta property=\"og:url\" content=\"https:\/\/cheznu.tv\/familymanagement\/produkt\/lockenmuetze-locken-ohne-hitze-schnittmuster\/\" \/>\n<meta property=\"og:site_name\" content=\"ChezNU.TV\" \/>\n<meta property=\"article:publisher\" content=\"https:\/\/www.facebook.com\/cheznutv\/\" \/>\n<meta property=\"article:modified_time\" content=\"2023-06-13T15:20:45+00:00\" \/>\n<meta property=\"og:image\" content=\"https:\/\/cheznu.tv\/familymanagement\/wp-content\/uploads\/2016\/08\/Lockenmuetze_naehen_ausgeklappt_Locken_ohne_Hitze_ueber_Nacht-1.png\" \/>\n\t<meta property=\"og:image:width\" content=\"600\" \/>\n\t<meta property=\"og:image:height\" content=\"400\" \/>\n\t<meta property=\"og:image:type\" content=\"image\/png\" \/>\n<meta name=\"twitter:card\" content=\"summary_large_image\" \/>\n<meta name=\"twitter:site\" content=\"@cheznu_family\" \/>\n<meta name=\"twitter:label1\" content=\"Gesch\u00e4tzte Lesezeit\" \/>\n\t<meta name=\"twitter:data1\" content=\"2\u00a0Minuten\" \/>\n<script type=\"application\/ld+json\" class=\"yoast-schema-graph\">{\"@context\":\"https:\\\/\\\/schema.org\",\"@graph\":[{\"@type\":\"WebPage\",\"@id\":\"https:\\\/\\\/cheznu.tv\\\/familymanagement\\\/produkt\\\/lockenmuetze-locken-ohne-hitze-schnittmuster\\\/\",\"url\":\"https:\\\/\\\/cheznu.tv\\\/familymanagement\\\/produkt\\\/lockenmuetze-locken-ohne-hitze-schnittmuster\\\/\",\"name\":\"Lockenm\u00fctze f\u00fcr Locken ohne Hitze | Schnittmuster zum Ausdrucken\",\"isPartOf\":{\"@id\":\"https:\\\/\\\/cheznu.tv\\\/familymanagement\\\/#website\"},\"primaryImageOfPage\":{\"@id\":\"https:\\\/\\\/cheznu.tv\\\/familymanagement\\\/produkt\\\/lockenmuetze-locken-ohne-hitze-schnittmuster\\\/#primaryimage\"},\"image\":{\"@id\":\"https:\\\/\\\/cheznu.tv\\\/familymanagement\\\/produkt\\\/lockenmuetze-locken-ohne-hitze-schnittmuster\\\/#primaryimage\"},\"thumbnailUrl\":\"https:\\\/\\\/cheznu.tv\\\/familymanagement\\\/wp-content\\\/uploads\\\/2016\\\/08\\\/Lockenmuetze_naehen_ausgeklappt_Locken_ohne_Hitze_ueber_Nacht-1.png\",\"datePublished\":\"2016-08-31T08:20:18+00:00\",\"dateModified\":\"2023-06-13T15:20:45+00:00\",\"description\":\"Das Schnittmuster f\u00fcr eine Lockenm\u00fctze aus elastischem Frottee. F\u00fcr Erwachsene und Kinder. Auch Naturlocken kann man mit ihr aufpeppen.\",\"breadcrumb\":{\"@id\":\"https:\\\/\\\/cheznu.tv\\\/familymanagement\\\/produkt\\\/lockenmuetze-locken-ohne-hitze-schnittmuster\\\/#breadcrumb\"},\"inLanguage\":\"de\",\"potentialAction\":[{\"@type\":\"ReadAction\",\"target\":[\"https:\\\/\\\/cheznu.tv\\\/familymanagement\\\/produkt\\\/lockenmuetze-locken-ohne-hitze-schnittmuster\\\/\"]}]},{\"@type\":\"ImageObject\",\"inLanguage\":\"de\",\"@id\":\"https:\\\/\\\/cheznu.tv\\\/familymanagement\\\/produkt\\\/lockenmuetze-locken-ohne-hitze-schnittmuster\\\/#primaryimage\",\"url\":\"https:\\\/\\\/cheznu.tv\\\/familymanagement\\\/wp-content\\\/uploads\\\/2016\\\/08\\\/Lockenmuetze_naehen_ausgeklappt_Locken_ohne_Hitze_ueber_Nacht-1.png\",\"contentUrl\":\"https:\\\/\\\/cheznu.tv\\\/familymanagement\\\/wp-content\\\/uploads\\\/2016\\\/08\\\/Lockenmuetze_naehen_ausgeklappt_Locken_ohne_Hitze_ueber_Nacht-1.png\",\"width\":600,\"height\":400,\"caption\":\"Lockenm\u00fctze Schnittmuster - Lockenm\u00fctze ausgeklappt - Locken ohne Hitze - Locken \u00fcber Nacht\"},{\"@type\":\"BreadcrumbList\",\"@id\":\"https:\\\/\\\/cheznu.tv\\\/familymanagement\\\/produkt\\\/lockenmuetze-locken-ohne-hitze-schnittmuster\\\/#breadcrumb\",\"itemListElement\":[{\"@type\":\"ListItem\",\"position\":1,\"name\":\"Startseite\",\"item\":\"https:\\\/\\\/cheznu.tv\\\/familymanagement\\\/\"},{\"@type\":\"ListItem\",\"position\":2,\"name\":\"Shop\",\"item\":\"https:\\\/\\\/cheznu.tv\\\/familymanagement\\\/shop\\\/\"},{\"@type\":\"ListItem\",\"position\":3,\"name\":\"Lockenm\u00fctze f\u00fcr Locken ohne Hitze | Schnittmuster zum Ausdrucken\"}]},{\"@type\":\"WebSite\",\"@id\":\"https:\\\/\\\/cheznu.tv\\\/familymanagement\\\/#website\",\"url\":\"https:\\\/\\\/cheznu.tv\\\/familymanagement\\\/\",\"name\":\"ChezNU.TV\",\"description\":\"N\u00e4hen | Basteln | Haushalt | Familie\",\"potentialAction\":[{\"@type\":\"SearchAction\",\"target\":{\"@type\":\"EntryPoint\",\"urlTemplate\":\"https:\\\/\\\/cheznu.tv\\\/familymanagement\\\/?s={search_term_string}\"},\"query-input\":{\"@type\":\"PropertyValueSpecification\",\"valueRequired\":true,\"valueName\":\"search_term_string\"}}],\"inLanguage\":\"de\"}]}<\/script>\n<!-- \/ Yoast SEO plugin. -->","yoast_head_json":{"title":"Lockenm\u00fctze f\u00fcr Locken ohne Hitze | Schnittmuster zum Ausdrucken","description":"Das Schnittmuster f\u00fcr eine Lockenm\u00fctze aus elastischem Frottee. F\u00fcr Erwachsene und Kinder. Auch Naturlocken kann man mit ihr aufpeppen.","robots":{"index":"index","follow":"follow","max-snippet":"max-snippet:-1","max-image-preview":"max-image-preview:large","max-video-preview":"max-video-preview:-1"},"canonical":"https:\/\/cheznu.tv\/familymanagement\/produkt\/lockenmuetze-locken-ohne-hitze-schnittmuster\/","og_locale":"de_DE","og_type":"article","og_title":"Lockenm\u00fctze f\u00fcr Locken ohne Hitze | Schnittmuster zum Ausdrucken","og_description":"Das Schnittmuster f\u00fcr eine Lockenm\u00fctze aus elastischem Frottee. F\u00fcr Erwachsene und Kinder. Auch Naturlocken kann man mit ihr aufpeppen.","og_url":"https:\/\/cheznu.tv\/familymanagement\/produkt\/lockenmuetze-locken-ohne-hitze-schnittmuster\/","og_site_name":"ChezNU.TV","article_publisher":"https:\/\/www.facebook.com\/cheznutv\/","article_modified_time":"2023-06-13T15:20:45+00:00","og_image":[{"width":600,"height":400,"url":"https:\/\/cheznu.tv\/familymanagement\/wp-content\/uploads\/2016\/08\/Lockenmuetze_naehen_ausgeklappt_Locken_ohne_Hitze_ueber_Nacht-1.png","type":"image\/png"}],"twitter_card":"summary_large_image","twitter_site":"@cheznu_family","twitter_misc":{"Gesch\u00e4tzte Lesezeit":"2\u00a0Minuten"},"schema":{"@context":"https:\/\/schema.org","@graph":[{"@type":"WebPage","@id":"https:\/\/cheznu.tv\/familymanagement\/produkt\/lockenmuetze-locken-ohne-hitze-schnittmuster\/","url":"https:\/\/cheznu.tv\/familymanagement\/produkt\/lockenmuetze-locken-ohne-hitze-schnittmuster\/","name":"Lockenm\u00fctze f\u00fcr Locken ohne Hitze | Schnittmuster zum Ausdrucken","isPartOf":{"@id":"https:\/\/cheznu.tv\/familymanagement\/#website"},"primaryImageOfPage":{"@id":"https:\/\/cheznu.tv\/familymanagement\/produkt\/lockenmuetze-locken-ohne-hitze-schnittmuster\/#primaryimage"},"image":{"@id":"https:\/\/cheznu.tv\/familymanagement\/produkt\/lockenmuetze-locken-ohne-hitze-schnittmuster\/#primaryimage"},"thumbnailUrl":"https:\/\/cheznu.tv\/familymanagement\/wp-content\/uploads\/2016\/08\/Lockenmuetze_naehen_ausgeklappt_Locken_ohne_Hitze_ueber_Nacht-1.png","datePublished":"2016-08-31T08:20:18+00:00","dateModified":"2023-06-13T15:20:45+00:00","description":"Das Schnittmuster f\u00fcr eine Lockenm\u00fctze aus elastischem Frottee. F\u00fcr Erwachsene und Kinder. Auch Naturlocken kann man mit ihr aufpeppen.","breadcrumb":{"@id":"https:\/\/cheznu.tv\/familymanagement\/produkt\/lockenmuetze-locken-ohne-hitze-schnittmuster\/#breadcrumb"},"inLanguage":"de","potentialAction":[{"@type":"ReadAction","target":["https:\/\/cheznu.tv\/familymanagement\/produkt\/lockenmuetze-locken-ohne-hitze-schnittmuster\/"]}]},{"@type":"ImageObject","inLanguage":"de","@id":"https:\/\/cheznu.tv\/familymanagement\/produkt\/lockenmuetze-locken-ohne-hitze-schnittmuster\/#primaryimage","url":"https:\/\/cheznu.tv\/familymanagement\/wp-content\/uploads\/2016\/08\/Lockenmuetze_naehen_ausgeklappt_Locken_ohne_Hitze_ueber_Nacht-1.png","contentUrl":"https:\/\/cheznu.tv\/familymanagement\/wp-content\/uploads\/2016\/08\/Lockenmuetze_naehen_ausgeklappt_Locken_ohne_Hitze_ueber_Nacht-1.png","width":600,"height":400,"caption":"Lockenm\u00fctze Schnittmuster - Lockenm\u00fctze ausgeklappt - Locken ohne Hitze - Locken \u00fcber Nacht"},{"@type":"BreadcrumbList","@id":"https:\/\/cheznu.tv\/familymanagement\/produkt\/lockenmuetze-locken-ohne-hitze-schnittmuster\/#breadcrumb","itemListElement":[{"@type":"ListItem","position":1,"name":"Startseite","item":"https:\/\/cheznu.tv\/familymanagement\/"},{"@type":"ListItem","position":2,"name":"Shop","item":"https:\/\/cheznu.tv\/familymanagement\/shop\/"},{"@type":"ListItem","position":3,"name":"Lockenm\u00fctze f\u00fcr Locken ohne Hitze | Schnittmuster zum Ausdrucken"}]},{"@type":"WebSite","@id":"https:\/\/cheznu.tv\/familymanagement\/#website","url":"https:\/\/cheznu.tv\/familymanagement\/","name":"ChezNU.TV","description":"N\u00e4hen | Basteln | Haushalt | Familie","potentialAction":[{"@type":"SearchAction","target":{"@type":"EntryPoint","urlTemplate":"https:\/\/cheznu.tv\/familymanagement\/?s={search_term_string}"},"query-input":{"@type":"PropertyValueSpecification","valueRequired":true,"valueName":"search_term_string"}}],"inLanguage":"de"}]}},"_links":{"self":[{"href":"https:\/\/cheznu.tv\/familymanagement\/wp-json\/wp\/v2\/product\/3333","targetHints":{"allow":["GET"]}}],"collection":[{"href":"https:\/\/cheznu.tv\/familymanagement\/wp-json\/wp\/v2\/product"}],"about":[{"href":"https:\/\/cheznu.tv\/familymanagement\/wp-json\/wp\/v2\/types\/product"}],"replies":[{"embeddable":true,"href":"https:\/\/cheznu.tv\/familymanagement\/wp-json\/wp\/v2\/comments?post=3333"}],"wp:featuredmedia":[{"embeddable":true,"href":"https:\/\/cheznu.tv\/familymanagement\/wp-json\/wp\/v2\/media\/8698"}],"wp:attachment":[{"href":"https:\/\/cheznu.tv\/familymanagement\/wp-json\/wp\/v2\/media?parent=3333"}],"wp:term":[{"taxonomy":"product_brand","embeddable":true,"href":"https:\/\/cheznu.tv\/familymanagement\/wp-json\/wp\/v2\/product_brand?post=3333"},{"taxonomy":"product_cat","embeddable":true,"href":"https:\/\/cheznu.tv\/familymanagement\/wp-json\/wp\/v2\/product_cat?post=3333"},{"taxonomy":"product_tag","embeddable":true,"href":"https:\/\/cheznu.tv\/familymanagement\/wp-json\/wp\/v2\/product_tag?post=3333"}],"curies":[{"name":"wp","href":"https:\/\/api.w.org\/{rel}","templated":true}]}}