{"id":26727,"date":"2020-01-19T10:41:28","date_gmt":"2020-01-19T09:41:28","guid":{"rendered":"https:\/\/cheznu.tv\/familymanagement\/?post_type=product&#038;p=26727"},"modified":"2023-12-01T00:00:11","modified_gmt":"2023-11-30T23:00:11","slug":"raglan-shirt-ilva-schnittmuster","status":"publish","type":"product","link":"https:\/\/cheznu.tv\/familymanagement\/produkt\/raglan-shirt-ilva-schnittmuster\/","title":{"rendered":"Raglan-Shirt Ilva | Schnittmuster in Gr\u00f6sse 36-52 zum Audrucken"},"content":{"rendered":"<p>Die N\u00e4hanleitung mit Video f\u00fcr das Raglan-Shirt Ilva findest Du hier:<\/p>\n<p><a href=\"https:\/\/cheznu.tv\/familymanagement\/shirt-naehen-fuer-anfaenger-raglan-shirt-einfach-naehen\/\">Shirt n\u00e4hen f\u00fcr Anf\u00e4nger | Raglan Shirt einfach n\u00e4hen<\/a><\/p>\n<p><a href='https:\/\/www.spoonflower.com\/profiles\/cheznu_tv' target='_blank' title='Spoonflower-Shop mit den ChezNU-Designs'>Unseren neuen Spoonflower-Shop mit Stoffen im ChezNU-Design findest Du hier.<\/a><\/p><p>Neben dem Schnittmuster \/ Schema \/ Anleitung \/ Plotterdatei erh\u00e4ltst Du als Teil der erworbenen Leistung (gilt auch f\u00fcr kostenlose Produkte) auch unseren kostenlosen Newsletter \u201eSchnittmuster-Alarm\u201c. Im Schnittmuster-Alarm informieren wir haupts\u00e4chlich, aber nicht ausschliesslich \u00fcber neue Schnittmuster, Anleitungen, DIY-Projekte, Angebote in unserem Shop, Angebote in anderen Shops, Materialbezugsquellen und allem was irgendwie mit N\u00e4hen, H\u00e4keln, Basteln, Stricken, Upcycling, Organisation und Familie zu tun hat.<\/p><p>Nach Deiner Bestellung erh\u00e4ltst Du die E-Mails automatisch. Du kannst sie allerdings jederzeit und ohne Angabe von Gr\u00fcnden \u00fcber den Link am Ende jeder E-Mail abbestellen.<br>\n\tDie Transparenzerkl\u00e4rung zu unserem Schnittmuster-Alarm findest Du <a title='Transparenzerkl\u00e4rung' href='https:\/\/cheznu.tv\/familymanagement\/transparenzerklaerung-zum-schnittmuster-alarm-newsletter\/' target='_blank'>hier<\/a><\/p>\n<p>Das Schnittmuster kommt als PDF und kann auf A4-Papier (Standard) ausgedruckt und dann zusammengeklebt werden.<br \/>\nSo entf\u00e4llt das l\u00e4stige Schnittmuster kopieren mit teurem Seidenpapier. Das Schnittmuster kann nach dem Zusammenkleben direkt ausgeschnitten werden.<\/p>\n<p>Bitte beachte, die richtigen Druckoptionen einzustellen. Das funktioniert genauso, wie bei Burda.<br \/>\n<a href=\"http:\/\/cheznu.tv\/familymanagement\/burda-schnittmuster-ausdrucken\/\">Burda Schnittmuster Ausdrucken.<\/a><\/p>\n<p>Wie das mit dem Zusammenkleben funktioniert haben wir hier kurz erkl\u00e4rt.<br \/>\n<a href=\"http:\/\/cheznu.tv\/familymanagement\/so-gehts\/\">So geht\u00b4s<\/a>.<\/p>\n<p><a href=\"http:\/\/cheznu.tv\/familymanagement\/wp-content\/uploads\/2018\/01\/ChezNU-Groessentabelle_fuer_Damen.pdf\" target=\"_blank\" rel=\"noopener noreferrer\">Die Gr\u00f6ssetabelle mit den Massen f\u00fcr Damen findest Du hier.<\/a><\/p>\n<p>Dieser Schnitt darf zu privaten Zwecken und zur Fertigung von Einzelst\u00fccken\/Kleinserien (bis 5 Modelle) unter Nennung der Herkunft verwendet werden (ChezNU.TV). Massenproduktion der fertigen Ware sowie Kopieren, Weitergabe, Abdruck oder Ver\u00f6ffentlichung (auch teilweise) des Schnittmusters ist bedarf der schriftlichen Genehmigung. Wenn Du Dir nicht sicher bist, schreibe uns einfach kurz eine <a href=\"mailto:nu@cheznu.tv\">E-Mail.<\/a><\/p>\n","protected":false},"excerpt":{"rendered":"<p>Schnittmuster f\u00fcr ein einfaches Raglan-Shirt in den Gr\u00f6ssen 36-52 mit detailliertem Anleitungsvideo. So n\u00e4hst Du einfach ein Raglan-Shirt selbst. Mit dem passenden Stoff und unserer <a href=\"https:\/\/cheznu.tv\/familymanagement\/produkt\/norweger-borten-plotterdatei\/\">Norweger-Borte<\/a> sieht es dann aus, wie ein Norweger-Pullover, nur eben nicht gestrickt, sondern gen\u00e4ht.<\/p>\n<p>Fragen zum Schnittmuster? <a href=\"mailto:schnittmuster@cheznu.tv\">Schreib uns an schnittmuster@cheznu.tv<\/a><\/p>\n","protected":false},"featured_media":26729,"comment_status":"open","ping_status":"closed","template":"","meta":[],"product_brand":[],"product_cat":[822,810,823,811,851],"product_tag":[806,1483,1477,1478,1515,1516,807,1482,1484],"class_list":{"0":"post-26727","1":"product","2":"type-product","3":"status-publish","4":"has-post-thumbnail","6":"product_cat-kleidung","7":"product_cat-naehen","8":"product_cat-oberteil","9":"product_cat-schnittmuster","10":"product_cat-weihnachten","11":"product_tag-ausdrucken","12":"product_tag-langarm","13":"product_tag-norweger","14":"product_tag-norweger-pullover","15":"product_tag-raglan","16":"product_tag-raglan-shirt","17":"product_tag-schnittmuster","18":"product_tag-shirt","19":"product_tag-t-shirt","21":"first","22":"instock","23":"downloadable","24":"virtual","25":"purchasable","26":"product-type-simple"},"yoast_head":"<!-- This site is optimized with the Yoast SEO plugin v27.5 - https:\/\/yoast.com\/product\/yoast-seo-wordpress\/ -->\n<title>Raglan-Shirt Ilva | Schnittmuster in Gr\u00f6sse 36-52 zum Audrucken<\/title>\n<meta name=\"description\" content=\"Schnittmuster f\u00fcr ein einfaches Raglan-Shirt in den Gr\u00f6ssen 36-52 mit detailliertem Anleitungsvideo. So n\u00e4hst Du einfach ein Raglan-Shirt.\" \/>\n<meta name=\"robots\" content=\"index, follow, max-snippet:-1, max-image-preview:large, max-video-preview:-1\" \/>\n<link rel=\"canonical\" href=\"https:\/\/cheznu.tv\/familymanagement\/produkt\/raglan-shirt-ilva-schnittmuster\/\" \/>\n<meta property=\"og:locale\" content=\"de_DE\" \/>\n<meta property=\"og:type\" content=\"article\" \/>\n<meta property=\"og:title\" content=\"Raglan-Shirt Ilva | Schnittmuster in Gr\u00f6sse 36-52 zum Audrucken\" \/>\n<meta property=\"og:description\" content=\"Schnittmuster f\u00fcr ein einfaches Raglan-Shirt in den Gr\u00f6ssen 36-52 mit detailliertem Anleitungsvideo. So n\u00e4hst Du einfach ein Raglan-Shirt selbst. Mit dem passenden Stoff und unserer Norweger-Borte sieht es dann aus, wie ein Norweger-Pullover, nur eben nicht gestrickt, sondern gen\u00e4ht.\" \/>\n<meta property=\"og:url\" content=\"https:\/\/cheznu.tv\/familymanagement\/produkt\/raglan-shirt-ilva-schnittmuster\/\" \/>\n<meta property=\"og:site_name\" content=\"ChezNU.TV\" \/>\n<meta property=\"article:publisher\" content=\"https:\/\/www.facebook.com\/cheznutv\/\" \/>\n<meta property=\"article:modified_time\" content=\"2023-11-30T23:00:11+00:00\" \/>\n<meta property=\"og:image\" content=\"https:\/\/cheznu.tv\/familymanagement\/wp-content\/uploads\/2020\/01\/Reglan-Shirt-einfach-n\u00e4hen-2.jpg\" \/>\n\t<meta property=\"og:image:width\" content=\"1200\" \/>\n\t<meta property=\"og:image:height\" content=\"630\" \/>\n\t<meta property=\"og:image:type\" content=\"image\/jpeg\" \/>\n<meta name=\"twitter:card\" content=\"summary_large_image\" \/>\n<meta name=\"twitter:site\" content=\"@cheznu_family\" \/>\n<meta name=\"twitter:label1\" content=\"Gesch\u00e4tzte Lesezeit\" \/>\n\t<meta name=\"twitter:data1\" content=\"1\u00a0Minute\" \/>\n<script type=\"application\/ld+json\" class=\"yoast-schema-graph\">{\"@context\":\"https:\\\/\\\/schema.org\",\"@graph\":[{\"@type\":\"WebPage\",\"@id\":\"https:\\\/\\\/cheznu.tv\\\/familymanagement\\\/produkt\\\/raglan-shirt-ilva-schnittmuster\\\/\",\"url\":\"https:\\\/\\\/cheznu.tv\\\/familymanagement\\\/produkt\\\/raglan-shirt-ilva-schnittmuster\\\/\",\"name\":\"Raglan-Shirt Ilva | Schnittmuster in Gr\u00f6sse 36-52 zum Audrucken\",\"isPartOf\":{\"@id\":\"https:\\\/\\\/cheznu.tv\\\/familymanagement\\\/#website\"},\"primaryImageOfPage\":{\"@id\":\"https:\\\/\\\/cheznu.tv\\\/familymanagement\\\/produkt\\\/raglan-shirt-ilva-schnittmuster\\\/#primaryimage\"},\"image\":{\"@id\":\"https:\\\/\\\/cheznu.tv\\\/familymanagement\\\/produkt\\\/raglan-shirt-ilva-schnittmuster\\\/#primaryimage\"},\"thumbnailUrl\":\"https:\\\/\\\/cheznu.tv\\\/familymanagement\\\/wp-content\\\/uploads\\\/2020\\\/01\\\/Reglan-Shirt-Ilva-Tragebild-b-frontal.jpg\",\"datePublished\":\"2020-01-19T09:41:28+00:00\",\"dateModified\":\"2023-11-30T23:00:11+00:00\",\"description\":\"Schnittmuster f\u00fcr ein einfaches Raglan-Shirt in den Gr\u00f6ssen 36-52 mit detailliertem Anleitungsvideo. So n\u00e4hst Du einfach ein Raglan-Shirt.\",\"breadcrumb\":{\"@id\":\"https:\\\/\\\/cheznu.tv\\\/familymanagement\\\/produkt\\\/raglan-shirt-ilva-schnittmuster\\\/#breadcrumb\"},\"inLanguage\":\"de\",\"potentialAction\":[{\"@type\":\"ReadAction\",\"target\":[\"https:\\\/\\\/cheznu.tv\\\/familymanagement\\\/produkt\\\/raglan-shirt-ilva-schnittmuster\\\/\"]}]},{\"@type\":\"ImageObject\",\"inLanguage\":\"de\",\"@id\":\"https:\\\/\\\/cheznu.tv\\\/familymanagement\\\/produkt\\\/raglan-shirt-ilva-schnittmuster\\\/#primaryimage\",\"url\":\"https:\\\/\\\/cheznu.tv\\\/familymanagement\\\/wp-content\\\/uploads\\\/2020\\\/01\\\/Reglan-Shirt-Ilva-Tragebild-b-frontal.jpg\",\"contentUrl\":\"https:\\\/\\\/cheznu.tv\\\/familymanagement\\\/wp-content\\\/uploads\\\/2020\\\/01\\\/Reglan-Shirt-Ilva-Tragebild-b-frontal.jpg\",\"width\":1000,\"height\":1000,\"caption\":\"Raglan-Shirt-Ilva Tragebild b frontal\"},{\"@type\":\"BreadcrumbList\",\"@id\":\"https:\\\/\\\/cheznu.tv\\\/familymanagement\\\/produkt\\\/raglan-shirt-ilva-schnittmuster\\\/#breadcrumb\",\"itemListElement\":[{\"@type\":\"ListItem\",\"position\":1,\"name\":\"Startseite\",\"item\":\"https:\\\/\\\/cheznu.tv\\\/familymanagement\\\/\"},{\"@type\":\"ListItem\",\"position\":2,\"name\":\"Shop\",\"item\":\"https:\\\/\\\/cheznu.tv\\\/familymanagement\\\/shop\\\/\"},{\"@type\":\"ListItem\",\"position\":3,\"name\":\"Raglan-Shirt Ilva | Schnittmuster in Gr\u00f6sse 36-52 zum Audrucken\"}]},{\"@type\":\"WebSite\",\"@id\":\"https:\\\/\\\/cheznu.tv\\\/familymanagement\\\/#website\",\"url\":\"https:\\\/\\\/cheznu.tv\\\/familymanagement\\\/\",\"name\":\"ChezNU.TV\",\"description\":\"N\u00e4hen | Basteln | Haushalt | Familie\",\"potentialAction\":[{\"@type\":\"SearchAction\",\"target\":{\"@type\":\"EntryPoint\",\"urlTemplate\":\"https:\\\/\\\/cheznu.tv\\\/familymanagement\\\/?s={search_term_string}\"},\"query-input\":{\"@type\":\"PropertyValueSpecification\",\"valueRequired\":true,\"valueName\":\"search_term_string\"}}],\"inLanguage\":\"de\"}]}<\/script>\n<!-- \/ Yoast SEO plugin. -->","yoast_head_json":{"title":"Raglan-Shirt Ilva | Schnittmuster in Gr\u00f6sse 36-52 zum Audrucken","description":"Schnittmuster f\u00fcr ein einfaches Raglan-Shirt in den Gr\u00f6ssen 36-52 mit detailliertem Anleitungsvideo. So n\u00e4hst Du einfach ein Raglan-Shirt.","robots":{"index":"index","follow":"follow","max-snippet":"max-snippet:-1","max-image-preview":"max-image-preview:large","max-video-preview":"max-video-preview:-1"},"canonical":"https:\/\/cheznu.tv\/familymanagement\/produkt\/raglan-shirt-ilva-schnittmuster\/","og_locale":"de_DE","og_type":"article","og_title":"Raglan-Shirt Ilva | Schnittmuster in Gr\u00f6sse 36-52 zum Audrucken","og_description":"Schnittmuster f\u00fcr ein einfaches Raglan-Shirt in den Gr\u00f6ssen 36-52 mit detailliertem Anleitungsvideo. So n\u00e4hst Du einfach ein Raglan-Shirt selbst. Mit dem passenden Stoff und unserer Norweger-Borte sieht es dann aus, wie ein Norweger-Pullover, nur eben nicht gestrickt, sondern gen\u00e4ht.","og_url":"https:\/\/cheznu.tv\/familymanagement\/produkt\/raglan-shirt-ilva-schnittmuster\/","og_site_name":"ChezNU.TV","article_publisher":"https:\/\/www.facebook.com\/cheznutv\/","article_modified_time":"2023-11-30T23:00:11+00:00","og_image":[{"width":1200,"height":630,"url":"https:\/\/cheznu.tv\/familymanagement\/wp-content\/uploads\/2020\/01\/Reglan-Shirt-einfach-n\u00e4hen-2.jpg","type":"image\/jpeg"}],"twitter_card":"summary_large_image","twitter_site":"@cheznu_family","twitter_misc":{"Gesch\u00e4tzte Lesezeit":"1\u00a0Minute"},"schema":{"@context":"https:\/\/schema.org","@graph":[{"@type":"WebPage","@id":"https:\/\/cheznu.tv\/familymanagement\/produkt\/raglan-shirt-ilva-schnittmuster\/","url":"https:\/\/cheznu.tv\/familymanagement\/produkt\/raglan-shirt-ilva-schnittmuster\/","name":"Raglan-Shirt Ilva | Schnittmuster in Gr\u00f6sse 36-52 zum Audrucken","isPartOf":{"@id":"https:\/\/cheznu.tv\/familymanagement\/#website"},"primaryImageOfPage":{"@id":"https:\/\/cheznu.tv\/familymanagement\/produkt\/raglan-shirt-ilva-schnittmuster\/#primaryimage"},"image":{"@id":"https:\/\/cheznu.tv\/familymanagement\/produkt\/raglan-shirt-ilva-schnittmuster\/#primaryimage"},"thumbnailUrl":"https:\/\/cheznu.tv\/familymanagement\/wp-content\/uploads\/2020\/01\/Reglan-Shirt-Ilva-Tragebild-b-frontal.jpg","datePublished":"2020-01-19T09:41:28+00:00","dateModified":"2023-11-30T23:00:11+00:00","description":"Schnittmuster f\u00fcr ein einfaches Raglan-Shirt in den Gr\u00f6ssen 36-52 mit detailliertem Anleitungsvideo. So n\u00e4hst Du einfach ein Raglan-Shirt.","breadcrumb":{"@id":"https:\/\/cheznu.tv\/familymanagement\/produkt\/raglan-shirt-ilva-schnittmuster\/#breadcrumb"},"inLanguage":"de","potentialAction":[{"@type":"ReadAction","target":["https:\/\/cheznu.tv\/familymanagement\/produkt\/raglan-shirt-ilva-schnittmuster\/"]}]},{"@type":"ImageObject","inLanguage":"de","@id":"https:\/\/cheznu.tv\/familymanagement\/produkt\/raglan-shirt-ilva-schnittmuster\/#primaryimage","url":"https:\/\/cheznu.tv\/familymanagement\/wp-content\/uploads\/2020\/01\/Reglan-Shirt-Ilva-Tragebild-b-frontal.jpg","contentUrl":"https:\/\/cheznu.tv\/familymanagement\/wp-content\/uploads\/2020\/01\/Reglan-Shirt-Ilva-Tragebild-b-frontal.jpg","width":1000,"height":1000,"caption":"Raglan-Shirt-Ilva Tragebild b frontal"},{"@type":"BreadcrumbList","@id":"https:\/\/cheznu.tv\/familymanagement\/produkt\/raglan-shirt-ilva-schnittmuster\/#breadcrumb","itemListElement":[{"@type":"ListItem","position":1,"name":"Startseite","item":"https:\/\/cheznu.tv\/familymanagement\/"},{"@type":"ListItem","position":2,"name":"Shop","item":"https:\/\/cheznu.tv\/familymanagement\/shop\/"},{"@type":"ListItem","position":3,"name":"Raglan-Shirt Ilva | Schnittmuster in Gr\u00f6sse 36-52 zum Audrucken"}]},{"@type":"WebSite","@id":"https:\/\/cheznu.tv\/familymanagement\/#website","url":"https:\/\/cheznu.tv\/familymanagement\/","name":"ChezNU.TV","description":"N\u00e4hen | Basteln | Haushalt | Familie","potentialAction":[{"@type":"SearchAction","target":{"@type":"EntryPoint","urlTemplate":"https:\/\/cheznu.tv\/familymanagement\/?s={search_term_string}"},"query-input":{"@type":"PropertyValueSpecification","valueRequired":true,"valueName":"search_term_string"}}],"inLanguage":"de"}]}},"_links":{"self":[{"href":"https:\/\/cheznu.tv\/familymanagement\/wp-json\/wp\/v2\/product\/26727","targetHints":{"allow":["GET"]}}],"collection":[{"href":"https:\/\/cheznu.tv\/familymanagement\/wp-json\/wp\/v2\/product"}],"about":[{"href":"https:\/\/cheznu.tv\/familymanagement\/wp-json\/wp\/v2\/types\/product"}],"replies":[{"embeddable":true,"href":"https:\/\/cheznu.tv\/familymanagement\/wp-json\/wp\/v2\/comments?post=26727"}],"wp:featuredmedia":[{"embeddable":true,"href":"https:\/\/cheznu.tv\/familymanagement\/wp-json\/wp\/v2\/media\/26729"}],"wp:attachment":[{"href":"https:\/\/cheznu.tv\/familymanagement\/wp-json\/wp\/v2\/media?parent=26727"}],"wp:term":[{"taxonomy":"product_brand","embeddable":true,"href":"https:\/\/cheznu.tv\/familymanagement\/wp-json\/wp\/v2\/product_brand?post=26727"},{"taxonomy":"product_cat","embeddable":true,"href":"https:\/\/cheznu.tv\/familymanagement\/wp-json\/wp\/v2\/product_cat?post=26727"},{"taxonomy":"product_tag","embeddable":true,"href":"https:\/\/cheznu.tv\/familymanagement\/wp-json\/wp\/v2\/product_tag?post=26727"}],"curies":[{"name":"wp","href":"https:\/\/api.w.org\/{rel}","templated":true}]}}