{"id":2560,"date":"2016-05-20T09:54:10","date_gmt":"2016-05-20T07:54:10","guid":{"rendered":"http:\/\/cheznu.tv\/familymanagement\/produkt\/sporttasche-fuer-maedchen\/"},"modified":"2023-06-14T21:44:48","modified_gmt":"2023-06-14T19:44:48","slug":"sporttasche-fuer-maedchen","status":"publish","type":"product","link":"https:\/\/cheznu.tv\/familymanagement\/produkt\/sporttasche-fuer-maedchen\/","title":{"rendered":"Sporttasche f\u00fcr M\u00e4dchen | Schnittmuster zum Ausdrucken"},"content":{"rendered":"<p>Die N\u00e4hanleitung mit vielen Bildern sowie das\u00a0\u00a0Anleitungsvideo findest Du hier:<\/p>\n<p><a href=\"https:\/\/cheznu.tv\/familymanagement\/sporttasche-fuer-maedchen-ballett-tasche-selbst-gemacht-bestickt\/\">Sporttasche f\u00fcr M\u00e4dchen | Ballett-Tasche | selbst gemacht | bestickt Anleitung und Tutorial<\/a><\/p>\n<p><a href='https:\/\/www.spoonflower.com\/profiles\/cheznu_tv' target='_blank' title='Spoonflower-Shop mit den ChezNU-Designs'>Unseren neuen Spoonflower-Shop mit Stoffen im ChezNU-Design findest Du hier.<\/a><\/p><p>Neben dem Schnittmuster \/ Schema \/ Anleitung \/ Plotterdatei erh\u00e4ltst Du als Teil der erworbenen Leistung (gilt auch f\u00fcr kostenlose Produkte) auch unseren kostenlosen Newsletter \u201eSchnittmuster-Alarm\u201c. Im Schnittmuster-Alarm informieren wir haupts\u00e4chlich, aber nicht ausschliesslich \u00fcber neue Schnittmuster, Anleitungen, DIY-Projekte, Angebote in unserem Shop, Angebote in anderen Shops, Materialbezugsquellen und allem was irgendwie mit N\u00e4hen, H\u00e4keln, Basteln, Stricken, Upcycling, Organisation und Familie zu tun hat.<\/p><p>Nach Deiner Bestellung erh\u00e4ltst Du die E-Mails automatisch. Du kannst sie allerdings jederzeit und ohne Angabe von Gr\u00fcnden \u00fcber den Link am Ende jeder E-Mail abbestellen.<br>\n\tDie Transparenzerkl\u00e4rung zu unserem Schnittmuster-Alarm findest Du <a title='Transparenzerkl\u00e4rung' href='https:\/\/cheznu.tv\/familymanagement\/transparenzerklaerung-zum-schnittmuster-alarm-newsletter\/' target='_blank'>hier<\/a><\/p>\n<p>Das Schnittmuster kommt als PDF und kann auf A4-Papier (Standard) ausgedruckt und dann zusammengeklebt werden.<br \/>\nSo entf\u00e4llt das l\u00e4stige Schnittmuster kopieren mit teurem Seidenpapier. Das Schnittmuster kann nach dem Zusammenkleben direkt ausgeschnitten werden.<\/p>\n<p>Bitte beachte, die richtigen Druckoptionen einzustellen. Das funktioniert genauso, wie bei Burda.<br \/>\n<a href=\"http:\/\/cheznu.tv\/familymanagement\/burda-schnittmuster-ausdrucken\/\">Burda Schnittmuster Ausdrucken.<\/a><\/p>\n<p>Wie das mit dem Zusammenkleben funktioniert haben wir hier kurz erkl\u00e4rt.<br \/>\n<a href=\"http:\/\/cheznu.tv\/familymanagement\/so-gehts\/\">So geht\u00b4s<\/a>.<\/p>\n<p>Dieser Schnitt darf zu privaten Zwecken und zur Fertigung von Einzelst\u00fccken\/Kleinserien (bis 5 Modelle) unter Nennung der Herkunft verwendet werden (ChezNU.TV). Massenproduktion der fertigen Ware sowie Kopieren, Weitergabe, Abdruck oder Ver\u00f6ffentlichung (auch teilweise) des Schnittmusters ist bedarf der schriftlichen Genehmigung. Wenn Du Dir nicht sicher bist, schreibe uns einfach kurz eine <a href=\"mailto:nu@cheznu.tv\">E-Mail<\/a>.<\/p>\n","protected":false},"excerpt":{"rendered":"<p>Die N\u00e4hanleitung mit vielen Bildern sowie das\u00a0\u00a0Anleitungsvideo findest Du hier: Sporttasche f\u00fcr M\u00e4dchen | Ballett-Tasche | selbst gemacht | bestickt Anleitung und Tutorial Das Schnittmuster kommt als PDF und kann  [&#8230;]<\/p>\n","protected":false},"featured_media":8686,"comment_status":"open","ping_status":"closed","template":"","meta":[],"product_brand":[],"product_cat":[809,866,810,811,1565,812],"product_tag":[806,807,808],"class_list":{"0":"post-2560","1":"product","2":"type-product","3":"status-publish","4":"has-post-thumbnail","6":"product_cat-accessories","7":"product_cat-kinder","8":"product_cat-naehen","9":"product_cat-schnittmuster","10":"product_cat-schule","11":"product_cat-tasche","12":"product_tag-ausdrucken","13":"product_tag-schnittmuster","14":"product_tag-tasche","16":"first","17":"instock","18":"downloadable","19":"virtual","20":"purchasable","21":"product-type-simple"},"yoast_head":"<!-- This site is optimized with the Yoast SEO plugin v27.4 - https:\/\/yoast.com\/product\/yoast-seo-wordpress\/ -->\n<title>Sporttasche f\u00fcr M\u00e4dchen | Schnittmuster zum Ausdrucken - ChezNU.TV<\/title>\n<meta name=\"robots\" content=\"index, follow, max-snippet:-1, max-image-preview:large, max-video-preview:-1\" \/>\n<link rel=\"canonical\" href=\"https:\/\/cheznu.tv\/familymanagement\/produkt\/sporttasche-fuer-maedchen\/\" \/>\n<meta property=\"og:locale\" content=\"de_DE\" \/>\n<meta property=\"og:type\" content=\"article\" \/>\n<meta property=\"og:title\" content=\"Sporttasche f\u00fcr M\u00e4dchen | Schnittmuster zum Ausdrucken - ChezNU.TV\" \/>\n<meta property=\"og:description\" content=\"Die N\u00e4hanleitung mit vielen Bildern sowie das\u00a0\u00a0Anleitungsvideo findest Du hier: Sporttasche f\u00fcr M\u00e4dchen | Ballett-Tasche | selbst gemacht | bestickt Anleitung und Tutorial Das Schnittmuster kommt als PDF und kann [...]\" \/>\n<meta property=\"og:url\" content=\"https:\/\/cheznu.tv\/familymanagement\/produkt\/sporttasche-fuer-maedchen\/\" \/>\n<meta property=\"og:site_name\" content=\"ChezNU.TV\" \/>\n<meta property=\"article:publisher\" content=\"https:\/\/www.facebook.com\/cheznutv\/\" \/>\n<meta property=\"article:modified_time\" content=\"2023-06-14T19:44:48+00:00\" \/>\n<meta property=\"og:image\" content=\"https:\/\/cheznu.tv\/familymanagement\/wp-content\/uploads\/2016\/05\/Sporttasche_fuer_Maechen_2_Ballett-Tasche.png\" \/>\n\t<meta property=\"og:image:width\" content=\"800\" \/>\n\t<meta property=\"og:image:height\" content=\"800\" \/>\n\t<meta property=\"og:image:type\" content=\"image\/png\" \/>\n<meta name=\"twitter:card\" content=\"summary_large_image\" \/>\n<meta name=\"twitter:site\" content=\"@cheznu_family\" \/>\n<meta name=\"twitter:label1\" content=\"Gesch\u00e4tzte Lesezeit\" \/>\n\t<meta name=\"twitter:data1\" content=\"1\u00a0Minute\" \/>\n<script type=\"application\/ld+json\" class=\"yoast-schema-graph\">{\"@context\":\"https:\\\/\\\/schema.org\",\"@graph\":[{\"@type\":\"WebPage\",\"@id\":\"https:\\\/\\\/cheznu.tv\\\/familymanagement\\\/produkt\\\/sporttasche-fuer-maedchen\\\/\",\"url\":\"https:\\\/\\\/cheznu.tv\\\/familymanagement\\\/produkt\\\/sporttasche-fuer-maedchen\\\/\",\"name\":\"Sporttasche f\u00fcr M\u00e4dchen | Schnittmuster zum Ausdrucken - ChezNU.TV\",\"isPartOf\":{\"@id\":\"https:\\\/\\\/cheznu.tv\\\/familymanagement\\\/#website\"},\"primaryImageOfPage\":{\"@id\":\"https:\\\/\\\/cheznu.tv\\\/familymanagement\\\/produkt\\\/sporttasche-fuer-maedchen\\\/#primaryimage\"},\"image\":{\"@id\":\"https:\\\/\\\/cheznu.tv\\\/familymanagement\\\/produkt\\\/sporttasche-fuer-maedchen\\\/#primaryimage\"},\"thumbnailUrl\":\"https:\\\/\\\/cheznu.tv\\\/familymanagement\\\/wp-content\\\/uploads\\\/2016\\\/05\\\/Sporttasche_fuer_Maechen_2_Ballett-Tasche.png\",\"datePublished\":\"2016-05-20T07:54:10+00:00\",\"dateModified\":\"2023-06-14T19:44:48+00:00\",\"breadcrumb\":{\"@id\":\"https:\\\/\\\/cheznu.tv\\\/familymanagement\\\/produkt\\\/sporttasche-fuer-maedchen\\\/#breadcrumb\"},\"inLanguage\":\"de\",\"potentialAction\":[{\"@type\":\"ReadAction\",\"target\":[\"https:\\\/\\\/cheznu.tv\\\/familymanagement\\\/produkt\\\/sporttasche-fuer-maedchen\\\/\"]}]},{\"@type\":\"ImageObject\",\"inLanguage\":\"de\",\"@id\":\"https:\\\/\\\/cheznu.tv\\\/familymanagement\\\/produkt\\\/sporttasche-fuer-maedchen\\\/#primaryimage\",\"url\":\"https:\\\/\\\/cheznu.tv\\\/familymanagement\\\/wp-content\\\/uploads\\\/2016\\\/05\\\/Sporttasche_fuer_Maechen_2_Ballett-Tasche.png\",\"contentUrl\":\"https:\\\/\\\/cheznu.tv\\\/familymanagement\\\/wp-content\\\/uploads\\\/2016\\\/05\\\/Sporttasche_fuer_Maechen_2_Ballett-Tasche.png\",\"width\":800,\"height\":800,\"caption\":\"Sporttasche f\u00fcr M\u00e4chdchen Schnittmuster\"},{\"@type\":\"BreadcrumbList\",\"@id\":\"https:\\\/\\\/cheznu.tv\\\/familymanagement\\\/produkt\\\/sporttasche-fuer-maedchen\\\/#breadcrumb\",\"itemListElement\":[{\"@type\":\"ListItem\",\"position\":1,\"name\":\"Startseite\",\"item\":\"https:\\\/\\\/cheznu.tv\\\/familymanagement\\\/\"},{\"@type\":\"ListItem\",\"position\":2,\"name\":\"Shop\",\"item\":\"https:\\\/\\\/cheznu.tv\\\/familymanagement\\\/shop\\\/\"},{\"@type\":\"ListItem\",\"position\":3,\"name\":\"Sporttasche f\u00fcr M\u00e4dchen | Schnittmuster zum Ausdrucken\"}]},{\"@type\":\"WebSite\",\"@id\":\"https:\\\/\\\/cheznu.tv\\\/familymanagement\\\/#website\",\"url\":\"https:\\\/\\\/cheznu.tv\\\/familymanagement\\\/\",\"name\":\"ChezNU.TV\",\"description\":\"N\u00e4hen | Basteln | Haushalt | Familie\",\"potentialAction\":[{\"@type\":\"SearchAction\",\"target\":{\"@type\":\"EntryPoint\",\"urlTemplate\":\"https:\\\/\\\/cheznu.tv\\\/familymanagement\\\/?s={search_term_string}\"},\"query-input\":{\"@type\":\"PropertyValueSpecification\",\"valueRequired\":true,\"valueName\":\"search_term_string\"}}],\"inLanguage\":\"de\"}]}<\/script>\n<!-- \/ Yoast SEO plugin. -->","yoast_head_json":{"title":"Sporttasche f\u00fcr M\u00e4dchen | Schnittmuster zum Ausdrucken - ChezNU.TV","robots":{"index":"index","follow":"follow","max-snippet":"max-snippet:-1","max-image-preview":"max-image-preview:large","max-video-preview":"max-video-preview:-1"},"canonical":"https:\/\/cheznu.tv\/familymanagement\/produkt\/sporttasche-fuer-maedchen\/","og_locale":"de_DE","og_type":"article","og_title":"Sporttasche f\u00fcr M\u00e4dchen | Schnittmuster zum Ausdrucken - ChezNU.TV","og_description":"Die N\u00e4hanleitung mit vielen Bildern sowie das\u00a0\u00a0Anleitungsvideo findest Du hier: Sporttasche f\u00fcr M\u00e4dchen | Ballett-Tasche | selbst gemacht | bestickt Anleitung und Tutorial Das Schnittmuster kommt als PDF und kann [...]","og_url":"https:\/\/cheznu.tv\/familymanagement\/produkt\/sporttasche-fuer-maedchen\/","og_site_name":"ChezNU.TV","article_publisher":"https:\/\/www.facebook.com\/cheznutv\/","article_modified_time":"2023-06-14T19:44:48+00:00","og_image":[{"width":800,"height":800,"url":"https:\/\/cheznu.tv\/familymanagement\/wp-content\/uploads\/2016\/05\/Sporttasche_fuer_Maechen_2_Ballett-Tasche.png","type":"image\/png"}],"twitter_card":"summary_large_image","twitter_site":"@cheznu_family","twitter_misc":{"Gesch\u00e4tzte Lesezeit":"1\u00a0Minute"},"schema":{"@context":"https:\/\/schema.org","@graph":[{"@type":"WebPage","@id":"https:\/\/cheznu.tv\/familymanagement\/produkt\/sporttasche-fuer-maedchen\/","url":"https:\/\/cheznu.tv\/familymanagement\/produkt\/sporttasche-fuer-maedchen\/","name":"Sporttasche f\u00fcr M\u00e4dchen | Schnittmuster zum Ausdrucken - ChezNU.TV","isPartOf":{"@id":"https:\/\/cheznu.tv\/familymanagement\/#website"},"primaryImageOfPage":{"@id":"https:\/\/cheznu.tv\/familymanagement\/produkt\/sporttasche-fuer-maedchen\/#primaryimage"},"image":{"@id":"https:\/\/cheznu.tv\/familymanagement\/produkt\/sporttasche-fuer-maedchen\/#primaryimage"},"thumbnailUrl":"https:\/\/cheznu.tv\/familymanagement\/wp-content\/uploads\/2016\/05\/Sporttasche_fuer_Maechen_2_Ballett-Tasche.png","datePublished":"2016-05-20T07:54:10+00:00","dateModified":"2023-06-14T19:44:48+00:00","breadcrumb":{"@id":"https:\/\/cheznu.tv\/familymanagement\/produkt\/sporttasche-fuer-maedchen\/#breadcrumb"},"inLanguage":"de","potentialAction":[{"@type":"ReadAction","target":["https:\/\/cheznu.tv\/familymanagement\/produkt\/sporttasche-fuer-maedchen\/"]}]},{"@type":"ImageObject","inLanguage":"de","@id":"https:\/\/cheznu.tv\/familymanagement\/produkt\/sporttasche-fuer-maedchen\/#primaryimage","url":"https:\/\/cheznu.tv\/familymanagement\/wp-content\/uploads\/2016\/05\/Sporttasche_fuer_Maechen_2_Ballett-Tasche.png","contentUrl":"https:\/\/cheznu.tv\/familymanagement\/wp-content\/uploads\/2016\/05\/Sporttasche_fuer_Maechen_2_Ballett-Tasche.png","width":800,"height":800,"caption":"Sporttasche f\u00fcr M\u00e4chdchen Schnittmuster"},{"@type":"BreadcrumbList","@id":"https:\/\/cheznu.tv\/familymanagement\/produkt\/sporttasche-fuer-maedchen\/#breadcrumb","itemListElement":[{"@type":"ListItem","position":1,"name":"Startseite","item":"https:\/\/cheznu.tv\/familymanagement\/"},{"@type":"ListItem","position":2,"name":"Shop","item":"https:\/\/cheznu.tv\/familymanagement\/shop\/"},{"@type":"ListItem","position":3,"name":"Sporttasche f\u00fcr M\u00e4dchen | Schnittmuster zum Ausdrucken"}]},{"@type":"WebSite","@id":"https:\/\/cheznu.tv\/familymanagement\/#website","url":"https:\/\/cheznu.tv\/familymanagement\/","name":"ChezNU.TV","description":"N\u00e4hen | Basteln | Haushalt | Familie","potentialAction":[{"@type":"SearchAction","target":{"@type":"EntryPoint","urlTemplate":"https:\/\/cheznu.tv\/familymanagement\/?s={search_term_string}"},"query-input":{"@type":"PropertyValueSpecification","valueRequired":true,"valueName":"search_term_string"}}],"inLanguage":"de"}]}},"_links":{"self":[{"href":"https:\/\/cheznu.tv\/familymanagement\/wp-json\/wp\/v2\/product\/2560","targetHints":{"allow":["GET"]}}],"collection":[{"href":"https:\/\/cheznu.tv\/familymanagement\/wp-json\/wp\/v2\/product"}],"about":[{"href":"https:\/\/cheznu.tv\/familymanagement\/wp-json\/wp\/v2\/types\/product"}],"replies":[{"embeddable":true,"href":"https:\/\/cheznu.tv\/familymanagement\/wp-json\/wp\/v2\/comments?post=2560"}],"wp:featuredmedia":[{"embeddable":true,"href":"https:\/\/cheznu.tv\/familymanagement\/wp-json\/wp\/v2\/media\/8686"}],"wp:attachment":[{"href":"https:\/\/cheznu.tv\/familymanagement\/wp-json\/wp\/v2\/media?parent=2560"}],"wp:term":[{"taxonomy":"product_brand","embeddable":true,"href":"https:\/\/cheznu.tv\/familymanagement\/wp-json\/wp\/v2\/product_brand?post=2560"},{"taxonomy":"product_cat","embeddable":true,"href":"https:\/\/cheznu.tv\/familymanagement\/wp-json\/wp\/v2\/product_cat?post=2560"},{"taxonomy":"product_tag","embeddable":true,"href":"https:\/\/cheznu.tv\/familymanagement\/wp-json\/wp\/v2\/product_tag?post=2560"}],"curies":[{"name":"wp","href":"https:\/\/api.w.org\/{rel}","templated":true}]}}