{"id":21562,"date":"2019-11-22T08:18:55","date_gmt":"2019-11-22T07:18:55","guid":{"rendered":"https:\/\/cheznu.tv\/familymanagement\/?post_type=product&#038;p=21562"},"modified":"2024-01-07T00:00:05","modified_gmt":"2024-01-06T23:00:05","slug":"schneemann-hut-und-nase-schnittmuster-in-3-groessen","status":"publish","type":"product","link":"https:\/\/cheznu.tv\/familymanagement\/produkt\/schneemann-hut-und-nase-schnittmuster-in-3-groessen\/","title":{"rendered":"Schneemann Hut und Nase \u26c4 3 Gr\u00f6ssen \u26c4 Schnittmuster zum Ausdrucken"},"content":{"rendered":"<p>Die N\u00e4hanleitung mit vielen Bildern sowie das\u00a0\u00a0Anleitungsvideo f\u00fcr den Schneemann Hut findest Du hier:<a href=\"https:\/\/cheznu.tv\/familymanagement\/schneemann-hut-naehen\/\">Schneemann Hut n\u00e4hen<\/a><\/p>\n<p><a href='https:\/\/www.spoonflower.com\/profiles\/cheznu_tv' target='_blank' title='Spoonflower-Shop mit den ChezNU-Designs'>Unseren neuen Spoonflower-Shop mit Stoffen im ChezNU-Design findest Du hier.<\/a><\/p><p>Neben dem Schnittmuster \/ Schema \/ Anleitung \/ Plotterdatei erh\u00e4ltst Du als Teil der erworbenen Leistung (gilt auch f\u00fcr kostenlose Produkte) auch unseren kostenlosen Newsletter \u201eSchnittmuster-Alarm\u201c. Im Schnittmuster-Alarm informieren wir haupts\u00e4chlich, aber nicht ausschliesslich \u00fcber neue Schnittmuster, Anleitungen, DIY-Projekte, Angebote in unserem Shop, Angebote in anderen Shops, Materialbezugsquellen und allem was irgendwie mit N\u00e4hen, H\u00e4keln, Basteln, Stricken, Upcycling, Organisation und Familie zu tun hat.<\/p><p>Nach Deiner Bestellung erh\u00e4ltst Du die E-Mails automatisch. Du kannst sie allerdings jederzeit und ohne Angabe von Gr\u00fcnden \u00fcber den Link am Ende jeder E-Mail abbestellen.<br>\n\tDie Transparenzerkl\u00e4rung zu unserem Schnittmuster-Alarm findest Du <a title='Transparenzerkl\u00e4rung' href='https:\/\/cheznu.tv\/familymanagement\/transparenzerklaerung-zum-schnittmuster-alarm-newsletter\/' target='_blank'>hier<\/a><\/p>\n<p><strong>Zum Schnittmuster<\/strong><\/p>\n<p>Das Schnittmuster kommt als PDF und kann auf A4-Papier (Standard) ausgedruckt und dann zusammengeklebt werden.<br \/>\nSo entf\u00e4llt das l\u00e4stige Schnittmuster kopieren mit teurem Seidenpapier. Das Schnittmuster kann nach dem Zusammenkleben direkt ausgeschnitten werden.<\/p>\n<p>Bitte beachte, die richtigen Druckoptionen einzustellen. Das funktioniert genauso, wie bei Burda.<br \/>\n<a href=\"http:\/\/cheznu.tv\/familymanagement\/burda-schnittmuster-ausdrucken\/\">Burda Schnittmuster Ausdrucken.<\/a><\/p>\n<p>Wie das mit dem Zusammenkleben funktioniert haben wir hier kurz erkl\u00e4rt.<br \/>\n<a href=\"http:\/\/cheznu.tv\/familymanagement\/so-gehts\/\">So geht\u00b4s<\/a>.<\/p>\n<p>Dieser Schnitt darf zu privaten Zwecken und zur Fertigung von Einzelst\u00fccken\/Kleinserien (bis 5 Modelle) unter Nennung der Herkunft verwendet werden (ChezNU.TV). Massenproduktion der fertigen Ware sowie Kopieren, Weitergabe, Abdruck oder Ver\u00f6ffentlichung (auch teilweise) des Schnittmusters bedarf der schriftlichen Genehmigung. Wenn Du Dir nicht sicher bist, schreibe uns einfach kurz eine <a href=\"mailto:nu@cheznu.tv\">E-Mail.<\/a><\/p>\n","protected":false},"excerpt":{"rendered":"<p>Das Schnittmuster f\u00fcr den Hut und die Nasen kommt in 3 Gr\u00f6ssen. In den kleinen Gr\u00f6ssen funktioniert das auch ganz toll als Deko f\u00fcr innen oder aussen.<\/p>\n<p>Die 3 Gr\u00f6ssen sind f\u00fcr den jeweiligen Kopfumfang von:<\/p>\n<ul>\n<li>20cm<\/li>\n<li>50cm<\/li>\n<li>60cm<\/li>\n<\/ul>\n","protected":false},"featured_media":21565,"comment_status":"open","ping_status":"closed","template":"","meta":[],"product_brand":[],"product_cat":[809,869,866,849,810,811,851],"product_tag":[],"class_list":{"0":"post-21562","1":"product","2":"type-product","3":"status-publish","4":"has-post-thumbnail","6":"product_cat-accessories","7":"product_cat-deko","8":"product_cat-kinder","9":"product_cat-muetze","10":"product_cat-naehen","11":"product_cat-schnittmuster","12":"product_cat-weihnachten","14":"first","15":"instock","16":"downloadable","17":"virtual","18":"sold-individually","19":"purchasable","20":"product-type-simple"},"yoast_head":"<!-- This site is optimized with the Yoast SEO plugin v27.4 - https:\/\/yoast.com\/product\/yoast-seo-wordpress\/ -->\n<title>Schneemann Hut und Nase \u26c4 3 Gr\u00f6ssen \u26c4 Schnittmuster<\/title>\n<meta name=\"description\" content=\"Das Schnittmuster f\u00fcr den Hut und die Nasen kommt in 3 Gr\u00f6ssen. In den kleinen Gr\u00f6ssen funktioniert das auch ganz toll als Deko f\u00fcr innen oder aussen.\" \/>\n<meta name=\"robots\" content=\"index, follow, max-snippet:-1, max-image-preview:large, max-video-preview:-1\" \/>\n<link rel=\"canonical\" href=\"https:\/\/cheznu.tv\/familymanagement\/produkt\/schneemann-hut-und-nase-schnittmuster-in-3-groessen\/\" \/>\n<meta property=\"og:locale\" content=\"de_DE\" \/>\n<meta property=\"og:type\" content=\"article\" \/>\n<meta property=\"og:title\" content=\"Schneemann Hut und Nase \u26c4 3 Gr\u00f6ssen \u26c4 Schnittmuster zum Ausdrucken\" \/>\n<meta property=\"og:description\" content=\"Das Schnittmuster f\u00fcr den Hut und die Nasen kommt in 3 Gr\u00f6ssen. In den kleinen Gr\u00f6ssen funktioniert das auch ganz toll als Deko f\u00fcr innen oder aussen.\" \/>\n<meta property=\"og:url\" content=\"https:\/\/cheznu.tv\/familymanagement\/produkt\/schneemann-hut-und-nase-schnittmuster-in-3-groessen\/\" \/>\n<meta property=\"og:site_name\" content=\"ChezNU.TV\" \/>\n<meta property=\"article:publisher\" content=\"https:\/\/www.facebook.com\/cheznutv\/\" \/>\n<meta property=\"article:modified_time\" content=\"2024-01-06T23:00:05+00:00\" \/>\n<meta property=\"og:image\" content=\"https:\/\/cheznu.tv\/familymanagement\/wp-content\/uploads\/2019\/11\/Schnittmuster-Schneemann-Hut-in-3-Gr\u00f6ssen-3-kleine-Schneem\u00e4nner-mit-H\u00fcten-und-Karotten.jpg\" \/>\n\t<meta property=\"og:image:width\" content=\"1000\" \/>\n\t<meta property=\"og:image:height\" content=\"1000\" \/>\n\t<meta property=\"og:image:type\" content=\"image\/jpeg\" \/>\n<meta name=\"twitter:card\" content=\"summary_large_image\" \/>\n<meta name=\"twitter:site\" content=\"@cheznu_family\" \/>\n<meta name=\"twitter:label1\" content=\"Gesch\u00e4tzte Lesezeit\" \/>\n\t<meta name=\"twitter:data1\" content=\"2\u00a0Minuten\" \/>\n<script type=\"application\/ld+json\" class=\"yoast-schema-graph\">{\"@context\":\"https:\\\/\\\/schema.org\",\"@graph\":[{\"@type\":\"WebPage\",\"@id\":\"https:\\\/\\\/cheznu.tv\\\/familymanagement\\\/produkt\\\/schneemann-hut-und-nase-schnittmuster-in-3-groessen\\\/\",\"url\":\"https:\\\/\\\/cheznu.tv\\\/familymanagement\\\/produkt\\\/schneemann-hut-und-nase-schnittmuster-in-3-groessen\\\/\",\"name\":\"Schneemann Hut und Nase \u26c4 3 Gr\u00f6ssen \u26c4 Schnittmuster\",\"isPartOf\":{\"@id\":\"https:\\\/\\\/cheznu.tv\\\/familymanagement\\\/#website\"},\"primaryImageOfPage\":{\"@id\":\"https:\\\/\\\/cheznu.tv\\\/familymanagement\\\/produkt\\\/schneemann-hut-und-nase-schnittmuster-in-3-groessen\\\/#primaryimage\"},\"image\":{\"@id\":\"https:\\\/\\\/cheznu.tv\\\/familymanagement\\\/produkt\\\/schneemann-hut-und-nase-schnittmuster-in-3-groessen\\\/#primaryimage\"},\"thumbnailUrl\":\"https:\\\/\\\/cheznu.tv\\\/familymanagement\\\/wp-content\\\/uploads\\\/2019\\\/11\\\/Schnittmuster-Schneemann-Hut-in-3-Gr\u00f6ssen-Schneeman-Hut-n\u00e4hen-und-Karotte.jpg\",\"datePublished\":\"2019-11-22T07:18:55+00:00\",\"dateModified\":\"2024-01-06T23:00:05+00:00\",\"description\":\"Das Schnittmuster f\u00fcr den Hut und die Nasen kommt in 3 Gr\u00f6ssen. In den kleinen Gr\u00f6ssen funktioniert das auch ganz toll als Deko f\u00fcr innen oder aussen.\",\"breadcrumb\":{\"@id\":\"https:\\\/\\\/cheznu.tv\\\/familymanagement\\\/produkt\\\/schneemann-hut-und-nase-schnittmuster-in-3-groessen\\\/#breadcrumb\"},\"inLanguage\":\"de\",\"potentialAction\":[{\"@type\":\"ReadAction\",\"target\":[\"https:\\\/\\\/cheznu.tv\\\/familymanagement\\\/produkt\\\/schneemann-hut-und-nase-schnittmuster-in-3-groessen\\\/\"]}]},{\"@type\":\"ImageObject\",\"inLanguage\":\"de\",\"@id\":\"https:\\\/\\\/cheznu.tv\\\/familymanagement\\\/produkt\\\/schneemann-hut-und-nase-schnittmuster-in-3-groessen\\\/#primaryimage\",\"url\":\"https:\\\/\\\/cheznu.tv\\\/familymanagement\\\/wp-content\\\/uploads\\\/2019\\\/11\\\/Schnittmuster-Schneemann-Hut-in-3-Gr\u00f6ssen-Schneeman-Hut-n\u00e4hen-und-Karotte.jpg\",\"contentUrl\":\"https:\\\/\\\/cheznu.tv\\\/familymanagement\\\/wp-content\\\/uploads\\\/2019\\\/11\\\/Schnittmuster-Schneemann-Hut-in-3-Gr\u00f6ssen-Schneeman-Hut-n\u00e4hen-und-Karotte.jpg\",\"width\":1000,\"height\":1000,\"caption\":\"Schnittmuster Schneemann Hut in 3 Gr\u00f6ssen - Schneeman Hut n\u00e4hen und Karotte\"},{\"@type\":\"BreadcrumbList\",\"@id\":\"https:\\\/\\\/cheznu.tv\\\/familymanagement\\\/produkt\\\/schneemann-hut-und-nase-schnittmuster-in-3-groessen\\\/#breadcrumb\",\"itemListElement\":[{\"@type\":\"ListItem\",\"position\":1,\"name\":\"Startseite\",\"item\":\"https:\\\/\\\/cheznu.tv\\\/familymanagement\\\/\"},{\"@type\":\"ListItem\",\"position\":2,\"name\":\"Shop\",\"item\":\"https:\\\/\\\/cheznu.tv\\\/familymanagement\\\/shop\\\/\"},{\"@type\":\"ListItem\",\"position\":3,\"name\":\"Schneemann Hut und Nase \u26c4 3 Gr\u00f6ssen \u26c4 Schnittmuster zum Ausdrucken\"}]},{\"@type\":\"WebSite\",\"@id\":\"https:\\\/\\\/cheznu.tv\\\/familymanagement\\\/#website\",\"url\":\"https:\\\/\\\/cheznu.tv\\\/familymanagement\\\/\",\"name\":\"ChezNU.TV\",\"description\":\"N\u00e4hen | Basteln | Haushalt | Familie\",\"potentialAction\":[{\"@type\":\"SearchAction\",\"target\":{\"@type\":\"EntryPoint\",\"urlTemplate\":\"https:\\\/\\\/cheznu.tv\\\/familymanagement\\\/?s={search_term_string}\"},\"query-input\":{\"@type\":\"PropertyValueSpecification\",\"valueRequired\":true,\"valueName\":\"search_term_string\"}}],\"inLanguage\":\"de\"}]}<\/script>\n<!-- \/ Yoast SEO plugin. -->","yoast_head_json":{"title":"Schneemann Hut und Nase \u26c4 3 Gr\u00f6ssen \u26c4 Schnittmuster","description":"Das Schnittmuster f\u00fcr den Hut und die Nasen kommt in 3 Gr\u00f6ssen. In den kleinen Gr\u00f6ssen funktioniert das auch ganz toll als Deko f\u00fcr innen oder aussen.","robots":{"index":"index","follow":"follow","max-snippet":"max-snippet:-1","max-image-preview":"max-image-preview:large","max-video-preview":"max-video-preview:-1"},"canonical":"https:\/\/cheznu.tv\/familymanagement\/produkt\/schneemann-hut-und-nase-schnittmuster-in-3-groessen\/","og_locale":"de_DE","og_type":"article","og_title":"Schneemann Hut und Nase \u26c4 3 Gr\u00f6ssen \u26c4 Schnittmuster zum Ausdrucken","og_description":"Das Schnittmuster f\u00fcr den Hut und die Nasen kommt in 3 Gr\u00f6ssen. In den kleinen Gr\u00f6ssen funktioniert das auch ganz toll als Deko f\u00fcr innen oder aussen.","og_url":"https:\/\/cheznu.tv\/familymanagement\/produkt\/schneemann-hut-und-nase-schnittmuster-in-3-groessen\/","og_site_name":"ChezNU.TV","article_publisher":"https:\/\/www.facebook.com\/cheznutv\/","article_modified_time":"2024-01-06T23:00:05+00:00","og_image":[{"width":1000,"height":1000,"url":"https:\/\/cheznu.tv\/familymanagement\/wp-content\/uploads\/2019\/11\/Schnittmuster-Schneemann-Hut-in-3-Gr\u00f6ssen-3-kleine-Schneem\u00e4nner-mit-H\u00fcten-und-Karotten.jpg","type":"image\/jpeg"}],"twitter_card":"summary_large_image","twitter_site":"@cheznu_family","twitter_misc":{"Gesch\u00e4tzte Lesezeit":"2\u00a0Minuten"},"schema":{"@context":"https:\/\/schema.org","@graph":[{"@type":"WebPage","@id":"https:\/\/cheznu.tv\/familymanagement\/produkt\/schneemann-hut-und-nase-schnittmuster-in-3-groessen\/","url":"https:\/\/cheznu.tv\/familymanagement\/produkt\/schneemann-hut-und-nase-schnittmuster-in-3-groessen\/","name":"Schneemann Hut und Nase \u26c4 3 Gr\u00f6ssen \u26c4 Schnittmuster","isPartOf":{"@id":"https:\/\/cheznu.tv\/familymanagement\/#website"},"primaryImageOfPage":{"@id":"https:\/\/cheznu.tv\/familymanagement\/produkt\/schneemann-hut-und-nase-schnittmuster-in-3-groessen\/#primaryimage"},"image":{"@id":"https:\/\/cheznu.tv\/familymanagement\/produkt\/schneemann-hut-und-nase-schnittmuster-in-3-groessen\/#primaryimage"},"thumbnailUrl":"https:\/\/cheznu.tv\/familymanagement\/wp-content\/uploads\/2019\/11\/Schnittmuster-Schneemann-Hut-in-3-Gr\u00f6ssen-Schneeman-Hut-n\u00e4hen-und-Karotte.jpg","datePublished":"2019-11-22T07:18:55+00:00","dateModified":"2024-01-06T23:00:05+00:00","description":"Das Schnittmuster f\u00fcr den Hut und die Nasen kommt in 3 Gr\u00f6ssen. In den kleinen Gr\u00f6ssen funktioniert das auch ganz toll als Deko f\u00fcr innen oder aussen.","breadcrumb":{"@id":"https:\/\/cheznu.tv\/familymanagement\/produkt\/schneemann-hut-und-nase-schnittmuster-in-3-groessen\/#breadcrumb"},"inLanguage":"de","potentialAction":[{"@type":"ReadAction","target":["https:\/\/cheznu.tv\/familymanagement\/produkt\/schneemann-hut-und-nase-schnittmuster-in-3-groessen\/"]}]},{"@type":"ImageObject","inLanguage":"de","@id":"https:\/\/cheznu.tv\/familymanagement\/produkt\/schneemann-hut-und-nase-schnittmuster-in-3-groessen\/#primaryimage","url":"https:\/\/cheznu.tv\/familymanagement\/wp-content\/uploads\/2019\/11\/Schnittmuster-Schneemann-Hut-in-3-Gr\u00f6ssen-Schneeman-Hut-n\u00e4hen-und-Karotte.jpg","contentUrl":"https:\/\/cheznu.tv\/familymanagement\/wp-content\/uploads\/2019\/11\/Schnittmuster-Schneemann-Hut-in-3-Gr\u00f6ssen-Schneeman-Hut-n\u00e4hen-und-Karotte.jpg","width":1000,"height":1000,"caption":"Schnittmuster Schneemann Hut in 3 Gr\u00f6ssen - Schneeman Hut n\u00e4hen und Karotte"},{"@type":"BreadcrumbList","@id":"https:\/\/cheznu.tv\/familymanagement\/produkt\/schneemann-hut-und-nase-schnittmuster-in-3-groessen\/#breadcrumb","itemListElement":[{"@type":"ListItem","position":1,"name":"Startseite","item":"https:\/\/cheznu.tv\/familymanagement\/"},{"@type":"ListItem","position":2,"name":"Shop","item":"https:\/\/cheznu.tv\/familymanagement\/shop\/"},{"@type":"ListItem","position":3,"name":"Schneemann Hut und Nase \u26c4 3 Gr\u00f6ssen \u26c4 Schnittmuster zum Ausdrucken"}]},{"@type":"WebSite","@id":"https:\/\/cheznu.tv\/familymanagement\/#website","url":"https:\/\/cheznu.tv\/familymanagement\/","name":"ChezNU.TV","description":"N\u00e4hen | Basteln | Haushalt | Familie","potentialAction":[{"@type":"SearchAction","target":{"@type":"EntryPoint","urlTemplate":"https:\/\/cheznu.tv\/familymanagement\/?s={search_term_string}"},"query-input":{"@type":"PropertyValueSpecification","valueRequired":true,"valueName":"search_term_string"}}],"inLanguage":"de"}]}},"_links":{"self":[{"href":"https:\/\/cheznu.tv\/familymanagement\/wp-json\/wp\/v2\/product\/21562","targetHints":{"allow":["GET"]}}],"collection":[{"href":"https:\/\/cheznu.tv\/familymanagement\/wp-json\/wp\/v2\/product"}],"about":[{"href":"https:\/\/cheznu.tv\/familymanagement\/wp-json\/wp\/v2\/types\/product"}],"replies":[{"embeddable":true,"href":"https:\/\/cheznu.tv\/familymanagement\/wp-json\/wp\/v2\/comments?post=21562"}],"wp:featuredmedia":[{"embeddable":true,"href":"https:\/\/cheznu.tv\/familymanagement\/wp-json\/wp\/v2\/media\/21565"}],"wp:attachment":[{"href":"https:\/\/cheznu.tv\/familymanagement\/wp-json\/wp\/v2\/media?parent=21562"}],"wp:term":[{"taxonomy":"product_brand","embeddable":true,"href":"https:\/\/cheznu.tv\/familymanagement\/wp-json\/wp\/v2\/product_brand?post=21562"},{"taxonomy":"product_cat","embeddable":true,"href":"https:\/\/cheznu.tv\/familymanagement\/wp-json\/wp\/v2\/product_cat?post=21562"},{"taxonomy":"product_tag","embeddable":true,"href":"https:\/\/cheznu.tv\/familymanagement\/wp-json\/wp\/v2\/product_tag?post=21562"}],"curies":[{"name":"wp","href":"https:\/\/api.w.org\/{rel}","templated":true}]}}