{"id":20223,"date":"2019-11-10T09:00:08","date_gmt":"2019-11-10T08:00:08","guid":{"rendered":"https:\/\/cheznu.tv\/familymanagement\/?post_type=product&#038;p=20223"},"modified":"2023-12-27T00:00:18","modified_gmt":"2023-12-26T23:00:18","slug":"nikolaus-applikationsvorlage-und-plotterdatei","status":"publish","type":"product","link":"https:\/\/cheznu.tv\/familymanagement\/produkt\/nikolaus-applikationsvorlage-und-plotterdatei\/","title":{"rendered":"Nikolaus \ud83c\udf85 Applikationsvorlage in 3 Gr\u00f6ssen zum Ausdrucken und Plotterdatei"},"content":{"rendered":"<p>Die N\u00e4hanleitung mit vielen Bildern sowie das\u00a0\u00a0Anleitungsvideo findest Du hier:<\/p>\n<p><a href=\"https:\/\/cheznu.tv\/familymanagement\/nikolaus-deko-fuer-den-advent-naehen-basteln-und-plotten\/\">Nikolaus Deko f\u00fcr den Advent n\u00e4hen, basteln und plotten<\/a><\/p>\n<p><a href='https:\/\/www.spoonflower.com\/profiles\/cheznu_tv' target='_blank' title='Spoonflower-Shop mit den ChezNU-Designs'>Unseren neuen Spoonflower-Shop mit Stoffen im ChezNU-Design findest Du hier.<\/a><\/p><p>Neben dem Schnittmuster \/ Schema \/ Anleitung \/ Plotterdatei erh\u00e4ltst Du als Teil der erworbenen Leistung (gilt auch f\u00fcr kostenlose Produkte) auch unseren kostenlosen Newsletter \u201eSchnittmuster-Alarm\u201c. Im Schnittmuster-Alarm informieren wir haupts\u00e4chlich, aber nicht ausschliesslich \u00fcber neue Schnittmuster, Anleitungen, DIY-Projekte, Angebote in unserem Shop, Angebote in anderen Shops, Materialbezugsquellen und allem was irgendwie mit N\u00e4hen, H\u00e4keln, Basteln, Stricken, Upcycling, Organisation und Familie zu tun hat.<\/p><p>Nach Deiner Bestellung erh\u00e4ltst Du die E-Mails automatisch. Du kannst sie allerdings jederzeit und ohne Angabe von Gr\u00fcnden \u00fcber den Link am Ende jeder E-Mail abbestellen.<br>\n\tDie Transparenzerkl\u00e4rung zu unserem Schnittmuster-Alarm findest Du <a title='Transparenzerkl\u00e4rung' href='https:\/\/cheznu.tv\/familymanagement\/transparenzerklaerung-zum-schnittmuster-alarm-newsletter\/' target='_blank'>hier<\/a><\/p>\n<p><strong>Zum Schnittmuster<\/strong><\/p>\n<p>Das Schnittmuster kommt als PDF und kann auf A4-Papier (Standard) ausgedruckt und dann zusammengeklebt werden.<br \/>\nSo entf\u00e4llt das l\u00e4stige Schnittmuster kopieren mit teurem Seidenpapier. Das Schnittmuster kann nach dem Zusammenkleben direkt ausgeschnitten werden.<\/p>\n<p>Bitte beachte, die richtigen Druckoptionen einzustellen. Das funktioniert genauso, wie bei Burda.<br \/>\n<a href=\"http:\/\/cheznu.tv\/familymanagement\/burda-schnittmuster-ausdrucken\/\">Burda Schnittmuster Ausdrucken.<\/a><\/p>\n<p>Wie das mit dem Zusammenkleben funktioniert haben wir hier kurz erkl\u00e4rt.<br \/>\n<a href=\"http:\/\/cheznu.tv\/familymanagement\/so-gehts\/\">So geht\u00b4s<\/a>.<\/p>\n<p>Dieser Schnitt darf zu privaten Zwecken und zur Fertigung von Einzelst\u00fccken\/Kleinserien (bis 5 Modelle) unter Nennung der Herkunft verwendet werden (ChezNU.TV). Massenproduktion der fertigen Ware sowie Kopieren, Weitergabe, Abdruck oder Ver\u00f6ffentlichung (auch teilweise) des Schnittmusters bedarf der schriftlichen Genehmigung. Wenn Du Dir nicht sicher bist, schreibe uns einfach kurz eine <a href=\"mailto:nu@cheznu.tv\">E-Mail.<\/a><\/p>\n<p><strong>Zur Plotterdatei<\/strong><\/p>\n<p>Die Plotterdateien kommen als SVG, DFX, PNG, FCM und CWPRJ. SVG-Dateine k\u00f6nnen von Plottern verarbeietet werden. Wir arbeiten mit einem <a href=\"https:\/\/amzn.to\/2yL3Kha\">Brother ScanNCut CM 900<\/a>, wenn Du auch einen ScanNCut von Brother hast, dann kannst Du direkt die FCM bzw. CWPRJ-Dateien in Dein CanvasWorkspace laden und loslegen.<\/p>\n<p>Die Datei ist nur zur privaten Verwendung, keine kommerzielle Nutzung (u.a. also kein Verkauf in irgendeiner Form), keine Massenproduktion auch nicht f\u00fcr Wohlt\u00e4tige Zwecke. Die Weitergabe der Dateien an Dritte ist untersagt.<\/p>\n<p>Gerne darfst Du Deine Ergebnisse auf Deiner Homepage, Facebook, Instagram und anderen sozialen Medien teilen, vergiss nicht hierbei <strong>ChezNU.TV<\/strong> als Urheber zu nennen. \u00dcber einen Tag oder einen <em>#cheznutv<\/em> w\u00fcrden wir uns besonders freuen. Gerne darfst Du uns auch Bilder Deiner Ergebnisse per E-Mail an <a href=\"mailto:plotter@cheznu.tv\">plotter@cheznu.tv<\/a> zusenden. Wir ver\u00f6ffentlichen diese dann auf unserem Blog und den sozialen Medien. Je nach Wunsch mit oder ohne Nennung Deines Namens.<\/p>\n","protected":false},"excerpt":{"rendered":"<p>Unser Nikolaus kann auf vielf\u00e4ltigste Weise umgesetzt werden. Er kommt als Schnittmuster in 3 Gr\u00f6ssen:<\/p>\n<ul>\n<li>20cm<\/li>\n<li>35cm<\/li>\n<li>50cm<\/li>\n<\/ul>\n<p>Mit der Vorlage kann (wir wir es im Video gezeigt haben) der Nikolaus auf ein Kissen appliziert werden, Ein T\u00fcrschmuck gen\u00e4ht (oder auch geklebt) werden. Hierbei bist Du was das Material angeht ganz flexibel. Wir arbeiten mit Filz und Fotokarton.<\/p>\n<p>Ausserdem kommt er auch als Plotterdatei. F\u00fcr alle die das mehrfarbig Plotten noch nicht so oft gemacht haben ist die Datei mit und ohne \u00dcberlappungen vorbereitet. Du kannst sie also sowohl mit Karton plotten und damit basteln als auch mit Flock oder Flexfolie aufb\u00fcgeln und beispielsweise einen Ugly Christmas Sweater kreieren.<\/p>\n","protected":false},"featured_media":20227,"comment_status":"open","ping_status":"closed","template":"","meta":[],"product_brand":[],"product_cat":[2305,869,866,810,1099,988,811,851],"product_tag":[1279,1280,1281,1278,1285,1286,1287,1288,1289,1290,1283,1284,1291,1179,1282],"class_list":{"0":"post-20223","1":"product","2":"type-product","3":"status-publish","4":"has-post-thumbnail","6":"product_cat-applikationsvorlage","7":"product_cat-deko","8":"product_cat-kinder","9":"product_cat-naehen","10":"product_cat-plott","11":"product_cat-plotterdatei","12":"product_cat-schnittmuster","13":"product_cat-weihnachten","14":"product_tag-advent-deko","15":"product_tag-advent-deko-diy","16":"product_tag-advent-deko-ideen","17":"product_tag-advent-naehen","18":"product_tag-adventsdeko-basteln","19":"product_tag-adventsdeko-selber-machen","20":"product_tag-applizieren","21":"product_tag-applizieren-fuer-anfaenger","22":"product_tag-applizieren-mit-der-naehmaschine","23":"product_tag-applizieren-mit-filz","24":"product_tag-deko-naehen-fuer-weihnachten","25":"product_tag-deko-naehen-ideen","26":"product_tag-kissen-applizieren","27":"product_tag-naehen-fuer-weihnachten","28":"product_tag-naehen-fuer-weihnachten-und-advent","30":"first","31":"instock","32":"downloadable","33":"virtual","34":"sold-individually","35":"purchasable","36":"product-type-simple"},"yoast_head":"<!-- This site is optimized with the Yoast SEO plugin v27.4 - https:\/\/yoast.com\/product\/yoast-seo-wordpress\/ -->\n<title>Nikolaus Applikationsvorlage in 3 Gr\u00f6ssen ? und Plotterdatei<\/title>\n<meta name=\"description\" content=\"Wir haben eine Nikolaus-Vorlage, die Du vielseitig nutzen kannst um f\u00fcr Advent zu n\u00e4hen &amp; zu basteln. T\u00fcrschmuck n\u00e4hen &amp; aus Karton basteln\" \/>\n<meta name=\"robots\" content=\"index, follow, max-snippet:-1, max-image-preview:large, max-video-preview:-1\" \/>\n<link rel=\"canonical\" href=\"https:\/\/cheznu.tv\/familymanagement\/produkt\/nikolaus-applikationsvorlage-und-plotterdatei\/\" \/>\n<meta property=\"og:locale\" content=\"de_DE\" \/>\n<meta property=\"og:type\" content=\"article\" \/>\n<meta property=\"og:title\" content=\"Stricktasche Auckland ? Stricktasche f\u00fcrs Handgelenk ? Schnittmuster zum Ausdrucken &amp; Plotterdatei Wollkn\u00e4ul\" \/>\n<meta property=\"og:description\" content=\"Wir haben eine Nikolaus-Vorlage, die Du vielseitig nutzen kannst um f\u00fcr den Advent zu n\u00e4hen und zu basteln. Applizieren, T\u00fcrschmuck n\u00e4hen, aus Karton basteln oder auf ein T-Shirt aufb\u00fcgeln, das sind nur einige der vielen M\u00f6glichkeiten.\" \/>\n<meta property=\"og:url\" content=\"https:\/\/cheznu.tv\/familymanagement\/produkt\/nikolaus-applikationsvorlage-und-plotterdatei\/\" \/>\n<meta property=\"og:site_name\" content=\"ChezNU.TV\" \/>\n<meta property=\"article:publisher\" content=\"https:\/\/www.facebook.com\/cheznutv\/\" \/>\n<meta property=\"article:modified_time\" content=\"2023-12-26T23:00:18+00:00\" \/>\n<meta property=\"og:image\" content=\"https:\/\/cheznu.tv\/familymanagement\/wp-content\/uploads\/2019\/11\/Schnittmuster-und-Plotterdatei-Nikolaus-T\u00fcrschmuck-mit-Fellbart.jpg\" \/>\n\t<meta property=\"og:image:width\" content=\"1000\" \/>\n\t<meta property=\"og:image:height\" content=\"1000\" \/>\n\t<meta property=\"og:image:type\" content=\"image\/jpeg\" \/>\n<meta name=\"twitter:card\" content=\"summary_large_image\" \/>\n<meta name=\"twitter:site\" content=\"@cheznu_family\" \/>\n<meta name=\"twitter:label1\" content=\"Gesch\u00e4tzte Lesezeit\" \/>\n\t<meta name=\"twitter:data1\" content=\"2\u00a0Minuten\" \/>\n<script type=\"application\/ld+json\" class=\"yoast-schema-graph\">{\"@context\":\"https:\\\/\\\/schema.org\",\"@graph\":[{\"@type\":\"WebPage\",\"@id\":\"https:\\\/\\\/cheznu.tv\\\/familymanagement\\\/produkt\\\/nikolaus-applikationsvorlage-und-plotterdatei\\\/\",\"url\":\"https:\\\/\\\/cheznu.tv\\\/familymanagement\\\/produkt\\\/nikolaus-applikationsvorlage-und-plotterdatei\\\/\",\"name\":\"Nikolaus Applikationsvorlage in 3 Gr\u00f6ssen ? und Plotterdatei\",\"isPartOf\":{\"@id\":\"https:\\\/\\\/cheznu.tv\\\/familymanagement\\\/#website\"},\"primaryImageOfPage\":{\"@id\":\"https:\\\/\\\/cheznu.tv\\\/familymanagement\\\/produkt\\\/nikolaus-applikationsvorlage-und-plotterdatei\\\/#primaryimage\"},\"image\":{\"@id\":\"https:\\\/\\\/cheznu.tv\\\/familymanagement\\\/produkt\\\/nikolaus-applikationsvorlage-und-plotterdatei\\\/#primaryimage\"},\"thumbnailUrl\":\"https:\\\/\\\/cheznu.tv\\\/familymanagement\\\/wp-content\\\/uploads\\\/2019\\\/11\\\/Schnittmuster-und-Plotterdatei-Nikolaus-T\u00fcrschmuck-mit-Fellbart.jpg\",\"datePublished\":\"2019-11-10T08:00:08+00:00\",\"dateModified\":\"2023-12-26T23:00:18+00:00\",\"description\":\"Wir haben eine Nikolaus-Vorlage, die Du vielseitig nutzen kannst um f\u00fcr Advent zu n\u00e4hen & zu basteln. T\u00fcrschmuck n\u00e4hen & aus Karton basteln\",\"breadcrumb\":{\"@id\":\"https:\\\/\\\/cheznu.tv\\\/familymanagement\\\/produkt\\\/nikolaus-applikationsvorlage-und-plotterdatei\\\/#breadcrumb\"},\"inLanguage\":\"de\",\"potentialAction\":[{\"@type\":\"ReadAction\",\"target\":[\"https:\\\/\\\/cheznu.tv\\\/familymanagement\\\/produkt\\\/nikolaus-applikationsvorlage-und-plotterdatei\\\/\"]}]},{\"@type\":\"ImageObject\",\"inLanguage\":\"de\",\"@id\":\"https:\\\/\\\/cheznu.tv\\\/familymanagement\\\/produkt\\\/nikolaus-applikationsvorlage-und-plotterdatei\\\/#primaryimage\",\"url\":\"https:\\\/\\\/cheznu.tv\\\/familymanagement\\\/wp-content\\\/uploads\\\/2019\\\/11\\\/Schnittmuster-und-Plotterdatei-Nikolaus-T\u00fcrschmuck-mit-Fellbart.jpg\",\"contentUrl\":\"https:\\\/\\\/cheznu.tv\\\/familymanagement\\\/wp-content\\\/uploads\\\/2019\\\/11\\\/Schnittmuster-und-Plotterdatei-Nikolaus-T\u00fcrschmuck-mit-Fellbart.jpg\",\"width\":1000,\"height\":1000,\"caption\":\"Nikolaus als T\u00fcrschmuck oder Wandschmuck mit Fellbart\"},{\"@type\":\"BreadcrumbList\",\"@id\":\"https:\\\/\\\/cheznu.tv\\\/familymanagement\\\/produkt\\\/nikolaus-applikationsvorlage-und-plotterdatei\\\/#breadcrumb\",\"itemListElement\":[{\"@type\":\"ListItem\",\"position\":1,\"name\":\"Startseite\",\"item\":\"https:\\\/\\\/cheznu.tv\\\/familymanagement\\\/\"},{\"@type\":\"ListItem\",\"position\":2,\"name\":\"Shop\",\"item\":\"https:\\\/\\\/cheznu.tv\\\/familymanagement\\\/shop\\\/\"},{\"@type\":\"ListItem\",\"position\":3,\"name\":\"Nikolaus \ud83c\udf85 Applikationsvorlage in 3 Gr\u00f6ssen zum Ausdrucken und Plotterdatei\"}]},{\"@type\":\"WebSite\",\"@id\":\"https:\\\/\\\/cheznu.tv\\\/familymanagement\\\/#website\",\"url\":\"https:\\\/\\\/cheznu.tv\\\/familymanagement\\\/\",\"name\":\"ChezNU.TV\",\"description\":\"N\u00e4hen | Basteln | Haushalt | Familie\",\"potentialAction\":[{\"@type\":\"SearchAction\",\"target\":{\"@type\":\"EntryPoint\",\"urlTemplate\":\"https:\\\/\\\/cheznu.tv\\\/familymanagement\\\/?s={search_term_string}\"},\"query-input\":{\"@type\":\"PropertyValueSpecification\",\"valueRequired\":true,\"valueName\":\"search_term_string\"}}],\"inLanguage\":\"de\"}]}<\/script>\n<!-- \/ Yoast SEO plugin. -->","yoast_head_json":{"title":"Nikolaus Applikationsvorlage in 3 Gr\u00f6ssen ? und Plotterdatei","description":"Wir haben eine Nikolaus-Vorlage, die Du vielseitig nutzen kannst um f\u00fcr Advent zu n\u00e4hen & zu basteln. T\u00fcrschmuck n\u00e4hen & aus Karton basteln","robots":{"index":"index","follow":"follow","max-snippet":"max-snippet:-1","max-image-preview":"max-image-preview:large","max-video-preview":"max-video-preview:-1"},"canonical":"https:\/\/cheznu.tv\/familymanagement\/produkt\/nikolaus-applikationsvorlage-und-plotterdatei\/","og_locale":"de_DE","og_type":"article","og_title":"Stricktasche Auckland ? Stricktasche f\u00fcrs Handgelenk ? Schnittmuster zum Ausdrucken & Plotterdatei Wollkn\u00e4ul","og_description":"Wir haben eine Nikolaus-Vorlage, die Du vielseitig nutzen kannst um f\u00fcr den Advent zu n\u00e4hen und zu basteln. Applizieren, T\u00fcrschmuck n\u00e4hen, aus Karton basteln oder auf ein T-Shirt aufb\u00fcgeln, das sind nur einige der vielen M\u00f6glichkeiten.","og_url":"https:\/\/cheznu.tv\/familymanagement\/produkt\/nikolaus-applikationsvorlage-und-plotterdatei\/","og_site_name":"ChezNU.TV","article_publisher":"https:\/\/www.facebook.com\/cheznutv\/","article_modified_time":"2023-12-26T23:00:18+00:00","og_image":[{"width":1000,"height":1000,"url":"https:\/\/cheznu.tv\/familymanagement\/wp-content\/uploads\/2019\/11\/Schnittmuster-und-Plotterdatei-Nikolaus-T\u00fcrschmuck-mit-Fellbart.jpg","type":"image\/jpeg"}],"twitter_card":"summary_large_image","twitter_site":"@cheznu_family","twitter_misc":{"Gesch\u00e4tzte Lesezeit":"2\u00a0Minuten"},"schema":{"@context":"https:\/\/schema.org","@graph":[{"@type":"WebPage","@id":"https:\/\/cheznu.tv\/familymanagement\/produkt\/nikolaus-applikationsvorlage-und-plotterdatei\/","url":"https:\/\/cheznu.tv\/familymanagement\/produkt\/nikolaus-applikationsvorlage-und-plotterdatei\/","name":"Nikolaus Applikationsvorlage in 3 Gr\u00f6ssen ? und Plotterdatei","isPartOf":{"@id":"https:\/\/cheznu.tv\/familymanagement\/#website"},"primaryImageOfPage":{"@id":"https:\/\/cheznu.tv\/familymanagement\/produkt\/nikolaus-applikationsvorlage-und-plotterdatei\/#primaryimage"},"image":{"@id":"https:\/\/cheznu.tv\/familymanagement\/produkt\/nikolaus-applikationsvorlage-und-plotterdatei\/#primaryimage"},"thumbnailUrl":"https:\/\/cheznu.tv\/familymanagement\/wp-content\/uploads\/2019\/11\/Schnittmuster-und-Plotterdatei-Nikolaus-T\u00fcrschmuck-mit-Fellbart.jpg","datePublished":"2019-11-10T08:00:08+00:00","dateModified":"2023-12-26T23:00:18+00:00","description":"Wir haben eine Nikolaus-Vorlage, die Du vielseitig nutzen kannst um f\u00fcr Advent zu n\u00e4hen & zu basteln. T\u00fcrschmuck n\u00e4hen & aus Karton basteln","breadcrumb":{"@id":"https:\/\/cheznu.tv\/familymanagement\/produkt\/nikolaus-applikationsvorlage-und-plotterdatei\/#breadcrumb"},"inLanguage":"de","potentialAction":[{"@type":"ReadAction","target":["https:\/\/cheznu.tv\/familymanagement\/produkt\/nikolaus-applikationsvorlage-und-plotterdatei\/"]}]},{"@type":"ImageObject","inLanguage":"de","@id":"https:\/\/cheznu.tv\/familymanagement\/produkt\/nikolaus-applikationsvorlage-und-plotterdatei\/#primaryimage","url":"https:\/\/cheznu.tv\/familymanagement\/wp-content\/uploads\/2019\/11\/Schnittmuster-und-Plotterdatei-Nikolaus-T\u00fcrschmuck-mit-Fellbart.jpg","contentUrl":"https:\/\/cheznu.tv\/familymanagement\/wp-content\/uploads\/2019\/11\/Schnittmuster-und-Plotterdatei-Nikolaus-T\u00fcrschmuck-mit-Fellbart.jpg","width":1000,"height":1000,"caption":"Nikolaus als T\u00fcrschmuck oder Wandschmuck mit Fellbart"},{"@type":"BreadcrumbList","@id":"https:\/\/cheznu.tv\/familymanagement\/produkt\/nikolaus-applikationsvorlage-und-plotterdatei\/#breadcrumb","itemListElement":[{"@type":"ListItem","position":1,"name":"Startseite","item":"https:\/\/cheznu.tv\/familymanagement\/"},{"@type":"ListItem","position":2,"name":"Shop","item":"https:\/\/cheznu.tv\/familymanagement\/shop\/"},{"@type":"ListItem","position":3,"name":"Nikolaus \ud83c\udf85 Applikationsvorlage in 3 Gr\u00f6ssen zum Ausdrucken und Plotterdatei"}]},{"@type":"WebSite","@id":"https:\/\/cheznu.tv\/familymanagement\/#website","url":"https:\/\/cheznu.tv\/familymanagement\/","name":"ChezNU.TV","description":"N\u00e4hen | Basteln | Haushalt | Familie","potentialAction":[{"@type":"SearchAction","target":{"@type":"EntryPoint","urlTemplate":"https:\/\/cheznu.tv\/familymanagement\/?s={search_term_string}"},"query-input":{"@type":"PropertyValueSpecification","valueRequired":true,"valueName":"search_term_string"}}],"inLanguage":"de"}]}},"_links":{"self":[{"href":"https:\/\/cheznu.tv\/familymanagement\/wp-json\/wp\/v2\/product\/20223","targetHints":{"allow":["GET"]}}],"collection":[{"href":"https:\/\/cheznu.tv\/familymanagement\/wp-json\/wp\/v2\/product"}],"about":[{"href":"https:\/\/cheznu.tv\/familymanagement\/wp-json\/wp\/v2\/types\/product"}],"replies":[{"embeddable":true,"href":"https:\/\/cheznu.tv\/familymanagement\/wp-json\/wp\/v2\/comments?post=20223"}],"wp:featuredmedia":[{"embeddable":true,"href":"https:\/\/cheznu.tv\/familymanagement\/wp-json\/wp\/v2\/media\/20227"}],"wp:attachment":[{"href":"https:\/\/cheznu.tv\/familymanagement\/wp-json\/wp\/v2\/media?parent=20223"}],"wp:term":[{"taxonomy":"product_brand","embeddable":true,"href":"https:\/\/cheznu.tv\/familymanagement\/wp-json\/wp\/v2\/product_brand?post=20223"},{"taxonomy":"product_cat","embeddable":true,"href":"https:\/\/cheznu.tv\/familymanagement\/wp-json\/wp\/v2\/product_cat?post=20223"},{"taxonomy":"product_tag","embeddable":true,"href":"https:\/\/cheznu.tv\/familymanagement\/wp-json\/wp\/v2\/product_tag?post=20223"}],"curies":[{"name":"wp","href":"https:\/\/api.w.org\/{rel}","templated":true}]}}